{"id":10705,"date":"2024-09-09T11:47:17","date_gmt":"2024-09-09T11:47:17","guid":{"rendered":"https:\/\/imsatextil.com\/colecciones\/coleccion-o-i-25\/"},"modified":"2024-09-09T11:55:27","modified_gmt":"2024-09-09T11:55:27","slug":"coleccion-o-i-25","status":"publish","type":"page","link":"https:\/\/imsatextil.com\/ca\/colecciones\/coleccion-o-i-25\/","title":{"rendered":"Col\u00b7lecci\u00f3 T\/H 25"},"content":{"rendered":"<div  id='first-row'  class=\"vc_row wpb_row vc_row-fluid full-width-content \">\n\t<div class=\"vc_span12 wpb_column vc_column_container \"><div class=\"vc_column-inner \">\n\t\t<div class=\"wpb_wrapper\">\n\t\t\t\r\n\t<div class=\"wpb_single_image wpb_content_element vc_align_center\">\r\n\t\t<div class=\"wpb_wrapper\">\r\n\t\t\t\r\n\t\t\t<div class=\"vc_single_image-wrapper   vc_box_border_grey\"><img loading=\"lazy\" decoding=\"async\" width=\"1920\" height=\"257\" src=\"https:\/\/imsatextil.com\/wp-content\/uploads\/2024\/09\/header_Oton\u0303o-_-Invierno-2025.jpg\" class=\"vc_single_image-img attachment-full\" alt=\"\" srcset=\"https:\/\/imsatextil.com\/wp-content\/uploads\/2024\/09\/header_Oton\u0303o-_-Invierno-2025.jpg 1920w, https:\/\/imsatextil.com\/wp-content\/uploads\/2024\/09\/header_Oton\u0303o-_-Invierno-2025-300x40.jpg 300w, https:\/\/imsatextil.com\/wp-content\/uploads\/2024\/09\/header_Oton\u0303o-_-Invierno-2025-768x103.jpg 768w, https:\/\/imsatextil.com\/wp-content\/uploads\/2024\/09\/header_Oton\u0303o-_-Invierno-2025-1024x137.jpg 1024w, https:\/\/imsatextil.com\/wp-content\/uploads\/2024\/09\/header_Oton\u0303o-_-Invierno-2025-1536x206.jpg 1536w\" sizes=\"auto, (max-width: 1920px) 100vw, 1920px\" \/><\/div>\r\n\t\t<\/div>\r\n\t<\/div>\r\n\n\t\t<\/div> <\/div>\n\t<\/div> \n<\/div><div   class=\"vc_row wpb_row vc_row-fluid  \">\n\t<div class=\"vc_span12 wpb_column vc_column_container \"><div class=\"vc_column-inner \">\n\t\t<div class=\"wpb_wrapper\">\n\t\t\t<h2 style=\"text-align: left\" class=\"vc_custom_heading\" >TARDOR \/ HIVERN 2025<\/h2>\r\n\t<div class=\"wpb_single_image wpb_content_element vc_align_left\">\r\n\t\t<div class=\"wpb_wrapper\">\r\n\t\t\t\r\n\t\t\t<div class=\"vc_single_image-wrapper   vc_box_border_grey\"><img loading=\"lazy\" decoding=\"async\" width=\"181\" height=\"7\" src=\"https:\/\/imsatextil.com\/wp-content\/uploads\/2017\/11\/separator_black.png\" class=\"vc_single_image-img attachment-full\" alt=\"\" \/><\/div>\r\n\t\t<\/div>\r\n\t<\/div>\r\n<div class=\"vc_row wpb_row vc_inner vc_row-fluid\"><div class=\"wpb_column vc_column_container vc_span6\"><div class=\"vc_column-inner  \"><div class=\"wpb_wrapper\">\n\t<div class=\"wpb_text_column wpb_content_element  \" >\n\t\t<div class=\"wpb_wrapper\" id=\"ct_c5kg4g2l7ejlj1thuz6k\">\n\t\t\t<p><strong>Tweed suau<\/strong><\/p>\n<p>La nostra col\u00b7lecci\u00f3 Soft Tweed combina perfectament l&#8217;eleg\u00e0ncia del tweed tradicional amb l&#8217;efecte suavitzant dels fils de xinilla, oferint una experi\u00e8ncia t\u00e0ctil alhora acollidora i sofisticada. Perfectes per a les estacions de tardor i hivern, aquests teixits aporten un encant atemporal a qualsevol armari. Imagineu-vos jaquetes, faldilles i roba exterior fetes a mida que s&#8217;acoblen molt b\u00e9 alhora que proporcionen calidesa i comoditat. Els teixits estan elaborats amb patrons complexos, cada fil escollit amb cura per crear profunditat i textura, mentre que la xinilla afegeix una suavitat de peluix i vellutat que se sent indulgent al tacte. Ideal per crear peces refinades per\u00f2 c\u00f2modes, aquesta col\u00b7lecci\u00f3 \u00e9s un cop d&#8217;ull a l&#8217;estil cl\u00e0ssic amb un toc contemporani.<\/p>\n<p><strong>Conceptes b\u00e0sics frescos<\/strong><\/p>\n<p>La col\u00b7lecci\u00f3 Fresh Basics inclou una gran varietat de patrons de peu de gall, quadres i espiga. Aquests teixits ofereixen una visi\u00f3 moderna dels dissenys tradicionals, perfectes per crear peces vers\u00e0tils que poden passar sense problemes de l&#8217;oficina a una sortida informal. Els patrons de peu de gall aporten un toc gr\u00e0fic atrevit, mentre que els quadres i les espigues proporcionen un aspecte m\u00e9s discret i sofisticat. Tant si esteu elaborant un blazer afilat, un vestit elegant o un parell de pantalons a mida, aquests teixits prometen afegir un element fresc i din\u00e0mic als vostres conjunts de tardor i hivern, combinant estil amb funcionalitat.<\/p>\n\n\t\t<\/div> \n\t<\/div> <\/div><\/div><\/div><div class=\"wpb_column vc_column_container vc_span6\"><div class=\"vc_column-inner  \"><div class=\"wpb_wrapper\">\n\t<div class=\"wpb_text_column wpb_content_element  \" >\n\t\t<div class=\"wpb_wrapper\" id=\"ct_mi2s9f6p94key0wqh1ua\">\n\t\t\t<p><strong>Volum encoixinat<\/strong><\/p>\n<p>Endinsa&#8217;t en el futur de la moda amb la nostra col\u00b7lecci\u00f3 Padded Volume, on els teixits encoixinats es reinventen amb nous patrons com cercles i bombolles. Aquest enfocament innovador de la textura i l&#8217;estructura crea peces que no nom\u00e9s s\u00f3n visualment sorprenents, sin\u00f3 tamb\u00e9 excepcionalment c\u00f2modes i c\u00e0lides. Ideals per a roba exterior, aquests teixits afegeixen un toc \u00fanic i avantguardista a les jaquetes, abrics i armilles. Els patrons l\u00fadics i la construcci\u00f3 encoixinada ofereixen una sensaci\u00f3 de protecci\u00f3 i comoditat, fent-los perfectes per afrontar el fred amb estil. Aquesta col\u00b7lecci\u00f3 consisteix a fer una declaraci\u00f3 mentre es mant\u00e9 la comoditat com a prioritat.<\/p>\n<p><strong>Glam Shine<\/strong><\/p>\n<p>Abra\u00e7a l&#8217;atractiu de la temporada amb aquesta luxosa col\u00b7lecci\u00f3 festiva, dissenyada per aportar un toc de brillantor i sofisticaci\u00f3 al teu armari. Amb lluentons a tot arreu, teixits amb brodats intricats i acabats met\u00e0l\u00b7lics glamurosos, aquestes creacions s\u00f3n perfectes per a la roba de nit i les peces m\u00e9s destacades. Imagineu vestits brillants, tops enlluernadors i accessoris vibrants que capten la llum i fan girar el cap all\u00e0 on vagis. Aquesta col\u00b7lecci\u00f3 tracta de celebrar l&#8217;esperit festiu de la tardor i l&#8217;hivern, oferint teixits perfectes per a ocasions especials i sortides nocturnes.<\/p>\n<p><strong>Tartan terr\u00f3s<\/strong><\/p>\n<p>Captura l&#8217;ess\u00e8ncia de la temporada amb la nostra col\u00b7lecci\u00f3 Earthy Tartan, que inclou quadres en tons rics i terrosos. Aquests teixits evoquen la bellesa del paisatge natural a la tardor i l&#8217;hivern, amb tons c\u00e0lids de marrons, verds i rovells que aporten profunditat i calidesa al vostre armari. Ideal per dissenyar bufandes, jaquetes i faldilles cl\u00e0ssiques acollidores, la col\u00b7lecci\u00f3 Earthy Tartan ofereix un atractiu atemporal que \u00e9s perfecte per als mesos m\u00e9s freds. Els patrons tradicionals de tartan es reinventen en una paleta que se sent alhora nost\u00e0lgica i contempor\u00e0nia, fent d&#8217;aquests teixits una opci\u00f3 vers\u00e0til per crear peces que siguin elegants i reconfortants.<\/p>\n\n\t\t<\/div> \n\t<\/div> <\/div><\/div><\/div><\/div><style type=\"text\/css\" >#ic_lkm8u78ptk9igqdwowpg {margin:0px auto 0px; }#ic_lkm8u78ptk9igqdwowpg .owl-prev,#ic_lkm8u78ptk9igqdwowpg .owl-next{border-color:#ecf0f1; background:#ffffff; color:#4a4f55; }#ic_lkm8u78ptk9igqdwowpg .owl-prev:hover,#ic_lkm8u78ptk9igqdwowpg .owl-next:hover{background:#f9fafb; color:#000000; }#ic_lkm8u78ptk9igqdwowpg .owl-prev:before,#ic_lkm8u78ptk9igqdwowpg .owl-next:after{border-color:#4a4f55; }#ic_lkm8u78ptk9igqdwowpg .owl-prev:hover::before,#ic_lkm8u78ptk9igqdwowpg .owl-next:hover::after{border-color:#000000; }#ic_lkm8u78ptk9igqdwowpg .owl-dot{ background:#ffffff; border-color:#ecf0f1; }#ic_lkm8u78ptk9igqdwowpg .owl-dot.active{ background:#000000; border-color:#ecf0f1;}<\/style><script type=\"text\/javascript\" charset=\"utf-8\">\r\n\r\n\t\tjQuery.noConflict();\r\n\t\/\/setup up Carousel\r\n\t\tjQuery(document).ready(function($) {\r\n\t\"use strict\";\r\n\t$(window).load(function(){\r\n\t\t$(\"#ic_lkm8u78ptk9igqdwowpg\").owlCarousel({\r\n\t\t\trtl: $(\"body\").hasClass(\"rtl\") ? true : false,\r\n\t\t\tresponsiveClass:true,\r\n\t\t\tcenter:true,\r\n\t\t\tloop:true,\r\n\t\t\tresponsive:{\r\n\t\t\t\t0:{\r\n\t\t\t\t\titems:1,\r\n\t\t\t    },\r\n\t\t\t    780:{\r\n\t\t\t        items:2,\r\n\t\t\t\t},\r\n\t\t\t\t1000:{\r\n\t\t\t\t    items:2,\r\n\t\t\t\t},\r\n\t\t\t},\r\n            scroll: 1,\r\n\t\t\tautoplay:false,\r\n\t   \t \t dots:false,\r\n\t\t\t nav:true,\r\n\t\r\n\t\t});\r\n\t});\r\n});\r\n\r\n<\/script><div class=\"tt_testimonials_ctn rd_ic_center  hover_nav_style \" id=\"ic_lkm8u78ptk9igqdwowpg\" style=\"margin-top:0px; margin-bottom:0px;\"><a href=\"https:\/\/imsatextil.com\/wp-content\/uploads\/2024\/09\/01-05-1.jpg\"  rel=\"prettyPhoto[rel-lkm8u78ptk9igqdwowpg]\" ><img loading=\"lazy\" decoding=\"async\" width=\"964\" height=\"595\" src=\"https:\/\/imsatextil.com\/wp-content\/uploads\/2024\/09\/01-05-1.jpg\" class=\"attachment-full\" alt=\"\" srcset=\"https:\/\/imsatextil.com\/wp-content\/uploads\/2024\/09\/01-05-1.jpg 964w, https:\/\/imsatextil.com\/wp-content\/uploads\/2024\/09\/01-05-1-300x185.jpg 300w, https:\/\/imsatextil.com\/wp-content\/uploads\/2024\/09\/01-05-1-768x474.jpg 768w\" sizes=\"auto, (max-width: 964px) 100vw, 964px\" \/><\/a><a href=\"https:\/\/imsatextil.com\/wp-content\/uploads\/2024\/09\/01-04-1.jpg\"  rel=\"prettyPhoto[rel-lkm8u78ptk9igqdwowpg]\" ><img loading=\"lazy\" decoding=\"async\" width=\"964\" height=\"595\" src=\"https:\/\/imsatextil.com\/wp-content\/uploads\/2024\/09\/01-04-1.jpg\" class=\"attachment-full\" alt=\"\" srcset=\"https:\/\/imsatextil.com\/wp-content\/uploads\/2024\/09\/01-04-1.jpg 964w, https:\/\/imsatextil.com\/wp-content\/uploads\/2024\/09\/01-04-1-300x185.jpg 300w, https:\/\/imsatextil.com\/wp-content\/uploads\/2024\/09\/01-04-1-768x474.jpg 768w\" sizes=\"auto, (max-width: 964px) 100vw, 964px\" \/><\/a><a href=\"https:\/\/imsatextil.com\/wp-content\/uploads\/2024\/09\/01-03-1.jpg\"  rel=\"prettyPhoto[rel-lkm8u78ptk9igqdwowpg]\" ><img loading=\"lazy\" decoding=\"async\" width=\"964\" height=\"595\" src=\"https:\/\/imsatextil.com\/wp-content\/uploads\/2024\/09\/01-03-1.jpg\" class=\"attachment-full\" alt=\"\" srcset=\"https:\/\/imsatextil.com\/wp-content\/uploads\/2024\/09\/01-03-1.jpg 964w, https:\/\/imsatextil.com\/wp-content\/uploads\/2024\/09\/01-03-1-300x185.jpg 300w, https:\/\/imsatextil.com\/wp-content\/uploads\/2024\/09\/01-03-1-768x474.jpg 768w\" sizes=\"auto, (max-width: 964px) 100vw, 964px\" \/><\/a><a href=\"https:\/\/imsatextil.com\/wp-content\/uploads\/2024\/09\/01-02-1.jpg\"  rel=\"prettyPhoto[rel-lkm8u78ptk9igqdwowpg]\" ><img loading=\"lazy\" decoding=\"async\" width=\"964\" height=\"595\" src=\"https:\/\/imsatextil.com\/wp-content\/uploads\/2024\/09\/01-02-1.jpg\" class=\"attachment-full\" alt=\"\" srcset=\"https:\/\/imsatextil.com\/wp-content\/uploads\/2024\/09\/01-02-1.jpg 964w, https:\/\/imsatextil.com\/wp-content\/uploads\/2024\/09\/01-02-1-300x185.jpg 300w, https:\/\/imsatextil.com\/wp-content\/uploads\/2024\/09\/01-02-1-768x474.jpg 768w\" sizes=\"auto, (max-width: 964px) 100vw, 964px\" \/><\/a><a href=\"https:\/\/imsatextil.com\/wp-content\/uploads\/2024\/09\/01-01-1.jpg\"  rel=\"prettyPhoto[rel-lkm8u78ptk9igqdwowpg]\" ><img loading=\"lazy\" decoding=\"async\" width=\"964\" height=\"595\" src=\"https:\/\/imsatextil.com\/wp-content\/uploads\/2024\/09\/01-01-1.jpg\" class=\"attachment-full\" alt=\"\" srcset=\"https:\/\/imsatextil.com\/wp-content\/uploads\/2024\/09\/01-01-1.jpg 964w, https:\/\/imsatextil.com\/wp-content\/uploads\/2024\/09\/01-01-1-300x185.jpg 300w, https:\/\/imsatextil.com\/wp-content\/uploads\/2024\/09\/01-01-1-768x474.jpg 768w\" sizes=\"auto, (max-width: 964px) 100vw, 964px\" \/><\/a><\/div>\n\t\t<\/div> <\/div>\n\t<\/div> \n<\/div>\n","protected":false},"excerpt":{"rendered":"<p>TARDOR \/ HIVERN 2025 Tweed suau La nostra col\u00b7lecci\u00f3 Soft Tweed combina perfectament l&#8217;eleg\u00e0ncia del tweed tradicional amb l&#8217;efecte suavitzant dels fils de xinilla, oferint una experi\u00e8ncia t\u00e0ctil alhora acollidora i sofisticada. Perfectes per a les estacions de tardor i hivern, aquests teixits aporten un encant atemporal a qualsevol armari. Imagineu-vos jaquetes, faldilles i roba<br \/><a href=\"https:\/\/imsatextil.com\/ca\/colecciones\/coleccion-o-i-25\/\" class=\"more\">Read more<\/a><\/p>\n","protected":false},"author":1,"featured_media":0,"parent":305,"menu_order":0,"comment_status":"closed","ping_status":"closed","template":"","meta":{"footnotes":""},"class_list":["post-10705","page","type-page","status-publish","hentry"],"_links":{"self":[{"href":"https:\/\/imsatextil.com\/ca\/wp-json\/wp\/v2\/pages\/10705","targetHints":{"allow":["GET"]}}],"collection":[{"href":"https:\/\/imsatextil.com\/ca\/wp-json\/wp\/v2\/pages"}],"about":[{"href":"https:\/\/imsatextil.com\/ca\/wp-json\/wp\/v2\/types\/page"}],"author":[{"embeddable":true,"href":"https:\/\/imsatextil.com\/ca\/wp-json\/wp\/v2\/users\/1"}],"replies":[{"embeddable":true,"href":"https:\/\/imsatextil.com\/ca\/wp-json\/wp\/v2\/comments?post=10705"}],"version-history":[{"count":2,"href":"https:\/\/imsatextil.com\/ca\/wp-json\/wp\/v2\/pages\/10705\/revisions"}],"predecessor-version":[{"id":10709,"href":"https:\/\/imsatextil.com\/ca\/wp-json\/wp\/v2\/pages\/10705\/revisions\/10709"}],"up":[{"embeddable":true,"href":"https:\/\/imsatextil.com\/ca\/wp-json\/wp\/v2\/pages\/305"}],"wp:attachment":[{"href":"https:\/\/imsatextil.com\/ca\/wp-json\/wp\/v2\/media?parent=10705"}],"curies":[{"name":"wp","href":"https:\/\/api.w.org\/{rel}","templated":true}]}}