{"id":10859,"date":"2025-01-21T22:40:00","date_gmt":"2025-01-21T22:40:00","guid":{"rendered":"https:\/\/imsatextil.com\/colecciones\/coleccion-p-v-26\/"},"modified":"2025-01-21T22:59:51","modified_gmt":"2025-01-21T22:59:51","slug":"coleccion-p-v-26","status":"publish","type":"page","link":"https:\/\/imsatextil.com\/ca\/colecciones\/coleccion-p-v-26\/","title":{"rendered":"Colecci\u00f3n P\/V 26"},"content":{"rendered":"<div  id='first-row'  class=\"vc_row wpb_row vc_row-fluid full-width-content \">\n\t<div class=\"vc_span12 wpb_column vc_column_container \"><div class=\"vc_column-inner \">\n\t\t<div class=\"wpb_wrapper\">\n\t\t\t\r\n\t<div class=\"wpb_single_image wpb_content_element vc_align_center\">\r\n\t\t<div class=\"wpb_wrapper\">\r\n\t\t\t\r\n\t\t\t<div class=\"vc_single_image-wrapper   vc_box_border_grey\"><img loading=\"lazy\" decoding=\"async\" width=\"1920\" height=\"257\" src=\"https:\/\/imsatextil.com\/wp-content\/uploads\/2025\/01\/header_primavera_verano2023.jpg\" class=\"vc_single_image-img attachment-full\" alt=\"\" srcset=\"https:\/\/imsatextil.com\/wp-content\/uploads\/2025\/01\/header_primavera_verano2023.jpg 1920w, https:\/\/imsatextil.com\/wp-content\/uploads\/2025\/01\/header_primavera_verano2023-300x40.jpg 300w, https:\/\/imsatextil.com\/wp-content\/uploads\/2025\/01\/header_primavera_verano2023-1024x137.jpg 1024w, https:\/\/imsatextil.com\/wp-content\/uploads\/2025\/01\/header_primavera_verano2023-768x103.jpg 768w, https:\/\/imsatextil.com\/wp-content\/uploads\/2025\/01\/header_primavera_verano2023-1536x206.jpg 1536w\" sizes=\"auto, (max-width: 1920px) 100vw, 1920px\" \/><\/div>\r\n\t\t<\/div>\r\n\t<\/div>\r\n\n\t\t<\/div> <\/div>\n\t<\/div> \n<\/div><div   class=\"vc_row wpb_row vc_row-fluid  \">\n\t<div class=\"vc_span12 wpb_column vc_column_container \"><div class=\"vc_column-inner \">\n\t\t<div class=\"wpb_wrapper\">\n\t\t\t<h2 style=\"text-align: left\" class=\"vc_custom_heading\" >COL\u00b7LECCI\u00d3 PRIMAVERA ESTIU '26<\/h2>\r\n\t<div class=\"wpb_single_image wpb_content_element vc_align_left\">\r\n\t\t<div class=\"wpb_wrapper\">\r\n\t\t\t\r\n\t\t\t<div class=\"vc_single_image-wrapper   vc_box_border_grey\"><img loading=\"lazy\" decoding=\"async\" width=\"181\" height=\"7\" src=\"https:\/\/imsatextil.com\/wp-content\/uploads\/2017\/11\/separator_black.png\" class=\"vc_single_image-img attachment-full\" alt=\"\" \/><\/div>\r\n\t\t<\/div>\r\n\t<\/div>\r\n<div class=\"vc_row wpb_row vc_inner vc_row-fluid\"><div class=\"wpb_column vc_column_container vc_span6\"><div class=\"vc_column-inner  \"><div class=\"wpb_wrapper\">\n\t<div class=\"wpb_text_column wpb_content_element  \" >\n\t\t<div class=\"wpb_wrapper\" id=\"ct_mzfty14b570mnixmxzc9\">\n\t\t\t<p>La col\u00b7lecci\u00f3 <strong>INDIGO<\/strong> captura l&#8217;ess\u00e8ncia de la sofisticaci\u00f3 casual amb una rica paleta de teixits denim i tons blaus expressius. Perfectes per a la temporada d\u2019estiu 26, els nostres teixits complexos tamb\u00e9 brodats, estampats i amb patrons de punt en diferents tons de blau afegeixen profunditat i art, mentre que els fons tonals creen una base per a un estil sense casual. La nostra col\u00b7lecci\u00f3 INDIGO estableix el to per a una temporada definida per l&#8217;eleg\u00e0ncia fresca i casual i l&#8217;encant perdurable dels tons denim.<\/p>\n<p>La col\u00b7lecci\u00f3 <strong>STRIPES<\/strong> aporta una energia l\u00fadica i casual a l&#8217;estiu amb la seva vibrant varietat de tons contrastats. Des de bandes atrevides i amples fins a l\u00ednies fines i delicades incloent\u2019hi patrons amb textura, aquesta col\u00b7lecci\u00f3 ofereix una versatilitat infinita. Perfectes per als dies assolellats i les nits c\u00e0lides, aquests teixits afegeixen car\u00e0cter i encant a qualsevol pe\u00e7a.<\/p>\n<p>La col\u00b7lecci\u00f3 <strong>NATURAL<\/strong> celebra la bellesa de la senzillesa org\u00e0nica amb teixits elaborats amb materials naturals i tons inspirats en la terra. Les textures suaus i els acabats crus aporten un toc aut\u00e8ntic, mentre que les innovadores barreges de fibres naturals afegeixen profunditat i versatilitat. Des de roba lleugera fins a cotons suaus i teixits amb textura, aquesta col\u00b7lecci\u00f3 \u00e9s perfecta per crear dissenys atemporals i casuals. Ja sigui per a roba de diari o per a articles b\u00e0sics i elegants, Natural encarna una eleg\u00e0ncia discreta que es veu i se sent molt b\u00e9, la qual cosa la converteix en una opci\u00f3 ideal per a una temporada arrelada en l&#8217;autenticitat i la sostenibilitat.<\/p>\n\n\t\t<\/div> \n\t<\/div> <\/div><\/div><\/div><div class=\"wpb_column vc_column_container vc_span6\"><div class=\"vc_column-inner  \"><div class=\"wpb_wrapper\">\n\t<div class=\"wpb_text_column wpb_content_element  \" >\n\t\t<div class=\"wpb_wrapper\" id=\"ct_dcg6p7c08bm2erbyiza7\">\n\t\t\t<p>La col\u00b7lecci\u00f3 <strong>FLORALS<\/strong> celebra la vitalitat de SS26 amb una exuberant varietat de teixits dissenyats per donar vida a la bellesa de la natura. Aquest tema inclou delicats brodats, estampats complexos, tul airejat aix\u00ed com aplicacions florals en 3D encantadores. Perfectes per a vestits rom\u00e0ntics, faldilles fluides i bruses et\u00e8ries, aquests teixits evoquen l&#8217;esperit florit de la temporada. Les flors en 3D afegeixen un toc l\u00fadic i d&#8217;alta costura, la qual cosa fa que aquesta col\u00b7lecci\u00f3 sigui ideal per crear peces que desprenguin eleg\u00e0ncia i alegria. Ja sigui per a festes al jard\u00ed o vetllades d&#8217;estiu, Florals \u00e9s una celebraci\u00f3 de la feminitat i l&#8217;encant de la natura.<\/p>\n<p>Afegiu un toc l\u00fadic al vostre armari d&#8217;estiu amb la nostra col\u00b7lecci\u00f3 <strong>DOTTY<\/strong>, una exploraci\u00f3 alegre de lunars i textures de punts. Des d&#8217;estampats cl\u00e0ssics de lunars en blanc i negre n\u00edtids fins a patrons de brodat capritxosos i efectes de punts innovadors, aquesta col\u00b7lecci\u00f3 tracta de versatilitat i lleure. Aquests teixits s\u00f3n perfectes per confeccionar vestits d&#8217;inspiraci\u00f3 retro, bruses elegants o fins i tot complements moderns a mida. Els teixits d&#8217;estiu estan plens de punts de totes les mides i arranjaments, oferint infinites possibilitats d&#8217;expressi\u00f3 creativa.<\/p>\n<p>Augmenta el glamur aquest estiu amb la nostra col\u00b7lecci\u00f3 <strong>SHINE<\/strong>, una enlluernadora selecci\u00f3 de metalls, teixits amb textura, lluentons i jacquards. Dissenyat per a aquells que els agrada destacar, aquest tema \u00e9s perfecte per a roba de nit i accessoris glamurosos. Els teixits reflectants en tons daurats, plata i rosa capturen la llum del sol de manera meravellosa, mentre que els jacquards amb textura afegeixen dimensi\u00f3 i sofisticaci\u00f3. Les lluentons creen un efecte brillant que \u00e9s ideal per a vestits de festa i tops, assegurant que tots els ulls estiguin posats en tu. Tant si est\u00e0s creant un mono met\u00e0l\u00b7lic atrevit com un vestit elegant amb una brillantor subtil, la col\u00b7lecci\u00f3 Shine aporta una energia lluminosa al teu estil d&#8217;estiu.<\/p>\n\n\t\t<\/div> \n\t<\/div> <\/div><\/div><\/div><\/div><style type=\"text\/css\" >#ic_nvlvz3vzxp9hwhx92u0f {margin:0px auto 0px; }#ic_nvlvz3vzxp9hwhx92u0f .owl-prev,#ic_nvlvz3vzxp9hwhx92u0f .owl-next{border-color:#ecf0f1; background:#ffffff; color:#4a4f55; }#ic_nvlvz3vzxp9hwhx92u0f .owl-prev:hover,#ic_nvlvz3vzxp9hwhx92u0f .owl-next:hover{background:#f9fafb; color:#000000; }#ic_nvlvz3vzxp9hwhx92u0f .owl-prev:before,#ic_nvlvz3vzxp9hwhx92u0f .owl-next:after{border-color:#4a4f55; }#ic_nvlvz3vzxp9hwhx92u0f .owl-prev:hover::before,#ic_nvlvz3vzxp9hwhx92u0f .owl-next:hover::after{border-color:#000000; }#ic_nvlvz3vzxp9hwhx92u0f .owl-dot{ background:#ffffff; border-color:#ecf0f1; }#ic_nvlvz3vzxp9hwhx92u0f .owl-dot.active{ background:#000000; border-color:#ecf0f1;}<\/style><script type=\"text\/javascript\" charset=\"utf-8\">\r\n\r\n\t\tjQuery.noConflict();\r\n\t\/\/setup up Carousel\r\n\t\tjQuery(document).ready(function($) {\r\n\t\"use strict\";\r\n\t$(window).load(function(){\r\n\t\t$(\"#ic_nvlvz3vzxp9hwhx92u0f\").owlCarousel({\r\n\t\t\trtl: $(\"body\").hasClass(\"rtl\") ? true : false,\r\n\t\t\tresponsiveClass:true,\r\n\t\t\tcenter:true,\r\n\t\t\tloop:true,\r\n\t\t\tresponsive:{\r\n\t\t\t\t0:{\r\n\t\t\t\t\titems:1,\r\n\t\t\t    },\r\n\t\t\t    780:{\r\n\t\t\t        items:2,\r\n\t\t\t\t},\r\n\t\t\t\t1000:{\r\n\t\t\t\t    items:2,\r\n\t\t\t\t},\r\n\t\t\t},\r\n            scroll: 1,\r\n\t\t\tautoplay:false,\r\n\t   \t \t dots:false,\r\n\t\t\t nav:true,\r\n\t\r\n\t\t});\r\n\t});\r\n});\r\n\r\n<\/script><div class=\"tt_testimonials_ctn rd_ic_center  hover_nav_style \" id=\"ic_nvlvz3vzxp9hwhx92u0f\" style=\"margin-top:0px; margin-bottom:0px;\"><a href=\"https:\/\/imsatextil.com\/wp-content\/uploads\/2025\/01\/Murtra-Moods-SS26-LR_7-1-1024x724.jpg\"  rel=\"prettyPhoto[rel-nvlvz3vzxp9hwhx92u0f]\" ><img loading=\"lazy\" decoding=\"async\" width=\"1190\" height=\"841\" src=\"https:\/\/imsatextil.com\/wp-content\/uploads\/2025\/01\/Murtra-Moods-SS26-LR_7-1.jpg\" class=\"attachment-full\" alt=\"\" srcset=\"https:\/\/imsatextil.com\/wp-content\/uploads\/2025\/01\/Murtra-Moods-SS26-LR_7-1.jpg 1190w, https:\/\/imsatextil.com\/wp-content\/uploads\/2025\/01\/Murtra-Moods-SS26-LR_7-1-300x212.jpg 300w, https:\/\/imsatextil.com\/wp-content\/uploads\/2025\/01\/Murtra-Moods-SS26-LR_7-1-1024x724.jpg 1024w, https:\/\/imsatextil.com\/wp-content\/uploads\/2025\/01\/Murtra-Moods-SS26-LR_7-1-768x543.jpg 768w\" sizes=\"auto, (max-width: 1190px) 100vw, 1190px\" \/><\/a><a href=\"https:\/\/imsatextil.com\/wp-content\/uploads\/2025\/01\/Murtra-Moods-SS26-LR_6-1-1024x724.jpg\"  rel=\"prettyPhoto[rel-nvlvz3vzxp9hwhx92u0f]\" ><img loading=\"lazy\" decoding=\"async\" width=\"1190\" height=\"841\" src=\"https:\/\/imsatextil.com\/wp-content\/uploads\/2025\/01\/Murtra-Moods-SS26-LR_6-1.jpg\" class=\"attachment-full\" alt=\"\" srcset=\"https:\/\/imsatextil.com\/wp-content\/uploads\/2025\/01\/Murtra-Moods-SS26-LR_6-1.jpg 1190w, https:\/\/imsatextil.com\/wp-content\/uploads\/2025\/01\/Murtra-Moods-SS26-LR_6-1-300x212.jpg 300w, https:\/\/imsatextil.com\/wp-content\/uploads\/2025\/01\/Murtra-Moods-SS26-LR_6-1-1024x724.jpg 1024w, https:\/\/imsatextil.com\/wp-content\/uploads\/2025\/01\/Murtra-Moods-SS26-LR_6-1-768x543.jpg 768w\" sizes=\"auto, (max-width: 1190px) 100vw, 1190px\" \/><\/a><a href=\"https:\/\/imsatextil.com\/wp-content\/uploads\/2025\/01\/Murtra-Moods-SS26-LR_4-1-1024x724.jpg\"  rel=\"prettyPhoto[rel-nvlvz3vzxp9hwhx92u0f]\" ><img loading=\"lazy\" decoding=\"async\" width=\"1190\" height=\"841\" src=\"https:\/\/imsatextil.com\/wp-content\/uploads\/2025\/01\/Murtra-Moods-SS26-LR_4-1.jpg\" class=\"attachment-full\" alt=\"\" srcset=\"https:\/\/imsatextil.com\/wp-content\/uploads\/2025\/01\/Murtra-Moods-SS26-LR_4-1.jpg 1190w, https:\/\/imsatextil.com\/wp-content\/uploads\/2025\/01\/Murtra-Moods-SS26-LR_4-1-300x212.jpg 300w, https:\/\/imsatextil.com\/wp-content\/uploads\/2025\/01\/Murtra-Moods-SS26-LR_4-1-1024x724.jpg 1024w, https:\/\/imsatextil.com\/wp-content\/uploads\/2025\/01\/Murtra-Moods-SS26-LR_4-1-768x543.jpg 768w\" sizes=\"auto, (max-width: 1190px) 100vw, 1190px\" \/><\/a><a href=\"https:\/\/imsatextil.com\/wp-content\/uploads\/2025\/01\/Murtra-Moods-SS26-LR_3-1-1024x724.jpg\"  rel=\"prettyPhoto[rel-nvlvz3vzxp9hwhx92u0f]\" ><img loading=\"lazy\" decoding=\"async\" width=\"1190\" height=\"841\" src=\"https:\/\/imsatextil.com\/wp-content\/uploads\/2025\/01\/Murtra-Moods-SS26-LR_3-1.jpg\" class=\"attachment-full\" alt=\"\" srcset=\"https:\/\/imsatextil.com\/wp-content\/uploads\/2025\/01\/Murtra-Moods-SS26-LR_3-1.jpg 1190w, https:\/\/imsatextil.com\/wp-content\/uploads\/2025\/01\/Murtra-Moods-SS26-LR_3-1-300x212.jpg 300w, https:\/\/imsatextil.com\/wp-content\/uploads\/2025\/01\/Murtra-Moods-SS26-LR_3-1-1024x724.jpg 1024w, https:\/\/imsatextil.com\/wp-content\/uploads\/2025\/01\/Murtra-Moods-SS26-LR_3-1-768x543.jpg 768w\" sizes=\"auto, (max-width: 1190px) 100vw, 1190px\" \/><\/a><a href=\"https:\/\/imsatextil.com\/wp-content\/uploads\/2025\/01\/Murtra-Moods-SS26-LR_2-1-1024x724.jpg\"  rel=\"prettyPhoto[rel-nvlvz3vzxp9hwhx92u0f]\" ><img loading=\"lazy\" decoding=\"async\" width=\"1190\" height=\"841\" src=\"https:\/\/imsatextil.com\/wp-content\/uploads\/2025\/01\/Murtra-Moods-SS26-LR_2-1.jpg\" class=\"attachment-full\" alt=\"\" srcset=\"https:\/\/imsatextil.com\/wp-content\/uploads\/2025\/01\/Murtra-Moods-SS26-LR_2-1.jpg 1190w, https:\/\/imsatextil.com\/wp-content\/uploads\/2025\/01\/Murtra-Moods-SS26-LR_2-1-300x212.jpg 300w, https:\/\/imsatextil.com\/wp-content\/uploads\/2025\/01\/Murtra-Moods-SS26-LR_2-1-1024x724.jpg 1024w, https:\/\/imsatextil.com\/wp-content\/uploads\/2025\/01\/Murtra-Moods-SS26-LR_2-1-768x543.jpg 768w\" sizes=\"auto, (max-width: 1190px) 100vw, 1190px\" \/><\/a><a href=\"https:\/\/imsatextil.com\/wp-content\/uploads\/2025\/01\/Murtra-Moods-SS26-LR_1-1-1024x724.jpg\"  rel=\"prettyPhoto[rel-nvlvz3vzxp9hwhx92u0f]\" ><img loading=\"lazy\" decoding=\"async\" width=\"1190\" height=\"841\" src=\"https:\/\/imsatextil.com\/wp-content\/uploads\/2025\/01\/Murtra-Moods-SS26-LR_1-1.jpg\" class=\"attachment-full\" alt=\"\" srcset=\"https:\/\/imsatextil.com\/wp-content\/uploads\/2025\/01\/Murtra-Moods-SS26-LR_1-1.jpg 1190w, https:\/\/imsatextil.com\/wp-content\/uploads\/2025\/01\/Murtra-Moods-SS26-LR_1-1-300x212.jpg 300w, https:\/\/imsatextil.com\/wp-content\/uploads\/2025\/01\/Murtra-Moods-SS26-LR_1-1-1024x724.jpg 1024w, https:\/\/imsatextil.com\/wp-content\/uploads\/2025\/01\/Murtra-Moods-SS26-LR_1-1-768x543.jpg 768w\" sizes=\"auto, (max-width: 1190px) 100vw, 1190px\" \/><\/a><a href=\"https:\/\/imsatextil.com\/wp-content\/uploads\/2025\/01\/Murtra-Moods-SS26-LR_5-1-1024x724.jpg\"  rel=\"prettyPhoto[rel-nvlvz3vzxp9hwhx92u0f]\" ><img loading=\"lazy\" decoding=\"async\" width=\"1190\" height=\"841\" src=\"https:\/\/imsatextil.com\/wp-content\/uploads\/2025\/01\/Murtra-Moods-SS26-LR_5-1.jpg\" class=\"attachment-full\" alt=\"\" srcset=\"https:\/\/imsatextil.com\/wp-content\/uploads\/2025\/01\/Murtra-Moods-SS26-LR_5-1.jpg 1190w, https:\/\/imsatextil.com\/wp-content\/uploads\/2025\/01\/Murtra-Moods-SS26-LR_5-1-300x212.jpg 300w, https:\/\/imsatextil.com\/wp-content\/uploads\/2025\/01\/Murtra-Moods-SS26-LR_5-1-1024x724.jpg 1024w, https:\/\/imsatextil.com\/wp-content\/uploads\/2025\/01\/Murtra-Moods-SS26-LR_5-1-768x543.jpg 768w\" sizes=\"auto, (max-width: 1190px) 100vw, 1190px\" \/><\/a><\/div>\n\t\t<\/div> <\/div>\n\t<\/div> \n<\/div>\n","protected":false},"excerpt":{"rendered":"<p>COL\u00b7LECCI\u00d3 PRIMAVERA ESTIU &#8217;26 La col\u00b7lecci\u00f3 INDIGO captura l&#8217;ess\u00e8ncia de la sofisticaci\u00f3 casual amb una rica paleta de teixits denim i tons blaus expressius. Perfectes per a la temporada d\u2019estiu 26, els nostres teixits complexos tamb\u00e9 brodats, estampats i amb patrons de punt en diferents tons de blau afegeixen profunditat i art, mentre que els<br \/><a href=\"https:\/\/imsatextil.com\/ca\/colecciones\/coleccion-p-v-26\/\" class=\"more\">Read more<\/a><\/p>\n","protected":false},"author":1,"featured_media":0,"parent":305,"menu_order":0,"comment_status":"closed","ping_status":"closed","template":"","meta":{"footnotes":""},"class_list":["post-10859","page","type-page","status-publish","hentry"],"_links":{"self":[{"href":"https:\/\/imsatextil.com\/ca\/wp-json\/wp\/v2\/pages\/10859","targetHints":{"allow":["GET"]}}],"collection":[{"href":"https:\/\/imsatextil.com\/ca\/wp-json\/wp\/v2\/pages"}],"about":[{"href":"https:\/\/imsatextil.com\/ca\/wp-json\/wp\/v2\/types\/page"}],"author":[{"embeddable":true,"href":"https:\/\/imsatextil.com\/ca\/wp-json\/wp\/v2\/users\/1"}],"replies":[{"embeddable":true,"href":"https:\/\/imsatextil.com\/ca\/wp-json\/wp\/v2\/comments?post=10859"}],"version-history":[{"count":2,"href":"https:\/\/imsatextil.com\/ca\/wp-json\/wp\/v2\/pages\/10859\/revisions"}],"predecessor-version":[{"id":10861,"href":"https:\/\/imsatextil.com\/ca\/wp-json\/wp\/v2\/pages\/10859\/revisions\/10861"}],"up":[{"embeddable":true,"href":"https:\/\/imsatextil.com\/ca\/wp-json\/wp\/v2\/pages\/305"}],"wp:attachment":[{"href":"https:\/\/imsatextil.com\/ca\/wp-json\/wp\/v2\/media?parent=10859"}],"curies":[{"name":"wp","href":"https:\/\/api.w.org\/{rel}","templated":true}]}}