{"id":11145,"date":"2025-09-05T12:11:20","date_gmt":"2025-09-05T12:11:20","guid":{"rendered":"https:\/\/imsatextil.com\/colecciones\/coleccion-o-i-26\/"},"modified":"2025-09-08T07:40:10","modified_gmt":"2025-09-08T07:40:10","slug":"coleccion-o-i-26","status":"publish","type":"page","link":"https:\/\/imsatextil.com\/ca\/colecciones\/coleccion-o-i-26\/","title":{"rendered":"Colecci\u00f3n O\/I 26"},"content":{"rendered":"<div  id='first-row'  class=\"vc_row wpb_row vc_row-fluid full-width-content \">\n\t<div class=\"vc_span12 wpb_column vc_column_container \"><div class=\"vc_column-inner \">\n\t\t<div class=\"wpb_wrapper\">\n\t\t\t\r\n\t<div class=\"wpb_single_image wpb_content_element vc_align_center\">\r\n\t\t<div class=\"wpb_wrapper\">\r\n\t\t\t\r\n\t\t\t<div class=\"vc_single_image-wrapper   vc_box_border_grey\"><img loading=\"lazy\" decoding=\"async\" width=\"1920\" height=\"257\" src=\"https:\/\/imsatextil.com\/wp-content\/uploads\/2025\/09\/header_otono_invierno_2026.jpg\" class=\"vc_single_image-img attachment-full\" alt=\"\" srcset=\"https:\/\/imsatextil.com\/wp-content\/uploads\/2025\/09\/header_otono_invierno_2026.jpg 1920w, https:\/\/imsatextil.com\/wp-content\/uploads\/2025\/09\/header_otono_invierno_2026-300x40.jpg 300w, https:\/\/imsatextil.com\/wp-content\/uploads\/2025\/09\/header_otono_invierno_2026-1024x137.jpg 1024w, https:\/\/imsatextil.com\/wp-content\/uploads\/2025\/09\/header_otono_invierno_2026-768x103.jpg 768w, https:\/\/imsatextil.com\/wp-content\/uploads\/2025\/09\/header_otono_invierno_2026-1536x206.jpg 1536w\" sizes=\"auto, (max-width: 1920px) 100vw, 1920px\" \/><\/div>\r\n\t\t<\/div>\r\n\t<\/div>\r\n\n\t\t<\/div> <\/div>\n\t<\/div> \n<\/div><div   class=\"vc_row wpb_row vc_row-fluid  \">\n\t<div class=\"vc_span12 wpb_column vc_column_container \"><div class=\"vc_column-inner \">\n\t\t<div class=\"wpb_wrapper\">\n\t\t\t<h2 style=\"text-align: left\" class=\"vc_custom_heading\" >TARDOR \/ HIVERN 2026<\/h2>\r\n\t<div class=\"wpb_single_image wpb_content_element vc_align_left\">\r\n\t\t<div class=\"wpb_wrapper\">\r\n\t\t\t\r\n\t\t\t<div class=\"vc_single_image-wrapper   vc_box_border_grey\"><img loading=\"lazy\" decoding=\"async\" width=\"181\" height=\"7\" src=\"https:\/\/imsatextil.com\/wp-content\/uploads\/2017\/11\/separator_black.png\" class=\"vc_single_image-img attachment-full\" alt=\"\" \/><\/div>\r\n\t\t<\/div>\r\n\t<\/div>\r\n<div class=\"vc_row wpb_row vc_inner vc_row-fluid\"><div class=\"wpb_column vc_column_container vc_span6\"><div class=\"vc_column-inner  \"><div class=\"wpb_wrapper\">\n\t<div class=\"wpb_text_column wpb_content_element  \" >\n\t\t<div class=\"wpb_wrapper\" id=\"ct_vzuu4g4tk5845w4zh2f0\">\n\t\t\t<p><strong>Volum Acoltxat<\/strong><\/p>\n<p>Agosarat, arquitect\u00f2nic i irresistiblement acollidor \u2014 el tema Volum Acoltxat redefineix la moda d\u2019hivern amb siluetes escult\u00f2riques i innovaci\u00f3 amb guates. Aquesta col\u00b7lecci\u00f3 abra\u00e7a teixits acoltxasts dissenyats amb formes exagerades, patrons geom\u00e8trics i superf\u00edcies t\u00e0ctils, oferint protecci\u00f3 i disseny impactant. Pensa en acoltxats inspirats en bombolles, motius inflats moderns i formes que embolcallen el cos, combinant funcionalitat amb alta moda. Tant si s\u2019utilitzen per a abrics voluminosos, armilles estilitzades o accessoris experimentals, aquests teixits evoquen refugi, confort i un toc futurista \u2014 ideals per afrontar el fred amb confian\u00e7a i creativitat.<\/p>\n<p><strong>Patrons en Blanc i Negre<\/strong><\/p>\n<p>L\u2019eleg\u00e0ncia monocroma pren protagonisme amb els Patrons en Blanc i Negre, un tema atemporal arrelat en teixits tradicionals i contrastos marcats. Des del cl\u00e0ssic \u201choundstooth\u201d fins a la geometria refinada dels quadres Pr\u00edncep de Gal\u00b7les i la riquesa del \u201ctweed\u201d tradicional, aquests teixits s\u00f3n un homenatge a la sofisticaci\u00f3 sartorial. Ofereixen una paleta vers\u00e0til per a blazers estructurats, conjunts en capes i sastreria moderna. Amb el seu ritme visual n\u00edtid i sofisticaci\u00f3 inconfusible, aquests patrons aporten claredat i ordre a la moda d\u2019hivern \u2014 trobant l\u2019equilibri perfecte entre tradici\u00f3 i estil contemporani.<\/p>\n<p><strong>Pell<\/strong><\/p>\n<p>Lux\u00f3s, salvatge i t\u00e0ctil, el tema \u201cPelleterie\u201d celebra l\u2019atractiu primitiu de les textures inspirades en animals \u2014 des de pells sint\u00e8tiques suaus fins a gravats amb relleu i acabats brillants de r\u00e8ptil. Aquests teixits desprenen opul\u00e8ncia i calidesa, evocant refugis d\u2019hivern i carrers urbans coberts de neu. Tons rics de marr\u00f3, gris i caramel enalteixen el seu drama natural, mentre que les t\u00e8cniques modernes i ecol\u00f2giques garanteixen luxe sense comprom\u00eds. Ideals per a abrics, colls, detalls i peces amb pres\u00e8ncia, Pelleterie aporta textura sensual i profunditat al vestuari d\u2019hivern, embolcallant qui el porta en una luxosa suavitat atrevida.<\/p>\n\n\t\t<\/div> \n\t<\/div> <\/div><\/div><\/div><div class=\"wpb_column vc_column_container vc_span6\"><div class=\"vc_column-inner  \"><div class=\"wpb_wrapper\">\n\t<div class=\"wpb_text_column wpb_content_element  \" >\n\t\t<div class=\"wpb_wrapper\" id=\"ct_ntjykarsgz722v4oocbt\">\n\t\t\t<p><strong>Florals<\/strong><\/p>\n<p>Un contrapunt delicat al fred, els Florals d\u2019hivern ofereixen una bellesa inesperada amb un toc fosc i misteri\u00f3s. Les flors d\u2019aquesta temporada emergeixen a trav\u00e9s de motius brodats amb car\u00e0cter, jacquards en tons intensos i aplicacions de vellut sobre fons ombr\u00edvols. Els teixits s\u00f3n en capes, amb textura i sovint tridimensionals, amb superposicions de puntes, florals en ombra i patrons d\u2019inspiraci\u00f3 barroca que aporten una eleg\u00e0ncia d\u2019altres temps. Perfectes per a vestits de nit, peces rom\u00e0ntiques o fins i tot abrics amb personalitat, aquests florals hivernals capturen un drama po\u00e8tic \u2014 la natura congelada en el temps, per\u00f2 encara florint.<\/p>\n<p><strong>Enlluernador \/ Bedazzled<\/strong><\/p>\n<p>Quan cau la llum del dia, Bedazzled porta l\u2019espurna. Aquest tema celebra el glamur amb metal\u00b7litzats impactants, teixits amb purpurina, lluentons, folis i jacquards brillants. Des de platejats glacials i grisos foscos fins a daurats envellits i tons de mitjanit, aquests teixits estan fets per brillar en els mesos m\u00e9s freds. Tant si s\u2019utilitzen en looks festius com en detalls lluents sobre capes c\u00e0lides, Bedazzled ofereix una brillantor teatral. \u00c9s una celebraci\u00f3 de les festes d\u2019hivern i la bellesa celestial \u2014 on cada pe\u00e7a es converteix en una estrella.<\/p>\n\n\t\t<\/div> \n\t<\/div> <\/div><\/div><\/div><\/div><style type=\"text\/css\" >#ic_wen2en9yfrqs63pggfgs {margin:0px auto 0px; }#ic_wen2en9yfrqs63pggfgs .owl-prev,#ic_wen2en9yfrqs63pggfgs .owl-next{border-color:#ecf0f1; background:#ffffff; color:#4a4f55; }#ic_wen2en9yfrqs63pggfgs .owl-prev:hover,#ic_wen2en9yfrqs63pggfgs .owl-next:hover{background:#f9fafb; color:#000000; }#ic_wen2en9yfrqs63pggfgs .owl-prev:before,#ic_wen2en9yfrqs63pggfgs .owl-next:after{border-color:#4a4f55; }#ic_wen2en9yfrqs63pggfgs .owl-prev:hover::before,#ic_wen2en9yfrqs63pggfgs .owl-next:hover::after{border-color:#000000; }#ic_wen2en9yfrqs63pggfgs .owl-dot{ background:#ffffff; border-color:#ecf0f1; }#ic_wen2en9yfrqs63pggfgs .owl-dot.active{ background:#000000; border-color:#ecf0f1;}<\/style><script type=\"text\/javascript\" charset=\"utf-8\">\r\n\r\n\t\tjQuery.noConflict();\r\n\t\/\/setup up Carousel\r\n\t\tjQuery(document).ready(function($) {\r\n\t\"use strict\";\r\n\t$(window).load(function(){\r\n\t\t$(\"#ic_wen2en9yfrqs63pggfgs\").owlCarousel({\r\n\t\t\trtl: $(\"body\").hasClass(\"rtl\") ? true : false,\r\n\t\t\tresponsiveClass:true,\r\n\t\t\tcenter:true,\r\n\t\t\tloop:true,\r\n\t\t\tresponsive:{\r\n\t\t\t\t0:{\r\n\t\t\t\t\titems:1,\r\n\t\t\t    },\r\n\t\t\t    780:{\r\n\t\t\t        items:2,\r\n\t\t\t\t},\r\n\t\t\t\t1000:{\r\n\t\t\t\t    items:2,\r\n\t\t\t\t},\r\n\t\t\t},\r\n            scroll: 1,\r\n\t\t\tautoplay:false,\r\n\t   \t \t dots:false,\r\n\t\t\t nav:true,\r\n\t\r\n\t\t});\r\n\t});\r\n});\r\n\r\n<\/script><div class=\"tt_testimonials_ctn rd_ic_center  hover_nav_style \" id=\"ic_wen2en9yfrqs63pggfgs\" style=\"margin-top:0px; margin-bottom:0px;\"><a href=\"https:\/\/imsatextil.com\/wp-content\/uploads\/2025\/09\/05_Murtra-Moods-FW26_LR_page-0005-1024x724.jpg\"  rel=\"prettyPhoto[rel-wen2en9yfrqs63pggfgs]\" ><img loading=\"lazy\" decoding=\"async\" width=\"1400\" height=\"990\" src=\"https:\/\/imsatextil.com\/wp-content\/uploads\/2025\/09\/05_Murtra-Moods-FW26_LR_page-0005.jpg\" class=\"attachment-full\" alt=\"\" srcset=\"https:\/\/imsatextil.com\/wp-content\/uploads\/2025\/09\/05_Murtra-Moods-FW26_LR_page-0005.jpg 1400w, https:\/\/imsatextil.com\/wp-content\/uploads\/2025\/09\/05_Murtra-Moods-FW26_LR_page-0005-300x212.jpg 300w, https:\/\/imsatextil.com\/wp-content\/uploads\/2025\/09\/05_Murtra-Moods-FW26_LR_page-0005-1024x724.jpg 1024w, https:\/\/imsatextil.com\/wp-content\/uploads\/2025\/09\/05_Murtra-Moods-FW26_LR_page-0005-768x543.jpg 768w\" sizes=\"auto, (max-width: 1400px) 100vw, 1400px\" \/><\/a><a href=\"https:\/\/imsatextil.com\/wp-content\/uploads\/2025\/09\/04_Murtra-Moods-FW26_LR_page-0004-1024x724.jpg\"  rel=\"prettyPhoto[rel-wen2en9yfrqs63pggfgs]\" ><img loading=\"lazy\" decoding=\"async\" width=\"1400\" height=\"990\" src=\"https:\/\/imsatextil.com\/wp-content\/uploads\/2025\/09\/04_Murtra-Moods-FW26_LR_page-0004.jpg\" class=\"attachment-full\" alt=\"\" srcset=\"https:\/\/imsatextil.com\/wp-content\/uploads\/2025\/09\/04_Murtra-Moods-FW26_LR_page-0004.jpg 1400w, https:\/\/imsatextil.com\/wp-content\/uploads\/2025\/09\/04_Murtra-Moods-FW26_LR_page-0004-300x212.jpg 300w, https:\/\/imsatextil.com\/wp-content\/uploads\/2025\/09\/04_Murtra-Moods-FW26_LR_page-0004-1024x724.jpg 1024w, https:\/\/imsatextil.com\/wp-content\/uploads\/2025\/09\/04_Murtra-Moods-FW26_LR_page-0004-768x543.jpg 768w\" sizes=\"auto, (max-width: 1400px) 100vw, 1400px\" \/><\/a><a href=\"https:\/\/imsatextil.com\/wp-content\/uploads\/2025\/09\/03_Murtra-Moods-FW26_LR_page-0003-1024x724.jpg\"  rel=\"prettyPhoto[rel-wen2en9yfrqs63pggfgs]\" ><img loading=\"lazy\" decoding=\"async\" width=\"1400\" height=\"990\" src=\"https:\/\/imsatextil.com\/wp-content\/uploads\/2025\/09\/03_Murtra-Moods-FW26_LR_page-0003.jpg\" class=\"attachment-full\" alt=\"\" srcset=\"https:\/\/imsatextil.com\/wp-content\/uploads\/2025\/09\/03_Murtra-Moods-FW26_LR_page-0003.jpg 1400w, https:\/\/imsatextil.com\/wp-content\/uploads\/2025\/09\/03_Murtra-Moods-FW26_LR_page-0003-300x212.jpg 300w, https:\/\/imsatextil.com\/wp-content\/uploads\/2025\/09\/03_Murtra-Moods-FW26_LR_page-0003-1024x724.jpg 1024w, https:\/\/imsatextil.com\/wp-content\/uploads\/2025\/09\/03_Murtra-Moods-FW26_LR_page-0003-768x543.jpg 768w\" sizes=\"auto, (max-width: 1400px) 100vw, 1400px\" \/><\/a><a href=\"https:\/\/imsatextil.com\/wp-content\/uploads\/2025\/09\/02_Murtra-Moods-FW26_LR_page-0002-1024x724.jpg\"  rel=\"prettyPhoto[rel-wen2en9yfrqs63pggfgs]\" ><img loading=\"lazy\" decoding=\"async\" width=\"1400\" height=\"990\" src=\"https:\/\/imsatextil.com\/wp-content\/uploads\/2025\/09\/02_Murtra-Moods-FW26_LR_page-0002.jpg\" class=\"attachment-full\" alt=\"\" srcset=\"https:\/\/imsatextil.com\/wp-content\/uploads\/2025\/09\/02_Murtra-Moods-FW26_LR_page-0002.jpg 1400w, https:\/\/imsatextil.com\/wp-content\/uploads\/2025\/09\/02_Murtra-Moods-FW26_LR_page-0002-300x212.jpg 300w, https:\/\/imsatextil.com\/wp-content\/uploads\/2025\/09\/02_Murtra-Moods-FW26_LR_page-0002-1024x724.jpg 1024w, https:\/\/imsatextil.com\/wp-content\/uploads\/2025\/09\/02_Murtra-Moods-FW26_LR_page-0002-768x543.jpg 768w\" sizes=\"auto, (max-width: 1400px) 100vw, 1400px\" \/><\/a><a href=\"https:\/\/imsatextil.com\/wp-content\/uploads\/2025\/09\/01_Murtra-Moods-FW26_LR_page-0001-1024x724.jpg\"  rel=\"prettyPhoto[rel-wen2en9yfrqs63pggfgs]\" ><img loading=\"lazy\" decoding=\"async\" width=\"1400\" height=\"990\" src=\"https:\/\/imsatextil.com\/wp-content\/uploads\/2025\/09\/01_Murtra-Moods-FW26_LR_page-0001.jpg\" class=\"attachment-full\" alt=\"\" srcset=\"https:\/\/imsatextil.com\/wp-content\/uploads\/2025\/09\/01_Murtra-Moods-FW26_LR_page-0001.jpg 1400w, https:\/\/imsatextil.com\/wp-content\/uploads\/2025\/09\/01_Murtra-Moods-FW26_LR_page-0001-300x212.jpg 300w, https:\/\/imsatextil.com\/wp-content\/uploads\/2025\/09\/01_Murtra-Moods-FW26_LR_page-0001-1024x724.jpg 1024w, https:\/\/imsatextil.com\/wp-content\/uploads\/2025\/09\/01_Murtra-Moods-FW26_LR_page-0001-768x543.jpg 768w\" sizes=\"auto, (max-width: 1400px) 100vw, 1400px\" \/><\/a><\/div>\n\t\t<\/div> <\/div>\n\t<\/div> \n<\/div>\n","protected":false},"excerpt":{"rendered":"<p>TARDOR \/ HIVERN 2026 Volum Acoltxat Agosarat, arquitect\u00f2nic i irresistiblement acollidor \u2014 el tema Volum Acoltxat redefineix la moda d\u2019hivern amb siluetes escult\u00f2riques i innovaci\u00f3 amb guates. Aquesta col\u00b7lecci\u00f3 abra\u00e7a teixits acoltxasts dissenyats amb formes exagerades, patrons geom\u00e8trics i superf\u00edcies t\u00e0ctils, oferint protecci\u00f3 i disseny impactant. Pensa en acoltxats inspirats en bombolles, motius inflats moderns<br \/><a href=\"https:\/\/imsatextil.com\/ca\/colecciones\/coleccion-o-i-26\/\" class=\"more\">Read more<\/a><\/p>\n","protected":false},"author":1,"featured_media":0,"parent":305,"menu_order":0,"comment_status":"closed","ping_status":"closed","template":"","meta":{"footnotes":""},"class_list":["post-11145","page","type-page","status-publish","hentry"],"_links":{"self":[{"href":"https:\/\/imsatextil.com\/ca\/wp-json\/wp\/v2\/pages\/11145","targetHints":{"allow":["GET"]}}],"collection":[{"href":"https:\/\/imsatextil.com\/ca\/wp-json\/wp\/v2\/pages"}],"about":[{"href":"https:\/\/imsatextil.com\/ca\/wp-json\/wp\/v2\/types\/page"}],"author":[{"embeddable":true,"href":"https:\/\/imsatextil.com\/ca\/wp-json\/wp\/v2\/users\/1"}],"replies":[{"embeddable":true,"href":"https:\/\/imsatextil.com\/ca\/wp-json\/wp\/v2\/comments?post=11145"}],"version-history":[{"count":4,"href":"https:\/\/imsatextil.com\/ca\/wp-json\/wp\/v2\/pages\/11145\/revisions"}],"predecessor-version":[{"id":11210,"href":"https:\/\/imsatextil.com\/ca\/wp-json\/wp\/v2\/pages\/11145\/revisions\/11210"}],"up":[{"embeddable":true,"href":"https:\/\/imsatextil.com\/ca\/wp-json\/wp\/v2\/pages\/305"}],"wp:attachment":[{"href":"https:\/\/imsatextil.com\/ca\/wp-json\/wp\/v2\/media?parent=11145"}],"curies":[{"name":"wp","href":"https:\/\/api.w.org\/{rel}","templated":true}]}}