{"id":11241,"date":"2026-01-23T12:30:20","date_gmt":"2026-01-23T12:30:20","guid":{"rendered":"https:\/\/imsatextil.com\/colecciones\/coleccion-p-v-27\/"},"modified":"2026-01-23T12:32:41","modified_gmt":"2026-01-23T12:32:41","slug":"coleccion-p-v-27","status":"publish","type":"page","link":"https:\/\/imsatextil.com\/ca\/colecciones\/coleccion-p-v-27\/","title":{"rendered":"Col\u00b7lecci\u00f3 P\/E 27"},"content":{"rendered":"<div  id='first-row'  class=\"vc_row wpb_row vc_row-fluid full-width-content \">\n\t<div class=\"vc_span12 wpb_column vc_column_container \"><div class=\"vc_column-inner \">\n\t\t<div class=\"wpb_wrapper\">\n\t\t\t\r\n\t<div class=\"wpb_single_image wpb_content_element vc_align_center\">\r\n\t\t<div class=\"wpb_wrapper\">\r\n\t\t\t\r\n\t\t\t<div class=\"vc_single_image-wrapper   vc_box_border_grey\"><img loading=\"lazy\" decoding=\"async\" width=\"1920\" height=\"257\" src=\"https:\/\/imsatextil.com\/wp-content\/uploads\/2026\/01\/header_primavera_verano2027.jpg\" class=\"vc_single_image-img attachment-full\" alt=\"\" srcset=\"https:\/\/imsatextil.com\/wp-content\/uploads\/2026\/01\/header_primavera_verano2027.jpg 1920w, https:\/\/imsatextil.com\/wp-content\/uploads\/2026\/01\/header_primavera_verano2027-300x40.jpg 300w, https:\/\/imsatextil.com\/wp-content\/uploads\/2026\/01\/header_primavera_verano2027-1024x137.jpg 1024w, https:\/\/imsatextil.com\/wp-content\/uploads\/2026\/01\/header_primavera_verano2027-768x103.jpg 768w, https:\/\/imsatextil.com\/wp-content\/uploads\/2026\/01\/header_primavera_verano2027-1536x206.jpg 1536w\" sizes=\"auto, (max-width: 1920px) 100vw, 1920px\" \/><\/div>\r\n\t\t<\/div>\r\n\t<\/div>\r\n\n\t\t<\/div> <\/div>\n\t<\/div> \n<\/div><div   class=\"vc_row wpb_row vc_row-fluid  \">\n\t<div class=\"vc_span12 wpb_column vc_column_container \"><div class=\"vc_column-inner \">\n\t\t<div class=\"wpb_wrapper\">\n\t\t\t<h2 style=\"text-align: left\" class=\"vc_custom_heading\" >COL\u00b7LECCI\u00d3 PRIMAVERA ESTIU '27<\/h2>\r\n\t<div class=\"wpb_single_image wpb_content_element vc_align_left\">\r\n\t\t<div class=\"wpb_wrapper\">\r\n\t\t\t\r\n\t\t\t<div class=\"vc_single_image-wrapper   vc_box_border_grey\"><img loading=\"lazy\" decoding=\"async\" width=\"181\" height=\"7\" src=\"https:\/\/imsatextil.com\/wp-content\/uploads\/2017\/11\/separator_black.png\" class=\"vc_single_image-img attachment-full\" alt=\"\" \/><\/div>\r\n\t\t<\/div>\r\n\t<\/div>\r\n<div class=\"vc_row wpb_row vc_inner vc_row-fluid\"><div class=\"wpb_column vc_column_container vc_span6\"><div class=\"vc_column-inner  \"><div class=\"wpb_wrapper\">\n\t<div class=\"wpb_text_column wpb_content_element  \" >\n\t\t<div class=\"wpb_wrapper\" id=\"ct_b7sr5o03tbnt6iac6soq\">\n\t\t\t<p><strong>Glam Brillant<\/strong>, festiu i preparat per acaparar totes les mirades, Glam aporta una energia radiant a la temporada SS27. Teixits met\u00e0l\u00b7lics, pedreria i lluentons decoren superf\u00edcies que brillen amb el moviment. Des de foils d\u2019aspecte l\u00edquid fins a tulls delicadament embellits, aquest tema combina eleg\u00e0ncia i expressi\u00f3 atrevida. Perfecte per a looks de nit, peces d\u2019ocasi\u00f3 i dissenys destacats, Glam ofereix una interpretaci\u00f3 moderna del luxe.<\/p>\n<p><strong>Texture<\/strong> La col\u00b7lecci\u00f3 Texture explora la profunditat, el volum i l\u2019artesania a trav\u00e9s de teixits que conviden al tacte. Volums 3D, superf\u00edcies esculpides, ganxet lleuger i altres materials fantasiosos defineixen aquest univers t\u00e0ctil. Inspirats tant en tradicions artesanals com en construccions futuristes, aquests teixits revelen la bellesa de l\u2019estructura i l\u2019ombra. Ideals per a vestits, tops o peces especials, transformen siluetes simples en composicions escult\u00f2riques. Texture reinterpreta l\u2019artesania per a l\u2019estiu amb una identitat visual suau per\u00f2 impactant.<\/p>\n<p><strong>Blue Patterns<\/strong> Frescos, n\u00edtids i vers\u00e0tils, Blue Patterns celebra el color estrella de la temporada en totes les seves tonalitats assolellades. Des dels blaus cel m\u00e9s suaus fins als tons mar\u00edtims profunds, el tema inclou quadres, ratlles i florals en gammes refrescants. Les ratlles de camisa cl\u00e0ssiques es combinen amb quadres estiuencs, mentre que els motius bot\u00e0nics aporten un toc rom\u00e0ntic. S\u00f3n teixits lleugers i nets, perfectes per a looks costaners, sastreria relaxada o vestits vaporosos que reflecteixen la lleugeresa de l\u2019estiu amb una paleta serena i atemporal.<\/p>\n\n\t\t<\/div> \n\t<\/div> <\/div><\/div><\/div><div class=\"wpb_column vc_column_container vc_span6\"><div class=\"vc_column-inner  \"><div class=\"wpb_wrapper\">\n\t<div class=\"wpb_text_column wpb_content_element  \" >\n\t\t<div class=\"wpb_wrapper\" id=\"ct_yf0da1t9abioctpcr443\">\n\t\t\t<p><strong>Smooth Classics<\/strong> Smooth Classics reuneix els patrons essencials de l\u2019estil estiuenc, reinterpretats amb una senzillesa contempor\u00e0nia. Topos, ratlles diplom\u00e0tiques i subtils textures seersucker creen una base refinada per a l\u2019eleg\u00e0ncia quotidiana. Lleugers, transpirables i molt portables, aquests teixits s\u00f3n ideals per a vestits, camiseria i siluetes informals que busquen comoditat sense renunciar a l\u2019estil.<\/p>\n<p><strong>I Fiori<\/strong> Una celebraci\u00f3 del color, l\u2019abund\u00e0ncia i l\u2019alegria estiuenca, I Fiori \u00e9s la hist\u00f2ria floral m\u00e9s expressiva de la temporada. Grans flors, tropicals exuberants, liberty delicats i estampats bot\u00e0nics vibrants es fusionen en una explosi\u00f3 d\u2019energia visual. Tant si s\u00f3n grans i atrevides com petites i intricades, aquestes flors capturen l\u2019ess\u00e8ncia dels dies assolellats i dels jardins en flor. Perfectes per a vestits fluids, moda de platja, faldilles destacades i tops lleugers, I Fiori aporta moviment, romanticisme i un toc art\u00edstic a la col\u00b7lecci\u00f3.<\/p>\n\n\t\t<\/div> \n\t<\/div> <\/div><\/div><\/div><\/div><style type=\"text\/css\" >#ic_vq5j8m2bat0nqwe0ayxt {margin:0px auto 0px; }#ic_vq5j8m2bat0nqwe0ayxt .owl-prev,#ic_vq5j8m2bat0nqwe0ayxt .owl-next{border-color:#ecf0f1; background:#ffffff; color:#4a4f55; }#ic_vq5j8m2bat0nqwe0ayxt .owl-prev:hover,#ic_vq5j8m2bat0nqwe0ayxt .owl-next:hover{background:#f9fafb; color:#000000; }#ic_vq5j8m2bat0nqwe0ayxt .owl-prev:before,#ic_vq5j8m2bat0nqwe0ayxt .owl-next:after{border-color:#4a4f55; }#ic_vq5j8m2bat0nqwe0ayxt .owl-prev:hover::before,#ic_vq5j8m2bat0nqwe0ayxt .owl-next:hover::after{border-color:#000000; }#ic_vq5j8m2bat0nqwe0ayxt .owl-dot{ background:#ffffff; border-color:#ecf0f1; }#ic_vq5j8m2bat0nqwe0ayxt .owl-dot.active{ background:#000000; border-color:#ecf0f1;}<\/style><script type=\"text\/javascript\" charset=\"utf-8\">\r\n\r\n\t\tjQuery.noConflict();\r\n\t\/\/setup up Carousel\r\n\t\tjQuery(document).ready(function($) {\r\n\t\"use strict\";\r\n\t$(window).load(function(){\r\n\t\t$(\"#ic_vq5j8m2bat0nqwe0ayxt\").owlCarousel({\r\n\t\t\trtl: $(\"body\").hasClass(\"rtl\") ? true : false,\r\n\t\t\tresponsiveClass:true,\r\n\t\t\tcenter:true,\r\n\t\t\tloop:true,\r\n\t\t\tresponsive:{\r\n\t\t\t\t0:{\r\n\t\t\t\t\titems:1,\r\n\t\t\t    },\r\n\t\t\t    780:{\r\n\t\t\t        items:2,\r\n\t\t\t\t},\r\n\t\t\t\t1000:{\r\n\t\t\t\t    items:2,\r\n\t\t\t\t},\r\n\t\t\t},\r\n            scroll: 1,\r\n\t\t\tautoplay:false,\r\n\t   \t \t dots:false,\r\n\t\t\t nav:true,\r\n\t\r\n\t\t});\r\n\t});\r\n});\r\n\r\n<\/script><div class=\"tt_testimonials_ctn rd_ic_center  hover_nav_style \" id=\"ic_vq5j8m2bat0nqwe0ayxt\" style=\"margin-top:0px; margin-bottom:0px;\"><a href=\"https:\/\/imsatextil.com\/wp-content\/uploads\/2026\/01\/01-01-1024x723.jpg\"  rel=\"prettyPhoto[rel-vq5j8m2bat0nqwe0ayxt]\" ><img loading=\"lazy\" decoding=\"async\" width=\"1192\" height=\"842\" src=\"https:\/\/imsatextil.com\/wp-content\/uploads\/2026\/01\/01-01.jpg\" class=\"attachment-full\" alt=\"\" srcset=\"https:\/\/imsatextil.com\/wp-content\/uploads\/2026\/01\/01-01.jpg 1192w, https:\/\/imsatextil.com\/wp-content\/uploads\/2026\/01\/01-01-300x212.jpg 300w, https:\/\/imsatextil.com\/wp-content\/uploads\/2026\/01\/01-01-1024x723.jpg 1024w, https:\/\/imsatextil.com\/wp-content\/uploads\/2026\/01\/01-01-768x542.jpg 768w\" sizes=\"auto, (max-width: 1192px) 100vw, 1192px\" \/><\/a><a href=\"https:\/\/imsatextil.com\/wp-content\/uploads\/2026\/01\/01-02-1024x724.jpg\"  rel=\"prettyPhoto[rel-vq5j8m2bat0nqwe0ayxt]\" ><img loading=\"lazy\" decoding=\"async\" width=\"1191\" height=\"842\" src=\"https:\/\/imsatextil.com\/wp-content\/uploads\/2026\/01\/01-02.jpg\" class=\"attachment-full\" alt=\"\" srcset=\"https:\/\/imsatextil.com\/wp-content\/uploads\/2026\/01\/01-02.jpg 1191w, https:\/\/imsatextil.com\/wp-content\/uploads\/2026\/01\/01-02-300x212.jpg 300w, https:\/\/imsatextil.com\/wp-content\/uploads\/2026\/01\/01-02-1024x724.jpg 1024w, https:\/\/imsatextil.com\/wp-content\/uploads\/2026\/01\/01-02-768x543.jpg 768w\" sizes=\"auto, (max-width: 1191px) 100vw, 1191px\" \/><\/a><a href=\"https:\/\/imsatextil.com\/wp-content\/uploads\/2026\/01\/01-03-1024x723.jpg\"  rel=\"prettyPhoto[rel-vq5j8m2bat0nqwe0ayxt]\" ><img loading=\"lazy\" decoding=\"async\" width=\"1192\" height=\"842\" src=\"https:\/\/imsatextil.com\/wp-content\/uploads\/2026\/01\/01-03.jpg\" class=\"attachment-full\" alt=\"\" srcset=\"https:\/\/imsatextil.com\/wp-content\/uploads\/2026\/01\/01-03.jpg 1192w, https:\/\/imsatextil.com\/wp-content\/uploads\/2026\/01\/01-03-300x212.jpg 300w, https:\/\/imsatextil.com\/wp-content\/uploads\/2026\/01\/01-03-1024x723.jpg 1024w, https:\/\/imsatextil.com\/wp-content\/uploads\/2026\/01\/01-03-768x542.jpg 768w\" sizes=\"auto, (max-width: 1192px) 100vw, 1192px\" \/><\/a><a href=\"https:\/\/imsatextil.com\/wp-content\/uploads\/2026\/01\/01-04-1024x724.jpg\"  rel=\"prettyPhoto[rel-vq5j8m2bat0nqwe0ayxt]\" ><img loading=\"lazy\" decoding=\"async\" width=\"1191\" height=\"842\" src=\"https:\/\/imsatextil.com\/wp-content\/uploads\/2026\/01\/01-04.jpg\" class=\"attachment-full\" alt=\"\" srcset=\"https:\/\/imsatextil.com\/wp-content\/uploads\/2026\/01\/01-04.jpg 1191w, https:\/\/imsatextil.com\/wp-content\/uploads\/2026\/01\/01-04-300x212.jpg 300w, https:\/\/imsatextil.com\/wp-content\/uploads\/2026\/01\/01-04-1024x724.jpg 1024w, https:\/\/imsatextil.com\/wp-content\/uploads\/2026\/01\/01-04-768x543.jpg 768w\" sizes=\"auto, (max-width: 1191px) 100vw, 1191px\" \/><\/a><a href=\"https:\/\/imsatextil.com\/wp-content\/uploads\/2026\/01\/01-05-1024x724.jpg\"  rel=\"prettyPhoto[rel-vq5j8m2bat0nqwe0ayxt]\" ><img loading=\"lazy\" decoding=\"async\" width=\"1191\" height=\"842\" src=\"https:\/\/imsatextil.com\/wp-content\/uploads\/2026\/01\/01-05.jpg\" class=\"attachment-full\" alt=\"\" srcset=\"https:\/\/imsatextil.com\/wp-content\/uploads\/2026\/01\/01-05.jpg 1191w, https:\/\/imsatextil.com\/wp-content\/uploads\/2026\/01\/01-05-300x212.jpg 300w, https:\/\/imsatextil.com\/wp-content\/uploads\/2026\/01\/01-05-1024x724.jpg 1024w, https:\/\/imsatextil.com\/wp-content\/uploads\/2026\/01\/01-05-768x543.jpg 768w\" sizes=\"auto, (max-width: 1191px) 100vw, 1191px\" \/><\/a><\/div>\n\t\t<\/div> <\/div>\n\t<\/div> \n<\/div>\n","protected":false},"excerpt":{"rendered":"<p>COL\u00b7LECCI\u00d3 PRIMAVERA ESTIU &#8217;27 Glam Brillant, festiu i preparat per acaparar totes les mirades, Glam aporta una energia radiant a la temporada SS27. Teixits met\u00e0l\u00b7lics, pedreria i lluentons decoren superf\u00edcies que brillen amb el moviment. Des de foils d\u2019aspecte l\u00edquid fins a tulls delicadament embellits, aquest tema combina eleg\u00e0ncia i expressi\u00f3 atrevida. Perfecte per a<br \/><a href=\"https:\/\/imsatextil.com\/ca\/colecciones\/coleccion-p-v-27\/\" class=\"more\">Read more<\/a><\/p>\n","protected":false},"author":1,"featured_media":0,"parent":305,"menu_order":0,"comment_status":"closed","ping_status":"closed","template":"","meta":{"footnotes":""},"class_list":["post-11241","page","type-page","status-publish","hentry"],"_links":{"self":[{"href":"https:\/\/imsatextil.com\/ca\/wp-json\/wp\/v2\/pages\/11241","targetHints":{"allow":["GET"]}}],"collection":[{"href":"https:\/\/imsatextil.com\/ca\/wp-json\/wp\/v2\/pages"}],"about":[{"href":"https:\/\/imsatextil.com\/ca\/wp-json\/wp\/v2\/types\/page"}],"author":[{"embeddable":true,"href":"https:\/\/imsatextil.com\/ca\/wp-json\/wp\/v2\/users\/1"}],"replies":[{"embeddable":true,"href":"https:\/\/imsatextil.com\/ca\/wp-json\/wp\/v2\/comments?post=11241"}],"version-history":[{"count":2,"href":"https:\/\/imsatextil.com\/ca\/wp-json\/wp\/v2\/pages\/11241\/revisions"}],"predecessor-version":[{"id":11245,"href":"https:\/\/imsatextil.com\/ca\/wp-json\/wp\/v2\/pages\/11241\/revisions\/11245"}],"up":[{"embeddable":true,"href":"https:\/\/imsatextil.com\/ca\/wp-json\/wp\/v2\/pages\/305"}],"wp:attachment":[{"href":"https:\/\/imsatextil.com\/ca\/wp-json\/wp\/v2\/media?parent=11241"}],"curies":[{"name":"wp","href":"https:\/\/api.w.org\/{rel}","templated":true}]}}