{"id":245,"date":"2017-11-20T10:12:20","date_gmt":"2017-11-20T10:12:20","guid":{"rendered":"http:\/\/imsa.b.wetopi.com\/empresa\/"},"modified":"2024-09-17T12:58:30","modified_gmt":"2024-09-17T12:58:30","slug":"empresa","status":"publish","type":"page","link":"https:\/\/imsatextil.com\/ca\/empresa\/","title":{"rendered":"Empresa"},"content":{"rendered":"<div  id='first-row'  class=\"vc_row wpb_row vc_row-fluid vc_custom_1726577906631 full-width-section \">\n\t<div class=\"vc_span7 wpb_column vc_column_container \"><div class=\"vc_column-inner \">\n\t\t<div class=\"wpb_wrapper\">\n\t\t\t\n\t\t<\/div> <\/div>\n\t<\/div> \n\n\t<div class=\"vc_span5 wpb_column vc_column_container \"><div class=\"vc_column-inner vc_custom_1511173402413\">\n\t\t<div class=\"wpb_wrapper\">\n\t\t\t<h1 style=\"color: #ffffff;text-align: left\" class=\"vc_custom_heading vc_custom_1516363996962\" >QU\u00c8 T'OFERIM?<\/h1>\r\n\t<div class=\"wpb_single_image wpb_content_element vc_align_left\">\r\n\t\t<div class=\"wpb_wrapper\">\r\n\t\t\t\r\n\t\t\t<div class=\"vc_single_image-wrapper   vc_box_border_grey\"><img loading=\"lazy\" decoding=\"async\" width=\"181\" height=\"7\" src=\"https:\/\/imsatextil.com\/wp-content\/uploads\/2017\/11\/separator.png\" class=\"vc_single_image-img attachment-full\" alt=\"\" \/><\/div>\r\n\t\t<\/div>\r\n\t<\/div>\r\n<h2 style=\"font-size: 26px;color: #ffffff;line-height: 36px;text-align: left;font-family:PT Sans;font-weight:400;font-style:normal\" class=\"vc_custom_heading vc_custom_1516365841512\" >IMSA ofereix a la seva clientela<br \/>\nuna \u00e0mplia varietat de teixits adre\u00e7ats a una dona elegant i a un selecte p\u00fablic infantil.<\/h2>\n\t\t<\/div> <\/div>\n\t<\/div> \n<\/div><div   class=\"vc_row wpb_row vc_row-fluid vc_custom_1512385440465  \">\n\t<div class=\"vc_span12 wpb_column vc_column_container \"><div class=\"vc_column-inner \">\n\t\t<div class=\"wpb_wrapper\">\n\t\t\t<h2 style=\"font-size: 36px;line-height: 41px;text-align: left\" class=\"vc_custom_heading vc_custom_1516364053018\" >GRUP <strong>MURTRA<\/strong><\/h2>\r\n\t<div class=\"wpb_single_image wpb_content_element vc_align_left   vc_custom_1511178695259\">\r\n\t\t<div class=\"wpb_wrapper\">\r\n\t\t\t\r\n\t\t\t<div class=\"vc_single_image-wrapper   vc_box_border_grey\"><img loading=\"lazy\" decoding=\"async\" width=\"181\" height=\"7\" src=\"https:\/\/imsatextil.com\/wp-content\/uploads\/2017\/11\/separator_black.png\" class=\"vc_single_image-img attachment-full\" alt=\"\" \/><\/div>\r\n\t\t<\/div>\r\n\t<\/div>\r\n<div class=\"vc_row wpb_row vc_inner vc_row-fluid vc_row-o-equal-height vc_row-flex\"><div class=\"wpb_column vc_column_container vc_span6\"><div class=\"vc_column-inner  vc_custom_1511178659780\"><div class=\"wpb_wrapper\">\n\t<div class=\"wpb_text_column wpb_content_element  \" >\n\t\t<div class=\"wpb_wrapper\" id=\"ct_cnlj26ntwi6f5fgtok98\">\n\t\t\t<p>Per ubicar els or\u00edgens de l\u2019empresa ens hem de situar a l\u2019any 1892, quan un jove anomenat Ramon Murtra, va fundar una petita empresa t\u00e8xtil a Granollers amb uns quants telers manuals.<\/p>\n\n\t\t<\/div> \n\t<\/div> <\/div><\/div><\/div><div class=\"wpb_column vc_column_container vc_span6\"><div class=\"vc_column-inner  vc_custom_1512386110708\"><div class=\"wpb_wrapper\">\n\t<div class=\"wpb_text_column wpb_content_element  \" >\n\t\t<div class=\"wpb_wrapper\" id=\"ct_199j119ivjhixfh1j4ns\">\n\t\t\t<p>Amb el recolzament de la seva fam\u00edlia va fer cr\u00e9ixer l\u2019empresa als comen\u00e7aments del segle XX, consolidant la seva activitat com a fabricant de cintes industrials i esdevenint r\u00e0pidament l\u00edder en el seu sector.<\/p>\n\n\t\t<\/div> \n\t<\/div> <\/div><\/div><\/div><\/div><div class=\"vc_row wpb_row vc_inner vc_row-fluid\"><div class=\"wpb_column vc_column_container vc_span4\"><div class=\"vc_column-inner  vc_custom_1512385009290\"><div class=\"wpb_wrapper\"><h2 style=\"text-align: left\" class=\"vc_custom_heading vc_custom_1516364088889\" >INNOVACI\u00d3<\/h2>\n\t<div class=\"wpb_text_column wpb_content_element  \" >\n\t\t<div class=\"wpb_wrapper\" id=\"ct_2bq7u9smc67yt0iv3yjy\">\n\t\t\t<p>Murtra ha cercat des de els seus inicis millorar la forma de fer les coses, buscant la perfecci\u00f3 i establint-la com a model a seguir des de el qual assumir nous reptes. Un fet constatat per mitj\u00e0 dels seus productes desenvolupats des del 1892 i fins als nostres dies.<\/p>\n<p>La innovaci\u00f3 aplicada a processos i productes es el motor que ha guiat al llarg de la seva hist\u00f2ria un producci\u00f3 de base t\u00e8xtil per\u00f2 que ha sabut evolucionar cap al desenvolupament de nous productes i mercats. Murtra persevera en la cerca de noves l\u00ednies, noves oportunitats de negoci i la millora dels seus processos.<\/p>\n\n\t\t<\/div> \n\t<\/div> <\/div><\/div><\/div><div class=\"wpb_column vc_column_container vc_span4\"><div class=\"vc_column-inner  vc_custom_1512385012517\"><div class=\"wpb_wrapper\"><h2 style=\"text-align: left\" class=\"vc_custom_heading vc_custom_1516364104687\" >GENERACIONAL<\/h2>\n\t<div class=\"wpb_text_column wpb_content_element  \" >\n\t\t<div class=\"wpb_wrapper\" id=\"ct_43moor3fkpd65m2wg15n\">\n\t\t\t<p>Murtra \u00e9s quelcom m\u00e9s que una companyia amb una llarga tradici\u00f3 al sector t\u00e8xtil i la fabricaci\u00f3 de cintes industrials. Al llarg de m\u00e9s d\u2019un segle, cinc generacions d\u2019empresaris han sabut exercir de motor. Aquestes mateixes generacions han fet de guia a l\u2019hora d\u2019albirar els grans avan\u00e7aments que la han posicionat com a referent del sector t\u00e8xtil a nivell global<\/p>\n\n\t\t<\/div> \n\t<\/div> <\/div><\/div><\/div><div class=\"wpb_column vc_column_container vc_span4\"><div class=\"vc_column-inner  vc_custom_1512385015469\"><div class=\"wpb_wrapper\"><h2 style=\"text-align: left\" class=\"vc_custom_heading vc_custom_1516364115438\" >DIVISIONS DE NEGOCI<\/h2>\n\t<div class=\"wpb_text_column wpb_content_element  \" >\n\t\t<div class=\"wpb_wrapper\" id=\"ct_69uwyv736u7qctko3yt8\">\n\t\t\t<p>Murtra Group actualment integra quatre divisions de negoci especialitzades en el desenvolupament, fabricaci\u00f3 i comercialitzaci\u00f3 de productes dins de l\u2019\u00e0mbit del sector t\u00e8xtil.<\/p>\n<p>Ind\u00fastries Murtra es la seu internacional del grup. Fabricant de eslingues i cintes per a aplicacions industrials, cintes, components i accessoris decoratius per a la instal\u00b7laci\u00f3 i confecci\u00f3 de cortines.<\/p>\n\n\t\t<\/div> \n\t<\/div> <\/div><\/div><\/div><\/div>\n\t\t<\/div> <\/div>\n\t<\/div> \n<\/div><div   class=\"vc_row wpb_row vc_row-fluid vc_custom_1511178586056  \">\n\t<div class=\"vc_span12 wpb_column vc_column_container \"><div class=\"vc_column-inner \">\n\t\t<div class=\"wpb_wrapper\">\n\t\t\t<h2 style=\"font-size: 36px;line-height: 41px;text-align: left\" class=\"vc_custom_heading vc_custom_1512385116547\" ><strong>IMSA<\/strong><\/h2>\r\n\t<div class=\"wpb_single_image wpb_content_element vc_align_left   vc_custom_1511178695259\">\r\n\t\t<div class=\"wpb_wrapper\">\r\n\t\t\t\r\n\t\t\t<div class=\"vc_single_image-wrapper   vc_box_border_grey\"><img loading=\"lazy\" decoding=\"async\" width=\"181\" height=\"7\" src=\"https:\/\/imsatextil.com\/wp-content\/uploads\/2017\/11\/separator_black.png\" class=\"vc_single_image-img attachment-full\" alt=\"\" \/><\/div>\r\n\t\t<\/div>\r\n\t<\/div>\r\n<div class=\"vc_row wpb_row vc_inner vc_row-fluid vc_custom_1511178582124 vc_row-o-equal-height vc_row-flex\"><div class=\"wpb_column vc_column_container vc_span12\"><div class=\"vc_column-inner  vc_custom_1511178659780\"><div class=\"wpb_wrapper\">\r\n\t<div class=\"wpb_single_image wpb_content_element vc_align_center\">\r\n\t\t<div class=\"wpb_wrapper\">\r\n\t\t\t\r\n\t\t\t<div class=\"vc_single_image-wrapper   vc_box_border_grey\"><img loading=\"lazy\" decoding=\"async\" width=\"1170\" height=\"315\" src=\"https:\/\/imsatextil.com\/wp-content\/uploads\/2017\/12\/empresa.jpg\" class=\"vc_single_image-img attachment-full\" alt=\"\" srcset=\"https:\/\/imsatextil.com\/wp-content\/uploads\/2017\/12\/empresa.jpg 1170w, https:\/\/imsatextil.com\/wp-content\/uploads\/2017\/12\/empresa-300x81.jpg 300w, https:\/\/imsatextil.com\/wp-content\/uploads\/2017\/12\/empresa-768x207.jpg 768w, https:\/\/imsatextil.com\/wp-content\/uploads\/2017\/12\/empresa-1024x276.jpg 1024w\" sizes=\"auto, (max-width: 1170px) 100vw, 1170px\" \/><\/div>\r\n\t\t<\/div>\r\n\t<\/div>\r\n<\/div><\/div><\/div><\/div><div class=\"vc_row wpb_row vc_inner vc_row-fluid\"><div class=\"wpb_column vc_column_container vc_span3\"><div class=\"vc_column-inner  vc_custom_1512385009290\"><div class=\"wpb_wrapper\">\n\t<div class=\"wpb_text_column wpb_content_element  \" >\n\t\t<div class=\"wpb_wrapper\" id=\"ct_gnjwpkdyi40a94t744md\">\n\t\t\t<p>La divisi\u00f3 IMSA ofereix als seus clients un \u00e0mplia varietat de teixits adre\u00e7ats a una dona elegant i a un selecte p\u00fablic infantil.<\/p>\n\n\t\t<\/div> \n\t<\/div> <style type='text\/css'> @font-face{font-family: ''; src:url('https:\/\/imsatextil.com\/wp-content\/themes\/thefox\/includes\/4k-icons\/icons\/fonts\/.eot'); src:url('https:\/\/imsatextil.com\/wp-content\/themes\/thefox\/includes\/4k-icons\/icons\/fonts\/.eot?#iefix') format('embedded-opentype'), url('https:\/\/imsatextil.com\/wp-content\/themes\/thefox\/includes\/4k-icons\/icons\/fonts\/.woff') format('woff'), url('https:\/\/imsatextil.com\/wp-content\/themes\/thefox\/includes\/4k-icons\/icons\/fonts\/.ttf') format('truetype'), url('https:\/\/imsatextil.com\/wp-content\/themes\/thefox\/includes\/4k-icons\/icons\/fonts\/.svg#oi') format('svg'); font-weight: normal; font-style: normal;}#fourk1 .:before{font-family: ''; font-weight: normal; font-style: normal;}#fourk1 .:before{content: \"\";}#fourk1{text-align:center}#fourk1 .fourk-icon{background-color: transparent}#fourk1 .fourk-icon:before{}#fourk1 .fourk-icon:after{}#fourk1 i{font-size:50px;line-height:50px;color:#3498db}#fourk1 .fourk-icon.hovered i{}#fourk1 i{text-align: center;}#fourk1{margin-bottom: 20px;}<\/style>\n<div id='fourk1' class='fourk-icon-container'><div class='fourk-icon none none' data-hover-trigger='icon' ><i class=''><\/i><\/div><\/div><\/div><\/div><\/div><div class=\"wpb_column vc_column_container vc_span3\"><div class=\"vc_column-inner  vc_custom_1512385012517\"><div class=\"wpb_wrapper\">\n\t<div class=\"wpb_text_column wpb_content_element  \" >\n\t\t<div class=\"wpb_wrapper\" id=\"ct_pui4ho5fdihapf4d7tz1\">\n\t\t\t<p>Les nostres col\u00b7leccions es dissenyen pensant amb un consumidor exigent i s\u2019adrecen a dissenyadors que aporten valor a les seves col\u00b7leccions mitjan\u00e7ant la qualitat i dissenys dels seus teixits.<\/p>\n\n\t\t<\/div> \n\t<\/div> <\/div><\/div><\/div><div class=\"wpb_column vc_column_container vc_span3\"><div class=\"vc_column-inner  vc_custom_1512385015469\"><div class=\"wpb_wrapper\">\n\t<div class=\"wpb_text_column wpb_content_element  \" >\n\t\t<div class=\"wpb_wrapper\" id=\"ct_ppenhwba41693rnw0ch4\">\n\t\t\t<p>Els nostres preus s\u00f3n competitius, m\u00ednims raonables per article, aix\u00ed com un bon servei i serietat fan que centenars de marques europees facin confian\u00e7a a les nostres propostes.<\/p>\n\n\t\t<\/div> \n\t<\/div> <\/div><\/div><\/div><div class=\"wpb_column vc_column_container vc_span3 vc_col-has-fill\"><div class=\"vc_column-inner  vc_custom_1512385355346\"><div class=\"wpb_wrapper\">\n\t<div class=\"wpb_text_column wpb_content_element  \" >\n\t\t<div class=\"wpb_wrapper\" id=\"ct_7twhtw2826el1xcih7x9\">\n\t\t\t<p><span style=\"color: #ffffff;\">M\u00e9s de 25 anys al servei del dissenyador i del confeccionista a tota Europa ens avalen.<\/span><\/p>\n\n\t\t<\/div> <style type=\"text\/css\" >#ct_7twhtw2826el1xcih7x9 {font-size:24px;}#ct_7twhtw2826el1xcih7x9 ,#ct_7twhtw2826el1xcih7x9 p {line-height:36px;}<\/style>\n\t<\/div> <\/div><\/div><\/div><\/div>\n\t\t<\/div> <\/div>\n\t<\/div> \n<\/div>\n","protected":false},"excerpt":{"rendered":"<p>QU\u00c8 T&#8217;OFERIM? IMSA ofereix a la seva clientela una \u00e0mplia varietat de teixits adre\u00e7ats a una dona elegant i a un selecte p\u00fablic infantil. GRUP MURTRA Per ubicar els or\u00edgens de l\u2019empresa ens hem de situar a l\u2019any 1892, quan un jove anomenat Ramon Murtra, va fundar una petita empresa t\u00e8xtil a Granollers amb uns<br \/><a href=\"https:\/\/imsatextil.com\/ca\/empresa\/\" class=\"more\">Read more<\/a><\/p>\n","protected":false},"author":1,"featured_media":0,"parent":0,"menu_order":0,"comment_status":"closed","ping_status":"closed","template":"","meta":{"footnotes":""},"class_list":["post-245","page","type-page","status-publish","hentry"],"_links":{"self":[{"href":"https:\/\/imsatextil.com\/ca\/wp-json\/wp\/v2\/pages\/245","targetHints":{"allow":["GET"]}}],"collection":[{"href":"https:\/\/imsatextil.com\/ca\/wp-json\/wp\/v2\/pages"}],"about":[{"href":"https:\/\/imsatextil.com\/ca\/wp-json\/wp\/v2\/types\/page"}],"author":[{"embeddable":true,"href":"https:\/\/imsatextil.com\/ca\/wp-json\/wp\/v2\/users\/1"}],"replies":[{"embeddable":true,"href":"https:\/\/imsatextil.com\/ca\/wp-json\/wp\/v2\/comments?post=245"}],"version-history":[{"count":5,"href":"https:\/\/imsatextil.com\/ca\/wp-json\/wp\/v2\/pages\/245\/revisions"}],"predecessor-version":[{"id":10777,"href":"https:\/\/imsatextil.com\/ca\/wp-json\/wp\/v2\/pages\/245\/revisions\/10777"}],"wp:attachment":[{"href":"https:\/\/imsatextil.com\/ca\/wp-json\/wp\/v2\/media?parent=245"}],"curies":[{"name":"wp","href":"https:\/\/api.w.org\/{rel}","templated":true}]}}