{"id":259,"date":"2017-11-20T10:12:13","date_gmt":"2017-11-20T10:12:13","guid":{"rendered":"http:\/\/imsa.b.wetopi.com\/contacto\/"},"modified":"2021-01-27T09:02:48","modified_gmt":"2021-01-27T09:02:48","slug":"contacte","status":"publish","type":"page","link":"https:\/\/imsatextil.com\/ca\/contacte\/","title":{"rendered":"Contacte"},"content":{"rendered":"<div  id='first-row'  class=\"vc_row wpb_row vc_row-fluid vc_custom_1512386849464 full-width-section \">\n\t<div class=\"vc_span5 wpb_column vc_column_container \"><div class=\"vc_column-inner vc_custom_1511173402413\">\n\t\t<div class=\"wpb_wrapper\">\n\t\t\t<h1 style=\"color: #ffffff;text-align: left\" class=\"vc_custom_heading vc_custom_1513270680607\" >IMSA<\/h1>\r\n\t<div class=\"wpb_single_image wpb_content_element vc_align_left\">\r\n\t\t<div class=\"wpb_wrapper\">\r\n\t\t\t\r\n\t\t\t<div class=\"vc_single_image-wrapper   vc_box_border_grey\"><img loading=\"lazy\" decoding=\"async\" width=\"181\" height=\"7\" src=\"https:\/\/imsatextil.com\/wp-content\/uploads\/2017\/11\/separator.png\" class=\"vc_single_image-img attachment-full\" alt=\"\" \/><\/div>\r\n\t\t<\/div>\r\n\t<\/div>\r\n<h2 style=\"font-size: 26px;color: #ffffff;line-height: 36px;text-align: left;font-family:PT Sans;font-weight:400;font-style:normal\" class=\"vc_custom_heading vc_custom_1516369679250\" >Presents a tota Europa<\/h2>\n\t\t<\/div> <\/div>\n\t<\/div> \n<\/div><div  id='contact'  class=\"vc_row wpb_row vc_row-fluid vc_custom_1512389186081 vc_row-flex vc_row-o-equal-height vc_row-o-content-middle  \">\n\t<div class=\"vc_span4 wpb_column vc_column_container \"><div class=\"vc_column-inner vc_custom_1512386894818\">\n\t\t<div class=\"wpb_wrapper\">\n\t\t\t\r\n\t<div class=\"wpb_single_image wpb_content_element vc_align_center\">\r\n\t\t<div class=\"wpb_wrapper\">\r\n\t\t\t\r\n\t\t\t<div class=\"vc_single_image-wrapper   vc_box_border_grey\"><img loading=\"lazy\" decoding=\"async\" width=\"373\" height=\"340\" src=\"https:\/\/imsatextil.com\/wp-content\/uploads\/2017\/12\/contacto_footer.jpg\" class=\"vc_single_image-img attachment-full\" alt=\"\" srcset=\"https:\/\/imsatextil.com\/wp-content\/uploads\/2017\/12\/contacto_footer.jpg 373w, https:\/\/imsatextil.com\/wp-content\/uploads\/2017\/12\/contacto_footer-300x273.jpg 300w\" sizes=\"auto, (max-width: 373px) 100vw, 373px\" \/><\/div>\r\n\t\t<\/div>\r\n\t<\/div>\r\n\n\t\t<\/div> <\/div>\n\t<\/div> \n\n\t<div class=\"vc_span4 wpb_column vc_column_container \"><div class=\"vc_column-inner vc_custom_1512386897956\">\n\t\t<div class=\"wpb_wrapper\">\n\t\t\t<h2 style=\"font-size: 30px;color: #353535;line-height: 28px;text-align: left\" class=\"vc_custom_heading\" >LI AGRADARIA CON\u00c8IXER LES NOSTRES PROPOSTES?<\/h2>\n<!-- lists --><div class=\"rd_list_1 rd_list_left\"><style type='text\/css'> @font-face{font-family: 'u12'; src:url('https:\/\/imsatextil.com\/wp-content\/themes\/thefox\/includes\/4k-icons\/icons\/4k-icons-pack04\/icons\/fonts\/u12.eot'); src:url('https:\/\/imsatextil.com\/wp-content\/themes\/thefox\/includes\/4k-icons\/icons\/4k-icons-pack04\/icons\/fonts\/u12.eot?#iefix') format('embedded-opentype'), url('https:\/\/imsatextil.com\/wp-content\/themes\/thefox\/includes\/4k-icons\/icons\/4k-icons-pack04\/icons\/fonts\/u12.woff') format('woff'), url('https:\/\/imsatextil.com\/wp-content\/themes\/thefox\/includes\/4k-icons\/icons\/4k-icons-pack04\/icons\/fonts\/u12.ttf') format('truetype'), url('https:\/\/imsatextil.com\/wp-content\/themes\/thefox\/includes\/4k-icons\/icons\/4k-icons-pack04\/icons\/fonts\/u12.svg#oi') format('svg'); font-weight: normal; font-style: normal;}#rand_u1vy7nr1kb8lak81br1p .u12-human8:before{font-family: 'u12'; font-weight: normal; font-style: normal;}#rand_u1vy7nr1kb8lak81br1p .u12-human8:before{content: \"\\e829\";}<\/style>\n<style type=\"text\/css\" >.rd_list_1 .list_item_ctn { border-color:#ecf0f1}.rd_list_1 #rand_u1vy7nr1kb8lak81br1p .list_icn i,.rd_list_1_alt #rand_u1vy7nr1kb8lak81br1p .list_icn i{color:#4a4f55;}.rd_list_2 #rand_u1vy7nr1kb8lak81br1p:after{background:#4a4f55;}.rd_list_2 #rand_u1vy7nr1kb8lak81br1p .list_icn i{color:#4a4f55;}.rd_list_3 #rand_u1vy7nr1kb8lak81br1p .list_icn,.rd_list_5 #rand_u1vy7nr1kb8lak81br1p .list_icn,.rd_list_6 #rand_u1vy7nr1kb8lak81br1p .list_icn{background:#4a4f55;}.rd_list_4 #rand_u1vy7nr1kb8lak81br1p{background:#4a4f55;}#rand_u1vy7nr1kb8lak81br1p h3{color:#000000;}#rand_u1vy7nr1kb8lak81br1p p{color:#4a4f55;}.rd_list_7 #rand_u1vy7nr1kb8lak81br1p .list_icn{color:#4a4f55;}<\/style><div class=\"list_item_ctn\" id=\"rand_u1vy7nr1kb8lak81br1p\"><div class=\"list_icn\"><i class=\"u12-human8\"><\/i><\/div><div class=\"list_desc\"><p>Adrecis a<\/p><\/div><\/div><style type='text\/css'> @font-face{font-family: 'dr'; src:url('https:\/\/imsatextil.com\/wp-content\/themes\/thefox\/includes\/4k-icons\/icons\/4k-icons-pack01\/icons\/fonts\/dr.eot'); src:url('https:\/\/imsatextil.com\/wp-content\/themes\/thefox\/includes\/4k-icons\/icons\/4k-icons-pack01\/icons\/fonts\/dr.eot?#iefix') format('embedded-opentype'), url('https:\/\/imsatextil.com\/wp-content\/themes\/thefox\/includes\/4k-icons\/icons\/4k-icons-pack01\/icons\/fonts\/dr.woff') format('woff'), url('https:\/\/imsatextil.com\/wp-content\/themes\/thefox\/includes\/4k-icons\/icons\/4k-icons-pack01\/icons\/fonts\/dr.ttf') format('truetype'), url('https:\/\/imsatextil.com\/wp-content\/themes\/thefox\/includes\/4k-icons\/icons\/4k-icons-pack01\/icons\/fonts\/dr.svg#oi') format('svg'); font-weight: normal; font-style: normal;}#rand_gradgbrfuiddupc4tp2t .dr-mail5:before{font-family: 'dr'; font-weight: normal; font-style: normal;}#rand_gradgbrfuiddupc4tp2t .dr-mail5:before{content: \"\\e82e\";}<\/style>\n<style type=\"text\/css\" >.rd_list_1 .list_item_ctn { border-color:#ecf0f1}.rd_list_1 #rand_gradgbrfuiddupc4tp2t .list_icn i,.rd_list_1_alt #rand_gradgbrfuiddupc4tp2t .list_icn i{color:#4a4f55;}.rd_list_2 #rand_gradgbrfuiddupc4tp2t:after{background:#4a4f55;}.rd_list_2 #rand_gradgbrfuiddupc4tp2t .list_icn i{color:#4a4f55;}.rd_list_3 #rand_gradgbrfuiddupc4tp2t .list_icn,.rd_list_5 #rand_gradgbrfuiddupc4tp2t .list_icn,.rd_list_6 #rand_gradgbrfuiddupc4tp2t .list_icn{background:#4a4f55;}.rd_list_4 #rand_gradgbrfuiddupc4tp2t{background:#4a4f55;}#rand_gradgbrfuiddupc4tp2t h3{color:#000000;}#rand_gradgbrfuiddupc4tp2t p{color:#4a4f55;}.rd_list_7 #rand_gradgbrfuiddupc4tp2t .list_icn{color:#4a4f55;}<\/style><div class=\"list_item_ctn\" id=\"rand_gradgbrfuiddupc4tp2t\"><div class=\"list_icn\"><i class=\"dr-mail5\"><\/i><\/div><a href=\"mailto:imsa.textil@murtra.com\" target=\"_blank\"><div class=\"list_desc\"><p>imsa.textil@murtra.com<\/p><\/a><\/div><\/div><style type='text\/css'> @font-face{font-family: 'imf'; src:url('https:\/\/imsatextil.com\/wp-content\/themes\/thefox\/includes\/4k-icons\/icons\/4k-icons-pack03\/icons\/fonts\/imf.eot'); src:url('https:\/\/imsatextil.com\/wp-content\/themes\/thefox\/includes\/4k-icons\/icons\/4k-icons-pack03\/icons\/fonts\/imf.eot?#iefix') format('embedded-opentype'), url('https:\/\/imsatextil.com\/wp-content\/themes\/thefox\/includes\/4k-icons\/icons\/4k-icons-pack03\/icons\/fonts\/imf.woff') format('woff'), url('https:\/\/imsatextil.com\/wp-content\/themes\/thefox\/includes\/4k-icons\/icons\/4k-icons-pack03\/icons\/fonts\/imf.ttf') format('truetype'), url('https:\/\/imsatextil.com\/wp-content\/themes\/thefox\/includes\/4k-icons\/icons\/4k-icons-pack03\/icons\/fonts\/imf.svg#oi') format('svg'); font-weight: normal; font-style: normal;}#rand_a97gkf7z7vkegdx2mn4z .imf-phone-5:before{font-family: 'imf'; font-weight: normal; font-style: normal;}#rand_a97gkf7z7vkegdx2mn4z .imf-phone-5:before{content: \"\\e0e4\";}<\/style>\n<style type=\"text\/css\" >.rd_list_1 .list_item_ctn { border-color:#ecf0f1}.rd_list_1 #rand_a97gkf7z7vkegdx2mn4z .list_icn i,.rd_list_1_alt #rand_a97gkf7z7vkegdx2mn4z .list_icn i{color:#4a4f55;}.rd_list_2 #rand_a97gkf7z7vkegdx2mn4z:after{background:#4a4f55;}.rd_list_2 #rand_a97gkf7z7vkegdx2mn4z .list_icn i{color:#4a4f55;}.rd_list_3 #rand_a97gkf7z7vkegdx2mn4z .list_icn,.rd_list_5 #rand_a97gkf7z7vkegdx2mn4z .list_icn,.rd_list_6 #rand_a97gkf7z7vkegdx2mn4z .list_icn{background:#4a4f55;}.rd_list_4 #rand_a97gkf7z7vkegdx2mn4z{background:#4a4f55;}#rand_a97gkf7z7vkegdx2mn4z h3{color:#000000;}#rand_a97gkf7z7vkegdx2mn4z p{color:#4a4f55;}.rd_list_7 #rand_a97gkf7z7vkegdx2mn4z .list_icn{color:#4a4f55;}<\/style><div class=\"list_item_ctn\" id=\"rand_a97gkf7z7vkegdx2mn4z\"><div class=\"list_icn\"><i class=\"imf-phone-5\"><\/i><\/div><div class=\"list_desc\"><p>+34 938 464 996<\/p><\/div><\/div><style type='text\/css'> @font-face{font-family: ''; src:url('https:\/\/imsatextil.com\/wp-content\/themes\/thefox\/includes\/4k-icons\/icons\/fonts\/.eot'); src:url('https:\/\/imsatextil.com\/wp-content\/themes\/thefox\/includes\/4k-icons\/icons\/fonts\/.eot?#iefix') format('embedded-opentype'), url('https:\/\/imsatextil.com\/wp-content\/themes\/thefox\/includes\/4k-icons\/icons\/fonts\/.woff') format('woff'), url('https:\/\/imsatextil.com\/wp-content\/themes\/thefox\/includes\/4k-icons\/icons\/fonts\/.ttf') format('truetype'), url('https:\/\/imsatextil.com\/wp-content\/themes\/thefox\/includes\/4k-icons\/icons\/fonts\/.svg#oi') format('svg'); font-weight: normal; font-style: normal;}#rand_xr713mtm2sa4wmb21584 .:before{font-family: ''; font-weight: normal; font-style: normal;}#rand_xr713mtm2sa4wmb21584 .:before{content: \"\";}<\/style>\n<style type=\"text\/css\" >.rd_list_1 .list_item_ctn { border-color:#ecf0f1}.rd_list_1 #rand_xr713mtm2sa4wmb21584 .list_icn i,.rd_list_1_alt #rand_xr713mtm2sa4wmb21584 .list_icn i{color:#000000;}.rd_list_2 #rand_xr713mtm2sa4wmb21584:after{background:#4a4f55;}.rd_list_2 #rand_xr713mtm2sa4wmb21584 .list_icn i{color:#000000;}.rd_list_3 #rand_xr713mtm2sa4wmb21584 .list_icn,.rd_list_5 #rand_xr713mtm2sa4wmb21584 .list_icn,.rd_list_6 #rand_xr713mtm2sa4wmb21584 .list_icn{background:#000000;}.rd_list_4 #rand_xr713mtm2sa4wmb21584{background:#000000;}#rand_xr713mtm2sa4wmb21584 h3{color:#000000;}#rand_xr713mtm2sa4wmb21584 p{color:#4a4f55;}.rd_list_7 #rand_xr713mtm2sa4wmb21584 .list_icn{color:#000000;}<\/style><div class=\"list_item_ctn\" id=\"rand_xr713mtm2sa4wmb21584\"><div class=\"list_icn\"><i class=\"\"><\/i><\/div><div class=\"list_desc\"><\/div><\/div><\/div>\r\n\r\n<!-- lists END-->\n\n\t\t<\/div> <\/div>\n\t<\/div> \n\n\t<div class=\"vc_span4 wpb_column vc_column_container \"><div class=\"vc_column-inner vc_custom_1512387731630\">\n\t\t<div class=\"wpb_wrapper\">\n\t\t\t<h3 style=\"font-size: 30px;color: #ffffff;line-height: 24px;text-align: left;font-family:Abel;font-weight:400;font-style:normal\" class=\"vc_custom_heading vc_custom_1517476658593\" >Contacta amb nosaltres<\/h3><style type=\"text\/css\" >#rd_zy90gh1a5gxzodxyj549 .wpcf7,#rd_zy90gh1a5gxzodxyj549 input:not([type=submit]),#rd_zy90gh1a5gxzodxyj549 textarea,#rd_zy90gh1a5gxzodxyj549 .wpcf7 select,#rd_zy90gh1a5gxzodxyj549 .wpcf7 input[type=\"checkbox\"]:checked{color:#000000;}#rd_zy90gh1a5gxzodxyj549 .wpcf7 input[type=\"checkbox\"]{background:rgba(0,0,0,0); color:rgba(0,0,0,0);}#rd_zy90gh1a5gxzodxyj549 ::-webkit-input-placeholder{color:#4a4f55;}#rd_zy90gh1a5gxzodxyj549 :-moz-placeholder{color:#4a4f55;}#rd_zy90gh1a5gxzodxyj549 ::-moz-placeholder{color:#4a4f55;}#rd_zy90gh1a5gxzodxyj549 :-ms-input-placeholder{color:#4a4f55;}#rd_zy90gh1a5gxzodxyj549 .wpcf7 select{color:#4a4f55;}#rd_zy90gh1a5gxzodxyj549 .wpcf7 input[type=submit]{font-size:14px; font-weight:700; border-radius:5px; padding:9px 20px 10px; letter-spacing: 1.5px; border:2px solid; min-width:230px;}#rd_zy90gh1a5gxzodxyj549 .wpcf7 input[type=submit]:hover {background:#ffffff; border-color:#ffffff; color:#ffffff !important;}#rd_zy90gh1a5gxzodxyj549 .wpcf7 textarea{height:110px;}#rd_zy90gh1a5gxzodxyj549 .wpcf7 input:not([type=submit]),#rd_zy90gh1a5gxzodxyj549 textarea,#rd_zy90gh1a5gxzodxyj549 .wpcf7 select{border-radius:0px;}#rd_zy90gh1a5gxzodxyj549 .wpcf7 input:not([type=submit]),#rd_zy90gh1a5gxzodxyj549 textarea,#rd_zy90gh1a5gxzodxyj549 .wpcf7 input[type=submit],#rd_zy90gh1a5gxzodxyj549 .wpcf7 select{margin-top:3px;}#rd_zy90gh1a5gxzodxyj549 p{margin-bottom:23px;}#rd_zy90gh1a5gxzodxyj549 .wpcf7 input:not([type=submit]),#rd_zy90gh1a5gxzodxyj549 .wpcf7  textarea,#rd_zy90gh1a5gxzodxyj549 .wpcf7 select{border:1px solid #ecf0f1; background:#ffffff;}#rd_zy90gh1a5gxzodxyj549 .wpcf7 input[type=submit]{background:#000000; color:#ffffff !important;}<\/style><div id=\"rd_zy90gh1a5gxzodxyj549\" class=\"\"><div role=\"form\" class=\"wpcf7\" id=\"wpcf7-f278-o1\" lang=\"es-ES\" dir=\"ltr\">\n<div class=\"screen-reader-response\"><\/div>\n<form action=\"\/ca\/wp-json\/wp\/v2\/pages\/259#wpcf7-f278-o1\" method=\"post\" class=\"wpcf7-form\" novalidate=\"novalidate\">\n<div style=\"display: none;\">\n<input type=\"hidden\" name=\"_wpcf7\" value=\"278\" \/>\n<input type=\"hidden\" name=\"_wpcf7_version\" value=\"4.8\" \/>\n<input type=\"hidden\" name=\"_wpcf7_locale\" value=\"es_ES\" \/>\n<input type=\"hidden\" name=\"_wpcf7_unit_tag\" value=\"wpcf7-f278-o1\" \/>\n<input type=\"hidden\" name=\"_wpcf7_container_post\" value=\"0\" \/>\n<input type=\"hidden\" name=\"_wpcf7_nonce\" value=\"91e50c387c\" \/>\n<\/div>\n<p><span class=\"wpcf7-form-control-wrap your-name\"><input type=\"text\" name=\"your-name\" value=\"\" size=\"40\" class=\"wpcf7-form-control wpcf7-text wpcf7-validates-as-required\" aria-required=\"true\" aria-invalid=\"false\" placeholder=\"Nom\" \/><\/span><span class=\"wpcf7-form-control-wrap your-phone\"><input type=\"tel\" name=\"your-phone\" value=\"\" size=\"40\" class=\"wpcf7-form-control wpcf7-text wpcf7-tel wpcf7-validates-as-required wpcf7-validates-as-tel\" aria-required=\"true\" aria-invalid=\"false\" placeholder=\"T\u00e8lefon\" \/><\/span><span class=\"wpcf7-form-control-wrap your-recipient\"><select name=\"your-recipient\" class=\"wpcf7-form-control wpcf7-select wpcf7-validates-as-required\" aria-required=\"true\" aria-invalid=\"false\"><option value=\"\">Escull la teva regi\u00f3<\/option><option value=\"Catalunya\">Catalunya<\/option><option value=\"Madrid\">Madrid<\/option><option value=\"Galicia\">Galicia<\/option><option value=\"Andalucia\">Andalucia<\/option><option value=\"C. Valenciana y Murcia\">C. Valenciana y Murcia<\/option><option value=\"Arag\u00f3n, P. Vasco, Navarra y La Rioja\">Arag\u00f3n, P. Vasco, Navarra y La Rioja<\/option><option value=\"Portugal\">Portugal<\/option><option value=\"South of France\">South of France<\/option><option value=\"Germany\">Germany<\/option><option value=\"Netherlands\">Netherlands<\/option><option value=\"Belgium\">Belgium<\/option><option value=\"Poland\">Poland<\/option><option value=\"Lithuania\">Lithuania<\/option><option value=\"Russia\">Russia<\/option><option value=\"Greece\">Greece<\/option><option value=\"Romania\">Romania<\/option><option value=\"Others\">Others<\/option><\/select><\/span><span class=\"wpcf7-form-control-wrap your-message\"><textarea name=\"your-message\" cols=\"40\" rows=\"10\" class=\"wpcf7-form-control wpcf7-textarea wpcf7-validates-as-required\" aria-required=\"true\" aria-invalid=\"false\" placeholder=\"Missatge\"><\/textarea><\/span>\n<div class=\"wpcf7-form-control-wrap\"><div data-sitekey=\"6Ld2jD0aAAAAAHYm2W8n5of_rJn0uE7794AH11NM\" data-theme=\"dark\" class=\"wpcf7-form-control g-recaptcha wpcf7-recaptcha\"><\/div>\n<noscript>\n\t<div style=\"width: 302px; height: 422px;\">\n\t\t<div style=\"width: 302px; height: 422px; position: relative;\">\n\t\t\t<div style=\"width: 302px; height: 422px; position: absolute;\">\n\t\t\t\t<iframe src=\"https:\/\/www.google.com\/recaptcha\/api\/fallback?k=6Ld2jD0aAAAAAHYm2W8n5of_rJn0uE7794AH11NM\" frameborder=\"0\" scrolling=\"no\" style=\"width: 302px; height:422px; border-style: none;\">\n\t\t\t\t<\/iframe>\n\t\t\t<\/div>\n\t\t\t<div style=\"width: 300px; height: 60px; border-style: none; bottom: 12px; left: 25px; margin: 0px; padding: 0px; right: 25px; background: #f9f9f9; border: 1px solid #c1c1c1; border-radius: 3px;\">\n\t\t\t\t<textarea id=\"g-recaptcha-response\" name=\"g-recaptcha-response\" class=\"g-recaptcha-response\" style=\"width: 250px; height: 40px; border: 1px solid #c1c1c1; margin: 10px 25px; padding: 0px; resize: none;\">\n\t\t\t\t<\/textarea>\n\t\t\t<\/div>\n\t\t<\/div>\n\t<\/div>\n<\/noscript>\n<\/div>\n<p><input type=\"submit\" value=\"ENVIAR\" class=\"wpcf7-form-control wpcf7-submit\" \/><\/p>\n<div class=\"wpcf7-response-output wpcf7-display-none\"><\/div><\/form><\/div><\/div>\n\t\t<\/div> <\/div>\n\t<\/div> \n<\/div>\n","protected":false},"excerpt":{"rendered":"<p>IMSA Presents a tota Europa LI AGRADARIA CON\u00c8IXER LES NOSTRES PROPOSTES? Adrecis a imsa.textil@murtra.com +34 938 464 996 Contacta amb nosaltres Escull la teva regi\u00f3CatalunyaMadridGaliciaAndaluciaC. Valenciana y MurciaArag\u00f3n, P. Vasco, Navarra y La RiojaPortugalSouth of FranceGermanyNetherlandsBelgiumPolandLithuaniaRussiaGreeceRomaniaOthers<br \/><a href=\"https:\/\/imsatextil.com\/ca\/contacte\/\" class=\"more\">Read more<\/a><\/p>\n","protected":false},"author":1,"featured_media":0,"parent":0,"menu_order":0,"comment_status":"closed","ping_status":"closed","template":"","meta":{"footnotes":""},"class_list":["post-259","page","type-page","status-publish","hentry"],"_links":{"self":[{"href":"https:\/\/imsatextil.com\/ca\/wp-json\/wp\/v2\/pages\/259","targetHints":{"allow":["GET"]}}],"collection":[{"href":"https:\/\/imsatextil.com\/ca\/wp-json\/wp\/v2\/pages"}],"about":[{"href":"https:\/\/imsatextil.com\/ca\/wp-json\/wp\/v2\/types\/page"}],"author":[{"embeddable":true,"href":"https:\/\/imsatextil.com\/ca\/wp-json\/wp\/v2\/users\/1"}],"replies":[{"embeddable":true,"href":"https:\/\/imsatextil.com\/ca\/wp-json\/wp\/v2\/comments?post=259"}],"version-history":[{"count":10,"href":"https:\/\/imsatextil.com\/ca\/wp-json\/wp\/v2\/pages\/259\/revisions"}],"predecessor-version":[{"id":7526,"href":"https:\/\/imsatextil.com\/ca\/wp-json\/wp\/v2\/pages\/259\/revisions\/7526"}],"wp:attachment":[{"href":"https:\/\/imsatextil.com\/ca\/wp-json\/wp\/v2\/media?parent=259"}],"curies":[{"name":"wp","href":"https:\/\/api.w.org\/{rel}","templated":true}]}}