{"id":290,"date":"2017-11-20T09:56:49","date_gmt":"2017-11-20T09:56:49","guid":{"rendered":"http:\/\/imsa.b.wetopi.com\/home\/"},"modified":"2026-01-23T13:03:57","modified_gmt":"2026-01-23T13:03:57","slug":"home","status":"publish","type":"page","link":"https:\/\/imsatextil.com\/ca\/","title":{"rendered":"Home"},"content":{"rendered":"<div  id='first-row'  class=\"vc_row wpb_row vc_row-fluid vc_custom_1726577146704 full-width-section \">\n\t<div class=\"vc_span7 wpb_column vc_column_container \"><div class=\"vc_column-inner \">\n\t\t<div class=\"wpb_wrapper\">\n\t\t\t\n\t\t<\/div> <\/div>\n\t<\/div> \n\n\t<div class=\"vc_span5 wpb_column vc_column_container \"><div class=\"vc_column-inner vc_custom_1511173402413\">\n\t\t<div class=\"wpb_wrapper\">\n\t\t\t<h1 style=\"color: #ffffff;text-align: left\" class=\"vc_custom_heading vc_custom_1516371930542\" >QU\u00c8 T'OFERIM?<\/h1>\r\n\t<div class=\"wpb_single_image wpb_content_element vc_align_left\">\r\n\t\t<div class=\"wpb_wrapper\">\r\n\t\t\t\r\n\t\t\t<div class=\"vc_single_image-wrapper   vc_box_border_grey\"><img loading=\"lazy\" decoding=\"async\" width=\"181\" height=\"7\" src=\"https:\/\/imsatextil.com\/wp-content\/uploads\/2017\/11\/separator.png\" class=\"vc_single_image-img attachment-full\" alt=\"\" \/><\/div>\r\n\t\t<\/div>\r\n\t<\/div>\r\n<h2 style=\"font-size: 26px;color: #ffffff;line-height: 38px;text-align: left;font-family:PT Sans;font-weight:400;font-style:normal\" class=\"vc_custom_heading\" >IMSA ofereix a la seva clientela<br \/>\nuna \u00e0mplia varietat de teixits adre\u00e7ats a una dona elegant i a un selecte p\u00fablic infantil.<\/h2>\n\t<div class=\"wpb_text_column wpb_content_element  vc_custom_1516372106751 \" >\n\t\t<div class=\"wpb_wrapper\" id=\"ct_s9utvdnpgitadzgo9a3u\">\n\t\t\t<p><a href=\"\/ca\/empresa\/\"><span style=\"color: #ffffff;\">con\u00e8ixer m\u00e9s l\u2019empresa\u00a0<\/span> <i class=\"fa fa-angle-double-right\" aria-hidden=\"true\"><\/i><\/a><\/p>\n\n\t\t<\/div> <style type=\"text\/css\" >#ct_s9utvdnpgitadzgo9a3u {font-size:17px;}#ct_s9utvdnpgitadzgo9a3u ,#ct_s9utvdnpgitadzgo9a3u p {line-height:36px;}<\/style>\n\t<\/div> \n\t\t<\/div> <\/div>\n\t<\/div> \n<\/div><div   class=\"vc_row wpb_row vc_row-fluid vc_custom_1511178586056  \">\n\t<div class=\"vc_span12 wpb_column vc_column_container \"><div class=\"vc_column-inner \">\n\t\t<div class=\"wpb_wrapper\">\n\t\t\t<h2 style=\"font-size: 36px;line-height: 41px;text-align: left\" class=\"vc_custom_heading vc_custom_1516788834709\" >LES NOSTRES COL\u00b7LECCIONS<\/h2>\r\n\t<div class=\"wpb_single_image wpb_content_element vc_align_left   vc_custom_1511178695259\">\r\n\t\t<div class=\"wpb_wrapper\">\r\n\t\t\t\r\n\t\t\t<div class=\"vc_single_image-wrapper   vc_box_border_grey\"><img loading=\"lazy\" decoding=\"async\" width=\"181\" height=\"7\" src=\"https:\/\/imsatextil.com\/wp-content\/uploads\/2017\/11\/separator_black.png\" class=\"vc_single_image-img attachment-full\" alt=\"\" \/><\/div>\r\n\t\t<\/div>\r\n\t<\/div>\r\n<div class=\"vc_row wpb_row vc_inner vc_row-fluid vc_custom_1511178582124 vc_row-o-equal-height vc_row-flex\"><div class=\"wpb_column vc_column_container vc_span3\"><div class=\"vc_column-inner  vc_custom_1511178659780\"><div class=\"wpb_wrapper\"><h2 style=\"text-align: left\" class=\"vc_custom_heading vc_custom_1516371441579\" >CONSUMIDOR<br \/>\nEXIGENT<\/h2>\n\t<div class=\"wpb_text_column wpb_content_element  \" >\n\t\t<div class=\"wpb_wrapper\" id=\"ct_uelotqyqo176m2wk1vyv\">\n\t\t\t<p>Seleccionem i dissenyem les nostre teles pensant amb clients amb altes expectatives de les seves peces de roba, perqu\u00e8 com vestim defineix la nostra personalitat.<\/p>\n\n\t\t<\/div> \n\t<\/div> <\/div><\/div><\/div><div class=\"wpb_column vc_column_container vc_span1 vc_hidden-xs\"><div class=\"vc_column-inner  vc_custom_1511178708234\"><div class=\"wpb_wrapper\"><style type=\"text\/css\" >#l_t45v3nidxa8l5yoswovg.sc_vline {background:#000000; min-height:130px; width:2px;}#l_t45v3nidxa8l5yoswovg{margin:0px auto 0px auto; padding:0;}<\/style><div class=\"clearfix\"><\/div><div id=\"l_t45v3nidxa8l5yoswovg\"  class=\"sc_vline\" ><\/div><\/div><\/div><\/div><div class=\"wpb_column vc_column_container vc_span3\"><div class=\"vc_column-inner  vc_custom_1511178665038\"><div class=\"wpb_wrapper\"><h2 style=\"text-align: left\" class=\"vc_custom_heading vc_custom_1516371460641\" >DISENY<br \/>\nAMB VALOR<\/h2>\n\t<div class=\"wpb_text_column wpb_content_element  \" >\n\t\t<div class=\"wpb_wrapper\" id=\"ct_n3cja1goprvxgz4z6a2m\">\n\t\t\t<p>El disseny \u00e9s l\u2019aut\u00e8ntic valor afegit de les nostres col\u00b7leccions, que recullen les \u00faltimes tend\u00e8ncies del mercat. Propostes coordinades amb atractives i actuals paletes de colors.<\/p>\n\n\t\t<\/div> \n\t<\/div> <\/div><\/div><\/div><div class=\"wpb_column vc_column_container vc_span1 vc_hidden-xs\"><div class=\"vc_column-inner  vc_custom_1511178711450\"><div class=\"wpb_wrapper\"><style type=\"text\/css\" >#l_ys806nc1s0kqyjtctl7h.sc_vline {background:#000000; min-height:130px; width:2px;}#l_ys806nc1s0kqyjtctl7h{margin:0px auto 0px auto; padding:0;}<\/style><div class=\"clearfix\"><\/div><div id=\"l_ys806nc1s0kqyjtctl7h\"  class=\"sc_vline\" ><\/div><\/div><\/div><\/div><div class=\"wpb_column vc_column_container vc_span3\"><div class=\"vc_column-inner  vc_custom_1511178668443\"><div class=\"wpb_wrapper\"><h2 style=\"text-align: left\" class=\"vc_custom_heading vc_custom_1516371488102\" >TEIXITS DE<br \/>\nQUALITAT<\/h2>\n\t<div class=\"wpb_text_column wpb_content_element  \" >\n\t\t<div class=\"wpb_wrapper\" id=\"ct_qyg64kdkxws5zlpnhhb2\">\n\t\t\t<p>El nostres clients nom\u00e9s s\u2019han de preocupar de quina de les nostres propostes s\u2019adapta millor a les seves necessitats, els nostres estrictes controls de qualitat s\u2019asseguraran que les nostres teles els hi arribin en perfecte estat.<\/p>\n\n\t\t<\/div> \n\t<\/div> <\/div><\/div><\/div><\/div>\n\t\t<\/div> <\/div>\n\t<\/div> \n<\/div><div   class=\"vc_row wpb_row vc_row-fluid vc_custom_1511178534348  \">\n\t<div class=\"vc_span6 wpb_column vc_column_container \"><div class=\"vc_column-inner vc_custom_1511178571852\">\n\t\t<div class=\"wpb_wrapper\">\n\t\t\t\r\n\t<div class=\"wpb_single_image wpb_content_element vc_align_left\">\r\n\t\t<div class=\"wpb_wrapper\">\r\n\t\t\t\r\n\t\t\t<a href=\"\/ca\/colecciones\/coleccion-p-v-27\/\" target=\"_self\"><div class=\"vc_single_image-wrapper   vc_box_border_grey\"><img loading=\"lazy\" decoding=\"async\" width=\"575\" height=\"699\" src=\"https:\/\/imsatextil.com\/wp-content\/uploads\/2026\/01\/banner_colecciones_CAT.jpg\" class=\"vc_single_image-img attachment-full\" alt=\"\" srcset=\"https:\/\/imsatextil.com\/wp-content\/uploads\/2026\/01\/banner_colecciones_CAT.jpg 575w, https:\/\/imsatextil.com\/wp-content\/uploads\/2026\/01\/banner_colecciones_CAT-247x300.jpg 247w\" sizes=\"auto, (max-width: 575px) 100vw, 575px\" \/><\/div><\/a>\r\n\t\t<\/div>\r\n\t<\/div>\r\n\n\t\t<\/div> <\/div>\n\t<\/div> \n\n\t<div class=\"vc_span6 wpb_column vc_column_container \"><div class=\"vc_column-inner vc_custom_1511178575822\">\n\t\t<div class=\"wpb_wrapper\">\n\t\t\t\r\n\t<div class=\"wpb_single_image wpb_content_element vc_align_left\">\r\n\t\t<div class=\"wpb_wrapper\">\r\n\t\t\t\r\n\t\t\t<a href=\"\/ca\/colecciones\/coleccion-o-i-26\/\" target=\"_self\"><div class=\"vc_single_image-wrapper   vc_box_border_grey\"><img loading=\"lazy\" decoding=\"async\" width=\"575\" height=\"699\" src=\"https:\/\/imsatextil.com\/wp-content\/uploads\/2025\/09\/banner_CA.jpg\" class=\"vc_single_image-img attachment-full\" alt=\"\" srcset=\"https:\/\/imsatextil.com\/wp-content\/uploads\/2025\/09\/banner_CA.jpg 575w, https:\/\/imsatextil.com\/wp-content\/uploads\/2025\/09\/banner_CA-247x300.jpg 247w\" sizes=\"auto, (max-width: 575px) 100vw, 575px\" \/><\/div><\/a>\r\n\t\t<\/div>\r\n\t<\/div>\r\n\n\t\t<\/div> <\/div>\n\t<\/div> \n<\/div><div   class=\"vc_row wpb_row vc_row-fluid vc_custom_1511178534348  \">\n\t<div class=\"vc_span6 wpb_column vc_column_container \"><div class=\"vc_column-inner vc_custom_1511178571852\">\n\t\t<div class=\"wpb_wrapper\">\n\t\t\t\r\n\t<div class=\"wpb_single_image wpb_content_element vc_align_left\">\r\n\t\t<div class=\"wpb_wrapper\">\r\n\t\t\t\r\n\t\t\t<a href=\"\/ca\/colecciones\/coleccion-p-v-26\/\" target=\"_self\"><div class=\"vc_single_image-wrapper   vc_box_border_grey\"><img loading=\"lazy\" decoding=\"async\" width=\"575\" height=\"699\" src=\"https:\/\/imsatextil.com\/wp-content\/uploads\/2025\/01\/banner_colecciones_03-4-2-1_CAT.jpg\" class=\"vc_single_image-img attachment-full\" alt=\"\" srcset=\"https:\/\/imsatextil.com\/wp-content\/uploads\/2025\/01\/banner_colecciones_03-4-2-1_CAT.jpg 575w, https:\/\/imsatextil.com\/wp-content\/uploads\/2025\/01\/banner_colecciones_03-4-2-1_CAT-247x300.jpg 247w\" sizes=\"auto, (max-width: 575px) 100vw, 575px\" \/><\/div><\/a>\r\n\t\t<\/div>\r\n\t<\/div>\r\n\n\t\t<\/div> <\/div>\n\t<\/div> \n\n\t<div class=\"vc_span6 wpb_column vc_column_container \"><div class=\"vc_column-inner vc_custom_1511178575822\">\n\t\t<div class=\"wpb_wrapper\">\n\t\t\t\r\n\t<div class=\"wpb_single_image wpb_content_element vc_align_left\">\r\n\t\t<div class=\"wpb_wrapper\">\r\n\t\t\t\r\n\t\t\t<a href=\"\/ca\/colecciones\/coleccion-o-i-25\/\" target=\"_self\"><div class=\"vc_single_image-wrapper   vc_box_border_grey\"><img loading=\"lazy\" decoding=\"async\" width=\"575\" height=\"699\" src=\"https:\/\/imsatextil.com\/wp-content\/uploads\/2024\/09\/banner_colecciones_CAT.jpg\" class=\"vc_single_image-img attachment-full\" alt=\"\" srcset=\"https:\/\/imsatextil.com\/wp-content\/uploads\/2024\/09\/banner_colecciones_CAT.jpg 575w, https:\/\/imsatextil.com\/wp-content\/uploads\/2024\/09\/banner_colecciones_CAT-247x300.jpg 247w\" sizes=\"auto, (max-width: 575px) 100vw, 575px\" \/><\/div><\/a>\r\n\t\t<\/div>\r\n\t<\/div>\r\n\n\t\t<\/div> <\/div>\n\t<\/div> \n<\/div><div   class=\"vc_row wpb_row vc_row-fluid vc_custom_1511178534348  \">\n\t<div class=\"vc_span6 wpb_column vc_column_container \"><div class=\"vc_column-inner vc_custom_1511178571852\">\n\t\t<div class=\"wpb_wrapper\">\n\t\t\t\r\n\t<div class=\"wpb_single_image wpb_content_element vc_align_left\">\r\n\t\t<div class=\"wpb_wrapper\">\r\n\t\t\t\r\n\t\t\t<a href=\"\/ca\/colecciones\/colecciones-coleccion-p-v-25\/\" target=\"_self\"><div class=\"vc_single_image-wrapper   vc_box_border_grey\"><img loading=\"lazy\" decoding=\"async\" width=\"575\" height=\"699\" src=\"https:\/\/imsatextil.com\/wp-content\/uploads\/2024\/01\/ColPrimavera-ESTIU2025.jpg\" class=\"vc_single_image-img attachment-full\" alt=\"\" srcset=\"https:\/\/imsatextil.com\/wp-content\/uploads\/2024\/01\/ColPrimavera-ESTIU2025.jpg 575w, https:\/\/imsatextil.com\/wp-content\/uploads\/2024\/01\/ColPrimavera-ESTIU2025-247x300.jpg 247w\" sizes=\"auto, (max-width: 575px) 100vw, 575px\" \/><\/div><\/a>\r\n\t\t<\/div>\r\n\t<\/div>\r\n\n\t\t<\/div> <\/div>\n\t<\/div> \n\n\t<div class=\"vc_span6 wpb_column vc_column_container \"><div class=\"vc_column-inner vc_custom_1511178575822\">\n\t\t<div class=\"wpb_wrapper\">\n\t\t\t\r\n\t<div class=\"wpb_single_image wpb_content_element vc_align_left\">\r\n\t\t<div class=\"wpb_wrapper\">\r\n\t\t\t\r\n\t\t\t<a href=\"\/ca\/colecciones\/coleccion-o-i-24\/\" target=\"_self\"><div class=\"vc_single_image-wrapper   vc_box_border_grey\"><img loading=\"lazy\" decoding=\"async\" width=\"575\" height=\"699\" src=\"https:\/\/imsatextil.com\/wp-content\/uploads\/2023\/07\/banner_colecciones_24_CAT.jpg\" class=\"vc_single_image-img attachment-full\" alt=\"\" srcset=\"https:\/\/imsatextil.com\/wp-content\/uploads\/2023\/07\/banner_colecciones_24_CAT.jpg 575w, https:\/\/imsatextil.com\/wp-content\/uploads\/2023\/07\/banner_colecciones_24_CAT-247x300.jpg 247w\" sizes=\"auto, (max-width: 575px) 100vw, 575px\" \/><\/div><\/a>\r\n\t\t<\/div>\r\n\t<\/div>\r\n\n\t\t<\/div> <\/div>\n\t<\/div> \n<\/div><div   class=\"vc_row wpb_row vc_row-fluid vc_custom_1511178534348  \">\n\t<div class=\"vc_span6 wpb_column vc_column_container \"><div class=\"vc_column-inner vc_custom_1511178571852\">\n\t\t<div class=\"wpb_wrapper\">\n\t\t\t\r\n\t<div class=\"wpb_single_image wpb_content_element vc_align_left\">\r\n\t\t<div class=\"wpb_wrapper\">\r\n\t\t\t\r\n\t\t\t<a href=\"\/ca\/colecciones\/coleccion-p-v-24\/\" target=\"_self\"><div class=\"vc_single_image-wrapper   vc_box_border_grey\"><img loading=\"lazy\" decoding=\"async\" width=\"575\" height=\"699\" src=\"https:\/\/imsatextil.com\/wp-content\/uploads\/2023\/02\/Banner_CAT_2024.jpg\" class=\"vc_single_image-img attachment-full\" alt=\"\" srcset=\"https:\/\/imsatextil.com\/wp-content\/uploads\/2023\/02\/Banner_CAT_2024.jpg 575w, https:\/\/imsatextil.com\/wp-content\/uploads\/2023\/02\/Banner_CAT_2024-247x300.jpg 247w\" sizes=\"auto, (max-width: 575px) 100vw, 575px\" \/><\/div><\/a>\r\n\t\t<\/div>\r\n\t<\/div>\r\n\n\t\t<\/div> <\/div>\n\t<\/div> \n\n\t<div class=\"vc_span6 wpb_column vc_column_container \"><div class=\"vc_column-inner vc_custom_1511178575822\">\n\t\t<div class=\"wpb_wrapper\">\n\t\t\t\r\n\t<div class=\"wpb_single_image wpb_content_element vc_align_left\">\r\n\t\t<div class=\"wpb_wrapper\">\r\n\t\t\t\r\n\t\t\t<a href=\"\/ca\/colecciones\/coleccion-o-i-23\/\" target=\"_self\"><div class=\"vc_single_image-wrapper   vc_box_border_grey\"><img loading=\"lazy\" decoding=\"async\" width=\"575\" height=\"699\" src=\"https:\/\/imsatextil.com\/wp-content\/uploads\/2022\/08\/banner_colecciones_Invierno_CAT.jpg\" class=\"vc_single_image-img attachment-full\" alt=\"\" srcset=\"https:\/\/imsatextil.com\/wp-content\/uploads\/2022\/08\/banner_colecciones_Invierno_CAT.jpg 575w, https:\/\/imsatextil.com\/wp-content\/uploads\/2022\/08\/banner_colecciones_Invierno_CAT-247x300.jpg 247w\" sizes=\"auto, (max-width: 575px) 100vw, 575px\" \/><\/div><\/a>\r\n\t\t<\/div>\r\n\t<\/div>\r\n\n\t\t<\/div> <\/div>\n\t<\/div> \n<\/div>\n","protected":false},"excerpt":{"rendered":"<p>QU\u00c8 T&#8217;OFERIM? IMSA ofereix a la seva clientela una \u00e0mplia varietat de teixits adre\u00e7ats a una dona elegant i a un selecte p\u00fablic infantil. con\u00e8ixer m\u00e9s l\u2019empresa\u00a0 LES NOSTRES COL\u00b7LECCIONS CONSUMIDOR EXIGENT Seleccionem i dissenyem les nostre teles pensant amb clients amb altes expectatives de les seves peces de roba, perqu\u00e8 com vestim defineix la<br \/><a href=\"https:\/\/imsatextil.com\/ca\/\" class=\"more\">Read more<\/a><\/p>\n","protected":false},"author":1,"featured_media":0,"parent":0,"menu_order":0,"comment_status":"closed","ping_status":"closed","template":"","meta":{"footnotes":""},"class_list":["post-290","page","type-page","status-publish","hentry"],"_links":{"self":[{"href":"https:\/\/imsatextil.com\/ca\/wp-json\/wp\/v2\/pages\/290","targetHints":{"allow":["GET"]}}],"collection":[{"href":"https:\/\/imsatextil.com\/ca\/wp-json\/wp\/v2\/pages"}],"about":[{"href":"https:\/\/imsatextil.com\/ca\/wp-json\/wp\/v2\/types\/page"}],"author":[{"embeddable":true,"href":"https:\/\/imsatextil.com\/ca\/wp-json\/wp\/v2\/users\/1"}],"replies":[{"embeddable":true,"href":"https:\/\/imsatextil.com\/ca\/wp-json\/wp\/v2\/comments?post=290"}],"version-history":[{"count":11,"href":"https:\/\/imsatextil.com\/ca\/wp-json\/wp\/v2\/pages\/290\/revisions"}],"predecessor-version":[{"id":11274,"href":"https:\/\/imsatextil.com\/ca\/wp-json\/wp\/v2\/pages\/290\/revisions\/11274"}],"wp:attachment":[{"href":"https:\/\/imsatextil.com\/ca\/wp-json\/wp\/v2\/media?parent=290"}],"curies":[{"name":"wp","href":"https:\/\/api.w.org\/{rel}","templated":true}]}}