{"id":308,"date":"2017-12-15T09:51:08","date_gmt":"2017-12-15T09:51:08","guid":{"rendered":"http:\/\/imsa.b.wetopi.com\/coleccion-p-v-18\/"},"modified":"2018-01-30T10:36:48","modified_gmt":"2018-01-30T10:36:48","slug":"coleccio-p-v-19","status":"publish","type":"page","link":"https:\/\/imsatextil.com\/ca\/colecciones\/coleccio-p-v-19\/","title":{"rendered":"Colecci\u00f3 P\/V 19"},"content":{"rendered":"<div  id='first-row'  class=\"vc_row wpb_row vc_row-fluid full-width-content \">\n\t<div class=\"vc_span12 wpb_column vc_column_container \"><div class=\"vc_column-inner \">\n\t\t<div class=\"wpb_wrapper\">\n\t\t\t\r\n\t<div class=\"wpb_single_image wpb_content_element vc_align_center\">\r\n\t\t<div class=\"wpb_wrapper\">\r\n\t\t\t\r\n\t\t\t<div class=\"vc_single_image-wrapper   vc_box_border_grey\"><img loading=\"lazy\" decoding=\"async\" width=\"1437\" height=\"192\" src=\"https:\/\/imsatextil.com\/wp-content\/uploads\/2017\/12\/header_ss18.jpg\" class=\"vc_single_image-img attachment-full\" alt=\"\" srcset=\"https:\/\/imsatextil.com\/wp-content\/uploads\/2017\/12\/header_ss18.jpg 1437w, https:\/\/imsatextil.com\/wp-content\/uploads\/2017\/12\/header_ss18-300x40.jpg 300w, https:\/\/imsatextil.com\/wp-content\/uploads\/2017\/12\/header_ss18-768x103.jpg 768w, https:\/\/imsatextil.com\/wp-content\/uploads\/2017\/12\/header_ss18-1024x137.jpg 1024w\" sizes=\"auto, (max-width: 1437px) 100vw, 1437px\" \/><\/div>\r\n\t\t<\/div>\r\n\t<\/div>\r\n\n\t\t<\/div> <\/div>\n\t<\/div> \n<\/div><div   class=\"vc_row wpb_row vc_row-fluid  \">\n\t<div class=\"vc_span12 wpb_column vc_column_container \"><div class=\"vc_column-inner \">\n\t\t<div class=\"wpb_wrapper\">\n\t\t\t<h2 style=\"text-align: left\" class=\"vc_custom_heading\" >PRIMAVERA \/ ESTIU 2019<\/h2>\r\n\t<div class=\"wpb_single_image wpb_content_element vc_align_left\">\r\n\t\t<div class=\"wpb_wrapper\">\r\n\t\t\t\r\n\t\t\t<div class=\"vc_single_image-wrapper   vc_box_border_grey\"><img loading=\"lazy\" decoding=\"async\" width=\"181\" height=\"7\" src=\"https:\/\/imsatextil.com\/wp-content\/uploads\/2017\/11\/separator_black.png\" class=\"vc_single_image-img attachment-full\" alt=\"\" \/><\/div>\r\n\t\t<\/div>\r\n\t<\/div>\r\n<div class=\"vc_row wpb_row vc_inner vc_row-fluid\"><div class=\"wpb_column vc_column_container vc_span6\"><div class=\"vc_column-inner  \"><div class=\"wpb_wrapper\">\n\t<div class=\"wpb_text_column wpb_content_element  \" >\n\t\t<div class=\"wpb_wrapper\" id=\"ct_zdx8xkuhe02xcibv7037\">\n\t\t\t<p>En aquesta col\u00b7lecci\u00f3 trobareu teixits sofisticats amb lurex, foils, lluentons, plissats, metal\u00b7litzats i gran varietat de brodats sobre tuls o bases de cot\u00f3. Per a estiu us proposem fibres naturals i artificials, presentem una \u00e0mplia oferta d\u2019articles amb lli i viscosa, ideals per a peces lleugeres i confortables, aix\u00ed com a peces per a articles infantils. Aquest estiu incrementem les nostres col\u00b7leccions de brodats amb nous motius, afegim tocs de color be mitjan\u00e7ant estampats o brodats, a m\u00e9s d\u2019incrementar les nostres refer\u00e8ncies en popel\u00edn de cot\u00f3, tot un cl\u00e0ssic a les nostres col\u00b7leccions estivals.<\/p>\n\n\t\t<\/div> \n\t<\/div> <\/div><\/div><\/div><div class=\"wpb_column vc_column_container vc_span6\"><div class=\"vc_column-inner  \"><div class=\"wpb_wrapper\">\n\t<div class=\"wpb_text_column wpb_content_element  \" >\n\t\t<div class=\"wpb_wrapper\" id=\"ct_jfwcsqd4jmgdtsc33shv\">\n\t\t\t<p>La nostra oferta inclou tamb\u00e9 dobles teles i jacquards que combinen perfectament amb la resta de la col\u00b7lecci\u00f3. Per a peces mes acolorides tenim unes importants c\u00e0psules d\u2019estampats, amb diferents bases, que recullen les \u00faltimes tend\u00e8ncies en colors i gr\u00e0fics. Tamb\u00e9 us donem la opci\u00f3 de desenvolupar els vostres propis gr\u00e0fics sobre algunes de les nostres bases, recordeu que els m\u00ednims poden ser de 300 a 1.000 metres per color per a dissenys exclusius. Veureu que alguna de les nostres propostes nom\u00e9s la oferim en color cru, blanc o PFD com a \u00fanica opci\u00f3. En aquests articles us podem estudiar el vostre color, demani\u2019ns pressupost.<\/p>\n\n\t\t<\/div> \n\t<\/div> <\/div><\/div><\/div><\/div><style type=\"text\/css\" >#ic_90vgv701sn7fg950n795 {margin:0px auto 0px; }#ic_90vgv701sn7fg950n795 .owl-prev,#ic_90vgv701sn7fg950n795 .owl-next{border-color:#ecf0f1; background:#ffffff; color:#4a4f55; }#ic_90vgv701sn7fg950n795 .owl-prev:hover,#ic_90vgv701sn7fg950n795 .owl-next:hover{background:#f9fafb; color:#000000; }#ic_90vgv701sn7fg950n795 .owl-prev:before,#ic_90vgv701sn7fg950n795 .owl-next:after{border-color:#4a4f55; }#ic_90vgv701sn7fg950n795 .owl-prev:hover::before,#ic_90vgv701sn7fg950n795 .owl-next:hover::after{border-color:#000000; }#ic_90vgv701sn7fg950n795 .owl-dot{ background:#ffffff; border-color:#ecf0f1; }#ic_90vgv701sn7fg950n795 .owl-dot.active{ background:#000000; border-color:#ecf0f1;}<\/style><script type=\"text\/javascript\" charset=\"utf-8\">\r\n\r\n\t\tjQuery.noConflict();\r\n\t\/\/setup up Carousel\r\n\t\tjQuery(document).ready(function($) {\r\n\t\"use strict\";\r\n\t$(window).load(function(){\r\n\t\t$(\"#ic_90vgv701sn7fg950n795\").owlCarousel({\r\n\t\t\trtl: $(\"body\").hasClass(\"rtl\") ? true : false,\r\n\t\t\tresponsiveClass:true,\r\n\t\t\tcenter:true,\r\n\t\t\tloop:true,\r\n\t\t\tresponsive:{\r\n\t\t\t\t0:{\r\n\t\t\t\t\titems:1,\r\n\t\t\t    },\r\n\t\t\t    780:{\r\n\t\t\t        items:2,\r\n\t\t\t\t},\r\n\t\t\t\t1000:{\r\n\t\t\t\t    items:2,\r\n\t\t\t\t},\r\n\t\t\t},\r\n            scroll: 1,\r\n\t\t\tautoplay:false,\r\n\t   \t \t dots:false,\r\n\t\t\t nav:true,\r\n\t\r\n\t\t});\r\n\t});\r\n});\r\n\r\n<\/script><div class=\"tt_testimonials_ctn rd_ic_center  hover_nav_style \" id=\"ic_90vgv701sn7fg950n795\" style=\"margin-top:0px; margin-bottom:0px;\"><a href=\"https:\/\/imsatextil.com\/wp-content\/uploads\/2018\/01\/6-SS-19-CATALAN-1024x769.jpg\"  rel=\"prettyPhoto[rel-90vgv701sn7fg950n795]\" ><img loading=\"lazy\" decoding=\"async\" width=\"3307\" height=\"2483\" src=\"https:\/\/imsatextil.com\/wp-content\/uploads\/2018\/01\/6-SS-19-CATALAN.jpg\" class=\"attachment-full\" alt=\"\" srcset=\"https:\/\/imsatextil.com\/wp-content\/uploads\/2018\/01\/6-SS-19-CATALAN.jpg 3307w, https:\/\/imsatextil.com\/wp-content\/uploads\/2018\/01\/6-SS-19-CATALAN-300x225.jpg 300w, https:\/\/imsatextil.com\/wp-content\/uploads\/2018\/01\/6-SS-19-CATALAN-768x577.jpg 768w, https:\/\/imsatextil.com\/wp-content\/uploads\/2018\/01\/6-SS-19-CATALAN-1024x769.jpg 1024w\" sizes=\"auto, (max-width: 3307px) 100vw, 3307px\" \/><\/a><a href=\"https:\/\/imsatextil.com\/wp-content\/uploads\/2018\/01\/5-SS-19-CATALAN-1024x769.jpg\"  rel=\"prettyPhoto[rel-90vgv701sn7fg950n795]\" ><img loading=\"lazy\" decoding=\"async\" width=\"3307\" height=\"2483\" src=\"https:\/\/imsatextil.com\/wp-content\/uploads\/2018\/01\/5-SS-19-CATALAN.jpg\" class=\"attachment-full\" alt=\"\" srcset=\"https:\/\/imsatextil.com\/wp-content\/uploads\/2018\/01\/5-SS-19-CATALAN.jpg 3307w, https:\/\/imsatextil.com\/wp-content\/uploads\/2018\/01\/5-SS-19-CATALAN-300x225.jpg 300w, https:\/\/imsatextil.com\/wp-content\/uploads\/2018\/01\/5-SS-19-CATALAN-768x577.jpg 768w, https:\/\/imsatextil.com\/wp-content\/uploads\/2018\/01\/5-SS-19-CATALAN-1024x769.jpg 1024w\" sizes=\"auto, (max-width: 3307px) 100vw, 3307px\" \/><\/a><a href=\"https:\/\/imsatextil.com\/wp-content\/uploads\/2018\/01\/4-SS-19-CATALAN-1024x769.jpg\"  rel=\"prettyPhoto[rel-90vgv701sn7fg950n795]\" ><img loading=\"lazy\" decoding=\"async\" width=\"3307\" height=\"2483\" src=\"https:\/\/imsatextil.com\/wp-content\/uploads\/2018\/01\/4-SS-19-CATALAN.jpg\" class=\"attachment-full\" alt=\"\" srcset=\"https:\/\/imsatextil.com\/wp-content\/uploads\/2018\/01\/4-SS-19-CATALAN.jpg 3307w, https:\/\/imsatextil.com\/wp-content\/uploads\/2018\/01\/4-SS-19-CATALAN-300x225.jpg 300w, https:\/\/imsatextil.com\/wp-content\/uploads\/2018\/01\/4-SS-19-CATALAN-768x577.jpg 768w, https:\/\/imsatextil.com\/wp-content\/uploads\/2018\/01\/4-SS-19-CATALAN-1024x769.jpg 1024w\" sizes=\"auto, (max-width: 3307px) 100vw, 3307px\" \/><\/a><a href=\"https:\/\/imsatextil.com\/wp-content\/uploads\/2018\/01\/3-SS-19-CATALAN-1024x769.jpg\"  rel=\"prettyPhoto[rel-90vgv701sn7fg950n795]\" ><img loading=\"lazy\" decoding=\"async\" width=\"3307\" height=\"2483\" src=\"https:\/\/imsatextil.com\/wp-content\/uploads\/2018\/01\/3-SS-19-CATALAN.jpg\" class=\"attachment-full\" alt=\"\" srcset=\"https:\/\/imsatextil.com\/wp-content\/uploads\/2018\/01\/3-SS-19-CATALAN.jpg 3307w, https:\/\/imsatextil.com\/wp-content\/uploads\/2018\/01\/3-SS-19-CATALAN-300x225.jpg 300w, https:\/\/imsatextil.com\/wp-content\/uploads\/2018\/01\/3-SS-19-CATALAN-768x577.jpg 768w, https:\/\/imsatextil.com\/wp-content\/uploads\/2018\/01\/3-SS-19-CATALAN-1024x769.jpg 1024w\" sizes=\"auto, (max-width: 3307px) 100vw, 3307px\" \/><\/a><a href=\"https:\/\/imsatextil.com\/wp-content\/uploads\/2018\/01\/2-SS-19-CATALAN-1024x769.jpg\"  rel=\"prettyPhoto[rel-90vgv701sn7fg950n795]\" ><img loading=\"lazy\" decoding=\"async\" width=\"3307\" height=\"2483\" src=\"https:\/\/imsatextil.com\/wp-content\/uploads\/2018\/01\/2-SS-19-CATALAN.jpg\" class=\"attachment-full\" alt=\"\" srcset=\"https:\/\/imsatextil.com\/wp-content\/uploads\/2018\/01\/2-SS-19-CATALAN.jpg 3307w, https:\/\/imsatextil.com\/wp-content\/uploads\/2018\/01\/2-SS-19-CATALAN-300x225.jpg 300w, https:\/\/imsatextil.com\/wp-content\/uploads\/2018\/01\/2-SS-19-CATALAN-768x577.jpg 768w, https:\/\/imsatextil.com\/wp-content\/uploads\/2018\/01\/2-SS-19-CATALAN-1024x769.jpg 1024w\" sizes=\"auto, (max-width: 3307px) 100vw, 3307px\" \/><\/a><a href=\"https:\/\/imsatextil.com\/wp-content\/uploads\/2018\/01\/1-SS-19-CATALAN-1024x769.jpg\"  rel=\"prettyPhoto[rel-90vgv701sn7fg950n795]\" ><img loading=\"lazy\" decoding=\"async\" width=\"3307\" height=\"2483\" src=\"https:\/\/imsatextil.com\/wp-content\/uploads\/2018\/01\/1-SS-19-CATALAN.jpg\" class=\"attachment-full\" alt=\"\" srcset=\"https:\/\/imsatextil.com\/wp-content\/uploads\/2018\/01\/1-SS-19-CATALAN.jpg 3307w, https:\/\/imsatextil.com\/wp-content\/uploads\/2018\/01\/1-SS-19-CATALAN-300x225.jpg 300w, https:\/\/imsatextil.com\/wp-content\/uploads\/2018\/01\/1-SS-19-CATALAN-768x577.jpg 768w, https:\/\/imsatextil.com\/wp-content\/uploads\/2018\/01\/1-SS-19-CATALAN-1024x769.jpg 1024w\" sizes=\"auto, (max-width: 3307px) 100vw, 3307px\" \/><\/a><\/div>\n\t\t<\/div> <\/div>\n\t<\/div> \n<\/div>\n","protected":false},"excerpt":{"rendered":"<p>PRIMAVERA \/ ESTIU 2019 En aquesta col\u00b7lecci\u00f3 trobareu teixits sofisticats amb lurex, foils, lluentons, plissats, metal\u00b7litzats i gran varietat de brodats sobre tuls o bases de cot\u00f3. Per a estiu us proposem fibres naturals i artificials, presentem una \u00e0mplia oferta d\u2019articles amb lli i viscosa, ideals per a peces lleugeres i confortables, aix\u00ed com a<br \/><a href=\"https:\/\/imsatextil.com\/ca\/colecciones\/coleccio-p-v-19\/\" class=\"more\">Read more<\/a><\/p>\n","protected":false},"author":1,"featured_media":0,"parent":305,"menu_order":0,"comment_status":"closed","ping_status":"closed","template":"","meta":{"footnotes":""},"class_list":["post-308","page","type-page","status-publish","hentry"],"_links":{"self":[{"href":"https:\/\/imsatextil.com\/ca\/wp-json\/wp\/v2\/pages\/308","targetHints":{"allow":["GET"]}}],"collection":[{"href":"https:\/\/imsatextil.com\/ca\/wp-json\/wp\/v2\/pages"}],"about":[{"href":"https:\/\/imsatextil.com\/ca\/wp-json\/wp\/v2\/types\/page"}],"author":[{"embeddable":true,"href":"https:\/\/imsatextil.com\/ca\/wp-json\/wp\/v2\/users\/1"}],"replies":[{"embeddable":true,"href":"https:\/\/imsatextil.com\/ca\/wp-json\/wp\/v2\/comments?post=308"}],"version-history":[{"count":7,"href":"https:\/\/imsatextil.com\/ca\/wp-json\/wp\/v2\/pages\/308\/revisions"}],"predecessor-version":[{"id":644,"href":"https:\/\/imsatextil.com\/ca\/wp-json\/wp\/v2\/pages\/308\/revisions\/644"}],"up":[{"embeddable":true,"href":"https:\/\/imsatextil.com\/ca\/wp-json\/wp\/v2\/pages\/305"}],"wp:attachment":[{"href":"https:\/\/imsatextil.com\/ca\/wp-json\/wp\/v2\/media?parent=308"}],"curies":[{"name":"wp","href":"https:\/\/api.w.org\/{rel}","templated":true}]}}