{"id":3684,"date":"2018-08-02T12:11:02","date_gmt":"2018-08-02T12:11:02","guid":{"rendered":"http:\/\/imsatextil.com\/colecciones\/coleccion-o-i-20\/"},"modified":"2019-07-25T13:41:09","modified_gmt":"2019-07-25T13:41:09","slug":"coleccion-19","status":"publish","type":"page","link":"https:\/\/imsatextil.com\/ca\/colecciones\/coleccion-19\/","title":{"rendered":"Col\u00b7lecci\u00f3 T\/I 19"},"content":{"rendered":"<div  id='first-row'  class=\"vc_row wpb_row vc_row-fluid full-width-content \">\n\t<div class=\"vc_span12 wpb_column vc_column_container \"><div class=\"vc_column-inner \">\n\t\t<div class=\"wpb_wrapper\">\n\t\t\t\r\n\t<div class=\"wpb_single_image wpb_content_element vc_align_center\">\r\n\t\t<div class=\"wpb_wrapper\">\r\n\t\t\t\r\n\t\t\t<div class=\"vc_single_image-wrapper   vc_box_border_grey\"><img loading=\"lazy\" decoding=\"async\" width=\"1437\" height=\"191\" src=\"https:\/\/imsatextil.com\/wp-content\/uploads\/2018\/08\/header.jpg\" class=\"vc_single_image-img attachment-full\" alt=\"\" srcset=\"https:\/\/imsatextil.com\/wp-content\/uploads\/2018\/08\/header.jpg 1437w, https:\/\/imsatextil.com\/wp-content\/uploads\/2018\/08\/header-300x40.jpg 300w, https:\/\/imsatextil.com\/wp-content\/uploads\/2018\/08\/header-768x102.jpg 768w, https:\/\/imsatextil.com\/wp-content\/uploads\/2018\/08\/header-1024x136.jpg 1024w\" sizes=\"auto, (max-width: 1437px) 100vw, 1437px\" \/><\/div>\r\n\t\t<\/div>\r\n\t<\/div>\r\n\n\t\t<\/div> <\/div>\n\t<\/div> \n<\/div><div   class=\"vc_row wpb_row vc_row-fluid  \">\n\t<div class=\"vc_span12 wpb_column vc_column_container \"><div class=\"vc_column-inner \">\n\t\t<div class=\"wpb_wrapper\">\n\t\t\t<h2 style=\"text-align: left\" class=\"vc_custom_heading\" >TARDOR \/ HIVERN 2019<\/h2>\r\n\t<div class=\"wpb_single_image wpb_content_element vc_align_left\">\r\n\t\t<div class=\"wpb_wrapper\">\r\n\t\t\t\r\n\t\t\t<div class=\"vc_single_image-wrapper   vc_box_border_grey\"><img loading=\"lazy\" decoding=\"async\" width=\"181\" height=\"7\" src=\"https:\/\/imsatextil.com\/wp-content\/uploads\/2017\/11\/separator_black.png\" class=\"vc_single_image-img attachment-full\" alt=\"\" \/><\/div>\r\n\t\t<\/div>\r\n\t<\/div>\r\n<div class=\"vc_row wpb_row vc_inner vc_row-fluid\"><div class=\"wpb_column vc_column_container vc_span6\"><div class=\"vc_column-inner  \"><div class=\"wpb_wrapper\">\n\t<div class=\"wpb_text_column wpb_content_element  \" >\n\t\t<div class=\"wpb_wrapper\" id=\"ct_nou94lry1ywkrk8a427t\">\n\t\t\t<p>Aquest hivern 2020 venen amb for\u00e7a els metal\u00b7litzats, or, plata i coure s\u00f3n molt presents a la nostra col\u00b7lecci\u00f3 en diferents formats, lluentons, missonis, punts, gofrats&#8230; Un toc d\u2019eleg\u00e0ncia i llum per al nou hivern.<\/p>\n<p>Els quadres segueixen en tend\u00e8ncia, per aquest hivern reinventats i amb diferents textures, plissats, punts gruixuts, llaneria, plastificats&#8230; Una nova interpretaci\u00f3 dels quadres cl\u00e0ssics.<\/p>\n\n\t\t<\/div> \n\t<\/div> <\/div><\/div><\/div><div class=\"wpb_column vc_column_container vc_span6\"><div class=\"vc_column-inner  \"><div class=\"wpb_wrapper\">\n\t<div class=\"wpb_text_column wpb_content_element  \" >\n\t\t<div class=\"wpb_wrapper\" id=\"ct_d4like9jxesgs8hbwpw5\">\n\t\t\t<p>Juntament amb plissats variats i una \u00e0mplia oferta d\u2019articles devor\u00e9s enguany juguem amb diferents textures, c\u00e0lides gr\u00e0cies a fils com les chenilles o agosarades amb foils sobre teixits complexos. Tot aix\u00f2 sense deixar de banda articles perxats i chanels amb fils innovadors.<\/p>\n<p>La nostra col.lecci\u00f3 tampoc oblida articles de llaneria, acoltxats, p\u00e8ls\u00a0 i punts pesats pels llargs dies d\u2019hivern, per\u00f2 ho fem amb propostes diferents, elegants i qualitatives per a donar opcions de diferenciaci\u00f3 a la nostra clientela.<\/p>\n<p>I tot aix\u00f2 amb el servei, la qualitat i la flexibilitat que ens caracteritza!<\/p>\n\n\t\t<\/div> \n\t<\/div> <\/div><\/div><\/div><\/div><style type=\"text\/css\" >#ic_gxtg9r6ddpkwi45csb92 {margin:0px auto 0px; }#ic_gxtg9r6ddpkwi45csb92 .owl-prev,#ic_gxtg9r6ddpkwi45csb92 .owl-next{border-color:#ecf0f1; background:#ffffff; color:#4a4f55; }#ic_gxtg9r6ddpkwi45csb92 .owl-prev:hover,#ic_gxtg9r6ddpkwi45csb92 .owl-next:hover{background:#f9fafb; color:#000000; }#ic_gxtg9r6ddpkwi45csb92 .owl-prev:before,#ic_gxtg9r6ddpkwi45csb92 .owl-next:after{border-color:#4a4f55; }#ic_gxtg9r6ddpkwi45csb92 .owl-prev:hover::before,#ic_gxtg9r6ddpkwi45csb92 .owl-next:hover::after{border-color:#000000; }#ic_gxtg9r6ddpkwi45csb92 .owl-dot{ background:#ffffff; border-color:#ecf0f1; }#ic_gxtg9r6ddpkwi45csb92 .owl-dot.active{ background:#000000; border-color:#ecf0f1;}<\/style><script type=\"text\/javascript\" charset=\"utf-8\">\r\n\r\n\t\tjQuery.noConflict();\r\n\t\/\/setup up Carousel\r\n\t\tjQuery(document).ready(function($) {\r\n\t\"use strict\";\r\n\t$(window).load(function(){\r\n\t\t$(\"#ic_gxtg9r6ddpkwi45csb92\").owlCarousel({\r\n\t\t\trtl: $(\"body\").hasClass(\"rtl\") ? true : false,\r\n\t\t\tresponsiveClass:true,\r\n\t\t\tcenter:true,\r\n\t\t\tloop:true,\r\n\t\t\tresponsive:{\r\n\t\t\t\t0:{\r\n\t\t\t\t\titems:1,\r\n\t\t\t    },\r\n\t\t\t    780:{\r\n\t\t\t        items:2,\r\n\t\t\t\t},\r\n\t\t\t\t1000:{\r\n\t\t\t\t    items:2,\r\n\t\t\t\t},\r\n\t\t\t},\r\n            scroll: 1,\r\n\t\t\tautoplay:false,\r\n\t   \t \t dots:false,\r\n\t\t\t nav:true,\r\n\t\r\n\t\t});\r\n\t});\r\n});\r\n\r\n<\/script><div class=\"tt_testimonials_ctn rd_ic_center  hover_nav_style \" id=\"ic_gxtg9r6ddpkwi45csb92\" style=\"margin-top:0px; margin-bottom:0px;\"><a href=\"https:\/\/imsatextil.com\/wp-content\/uploads\/2018\/08\/1.jpg\"  rel=\"prettyPhoto[rel-gxtg9r6ddpkwi45csb92]\" ><img loading=\"lazy\" decoding=\"async\" width=\"595\" height=\"842\" src=\"https:\/\/imsatextil.com\/wp-content\/uploads\/2018\/08\/1.jpg\" class=\"attachment-full\" alt=\"\" srcset=\"https:\/\/imsatextil.com\/wp-content\/uploads\/2018\/08\/1.jpg 595w, https:\/\/imsatextil.com\/wp-content\/uploads\/2018\/08\/1-212x300.jpg 212w\" sizes=\"auto, (max-width: 595px) 100vw, 595px\" \/><\/a><a href=\"https:\/\/imsatextil.com\/wp-content\/uploads\/2018\/08\/2.jpg\"  rel=\"prettyPhoto[rel-gxtg9r6ddpkwi45csb92]\" ><img loading=\"lazy\" decoding=\"async\" width=\"595\" height=\"842\" src=\"https:\/\/imsatextil.com\/wp-content\/uploads\/2018\/08\/2.jpg\" class=\"attachment-full\" alt=\"\" srcset=\"https:\/\/imsatextil.com\/wp-content\/uploads\/2018\/08\/2.jpg 595w, https:\/\/imsatextil.com\/wp-content\/uploads\/2018\/08\/2-212x300.jpg 212w\" sizes=\"auto, (max-width: 595px) 100vw, 595px\" \/><\/a><a href=\"https:\/\/imsatextil.com\/wp-content\/uploads\/2018\/08\/3.jpg\"  rel=\"prettyPhoto[rel-gxtg9r6ddpkwi45csb92]\" ><img loading=\"lazy\" decoding=\"async\" width=\"595\" height=\"842\" src=\"https:\/\/imsatextil.com\/wp-content\/uploads\/2018\/08\/3.jpg\" class=\"attachment-full\" alt=\"\" srcset=\"https:\/\/imsatextil.com\/wp-content\/uploads\/2018\/08\/3.jpg 595w, https:\/\/imsatextil.com\/wp-content\/uploads\/2018\/08\/3-212x300.jpg 212w\" sizes=\"auto, (max-width: 595px) 100vw, 595px\" \/><\/a><a href=\"https:\/\/imsatextil.com\/wp-content\/uploads\/2018\/08\/5.jpg\"  rel=\"prettyPhoto[rel-gxtg9r6ddpkwi45csb92]\" ><img loading=\"lazy\" decoding=\"async\" width=\"595\" height=\"842\" src=\"https:\/\/imsatextil.com\/wp-content\/uploads\/2018\/08\/5.jpg\" class=\"attachment-full\" alt=\"\" srcset=\"https:\/\/imsatextil.com\/wp-content\/uploads\/2018\/08\/5.jpg 595w, https:\/\/imsatextil.com\/wp-content\/uploads\/2018\/08\/5-212x300.jpg 212w\" sizes=\"auto, (max-width: 595px) 100vw, 595px\" \/><\/a><a href=\"https:\/\/imsatextil.com\/wp-content\/uploads\/2018\/08\/6.jpg\"  rel=\"prettyPhoto[rel-gxtg9r6ddpkwi45csb92]\" ><img loading=\"lazy\" decoding=\"async\" width=\"595\" height=\"842\" src=\"https:\/\/imsatextil.com\/wp-content\/uploads\/2018\/08\/6.jpg\" class=\"attachment-full\" alt=\"\" srcset=\"https:\/\/imsatextil.com\/wp-content\/uploads\/2018\/08\/6.jpg 595w, https:\/\/imsatextil.com\/wp-content\/uploads\/2018\/08\/6-212x300.jpg 212w\" sizes=\"auto, (max-width: 595px) 100vw, 595px\" \/><\/a><a href=\"https:\/\/imsatextil.com\/wp-content\/uploads\/2018\/08\/7.jpg\"  rel=\"prettyPhoto[rel-gxtg9r6ddpkwi45csb92]\" ><img loading=\"lazy\" decoding=\"async\" width=\"595\" height=\"842\" src=\"https:\/\/imsatextil.com\/wp-content\/uploads\/2018\/08\/7.jpg\" class=\"attachment-full\" alt=\"\" srcset=\"https:\/\/imsatextil.com\/wp-content\/uploads\/2018\/08\/7.jpg 595w, https:\/\/imsatextil.com\/wp-content\/uploads\/2018\/08\/7-212x300.jpg 212w\" sizes=\"auto, (max-width: 595px) 100vw, 595px\" \/><\/a><a href=\"https:\/\/imsatextil.com\/wp-content\/uploads\/2018\/08\/8.jpg\"  rel=\"prettyPhoto[rel-gxtg9r6ddpkwi45csb92]\" ><img loading=\"lazy\" decoding=\"async\" width=\"595\" height=\"842\" src=\"https:\/\/imsatextil.com\/wp-content\/uploads\/2018\/08\/8.jpg\" class=\"attachment-full\" alt=\"\" srcset=\"https:\/\/imsatextil.com\/wp-content\/uploads\/2018\/08\/8.jpg 595w, https:\/\/imsatextil.com\/wp-content\/uploads\/2018\/08\/8-212x300.jpg 212w\" sizes=\"auto, (max-width: 595px) 100vw, 595px\" \/><\/a><a href=\"https:\/\/imsatextil.com\/wp-content\/uploads\/2018\/08\/9.jpg\"  rel=\"prettyPhoto[rel-gxtg9r6ddpkwi45csb92]\" ><img loading=\"lazy\" decoding=\"async\" width=\"595\" height=\"842\" src=\"https:\/\/imsatextil.com\/wp-content\/uploads\/2018\/08\/9.jpg\" class=\"attachment-full\" alt=\"\" srcset=\"https:\/\/imsatextil.com\/wp-content\/uploads\/2018\/08\/9.jpg 595w, https:\/\/imsatextil.com\/wp-content\/uploads\/2018\/08\/9-212x300.jpg 212w\" sizes=\"auto, (max-width: 595px) 100vw, 595px\" \/><\/a><a href=\"https:\/\/imsatextil.com\/wp-content\/uploads\/2018\/08\/10.jpg\"  rel=\"prettyPhoto[rel-gxtg9r6ddpkwi45csb92]\" ><img loading=\"lazy\" decoding=\"async\" width=\"595\" height=\"842\" src=\"https:\/\/imsatextil.com\/wp-content\/uploads\/2018\/08\/10.jpg\" class=\"attachment-full\" alt=\"\" srcset=\"https:\/\/imsatextil.com\/wp-content\/uploads\/2018\/08\/10.jpg 595w, https:\/\/imsatextil.com\/wp-content\/uploads\/2018\/08\/10-212x300.jpg 212w\" sizes=\"auto, (max-width: 595px) 100vw, 595px\" \/><\/a><a href=\"https:\/\/imsatextil.com\/wp-content\/uploads\/2018\/08\/11.jpg\"  rel=\"prettyPhoto[rel-gxtg9r6ddpkwi45csb92]\" ><img loading=\"lazy\" decoding=\"async\" width=\"595\" height=\"842\" src=\"https:\/\/imsatextil.com\/wp-content\/uploads\/2018\/08\/11.jpg\" class=\"attachment-full\" alt=\"\" srcset=\"https:\/\/imsatextil.com\/wp-content\/uploads\/2018\/08\/11.jpg 595w, https:\/\/imsatextil.com\/wp-content\/uploads\/2018\/08\/11-212x300.jpg 212w\" sizes=\"auto, (max-width: 595px) 100vw, 595px\" \/><\/a><a href=\"https:\/\/imsatextil.com\/wp-content\/uploads\/2018\/08\/12.jpg\"  rel=\"prettyPhoto[rel-gxtg9r6ddpkwi45csb92]\" ><img loading=\"lazy\" decoding=\"async\" width=\"595\" height=\"842\" src=\"https:\/\/imsatextil.com\/wp-content\/uploads\/2018\/08\/12.jpg\" class=\"attachment-full\" alt=\"\" srcset=\"https:\/\/imsatextil.com\/wp-content\/uploads\/2018\/08\/12.jpg 595w, https:\/\/imsatextil.com\/wp-content\/uploads\/2018\/08\/12-212x300.jpg 212w\" sizes=\"auto, (max-width: 595px) 100vw, 595px\" \/><\/a><a href=\"https:\/\/imsatextil.com\/wp-content\/uploads\/2018\/08\/13-1.jpg\"  rel=\"prettyPhoto[rel-gxtg9r6ddpkwi45csb92]\" ><img loading=\"lazy\" decoding=\"async\" width=\"595\" height=\"842\" src=\"https:\/\/imsatextil.com\/wp-content\/uploads\/2018\/08\/13-1.jpg\" class=\"attachment-full\" alt=\"\" srcset=\"https:\/\/imsatextil.com\/wp-content\/uploads\/2018\/08\/13-1.jpg 595w, https:\/\/imsatextil.com\/wp-content\/uploads\/2018\/08\/13-1-212x300.jpg 212w\" sizes=\"auto, (max-width: 595px) 100vw, 595px\" \/><\/a><a href=\"https:\/\/imsatextil.com\/wp-content\/uploads\/2018\/08\/14-1.jpg\"  rel=\"prettyPhoto[rel-gxtg9r6ddpkwi45csb92]\" ><img loading=\"lazy\" decoding=\"async\" width=\"595\" height=\"842\" src=\"https:\/\/imsatextil.com\/wp-content\/uploads\/2018\/08\/14-1.jpg\" class=\"attachment-full\" alt=\"\" srcset=\"https:\/\/imsatextil.com\/wp-content\/uploads\/2018\/08\/14-1.jpg 595w, https:\/\/imsatextil.com\/wp-content\/uploads\/2018\/08\/14-1-212x300.jpg 212w\" sizes=\"auto, (max-width: 595px) 100vw, 595px\" \/><\/a><a href=\"https:\/\/imsatextil.com\/wp-content\/uploads\/2018\/08\/4-1.jpg\"  rel=\"prettyPhoto[rel-gxtg9r6ddpkwi45csb92]\" ><img loading=\"lazy\" decoding=\"async\" width=\"595\" height=\"842\" src=\"https:\/\/imsatextil.com\/wp-content\/uploads\/2018\/08\/4-1.jpg\" class=\"attachment-full\" alt=\"\" srcset=\"https:\/\/imsatextil.com\/wp-content\/uploads\/2018\/08\/4-1.jpg 595w, https:\/\/imsatextil.com\/wp-content\/uploads\/2018\/08\/4-1-212x300.jpg 212w\" sizes=\"auto, (max-width: 595px) 100vw, 595px\" \/><\/a><\/div>\n\t\t<\/div> <\/div>\n\t<\/div> \n<\/div>\n","protected":false},"excerpt":{"rendered":"<p>TARDOR \/ HIVERN 2019 Aquest hivern 2020 venen amb for\u00e7a els metal\u00b7litzats, or, plata i coure s\u00f3n molt presents a la nostra col\u00b7lecci\u00f3 en diferents formats, lluentons, missonis, punts, gofrats&#8230; Un toc d\u2019eleg\u00e0ncia i llum per al nou hivern. Els quadres segueixen en tend\u00e8ncia, per aquest hivern reinventats i amb diferents textures, plissats, punts gruixuts,<br \/><a href=\"https:\/\/imsatextil.com\/ca\/colecciones\/coleccion-19\/\" class=\"more\">Read more<\/a><\/p>\n","protected":false},"author":1,"featured_media":0,"parent":305,"menu_order":0,"comment_status":"closed","ping_status":"closed","template":"","meta":{"footnotes":""},"class_list":["post-3684","page","type-page","status-publish","hentry"],"_links":{"self":[{"href":"https:\/\/imsatextil.com\/ca\/wp-json\/wp\/v2\/pages\/3684","targetHints":{"allow":["GET"]}}],"collection":[{"href":"https:\/\/imsatextil.com\/ca\/wp-json\/wp\/v2\/pages"}],"about":[{"href":"https:\/\/imsatextil.com\/ca\/wp-json\/wp\/v2\/types\/page"}],"author":[{"embeddable":true,"href":"https:\/\/imsatextil.com\/ca\/wp-json\/wp\/v2\/users\/1"}],"replies":[{"embeddable":true,"href":"https:\/\/imsatextil.com\/ca\/wp-json\/wp\/v2\/comments?post=3684"}],"version-history":[{"count":4,"href":"https:\/\/imsatextil.com\/ca\/wp-json\/wp\/v2\/pages\/3684\/revisions"}],"predecessor-version":[{"id":4037,"href":"https:\/\/imsatextil.com\/ca\/wp-json\/wp\/v2\/pages\/3684\/revisions\/4037"}],"up":[{"embeddable":true,"href":"https:\/\/imsatextil.com\/ca\/wp-json\/wp\/v2\/pages\/305"}],"wp:attachment":[{"href":"https:\/\/imsatextil.com\/ca\/wp-json\/wp\/v2\/media?parent=3684"}],"curies":[{"name":"wp","href":"https:\/\/api.w.org\/{rel}","templated":true}]}}