{"id":3789,"date":"2019-01-28T09:59:50","date_gmt":"2019-01-28T09:59:50","guid":{"rendered":"http:\/\/imsatextil.com\/coleccion-p-v-20\/"},"modified":"2019-01-28T12:33:25","modified_gmt":"2019-01-28T12:33:25","slug":"coleccio-p-v-20","status":"publish","type":"page","link":"https:\/\/imsatextil.com\/ca\/colecciones\/coleccio-p-v-20\/","title":{"rendered":"Colecci\u00f3 P\/V 20"},"content":{"rendered":"<div  id='first-row'  class=\"vc_row wpb_row vc_row-fluid full-width-content \">\n\t<div class=\"vc_span12 wpb_column vc_column_container \"><div class=\"vc_column-inner \">\n\t\t<div class=\"wpb_wrapper\">\n\t\t\t\r\n\t<div class=\"wpb_single_image wpb_content_element vc_align_center\">\r\n\t\t<div class=\"wpb_wrapper\">\r\n\t\t\t\r\n\t\t\t<div class=\"vc_single_image-wrapper   vc_box_border_grey\"><img loading=\"lazy\" decoding=\"async\" width=\"1920\" height=\"257\" src=\"https:\/\/imsatextil.com\/wp-content\/uploads\/2019\/01\/header-primavera-verano.jpg\" class=\"vc_single_image-img attachment-full\" alt=\"\" srcset=\"https:\/\/imsatextil.com\/wp-content\/uploads\/2019\/01\/header-primavera-verano.jpg 1920w, https:\/\/imsatextil.com\/wp-content\/uploads\/2019\/01\/header-primavera-verano-300x40.jpg 300w, https:\/\/imsatextil.com\/wp-content\/uploads\/2019\/01\/header-primavera-verano-768x103.jpg 768w, https:\/\/imsatextil.com\/wp-content\/uploads\/2019\/01\/header-primavera-verano-1024x137.jpg 1024w\" sizes=\"auto, (max-width: 1920px) 100vw, 1920px\" \/><\/div>\r\n\t\t<\/div>\r\n\t<\/div>\r\n\n\t\t<\/div> <\/div>\n\t<\/div> \n<\/div><div   class=\"vc_row wpb_row vc_row-fluid  \">\n\t<div class=\"vc_span12 wpb_column vc_column_container \"><div class=\"vc_column-inner \">\n\t\t<div class=\"wpb_wrapper\">\n\t\t\t<h2 style=\"text-align: left\" class=\"vc_custom_heading\" >PRIMAVERA \/ ESTIU 2020<\/h2>\r\n\t<div class=\"wpb_single_image wpb_content_element vc_align_left\">\r\n\t\t<div class=\"wpb_wrapper\">\r\n\t\t\t\r\n\t\t\t<div class=\"vc_single_image-wrapper   vc_box_border_grey\"><img loading=\"lazy\" decoding=\"async\" width=\"181\" height=\"7\" src=\"https:\/\/imsatextil.com\/wp-content\/uploads\/2017\/11\/separator_black.png\" class=\"vc_single_image-img attachment-full\" alt=\"\" \/><\/div>\r\n\t\t<\/div>\r\n\t<\/div>\r\n<div class=\"vc_row wpb_row vc_inner vc_row-fluid\"><div class=\"wpb_column vc_column_container vc_span6\"><div class=\"vc_column-inner  \"><div class=\"wpb_wrapper\">\n\t<div class=\"wpb_text_column wpb_content_element  \" >\n\t\t<div class=\"wpb_wrapper\" id=\"ct_jx8u6w31xq9nopp683ai\">\n\t\t\t<p>En aquesta nova col\u00b7lecci\u00f3 d\u2019estiu us presentem una gran variaci\u00f3 de brodats amb diferents bases i amb molt de color, juntament amb els nostres popelins brodats de cot\u00f3 i brodats de fantasia. Les nostres blondes i lluentons, renovades, tamb\u00e9 recullen aquesta tend\u00e8ncia de colors vius, agosarats i estampats digitals. Les ratlles i motius mariners s\u00f3n molt presents amb gran varietat de tons, donant especial rellev\u00e0ncia als tons pastels.<\/p>\n\n\t\t<\/div> \n\t<\/div> <\/div><\/div><\/div><div class=\"wpb_column vc_column_container vc_span6\"><div class=\"vc_column-inner  \"><div class=\"wpb_wrapper\">\n\t<div class=\"wpb_text_column wpb_content_element  \" >\n\t\t<div class=\"wpb_wrapper\" id=\"ct_d9qmqg7uius9mbqywy14\">\n\t\t\t<p>Continuem recollint les tend\u00e8ncies de volum i flu\u00efdesa amb plissats i tuls. Per donar un toc de glamour i exclusivitat a les nostres propostes incorporem teixits amb foils, fils de lurex i lluentons. Seguim apostant per teixits treballats, exclusius i elegants a un preu competitiu, aquest estiu trobareu que hem augmentat considerablement la nostra oferta en aquest segment d\u2019articles. Enguany incrementem la oferta de materials naturals com el cot\u00f3 i el lli barrejat amb fils sint\u00e8tics com el rayon o la viscosa. Una col\u00b7lecci\u00f3 especialment extensa que podeu personalitzar amb la vostra paleta de colors o gr\u00e0fics.<\/p>\n\n\t\t<\/div> \n\t<\/div> <\/div><\/div><\/div><\/div><style type=\"text\/css\" >#ic_0w1znmdyuh0tdddbi7wp {margin:0px auto 0px; }#ic_0w1znmdyuh0tdddbi7wp .owl-prev,#ic_0w1znmdyuh0tdddbi7wp .owl-next{border-color:#ecf0f1; background:#ffffff; color:#4a4f55; }#ic_0w1znmdyuh0tdddbi7wp .owl-prev:hover,#ic_0w1znmdyuh0tdddbi7wp .owl-next:hover{background:#f9fafb; color:#000000; }#ic_0w1znmdyuh0tdddbi7wp .owl-prev:before,#ic_0w1znmdyuh0tdddbi7wp .owl-next:after{border-color:#4a4f55; }#ic_0w1znmdyuh0tdddbi7wp .owl-prev:hover::before,#ic_0w1znmdyuh0tdddbi7wp .owl-next:hover::after{border-color:#000000; }#ic_0w1znmdyuh0tdddbi7wp .owl-dot{ background:#ffffff; border-color:#ecf0f1; }#ic_0w1znmdyuh0tdddbi7wp .owl-dot.active{ background:#000000; border-color:#ecf0f1;}<\/style><script type=\"text\/javascript\" charset=\"utf-8\">\r\n\r\n\t\tjQuery.noConflict();\r\n\t\/\/setup up Carousel\r\n\t\tjQuery(document).ready(function($) {\r\n\t\"use strict\";\r\n\t$(window).load(function(){\r\n\t\t$(\"#ic_0w1znmdyuh0tdddbi7wp\").owlCarousel({\r\n\t\t\trtl: $(\"body\").hasClass(\"rtl\") ? true : false,\r\n\t\t\tresponsiveClass:true,\r\n\t\t\tcenter:true,\r\n\t\t\tloop:true,\r\n\t\t\tresponsive:{\r\n\t\t\t\t0:{\r\n\t\t\t\t\titems:1,\r\n\t\t\t    },\r\n\t\t\t    780:{\r\n\t\t\t        items:2,\r\n\t\t\t\t},\r\n\t\t\t\t1000:{\r\n\t\t\t\t    items:2,\r\n\t\t\t\t},\r\n\t\t\t},\r\n            scroll: 1,\r\n\t\t\tautoplay:false,\r\n\t   \t \t dots:false,\r\n\t\t\t nav:true,\r\n\t\r\n\t\t});\r\n\t});\r\n});\r\n\r\n<\/script><div class=\"tt_testimonials_ctn rd_ic_center  hover_nav_style \" id=\"ic_0w1znmdyuh0tdddbi7wp\" style=\"margin-top:0px; margin-bottom:0px;\"><a href=\"https:\/\/imsatextil.com\/wp-content\/uploads\/2019\/01\/INFANTIL-16-MURTRA.png\"  rel=\"prettyPhoto[rel-0w1znmdyuh0tdddbi7wp]\" ><img loading=\"lazy\" decoding=\"async\" width=\"595\" height=\"819\" src=\"https:\/\/imsatextil.com\/wp-content\/uploads\/2019\/01\/INFANTIL-16-MURTRA.png\" class=\"attachment-full\" alt=\"\" srcset=\"https:\/\/imsatextil.com\/wp-content\/uploads\/2019\/01\/INFANTIL-16-MURTRA.png 595w, https:\/\/imsatextil.com\/wp-content\/uploads\/2019\/01\/INFANTIL-16-MURTRA-218x300.png 218w\" sizes=\"auto, (max-width: 595px) 100vw, 595px\" \/><\/a><a href=\"https:\/\/imsatextil.com\/wp-content\/uploads\/2019\/01\/INFANTIL-17-MURTRA.png\"  rel=\"prettyPhoto[rel-0w1znmdyuh0tdddbi7wp]\" ><img loading=\"lazy\" decoding=\"async\" width=\"595\" height=\"816\" src=\"https:\/\/imsatextil.com\/wp-content\/uploads\/2019\/01\/INFANTIL-17-MURTRA.png\" class=\"attachment-full\" alt=\"\" srcset=\"https:\/\/imsatextil.com\/wp-content\/uploads\/2019\/01\/INFANTIL-17-MURTRA.png 595w, https:\/\/imsatextil.com\/wp-content\/uploads\/2019\/01\/INFANTIL-17-MURTRA-219x300.png 219w\" sizes=\"auto, (max-width: 595px) 100vw, 595px\" \/><\/a><a href=\"https:\/\/imsatextil.com\/wp-content\/uploads\/2019\/01\/MUJER-100-MURTRA.png\"  rel=\"prettyPhoto[rel-0w1znmdyuh0tdddbi7wp]\" ><img loading=\"lazy\" decoding=\"async\" width=\"586\" height=\"817\" src=\"https:\/\/imsatextil.com\/wp-content\/uploads\/2019\/01\/MUJER-100-MURTRA.png\" class=\"attachment-full\" alt=\"\" srcset=\"https:\/\/imsatextil.com\/wp-content\/uploads\/2019\/01\/MUJER-100-MURTRA.png 586w, https:\/\/imsatextil.com\/wp-content\/uploads\/2019\/01\/MUJER-100-MURTRA-215x300.png 215w\" sizes=\"auto, (max-width: 586px) 100vw, 586px\" \/><\/a><a href=\"https:\/\/imsatextil.com\/wp-content\/uploads\/2019\/01\/MUJER-101-MURTRA.jpg\"  rel=\"prettyPhoto[rel-0w1znmdyuh0tdddbi7wp]\" ><img loading=\"lazy\" decoding=\"async\" width=\"589\" height=\"817\" src=\"https:\/\/imsatextil.com\/wp-content\/uploads\/2019\/01\/MUJER-101-MURTRA.jpg\" class=\"attachment-full\" alt=\"\" srcset=\"https:\/\/imsatextil.com\/wp-content\/uploads\/2019\/01\/MUJER-101-MURTRA.jpg 589w, https:\/\/imsatextil.com\/wp-content\/uploads\/2019\/01\/MUJER-101-MURTRA-216x300.jpg 216w\" sizes=\"auto, (max-width: 589px) 100vw, 589px\" \/><\/a><a href=\"https:\/\/imsatextil.com\/wp-content\/uploads\/2019\/01\/MUJER-102-MUTRA.png\"  rel=\"prettyPhoto[rel-0w1znmdyuh0tdddbi7wp]\" ><img loading=\"lazy\" decoding=\"async\" width=\"589\" height=\"818\" src=\"https:\/\/imsatextil.com\/wp-content\/uploads\/2019\/01\/MUJER-102-MUTRA.png\" class=\"attachment-full\" alt=\"\" srcset=\"https:\/\/imsatextil.com\/wp-content\/uploads\/2019\/01\/MUJER-102-MUTRA.png 589w, https:\/\/imsatextil.com\/wp-content\/uploads\/2019\/01\/MUJER-102-MUTRA-216x300.png 216w\" sizes=\"auto, (max-width: 589px) 100vw, 589px\" \/><\/a><a href=\"https:\/\/imsatextil.com\/wp-content\/uploads\/2019\/01\/MUJER-103-MURTRA.png\"  rel=\"prettyPhoto[rel-0w1znmdyuh0tdddbi7wp]\" ><img loading=\"lazy\" decoding=\"async\" width=\"592\" height=\"818\" src=\"https:\/\/imsatextil.com\/wp-content\/uploads\/2019\/01\/MUJER-103-MURTRA.png\" class=\"attachment-full\" alt=\"\" srcset=\"https:\/\/imsatextil.com\/wp-content\/uploads\/2019\/01\/MUJER-103-MURTRA.png 592w, https:\/\/imsatextil.com\/wp-content\/uploads\/2019\/01\/MUJER-103-MURTRA-217x300.png 217w\" sizes=\"auto, (max-width: 592px) 100vw, 592px\" \/><\/a><a href=\"https:\/\/imsatextil.com\/wp-content\/uploads\/2019\/01\/MUJER-105-MURTRA-1.png\"  rel=\"prettyPhoto[rel-0w1znmdyuh0tdddbi7wp]\" ><img loading=\"lazy\" decoding=\"async\" width=\"588\" height=\"812\" src=\"https:\/\/imsatextil.com\/wp-content\/uploads\/2019\/01\/MUJER-105-MURTRA-1.png\" class=\"attachment-full\" alt=\"\" srcset=\"https:\/\/imsatextil.com\/wp-content\/uploads\/2019\/01\/MUJER-105-MURTRA-1.png 588w, https:\/\/imsatextil.com\/wp-content\/uploads\/2019\/01\/MUJER-105-MURTRA-1-217x300.png 217w\" sizes=\"auto, (max-width: 588px) 100vw, 588px\" \/><\/a><a href=\"https:\/\/imsatextil.com\/wp-content\/uploads\/2019\/01\/MUJER-106-MURTRA.png\"  rel=\"prettyPhoto[rel-0w1znmdyuh0tdddbi7wp]\" ><img loading=\"lazy\" decoding=\"async\" width=\"593\" height=\"812\" src=\"https:\/\/imsatextil.com\/wp-content\/uploads\/2019\/01\/MUJER-106-MURTRA.png\" class=\"attachment-full\" alt=\"\" srcset=\"https:\/\/imsatextil.com\/wp-content\/uploads\/2019\/01\/MUJER-106-MURTRA.png 593w, https:\/\/imsatextil.com\/wp-content\/uploads\/2019\/01\/MUJER-106-MURTRA-219x300.png 219w\" sizes=\"auto, (max-width: 593px) 100vw, 593px\" \/><\/a><a href=\"https:\/\/imsatextil.com\/wp-content\/uploads\/2019\/01\/MUJER-107-MURTRA.png\"  rel=\"prettyPhoto[rel-0w1znmdyuh0tdddbi7wp]\" ><img loading=\"lazy\" decoding=\"async\" width=\"592\" height=\"822\" src=\"https:\/\/imsatextil.com\/wp-content\/uploads\/2019\/01\/MUJER-107-MURTRA.png\" class=\"attachment-full\" alt=\"\" srcset=\"https:\/\/imsatextil.com\/wp-content\/uploads\/2019\/01\/MUJER-107-MURTRA.png 592w, https:\/\/imsatextil.com\/wp-content\/uploads\/2019\/01\/MUJER-107-MURTRA-216x300.png 216w\" sizes=\"auto, (max-width: 592px) 100vw, 592px\" \/><\/a><a href=\"https:\/\/imsatextil.com\/wp-content\/uploads\/2019\/01\/MUJER-104-MURTRA-1.png\"  rel=\"prettyPhoto[rel-0w1znmdyuh0tdddbi7wp]\" ><img loading=\"lazy\" decoding=\"async\" width=\"591\" height=\"820\" src=\"https:\/\/imsatextil.com\/wp-content\/uploads\/2019\/01\/MUJER-104-MURTRA-1.png\" class=\"attachment-full\" alt=\"\" srcset=\"https:\/\/imsatextil.com\/wp-content\/uploads\/2019\/01\/MUJER-104-MURTRA-1.png 591w, https:\/\/imsatextil.com\/wp-content\/uploads\/2019\/01\/MUJER-104-MURTRA-1-216x300.png 216w\" sizes=\"auto, (max-width: 591px) 100vw, 591px\" \/><\/a><a href=\"https:\/\/imsatextil.com\/wp-content\/uploads\/2019\/01\/MUJER-108-MURTRA.png\"  rel=\"prettyPhoto[rel-0w1znmdyuh0tdddbi7wp]\" ><img loading=\"lazy\" decoding=\"async\" width=\"596\" height=\"819\" src=\"https:\/\/imsatextil.com\/wp-content\/uploads\/2019\/01\/MUJER-108-MURTRA.png\" class=\"attachment-full\" alt=\"\" srcset=\"https:\/\/imsatextil.com\/wp-content\/uploads\/2019\/01\/MUJER-108-MURTRA.png 596w, https:\/\/imsatextil.com\/wp-content\/uploads\/2019\/01\/MUJER-108-MURTRA-218x300.png 218w\" sizes=\"auto, (max-width: 596px) 100vw, 596px\" \/><\/a><a href=\"https:\/\/imsatextil.com\/wp-content\/uploads\/2019\/01\/MUJER-109-MURTRA.png\"  rel=\"prettyPhoto[rel-0w1znmdyuh0tdddbi7wp]\" ><img loading=\"lazy\" decoding=\"async\" width=\"568\" height=\"795\" src=\"https:\/\/imsatextil.com\/wp-content\/uploads\/2019\/01\/MUJER-109-MURTRA.png\" class=\"attachment-full\" alt=\"\" srcset=\"https:\/\/imsatextil.com\/wp-content\/uploads\/2019\/01\/MUJER-109-MURTRA.png 568w, https:\/\/imsatextil.com\/wp-content\/uploads\/2019\/01\/MUJER-109-MURTRA-214x300.png 214w\" sizes=\"auto, (max-width: 568px) 100vw, 568px\" \/><\/a><a href=\"https:\/\/imsatextil.com\/wp-content\/uploads\/2019\/01\/MUJER-MURTRA-PORTADA.png\"  rel=\"prettyPhoto[rel-0w1znmdyuh0tdddbi7wp]\" ><img loading=\"lazy\" decoding=\"async\" width=\"596\" height=\"822\" src=\"https:\/\/imsatextil.com\/wp-content\/uploads\/2019\/01\/MUJER-MURTRA-PORTADA.png\" class=\"attachment-full\" alt=\"\" srcset=\"https:\/\/imsatextil.com\/wp-content\/uploads\/2019\/01\/MUJER-MURTRA-PORTADA.png 596w, https:\/\/imsatextil.com\/wp-content\/uploads\/2019\/01\/MUJER-MURTRA-PORTADA-218x300.png 218w\" sizes=\"auto, (max-width: 596px) 100vw, 596px\" \/><\/a><a href=\"https:\/\/imsatextil.com\/wp-content\/uploads\/2019\/01\/PORTADA-INFANTIL.png\"  rel=\"prettyPhoto[rel-0w1znmdyuh0tdddbi7wp]\" ><img loading=\"lazy\" decoding=\"async\" width=\"595\" height=\"823\" src=\"https:\/\/imsatextil.com\/wp-content\/uploads\/2019\/01\/PORTADA-INFANTIL.png\" class=\"attachment-full\" alt=\"\" srcset=\"https:\/\/imsatextil.com\/wp-content\/uploads\/2019\/01\/PORTADA-INFANTIL.png 595w, https:\/\/imsatextil.com\/wp-content\/uploads\/2019\/01\/PORTADA-INFANTIL-217x300.png 217w\" sizes=\"auto, (max-width: 595px) 100vw, 595px\" \/><\/a><a href=\"https:\/\/imsatextil.com\/wp-content\/uploads\/2019\/01\/INFANTIL-15-MURTRA.png\"  rel=\"prettyPhoto[rel-0w1znmdyuh0tdddbi7wp]\" ><img loading=\"lazy\" decoding=\"async\" width=\"592\" height=\"813\" src=\"https:\/\/imsatextil.com\/wp-content\/uploads\/2019\/01\/INFANTIL-15-MURTRA.png\" class=\"attachment-full\" alt=\"\" srcset=\"https:\/\/imsatextil.com\/wp-content\/uploads\/2019\/01\/INFANTIL-15-MURTRA.png 592w, https:\/\/imsatextil.com\/wp-content\/uploads\/2019\/01\/INFANTIL-15-MURTRA-218x300.png 218w\" sizes=\"auto, (max-width: 592px) 100vw, 592px\" \/><\/a><a href=\"https:\/\/imsatextil.com\/wp-content\/uploads\/2019\/01\/INFANTIL-14-MURTRA.png\"  rel=\"prettyPhoto[rel-0w1znmdyuh0tdddbi7wp]\" ><img loading=\"lazy\" decoding=\"async\" width=\"592\" height=\"819\" src=\"https:\/\/imsatextil.com\/wp-content\/uploads\/2019\/01\/INFANTIL-14-MURTRA.png\" class=\"attachment-full\" alt=\"\" srcset=\"https:\/\/imsatextil.com\/wp-content\/uploads\/2019\/01\/INFANTIL-14-MURTRA.png 592w, https:\/\/imsatextil.com\/wp-content\/uploads\/2019\/01\/INFANTIL-14-MURTRA-217x300.png 217w\" sizes=\"auto, (max-width: 592px) 100vw, 592px\" \/><\/a><a href=\"https:\/\/imsatextil.com\/wp-content\/uploads\/2019\/01\/INFANTIL-13-MURTRA.png\"  rel=\"prettyPhoto[rel-0w1znmdyuh0tdddbi7wp]\" ><img loading=\"lazy\" decoding=\"async\" width=\"592\" height=\"810\" src=\"https:\/\/imsatextil.com\/wp-content\/uploads\/2019\/01\/INFANTIL-13-MURTRA.png\" class=\"attachment-full\" alt=\"\" srcset=\"https:\/\/imsatextil.com\/wp-content\/uploads\/2019\/01\/INFANTIL-13-MURTRA.png 592w, https:\/\/imsatextil.com\/wp-content\/uploads\/2019\/01\/INFANTIL-13-MURTRA-219x300.png 219w\" sizes=\"auto, (max-width: 592px) 100vw, 592px\" \/><\/a><a href=\"https:\/\/imsatextil.com\/wp-content\/uploads\/2019\/01\/INFANTIL-12-MURTRA.png\"  rel=\"prettyPhoto[rel-0w1znmdyuh0tdddbi7wp]\" ><img loading=\"lazy\" decoding=\"async\" width=\"593\" height=\"816\" src=\"https:\/\/imsatextil.com\/wp-content\/uploads\/2019\/01\/INFANTIL-12-MURTRA.png\" class=\"attachment-full\" alt=\"\" srcset=\"https:\/\/imsatextil.com\/wp-content\/uploads\/2019\/01\/INFANTIL-12-MURTRA.png 593w, https:\/\/imsatextil.com\/wp-content\/uploads\/2019\/01\/INFANTIL-12-MURTRA-218x300.png 218w\" sizes=\"auto, (max-width: 593px) 100vw, 593px\" \/><\/a><a href=\"https:\/\/imsatextil.com\/wp-content\/uploads\/2019\/01\/INFANTIL-11-MURTRA.png\"  rel=\"prettyPhoto[rel-0w1znmdyuh0tdddbi7wp]\" ><img loading=\"lazy\" decoding=\"async\" width=\"589\" height=\"814\" src=\"https:\/\/imsatextil.com\/wp-content\/uploads\/2019\/01\/INFANTIL-11-MURTRA.png\" class=\"attachment-full\" alt=\"\" srcset=\"https:\/\/imsatextil.com\/wp-content\/uploads\/2019\/01\/INFANTIL-11-MURTRA.png 589w, https:\/\/imsatextil.com\/wp-content\/uploads\/2019\/01\/INFANTIL-11-MURTRA-217x300.png 217w\" sizes=\"auto, (max-width: 589px) 100vw, 589px\" \/><\/a><a href=\"https:\/\/imsatextil.com\/wp-content\/uploads\/2019\/01\/INFANTIL-10-MURTRA.png\"  rel=\"prettyPhoto[rel-0w1znmdyuh0tdddbi7wp]\" ><img loading=\"lazy\" decoding=\"async\" width=\"592\" height=\"817\" src=\"https:\/\/imsatextil.com\/wp-content\/uploads\/2019\/01\/INFANTIL-10-MURTRA.png\" class=\"attachment-full\" alt=\"\" srcset=\"https:\/\/imsatextil.com\/wp-content\/uploads\/2019\/01\/INFANTIL-10-MURTRA.png 592w, https:\/\/imsatextil.com\/wp-content\/uploads\/2019\/01\/INFANTIL-10-MURTRA-217x300.png 217w\" sizes=\"auto, (max-width: 592px) 100vw, 592px\" \/><\/a><\/div>\n\t\t<\/div> <\/div>\n\t<\/div> \n<\/div>\n","protected":false},"excerpt":{"rendered":"<p>PRIMAVERA \/ ESTIU 2020 En aquesta nova col\u00b7lecci\u00f3 d\u2019estiu us presentem una gran variaci\u00f3 de brodats amb diferents bases i amb molt de color, juntament amb els nostres popelins brodats de cot\u00f3 i brodats de fantasia. Les nostres blondes i lluentons, renovades, tamb\u00e9 recullen aquesta tend\u00e8ncia de colors vius, agosarats i estampats digitals. Les ratlles<br \/><a href=\"https:\/\/imsatextil.com\/ca\/colecciones\/coleccio-p-v-20\/\" class=\"more\">Read more<\/a><\/p>\n","protected":false},"author":1,"featured_media":0,"parent":305,"menu_order":0,"comment_status":"closed","ping_status":"closed","template":"","meta":{"footnotes":""},"class_list":["post-3789","page","type-page","status-publish","hentry"],"_links":{"self":[{"href":"https:\/\/imsatextil.com\/ca\/wp-json\/wp\/v2\/pages\/3789","targetHints":{"allow":["GET"]}}],"collection":[{"href":"https:\/\/imsatextil.com\/ca\/wp-json\/wp\/v2\/pages"}],"about":[{"href":"https:\/\/imsatextil.com\/ca\/wp-json\/wp\/v2\/types\/page"}],"author":[{"embeddable":true,"href":"https:\/\/imsatextil.com\/ca\/wp-json\/wp\/v2\/users\/1"}],"replies":[{"embeddable":true,"href":"https:\/\/imsatextil.com\/ca\/wp-json\/wp\/v2\/comments?post=3789"}],"version-history":[{"count":4,"href":"https:\/\/imsatextil.com\/ca\/wp-json\/wp\/v2\/pages\/3789\/revisions"}],"predecessor-version":[{"id":3858,"href":"https:\/\/imsatextil.com\/ca\/wp-json\/wp\/v2\/pages\/3789\/revisions\/3858"}],"up":[{"embeddable":true,"href":"https:\/\/imsatextil.com\/ca\/wp-json\/wp\/v2\/pages\/305"}],"wp:attachment":[{"href":"https:\/\/imsatextil.com\/ca\/wp-json\/wp\/v2\/media?parent=3789"}],"curies":[{"name":"wp","href":"https:\/\/api.w.org\/{rel}","templated":true}]}}