{"id":3992,"date":"2019-07-25T09:34:08","date_gmt":"2019-07-25T09:34:08","guid":{"rendered":"http:\/\/imsatextil.com\/colecciones\/coleccion-oi-20\/"},"modified":"2019-07-25T13:39:53","modified_gmt":"2019-07-25T13:39:53","slug":"coleccion-oi-20","status":"publish","type":"page","link":"https:\/\/imsatextil.com\/ca\/colecciones\/coleccion-oi-20\/","title":{"rendered":"Colecci\u00f3n O\/I 20"},"content":{"rendered":"<div  id='first-row'  class=\"vc_row wpb_row vc_row-fluid full-width-content \">\n\t<div class=\"vc_span12 wpb_column vc_column_container \"><div class=\"vc_column-inner \">\n\t\t<div class=\"wpb_wrapper\">\n\t\t\t\r\n\t<div class=\"wpb_single_image wpb_content_element vc_align_center\">\r\n\t\t<div class=\"wpb_wrapper\">\r\n\t\t\t\r\n\t\t\t<div class=\"vc_single_image-wrapper   vc_box_border_grey\"><img loading=\"lazy\" decoding=\"async\" width=\"1920\" height=\"257\" src=\"https:\/\/imsatextil.com\/wp-content\/uploads\/2019\/07\/header-oi-20-1.png\" class=\"vc_single_image-img attachment-full\" alt=\"\" srcset=\"https:\/\/imsatextil.com\/wp-content\/uploads\/2019\/07\/header-oi-20-1.png 1920w, https:\/\/imsatextil.com\/wp-content\/uploads\/2019\/07\/header-oi-20-1-300x40.png 300w, https:\/\/imsatextil.com\/wp-content\/uploads\/2019\/07\/header-oi-20-1-768x103.png 768w, https:\/\/imsatextil.com\/wp-content\/uploads\/2019\/07\/header-oi-20-1-1024x137.png 1024w\" sizes=\"auto, (max-width: 1920px) 100vw, 1920px\" \/><\/div>\r\n\t\t<\/div>\r\n\t<\/div>\r\n\n\t\t<\/div> <\/div>\n\t<\/div> \n<\/div><div   class=\"vc_row wpb_row vc_row-fluid  \">\n\t<div class=\"vc_span12 wpb_column vc_column_container \"><div class=\"vc_column-inner \">\n\t\t<div class=\"wpb_wrapper\">\n\t\t\t<h2 style=\"text-align: left\" class=\"vc_custom_heading\" >TARDOR \/ HIVERN 2020<\/h2>\r\n\t<div class=\"wpb_single_image wpb_content_element vc_align_left\">\r\n\t\t<div class=\"wpb_wrapper\">\r\n\t\t\t\r\n\t\t\t<div class=\"vc_single_image-wrapper   vc_box_border_grey\"><img loading=\"lazy\" decoding=\"async\" width=\"181\" height=\"7\" src=\"https:\/\/imsatextil.com\/wp-content\/uploads\/2017\/11\/separator_black.png\" class=\"vc_single_image-img attachment-full\" alt=\"\" \/><\/div>\r\n\t\t<\/div>\r\n\t<\/div>\r\n<div class=\"vc_row wpb_row vc_inner vc_row-fluid\"><div class=\"wpb_column vc_column_container vc_span6\"><div class=\"vc_column-inner  \"><div class=\"wpb_wrapper\">\n\t<div class=\"wpb_text_column wpb_content_element  \" >\n\t\t<div class=\"wpb_wrapper\" id=\"ct_a7viyl8ocayiny7im10r\">\n\t\t\t<p>Per aquesta temporada d&#8217;hivern t&#8217;oferim una col\u00b7lecci\u00f3 de teixits m\u00e9s extensa per a les teves creacions. Hem diversificat les fibres, Poli\u00e8ster reciclat, viscosa, rai\u00f3, cot\u00f3, llana&#8230; Trobar\u00e0s una \u00e0mplia selecci\u00f3 de teixits qualitatius per a bruses i peces lleugeres, amb diferents pesos, estructures i acabats. El plisats estan en tend\u00e8ncia; Anem un pas m\u00e9s enll\u00e0 augmentant la varietat de teixits que plisem,\u00a0 oferint-vos aix\u00ed una opci\u00f3 per a aconseguir volum i sofisticaci\u00f3 als vostres dissenys. Fes un cop d&#8217;ull tamb\u00e9 als teixits amb lluentos, un gran pas endavant!<\/p>\n<p>Aquest any hem dividit les nostres teles en quatre, temes principals;<\/p>\n<p>Grounded:<\/p>\n<p>Aquesta col\u00b7lecci\u00f3 ens transporta a les nostres arrels i connexi\u00f3 amb el planeta. Textures naturals, c\u00e0lides i acollidores en colors fonamentats que celebren la natura i l&#8217;ess\u00e8ncia del nostre \u00e9sser; incorporant tamb\u00e9 una Eco-c\u00e0psula de teixits que s\u00f3n una opci\u00f3 respectuosa amb el medi ambient per a la moda sostenible.<\/p>\n\n\t\t<\/div> \n\t<\/div> <\/div><\/div><\/div><div class=\"wpb_column vc_column_container vc_span6\"><div class=\"vc_column-inner  \"><div class=\"wpb_wrapper\">\n\t<div class=\"wpb_text_column wpb_content_element  \" >\n\t\t<div class=\"wpb_wrapper\" id=\"ct_7o1rstwdk47ifev8q6vr\">\n\t\t\t<p>Bio-Inception:<\/p>\n<p>La m\u00e9s futurista i innovadora de les col\u00b7leccions, inspirada en aven\u00e7os de la ci\u00e8ncia, t\u00e8cniques de novetat i visions futuristes. Els teixits s\u00f3n com la segona pell, transl\u00facid, iridescent, recobert i laminat. Art i ci\u00e8ncia fusionats en una bella col\u00b7lecci\u00f3 de teles per al dia i la nit.<\/p>\n<p>Marveling:<\/p>\n<p>El luxe preci\u00f3s i subtil es transfon a trav\u00e9s de cada fibra d&#8217;aquesta col\u00b7lecci\u00f3. Textures riques, lluentons, or i luxe s\u00f3n els elements de la declaraci\u00f3 d&#8217;aquests teixits. Res \u00e9s b\u00e0sic o simple. La fantasia, la imaginaci\u00f3 i l&#8217;opul\u00e8ncia es prenen sobre la rutina i convertir tot en la bellesa, com un toc de Midas.<\/p>\n<p>Eclectic:<\/p>\n<p>Una col\u00b7lecci\u00f3 acolorida, creativa i divertida que inclou cl\u00e0ssics reconstru\u00efts, colors i tartans colorits, jacquards i altres textures barrejades i patrons atrevits. Reflex d&#8217;un desig d&#8217;una vida veritablement alliberada, de sentir-se viu i d&#8217;explorar noves experi\u00e8ncies, sensacions i estils de vida aut\u00f2noms. Singularitat \u00e9s clau.<\/p>\n\n\t\t<\/div> \n\t<\/div> <\/div><\/div><\/div><\/div><style type=\"text\/css\" >#ic_ney8rzfugdya7ogxnlbh {margin:0px auto 0px; }#ic_ney8rzfugdya7ogxnlbh .owl-prev,#ic_ney8rzfugdya7ogxnlbh .owl-next{border-color:#ecf0f1; background:#ffffff; color:#4a4f55; }#ic_ney8rzfugdya7ogxnlbh .owl-prev:hover,#ic_ney8rzfugdya7ogxnlbh .owl-next:hover{background:#f9fafb; color:#000000; }#ic_ney8rzfugdya7ogxnlbh .owl-prev:before,#ic_ney8rzfugdya7ogxnlbh .owl-next:after{border-color:#4a4f55; }#ic_ney8rzfugdya7ogxnlbh .owl-prev:hover::before,#ic_ney8rzfugdya7ogxnlbh .owl-next:hover::after{border-color:#000000; }#ic_ney8rzfugdya7ogxnlbh .owl-dot{ background:#ffffff; border-color:#ecf0f1; }#ic_ney8rzfugdya7ogxnlbh .owl-dot.active{ background:#000000; border-color:#ecf0f1;}<\/style><script type=\"text\/javascript\" charset=\"utf-8\">\r\n\r\n\t\tjQuery.noConflict();\r\n\t\/\/setup up Carousel\r\n\t\tjQuery(document).ready(function($) {\r\n\t\"use strict\";\r\n\t$(window).load(function(){\r\n\t\t$(\"#ic_ney8rzfugdya7ogxnlbh\").owlCarousel({\r\n\t\t\trtl: $(\"body\").hasClass(\"rtl\") ? true : false,\r\n\t\t\tresponsiveClass:true,\r\n\t\t\tcenter:true,\r\n\t\t\tloop:true,\r\n\t\t\tresponsive:{\r\n\t\t\t\t0:{\r\n\t\t\t\t\titems:1,\r\n\t\t\t    },\r\n\t\t\t    780:{\r\n\t\t\t        items:2,\r\n\t\t\t\t},\r\n\t\t\t\t1000:{\r\n\t\t\t\t    items:2,\r\n\t\t\t\t},\r\n\t\t\t},\r\n            scroll: 1,\r\n\t\t\tautoplay:false,\r\n\t   \t \t dots:false,\r\n\t\t\t nav:true,\r\n\t\r\n\t\t});\r\n\t});\r\n});\r\n\r\n<\/script><div class=\"tt_testimonials_ctn rd_ic_center  hover_nav_style \" id=\"ic_ney8rzfugdya7ogxnlbh\" style=\"margin-top:0px; margin-bottom:0px;\"><a href=\"https:\/\/imsatextil.com\/wp-content\/uploads\/2019\/07\/1.png\"  rel=\"prettyPhoto[rel-ney8rzfugdya7ogxnlbh]\" ><img loading=\"lazy\" decoding=\"async\" width=\"900\" height=\"636\" src=\"https:\/\/imsatextil.com\/wp-content\/uploads\/2019\/07\/1.png\" class=\"attachment-full\" alt=\"\" srcset=\"https:\/\/imsatextil.com\/wp-content\/uploads\/2019\/07\/1.png 900w, https:\/\/imsatextil.com\/wp-content\/uploads\/2019\/07\/1-300x212.png 300w, https:\/\/imsatextil.com\/wp-content\/uploads\/2019\/07\/1-768x543.png 768w\" sizes=\"auto, (max-width: 900px) 100vw, 900px\" \/><\/a><a href=\"https:\/\/imsatextil.com\/wp-content\/uploads\/2019\/07\/2.png\"  rel=\"prettyPhoto[rel-ney8rzfugdya7ogxnlbh]\" ><img loading=\"lazy\" decoding=\"async\" width=\"900\" height=\"636\" src=\"https:\/\/imsatextil.com\/wp-content\/uploads\/2019\/07\/2.png\" class=\"attachment-full\" alt=\"\" srcset=\"https:\/\/imsatextil.com\/wp-content\/uploads\/2019\/07\/2.png 900w, https:\/\/imsatextil.com\/wp-content\/uploads\/2019\/07\/2-300x212.png 300w, https:\/\/imsatextil.com\/wp-content\/uploads\/2019\/07\/2-768x543.png 768w\" sizes=\"auto, (max-width: 900px) 100vw, 900px\" \/><\/a><a href=\"https:\/\/imsatextil.com\/wp-content\/uploads\/2019\/07\/3.png\"  rel=\"prettyPhoto[rel-ney8rzfugdya7ogxnlbh]\" ><img loading=\"lazy\" decoding=\"async\" width=\"900\" height=\"636\" src=\"https:\/\/imsatextil.com\/wp-content\/uploads\/2019\/07\/3.png\" class=\"attachment-full\" alt=\"\" srcset=\"https:\/\/imsatextil.com\/wp-content\/uploads\/2019\/07\/3.png 900w, https:\/\/imsatextil.com\/wp-content\/uploads\/2019\/07\/3-300x212.png 300w, https:\/\/imsatextil.com\/wp-content\/uploads\/2019\/07\/3-768x543.png 768w\" sizes=\"auto, (max-width: 900px) 100vw, 900px\" \/><\/a><a href=\"https:\/\/imsatextil.com\/wp-content\/uploads\/2019\/07\/4.png\"  rel=\"prettyPhoto[rel-ney8rzfugdya7ogxnlbh]\" ><img loading=\"lazy\" decoding=\"async\" width=\"900\" height=\"636\" src=\"https:\/\/imsatextil.com\/wp-content\/uploads\/2019\/07\/4.png\" class=\"attachment-full\" alt=\"\" srcset=\"https:\/\/imsatextil.com\/wp-content\/uploads\/2019\/07\/4.png 900w, https:\/\/imsatextil.com\/wp-content\/uploads\/2019\/07\/4-300x212.png 300w, https:\/\/imsatextil.com\/wp-content\/uploads\/2019\/07\/4-768x543.png 768w\" sizes=\"auto, (max-width: 900px) 100vw, 900px\" \/><\/a><a href=\"https:\/\/imsatextil.com\/wp-content\/uploads\/2019\/07\/5-1.png\"  rel=\"prettyPhoto[rel-ney8rzfugdya7ogxnlbh]\" ><img loading=\"lazy\" decoding=\"async\" width=\"900\" height=\"636\" src=\"https:\/\/imsatextil.com\/wp-content\/uploads\/2019\/07\/5-1.png\" class=\"attachment-full\" alt=\"\" srcset=\"https:\/\/imsatextil.com\/wp-content\/uploads\/2019\/07\/5-1.png 900w, https:\/\/imsatextil.com\/wp-content\/uploads\/2019\/07\/5-1-300x212.png 300w, https:\/\/imsatextil.com\/wp-content\/uploads\/2019\/07\/5-1-768x543.png 768w\" sizes=\"auto, (max-width: 900px) 100vw, 900px\" \/><\/a><a href=\"https:\/\/imsatextil.com\/wp-content\/uploads\/2019\/07\/6-2.png\"  rel=\"prettyPhoto[rel-ney8rzfugdya7ogxnlbh]\" ><img loading=\"lazy\" decoding=\"async\" width=\"900\" height=\"636\" src=\"https:\/\/imsatextil.com\/wp-content\/uploads\/2019\/07\/6-2.png\" class=\"attachment-full\" alt=\"\" srcset=\"https:\/\/imsatextil.com\/wp-content\/uploads\/2019\/07\/6-2.png 900w, https:\/\/imsatextil.com\/wp-content\/uploads\/2019\/07\/6-2-300x212.png 300w, https:\/\/imsatextil.com\/wp-content\/uploads\/2019\/07\/6-2-768x543.png 768w\" sizes=\"auto, (max-width: 900px) 100vw, 900px\" \/><\/a><a href=\"https:\/\/imsatextil.com\/wp-content\/uploads\/2019\/07\/7-1.png\"  rel=\"prettyPhoto[rel-ney8rzfugdya7ogxnlbh]\" ><img loading=\"lazy\" decoding=\"async\" width=\"900\" height=\"636\" src=\"https:\/\/imsatextil.com\/wp-content\/uploads\/2019\/07\/7-1.png\" class=\"attachment-full\" alt=\"\" srcset=\"https:\/\/imsatextil.com\/wp-content\/uploads\/2019\/07\/7-1.png 900w, https:\/\/imsatextil.com\/wp-content\/uploads\/2019\/07\/7-1-300x212.png 300w, https:\/\/imsatextil.com\/wp-content\/uploads\/2019\/07\/7-1-768x543.png 768w\" sizes=\"auto, (max-width: 900px) 100vw, 900px\" \/><\/a><a href=\"https:\/\/imsatextil.com\/wp-content\/uploads\/2019\/07\/8-1.png\"  rel=\"prettyPhoto[rel-ney8rzfugdya7ogxnlbh]\" ><img loading=\"lazy\" decoding=\"async\" width=\"900\" height=\"636\" src=\"https:\/\/imsatextil.com\/wp-content\/uploads\/2019\/07\/8-1.png\" class=\"attachment-full\" alt=\"\" srcset=\"https:\/\/imsatextil.com\/wp-content\/uploads\/2019\/07\/8-1.png 900w, https:\/\/imsatextil.com\/wp-content\/uploads\/2019\/07\/8-1-300x212.png 300w, https:\/\/imsatextil.com\/wp-content\/uploads\/2019\/07\/8-1-768x543.png 768w\" sizes=\"auto, (max-width: 900px) 100vw, 900px\" \/><\/a><a href=\"https:\/\/imsatextil.com\/wp-content\/uploads\/2019\/07\/9-1.png\"  rel=\"prettyPhoto[rel-ney8rzfugdya7ogxnlbh]\" ><img loading=\"lazy\" decoding=\"async\" width=\"900\" height=\"636\" src=\"https:\/\/imsatextil.com\/wp-content\/uploads\/2019\/07\/9-1.png\" class=\"attachment-full\" alt=\"\" srcset=\"https:\/\/imsatextil.com\/wp-content\/uploads\/2019\/07\/9-1.png 900w, https:\/\/imsatextil.com\/wp-content\/uploads\/2019\/07\/9-1-300x212.png 300w, https:\/\/imsatextil.com\/wp-content\/uploads\/2019\/07\/9-1-768x543.png 768w\" sizes=\"auto, (max-width: 900px) 100vw, 900px\" \/><\/a><a href=\"https:\/\/imsatextil.com\/wp-content\/uploads\/2019\/07\/10-1.png\"  rel=\"prettyPhoto[rel-ney8rzfugdya7ogxnlbh]\" ><img loading=\"lazy\" decoding=\"async\" width=\"900\" height=\"636\" src=\"https:\/\/imsatextil.com\/wp-content\/uploads\/2019\/07\/10-1.png\" class=\"attachment-full\" alt=\"\" srcset=\"https:\/\/imsatextil.com\/wp-content\/uploads\/2019\/07\/10-1.png 900w, https:\/\/imsatextil.com\/wp-content\/uploads\/2019\/07\/10-1-300x212.png 300w, https:\/\/imsatextil.com\/wp-content\/uploads\/2019\/07\/10-1-768x543.png 768w\" sizes=\"auto, (max-width: 900px) 100vw, 900px\" \/><\/a><a href=\"https:\/\/imsatextil.com\/wp-content\/uploads\/2019\/07\/11-1.png\"  rel=\"prettyPhoto[rel-ney8rzfugdya7ogxnlbh]\" ><img loading=\"lazy\" decoding=\"async\" width=\"900\" height=\"636\" src=\"https:\/\/imsatextil.com\/wp-content\/uploads\/2019\/07\/11-1.png\" class=\"attachment-full\" alt=\"\" srcset=\"https:\/\/imsatextil.com\/wp-content\/uploads\/2019\/07\/11-1.png 900w, https:\/\/imsatextil.com\/wp-content\/uploads\/2019\/07\/11-1-300x212.png 300w, https:\/\/imsatextil.com\/wp-content\/uploads\/2019\/07\/11-1-768x543.png 768w\" sizes=\"auto, (max-width: 900px) 100vw, 900px\" \/><\/a><a href=\"https:\/\/imsatextil.com\/wp-content\/uploads\/2019\/07\/12-1.png\"  rel=\"prettyPhoto[rel-ney8rzfugdya7ogxnlbh]\" ><img loading=\"lazy\" decoding=\"async\" width=\"900\" height=\"636\" src=\"https:\/\/imsatextil.com\/wp-content\/uploads\/2019\/07\/12-1.png\" class=\"attachment-full\" alt=\"\" srcset=\"https:\/\/imsatextil.com\/wp-content\/uploads\/2019\/07\/12-1.png 900w, https:\/\/imsatextil.com\/wp-content\/uploads\/2019\/07\/12-1-300x212.png 300w, https:\/\/imsatextil.com\/wp-content\/uploads\/2019\/07\/12-1-768x543.png 768w\" sizes=\"auto, (max-width: 900px) 100vw, 900px\" \/><\/a><a href=\"https:\/\/imsatextil.com\/wp-content\/uploads\/2019\/07\/13-1.png\"  rel=\"prettyPhoto[rel-ney8rzfugdya7ogxnlbh]\" ><img loading=\"lazy\" decoding=\"async\" width=\"900\" height=\"636\" src=\"https:\/\/imsatextil.com\/wp-content\/uploads\/2019\/07\/13-1.png\" class=\"attachment-full\" alt=\"\" srcset=\"https:\/\/imsatextil.com\/wp-content\/uploads\/2019\/07\/13-1.png 900w, https:\/\/imsatextil.com\/wp-content\/uploads\/2019\/07\/13-1-300x212.png 300w, https:\/\/imsatextil.com\/wp-content\/uploads\/2019\/07\/13-1-768x543.png 768w\" sizes=\"auto, (max-width: 900px) 100vw, 900px\" \/><\/a><\/div>\n\t\t<\/div> <\/div>\n\t<\/div> \n<\/div>\n","protected":false},"excerpt":{"rendered":"<p>TARDOR \/ HIVERN 2020 Per aquesta temporada d&#8217;hivern t&#8217;oferim una col\u00b7lecci\u00f3 de teixits m\u00e9s extensa per a les teves creacions. Hem diversificat les fibres, Poli\u00e8ster reciclat, viscosa, rai\u00f3, cot\u00f3, llana&#8230; Trobar\u00e0s una \u00e0mplia selecci\u00f3 de teixits qualitatius per a bruses i peces lleugeres, amb diferents pesos, estructures i acabats. El plisats estan en tend\u00e8ncia; Anem<br \/><a href=\"https:\/\/imsatextil.com\/ca\/colecciones\/coleccion-oi-20\/\" class=\"more\">Read more<\/a><\/p>\n","protected":false},"author":1,"featured_media":0,"parent":305,"menu_order":0,"comment_status":"closed","ping_status":"closed","template":"","meta":{"footnotes":""},"class_list":["post-3992","page","type-page","status-publish","hentry"],"_links":{"self":[{"href":"https:\/\/imsatextil.com\/ca\/wp-json\/wp\/v2\/pages\/3992","targetHints":{"allow":["GET"]}}],"collection":[{"href":"https:\/\/imsatextil.com\/ca\/wp-json\/wp\/v2\/pages"}],"about":[{"href":"https:\/\/imsatextil.com\/ca\/wp-json\/wp\/v2\/types\/page"}],"author":[{"embeddable":true,"href":"https:\/\/imsatextil.com\/ca\/wp-json\/wp\/v2\/users\/1"}],"replies":[{"embeddable":true,"href":"https:\/\/imsatextil.com\/ca\/wp-json\/wp\/v2\/comments?post=3992"}],"version-history":[{"count":4,"href":"https:\/\/imsatextil.com\/ca\/wp-json\/wp\/v2\/pages\/3992\/revisions"}],"predecessor-version":[{"id":4036,"href":"https:\/\/imsatextil.com\/ca\/wp-json\/wp\/v2\/pages\/3992\/revisions\/4036"}],"up":[{"embeddable":true,"href":"https:\/\/imsatextil.com\/ca\/wp-json\/wp\/v2\/pages\/305"}],"wp:attachment":[{"href":"https:\/\/imsatextil.com\/ca\/wp-json\/wp\/v2\/media?parent=3992"}],"curies":[{"name":"wp","href":"https:\/\/api.w.org\/{rel}","templated":true}]}}