{"id":4105,"date":"2020-01-16T16:58:03","date_gmt":"2020-01-16T16:58:03","guid":{"rendered":"http:\/\/imsatextil.com\/coleccion-p-v-21\/"},"modified":"2020-02-21T11:52:59","modified_gmt":"2020-02-21T11:52:59","slug":"coleccion-p-v-21","status":"publish","type":"page","link":"https:\/\/imsatextil.com\/ca\/colecciones\/coleccion-p-v-21\/","title":{"rendered":"Col\u00b7lecci\u00f3 P\/E 21"},"content":{"rendered":"<div  id='first-row'  class=\"vc_row wpb_row vc_row-fluid full-width-content \">\n\t<div class=\"vc_span12 wpb_column vc_column_container \"><div class=\"vc_column-inner \">\n\t\t<div class=\"wpb_wrapper\">\n\t\t\t\r\n\t<div class=\"wpb_single_image wpb_content_element vc_align_center\">\r\n\t\t<div class=\"wpb_wrapper\">\r\n\t\t\t\r\n\t\t\t<div class=\"vc_single_image-wrapper   vc_box_border_grey\"><img loading=\"lazy\" decoding=\"async\" width=\"1920\" height=\"257\" src=\"https:\/\/imsatextil.com\/wp-content\/uploads\/2020\/01\/header_primavera-2021.jpg\" class=\"vc_single_image-img attachment-full\" alt=\"\" srcset=\"https:\/\/imsatextil.com\/wp-content\/uploads\/2020\/01\/header_primavera-2021.jpg 1920w, https:\/\/imsatextil.com\/wp-content\/uploads\/2020\/01\/header_primavera-2021-300x40.jpg 300w, https:\/\/imsatextil.com\/wp-content\/uploads\/2020\/01\/header_primavera-2021-768x103.jpg 768w, https:\/\/imsatextil.com\/wp-content\/uploads\/2020\/01\/header_primavera-2021-1024x137.jpg 1024w\" sizes=\"auto, (max-width: 1920px) 100vw, 1920px\" \/><\/div>\r\n\t\t<\/div>\r\n\t<\/div>\r\n\n\t\t<\/div> <\/div>\n\t<\/div> \n<\/div><div   class=\"vc_row wpb_row vc_row-fluid  \">\n\t<div class=\"vc_span12 wpb_column vc_column_container \"><div class=\"vc_column-inner \">\n\t\t<div class=\"wpb_wrapper\">\n\t\t\t<h2 style=\"text-align: left\" class=\"vc_custom_heading\" >COL\u00b7LECCI\u00d3 PRIMAVERA ESTIU '21<\/h2>\r\n\t<div class=\"wpb_single_image wpb_content_element vc_align_left\">\r\n\t\t<div class=\"wpb_wrapper\">\r\n\t\t\t\r\n\t\t\t<div class=\"vc_single_image-wrapper   vc_box_border_grey\"><img loading=\"lazy\" decoding=\"async\" width=\"181\" height=\"7\" src=\"https:\/\/imsatextil.com\/wp-content\/uploads\/2017\/11\/separator_black.png\" class=\"vc_single_image-img attachment-full\" alt=\"\" \/><\/div>\r\n\t\t<\/div>\r\n\t<\/div>\r\n<div class=\"vc_row wpb_row vc_inner vc_row-fluid\"><div class=\"wpb_column vc_column_container vc_span6\"><div class=\"vc_column-inner  \"><div class=\"wpb_wrapper\">\n\t<div class=\"wpb_text_column wpb_content_element  \" >\n\t\t<div class=\"wpb_wrapper\" id=\"ct_6qmlbu4kcf8mrub8z19t\">\n\t\t\t<p><b>Eteri:<\/b><u><\/u><u><\/u><\/p>\n<p>Els materials lleugers, transl\u00facids, flotants i fluids dominen aquesta tend\u00e8ncia. Acabats met\u00e0l\u00b7lics, plecs i altres tractaments mec\u00e0nics de les teles creen una col\u00b7lecci\u00f3 que destaca la combinaci\u00f3 de la natura i la tecnologia. La nuesa de les malles i altres textures inesperades s&#8217;utilitzen tan de dia com de nit.<u><\/u><u><\/u><\/p>\n<p><b>Florals:<\/b><u><\/u><u><\/u><\/p>\n<p>Tot un ventall de teixits florals ens espera aquesta temporada: des de bells brodats de roses fins a teixits transl\u00facids de malla lluentades en combinacions de colors, fins a flors en 3D i teles d&#8217;encaix floral, la imaginaci\u00f3 \u00e9s el l\u00edmit! Rom\u00e0ntic, suau o opulent, tots els estils estan coberts.<u><\/u><u><\/u>\u00a0<u><\/u><u><\/u><\/p>\n<p><b>Ecl\u00e8ctic:<\/b><u><\/u><u><\/u><\/p>\n<p>Com a extensi\u00f3 de la tend\u00e8ncia Hivern 20\/21, continuarem veient teles acolorides i divertides que conformen aquesta col\u00b7lecci\u00f3 de pinces, ratlles i altres barreges, tant en teixit de punt com teixits de plana.<\/p>\n\n\t\t<\/div> \n\t<\/div> <\/div><\/div><\/div><div class=\"wpb_column vc_column_container vc_span6\"><div class=\"vc_column-inner  \"><div class=\"wpb_wrapper\">\n\t<div class=\"wpb_text_column wpb_content_element  \" >\n\t\t<div class=\"wpb_wrapper\" id=\"ct_qi6dq5bb5yq46dgtu5ac\">\n\t\t\t<p><b>Pastissos:<\/b><u><\/u><u><\/u><\/p>\n<p>El colors past\u00eds i les tonalitats suaus s\u00f3n una prioritat per a aquesta temporada. Els trobarem en tot tipus de teles i estampats. Sorbet de llima, Lila i Rosa clar s\u00f3n colors principals per als tops, vestits i fins i tot vestits complets. Un aspecte de na\u00eff i juganer que funciona perfectament per a les col\u00b7leccions de dones i nens.<u><\/u><u><\/u><\/p>\n<p><b>Nou mariner:<\/b><span lang=\"FR\">\u00a0<\/span><u><\/u><u><\/u><\/p>\n<p>La tend\u00e8ncia marinera \u00e9s gaireb\u00e9 un cl\u00e0ssic i per a les col\u00b7leccions d&#8217;estiu encara \u00e9s m\u00e9s important. Cada temporada, aquesta tend\u00e8ncia ve amb un toc especial. Per a l&#8217;estiu 2021 les ratlles marineres seran estructures teixides o teixits cl\u00e0ssics marines enriquits amb brodats. Aquesta temporada, la majoria de les teles s\u00f3n abundants en detalls i aquesta \u00e9s una gran oportunitat per refrescar aquesta tend\u00e8ncia!<u><\/u><u><\/u><\/p>\n<p><b>Rom\u00e0ntic:<\/b><u><\/u><u><\/u><\/p>\n<p>Una ess\u00e8ncia rom\u00e0ntica es respira a l&#8217;aire per a l&#8217;estiu 2021. Teles que ens recorden una vida lliure i f\u00e0cil en una praderia, amb una sensaci\u00f3 de cor lleuger i record vintage. Brodats i encaixos fan llargs vestits plens de volants i capes. Aquesta tend\u00e8ncia ens inspira tornar al roman\u00e7 amb un look relaxat i bonic.<\/p>\n\n\t\t<\/div> \n\t<\/div> <\/div><\/div><\/div><\/div><style type=\"text\/css\" >#ic_qb7vsmbs2src7oskfkdw {margin:0px auto 0px; }#ic_qb7vsmbs2src7oskfkdw .owl-prev,#ic_qb7vsmbs2src7oskfkdw .owl-next{border-color:#ecf0f1; background:#ffffff; color:#4a4f55; }#ic_qb7vsmbs2src7oskfkdw .owl-prev:hover,#ic_qb7vsmbs2src7oskfkdw .owl-next:hover{background:#f9fafb; color:#000000; }#ic_qb7vsmbs2src7oskfkdw .owl-prev:before,#ic_qb7vsmbs2src7oskfkdw .owl-next:after{border-color:#4a4f55; }#ic_qb7vsmbs2src7oskfkdw .owl-prev:hover::before,#ic_qb7vsmbs2src7oskfkdw .owl-next:hover::after{border-color:#000000; }#ic_qb7vsmbs2src7oskfkdw .owl-dot{ background:#ffffff; border-color:#ecf0f1; }#ic_qb7vsmbs2src7oskfkdw .owl-dot.active{ background:#000000; border-color:#ecf0f1;}<\/style><script type=\"text\/javascript\" charset=\"utf-8\">\r\n\r\n\t\tjQuery.noConflict();\r\n\t\/\/setup up Carousel\r\n\t\tjQuery(document).ready(function($) {\r\n\t\"use strict\";\r\n\t$(window).load(function(){\r\n\t\t$(\"#ic_qb7vsmbs2src7oskfkdw\").owlCarousel({\r\n\t\t\trtl: $(\"body\").hasClass(\"rtl\") ? true : false,\r\n\t\t\tresponsiveClass:true,\r\n\t\t\tcenter:true,\r\n\t\t\tloop:true,\r\n\t\t\tresponsive:{\r\n\t\t\t\t0:{\r\n\t\t\t\t\titems:1,\r\n\t\t\t    },\r\n\t\t\t    780:{\r\n\t\t\t        items:2,\r\n\t\t\t\t},\r\n\t\t\t\t1000:{\r\n\t\t\t\t    items:2,\r\n\t\t\t\t},\r\n\t\t\t},\r\n            scroll: 1,\r\n\t\t\tautoplay:false,\r\n\t   \t \t dots:false,\r\n\t\t\t nav:true,\r\n\t\r\n\t\t});\r\n\t});\r\n});\r\n\r\n<\/script><div class=\"tt_testimonials_ctn rd_ic_center  hover_nav_style \" id=\"ic_qb7vsmbs2src7oskfkdw\" style=\"margin-top:0px; margin-bottom:0px;\"><a href=\"https:\/\/imsatextil.com\/wp-content\/uploads\/2020\/01\/TWEED2-1024x707.jpg\"  rel=\"prettyPhoto[rel-qb7vsmbs2src7oskfkdw]\" ><img loading=\"lazy\" decoding=\"async\" width=\"1158\" height=\"799\" src=\"https:\/\/imsatextil.com\/wp-content\/uploads\/2020\/01\/TWEED2.jpg\" class=\"attachment-full\" alt=\"\" srcset=\"https:\/\/imsatextil.com\/wp-content\/uploads\/2020\/01\/TWEED2.jpg 1158w, https:\/\/imsatextil.com\/wp-content\/uploads\/2020\/01\/TWEED2-300x207.jpg 300w, https:\/\/imsatextil.com\/wp-content\/uploads\/2020\/01\/TWEED2-768x530.jpg 768w, https:\/\/imsatextil.com\/wp-content\/uploads\/2020\/01\/TWEED2-1024x707.jpg 1024w\" sizes=\"auto, (max-width: 1158px) 100vw, 1158px\" \/><\/a><a href=\"https:\/\/imsatextil.com\/wp-content\/uploads\/2020\/01\/PRINTS-1024x709.jpg\"  rel=\"prettyPhoto[rel-qb7vsmbs2src7oskfkdw]\" ><img loading=\"lazy\" decoding=\"async\" width=\"1161\" height=\"804\" src=\"https:\/\/imsatextil.com\/wp-content\/uploads\/2020\/01\/PRINTS.jpg\" class=\"attachment-full\" alt=\"\" srcset=\"https:\/\/imsatextil.com\/wp-content\/uploads\/2020\/01\/PRINTS.jpg 1161w, https:\/\/imsatextil.com\/wp-content\/uploads\/2020\/01\/PRINTS-300x208.jpg 300w, https:\/\/imsatextil.com\/wp-content\/uploads\/2020\/01\/PRINTS-768x532.jpg 768w, https:\/\/imsatextil.com\/wp-content\/uploads\/2020\/01\/PRINTS-1024x709.jpg 1024w\" sizes=\"auto, (max-width: 1161px) 100vw, 1161px\" \/><\/a><a href=\"https:\/\/imsatextil.com\/wp-content\/uploads\/2020\/01\/ECLECTIC-1024x729.jpg\"  rel=\"prettyPhoto[rel-qb7vsmbs2src7oskfkdw]\" ><img loading=\"lazy\" decoding=\"async\" width=\"1151\" height=\"819\" src=\"https:\/\/imsatextil.com\/wp-content\/uploads\/2020\/01\/ECLECTIC.jpg\" class=\"attachment-full\" alt=\"\" srcset=\"https:\/\/imsatextil.com\/wp-content\/uploads\/2020\/01\/ECLECTIC.jpg 1151w, https:\/\/imsatextil.com\/wp-content\/uploads\/2020\/01\/ECLECTIC-300x213.jpg 300w, https:\/\/imsatextil.com\/wp-content\/uploads\/2020\/01\/ECLECTIC-768x546.jpg 768w, https:\/\/imsatextil.com\/wp-content\/uploads\/2020\/01\/ECLECTIC-1024x729.jpg 1024w\" sizes=\"auto, (max-width: 1151px) 100vw, 1151px\" \/><\/a><a href=\"https:\/\/imsatextil.com\/wp-content\/uploads\/2020\/01\/ETHEREAL-1024x731.jpg\"  rel=\"prettyPhoto[rel-qb7vsmbs2src7oskfkdw]\" ><img loading=\"lazy\" decoding=\"async\" width=\"1148\" height=\"819\" src=\"https:\/\/imsatextil.com\/wp-content\/uploads\/2020\/01\/ETHEREAL.jpg\" class=\"attachment-full\" alt=\"\" srcset=\"https:\/\/imsatextil.com\/wp-content\/uploads\/2020\/01\/ETHEREAL.jpg 1148w, https:\/\/imsatextil.com\/wp-content\/uploads\/2020\/01\/ETHEREAL-300x214.jpg 300w, https:\/\/imsatextil.com\/wp-content\/uploads\/2020\/01\/ETHEREAL-768x548.jpg 768w, https:\/\/imsatextil.com\/wp-content\/uploads\/2020\/01\/ETHEREAL-1024x731.jpg 1024w\" sizes=\"auto, (max-width: 1148px) 100vw, 1148px\" \/><\/a><a href=\"https:\/\/imsatextil.com\/wp-content\/uploads\/2020\/01\/FLORAL-1024x721.jpg\"  rel=\"prettyPhoto[rel-qb7vsmbs2src7oskfkdw]\" ><img loading=\"lazy\" decoding=\"async\" width=\"1150\" height=\"810\" src=\"https:\/\/imsatextil.com\/wp-content\/uploads\/2020\/01\/FLORAL.jpg\" class=\"attachment-full\" alt=\"\" srcset=\"https:\/\/imsatextil.com\/wp-content\/uploads\/2020\/01\/FLORAL.jpg 1150w, https:\/\/imsatextil.com\/wp-content\/uploads\/2020\/01\/FLORAL-300x211.jpg 300w, https:\/\/imsatextil.com\/wp-content\/uploads\/2020\/01\/FLORAL-768x541.jpg 768w, https:\/\/imsatextil.com\/wp-content\/uploads\/2020\/01\/FLORAL-1024x721.jpg 1024w\" sizes=\"auto, (max-width: 1150px) 100vw, 1150px\" \/><\/a><a href=\"https:\/\/imsatextil.com\/wp-content\/uploads\/2020\/01\/FLYER2-1.jpg\"  rel=\"prettyPhoto[rel-qb7vsmbs2src7oskfkdw]\" ><img loading=\"lazy\" decoding=\"async\" width=\"823\" height=\"559\" src=\"https:\/\/imsatextil.com\/wp-content\/uploads\/2020\/01\/FLYER2-1.jpg\" class=\"attachment-full\" alt=\"\" srcset=\"https:\/\/imsatextil.com\/wp-content\/uploads\/2020\/01\/FLYER2-1.jpg 823w, https:\/\/imsatextil.com\/wp-content\/uploads\/2020\/01\/FLYER2-1-300x204.jpg 300w, https:\/\/imsatextil.com\/wp-content\/uploads\/2020\/01\/FLYER2-1-768x522.jpg 768w\" sizes=\"auto, (max-width: 823px) 100vw, 823px\" \/><\/a><a href=\"https:\/\/imsatextil.com\/wp-content\/uploads\/2020\/01\/LIQUID-1024x732.jpg\"  rel=\"prettyPhoto[rel-qb7vsmbs2src7oskfkdw]\" ><img loading=\"lazy\" decoding=\"async\" width=\"1145\" height=\"818\" src=\"https:\/\/imsatextil.com\/wp-content\/uploads\/2020\/01\/LIQUID.jpg\" class=\"attachment-full\" alt=\"\" srcset=\"https:\/\/imsatextil.com\/wp-content\/uploads\/2020\/01\/LIQUID.jpg 1145w, https:\/\/imsatextil.com\/wp-content\/uploads\/2020\/01\/LIQUID-300x214.jpg 300w, https:\/\/imsatextil.com\/wp-content\/uploads\/2020\/01\/LIQUID-768x549.jpg 768w, https:\/\/imsatextil.com\/wp-content\/uploads\/2020\/01\/LIQUID-1024x732.jpg 1024w\" sizes=\"auto, (max-width: 1145px) 100vw, 1145px\" \/><\/a><a href=\"https:\/\/imsatextil.com\/wp-content\/uploads\/2020\/01\/PASTELS-1024x710.jpg\"  rel=\"prettyPhoto[rel-qb7vsmbs2src7oskfkdw]\" ><img loading=\"lazy\" decoding=\"async\" width=\"1157\" height=\"802\" src=\"https:\/\/imsatextil.com\/wp-content\/uploads\/2020\/01\/PASTELS.jpg\" class=\"attachment-full\" alt=\"\" srcset=\"https:\/\/imsatextil.com\/wp-content\/uploads\/2020\/01\/PASTELS.jpg 1157w, https:\/\/imsatextil.com\/wp-content\/uploads\/2020\/01\/PASTELS-300x208.jpg 300w, https:\/\/imsatextil.com\/wp-content\/uploads\/2020\/01\/PASTELS-768x532.jpg 768w, https:\/\/imsatextil.com\/wp-content\/uploads\/2020\/01\/PASTELS-1024x710.jpg 1024w\" sizes=\"auto, (max-width: 1157px) 100vw, 1157px\" \/><\/a><a href=\"https:\/\/imsatextil.com\/wp-content\/uploads\/2020\/01\/NEW-SAILOR-1024x706.jpg\"  rel=\"prettyPhoto[rel-qb7vsmbs2src7oskfkdw]\" ><img loading=\"lazy\" decoding=\"async\" width=\"1163\" height=\"802\" src=\"https:\/\/imsatextil.com\/wp-content\/uploads\/2020\/01\/NEW-SAILOR.jpg\" class=\"attachment-full\" alt=\"\" srcset=\"https:\/\/imsatextil.com\/wp-content\/uploads\/2020\/01\/NEW-SAILOR.jpg 1163w, https:\/\/imsatextil.com\/wp-content\/uploads\/2020\/01\/NEW-SAILOR-300x207.jpg 300w, https:\/\/imsatextil.com\/wp-content\/uploads\/2020\/01\/NEW-SAILOR-768x530.jpg 768w, https:\/\/imsatextil.com\/wp-content\/uploads\/2020\/01\/NEW-SAILOR-1024x706.jpg 1024w\" sizes=\"auto, (max-width: 1163px) 100vw, 1163px\" \/><\/a><a href=\"https:\/\/imsatextil.com\/wp-content\/uploads\/2020\/02\/ss20-1024x706.jpg\"  rel=\"prettyPhoto[rel-qb7vsmbs2src7oskfkdw]\" ><img loading=\"lazy\" decoding=\"async\" width=\"1163\" height=\"802\" src=\"https:\/\/imsatextil.com\/wp-content\/uploads\/2020\/02\/ss20.jpg\" class=\"attachment-full\" alt=\"\" srcset=\"https:\/\/imsatextil.com\/wp-content\/uploads\/2020\/02\/ss20.jpg 1163w, https:\/\/imsatextil.com\/wp-content\/uploads\/2020\/02\/ss20-300x207.jpg 300w, https:\/\/imsatextil.com\/wp-content\/uploads\/2020\/02\/ss20-768x530.jpg 768w, https:\/\/imsatextil.com\/wp-content\/uploads\/2020\/02\/ss20-1024x706.jpg 1024w\" sizes=\"auto, (max-width: 1163px) 100vw, 1163px\" \/><\/a><\/div>\n\t\t<\/div> <\/div>\n\t<\/div> \n<\/div>\n","protected":false},"excerpt":{"rendered":"<p>COL\u00b7LECCI\u00d3 PRIMAVERA ESTIU &#8217;21 Eteri: Els materials lleugers, transl\u00facids, flotants i fluids dominen aquesta tend\u00e8ncia. Acabats met\u00e0l\u00b7lics, plecs i altres tractaments mec\u00e0nics de les teles creen una col\u00b7lecci\u00f3 que destaca la combinaci\u00f3 de la natura i la tecnologia. La nuesa de les malles i altres textures inesperades s&#8217;utilitzen tan de dia com de nit. Florals:<br \/><a href=\"https:\/\/imsatextil.com\/ca\/colecciones\/coleccion-p-v-21\/\" class=\"more\">Read more<\/a><\/p>\n","protected":false},"author":1,"featured_media":0,"parent":305,"menu_order":0,"comment_status":"closed","ping_status":"closed","template":"","meta":{"footnotes":""},"class_list":["post-4105","page","type-page","status-publish","hentry"],"_links":{"self":[{"href":"https:\/\/imsatextil.com\/ca\/wp-json\/wp\/v2\/pages\/4105","targetHints":{"allow":["GET"]}}],"collection":[{"href":"https:\/\/imsatextil.com\/ca\/wp-json\/wp\/v2\/pages"}],"about":[{"href":"https:\/\/imsatextil.com\/ca\/wp-json\/wp\/v2\/types\/page"}],"author":[{"embeddable":true,"href":"https:\/\/imsatextil.com\/ca\/wp-json\/wp\/v2\/users\/1"}],"replies":[{"embeddable":true,"href":"https:\/\/imsatextil.com\/ca\/wp-json\/wp\/v2\/comments?post=4105"}],"version-history":[{"count":3,"href":"https:\/\/imsatextil.com\/ca\/wp-json\/wp\/v2\/pages\/4105\/revisions"}],"predecessor-version":[{"id":5808,"href":"https:\/\/imsatextil.com\/ca\/wp-json\/wp\/v2\/pages\/4105\/revisions\/5808"}],"up":[{"embeddable":true,"href":"https:\/\/imsatextil.com\/ca\/wp-json\/wp\/v2\/pages\/305"}],"wp:attachment":[{"href":"https:\/\/imsatextil.com\/ca\/wp-json\/wp\/v2\/media?parent=4105"}],"curies":[{"name":"wp","href":"https:\/\/api.w.org\/{rel}","templated":true}]}}