{"id":6069,"date":"2020-08-04T09:00:18","date_gmt":"2020-08-04T09:00:18","guid":{"rendered":"http:\/\/imsatextil.com\/coleccion-o-i-21\/"},"modified":"2020-08-04T09:14:15","modified_gmt":"2020-08-04T09:14:15","slug":"coleccion-o-i-21","status":"publish","type":"page","link":"https:\/\/imsatextil.com\/ca\/colecciones\/coleccion-o-i-21\/","title":{"rendered":"Col\u00b7lecci\u00f3 T\/H 21"},"content":{"rendered":"<div  id='first-row'  class=\"vc_row wpb_row vc_row-fluid full-width-content \">\n\t<div class=\"vc_span12 wpb_column vc_column_container \"><div class=\"vc_column-inner \">\n\t\t<div class=\"wpb_wrapper\">\n\t\t\t\r\n\t<div class=\"wpb_single_image wpb_content_element vc_align_center\">\r\n\t\t<div class=\"wpb_wrapper\">\r\n\t\t\t\r\n\t\t\t<div class=\"vc_single_image-wrapper   vc_box_border_grey\"><img loading=\"lazy\" decoding=\"async\" width=\"1437\" height=\"192\" src=\"https:\/\/imsatextil.com\/wp-content\/uploads\/2020\/08\/otono-invierno-21.jpg\" class=\"vc_single_image-img attachment-full\" alt=\"\" srcset=\"https:\/\/imsatextil.com\/wp-content\/uploads\/2020\/08\/otono-invierno-21.jpg 1437w, https:\/\/imsatextil.com\/wp-content\/uploads\/2020\/08\/otono-invierno-21-300x40.jpg 300w, https:\/\/imsatextil.com\/wp-content\/uploads\/2020\/08\/otono-invierno-21-768x103.jpg 768w, https:\/\/imsatextil.com\/wp-content\/uploads\/2020\/08\/otono-invierno-21-1024x137.jpg 1024w\" sizes=\"auto, (max-width: 1437px) 100vw, 1437px\" \/><\/div>\r\n\t\t<\/div>\r\n\t<\/div>\r\n\n\t\t<\/div> <\/div>\n\t<\/div> \n<\/div><div   class=\"vc_row wpb_row vc_row-fluid  \">\n\t<div class=\"vc_span12 wpb_column vc_column_container \"><div class=\"vc_column-inner \">\n\t\t<div class=\"wpb_wrapper\">\n\t\t\t<h2 style=\"text-align: left\" class=\"vc_custom_heading\" >COL\u00b7LECCI\u00d3 TARDOR \/ HIVERN 2021<\/h2>\r\n\t<div class=\"wpb_single_image wpb_content_element vc_align_left\">\r\n\t\t<div class=\"wpb_wrapper\">\r\n\t\t\t\r\n\t\t\t<div class=\"vc_single_image-wrapper   vc_box_border_grey\"><img loading=\"lazy\" decoding=\"async\" width=\"181\" height=\"7\" src=\"https:\/\/imsatextil.com\/wp-content\/uploads\/2017\/11\/separator_black.png\" class=\"vc_single_image-img attachment-full\" alt=\"\" \/><\/div>\r\n\t\t<\/div>\r\n\t<\/div>\r\n<div class=\"vc_row wpb_row vc_inner vc_row-fluid\"><div class=\"wpb_column vc_column_container vc_span6\"><div class=\"vc_column-inner  \"><div class=\"wpb_wrapper\">\n\t<div class=\"wpb_text_column wpb_content_element  \" >\n\t\t<div class=\"wpb_wrapper\" id=\"ct_76rpb7atwuev78r7dn5d\">\n\t\t\t<p style=\"font-weight: 400;\">Aquest hivern 21\/22 proposem teles que s&#8217;han desenvolupat seguint les \u00faltimes tend\u00e8ncies de la moda i tenint en compte les exig\u00e8ncies dels consumidors, que avui dia no nom\u00e9s exigeixen qualitat sin\u00f3 tamb\u00e9 materials ecol\u00f2gics i produccions de proximitat. La nostra proposta \u00e9s molt variada, en ella trobar\u00e0s totes les teles necess\u00e0ries per crear les teves col\u00b7leccions, adequades per a cada ocasi\u00f3 i tipus de client.<\/p>\n<p style=\"font-weight: 400;\">En la nostra l\u00ednia de festa destaquen les teles amb glamour i brillantor fetes de lluentons, fils met\u00e0l\u00b7lics o lam\u00e9s. La fantasia de volants i teixits amb serrells aporten moviment i diversi\u00f3, i els brodats florals i geom\u00e8trics i enriqueixen els encaixos amb un aire rom\u00e0ntic i sensual, que nom\u00e9s necessiten la seva creativitat per convertir-se en la pe\u00e7a perfecta.<\/p>\n<p style=\"font-weight: 400;\">En la nostra l\u00ednia casual trobar\u00e0s teles que marquen l&#8217;\u00faltima tend\u00e8ncia, com els acotxats, que ja no s&#8217;utilitzen per a les peces a l&#8217;aire lliure sin\u00f3 que formen part de la roba del dia a dia en peces m\u00e9s vers\u00e0tils. Jacquards amb dissenys geom\u00e8trics, plisats amb estampats i teles texturitzades completen la col\u00b7lecci\u00f3 d&#8217;una temporada d&#8217;hivern en la qual l&#8217;\u00fanic l\u00edmit \u00e9s la teva imaginaci\u00f3.<\/p>\n\n\t\t<\/div> \n\t<\/div> <\/div><\/div><\/div><div class=\"wpb_column vc_column_container vc_span6\"><div class=\"vc_column-inner  \"><div class=\"wpb_wrapper\">\n\t<div class=\"wpb_text_column wpb_content_element  \" >\n\t\t<div class=\"wpb_wrapper\" id=\"ct_pgngfnmx6huy0517cnih\">\n\t\t\t<p style=\"font-weight: 400;\">Per combatre el fred sense perdre l&#8217;estil, oferim una selecci\u00f3 de teles de llaneria d&#8217;alta qualitat,\u00a0 \u201cborreguet\u201d i altres &#8220;faux-fur&#8221;, aix\u00ed com una varietat de teles de tricot que s\u00f3n ideals per a peces exteriors o de capa superior.<\/p>\n<p style=\"font-weight: 400;\">Sense oblidar que ens preocupen per la sostenibilitat, la nostra col\u00b7lecci\u00f3 de teixits inclou productes ecol\u00f2gics, reciclats, de producci\u00f3 local o amb materials naturals, veur\u00e0 que moltes de les nostres teles m\u00e9s c\u00e0lides contenen diferents percentatges de llana.<\/p>\n<p style=\"font-weight: 400;\">I finalment, us convidem a con\u00e9ixer la nostra c\u00e0psula adre\u00e7ada a nens i beb\u00e8s: colors subtils, divertits dissenys i teles amb un toc agradable perqu\u00e8 les col\u00b7leccions dels infantils siguin un \u00e8xit.<\/p>\n\n\t\t<\/div> \n\t<\/div> <\/div><\/div><\/div><\/div><style type=\"text\/css\" >#ic_bxx3e0wvxjow4t7zxly0 {margin:0px auto 0px; }#ic_bxx3e0wvxjow4t7zxly0 .owl-prev,#ic_bxx3e0wvxjow4t7zxly0 .owl-next{border-color:#ecf0f1; background:#ffffff; color:#4a4f55; }#ic_bxx3e0wvxjow4t7zxly0 .owl-prev:hover,#ic_bxx3e0wvxjow4t7zxly0 .owl-next:hover{background:#f9fafb; color:#000000; }#ic_bxx3e0wvxjow4t7zxly0 .owl-prev:before,#ic_bxx3e0wvxjow4t7zxly0 .owl-next:after{border-color:#4a4f55; }#ic_bxx3e0wvxjow4t7zxly0 .owl-prev:hover::before,#ic_bxx3e0wvxjow4t7zxly0 .owl-next:hover::after{border-color:#000000; }#ic_bxx3e0wvxjow4t7zxly0 .owl-dot{ background:#ffffff; border-color:#ecf0f1; }#ic_bxx3e0wvxjow4t7zxly0 .owl-dot.active{ background:#000000; border-color:#ecf0f1;}<\/style><script type=\"text\/javascript\" charset=\"utf-8\">\r\n\r\n\t\tjQuery.noConflict();\r\n\t\/\/setup up Carousel\r\n\t\tjQuery(document).ready(function($) {\r\n\t\"use strict\";\r\n\t$(window).load(function(){\r\n\t\t$(\"#ic_bxx3e0wvxjow4t7zxly0\").owlCarousel({\r\n\t\t\trtl: $(\"body\").hasClass(\"rtl\") ? true : false,\r\n\t\t\tresponsiveClass:true,\r\n\t\t\tcenter:true,\r\n\t\t\tloop:true,\r\n\t\t\tresponsive:{\r\n\t\t\t\t0:{\r\n\t\t\t\t\titems:1,\r\n\t\t\t    },\r\n\t\t\t    780:{\r\n\t\t\t        items:2,\r\n\t\t\t\t},\r\n\t\t\t\t1000:{\r\n\t\t\t\t    items:2,\r\n\t\t\t\t},\r\n\t\t\t},\r\n            scroll: 1,\r\n\t\t\tautoplay:false,\r\n\t   \t \t dots:false,\r\n\t\t\t nav:true,\r\n\t\r\n\t\t});\r\n\t});\r\n});\r\n\r\n<\/script><div class=\"tt_testimonials_ctn rd_ic_center  hover_nav_style \" id=\"ic_bxx3e0wvxjow4t7zxly0\" style=\"margin-top:0px; margin-bottom:0px;\"><a href=\"https:\/\/imsatextil.com\/wp-content\/uploads\/2020\/08\/o-i-21_01-1024x756.jpg\"  rel=\"prettyPhoto[rel-bxx3e0wvxjow4t7zxly0]\" ><img loading=\"lazy\" decoding=\"async\" width=\"1191\" height=\"879\" src=\"https:\/\/imsatextil.com\/wp-content\/uploads\/2020\/08\/o-i-21_01.jpg\" class=\"attachment-full\" alt=\"\" srcset=\"https:\/\/imsatextil.com\/wp-content\/uploads\/2020\/08\/o-i-21_01.jpg 1191w, https:\/\/imsatextil.com\/wp-content\/uploads\/2020\/08\/o-i-21_01-300x221.jpg 300w, https:\/\/imsatextil.com\/wp-content\/uploads\/2020\/08\/o-i-21_01-768x567.jpg 768w, https:\/\/imsatextil.com\/wp-content\/uploads\/2020\/08\/o-i-21_01-1024x756.jpg 1024w\" sizes=\"auto, (max-width: 1191px) 100vw, 1191px\" \/><\/a><a href=\"https:\/\/imsatextil.com\/wp-content\/uploads\/2020\/08\/o-i-21_02-1024x756.jpg\"  rel=\"prettyPhoto[rel-bxx3e0wvxjow4t7zxly0]\" ><img loading=\"lazy\" decoding=\"async\" width=\"1191\" height=\"879\" src=\"https:\/\/imsatextil.com\/wp-content\/uploads\/2020\/08\/o-i-21_02.jpg\" class=\"attachment-full\" alt=\"\" srcset=\"https:\/\/imsatextil.com\/wp-content\/uploads\/2020\/08\/o-i-21_02.jpg 1191w, https:\/\/imsatextil.com\/wp-content\/uploads\/2020\/08\/o-i-21_02-300x221.jpg 300w, https:\/\/imsatextil.com\/wp-content\/uploads\/2020\/08\/o-i-21_02-768x567.jpg 768w, https:\/\/imsatextil.com\/wp-content\/uploads\/2020\/08\/o-i-21_02-1024x756.jpg 1024w\" sizes=\"auto, (max-width: 1191px) 100vw, 1191px\" \/><\/a><a href=\"https:\/\/imsatextil.com\/wp-content\/uploads\/2020\/08\/o-i-21_03-1024x756.jpg\"  rel=\"prettyPhoto[rel-bxx3e0wvxjow4t7zxly0]\" ><img loading=\"lazy\" decoding=\"async\" width=\"1191\" height=\"879\" src=\"https:\/\/imsatextil.com\/wp-content\/uploads\/2020\/08\/o-i-21_03.jpg\" class=\"attachment-full\" alt=\"\" srcset=\"https:\/\/imsatextil.com\/wp-content\/uploads\/2020\/08\/o-i-21_03.jpg 1191w, https:\/\/imsatextil.com\/wp-content\/uploads\/2020\/08\/o-i-21_03-300x221.jpg 300w, https:\/\/imsatextil.com\/wp-content\/uploads\/2020\/08\/o-i-21_03-768x567.jpg 768w, https:\/\/imsatextil.com\/wp-content\/uploads\/2020\/08\/o-i-21_03-1024x756.jpg 1024w\" sizes=\"auto, (max-width: 1191px) 100vw, 1191px\" \/><\/a><a href=\"https:\/\/imsatextil.com\/wp-content\/uploads\/2020\/08\/o-i-21_04-1024x756.jpg\"  rel=\"prettyPhoto[rel-bxx3e0wvxjow4t7zxly0]\" ><img loading=\"lazy\" decoding=\"async\" width=\"1191\" height=\"879\" src=\"https:\/\/imsatextil.com\/wp-content\/uploads\/2020\/08\/o-i-21_04.jpg\" class=\"attachment-full\" alt=\"\" srcset=\"https:\/\/imsatextil.com\/wp-content\/uploads\/2020\/08\/o-i-21_04.jpg 1191w, https:\/\/imsatextil.com\/wp-content\/uploads\/2020\/08\/o-i-21_04-300x221.jpg 300w, https:\/\/imsatextil.com\/wp-content\/uploads\/2020\/08\/o-i-21_04-768x567.jpg 768w, https:\/\/imsatextil.com\/wp-content\/uploads\/2020\/08\/o-i-21_04-1024x756.jpg 1024w\" sizes=\"auto, (max-width: 1191px) 100vw, 1191px\" \/><\/a><a href=\"https:\/\/imsatextil.com\/wp-content\/uploads\/2020\/08\/o-i-21_05-1024x756.jpg\"  rel=\"prettyPhoto[rel-bxx3e0wvxjow4t7zxly0]\" ><img loading=\"lazy\" decoding=\"async\" width=\"1191\" height=\"879\" src=\"https:\/\/imsatextil.com\/wp-content\/uploads\/2020\/08\/o-i-21_05.jpg\" class=\"attachment-full\" alt=\"\" srcset=\"https:\/\/imsatextil.com\/wp-content\/uploads\/2020\/08\/o-i-21_05.jpg 1191w, https:\/\/imsatextil.com\/wp-content\/uploads\/2020\/08\/o-i-21_05-300x221.jpg 300w, https:\/\/imsatextil.com\/wp-content\/uploads\/2020\/08\/o-i-21_05-768x567.jpg 768w, https:\/\/imsatextil.com\/wp-content\/uploads\/2020\/08\/o-i-21_05-1024x756.jpg 1024w\" sizes=\"auto, (max-width: 1191px) 100vw, 1191px\" \/><\/a><a href=\"https:\/\/imsatextil.com\/wp-content\/uploads\/2020\/08\/o-i-21_06-1024x756.jpg\"  rel=\"prettyPhoto[rel-bxx3e0wvxjow4t7zxly0]\" ><img loading=\"lazy\" decoding=\"async\" width=\"1191\" height=\"879\" src=\"https:\/\/imsatextil.com\/wp-content\/uploads\/2020\/08\/o-i-21_06.jpg\" class=\"attachment-full\" alt=\"\" srcset=\"https:\/\/imsatextil.com\/wp-content\/uploads\/2020\/08\/o-i-21_06.jpg 1191w, https:\/\/imsatextil.com\/wp-content\/uploads\/2020\/08\/o-i-21_06-300x221.jpg 300w, https:\/\/imsatextil.com\/wp-content\/uploads\/2020\/08\/o-i-21_06-768x567.jpg 768w, https:\/\/imsatextil.com\/wp-content\/uploads\/2020\/08\/o-i-21_06-1024x756.jpg 1024w\" sizes=\"auto, (max-width: 1191px) 100vw, 1191px\" \/><\/a><a href=\"https:\/\/imsatextil.com\/wp-content\/uploads\/2020\/08\/o-i-21_07-1024x756.jpg\"  rel=\"prettyPhoto[rel-bxx3e0wvxjow4t7zxly0]\" ><img loading=\"lazy\" decoding=\"async\" width=\"1191\" height=\"879\" src=\"https:\/\/imsatextil.com\/wp-content\/uploads\/2020\/08\/o-i-21_07.jpg\" class=\"attachment-full\" alt=\"\" srcset=\"https:\/\/imsatextil.com\/wp-content\/uploads\/2020\/08\/o-i-21_07.jpg 1191w, https:\/\/imsatextil.com\/wp-content\/uploads\/2020\/08\/o-i-21_07-300x221.jpg 300w, https:\/\/imsatextil.com\/wp-content\/uploads\/2020\/08\/o-i-21_07-768x567.jpg 768w, https:\/\/imsatextil.com\/wp-content\/uploads\/2020\/08\/o-i-21_07-1024x756.jpg 1024w\" sizes=\"auto, (max-width: 1191px) 100vw, 1191px\" \/><\/a><a href=\"https:\/\/imsatextil.com\/wp-content\/uploads\/2020\/08\/o-i-21_08-1024x756.jpg\"  rel=\"prettyPhoto[rel-bxx3e0wvxjow4t7zxly0]\" ><img loading=\"lazy\" decoding=\"async\" width=\"1191\" height=\"879\" src=\"https:\/\/imsatextil.com\/wp-content\/uploads\/2020\/08\/o-i-21_08.jpg\" class=\"attachment-full\" alt=\"\" srcset=\"https:\/\/imsatextil.com\/wp-content\/uploads\/2020\/08\/o-i-21_08.jpg 1191w, https:\/\/imsatextil.com\/wp-content\/uploads\/2020\/08\/o-i-21_08-300x221.jpg 300w, https:\/\/imsatextil.com\/wp-content\/uploads\/2020\/08\/o-i-21_08-768x567.jpg 768w, https:\/\/imsatextil.com\/wp-content\/uploads\/2020\/08\/o-i-21_08-1024x756.jpg 1024w\" sizes=\"auto, (max-width: 1191px) 100vw, 1191px\" \/><\/a><a href=\"https:\/\/imsatextil.com\/wp-content\/uploads\/2020\/08\/o-i-21_09-1024x756.jpg\"  rel=\"prettyPhoto[rel-bxx3e0wvxjow4t7zxly0]\" ><img loading=\"lazy\" decoding=\"async\" width=\"1191\" height=\"879\" src=\"https:\/\/imsatextil.com\/wp-content\/uploads\/2020\/08\/o-i-21_09.jpg\" class=\"attachment-full\" alt=\"\" srcset=\"https:\/\/imsatextil.com\/wp-content\/uploads\/2020\/08\/o-i-21_09.jpg 1191w, https:\/\/imsatextil.com\/wp-content\/uploads\/2020\/08\/o-i-21_09-300x221.jpg 300w, https:\/\/imsatextil.com\/wp-content\/uploads\/2020\/08\/o-i-21_09-768x567.jpg 768w, https:\/\/imsatextil.com\/wp-content\/uploads\/2020\/08\/o-i-21_09-1024x756.jpg 1024w\" sizes=\"auto, (max-width: 1191px) 100vw, 1191px\" \/><\/a><a href=\"https:\/\/imsatextil.com\/wp-content\/uploads\/2020\/08\/o-i-21_10-1024x756.jpg\"  rel=\"prettyPhoto[rel-bxx3e0wvxjow4t7zxly0]\" ><img loading=\"lazy\" decoding=\"async\" width=\"1191\" height=\"879\" src=\"https:\/\/imsatextil.com\/wp-content\/uploads\/2020\/08\/o-i-21_10.jpg\" class=\"attachment-full\" alt=\"\" srcset=\"https:\/\/imsatextil.com\/wp-content\/uploads\/2020\/08\/o-i-21_10.jpg 1191w, https:\/\/imsatextil.com\/wp-content\/uploads\/2020\/08\/o-i-21_10-300x221.jpg 300w, https:\/\/imsatextil.com\/wp-content\/uploads\/2020\/08\/o-i-21_10-768x567.jpg 768w, https:\/\/imsatextil.com\/wp-content\/uploads\/2020\/08\/o-i-21_10-1024x756.jpg 1024w\" sizes=\"auto, (max-width: 1191px) 100vw, 1191px\" \/><\/a><\/div>\n\t\t<\/div> <\/div>\n\t<\/div> \n<\/div>\n","protected":false},"excerpt":{"rendered":"<p>COL\u00b7LECCI\u00d3 TARDOR \/ HIVERN 2021 Aquest hivern 21\/22 proposem teles que s&#8217;han desenvolupat seguint les \u00faltimes tend\u00e8ncies de la moda i tenint en compte les exig\u00e8ncies dels consumidors, que avui dia no nom\u00e9s exigeixen qualitat sin\u00f3 tamb\u00e9 materials ecol\u00f2gics i produccions de proximitat. La nostra proposta \u00e9s molt variada, en ella trobar\u00e0s totes les teles<br \/><a href=\"https:\/\/imsatextil.com\/ca\/colecciones\/coleccion-o-i-21\/\" class=\"more\">Read more<\/a><\/p>\n","protected":false},"author":1,"featured_media":0,"parent":305,"menu_order":0,"comment_status":"closed","ping_status":"closed","template":"","meta":{"footnotes":""},"class_list":["post-6069","page","type-page","status-publish","hentry"],"_links":{"self":[{"href":"https:\/\/imsatextil.com\/ca\/wp-json\/wp\/v2\/pages\/6069","targetHints":{"allow":["GET"]}}],"collection":[{"href":"https:\/\/imsatextil.com\/ca\/wp-json\/wp\/v2\/pages"}],"about":[{"href":"https:\/\/imsatextil.com\/ca\/wp-json\/wp\/v2\/types\/page"}],"author":[{"embeddable":true,"href":"https:\/\/imsatextil.com\/ca\/wp-json\/wp\/v2\/users\/1"}],"replies":[{"embeddable":true,"href":"https:\/\/imsatextil.com\/ca\/wp-json\/wp\/v2\/comments?post=6069"}],"version-history":[{"count":2,"href":"https:\/\/imsatextil.com\/ca\/wp-json\/wp\/v2\/pages\/6069\/revisions"}],"predecessor-version":[{"id":6073,"href":"https:\/\/imsatextil.com\/ca\/wp-json\/wp\/v2\/pages\/6069\/revisions\/6073"}],"up":[{"embeddable":true,"href":"https:\/\/imsatextil.com\/ca\/wp-json\/wp\/v2\/pages\/305"}],"wp:attachment":[{"href":"https:\/\/imsatextil.com\/ca\/wp-json\/wp\/v2\/media?parent=6069"}],"curies":[{"name":"wp","href":"https:\/\/api.w.org\/{rel}","templated":true}]}}