{"id":7507,"date":"2021-01-26T22:51:05","date_gmt":"2021-01-26T22:51:05","guid":{"rendered":"http:\/\/imsatextil.com\/coleccion-p-v-22\/"},"modified":"2021-01-26T22:58:20","modified_gmt":"2021-01-26T22:58:20","slug":"coleccion-p-v-22","status":"publish","type":"page","link":"https:\/\/imsatextil.com\/ca\/colecciones\/coleccion-p-v-22\/","title":{"rendered":"Colecci\u00f3n P\/V 22"},"content":{"rendered":"<div  id='first-row'  class=\"vc_row wpb_row vc_row-fluid full-width-content \">\n\t<div class=\"vc_span12 wpb_column vc_column_container \"><div class=\"vc_column-inner \">\n\t\t<div class=\"wpb_wrapper\">\n\t\t\t\r\n\t<div class=\"wpb_single_image wpb_content_element vc_align_center\">\r\n\t\t<div class=\"wpb_wrapper\">\r\n\t\t\t\r\n\t\t\t<div class=\"vc_single_image-wrapper   vc_box_border_grey\"><img loading=\"lazy\" decoding=\"async\" width=\"1920\" height=\"257\" src=\"https:\/\/imsatextil.com\/wp-content\/uploads\/2021\/01\/header_primavera-2022.jpg\" class=\"vc_single_image-img attachment-full\" alt=\"\" srcset=\"https:\/\/imsatextil.com\/wp-content\/uploads\/2021\/01\/header_primavera-2022.jpg 1920w, https:\/\/imsatextil.com\/wp-content\/uploads\/2021\/01\/header_primavera-2022-300x40.jpg 300w, https:\/\/imsatextil.com\/wp-content\/uploads\/2021\/01\/header_primavera-2022-768x103.jpg 768w, https:\/\/imsatextil.com\/wp-content\/uploads\/2021\/01\/header_primavera-2022-1024x137.jpg 1024w\" sizes=\"auto, (max-width: 1920px) 100vw, 1920px\" \/><\/div>\r\n\t\t<\/div>\r\n\t<\/div>\r\n\n\t\t<\/div> <\/div>\n\t<\/div> \n<\/div><div   class=\"vc_row wpb_row vc_row-fluid  \">\n\t<div class=\"vc_span12 wpb_column vc_column_container \"><div class=\"vc_column-inner \">\n\t\t<div class=\"wpb_wrapper\">\n\t\t\t<h2 style=\"text-align: left\" class=\"vc_custom_heading\" >COL\u00b7LECCI\u00d3 PRIMAVERA ESTIU '22<\/h2>\r\n\t<div class=\"wpb_single_image wpb_content_element vc_align_left\">\r\n\t\t<div class=\"wpb_wrapper\">\r\n\t\t\t\r\n\t\t\t<div class=\"vc_single_image-wrapper   vc_box_border_grey\"><img loading=\"lazy\" decoding=\"async\" width=\"181\" height=\"7\" src=\"https:\/\/imsatextil.com\/wp-content\/uploads\/2017\/11\/separator_black.png\" class=\"vc_single_image-img attachment-full\" alt=\"\" \/><\/div>\r\n\t\t<\/div>\r\n\t<\/div>\r\n<div class=\"vc_row wpb_row vc_inner vc_row-fluid\"><div class=\"wpb_column vc_column_container vc_span6\"><div class=\"vc_column-inner  \"><div class=\"wpb_wrapper\">\n\t<div class=\"wpb_text_column wpb_content_element  \" >\n\t\t<div class=\"wpb_wrapper\" id=\"ct_x07dn05ex4nz33cpgb36\">\n\t\t\t<p style=\"font-weight: 400;\">Arriba l\u2019estiu 22 i a Murtra presentem les noves col\u00b7leccions amb novetats al camp de la sostenibilitat, incorporem teixits org\u00e0nics i naturals, aix\u00ed com creacions exclusives amb fabricaci\u00f3 de proximitat<\/p>\n<p style=\"font-weight: 400;\"><strong>Pastels<\/strong><\/p>\n<p style=\"font-weight: 400;\">Els tons pastel estan presents en v\u00e0ries de les nostres propostes aqueta col\u00b7lecci\u00f3, fent que aquest estiu ens trobem com en un vol de fantasia. Aquests colors tan subtils els trobarem en teles lleugeres, donant un aspecte flu\u00eft i transl\u00facid, aix\u00ed com en teles estructurades i amb textures, fet que far\u00e0 que les vostres Collections de dona i nen tingui una llum pr\u00f2pia.<\/p>\n<p style=\"font-weight: 400;\"><strong>Floral<\/strong><\/p>\n<p style=\"font-weight: 400;\">Una part important de les col\u00b7leccions d\u2019estiu son els estampats florals aix\u00ed com els brodats, grans o petits, minimalistes o m\u00e9s elaborats, les flors s\u00f3n una necessitat. Els estampats frescos o les aplicacions sobre teixits flu\u00efts, amb textures o incl\u00fas transl\u00facids aporten el toc femen\u00ed i rom\u00e0ntic a les seves creacions.<\/p>\n<p style=\"font-weight: 400;\"><strong>N\u00e1utica<\/strong><\/p>\n<p style=\"font-weight: 400;\">Que seria d\u2019un estiui sense navegar? Tenim una selecci\u00f3 de cl\u00e0ssics de moda amb un nou enfoc, ratlles amb textures, novetat en patrons de punt en colors cl\u00e0ssics per a un look casual per\u00f2 elegant.<\/p>\n<p style=\"font-weight: 400;\"><strong>Tons Terrosos<\/strong><\/p>\n<p style=\"font-weight: 400;\">Amb aquesta col\u00b7lecci\u00f3 cerquem tornar a les nostres arrels, connectar amb la natura. Colors que van del beige, al marr\u00f3 i el verd militar present als teixits de cot\u00f3, fil i altres barreges que son els ingredients perfectes per a les seves col\u00b7leccions de diari, ja sigui pel treball o l\u2019oci.<\/p>\n\n\t\t<\/div> \n\t<\/div> <\/div><\/div><\/div><div class=\"wpb_column vc_column_container vc_span6\"><div class=\"vc_column-inner  \"><div class=\"wpb_wrapper\">\n\t<div class=\"wpb_text_column wpb_content_element  \" >\n\t\t<div class=\"wpb_wrapper\" id=\"ct_2i8exfc0v5bumssv30gk\">\n\t\t\t<p style=\"font-weight: 400;\"><strong>Puresa i fantasia<\/strong><\/p>\n<p style=\"font-weight: 400;\">Les teles transl\u00facides, transparents i flu\u00efdes es fan servir en siluetes abans mai imaginades. Aquests teixits amb textures fam afirmacions delicades per\u00f2 agosarades sobre la feminitat. Amb un gir afegit, la imaginaci\u00f3 es present mitjan\u00e7ant combinacions sorprenents, xarxes, malles, encaixo i incl\u00fas efectes 3D per crear teles \u00faniques amb una gran varietat d\u2019aplicacions.<\/p>\n<p style=\"font-weight: 400;\"><strong>Denim<\/strong><\/p>\n<p style=\"font-weight: 400;\">Un material omnipresent, el denim troba el seu cam\u00ed amb nous aspectes i siluetes amb textures i materials evolvents. Vers\u00e0til, per roba de cada dia, de feta perfecte per innovar amb patrons i combinacions sorprenents.<\/p>\n<p style=\"font-weight: 400;\"><strong>Estampats Retro<\/strong><\/p>\n<p style=\"font-weight: 400;\">Ens pens\u00e0vem que era cosa del passat&#8230;. els estampats agosarats i acolorits han tornat! Aquesta c\u00e0psula esta formada per estampats inspirats en els anys 80; colors neons, techno, abstractes&#8230;. el m\u00e9s acolorit i ecl\u00e8ctic possible!<\/p>\n<p style=\"font-weight: 400;\"><strong>Broderie Anglaise<\/strong><\/p>\n<p style=\"font-weight: 400;\">Un cl\u00e0ssics dels estius , els teixits amb brodats que venen amb molta for\u00e7a per aquesta temporada. Murtra os ofereix un \u00e0mplia proposta de brodats per a aquest estiu, per dona i per a nens, amb predomini dels colors blanc i cru, per\u00f2 amb opcions de tons pastels aix\u00ed com el principals colors de moda.<\/p>\n<p style=\"font-weight: 400;\"><strong>Infantil<\/strong><\/p>\n<p style=\"font-weight: 400;\">Per acabar, per\u00f2 no menys important, unes propostes de teles exclusives ideals per a col\u00b7leccions infantils. Estampats divertits, per\u00f2 subtils, ratlles amb textures en teixits naturals, teixits suaus i riquesa en cot\u00f3 brodat, tot en paletes pastels de colors neutres i terrosos.<\/p>\n\n\t\t<\/div> \n\t<\/div> <\/div><\/div><\/div><\/div><style type=\"text\/css\" >#ic_y99rpcvzvvlvtuokvpeg {margin:0px auto 0px; }#ic_y99rpcvzvvlvtuokvpeg .owl-prev,#ic_y99rpcvzvvlvtuokvpeg .owl-next{border-color:#ecf0f1; background:#ffffff; color:#4a4f55; }#ic_y99rpcvzvvlvtuokvpeg .owl-prev:hover,#ic_y99rpcvzvvlvtuokvpeg .owl-next:hover{background:#f9fafb; color:#000000; }#ic_y99rpcvzvvlvtuokvpeg .owl-prev:before,#ic_y99rpcvzvvlvtuokvpeg .owl-next:after{border-color:#4a4f55; }#ic_y99rpcvzvvlvtuokvpeg .owl-prev:hover::before,#ic_y99rpcvzvvlvtuokvpeg .owl-next:hover::after{border-color:#000000; }#ic_y99rpcvzvvlvtuokvpeg .owl-dot{ background:#ffffff; border-color:#ecf0f1; }#ic_y99rpcvzvvlvtuokvpeg .owl-dot.active{ background:#000000; border-color:#ecf0f1;}<\/style><script type=\"text\/javascript\" charset=\"utf-8\">\r\n\r\n\t\tjQuery.noConflict();\r\n\t\/\/setup up Carousel\r\n\t\tjQuery(document).ready(function($) {\r\n\t\"use strict\";\r\n\t$(window).load(function(){\r\n\t\t$(\"#ic_y99rpcvzvvlvtuokvpeg\").owlCarousel({\r\n\t\t\trtl: $(\"body\").hasClass(\"rtl\") ? true : false,\r\n\t\t\tresponsiveClass:true,\r\n\t\t\tcenter:true,\r\n\t\t\tloop:true,\r\n\t\t\tresponsive:{\r\n\t\t\t\t0:{\r\n\t\t\t\t\titems:1,\r\n\t\t\t    },\r\n\t\t\t    780:{\r\n\t\t\t        items:2,\r\n\t\t\t\t},\r\n\t\t\t\t1000:{\r\n\t\t\t\t    items:2,\r\n\t\t\t\t},\r\n\t\t\t},\r\n            scroll: 1,\r\n\t\t\tautoplay:false,\r\n\t   \t \t dots:false,\r\n\t\t\t nav:true,\r\n\t\r\n\t\t});\r\n\t});\r\n});\r\n\r\n<\/script><div class=\"tt_testimonials_ctn rd_ic_center  hover_nav_style \" id=\"ic_y99rpcvzvvlvtuokvpeg\" style=\"margin-top:0px; margin-bottom:0px;\"><a href=\"https:\/\/imsatextil.com\/wp-content\/uploads\/2021\/01\/primavera-verano2020_01-1024x706.jpg\"  rel=\"prettyPhoto[rel-y99rpcvzvvlvtuokvpeg]\" ><img loading=\"lazy\" decoding=\"async\" width=\"1163\" height=\"802\" src=\"https:\/\/imsatextil.com\/wp-content\/uploads\/2021\/01\/primavera-verano2020_01.jpg\" class=\"attachment-full\" alt=\"\" srcset=\"https:\/\/imsatextil.com\/wp-content\/uploads\/2021\/01\/primavera-verano2020_01.jpg 1163w, https:\/\/imsatextil.com\/wp-content\/uploads\/2021\/01\/primavera-verano2020_01-300x207.jpg 300w, https:\/\/imsatextil.com\/wp-content\/uploads\/2021\/01\/primavera-verano2020_01-768x530.jpg 768w, https:\/\/imsatextil.com\/wp-content\/uploads\/2021\/01\/primavera-verano2020_01-1024x706.jpg 1024w\" sizes=\"auto, (max-width: 1163px) 100vw, 1163px\" \/><\/a><a href=\"https:\/\/imsatextil.com\/wp-content\/uploads\/2021\/01\/primavera-verano2020_02-1024x706.jpg\"  rel=\"prettyPhoto[rel-y99rpcvzvvlvtuokvpeg]\" ><img loading=\"lazy\" decoding=\"async\" width=\"1163\" height=\"802\" src=\"https:\/\/imsatextil.com\/wp-content\/uploads\/2021\/01\/primavera-verano2020_02.jpg\" class=\"attachment-full\" alt=\"\" srcset=\"https:\/\/imsatextil.com\/wp-content\/uploads\/2021\/01\/primavera-verano2020_02.jpg 1163w, https:\/\/imsatextil.com\/wp-content\/uploads\/2021\/01\/primavera-verano2020_02-300x207.jpg 300w, https:\/\/imsatextil.com\/wp-content\/uploads\/2021\/01\/primavera-verano2020_02-768x530.jpg 768w, https:\/\/imsatextil.com\/wp-content\/uploads\/2021\/01\/primavera-verano2020_02-1024x706.jpg 1024w\" sizes=\"auto, (max-width: 1163px) 100vw, 1163px\" \/><\/a><a href=\"https:\/\/imsatextil.com\/wp-content\/uploads\/2021\/01\/primavera-verano2020_03-1024x706.jpg\"  rel=\"prettyPhoto[rel-y99rpcvzvvlvtuokvpeg]\" ><img loading=\"lazy\" decoding=\"async\" width=\"1163\" height=\"802\" src=\"https:\/\/imsatextil.com\/wp-content\/uploads\/2021\/01\/primavera-verano2020_03.jpg\" class=\"attachment-full\" alt=\"\" srcset=\"https:\/\/imsatextil.com\/wp-content\/uploads\/2021\/01\/primavera-verano2020_03.jpg 1163w, https:\/\/imsatextil.com\/wp-content\/uploads\/2021\/01\/primavera-verano2020_03-300x207.jpg 300w, https:\/\/imsatextil.com\/wp-content\/uploads\/2021\/01\/primavera-verano2020_03-768x530.jpg 768w, https:\/\/imsatextil.com\/wp-content\/uploads\/2021\/01\/primavera-verano2020_03-1024x706.jpg 1024w\" sizes=\"auto, (max-width: 1163px) 100vw, 1163px\" \/><\/a><a href=\"https:\/\/imsatextil.com\/wp-content\/uploads\/2021\/01\/primavera-verano2020_04-1024x706.jpg\"  rel=\"prettyPhoto[rel-y99rpcvzvvlvtuokvpeg]\" ><img loading=\"lazy\" decoding=\"async\" width=\"1163\" height=\"802\" src=\"https:\/\/imsatextil.com\/wp-content\/uploads\/2021\/01\/primavera-verano2020_04.jpg\" class=\"attachment-full\" alt=\"\" srcset=\"https:\/\/imsatextil.com\/wp-content\/uploads\/2021\/01\/primavera-verano2020_04.jpg 1163w, https:\/\/imsatextil.com\/wp-content\/uploads\/2021\/01\/primavera-verano2020_04-300x207.jpg 300w, https:\/\/imsatextil.com\/wp-content\/uploads\/2021\/01\/primavera-verano2020_04-768x530.jpg 768w, https:\/\/imsatextil.com\/wp-content\/uploads\/2021\/01\/primavera-verano2020_04-1024x706.jpg 1024w\" sizes=\"auto, (max-width: 1163px) 100vw, 1163px\" \/><\/a><a href=\"https:\/\/imsatextil.com\/wp-content\/uploads\/2021\/01\/primavera-verano2020_05-1024x706.jpg\"  rel=\"prettyPhoto[rel-y99rpcvzvvlvtuokvpeg]\" ><img loading=\"lazy\" decoding=\"async\" width=\"1163\" height=\"802\" src=\"https:\/\/imsatextil.com\/wp-content\/uploads\/2021\/01\/primavera-verano2020_05.jpg\" class=\"attachment-full\" alt=\"\" srcset=\"https:\/\/imsatextil.com\/wp-content\/uploads\/2021\/01\/primavera-verano2020_05.jpg 1163w, https:\/\/imsatextil.com\/wp-content\/uploads\/2021\/01\/primavera-verano2020_05-300x207.jpg 300w, https:\/\/imsatextil.com\/wp-content\/uploads\/2021\/01\/primavera-verano2020_05-768x530.jpg 768w, https:\/\/imsatextil.com\/wp-content\/uploads\/2021\/01\/primavera-verano2020_05-1024x706.jpg 1024w\" sizes=\"auto, (max-width: 1163px) 100vw, 1163px\" \/><\/a><a href=\"https:\/\/imsatextil.com\/wp-content\/uploads\/2021\/01\/primavera-verano2020_06-1024x706.jpg\"  rel=\"prettyPhoto[rel-y99rpcvzvvlvtuokvpeg]\" ><img loading=\"lazy\" decoding=\"async\" width=\"1163\" height=\"802\" src=\"https:\/\/imsatextil.com\/wp-content\/uploads\/2021\/01\/primavera-verano2020_06.jpg\" class=\"attachment-full\" alt=\"\" srcset=\"https:\/\/imsatextil.com\/wp-content\/uploads\/2021\/01\/primavera-verano2020_06.jpg 1163w, https:\/\/imsatextil.com\/wp-content\/uploads\/2021\/01\/primavera-verano2020_06-300x207.jpg 300w, https:\/\/imsatextil.com\/wp-content\/uploads\/2021\/01\/primavera-verano2020_06-768x530.jpg 768w, https:\/\/imsatextil.com\/wp-content\/uploads\/2021\/01\/primavera-verano2020_06-1024x706.jpg 1024w\" sizes=\"auto, (max-width: 1163px) 100vw, 1163px\" \/><\/a><a href=\"https:\/\/imsatextil.com\/wp-content\/uploads\/2021\/01\/primavera-verano2020_07-1024x706.jpg\"  rel=\"prettyPhoto[rel-y99rpcvzvvlvtuokvpeg]\" ><img loading=\"lazy\" decoding=\"async\" width=\"1163\" height=\"802\" src=\"https:\/\/imsatextil.com\/wp-content\/uploads\/2021\/01\/primavera-verano2020_07.jpg\" class=\"attachment-full\" alt=\"\" srcset=\"https:\/\/imsatextil.com\/wp-content\/uploads\/2021\/01\/primavera-verano2020_07.jpg 1163w, https:\/\/imsatextil.com\/wp-content\/uploads\/2021\/01\/primavera-verano2020_07-300x207.jpg 300w, https:\/\/imsatextil.com\/wp-content\/uploads\/2021\/01\/primavera-verano2020_07-768x530.jpg 768w, https:\/\/imsatextil.com\/wp-content\/uploads\/2021\/01\/primavera-verano2020_07-1024x706.jpg 1024w\" sizes=\"auto, (max-width: 1163px) 100vw, 1163px\" \/><\/a><a href=\"https:\/\/imsatextil.com\/wp-content\/uploads\/2021\/01\/primavera-verano2020_08-1024x706.jpg\"  rel=\"prettyPhoto[rel-y99rpcvzvvlvtuokvpeg]\" ><img loading=\"lazy\" decoding=\"async\" width=\"1163\" height=\"802\" src=\"https:\/\/imsatextil.com\/wp-content\/uploads\/2021\/01\/primavera-verano2020_08.jpg\" class=\"attachment-full\" alt=\"\" srcset=\"https:\/\/imsatextil.com\/wp-content\/uploads\/2021\/01\/primavera-verano2020_08.jpg 1163w, https:\/\/imsatextil.com\/wp-content\/uploads\/2021\/01\/primavera-verano2020_08-300x207.jpg 300w, https:\/\/imsatextil.com\/wp-content\/uploads\/2021\/01\/primavera-verano2020_08-768x530.jpg 768w, https:\/\/imsatextil.com\/wp-content\/uploads\/2021\/01\/primavera-verano2020_08-1024x706.jpg 1024w\" sizes=\"auto, (max-width: 1163px) 100vw, 1163px\" \/><\/a><a href=\"https:\/\/imsatextil.com\/wp-content\/uploads\/2021\/01\/primavera-verano2020_09-1024x706.jpg\"  rel=\"prettyPhoto[rel-y99rpcvzvvlvtuokvpeg]\" ><img loading=\"lazy\" decoding=\"async\" width=\"1163\" height=\"802\" src=\"https:\/\/imsatextil.com\/wp-content\/uploads\/2021\/01\/primavera-verano2020_09.jpg\" class=\"attachment-full\" alt=\"\" srcset=\"https:\/\/imsatextil.com\/wp-content\/uploads\/2021\/01\/primavera-verano2020_09.jpg 1163w, https:\/\/imsatextil.com\/wp-content\/uploads\/2021\/01\/primavera-verano2020_09-300x207.jpg 300w, https:\/\/imsatextil.com\/wp-content\/uploads\/2021\/01\/primavera-verano2020_09-768x530.jpg 768w, https:\/\/imsatextil.com\/wp-content\/uploads\/2021\/01\/primavera-verano2020_09-1024x706.jpg 1024w\" sizes=\"auto, (max-width: 1163px) 100vw, 1163px\" \/><\/a><a href=\"https:\/\/imsatextil.com\/wp-content\/uploads\/2021\/01\/primavera-verano2020_10-1024x706.jpg\"  rel=\"prettyPhoto[rel-y99rpcvzvvlvtuokvpeg]\" ><img loading=\"lazy\" decoding=\"async\" width=\"1163\" height=\"802\" src=\"https:\/\/imsatextil.com\/wp-content\/uploads\/2021\/01\/primavera-verano2020_10.jpg\" class=\"attachment-full\" alt=\"\" srcset=\"https:\/\/imsatextil.com\/wp-content\/uploads\/2021\/01\/primavera-verano2020_10.jpg 1163w, https:\/\/imsatextil.com\/wp-content\/uploads\/2021\/01\/primavera-verano2020_10-300x207.jpg 300w, https:\/\/imsatextil.com\/wp-content\/uploads\/2021\/01\/primavera-verano2020_10-768x530.jpg 768w, https:\/\/imsatextil.com\/wp-content\/uploads\/2021\/01\/primavera-verano2020_10-1024x706.jpg 1024w\" sizes=\"auto, (max-width: 1163px) 100vw, 1163px\" \/><\/a><\/div>\n\t\t<\/div> <\/div>\n\t<\/div> \n<\/div>\n","protected":false},"excerpt":{"rendered":"<p>COL\u00b7LECCI\u00d3 PRIMAVERA ESTIU &#8217;22 Arriba l\u2019estiu 22 i a Murtra presentem les noves col\u00b7leccions amb novetats al camp de la sostenibilitat, incorporem teixits org\u00e0nics i naturals, aix\u00ed com creacions exclusives amb fabricaci\u00f3 de proximitat Pastels Els tons pastel estan presents en v\u00e0ries de les nostres propostes aqueta col\u00b7lecci\u00f3, fent que aquest estiu ens trobem com<br \/><a href=\"https:\/\/imsatextil.com\/ca\/colecciones\/coleccion-p-v-22\/\" class=\"more\">Read more<\/a><\/p>\n","protected":false},"author":1,"featured_media":0,"parent":305,"menu_order":0,"comment_status":"closed","ping_status":"closed","template":"","meta":{"footnotes":""},"class_list":["post-7507","page","type-page","status-publish","hentry"],"_links":{"self":[{"href":"https:\/\/imsatextil.com\/ca\/wp-json\/wp\/v2\/pages\/7507","targetHints":{"allow":["GET"]}}],"collection":[{"href":"https:\/\/imsatextil.com\/ca\/wp-json\/wp\/v2\/pages"}],"about":[{"href":"https:\/\/imsatextil.com\/ca\/wp-json\/wp\/v2\/types\/page"}],"author":[{"embeddable":true,"href":"https:\/\/imsatextil.com\/ca\/wp-json\/wp\/v2\/users\/1"}],"replies":[{"embeddable":true,"href":"https:\/\/imsatextil.com\/ca\/wp-json\/wp\/v2\/comments?post=7507"}],"version-history":[{"count":2,"href":"https:\/\/imsatextil.com\/ca\/wp-json\/wp\/v2\/pages\/7507\/revisions"}],"predecessor-version":[{"id":7511,"href":"https:\/\/imsatextil.com\/ca\/wp-json\/wp\/v2\/pages\/7507\/revisions\/7511"}],"up":[{"embeddable":true,"href":"https:\/\/imsatextil.com\/ca\/wp-json\/wp\/v2\/pages\/305"}],"wp:attachment":[{"href":"https:\/\/imsatextil.com\/ca\/wp-json\/wp\/v2\/media?parent=7507"}],"curies":[{"name":"wp","href":"https:\/\/api.w.org\/{rel}","templated":true}]}}