{"id":8510,"date":"2021-07-23T08:26:17","date_gmt":"2021-07-23T08:26:17","guid":{"rendered":"http:\/\/imsatextil.com\/coleccion-o-i-22\/"},"modified":"2021-07-23T09:06:32","modified_gmt":"2021-07-23T09:06:32","slug":"coleccion-o-i-22","status":"publish","type":"page","link":"https:\/\/imsatextil.com\/ca\/colecciones\/coleccion-o-i-22\/","title":{"rendered":"Colecci\u00f3n O\/I 22"},"content":{"rendered":"<div  id='first-row'  class=\"vc_row wpb_row vc_row-fluid full-width-content \">\n\t<div class=\"vc_span12 wpb_column vc_column_container \"><div class=\"vc_column-inner \">\n\t\t<div class=\"wpb_wrapper\">\n\t\t\t\r\n\t<div class=\"wpb_single_image wpb_content_element vc_align_center\">\r\n\t\t<div class=\"wpb_wrapper\">\r\n\t\t\t\r\n\t\t\t<div class=\"vc_single_image-wrapper   vc_box_border_grey\"><img loading=\"lazy\" decoding=\"async\" width=\"1920\" height=\"257\" src=\"https:\/\/imsatextil.com\/wp-content\/uploads\/2021\/07\/header_otono-invierno-22.jpg\" class=\"vc_single_image-img attachment-full\" alt=\"\" srcset=\"https:\/\/imsatextil.com\/wp-content\/uploads\/2021\/07\/header_otono-invierno-22.jpg 1920w, https:\/\/imsatextil.com\/wp-content\/uploads\/2021\/07\/header_otono-invierno-22-300x40.jpg 300w, https:\/\/imsatextil.com\/wp-content\/uploads\/2021\/07\/header_otono-invierno-22-768x103.jpg 768w, https:\/\/imsatextil.com\/wp-content\/uploads\/2021\/07\/header_otono-invierno-22-1024x137.jpg 1024w\" sizes=\"auto, (max-width: 1920px) 100vw, 1920px\" \/><\/div>\r\n\t\t<\/div>\r\n\t<\/div>\r\n\n\t\t<\/div> <\/div>\n\t<\/div> \n<\/div><div   class=\"vc_row wpb_row vc_row-fluid  \">\n\t<div class=\"vc_span12 wpb_column vc_column_container \"><div class=\"vc_column-inner \">\n\t\t<div class=\"wpb_wrapper\">\n\t\t\t<h2 style=\"text-align: left\" class=\"vc_custom_heading\" >COL\u00b7LECCI\u00d3 TARDOR \/ HIVERN 2022<\/h2>\r\n\t<div class=\"wpb_single_image wpb_content_element vc_align_left\">\r\n\t\t<div class=\"wpb_wrapper\">\r\n\t\t\t\r\n\t\t\t<div class=\"vc_single_image-wrapper   vc_box_border_grey\"><img loading=\"lazy\" decoding=\"async\" width=\"181\" height=\"7\" src=\"https:\/\/imsatextil.com\/wp-content\/uploads\/2017\/11\/separator_black.png\" class=\"vc_single_image-img attachment-full\" alt=\"\" \/><\/div>\r\n\t\t<\/div>\r\n\t<\/div>\r\n<div class=\"vc_row wpb_row vc_inner vc_row-fluid\"><div class=\"wpb_column vc_column_container vc_span6\"><div class=\"vc_column-inner  \"><div class=\"wpb_wrapper\">\n\t<div class=\"wpb_text_column wpb_content_element  \" >\n\t\t<div class=\"wpb_wrapper\" id=\"ct_kguhacibzzqs2ox8x0kk\">\n\t\t\t<p style=\"font-weight: 400;\">Aquesta temporada tardor\/hivern murtra t\u00e9 el plaer de presentar-vos una \u00e0mplia col.lecci\u00f3 per satisfer totes els necessitats dels dissenyadors, amb moltes novetats exclusives, fibres naturals i teixits de proximitat<\/p>\n<p style=\"font-weight: 400;\"><strong>Jacquard<\/strong><\/p>\n<p style=\"font-weight: 400;\">Enguany us presentem molts teixits exclusius de jacquard a on hi trobareu opcions pel dia, la nit i les ocasions especials. Estructures que juguen amb els contrastos, brillant i mat, textures i llisos, volums i plans. La majoria d\u2019aquests teixits s\u00f3n de fets a Espanya.<\/p>\n<p style=\"font-weight: 400;\"><strong>Metal\u00b7litzats<\/strong><\/p>\n<p style=\"font-weight: 400;\">Amb la necessitat d\u2019enlluernar i brillar, oferim teixits amb detalls i acabats metal\u00b7litzats que aporten glamour a la nostra col\u00b7lecci\u00f3. Teixits de punt, plissats, organzes brodades y frunzits molt interessants que es poden fer servir no nom\u00e9s per a celebracions si no tamb\u00e9 pel nostre dia a dia d\u2019una forma m\u00e9s informa.<\/p>\n<p style=\"font-weight: 400;\"><strong>Volum i acoltxats<\/strong><\/p>\n<p style=\"font-weight: 400;\">Aquesta temporada tot s\u00f3n volums! Hem creat dissenys exclusius amb materials lleugerament acoltxats per fer servir amb les nostres capes mitjanes; teixits amb xenilles suaus, punt i teixits c\u00e0lids.. aix\u00ed com un ample assortit de pesos m\u00e9s pesants per a peces d\u2019exterior en dissenys repel\u00b7lents a l\u2019aigua.<\/p>\n<p style=\"font-weight: 400;\"><strong>Pells d\u2019imitaci\u00f3<\/strong><\/p>\n<p style=\"font-weight: 400;\">Les imitacions de pells respectuoses amb el medi ambient s\u00f3n una part important d\u2019aquesta col\u00b7lecci\u00f3 d\u2019hivern. Dissenys suaus i acollidors en varis pesos i colors que satisfan diferents necessitats de disseny, o b\u00e9 accessoris, colls, abrics o armilles senceres. Deixa volar la teva imaginaci\u00f3!<\/p>\n<p style=\"font-weight: 400;\"><strong>Suau i natural<\/strong><\/p>\n<p style=\"font-weight: 400;\">Amb l\u2019arribada del fred i els darrers esdeveniments tots ens volem sentir c\u00f2modes i escalfadets, per\u00f2 amb estil. En aquesta col\u00b7lecci\u00f3 trobareu teles escoceses i s\u00f2lides, totes elles basades en una paleta de colors que evoquen pau i tranquil\u00b7litat. El tacte suau i els materials naturals son la clau per transmetre aquestes sensacions de calidesa.<\/p>\n\n\t\t<\/div> \n\t<\/div> <\/div><\/div><\/div><div class=\"wpb_column vc_column_container vc_span6\"><div class=\"vc_column-inner  \"><div class=\"wpb_wrapper\">\n\t<div class=\"wpb_text_column wpb_content_element  \" >\n\t\t<div class=\"wpb_wrapper\" id=\"ct_563a7vu06a2iedajhpba\">\n\t\t\t<p style=\"font-weight: 400;\"><strong>Floral<\/strong><\/p>\n<p style=\"font-weight: 400;\">Tot i que a l\u2019hivern, els estampats i dissenys florals es converteixen en un \u201cmust\u201d de la temporada. Des de teixits jacquard, brodats, lluentons i estampats; d\u2019inspiraci\u00f3 japonesa, liberty o 70\u2019s&#8230;. plens de color o monocrom\u00e0tics, tot forma part d\u2019aquest magn\u00edfic jard\u00ed hivernal.<\/p>\n<p style=\"font-weight: 400;\"><strong>Nuevos cl\u00e0ssics<\/strong><\/p>\n<p style=\"font-weight: 400;\">Els quadres cl\u00e0ssics de tota la vida els trobem com a una actualitzaci\u00f3 moderna; teixits desenfadats i elegants per a col\u00b7leccions intel\u00b7ligents i funcionals amb detalls en colors de moda. Amb aquests teixits podem dissenyar per a nens, dona i home&#8230; a tothom li escau b\u00e9!<\/p>\n<p style=\"font-weight: 400;\"><strong>Teixits de punt<\/strong><\/p>\n<p style=\"font-weight: 400;\">Aquesta temporada tot gira al voltant de la comoditat i la suavitat. Noves textures i patrons amb combinacions innovadores de colors formen una ecl\u00e8ctica col\u00b7lecci\u00f3 de teixits amb m\u00faltiples aplicacions i opcions de siluetes.<\/p>\n<p style=\"font-weight: 400;\"><strong>Tartan<\/strong><\/p>\n<p style=\"font-weight: 400;\">La reina dels quadres, amb la seva aut\u00e8ntica paleta de colors torna amb per a totes les edats i g\u00e8neres. Noves versions i diferents pesos, materials i combinacions de color que ens permeten dissenyar qualsevol tipus de pe\u00e7a que pugueu imaginar.<\/p>\n<p style=\"font-weight: 400;\"><strong>Acollidor i c\u00e0lid<\/strong><\/p>\n<p style=\"font-weight: 400;\">Aquesta col\u00b7lecci\u00f3 per a nens es defineix per la seva funcionalitat. Materials c\u00e0lids i suaus mantindran els m\u00e9s petits protegits amb estil. Teixits amb textures, materials, acoltxats i pells sint\u00e8tiques en colors suaus es combinen de forma sorprenent.<\/p>\n\n\t\t<\/div> \n\t<\/div> <\/div><\/div><\/div><\/div><style type=\"text\/css\" >#ic_lp2alljrq6tit0coq39p {margin:0px auto 0px; }#ic_lp2alljrq6tit0coq39p .owl-prev,#ic_lp2alljrq6tit0coq39p .owl-next{border-color:#ecf0f1; background:#ffffff; color:#4a4f55; }#ic_lp2alljrq6tit0coq39p .owl-prev:hover,#ic_lp2alljrq6tit0coq39p .owl-next:hover{background:#f9fafb; color:#000000; }#ic_lp2alljrq6tit0coq39p .owl-prev:before,#ic_lp2alljrq6tit0coq39p .owl-next:after{border-color:#4a4f55; }#ic_lp2alljrq6tit0coq39p .owl-prev:hover::before,#ic_lp2alljrq6tit0coq39p .owl-next:hover::after{border-color:#000000; }#ic_lp2alljrq6tit0coq39p .owl-dot{ background:#ffffff; border-color:#ecf0f1; }#ic_lp2alljrq6tit0coq39p .owl-dot.active{ background:#000000; border-color:#ecf0f1;}<\/style><script type=\"text\/javascript\" charset=\"utf-8\">\r\n\r\n\t\tjQuery.noConflict();\r\n\t\/\/setup up Carousel\r\n\t\tjQuery(document).ready(function($) {\r\n\t\"use strict\";\r\n\t$(window).load(function(){\r\n\t\t$(\"#ic_lp2alljrq6tit0coq39p\").owlCarousel({\r\n\t\t\trtl: $(\"body\").hasClass(\"rtl\") ? true : false,\r\n\t\t\tresponsiveClass:true,\r\n\t\t\tcenter:true,\r\n\t\t\tloop:true,\r\n\t\t\tresponsive:{\r\n\t\t\t\t0:{\r\n\t\t\t\t\titems:1,\r\n\t\t\t    },\r\n\t\t\t    780:{\r\n\t\t\t        items:2,\r\n\t\t\t\t},\r\n\t\t\t\t1000:{\r\n\t\t\t\t    items:2,\r\n\t\t\t\t},\r\n\t\t\t},\r\n            scroll: 1,\r\n\t\t\tautoplay:false,\r\n\t   \t \t dots:false,\r\n\t\t\t nav:true,\r\n\t\r\n\t\t});\r\n\t});\r\n});\r\n\r\n<\/script><div class=\"tt_testimonials_ctn rd_ic_center  hover_nav_style \" id=\"ic_lp2alljrq6tit0coq39p\" style=\"margin-top:0px; margin-bottom:0px;\"><a href=\"https:\/\/imsatextil.com\/wp-content\/uploads\/2021\/07\/FW22-23-Moodboards-Murtra-10-1024x724.jpg\"  rel=\"prettyPhoto[rel-lp2alljrq6tit0coq39p]\" ><img loading=\"lazy\" decoding=\"async\" width=\"1190\" height=\"841\" src=\"https:\/\/imsatextil.com\/wp-content\/uploads\/2021\/07\/FW22-23-Moodboards-Murtra-10.jpg\" class=\"attachment-full\" alt=\"\" srcset=\"https:\/\/imsatextil.com\/wp-content\/uploads\/2021\/07\/FW22-23-Moodboards-Murtra-10.jpg 1190w, https:\/\/imsatextil.com\/wp-content\/uploads\/2021\/07\/FW22-23-Moodboards-Murtra-10-300x212.jpg 300w, https:\/\/imsatextil.com\/wp-content\/uploads\/2021\/07\/FW22-23-Moodboards-Murtra-10-768x543.jpg 768w, https:\/\/imsatextil.com\/wp-content\/uploads\/2021\/07\/FW22-23-Moodboards-Murtra-10-1024x724.jpg 1024w\" sizes=\"auto, (max-width: 1190px) 100vw, 1190px\" \/><\/a><a href=\"https:\/\/imsatextil.com\/wp-content\/uploads\/2021\/07\/FW22-23-Moodboards-Murtra-9-1024x724.jpg\"  rel=\"prettyPhoto[rel-lp2alljrq6tit0coq39p]\" ><img loading=\"lazy\" decoding=\"async\" width=\"1190\" height=\"841\" src=\"https:\/\/imsatextil.com\/wp-content\/uploads\/2021\/07\/FW22-23-Moodboards-Murtra-9.jpg\" class=\"attachment-full\" alt=\"\" srcset=\"https:\/\/imsatextil.com\/wp-content\/uploads\/2021\/07\/FW22-23-Moodboards-Murtra-9.jpg 1190w, https:\/\/imsatextil.com\/wp-content\/uploads\/2021\/07\/FW22-23-Moodboards-Murtra-9-300x212.jpg 300w, https:\/\/imsatextil.com\/wp-content\/uploads\/2021\/07\/FW22-23-Moodboards-Murtra-9-768x543.jpg 768w, https:\/\/imsatextil.com\/wp-content\/uploads\/2021\/07\/FW22-23-Moodboards-Murtra-9-1024x724.jpg 1024w\" sizes=\"auto, (max-width: 1190px) 100vw, 1190px\" \/><\/a><a href=\"https:\/\/imsatextil.com\/wp-content\/uploads\/2021\/07\/FW22-23-Moodboards-Murtra-8-1024x724.jpg\"  rel=\"prettyPhoto[rel-lp2alljrq6tit0coq39p]\" ><img loading=\"lazy\" decoding=\"async\" width=\"1190\" height=\"841\" src=\"https:\/\/imsatextil.com\/wp-content\/uploads\/2021\/07\/FW22-23-Moodboards-Murtra-8.jpg\" class=\"attachment-full\" alt=\"\" srcset=\"https:\/\/imsatextil.com\/wp-content\/uploads\/2021\/07\/FW22-23-Moodboards-Murtra-8.jpg 1190w, https:\/\/imsatextil.com\/wp-content\/uploads\/2021\/07\/FW22-23-Moodboards-Murtra-8-300x212.jpg 300w, https:\/\/imsatextil.com\/wp-content\/uploads\/2021\/07\/FW22-23-Moodboards-Murtra-8-768x543.jpg 768w, https:\/\/imsatextil.com\/wp-content\/uploads\/2021\/07\/FW22-23-Moodboards-Murtra-8-1024x724.jpg 1024w\" sizes=\"auto, (max-width: 1190px) 100vw, 1190px\" \/><\/a><a href=\"https:\/\/imsatextil.com\/wp-content\/uploads\/2021\/07\/FW22-23-Moodboards-Murtra-7-1024x724.jpg\"  rel=\"prettyPhoto[rel-lp2alljrq6tit0coq39p]\" ><img loading=\"lazy\" decoding=\"async\" width=\"1190\" height=\"841\" src=\"https:\/\/imsatextil.com\/wp-content\/uploads\/2021\/07\/FW22-23-Moodboards-Murtra-7.jpg\" class=\"attachment-full\" alt=\"\" srcset=\"https:\/\/imsatextil.com\/wp-content\/uploads\/2021\/07\/FW22-23-Moodboards-Murtra-7.jpg 1190w, https:\/\/imsatextil.com\/wp-content\/uploads\/2021\/07\/FW22-23-Moodboards-Murtra-7-300x212.jpg 300w, https:\/\/imsatextil.com\/wp-content\/uploads\/2021\/07\/FW22-23-Moodboards-Murtra-7-768x543.jpg 768w, https:\/\/imsatextil.com\/wp-content\/uploads\/2021\/07\/FW22-23-Moodboards-Murtra-7-1024x724.jpg 1024w\" sizes=\"auto, (max-width: 1190px) 100vw, 1190px\" \/><\/a><a href=\"https:\/\/imsatextil.com\/wp-content\/uploads\/2021\/07\/FW22-23-Moodboards-Murtra-6-1024x724.jpg\"  rel=\"prettyPhoto[rel-lp2alljrq6tit0coq39p]\" ><img loading=\"lazy\" decoding=\"async\" width=\"1190\" height=\"841\" src=\"https:\/\/imsatextil.com\/wp-content\/uploads\/2021\/07\/FW22-23-Moodboards-Murtra-6.jpg\" class=\"attachment-full\" alt=\"\" srcset=\"https:\/\/imsatextil.com\/wp-content\/uploads\/2021\/07\/FW22-23-Moodboards-Murtra-6.jpg 1190w, https:\/\/imsatextil.com\/wp-content\/uploads\/2021\/07\/FW22-23-Moodboards-Murtra-6-300x212.jpg 300w, https:\/\/imsatextil.com\/wp-content\/uploads\/2021\/07\/FW22-23-Moodboards-Murtra-6-768x543.jpg 768w, https:\/\/imsatextil.com\/wp-content\/uploads\/2021\/07\/FW22-23-Moodboards-Murtra-6-1024x724.jpg 1024w\" sizes=\"auto, (max-width: 1190px) 100vw, 1190px\" \/><\/a><a href=\"https:\/\/imsatextil.com\/wp-content\/uploads\/2021\/07\/FW22-23-Moodboards-Murtra-5-1024x724.jpg\"  rel=\"prettyPhoto[rel-lp2alljrq6tit0coq39p]\" ><img loading=\"lazy\" decoding=\"async\" width=\"1190\" height=\"841\" src=\"https:\/\/imsatextil.com\/wp-content\/uploads\/2021\/07\/FW22-23-Moodboards-Murtra-5.jpg\" class=\"attachment-full\" alt=\"\" srcset=\"https:\/\/imsatextil.com\/wp-content\/uploads\/2021\/07\/FW22-23-Moodboards-Murtra-5.jpg 1190w, https:\/\/imsatextil.com\/wp-content\/uploads\/2021\/07\/FW22-23-Moodboards-Murtra-5-300x212.jpg 300w, https:\/\/imsatextil.com\/wp-content\/uploads\/2021\/07\/FW22-23-Moodboards-Murtra-5-768x543.jpg 768w, https:\/\/imsatextil.com\/wp-content\/uploads\/2021\/07\/FW22-23-Moodboards-Murtra-5-1024x724.jpg 1024w\" sizes=\"auto, (max-width: 1190px) 100vw, 1190px\" \/><\/a><a href=\"https:\/\/imsatextil.com\/wp-content\/uploads\/2021\/07\/FW22-23-Moodboards-Murtra-4-1024x724.jpg\"  rel=\"prettyPhoto[rel-lp2alljrq6tit0coq39p]\" ><img loading=\"lazy\" decoding=\"async\" width=\"2117\" height=\"1497\" src=\"https:\/\/imsatextil.com\/wp-content\/uploads\/2021\/07\/FW22-23-Moodboards-Murtra-4-pdf.jpg\" class=\"attachment-full\" alt=\"\" \/><\/a><a href=\"https:\/\/imsatextil.com\/wp-content\/uploads\/2021\/07\/FW22-23-Moodboards-Murtra-3-1024x724.jpg\"  rel=\"prettyPhoto[rel-lp2alljrq6tit0coq39p]\" ><img loading=\"lazy\" decoding=\"async\" width=\"1190\" height=\"841\" src=\"https:\/\/imsatextil.com\/wp-content\/uploads\/2021\/07\/FW22-23-Moodboards-Murtra-3.jpg\" class=\"attachment-full\" alt=\"\" srcset=\"https:\/\/imsatextil.com\/wp-content\/uploads\/2021\/07\/FW22-23-Moodboards-Murtra-3.jpg 1190w, https:\/\/imsatextil.com\/wp-content\/uploads\/2021\/07\/FW22-23-Moodboards-Murtra-3-300x212.jpg 300w, https:\/\/imsatextil.com\/wp-content\/uploads\/2021\/07\/FW22-23-Moodboards-Murtra-3-768x543.jpg 768w, https:\/\/imsatextil.com\/wp-content\/uploads\/2021\/07\/FW22-23-Moodboards-Murtra-3-1024x724.jpg 1024w\" sizes=\"auto, (max-width: 1190px) 100vw, 1190px\" \/><\/a><a href=\"https:\/\/imsatextil.com\/wp-content\/uploads\/2021\/07\/FW22-23-Moodboards-Murtra-2-1024x724.jpg\"  rel=\"prettyPhoto[rel-lp2alljrq6tit0coq39p]\" ><img loading=\"lazy\" decoding=\"async\" width=\"1190\" height=\"841\" src=\"https:\/\/imsatextil.com\/wp-content\/uploads\/2021\/07\/FW22-23-Moodboards-Murtra-2.jpg\" class=\"attachment-full\" alt=\"\" srcset=\"https:\/\/imsatextil.com\/wp-content\/uploads\/2021\/07\/FW22-23-Moodboards-Murtra-2.jpg 1190w, https:\/\/imsatextil.com\/wp-content\/uploads\/2021\/07\/FW22-23-Moodboards-Murtra-2-300x212.jpg 300w, https:\/\/imsatextil.com\/wp-content\/uploads\/2021\/07\/FW22-23-Moodboards-Murtra-2-768x543.jpg 768w, https:\/\/imsatextil.com\/wp-content\/uploads\/2021\/07\/FW22-23-Moodboards-Murtra-2-1024x724.jpg 1024w\" sizes=\"auto, (max-width: 1190px) 100vw, 1190px\" \/><\/a><a href=\"https:\/\/imsatextil.com\/wp-content\/uploads\/2021\/07\/FW22-23-Moodboards-Murtra-1024x724.jpg\"  rel=\"prettyPhoto[rel-lp2alljrq6tit0coq39p]\" ><img loading=\"lazy\" decoding=\"async\" width=\"1190\" height=\"841\" src=\"https:\/\/imsatextil.com\/wp-content\/uploads\/2021\/07\/FW22-23-Moodboards-Murtra.jpg\" class=\"attachment-full\" alt=\"\" srcset=\"https:\/\/imsatextil.com\/wp-content\/uploads\/2021\/07\/FW22-23-Moodboards-Murtra.jpg 1190w, https:\/\/imsatextil.com\/wp-content\/uploads\/2021\/07\/FW22-23-Moodboards-Murtra-300x212.jpg 300w, https:\/\/imsatextil.com\/wp-content\/uploads\/2021\/07\/FW22-23-Moodboards-Murtra-768x543.jpg 768w, https:\/\/imsatextil.com\/wp-content\/uploads\/2021\/07\/FW22-23-Moodboards-Murtra-1024x724.jpg 1024w\" sizes=\"auto, (max-width: 1190px) 100vw, 1190px\" \/><\/a><\/div>\n\t\t<\/div> <\/div>\n\t<\/div> \n<\/div>\n","protected":false},"excerpt":{"rendered":"<p>COL\u00b7LECCI\u00d3 TARDOR \/ HIVERN 2022 Aquesta temporada tardor\/hivern murtra t\u00e9 el plaer de presentar-vos una \u00e0mplia col.lecci\u00f3 per satisfer totes els necessitats dels dissenyadors, amb moltes novetats exclusives, fibres naturals i teixits de proximitat Jacquard Enguany us presentem molts teixits exclusius de jacquard a on hi trobareu opcions pel dia, la nit i les ocasions<br \/><a href=\"https:\/\/imsatextil.com\/ca\/colecciones\/coleccion-o-i-22\/\" class=\"more\">Read more<\/a><\/p>\n","protected":false},"author":1,"featured_media":0,"parent":305,"menu_order":0,"comment_status":"closed","ping_status":"closed","template":"","meta":{"footnotes":""},"class_list":["post-8510","page","type-page","status-publish","hentry"],"_links":{"self":[{"href":"https:\/\/imsatextil.com\/ca\/wp-json\/wp\/v2\/pages\/8510","targetHints":{"allow":["GET"]}}],"collection":[{"href":"https:\/\/imsatextil.com\/ca\/wp-json\/wp\/v2\/pages"}],"about":[{"href":"https:\/\/imsatextil.com\/ca\/wp-json\/wp\/v2\/types\/page"}],"author":[{"embeddable":true,"href":"https:\/\/imsatextil.com\/ca\/wp-json\/wp\/v2\/users\/1"}],"replies":[{"embeddable":true,"href":"https:\/\/imsatextil.com\/ca\/wp-json\/wp\/v2\/comments?post=8510"}],"version-history":[{"count":2,"href":"https:\/\/imsatextil.com\/ca\/wp-json\/wp\/v2\/pages\/8510\/revisions"}],"predecessor-version":[{"id":8514,"href":"https:\/\/imsatextil.com\/ca\/wp-json\/wp\/v2\/pages\/8510\/revisions\/8514"}],"up":[{"embeddable":true,"href":"https:\/\/imsatextil.com\/ca\/wp-json\/wp\/v2\/pages\/305"}],"wp:attachment":[{"href":"https:\/\/imsatextil.com\/ca\/wp-json\/wp\/v2\/media?parent=8510"}],"curies":[{"name":"wp","href":"https:\/\/api.w.org\/{rel}","templated":true}]}}