{"id":8603,"date":"2022-02-03T14:54:00","date_gmt":"2022-02-03T14:54:00","guid":{"rendered":"http:\/\/imsatextil.com\/colecciones\/coleccion-p-v-23\/"},"modified":"2022-02-03T14:57:43","modified_gmt":"2022-02-03T14:57:43","slug":"coleccion-p-v-23","status":"publish","type":"page","link":"https:\/\/imsatextil.com\/ca\/colecciones\/coleccion-p-v-23\/","title":{"rendered":"Colecci\u00f3n P\/V 23"},"content":{"rendered":"<div  id='first-row'  class=\"vc_row wpb_row vc_row-fluid full-width-content \">\n\t<div class=\"vc_span12 wpb_column vc_column_container \"><div class=\"vc_column-inner \">\n\t\t<div class=\"wpb_wrapper\">\n\t\t\t\r\n\t<div class=\"wpb_single_image wpb_content_element vc_align_center\">\r\n\t\t<div class=\"wpb_wrapper\">\r\n\t\t\t\r\n\t\t\t<div class=\"vc_single_image-wrapper   vc_box_border_grey\"><img loading=\"lazy\" decoding=\"async\" width=\"1920\" height=\"257\" src=\"https:\/\/imsatextil.com\/wp-content\/uploads\/2022\/01\/header_primavera_verano2023.jpg\" class=\"vc_single_image-img attachment-full\" alt=\"\" srcset=\"https:\/\/imsatextil.com\/wp-content\/uploads\/2022\/01\/header_primavera_verano2023.jpg 1920w, https:\/\/imsatextil.com\/wp-content\/uploads\/2022\/01\/header_primavera_verano2023-300x40.jpg 300w, https:\/\/imsatextil.com\/wp-content\/uploads\/2022\/01\/header_primavera_verano2023-768x103.jpg 768w, https:\/\/imsatextil.com\/wp-content\/uploads\/2022\/01\/header_primavera_verano2023-1024x137.jpg 1024w\" sizes=\"auto, (max-width: 1920px) 100vw, 1920px\" \/><\/div>\r\n\t\t<\/div>\r\n\t<\/div>\r\n\n\t\t<\/div> <\/div>\n\t<\/div> \n<\/div><div   class=\"vc_row wpb_row vc_row-fluid  \">\n\t<div class=\"vc_span12 wpb_column vc_column_container \"><div class=\"vc_column-inner \">\n\t\t<div class=\"wpb_wrapper\">\n\t\t\t<h2 style=\"text-align: left\" class=\"vc_custom_heading\" >COL\u00b7LECCI\u00d3 PRIMAVERA ESTIU '23<\/h2>\r\n\t<div class=\"wpb_single_image wpb_content_element vc_align_left\">\r\n\t\t<div class=\"wpb_wrapper\">\r\n\t\t\t\r\n\t\t\t<div class=\"vc_single_image-wrapper   vc_box_border_grey\"><img loading=\"lazy\" decoding=\"async\" width=\"181\" height=\"7\" src=\"https:\/\/imsatextil.com\/wp-content\/uploads\/2017\/11\/separator_black.png\" class=\"vc_single_image-img attachment-full\" alt=\"\" \/><\/div>\r\n\t\t<\/div>\r\n\t<\/div>\r\n<div class=\"vc_row wpb_row vc_inner vc_row-fluid\"><div class=\"wpb_column vc_column_container vc_span6\"><div class=\"vc_column-inner  \"><div class=\"wpb_wrapper\">\n\t<div class=\"wpb_text_column wpb_content_element  \" >\n\t\t<div class=\"wpb_wrapper\" id=\"ct_t28ija977eb3s8g35yg9\">\n\t\t\t<p style=\"font-weight: 400;\">Murtra presenta la seva exclusiva col\u00b7lecci\u00f3 de teixits per a aquesta temporada amb m\u00e9s teixits de novetat i producci\u00f3 local, incloent-hi opcions org\u00e0niques, naturals i sostenibles. Consulta la nostra paleta de colors frescos, textures riques i estampats\u00a0 exclusius i troba els teixits perfectes per a totes les teves col\u00b7leccions de roba de dona i infantils.<\/p>\n<p style=\"font-weight: 400;\">Total Black<\/p>\n<p style=\"font-weight: 400;\">Preparat per a les estiuenques nits d\u2019estiu a on eleg\u00e0ncia i estil combinen a la perfecci\u00f3. Us proposem opcions des d\u2019encaixos, tuls amb lluentons, fantasies fins a teixits de punt i brodat amb molt de glamour.<\/p>\n<p style=\"font-weight: 400;\">Luxe<\/p>\n<p style=\"font-weight: 400;\">Des de teixits vaporosos i transparents, fins a plissats i brodats, hem afegit brillantor i lluentor en met\u00e0l\u00b7lics per a una extensa i luxosa col\u00b7lecci\u00f3 de teixits. Teixits ideals per a crear un ambient per a les grans ocasions.<\/p>\n<p style=\"font-weight: 400;\">Textura<\/p>\n<p style=\"font-weight: 400;\">Peces divertides i agosarades, amb un clar protagonista, el volum, que us permetr\u00e0 dissenyar col\u00b7leccions femenines i divertides. Jacquards, teixits de punt i propostes molt fluides amb una alegre gama de colors per il\u00b7luminar ales nits d\u2019estiu..<\/p>\n<p style=\"font-weight: 400;\">Fil Coup\u00e9 i serrells<\/p>\n<p style=\"font-weight: 400;\">Aquesta t\u00e8cnica cl\u00e0ssica ens porta a noves dimensions amb aplicacions fresques, amb tons desenfadats i teixits molt lleugers i flu\u00efts. Dissenys amb patrons geom\u00e8trics, ratlles o formes florals aleat\u00f2ries perqu\u00e8 vost\u00e8 tingui a on escollir.<\/p>\n<p style=\"font-weight: 400;\">Encaix floral<\/p>\n<p style=\"font-weight: 400;\">Si un jard\u00ed de teles fos possible, tindria aquest aspecte! Les opcions fresques, lleugeres i acolorides dels brodats, els lluentons i el teixits de tul omplen l\u2019aire d\u2019aquest estiu. Sentir-se com al parad\u00eds \u00e9s possible!<\/p>\n<p style=\"font-weight: 400;\">Estampats floral<\/p>\n<p style=\"font-weight: 400;\">Continuant amb el nostre jard\u00ed estival, Murtra proposa una gran varietat d\u2019estampats florals. Us proposem diferents bases, satin, viscosa, jersey i sint\u00e8tics flu\u00efts. En poms, liberty, o m\u00e9s agosarats la nostra proposta de dissenys son perfectes per a tots els estils, informals o m\u00e9s festius, sense oblidar-nos d\u2019opcions infantils.<\/p>\n\n\t\t<\/div> \n\t<\/div> <\/div><\/div><\/div><div class=\"wpb_column vc_column_container vc_span6\"><div class=\"vc_column-inner  \"><div class=\"wpb_wrapper\">\n\t<div class=\"wpb_text_column wpb_content_element  \" >\n\t\t<div class=\"wpb_wrapper\" id=\"ct_w3akhqj1vbwtl2ef7mzl\">\n\t\t\t<p style=\"font-weight: 400;\">Ornamentals<\/p>\n<p style=\"font-weight: 400;\">Fantasia en el seu esta m\u00e9s pur, aquesta espectacular col\u00b7lecci\u00f3 de teixits donar\u00e0 vida als teus dissenys m\u00e9s especials. Brodats en 3D, lluentons formant magn\u00edfics dissenys florals amb aplicacions que van des de ocasions festives per a la nit o roba casual per\u00f2 amb un to femen\u00ed i rom\u00e0ntic.<\/p>\n<p style=\"font-weight: 400;\">Color caramel<\/p>\n<p style=\"font-weight: 400;\">Que seria d\u2019un estiu sense els seus colors frescs? En aquesta col\u00b7lecci\u00f3 us proposem des de colors brillants fins a delicats tons pastel, aplicats amb colors amb textura, ratlles, quadres i s\u00f2lids. Especialment desenvolupats pensant en\u00a0 un p\u00fablic jove o infantil.<\/p>\n<p style=\"font-weight: 400;\">Brodats<\/p>\n<p style=\"font-weight: 400;\">Murtra , com ens te acostumats cada estiu, ens ofereix una \u00e0mplia col\u00b7lecci\u00f3 de brodats casuals per a aquest estiu 23, a on el blanc es el rei i els patrons de novetat son la clau. Una \u00e0mplia gama de cotons, brodat su\u00eds i teixits flu\u00eds formen una proposta plena d\u2019opcions.<\/p>\n<p style=\"font-weight: 400;\">Denim<\/p>\n<p style=\"font-weight: 400;\">Un cl\u00e0ssic etern que es reinventa ara amb un toc modern, els teixits que em creat localment i en exclusivitat inclouen dissenys Paisley, jacquards florals, motius abstractes aix\u00ed com opcions s\u00f2lides en viscoses ecol\u00f2giques i fluides<\/p>\n<p style=\"font-weight: 400;\">N\u00e0utica.<\/p>\n<p style=\"font-weight: 400;\">En cl\u00e0ssic de l\u2019estiu per excel\u00b7l\u00e8ncia. Els estampats, les textures, les ratlles, tot amb un aire mariner en jersei, lli, cotons i altres propostes fluides que aporten una nova forma de veure l\u2019ambient n\u00e0utic.<\/p>\n\n\t\t<\/div> \n\t<\/div> <\/div><\/div><\/div><\/div><style type=\"text\/css\" >#ic_h58klbtexhamiet3cddl {margin:0px auto 0px; }#ic_h58klbtexhamiet3cddl .owl-prev,#ic_h58klbtexhamiet3cddl .owl-next{border-color:#ecf0f1; background:#ffffff; color:#4a4f55; }#ic_h58klbtexhamiet3cddl .owl-prev:hover,#ic_h58klbtexhamiet3cddl .owl-next:hover{background:#f9fafb; color:#000000; }#ic_h58klbtexhamiet3cddl .owl-prev:before,#ic_h58klbtexhamiet3cddl .owl-next:after{border-color:#4a4f55; }#ic_h58klbtexhamiet3cddl .owl-prev:hover::before,#ic_h58klbtexhamiet3cddl .owl-next:hover::after{border-color:#000000; }#ic_h58klbtexhamiet3cddl .owl-dot{ background:#ffffff; border-color:#ecf0f1; }#ic_h58klbtexhamiet3cddl .owl-dot.active{ background:#000000; border-color:#ecf0f1;}<\/style><script type=\"text\/javascript\" charset=\"utf-8\">\r\n\r\n\t\tjQuery.noConflict();\r\n\t\/\/setup up Carousel\r\n\t\tjQuery(document).ready(function($) {\r\n\t\"use strict\";\r\n\t$(window).load(function(){\r\n\t\t$(\"#ic_h58klbtexhamiet3cddl\").owlCarousel({\r\n\t\t\trtl: $(\"body\").hasClass(\"rtl\") ? true : false,\r\n\t\t\tresponsiveClass:true,\r\n\t\t\tcenter:true,\r\n\t\t\tloop:true,\r\n\t\t\tresponsive:{\r\n\t\t\t\t0:{\r\n\t\t\t\t\titems:1,\r\n\t\t\t    },\r\n\t\t\t    780:{\r\n\t\t\t        items:2,\r\n\t\t\t\t},\r\n\t\t\t\t1000:{\r\n\t\t\t\t    items:2,\r\n\t\t\t\t},\r\n\t\t\t},\r\n            scroll: 1,\r\n\t\t\tautoplay:false,\r\n\t   \t \t dots:false,\r\n\t\t\t nav:true,\r\n\t\r\n\t\t});\r\n\t});\r\n});\r\n\r\n<\/script><div class=\"tt_testimonials_ctn rd_ic_center  hover_nav_style \" id=\"ic_h58klbtexhamiet3cddl\" style=\"margin-top:0px; margin-bottom:0px;\"><a href=\"https:\/\/imsatextil.com\/wp-content\/uploads\/2022\/02\/SS23-Moodboards-Murtra-edit-1-1-1024x724.jpg\"  rel=\"prettyPhoto[rel-h58klbtexhamiet3cddl]\" ><img loading=\"lazy\" decoding=\"async\" width=\"1190\" height=\"841\" src=\"https:\/\/imsatextil.com\/wp-content\/uploads\/2022\/02\/SS23-Moodboards-Murtra-edit-1-1.jpg\" class=\"attachment-full\" alt=\"\" srcset=\"https:\/\/imsatextil.com\/wp-content\/uploads\/2022\/02\/SS23-Moodboards-Murtra-edit-1-1.jpg 1190w, https:\/\/imsatextil.com\/wp-content\/uploads\/2022\/02\/SS23-Moodboards-Murtra-edit-1-1-300x212.jpg 300w, https:\/\/imsatextil.com\/wp-content\/uploads\/2022\/02\/SS23-Moodboards-Murtra-edit-1-1-768x543.jpg 768w, https:\/\/imsatextil.com\/wp-content\/uploads\/2022\/02\/SS23-Moodboards-Murtra-edit-1-1-1024x724.jpg 1024w\" sizes=\"auto, (max-width: 1190px) 100vw, 1190px\" \/><\/a><a href=\"https:\/\/imsatextil.com\/wp-content\/uploads\/2022\/02\/SS23-Moodboards-Murtra-edit-1-2-1024x724.jpg\"  rel=\"prettyPhoto[rel-h58klbtexhamiet3cddl]\" ><img loading=\"lazy\" decoding=\"async\" width=\"1190\" height=\"841\" src=\"https:\/\/imsatextil.com\/wp-content\/uploads\/2022\/02\/SS23-Moodboards-Murtra-edit-1-2.jpg\" class=\"attachment-full\" alt=\"\" srcset=\"https:\/\/imsatextil.com\/wp-content\/uploads\/2022\/02\/SS23-Moodboards-Murtra-edit-1-2.jpg 1190w, https:\/\/imsatextil.com\/wp-content\/uploads\/2022\/02\/SS23-Moodboards-Murtra-edit-1-2-300x212.jpg 300w, https:\/\/imsatextil.com\/wp-content\/uploads\/2022\/02\/SS23-Moodboards-Murtra-edit-1-2-768x543.jpg 768w, https:\/\/imsatextil.com\/wp-content\/uploads\/2022\/02\/SS23-Moodboards-Murtra-edit-1-2-1024x724.jpg 1024w\" sizes=\"auto, (max-width: 1190px) 100vw, 1190px\" \/><\/a><a href=\"https:\/\/imsatextil.com\/wp-content\/uploads\/2022\/02\/SS23-Moodboards-Murtra-edit-1-3-1024x724.jpg\"  rel=\"prettyPhoto[rel-h58klbtexhamiet3cddl]\" ><img loading=\"lazy\" decoding=\"async\" width=\"1190\" height=\"841\" src=\"https:\/\/imsatextil.com\/wp-content\/uploads\/2022\/02\/SS23-Moodboards-Murtra-edit-1-3.jpg\" class=\"attachment-full\" alt=\"\" srcset=\"https:\/\/imsatextil.com\/wp-content\/uploads\/2022\/02\/SS23-Moodboards-Murtra-edit-1-3.jpg 1190w, https:\/\/imsatextil.com\/wp-content\/uploads\/2022\/02\/SS23-Moodboards-Murtra-edit-1-3-300x212.jpg 300w, https:\/\/imsatextil.com\/wp-content\/uploads\/2022\/02\/SS23-Moodboards-Murtra-edit-1-3-768x543.jpg 768w, https:\/\/imsatextil.com\/wp-content\/uploads\/2022\/02\/SS23-Moodboards-Murtra-edit-1-3-1024x724.jpg 1024w\" sizes=\"auto, (max-width: 1190px) 100vw, 1190px\" \/><\/a><a href=\"https:\/\/imsatextil.com\/wp-content\/uploads\/2022\/02\/SS23-Moodboards-Murtra-edit-1-4-1024x724.jpg\"  rel=\"prettyPhoto[rel-h58klbtexhamiet3cddl]\" ><img loading=\"lazy\" decoding=\"async\" width=\"1190\" height=\"841\" src=\"https:\/\/imsatextil.com\/wp-content\/uploads\/2022\/02\/SS23-Moodboards-Murtra-edit-1-4.jpg\" class=\"attachment-full\" alt=\"\" srcset=\"https:\/\/imsatextil.com\/wp-content\/uploads\/2022\/02\/SS23-Moodboards-Murtra-edit-1-4.jpg 1190w, https:\/\/imsatextil.com\/wp-content\/uploads\/2022\/02\/SS23-Moodboards-Murtra-edit-1-4-300x212.jpg 300w, https:\/\/imsatextil.com\/wp-content\/uploads\/2022\/02\/SS23-Moodboards-Murtra-edit-1-4-768x543.jpg 768w, https:\/\/imsatextil.com\/wp-content\/uploads\/2022\/02\/SS23-Moodboards-Murtra-edit-1-4-1024x724.jpg 1024w\" sizes=\"auto, (max-width: 1190px) 100vw, 1190px\" \/><\/a><a href=\"https:\/\/imsatextil.com\/wp-content\/uploads\/2022\/02\/SS23-Moodboards-Murtra-edit-1-5-1024x724.jpg\"  rel=\"prettyPhoto[rel-h58klbtexhamiet3cddl]\" ><img loading=\"lazy\" decoding=\"async\" width=\"1190\" height=\"841\" src=\"https:\/\/imsatextil.com\/wp-content\/uploads\/2022\/02\/SS23-Moodboards-Murtra-edit-1-5.jpg\" class=\"attachment-full\" alt=\"\" srcset=\"https:\/\/imsatextil.com\/wp-content\/uploads\/2022\/02\/SS23-Moodboards-Murtra-edit-1-5.jpg 1190w, https:\/\/imsatextil.com\/wp-content\/uploads\/2022\/02\/SS23-Moodboards-Murtra-edit-1-5-300x212.jpg 300w, https:\/\/imsatextil.com\/wp-content\/uploads\/2022\/02\/SS23-Moodboards-Murtra-edit-1-5-768x543.jpg 768w, https:\/\/imsatextil.com\/wp-content\/uploads\/2022\/02\/SS23-Moodboards-Murtra-edit-1-5-1024x724.jpg 1024w\" sizes=\"auto, (max-width: 1190px) 100vw, 1190px\" \/><\/a><a href=\"https:\/\/imsatextil.com\/wp-content\/uploads\/2022\/02\/SS23-Moodboards-Murtra-edit-1-6-1024x724.jpg\"  rel=\"prettyPhoto[rel-h58klbtexhamiet3cddl]\" ><img loading=\"lazy\" decoding=\"async\" width=\"1190\" height=\"841\" src=\"https:\/\/imsatextil.com\/wp-content\/uploads\/2022\/02\/SS23-Moodboards-Murtra-edit-1-6.jpg\" class=\"attachment-full\" alt=\"\" srcset=\"https:\/\/imsatextil.com\/wp-content\/uploads\/2022\/02\/SS23-Moodboards-Murtra-edit-1-6.jpg 1190w, https:\/\/imsatextil.com\/wp-content\/uploads\/2022\/02\/SS23-Moodboards-Murtra-edit-1-6-300x212.jpg 300w, https:\/\/imsatextil.com\/wp-content\/uploads\/2022\/02\/SS23-Moodboards-Murtra-edit-1-6-768x543.jpg 768w, https:\/\/imsatextil.com\/wp-content\/uploads\/2022\/02\/SS23-Moodboards-Murtra-edit-1-6-1024x724.jpg 1024w\" sizes=\"auto, (max-width: 1190px) 100vw, 1190px\" \/><\/a><a href=\"https:\/\/imsatextil.com\/wp-content\/uploads\/2022\/02\/SS23-Moodboards-Murtra-edit-1-7-1024x724.jpg\"  rel=\"prettyPhoto[rel-h58klbtexhamiet3cddl]\" ><img loading=\"lazy\" decoding=\"async\" width=\"1190\" height=\"841\" src=\"https:\/\/imsatextil.com\/wp-content\/uploads\/2022\/02\/SS23-Moodboards-Murtra-edit-1-7.jpg\" class=\"attachment-full\" alt=\"\" srcset=\"https:\/\/imsatextil.com\/wp-content\/uploads\/2022\/02\/SS23-Moodboards-Murtra-edit-1-7.jpg 1190w, https:\/\/imsatextil.com\/wp-content\/uploads\/2022\/02\/SS23-Moodboards-Murtra-edit-1-7-300x212.jpg 300w, https:\/\/imsatextil.com\/wp-content\/uploads\/2022\/02\/SS23-Moodboards-Murtra-edit-1-7-768x543.jpg 768w, https:\/\/imsatextil.com\/wp-content\/uploads\/2022\/02\/SS23-Moodboards-Murtra-edit-1-7-1024x724.jpg 1024w\" sizes=\"auto, (max-width: 1190px) 100vw, 1190px\" \/><\/a><a href=\"https:\/\/imsatextil.com\/wp-content\/uploads\/2022\/02\/SS23-Moodboards-Murtra-edit-1-8-1024x724.jpg\"  rel=\"prettyPhoto[rel-h58klbtexhamiet3cddl]\" ><img loading=\"lazy\" decoding=\"async\" width=\"1190\" height=\"841\" src=\"https:\/\/imsatextil.com\/wp-content\/uploads\/2022\/02\/SS23-Moodboards-Murtra-edit-1-8.jpg\" class=\"attachment-full\" alt=\"\" srcset=\"https:\/\/imsatextil.com\/wp-content\/uploads\/2022\/02\/SS23-Moodboards-Murtra-edit-1-8.jpg 1190w, https:\/\/imsatextil.com\/wp-content\/uploads\/2022\/02\/SS23-Moodboards-Murtra-edit-1-8-300x212.jpg 300w, https:\/\/imsatextil.com\/wp-content\/uploads\/2022\/02\/SS23-Moodboards-Murtra-edit-1-8-768x543.jpg 768w, https:\/\/imsatextil.com\/wp-content\/uploads\/2022\/02\/SS23-Moodboards-Murtra-edit-1-8-1024x724.jpg 1024w\" sizes=\"auto, (max-width: 1190px) 100vw, 1190px\" \/><\/a><a href=\"https:\/\/imsatextil.com\/wp-content\/uploads\/2022\/02\/SS23-Moodboards-Murtra-edit-1-9-1024x725.jpg\"  rel=\"prettyPhoto[rel-h58klbtexhamiet3cddl]\" ><img loading=\"lazy\" decoding=\"async\" width=\"1190\" height=\"842\" src=\"https:\/\/imsatextil.com\/wp-content\/uploads\/2022\/02\/SS23-Moodboards-Murtra-edit-1-9.jpg\" class=\"attachment-full\" alt=\"\" srcset=\"https:\/\/imsatextil.com\/wp-content\/uploads\/2022\/02\/SS23-Moodboards-Murtra-edit-1-9.jpg 1190w, https:\/\/imsatextil.com\/wp-content\/uploads\/2022\/02\/SS23-Moodboards-Murtra-edit-1-9-300x212.jpg 300w, https:\/\/imsatextil.com\/wp-content\/uploads\/2022\/02\/SS23-Moodboards-Murtra-edit-1-9-768x543.jpg 768w, https:\/\/imsatextil.com\/wp-content\/uploads\/2022\/02\/SS23-Moodboards-Murtra-edit-1-9-1024x725.jpg 1024w\" sizes=\"auto, (max-width: 1190px) 100vw, 1190px\" \/><\/a><a href=\"https:\/\/imsatextil.com\/wp-content\/uploads\/2022\/02\/SS23-Moodboards-Murtra-edit-1-10-1024x724.jpg\"  rel=\"prettyPhoto[rel-h58klbtexhamiet3cddl]\" ><img loading=\"lazy\" decoding=\"async\" width=\"1190\" height=\"841\" src=\"https:\/\/imsatextil.com\/wp-content\/uploads\/2022\/02\/SS23-Moodboards-Murtra-edit-1-10.jpg\" class=\"attachment-full\" alt=\"\" srcset=\"https:\/\/imsatextil.com\/wp-content\/uploads\/2022\/02\/SS23-Moodboards-Murtra-edit-1-10.jpg 1190w, https:\/\/imsatextil.com\/wp-content\/uploads\/2022\/02\/SS23-Moodboards-Murtra-edit-1-10-300x212.jpg 300w, https:\/\/imsatextil.com\/wp-content\/uploads\/2022\/02\/SS23-Moodboards-Murtra-edit-1-10-768x543.jpg 768w, https:\/\/imsatextil.com\/wp-content\/uploads\/2022\/02\/SS23-Moodboards-Murtra-edit-1-10-1024x724.jpg 1024w\" sizes=\"auto, (max-width: 1190px) 100vw, 1190px\" \/><\/a><a href=\"https:\/\/imsatextil.com\/wp-content\/uploads\/2022\/02\/SS23-Moodboards-Murtra-edit-1-11-1024x724.jpg\"  rel=\"prettyPhoto[rel-h58klbtexhamiet3cddl]\" ><img loading=\"lazy\" decoding=\"async\" width=\"1190\" height=\"841\" src=\"https:\/\/imsatextil.com\/wp-content\/uploads\/2022\/02\/SS23-Moodboards-Murtra-edit-1-11.jpg\" class=\"attachment-full\" alt=\"\" srcset=\"https:\/\/imsatextil.com\/wp-content\/uploads\/2022\/02\/SS23-Moodboards-Murtra-edit-1-11.jpg 1190w, https:\/\/imsatextil.com\/wp-content\/uploads\/2022\/02\/SS23-Moodboards-Murtra-edit-1-11-300x212.jpg 300w, https:\/\/imsatextil.com\/wp-content\/uploads\/2022\/02\/SS23-Moodboards-Murtra-edit-1-11-768x543.jpg 768w, https:\/\/imsatextil.com\/wp-content\/uploads\/2022\/02\/SS23-Moodboards-Murtra-edit-1-11-1024x724.jpg 1024w\" sizes=\"auto, (max-width: 1190px) 100vw, 1190px\" \/><\/a><\/div>\n\t\t<\/div> <\/div>\n\t<\/div> \n<\/div>\n","protected":false},"excerpt":{"rendered":"<p>COL\u00b7LECCI\u00d3 PRIMAVERA ESTIU &#8217;23 Murtra presenta la seva exclusiva col\u00b7lecci\u00f3 de teixits per a aquesta temporada amb m\u00e9s teixits de novetat i producci\u00f3 local, incloent-hi opcions org\u00e0niques, naturals i sostenibles. Consulta la nostra paleta de colors frescos, textures riques i estampats\u00a0 exclusius i troba els teixits perfectes per a totes les teves col\u00b7leccions de roba<br \/><a href=\"https:\/\/imsatextil.com\/ca\/colecciones\/coleccion-p-v-23\/\" class=\"more\">Read more<\/a><\/p>\n","protected":false},"author":1,"featured_media":0,"parent":305,"menu_order":0,"comment_status":"closed","ping_status":"closed","template":"","meta":{"footnotes":""},"class_list":["post-8603","page","type-page","status-publish","hentry"],"_links":{"self":[{"href":"https:\/\/imsatextil.com\/ca\/wp-json\/wp\/v2\/pages\/8603","targetHints":{"allow":["GET"]}}],"collection":[{"href":"https:\/\/imsatextil.com\/ca\/wp-json\/wp\/v2\/pages"}],"about":[{"href":"https:\/\/imsatextil.com\/ca\/wp-json\/wp\/v2\/types\/page"}],"author":[{"embeddable":true,"href":"https:\/\/imsatextil.com\/ca\/wp-json\/wp\/v2\/users\/1"}],"replies":[{"embeddable":true,"href":"https:\/\/imsatextil.com\/ca\/wp-json\/wp\/v2\/comments?post=8603"}],"version-history":[{"count":2,"href":"https:\/\/imsatextil.com\/ca\/wp-json\/wp\/v2\/pages\/8603\/revisions"}],"predecessor-version":[{"id":8607,"href":"https:\/\/imsatextil.com\/ca\/wp-json\/wp\/v2\/pages\/8603\/revisions\/8607"}],"up":[{"embeddable":true,"href":"https:\/\/imsatextil.com\/ca\/wp-json\/wp\/v2\/pages\/305"}],"wp:attachment":[{"href":"https:\/\/imsatextil.com\/ca\/wp-json\/wp\/v2\/media?parent=8603"}],"curies":[{"name":"wp","href":"https:\/\/api.w.org\/{rel}","templated":true}]}}