{"id":8709,"date":"2022-08-04T15:34:40","date_gmt":"2022-08-04T15:34:40","guid":{"rendered":"http:\/\/imsatextil.com\/colecciones\/coleccion-o-i-23\/"},"modified":"2022-08-04T15:42:56","modified_gmt":"2022-08-04T15:42:56","slug":"coleccion-o-i-23","status":"publish","type":"page","link":"https:\/\/imsatextil.com\/ca\/colecciones\/coleccion-o-i-23\/","title":{"rendered":"Colecci\u00f3n O\/I 23"},"content":{"rendered":"<div  id='first-row'  class=\"vc_row wpb_row vc_row-fluid full-width-content \">\n\t<div class=\"vc_span12 wpb_column vc_column_container \"><div class=\"vc_column-inner \">\n\t\t<div class=\"wpb_wrapper\">\n\t\t\t\r\n\t<div class=\"wpb_single_image wpb_content_element vc_align_center\">\r\n\t\t<div class=\"wpb_wrapper\">\r\n\t\t\t\r\n\t\t\t<div class=\"vc_single_image-wrapper   vc_box_border_grey\"><img loading=\"lazy\" decoding=\"async\" width=\"1920\" height=\"257\" src=\"https:\/\/imsatextil.com\/wp-content\/uploads\/2022\/08\/header_invierno-2023.jpg\" class=\"vc_single_image-img attachment-full\" alt=\"\" srcset=\"https:\/\/imsatextil.com\/wp-content\/uploads\/2022\/08\/header_invierno-2023.jpg 1920w, https:\/\/imsatextil.com\/wp-content\/uploads\/2022\/08\/header_invierno-2023-300x40.jpg 300w, https:\/\/imsatextil.com\/wp-content\/uploads\/2022\/08\/header_invierno-2023-768x103.jpg 768w, https:\/\/imsatextil.com\/wp-content\/uploads\/2022\/08\/header_invierno-2023-1024x137.jpg 1024w\" sizes=\"auto, (max-width: 1920px) 100vw, 1920px\" \/><\/div>\r\n\t\t<\/div>\r\n\t<\/div>\r\n\n\t\t<\/div> <\/div>\n\t<\/div> \n<\/div><div   class=\"vc_row wpb_row vc_row-fluid  \">\n\t<div class=\"vc_span12 wpb_column vc_column_container \"><div class=\"vc_column-inner \">\n\t\t<div class=\"wpb_wrapper\">\n\t\t\t<h2 style=\"text-align: left\" class=\"vc_custom_heading\" >COL.LECCI\u00d3 TARDOR \/ HIVERN 2023<\/h2>\r\n\t<div class=\"wpb_single_image wpb_content_element vc_align_left\">\r\n\t\t<div class=\"wpb_wrapper\">\r\n\t\t\t\r\n\t\t\t<div class=\"vc_single_image-wrapper   vc_box_border_grey\"><img loading=\"lazy\" decoding=\"async\" width=\"181\" height=\"7\" src=\"https:\/\/imsatextil.com\/wp-content\/uploads\/2017\/11\/separator_black.png\" class=\"vc_single_image-img attachment-full\" alt=\"\" \/><\/div>\r\n\t\t<\/div>\r\n\t<\/div>\r\n<div class=\"vc_row wpb_row vc_inner vc_row-fluid\"><div class=\"wpb_column vc_column_container vc_span6\"><div class=\"vc_column-inner  \"><div class=\"wpb_wrapper\">\n\t<div class=\"wpb_text_column wpb_content_element  \" >\n\t\t<div class=\"wpb_wrapper\" id=\"ct_r291ndpwtpidmiwubkb9\">\n\t\t\t<p>En aquesta nova temporada la nostra col\u00b7lecci\u00f3 celebra la llibertat!<\/p>\n<p>Per a ocasions de luxe i casuals, els nostres teixits estan dissenyats per atreure totes les mirades. Amb els nostres dissenys podr\u00e0s crear qualsevol silueta ja sigui per gaudir de grans festes o reunions exclusives. Brillar\u00e0s!<\/p>\n<p>Sempre busquem augmentar la nostra sostenibilitat, aix\u00ed que a la nostra col\u00b7lecci\u00f3 podr\u00e0s trobar teixits elaborats localment i materials m\u00e9s naturals i sostenibles. Et convidem a donar una ullada i comen\u00e7ar a somiar amb les teves col\u00b7leccions de roba!<\/p>\n<p><strong>Jacquard<\/strong><\/p>\n<p>Despr\u00e9s de l&#8217;austeritat ve l&#8217;opul\u00e8ncia. En honor a l&#8217;ess\u00e8ncia de Murtra, tornen els teixits exclusius i luxosos amb bells patrons jacquard, tant per a ocasions especials com per a roba casual.<\/p>\n<p><strong>La festa de la llum<\/strong><\/p>\n<p>Aquesta col\u00b7lecci\u00f3 de blancs i cremes inclou teixits airejats com organzes brodades, jacquards voluminosos, plissats drapejats i tuls de fantasia adornats. Una opci\u00f3 brillant per ser la llum en els dies i nits m\u00e9s foscos d&#8217;hivern.<\/p>\n<p><strong>Nits fosques<\/strong><\/p>\n<p>On el negre \u00e9s el rei de la roba de nit, a Murtra honorem el seu regnat i presentem una infinitat de teixits en opcions elegants: tul volumin\u00f3s, lluentons, setinats fluids, negres brillants i creacions innovadores per satisfer totes les vostres necessitats de disseny.<\/p>\n<p><strong>Festa<\/strong><\/p>\n<p>Des de lluentons fins a brodats, aquesta col\u00b7lecci\u00f3 inclou dissenys des de florals fins a geom\u00e8trics! Dissenys bonics i rics en tul, malla i vellut en delicades combinacions de colors per crear dissenys fant\u00e0stics. Amb aplicacions que van des de roba de nit fins a roba casual, la imaginaci\u00f3 \u00e9s el vostre \u00fanic l\u00edmit!<\/p>\n<p><strong>Acoltxats<\/strong><\/p>\n<p>Les col\u00b7leccions de teixits d&#8217;hivern no estarien completes amb opcions encoixinades elegants. Trobar\u00e0s combinacions sorprenents i patrons de farciment fora del normal, per crear els teus dissenys exclusius.<\/p>\n\n\t\t<\/div> \n\t<\/div> <\/div><\/div><\/div><div class=\"wpb_column vc_column_container vc_span6\"><div class=\"vc_column-inner  \"><div class=\"wpb_wrapper\">\n\t<div class=\"wpb_text_column wpb_content_element  \" >\n\t\t<div class=\"wpb_wrapper\" id=\"ct_uj1bv0cp6d76wyreartb\">\n\t\t\t<p><strong>Pell sint\u00e8tica<\/strong><\/p>\n<p>La col\u00b7lecci\u00f3 d&#8217;opcions de pell sint\u00e8tica en el seu millor moment! La gamma inclou opcions de base lleugera i pesada d&#8217;alta qualitat, aix\u00ed com pells m\u00e9s curtes o llargues, en diferents colors i imitacions. Perfecte per a peces de roba exteriors, folre interior o detalls com punys o colls, tant per a les col\u00b7leccions de roba de dona com per a nens.<\/p>\n<p><strong>Tons Camel<\/strong><\/p>\n<p>Des de quadres c\u00e0lids fins a pana s\u00f2lida i teixits acollidors, aquesta col\u00b7lecci\u00f3 de teixits est\u00e0 creada tant per dissenys cl\u00e0ssics com de novetats, com ara pota de gall, pr\u00edncep de gal\u00b7les i altres patrons de quadres, aix\u00ed com cl\u00e0ssics llisos i teixits encoixinats. Benvinguts al S\u00e0hara!<\/p>\n<p><strong>Tons blaus<\/strong><\/p>\n<p>El blau \u00e9s l&#8217;estrella de la nostra paleta de colors! Des del royal fins al mar\u00ed, podeu trobar estampats, quadres i s\u00f2lids que combinen perfectament amb els nostres tons camel i tons terrosos. Afegeix els blaus a la teva col\u00b7lecci\u00f3 i d\u00f3na un toc de color a les teves propostes d\u2019hivern.<\/p>\n<p><strong>Temps de baies<\/strong><\/p>\n<p>Des de temps alegres fins a temps de fruits del bosc, aquesta tonalitat inclou teixits, per a vestits pantalons, vestits, bruses elegants o el que us imagineu, per als favorits casuals del dia amb un toc modern! Aporta vibracions positives al teu hivern!<\/p>\n<p><strong>Boira Grisa<\/strong><\/p>\n<p>La boira i les bromes s\u00f3n sempre una escena rom\u00e0ntica d&#8217;hivern, i no ens ho podr\u00edem perdre! El gris \u00e9s la reina dels b\u00e0sics, ja sigui per a vestits elegants o jerseis acollidors, i la nostra gamma de teixits inclou totes les opcions per a les teves col\u00b7leccions.<\/p>\n<p><strong>Brillants suaus<\/strong><\/p>\n<p>Sempre es desitgen una col\u00b7lecci\u00f3 de teixits i teles acollidors i suaus, que van de colors gruixuts i c\u00e0lids, o lleugers i transparents. Un aspecte brillant sempre il\u00b7lumina el teu dia!<\/p>\n<p><strong>Indigos casuals<\/strong><\/p>\n<p>Des de florals jacquard denim fins a xenilles amb barreges met\u00e0l\u00b7liques, passant per teixits i teixits inspirats en Chanel fins a teixits de punt amb textura, aquesta col\u00b7lecci\u00f3 inclou una \u00e0mplia gamma d&#8217;opcions desenvolupades localment i exclusivament per l&#8217;equip de disseny de Murtra.<\/p>\n\n\t\t<\/div> \n\t<\/div> <\/div><\/div><\/div><\/div><style type=\"text\/css\" >#ic_d2ue8p2zbvbfm60akb4p {margin:0px auto 0px; }#ic_d2ue8p2zbvbfm60akb4p .owl-prev,#ic_d2ue8p2zbvbfm60akb4p .owl-next{border-color:#ecf0f1; background:#ffffff; color:#4a4f55; }#ic_d2ue8p2zbvbfm60akb4p .owl-prev:hover,#ic_d2ue8p2zbvbfm60akb4p .owl-next:hover{background:#f9fafb; color:#000000; }#ic_d2ue8p2zbvbfm60akb4p .owl-prev:before,#ic_d2ue8p2zbvbfm60akb4p .owl-next:after{border-color:#4a4f55; }#ic_d2ue8p2zbvbfm60akb4p .owl-prev:hover::before,#ic_d2ue8p2zbvbfm60akb4p .owl-next:hover::after{border-color:#000000; }#ic_d2ue8p2zbvbfm60akb4p .owl-dot{ background:#ffffff; border-color:#ecf0f1; }#ic_d2ue8p2zbvbfm60akb4p .owl-dot.active{ background:#000000; border-color:#ecf0f1;}<\/style><script type=\"text\/javascript\" charset=\"utf-8\">\r\n\r\n\t\tjQuery.noConflict();\r\n\t\/\/setup up Carousel\r\n\t\tjQuery(document).ready(function($) {\r\n\t\"use strict\";\r\n\t$(window).load(function(){\r\n\t\t$(\"#ic_d2ue8p2zbvbfm60akb4p\").owlCarousel({\r\n\t\t\trtl: $(\"body\").hasClass(\"rtl\") ? true : false,\r\n\t\t\tresponsiveClass:true,\r\n\t\t\tcenter:true,\r\n\t\t\tloop:true,\r\n\t\t\tresponsive:{\r\n\t\t\t\t0:{\r\n\t\t\t\t\titems:1,\r\n\t\t\t    },\r\n\t\t\t    780:{\r\n\t\t\t        items:2,\r\n\t\t\t\t},\r\n\t\t\t\t1000:{\r\n\t\t\t\t    items:2,\r\n\t\t\t\t},\r\n\t\t\t},\r\n            scroll: 1,\r\n\t\t\tautoplay:false,\r\n\t   \t \t dots:false,\r\n\t\t\t nav:true,\r\n\t\r\n\t\t});\r\n\t});\r\n});\r\n\r\n<\/script><div class=\"tt_testimonials_ctn rd_ic_center  hover_nav_style \" id=\"ic_d2ue8p2zbvbfm60akb4p\" style=\"margin-top:0px; margin-bottom:0px;\"><a href=\"https:\/\/imsatextil.com\/wp-content\/uploads\/2022\/08\/MURTRA-FW23-Paneles-1-01-1024x740.jpg\"  rel=\"prettyPhoto[rel-d2ue8p2zbvbfm60akb4p]\" ><img loading=\"lazy\" decoding=\"async\" width=\"2618\" height=\"1892\" src=\"https:\/\/imsatextil.com\/wp-content\/uploads\/2022\/08\/MURTRA-FW23-Paneles-1-01.jpg\" class=\"attachment-full\" alt=\"\" srcset=\"https:\/\/imsatextil.com\/wp-content\/uploads\/2022\/08\/MURTRA-FW23-Paneles-1-01.jpg 2618w, https:\/\/imsatextil.com\/wp-content\/uploads\/2022\/08\/MURTRA-FW23-Paneles-1-01-300x217.jpg 300w, https:\/\/imsatextil.com\/wp-content\/uploads\/2022\/08\/MURTRA-FW23-Paneles-1-01-768x555.jpg 768w, https:\/\/imsatextil.com\/wp-content\/uploads\/2022\/08\/MURTRA-FW23-Paneles-1-01-1024x740.jpg 1024w, https:\/\/imsatextil.com\/wp-content\/uploads\/2022\/08\/MURTRA-FW23-Paneles-1-01-553x400.jpg 553w\" sizes=\"auto, (max-width: 2618px) 100vw, 2618px\" \/><\/a><a href=\"https:\/\/imsatextil.com\/wp-content\/uploads\/2022\/08\/MURTRA-FW23-Paneles-2-01-1024x740.jpg\"  rel=\"prettyPhoto[rel-d2ue8p2zbvbfm60akb4p]\" ><img loading=\"lazy\" decoding=\"async\" width=\"2618\" height=\"1892\" src=\"https:\/\/imsatextil.com\/wp-content\/uploads\/2022\/08\/MURTRA-FW23-Paneles-2-01.jpg\" class=\"attachment-full\" alt=\"\" srcset=\"https:\/\/imsatextil.com\/wp-content\/uploads\/2022\/08\/MURTRA-FW23-Paneles-2-01.jpg 2618w, https:\/\/imsatextil.com\/wp-content\/uploads\/2022\/08\/MURTRA-FW23-Paneles-2-01-300x217.jpg 300w, https:\/\/imsatextil.com\/wp-content\/uploads\/2022\/08\/MURTRA-FW23-Paneles-2-01-768x555.jpg 768w, https:\/\/imsatextil.com\/wp-content\/uploads\/2022\/08\/MURTRA-FW23-Paneles-2-01-1024x740.jpg 1024w, https:\/\/imsatextil.com\/wp-content\/uploads\/2022\/08\/MURTRA-FW23-Paneles-2-01-553x400.jpg 553w\" sizes=\"auto, (max-width: 2618px) 100vw, 2618px\" \/><\/a><a href=\"https:\/\/imsatextil.com\/wp-content\/uploads\/2022\/08\/MURTRA-FW23-Paneles-3-01-1024x740.jpg\"  rel=\"prettyPhoto[rel-d2ue8p2zbvbfm60akb4p]\" ><img loading=\"lazy\" decoding=\"async\" width=\"2618\" height=\"1892\" src=\"https:\/\/imsatextil.com\/wp-content\/uploads\/2022\/08\/MURTRA-FW23-Paneles-3-01.jpg\" class=\"attachment-full\" alt=\"\" srcset=\"https:\/\/imsatextil.com\/wp-content\/uploads\/2022\/08\/MURTRA-FW23-Paneles-3-01.jpg 2618w, https:\/\/imsatextil.com\/wp-content\/uploads\/2022\/08\/MURTRA-FW23-Paneles-3-01-300x217.jpg 300w, https:\/\/imsatextil.com\/wp-content\/uploads\/2022\/08\/MURTRA-FW23-Paneles-3-01-768x555.jpg 768w, https:\/\/imsatextil.com\/wp-content\/uploads\/2022\/08\/MURTRA-FW23-Paneles-3-01-1024x740.jpg 1024w, https:\/\/imsatextil.com\/wp-content\/uploads\/2022\/08\/MURTRA-FW23-Paneles-3-01-553x400.jpg 553w\" sizes=\"auto, (max-width: 2618px) 100vw, 2618px\" \/><\/a><a href=\"https:\/\/imsatextil.com\/wp-content\/uploads\/2022\/08\/MURTRA-FW23-Paneles-4-01-1024x724.jpg\"  rel=\"prettyPhoto[rel-d2ue8p2zbvbfm60akb4p]\" ><img loading=\"lazy\" decoding=\"async\" width=\"2481\" height=\"1754\" src=\"https:\/\/imsatextil.com\/wp-content\/uploads\/2022\/08\/MURTRA-FW23-Paneles-4-01.jpg\" class=\"attachment-full\" alt=\"\" srcset=\"https:\/\/imsatextil.com\/wp-content\/uploads\/2022\/08\/MURTRA-FW23-Paneles-4-01.jpg 2481w, https:\/\/imsatextil.com\/wp-content\/uploads\/2022\/08\/MURTRA-FW23-Paneles-4-01-300x212.jpg 300w, https:\/\/imsatextil.com\/wp-content\/uploads\/2022\/08\/MURTRA-FW23-Paneles-4-01-768x543.jpg 768w, https:\/\/imsatextil.com\/wp-content\/uploads\/2022\/08\/MURTRA-FW23-Paneles-4-01-1024x724.jpg 1024w\" sizes=\"auto, (max-width: 2481px) 100vw, 2481px\" \/><\/a><a href=\"https:\/\/imsatextil.com\/wp-content\/uploads\/2022\/08\/MURTRA-FW23-Paneles-5-01-1024x724.jpg\"  rel=\"prettyPhoto[rel-d2ue8p2zbvbfm60akb4p]\" ><img loading=\"lazy\" decoding=\"async\" width=\"2481\" height=\"1754\" src=\"https:\/\/imsatextil.com\/wp-content\/uploads\/2022\/08\/MURTRA-FW23-Paneles-5-01.jpg\" class=\"attachment-full\" alt=\"\" srcset=\"https:\/\/imsatextil.com\/wp-content\/uploads\/2022\/08\/MURTRA-FW23-Paneles-5-01.jpg 2481w, https:\/\/imsatextil.com\/wp-content\/uploads\/2022\/08\/MURTRA-FW23-Paneles-5-01-300x212.jpg 300w, https:\/\/imsatextil.com\/wp-content\/uploads\/2022\/08\/MURTRA-FW23-Paneles-5-01-768x543.jpg 768w, https:\/\/imsatextil.com\/wp-content\/uploads\/2022\/08\/MURTRA-FW23-Paneles-5-01-1024x724.jpg 1024w\" sizes=\"auto, (max-width: 2481px) 100vw, 2481px\" \/><\/a><a href=\"https:\/\/imsatextil.com\/wp-content\/uploads\/2022\/08\/MURTRA-FW23-Paneles-6-01-1024x724.jpg\"  rel=\"prettyPhoto[rel-d2ue8p2zbvbfm60akb4p]\" ><img loading=\"lazy\" decoding=\"async\" width=\"2481\" height=\"1754\" src=\"https:\/\/imsatextil.com\/wp-content\/uploads\/2022\/08\/MURTRA-FW23-Paneles-6-01.jpg\" class=\"attachment-full\" alt=\"\" srcset=\"https:\/\/imsatextil.com\/wp-content\/uploads\/2022\/08\/MURTRA-FW23-Paneles-6-01.jpg 2481w, https:\/\/imsatextil.com\/wp-content\/uploads\/2022\/08\/MURTRA-FW23-Paneles-6-01-300x212.jpg 300w, https:\/\/imsatextil.com\/wp-content\/uploads\/2022\/08\/MURTRA-FW23-Paneles-6-01-768x543.jpg 768w, https:\/\/imsatextil.com\/wp-content\/uploads\/2022\/08\/MURTRA-FW23-Paneles-6-01-1024x724.jpg 1024w\" sizes=\"auto, (max-width: 2481px) 100vw, 2481px\" \/><\/a><a href=\"https:\/\/imsatextil.com\/wp-content\/uploads\/2022\/08\/MURTRA-FW23-Paneles-7-01-1024x724.jpg\"  rel=\"prettyPhoto[rel-d2ue8p2zbvbfm60akb4p]\" ><img loading=\"lazy\" decoding=\"async\" width=\"2481\" height=\"1754\" src=\"https:\/\/imsatextil.com\/wp-content\/uploads\/2022\/08\/MURTRA-FW23-Paneles-7-01.jpg\" class=\"attachment-full\" alt=\"\" srcset=\"https:\/\/imsatextil.com\/wp-content\/uploads\/2022\/08\/MURTRA-FW23-Paneles-7-01.jpg 2481w, https:\/\/imsatextil.com\/wp-content\/uploads\/2022\/08\/MURTRA-FW23-Paneles-7-01-300x212.jpg 300w, https:\/\/imsatextil.com\/wp-content\/uploads\/2022\/08\/MURTRA-FW23-Paneles-7-01-768x543.jpg 768w, https:\/\/imsatextil.com\/wp-content\/uploads\/2022\/08\/MURTRA-FW23-Paneles-7-01-1024x724.jpg 1024w\" sizes=\"auto, (max-width: 2481px) 100vw, 2481px\" \/><\/a><a href=\"https:\/\/imsatextil.com\/wp-content\/uploads\/2022\/08\/MURTRA-FW23-Paneles-8-01-1024x724.jpg\"  rel=\"prettyPhoto[rel-d2ue8p2zbvbfm60akb4p]\" ><img loading=\"lazy\" decoding=\"async\" width=\"2481\" height=\"1754\" src=\"https:\/\/imsatextil.com\/wp-content\/uploads\/2022\/08\/MURTRA-FW23-Paneles-8-01.jpg\" class=\"attachment-full\" alt=\"\" srcset=\"https:\/\/imsatextil.com\/wp-content\/uploads\/2022\/08\/MURTRA-FW23-Paneles-8-01.jpg 2481w, https:\/\/imsatextil.com\/wp-content\/uploads\/2022\/08\/MURTRA-FW23-Paneles-8-01-300x212.jpg 300w, https:\/\/imsatextil.com\/wp-content\/uploads\/2022\/08\/MURTRA-FW23-Paneles-8-01-768x543.jpg 768w, https:\/\/imsatextil.com\/wp-content\/uploads\/2022\/08\/MURTRA-FW23-Paneles-8-01-1024x724.jpg 1024w\" sizes=\"auto, (max-width: 2481px) 100vw, 2481px\" \/><\/a><a href=\"https:\/\/imsatextil.com\/wp-content\/uploads\/2022\/08\/MURTRA-FW23-Paneles-9-01-01-1024x724.jpg\"  rel=\"prettyPhoto[rel-d2ue8p2zbvbfm60akb4p]\" ><img loading=\"lazy\" decoding=\"async\" width=\"2481\" height=\"1754\" src=\"https:\/\/imsatextil.com\/wp-content\/uploads\/2022\/08\/MURTRA-FW23-Paneles-9-01-01.jpg\" class=\"attachment-full\" alt=\"\" srcset=\"https:\/\/imsatextil.com\/wp-content\/uploads\/2022\/08\/MURTRA-FW23-Paneles-9-01-01.jpg 2481w, https:\/\/imsatextil.com\/wp-content\/uploads\/2022\/08\/MURTRA-FW23-Paneles-9-01-01-300x212.jpg 300w, https:\/\/imsatextil.com\/wp-content\/uploads\/2022\/08\/MURTRA-FW23-Paneles-9-01-01-768x543.jpg 768w, https:\/\/imsatextil.com\/wp-content\/uploads\/2022\/08\/MURTRA-FW23-Paneles-9-01-01-1024x724.jpg 1024w\" sizes=\"auto, (max-width: 2481px) 100vw, 2481px\" \/><\/a><a href=\"https:\/\/imsatextil.com\/wp-content\/uploads\/2022\/08\/MURTRA-FW23-Paneles-10-01-1024x724.jpg\"  rel=\"prettyPhoto[rel-d2ue8p2zbvbfm60akb4p]\" ><img loading=\"lazy\" decoding=\"async\" width=\"2481\" height=\"1754\" src=\"https:\/\/imsatextil.com\/wp-content\/uploads\/2022\/08\/MURTRA-FW23-Paneles-10-01.jpg\" class=\"attachment-full\" alt=\"\" srcset=\"https:\/\/imsatextil.com\/wp-content\/uploads\/2022\/08\/MURTRA-FW23-Paneles-10-01.jpg 2481w, https:\/\/imsatextil.com\/wp-content\/uploads\/2022\/08\/MURTRA-FW23-Paneles-10-01-300x212.jpg 300w, https:\/\/imsatextil.com\/wp-content\/uploads\/2022\/08\/MURTRA-FW23-Paneles-10-01-768x543.jpg 768w, https:\/\/imsatextil.com\/wp-content\/uploads\/2022\/08\/MURTRA-FW23-Paneles-10-01-1024x724.jpg 1024w\" sizes=\"auto, (max-width: 2481px) 100vw, 2481px\" \/><\/a><a href=\"https:\/\/imsatextil.com\/wp-content\/uploads\/2022\/08\/MURTRA-FW23-Paneles-11-01-01-1024x724.jpg\"  rel=\"prettyPhoto[rel-d2ue8p2zbvbfm60akb4p]\" ><img loading=\"lazy\" decoding=\"async\" width=\"2481\" height=\"1754\" src=\"https:\/\/imsatextil.com\/wp-content\/uploads\/2022\/08\/MURTRA-FW23-Paneles-11-01-01.jpg\" class=\"attachment-full\" alt=\"\" srcset=\"https:\/\/imsatextil.com\/wp-content\/uploads\/2022\/08\/MURTRA-FW23-Paneles-11-01-01.jpg 2481w, https:\/\/imsatextil.com\/wp-content\/uploads\/2022\/08\/MURTRA-FW23-Paneles-11-01-01-300x212.jpg 300w, https:\/\/imsatextil.com\/wp-content\/uploads\/2022\/08\/MURTRA-FW23-Paneles-11-01-01-768x543.jpg 768w, https:\/\/imsatextil.com\/wp-content\/uploads\/2022\/08\/MURTRA-FW23-Paneles-11-01-01-1024x724.jpg 1024w\" sizes=\"auto, (max-width: 2481px) 100vw, 2481px\" \/><\/a><\/div>\n\t\t<\/div> <\/div>\n\t<\/div> \n<\/div>\n","protected":false},"excerpt":{"rendered":"<p>COL.LECCI\u00d3 TARDOR \/ HIVERN 2023 En aquesta nova temporada la nostra col\u00b7lecci\u00f3 celebra la llibertat! Per a ocasions de luxe i casuals, els nostres teixits estan dissenyats per atreure totes les mirades. Amb els nostres dissenys podr\u00e0s crear qualsevol silueta ja sigui per gaudir de grans festes o reunions exclusives. Brillar\u00e0s! Sempre busquem augmentar la<br \/><a href=\"https:\/\/imsatextil.com\/ca\/colecciones\/coleccion-o-i-23\/\" class=\"more\">Read more<\/a><\/p>\n","protected":false},"author":1,"featured_media":0,"parent":305,"menu_order":0,"comment_status":"closed","ping_status":"closed","template":"","meta":{"footnotes":""},"class_list":["post-8709","page","type-page","status-publish","hentry"],"_links":{"self":[{"href":"https:\/\/imsatextil.com\/ca\/wp-json\/wp\/v2\/pages\/8709","targetHints":{"allow":["GET"]}}],"collection":[{"href":"https:\/\/imsatextil.com\/ca\/wp-json\/wp\/v2\/pages"}],"about":[{"href":"https:\/\/imsatextil.com\/ca\/wp-json\/wp\/v2\/types\/page"}],"author":[{"embeddable":true,"href":"https:\/\/imsatextil.com\/ca\/wp-json\/wp\/v2\/users\/1"}],"replies":[{"embeddable":true,"href":"https:\/\/imsatextil.com\/ca\/wp-json\/wp\/v2\/comments?post=8709"}],"version-history":[{"count":2,"href":"https:\/\/imsatextil.com\/ca\/wp-json\/wp\/v2\/pages\/8709\/revisions"}],"predecessor-version":[{"id":8718,"href":"https:\/\/imsatextil.com\/ca\/wp-json\/wp\/v2\/pages\/8709\/revisions\/8718"}],"up":[{"embeddable":true,"href":"https:\/\/imsatextil.com\/ca\/wp-json\/wp\/v2\/pages\/305"}],"wp:attachment":[{"href":"https:\/\/imsatextil.com\/ca\/wp-json\/wp\/v2\/media?parent=8709"}],"curies":[{"name":"wp","href":"https:\/\/api.w.org\/{rel}","templated":true}]}}