{"id":8808,"date":"2023-02-02T09:54:36","date_gmt":"2023-02-02T09:54:36","guid":{"rendered":"http:\/\/imsatextil.com\/coleccion-p-v-24\/"},"modified":"2023-02-02T09:57:15","modified_gmt":"2023-02-02T09:57:15","slug":"coleccion-p-v-24","status":"publish","type":"page","link":"https:\/\/imsatextil.com\/ca\/colecciones\/coleccion-p-v-24\/","title":{"rendered":"Col.lecci\u00f3 P\/E 24"},"content":{"rendered":"<div  id='first-row'  class=\"vc_row wpb_row vc_row-fluid full-width-content \">\n\t<div class=\"vc_span12 wpb_column vc_column_container \"><div class=\"vc_column-inner \">\n\t\t<div class=\"wpb_wrapper\">\n\t\t\t\r\n\t<div class=\"wpb_single_image wpb_content_element vc_align_center\">\r\n\t\t<div class=\"wpb_wrapper\">\r\n\t\t\t\r\n\t\t\t<div class=\"vc_single_image-wrapper   vc_box_border_grey\"><img loading=\"lazy\" decoding=\"async\" width=\"1920\" height=\"257\" src=\"https:\/\/imsatextil.com\/wp-content\/uploads\/2023\/02\/header_primavera_verano2024.jpg\" class=\"vc_single_image-img attachment-full\" alt=\"\" srcset=\"https:\/\/imsatextil.com\/wp-content\/uploads\/2023\/02\/header_primavera_verano2024.jpg 1920w, https:\/\/imsatextil.com\/wp-content\/uploads\/2023\/02\/header_primavera_verano2024-300x40.jpg 300w, https:\/\/imsatextil.com\/wp-content\/uploads\/2023\/02\/header_primavera_verano2024-768x103.jpg 768w, https:\/\/imsatextil.com\/wp-content\/uploads\/2023\/02\/header_primavera_verano2024-1024x137.jpg 1024w\" sizes=\"auto, (max-width: 1920px) 100vw, 1920px\" \/><\/div>\r\n\t\t<\/div>\r\n\t<\/div>\r\n\n\t\t<\/div> <\/div>\n\t<\/div> \n<\/div><div   class=\"vc_row wpb_row vc_row-fluid  \">\n\t<div class=\"vc_span12 wpb_column vc_column_container \"><div class=\"vc_column-inner \">\n\t\t<div class=\"wpb_wrapper\">\n\t\t\t<h2 style=\"text-align: left\" class=\"vc_custom_heading\" >COL\u00b7LECCI\u00d3 PRIMAVERA ESTIU '24<\/h2>\r\n\t<div class=\"wpb_single_image wpb_content_element vc_align_left\">\r\n\t\t<div class=\"wpb_wrapper\">\r\n\t\t\t\r\n\t\t\t<div class=\"vc_single_image-wrapper   vc_box_border_grey\"><img loading=\"lazy\" decoding=\"async\" width=\"181\" height=\"7\" src=\"https:\/\/imsatextil.com\/wp-content\/uploads\/2017\/11\/separator_black.png\" class=\"vc_single_image-img attachment-full\" alt=\"\" \/><\/div>\r\n\t\t<\/div>\r\n\t<\/div>\r\n<div class=\"vc_row wpb_row vc_inner vc_row-fluid\"><div class=\"wpb_column vc_column_container vc_span6\"><div class=\"vc_column-inner  \"><div class=\"wpb_wrapper\">\n\t<div class=\"wpb_text_column wpb_content_element  \" >\n\t\t<div class=\"wpb_wrapper\" id=\"ct_0rohla59lsis6wltn9xp\">\n\t\t\t<p>Hola estiu 2023!<\/p>\n<p>Us portem una col\u00b7lecci\u00f3 fresca, plena de color i felicitat! Des dels cl\u00e0ssics n\u00e0utics fins a la festivitat dels brodats i els tons met\u00e0l\u00b7lics, Murtra s&#8217;adapta a totes les necessitats de la teva col\u00b7lecci\u00f3 per ser l&#8217;\u00e8xit de la temporada. Vine a capbussar-te als panells d\u2019inspiraci\u00f3!<\/p>\n<p>BRODAT DOL\u00c7 BRODAT<\/p>\n<p>Troba una gran varietat de dissenys geom\u00e8trics i florals brodats sobre bases naturals amb colors que ens fan sentir que aquest estiu ser\u00e0 l\u00fadic i divertit. Opcions dolces que s\u00f3n perfectes per a col\u00b7leccions de dones i nens.<\/p>\n<p>ESTAMPACIONS FLU\u00cdDES<\/p>\n<p>Els estampats, imprescindibles per a les col\u00b7leccions d&#8217;estiu, s\u00f3n el punt culminant perfecte. Ja siguin grans o petits, m\u00ednims o elaborats, florals, animals o geom\u00e8trics, els patrons i les combinacions de colors donen un aspecte fresc a les vostres col\u00b7leccions.<\/p>\n<p>BRODATS FLORALS<\/p>\n<p>Ja s\u00f3n uns imprescindibles de cada estiu, els teixits de brodat angl\u00e8s tenen for\u00e7a. Pots trobar una extensa col\u00b7lecci\u00f3 de diferents dissenys sobre bases suaus i lleugeres per a col\u00b7leccions de dona i nen; des del blanc fins als colors vibrants per mostrar la teva col\u00b7lecci\u00f3!<\/p>\n<p>ROBA D\u2019EXTERIOR<\/p>\n<p>La gamma inclou opcions de teixits lleugers d&#8217;alta qualitat, per cobrir les necessitats del clima primaveral. Perfecte per a peces d&#8217;abric complet, com parques i sobre-camises. Des de teixit amb mem\u00f2ria fins a pell sint\u00e8tica en una paleta de colors terrosos, perfecte per a col\u00b7leccions de roba de dona i nens.<\/p>\n<p>TEMATICA MARINERA<\/p>\n<p>No podem imaginar l&#8217;estiu sense el mar i la navegaci\u00f3. Murtra ofereix una col\u00b7lecci\u00f3 cl\u00e0ssica que amb un gir elegant esdev\u00e9 \u00fanica. Les ratlles amb textura, els lunars brodats, els teixits de punt i el volum en tons mariners s\u00f3n perfectes per a un look casual per\u00f2 elegant.<\/p>\n\n\t\t<\/div> \n\t<\/div> <\/div><\/div><\/div><div class=\"wpb_column vc_column_container vc_span6\"><div class=\"vc_column-inner  \"><div class=\"wpb_wrapper\">\n\t<div class=\"wpb_text_column wpb_content_element  \" >\n\t\t<div class=\"wpb_wrapper\" id=\"ct_i0jpccz2fjtdnoqlyxom\">\n\t\t\t<p>PUNT SUAU<br \/>\nDivertides per\u00f2 subtils, acollidores per\u00f2 lleugeres, els nostres teixits de punt s\u00f3n perfectes per sentir-te calent durant les fresques nits d&#8217;estiu. Els efectes m\u00e9lange amb colors pop actuals fan la combinaci\u00f3 perfecta per a looks casuals.<\/p>\n<p>TEMATICA IRIDESCENT<br \/>\nQui no ha somiat amb ser una sirena? La nostra col\u00b7lecci\u00f3 ofereix la barreja ideal entre lluentons i iridisc\u00e8ncia per a les teves ocasions especials amb un aspecte femen\u00ed i sensual. Brilla amb dissenys geom\u00e8trics que imiten escates en colors iridescents!<\/p>\n<p>TULS ELABORATS<br \/>\nEl tul b\u00e0sic s&#8217;eleva a la categoria del \u201cglamour\u201d. Les bases transl\u00facides i transparents estan adornades amb efectes 3D i brodats per crear teixits \u00fanics amb una infinitat d&#8217;aplicacions. Els tons blancs i suaus fan que aquesta gamma sigui lleugera i somiadora.<\/p>\n<p>TRANSL\u00daCID<br \/>\nT&#8217;oferim la sensualitat de la transpar\u00e8ncia amb teixits lleugers i delicats per a uns aspectes elegants i fluids que mai has somiat. Sigues la reina de les nits d&#8217;estiu amb vestits fluids i airejats que et conviden a utilitzar la teva imaginaci\u00f3.<\/p>\n<p>BARROC<br \/>\nUna col\u00b7lecci\u00f3 de teixits totalment luxosa de textures i volums en gammes met\u00e0l\u00b7liques que afegeixen brillantor i fan brillar les teves col\u00b7leccions. Crea l&#8217;ambient perfecte per a les nits barroques on l&#8217;estil volar\u00e0 alt!<\/p>\n<p>NE\u00d3<br \/>\nQu\u00e8 seria un estiu sense colors vius? Aquesta col\u00b7lecci\u00f3 inclou una gamma de teixits en combinacions de colors ne\u00f3 aplicats a t\u00e8xtils amb brodats, ratlles, estampats i jacquards, especialment dissenyats per a col\u00b7leccions per a joves i nens. Diverteix-te!<\/p>\n\n\t\t<\/div> \n\t<\/div> <\/div><\/div><\/div><\/div><style type=\"text\/css\" >#ic_5qblj6q2kxjxxp23ces8 {margin:0px auto 0px; }#ic_5qblj6q2kxjxxp23ces8 .owl-prev,#ic_5qblj6q2kxjxxp23ces8 .owl-next{border-color:#ecf0f1; background:#ffffff; color:#4a4f55; }#ic_5qblj6q2kxjxxp23ces8 .owl-prev:hover,#ic_5qblj6q2kxjxxp23ces8 .owl-next:hover{background:#f9fafb; color:#000000; }#ic_5qblj6q2kxjxxp23ces8 .owl-prev:before,#ic_5qblj6q2kxjxxp23ces8 .owl-next:after{border-color:#4a4f55; }#ic_5qblj6q2kxjxxp23ces8 .owl-prev:hover::before,#ic_5qblj6q2kxjxxp23ces8 .owl-next:hover::after{border-color:#000000; }#ic_5qblj6q2kxjxxp23ces8 .owl-dot{ background:#ffffff; border-color:#ecf0f1; }#ic_5qblj6q2kxjxxp23ces8 .owl-dot.active{ background:#000000; border-color:#ecf0f1;}<\/style><script type=\"text\/javascript\" charset=\"utf-8\">\r\n\r\n\t\tjQuery.noConflict();\r\n\t\/\/setup up Carousel\r\n\t\tjQuery(document).ready(function($) {\r\n\t\"use strict\";\r\n\t$(window).load(function(){\r\n\t\t$(\"#ic_5qblj6q2kxjxxp23ces8\").owlCarousel({\r\n\t\t\trtl: $(\"body\").hasClass(\"rtl\") ? true : false,\r\n\t\t\tresponsiveClass:true,\r\n\t\t\tcenter:true,\r\n\t\t\tloop:true,\r\n\t\t\tresponsive:{\r\n\t\t\t\t0:{\r\n\t\t\t\t\titems:1,\r\n\t\t\t    },\r\n\t\t\t    780:{\r\n\t\t\t        items:2,\r\n\t\t\t\t},\r\n\t\t\t\t1000:{\r\n\t\t\t\t    items:2,\r\n\t\t\t\t},\r\n\t\t\t},\r\n            scroll: 1,\r\n\t\t\tautoplay:false,\r\n\t   \t \t dots:false,\r\n\t\t\t nav:true,\r\n\t\r\n\t\t});\r\n\t});\r\n});\r\n\r\n<\/script><div class=\"tt_testimonials_ctn rd_ic_center  hover_nav_style \" id=\"ic_5qblj6q2kxjxxp23ces8\" style=\"margin-top:0px; margin-bottom:0px;\"><a href=\"https:\/\/imsatextil.com\/wp-content\/uploads\/2023\/02\/Baroque-1024x724.jpg\"  rel=\"prettyPhoto[rel-5qblj6q2kxjxxp23ces8]\" ><img loading=\"lazy\" decoding=\"async\" width=\"2481\" height=\"1754\" src=\"https:\/\/imsatextil.com\/wp-content\/uploads\/2023\/02\/Baroque.jpg\" class=\"attachment-full\" alt=\"\" srcset=\"https:\/\/imsatextil.com\/wp-content\/uploads\/2023\/02\/Baroque.jpg 2481w, https:\/\/imsatextil.com\/wp-content\/uploads\/2023\/02\/Baroque-300x212.jpg 300w, https:\/\/imsatextil.com\/wp-content\/uploads\/2023\/02\/Baroque-768x543.jpg 768w, https:\/\/imsatextil.com\/wp-content\/uploads\/2023\/02\/Baroque-1024x724.jpg 1024w\" sizes=\"auto, (max-width: 2481px) 100vw, 2481px\" \/><\/a><a href=\"https:\/\/imsatextil.com\/wp-content\/uploads\/2023\/02\/Floral-1024x724.jpg\"  rel=\"prettyPhoto[rel-5qblj6q2kxjxxp23ces8]\" ><img loading=\"lazy\" decoding=\"async\" width=\"2482\" height=\"1755\" src=\"https:\/\/imsatextil.com\/wp-content\/uploads\/2023\/02\/Floral.jpg\" class=\"attachment-full\" alt=\"\" srcset=\"https:\/\/imsatextil.com\/wp-content\/uploads\/2023\/02\/Floral.jpg 2482w, https:\/\/imsatextil.com\/wp-content\/uploads\/2023\/02\/Floral-300x212.jpg 300w, https:\/\/imsatextil.com\/wp-content\/uploads\/2023\/02\/Floral-768x543.jpg 768w, https:\/\/imsatextil.com\/wp-content\/uploads\/2023\/02\/Floral-1024x724.jpg 1024w\" sizes=\"auto, (max-width: 2482px) 100vw, 2482px\" \/><\/a><a href=\"https:\/\/imsatextil.com\/wp-content\/uploads\/2023\/02\/Fluid-1024x724.jpg\"  rel=\"prettyPhoto[rel-5qblj6q2kxjxxp23ces8]\" ><img loading=\"lazy\" decoding=\"async\" width=\"2482\" height=\"1755\" src=\"https:\/\/imsatextil.com\/wp-content\/uploads\/2023\/02\/Fluid.jpg\" class=\"attachment-full\" alt=\"\" srcset=\"https:\/\/imsatextil.com\/wp-content\/uploads\/2023\/02\/Fluid.jpg 2482w, https:\/\/imsatextil.com\/wp-content\/uploads\/2023\/02\/Fluid-300x212.jpg 300w, https:\/\/imsatextil.com\/wp-content\/uploads\/2023\/02\/Fluid-768x543.jpg 768w, https:\/\/imsatextil.com\/wp-content\/uploads\/2023\/02\/Fluid-1024x724.jpg 1024w\" sizes=\"auto, (max-width: 2482px) 100vw, 2482px\" \/><\/a><a href=\"https:\/\/imsatextil.com\/wp-content\/uploads\/2023\/02\/Knit-1024x724.jpg\"  rel=\"prettyPhoto[rel-5qblj6q2kxjxxp23ces8]\" ><img loading=\"lazy\" decoding=\"async\" width=\"2482\" height=\"1755\" src=\"https:\/\/imsatextil.com\/wp-content\/uploads\/2023\/02\/Knit.jpg\" class=\"attachment-full\" alt=\"\" srcset=\"https:\/\/imsatextil.com\/wp-content\/uploads\/2023\/02\/Knit.jpg 2482w, https:\/\/imsatextil.com\/wp-content\/uploads\/2023\/02\/Knit-300x212.jpg 300w, https:\/\/imsatextil.com\/wp-content\/uploads\/2023\/02\/Knit-768x543.jpg 768w, https:\/\/imsatextil.com\/wp-content\/uploads\/2023\/02\/Knit-1024x724.jpg 1024w\" sizes=\"auto, (max-width: 2482px) 100vw, 2482px\" \/><\/a><a href=\"https:\/\/imsatextil.com\/wp-content\/uploads\/2023\/02\/Mood-1024x724.jpg\"  rel=\"prettyPhoto[rel-5qblj6q2kxjxxp23ces8]\" ><img loading=\"lazy\" decoding=\"async\" width=\"2481\" height=\"1755\" src=\"https:\/\/imsatextil.com\/wp-content\/uploads\/2023\/02\/Mood.jpg\" class=\"attachment-full\" alt=\"\" srcset=\"https:\/\/imsatextil.com\/wp-content\/uploads\/2023\/02\/Mood.jpg 2481w, https:\/\/imsatextil.com\/wp-content\/uploads\/2023\/02\/Mood-300x212.jpg 300w, https:\/\/imsatextil.com\/wp-content\/uploads\/2023\/02\/Mood-768x543.jpg 768w, https:\/\/imsatextil.com\/wp-content\/uploads\/2023\/02\/Mood-1024x724.jpg 1024w\" sizes=\"auto, (max-width: 2481px) 100vw, 2481px\" \/><\/a><a href=\"https:\/\/imsatextil.com\/wp-content\/uploads\/2023\/02\/Neon-1024x724.jpg\"  rel=\"prettyPhoto[rel-5qblj6q2kxjxxp23ces8]\" ><img loading=\"lazy\" decoding=\"async\" width=\"2481\" height=\"1754\" src=\"https:\/\/imsatextil.com\/wp-content\/uploads\/2023\/02\/Neon.jpg\" class=\"attachment-full\" alt=\"\" srcset=\"https:\/\/imsatextil.com\/wp-content\/uploads\/2023\/02\/Neon.jpg 2481w, https:\/\/imsatextil.com\/wp-content\/uploads\/2023\/02\/Neon-300x212.jpg 300w, https:\/\/imsatextil.com\/wp-content\/uploads\/2023\/02\/Neon-768x543.jpg 768w, https:\/\/imsatextil.com\/wp-content\/uploads\/2023\/02\/Neon-1024x724.jpg 1024w\" sizes=\"auto, (max-width: 2481px) 100vw, 2481px\" \/><\/a><a href=\"https:\/\/imsatextil.com\/wp-content\/uploads\/2023\/02\/Outerwear-1024x724.jpg\"  rel=\"prettyPhoto[rel-5qblj6q2kxjxxp23ces8]\" ><img loading=\"lazy\" decoding=\"async\" width=\"2482\" height=\"1755\" src=\"https:\/\/imsatextil.com\/wp-content\/uploads\/2023\/02\/Outerwear.jpg\" class=\"attachment-full\" alt=\"\" srcset=\"https:\/\/imsatextil.com\/wp-content\/uploads\/2023\/02\/Outerwear.jpg 2482w, https:\/\/imsatextil.com\/wp-content\/uploads\/2023\/02\/Outerwear-300x212.jpg 300w, https:\/\/imsatextil.com\/wp-content\/uploads\/2023\/02\/Outerwear-768x543.jpg 768w, https:\/\/imsatextil.com\/wp-content\/uploads\/2023\/02\/Outerwear-1024x724.jpg 1024w\" sizes=\"auto, (max-width: 2482px) 100vw, 2482px\" \/><\/a><a href=\"https:\/\/imsatextil.com\/wp-content\/uploads\/2023\/02\/Sailor-1024x724.jpg\"  rel=\"prettyPhoto[rel-5qblj6q2kxjxxp23ces8]\" ><img loading=\"lazy\" decoding=\"async\" width=\"2482\" height=\"1755\" src=\"https:\/\/imsatextil.com\/wp-content\/uploads\/2023\/02\/Sailor.jpg\" class=\"attachment-full\" alt=\"\" srcset=\"https:\/\/imsatextil.com\/wp-content\/uploads\/2023\/02\/Sailor.jpg 2482w, https:\/\/imsatextil.com\/wp-content\/uploads\/2023\/02\/Sailor-300x212.jpg 300w, https:\/\/imsatextil.com\/wp-content\/uploads\/2023\/02\/Sailor-768x543.jpg 768w, https:\/\/imsatextil.com\/wp-content\/uploads\/2023\/02\/Sailor-1024x724.jpg 1024w\" sizes=\"auto, (max-width: 2482px) 100vw, 2482px\" \/><\/a><a href=\"https:\/\/imsatextil.com\/wp-content\/uploads\/2023\/02\/Sweet-1024x724.jpg\"  rel=\"prettyPhoto[rel-5qblj6q2kxjxxp23ces8]\" ><img loading=\"lazy\" decoding=\"async\" width=\"2482\" height=\"1755\" src=\"https:\/\/imsatextil.com\/wp-content\/uploads\/2023\/02\/Sweet.jpg\" class=\"attachment-full\" alt=\"\" srcset=\"https:\/\/imsatextil.com\/wp-content\/uploads\/2023\/02\/Sweet.jpg 2482w, https:\/\/imsatextil.com\/wp-content\/uploads\/2023\/02\/Sweet-300x212.jpg 300w, https:\/\/imsatextil.com\/wp-content\/uploads\/2023\/02\/Sweet-768x543.jpg 768w, https:\/\/imsatextil.com\/wp-content\/uploads\/2023\/02\/Sweet-1024x724.jpg 1024w\" sizes=\"auto, (max-width: 2482px) 100vw, 2482px\" \/><\/a><a href=\"https:\/\/imsatextil.com\/wp-content\/uploads\/2023\/02\/Translucid-1024x724.jpg\"  rel=\"prettyPhoto[rel-5qblj6q2kxjxxp23ces8]\" ><img loading=\"lazy\" decoding=\"async\" width=\"2481\" height=\"1754\" src=\"https:\/\/imsatextil.com\/wp-content\/uploads\/2023\/02\/Translucid.jpg\" class=\"attachment-full\" alt=\"\" srcset=\"https:\/\/imsatextil.com\/wp-content\/uploads\/2023\/02\/Translucid.jpg 2481w, https:\/\/imsatextil.com\/wp-content\/uploads\/2023\/02\/Translucid-300x212.jpg 300w, https:\/\/imsatextil.com\/wp-content\/uploads\/2023\/02\/Translucid-768x543.jpg 768w, https:\/\/imsatextil.com\/wp-content\/uploads\/2023\/02\/Translucid-1024x724.jpg 1024w\" sizes=\"auto, (max-width: 2481px) 100vw, 2481px\" \/><\/a><a href=\"https:\/\/imsatextil.com\/wp-content\/uploads\/2023\/02\/Tulle-1024x724.jpg\"  rel=\"prettyPhoto[rel-5qblj6q2kxjxxp23ces8]\" ><img loading=\"lazy\" decoding=\"async\" width=\"2481\" height=\"1754\" src=\"https:\/\/imsatextil.com\/wp-content\/uploads\/2023\/02\/Tulle.jpg\" class=\"attachment-full\" alt=\"\" srcset=\"https:\/\/imsatextil.com\/wp-content\/uploads\/2023\/02\/Tulle.jpg 2481w, https:\/\/imsatextil.com\/wp-content\/uploads\/2023\/02\/Tulle-300x212.jpg 300w, https:\/\/imsatextil.com\/wp-content\/uploads\/2023\/02\/Tulle-768x543.jpg 768w, https:\/\/imsatextil.com\/wp-content\/uploads\/2023\/02\/Tulle-1024x724.jpg 1024w\" sizes=\"auto, (max-width: 2481px) 100vw, 2481px\" \/><\/a><\/div>\n\t\t<\/div> <\/div>\n\t<\/div> \n<\/div>\n","protected":false},"excerpt":{"rendered":"<p>COL\u00b7LECCI\u00d3 PRIMAVERA ESTIU &#8217;24 Hola estiu 2023! Us portem una col\u00b7lecci\u00f3 fresca, plena de color i felicitat! Des dels cl\u00e0ssics n\u00e0utics fins a la festivitat dels brodats i els tons met\u00e0l\u00b7lics, Murtra s&#8217;adapta a totes les necessitats de la teva col\u00b7lecci\u00f3 per ser l&#8217;\u00e8xit de la temporada. Vine a capbussar-te als panells d\u2019inspiraci\u00f3! BRODAT DOL\u00c7<br \/><a href=\"https:\/\/imsatextil.com\/ca\/colecciones\/coleccion-p-v-24\/\" class=\"more\">Read more<\/a><\/p>\n","protected":false},"author":1,"featured_media":0,"parent":305,"menu_order":0,"comment_status":"closed","ping_status":"closed","template":"","meta":{"footnotes":""},"class_list":["post-8808","page","type-page","status-publish","hentry"],"_links":{"self":[{"href":"https:\/\/imsatextil.com\/ca\/wp-json\/wp\/v2\/pages\/8808","targetHints":{"allow":["GET"]}}],"collection":[{"href":"https:\/\/imsatextil.com\/ca\/wp-json\/wp\/v2\/pages"}],"about":[{"href":"https:\/\/imsatextil.com\/ca\/wp-json\/wp\/v2\/types\/page"}],"author":[{"embeddable":true,"href":"https:\/\/imsatextil.com\/ca\/wp-json\/wp\/v2\/users\/1"}],"replies":[{"embeddable":true,"href":"https:\/\/imsatextil.com\/ca\/wp-json\/wp\/v2\/comments?post=8808"}],"version-history":[{"count":2,"href":"https:\/\/imsatextil.com\/ca\/wp-json\/wp\/v2\/pages\/8808\/revisions"}],"predecessor-version":[{"id":8812,"href":"https:\/\/imsatextil.com\/ca\/wp-json\/wp\/v2\/pages\/8808\/revisions\/8812"}],"up":[{"embeddable":true,"href":"https:\/\/imsatextil.com\/ca\/wp-json\/wp\/v2\/pages\/305"}],"wp:attachment":[{"href":"https:\/\/imsatextil.com\/ca\/wp-json\/wp\/v2\/media?parent=8808"}],"curies":[{"name":"wp","href":"https:\/\/api.w.org\/{rel}","templated":true}]}}