{"id":10571,"date":"2024-01-23T16:28:21","date_gmt":"2024-01-23T16:28:21","guid":{"rendered":"http:\/\/imsatextil.com\/colecciones\/colecciones-coleccion-p-v-25\/"},"modified":"2024-01-30T13:39:37","modified_gmt":"2024-01-30T13:39:37","slug":"colecciones-coleccion-p-v-25","status":"publish","type":"page","link":"https:\/\/imsatextil.com\/fr\/colecciones\/colecciones-coleccion-p-v-25\/","title":{"rendered":"Colection P\/E 25"},"content":{"rendered":"<div  id='first-row'  class=\"vc_row wpb_row vc_row-fluid full-width-content \">\n\t<div class=\"vc_span12 wpb_column vc_column_container \"><div class=\"vc_column-inner \">\n\t\t<div class=\"wpb_wrapper\">\n\t\t\t\r\n\t<div class=\"wpb_single_image wpb_content_element vc_align_center\">\r\n\t\t<div class=\"wpb_wrapper\">\r\n\t\t\t\r\n\t\t\t<div class=\"vc_single_image-wrapper   vc_box_border_grey\"><img loading=\"lazy\" decoding=\"async\" width=\"1920\" height=\"257\" src=\"https:\/\/imsatextil.com\/wp-content\/uploads\/2024\/01\/header_primavera_verano2025.jpg\" class=\"vc_single_image-img attachment-full\" alt=\"\" srcset=\"https:\/\/imsatextil.com\/wp-content\/uploads\/2024\/01\/header_primavera_verano2025.jpg 1920w, https:\/\/imsatextil.com\/wp-content\/uploads\/2024\/01\/header_primavera_verano2025-300x40.jpg 300w, https:\/\/imsatextil.com\/wp-content\/uploads\/2024\/01\/header_primavera_verano2025-768x103.jpg 768w, https:\/\/imsatextil.com\/wp-content\/uploads\/2024\/01\/header_primavera_verano2025-1024x137.jpg 1024w\" sizes=\"auto, (max-width: 1920px) 100vw, 1920px\" \/><\/div>\r\n\t\t<\/div>\r\n\t<\/div>\r\n\n\t\t<\/div> <\/div>\n\t<\/div> \n<\/div><div   class=\"vc_row wpb_row vc_row-fluid  \">\n\t<div class=\"vc_span12 wpb_column vc_column_container \"><div class=\"vc_column-inner \">\n\t\t<div class=\"wpb_wrapper\">\n\t\t\t<h2 style=\"text-align: left\" class=\"vc_custom_heading\" >COLLECTION PRINTEMPS \u00c9T\u00c9 '25<\/h2>\r\n\t<div class=\"wpb_single_image wpb_content_element vc_align_left\">\r\n\t\t<div class=\"wpb_wrapper\">\r\n\t\t\t\r\n\t\t\t<div class=\"vc_single_image-wrapper   vc_box_border_grey\"><img loading=\"lazy\" decoding=\"async\" width=\"181\" height=\"7\" src=\"https:\/\/imsatextil.com\/wp-content\/uploads\/2017\/11\/separator_black.png\" class=\"vc_single_image-img attachment-full\" alt=\"\" \/><\/div>\r\n\t\t<\/div>\r\n\t<\/div>\r\n<div class=\"vc_row wpb_row vc_inner vc_row-fluid\"><div class=\"wpb_column vc_column_container vc_span6\"><div class=\"vc_column-inner  \"><div class=\"wpb_wrapper\">\n\t<div class=\"wpb_text_column wpb_content_element  \" >\n\t\t<div class=\"wpb_wrapper\" id=\"ct_usbb013lfagcf2tozutr\">\n\t\t\t<p>Embarquez pour un voyage \u00e0 travers l&rsquo;essence de l&rsquo;\u00e9t\u00e9 avec notre derni\u00e8re collection de tissus. Au fur et \u00e0 mesure que la saison ensoleill\u00e9e se d\u00e9roule, notre s\u00e9lection m\u00e9ticuleuse incarne l&rsquo;esprit de l&rsquo;\u00e9l\u00e9gance sans effort et du confort frais. Des lins l\u00e9gers aux cotons \u00e9clatants, chaque tissu est un t\u00e9moignage de style et de confort, con\u00e7u pour accentuer vos moments d&rsquo;\u00e9t\u00e9.<\/p>\n<p>Que vous envisagiez le chic au bord de la plage, les f\u00eates de jardin ensoleill\u00e9es ou que vous recherchiez simplement le confort sous le ciel d&rsquo;\u00e9t\u00e9, notre collection offre un \u00e9ventail de textiles m\u00e9ticuleusement con\u00e7us pour rehausser chaque occasion. Embrassez la chaleur de la saison avec nos tissus l\u00e9gers et respirants qui allient sans effort mode et fonctionnalit\u00e9.<\/p>\n<p>Avec un engagement pour le d\u00e9veloppement durable, notre collection pr\u00e9sente fi\u00e8rement des mat\u00e9riaux \u00e9cologiques et des textiles d&rsquo;origine locale, encourageant une approche consciente de la mode. Plongez dans notre assortiment et lib\u00e9rez votre cr\u00e9ativit\u00e9 en imaginant vos propres cr\u00e9ations estivales. Laissez libre cours \u00e0 votre imagination et c\u00e9l\u00e9brez la lib\u00e9ration du style avec notre collection de tissus d&rsquo;\u00e9t\u00e9.<\/p>\n<p><strong>Un style joyeux<\/strong><\/p>\n<p>D\u00e9couvrez l&rsquo;essence de la joie avec notre collection printemps\/\u00e9t\u00e9 2025 !<\/p>\n<p>Avec un kal\u00e9idoscope de couleurs, des plaids ludiques, des rayures \u00e9l\u00e9gantes et de jolis motifs brod\u00e9s, nos mod\u00e8les sont con\u00e7us pour cr\u00e9er des looks amusants et fabuleux pour les enfants, les pr\u00e9adolescents et les b\u00e9b\u00e9s. Laissez vos enfants exprimer leur personnalit\u00e9 unique gr\u00e2ce \u00e0 notre gamme de tissus qui promet d&rsquo;ajouter une touche de charme et d&rsquo;originalit\u00e9 \u00e0 vos v\u00eatements.<\/p>\n<p><strong>Esprit marin<\/strong><\/p>\n<p>Entrez dans le monde enchanteur de \u00ab\u00a0Sailor Spirit\u00a0\u00bb avec notre collection de tissus exquis ! Plongez dans l&rsquo;allure intemporelle des tendances estivales classiques en d\u00e9couvrant les tissus id\u00e9aux pour cr\u00e9er une nouvelle collection. Embrassez l&rsquo;essence captivante de la mer et l&rsquo;esth\u00e9tique \u00e9l\u00e9gante du marin gr\u00e2ce \u00e0 nos tissus exclusifs qui vous permettent de cr\u00e9er, en m\u00e9langeant la tradition avec une touche contemporaine.<\/p>\n<p><strong>Artisanat floral<\/strong><\/p>\n<p>Plongez dans l&rsquo;univers chaleureux de notre collection de tissus \u00ab\u00a0Floral Craft\u00a0\u00bb !<\/p>\n<p>Nos tissus sont un hommage affectueux au travail des artisans et au charme des tr\u00e9sors faits \u00e0 la main de nos grands-m\u00e8res. Ils ont \u00e9t\u00e9 con\u00e7us avec soin pour incarner l&rsquo;essence de l&rsquo;artisanat traditionnel. Avec cette collection, nous invoquons l&rsquo;esprit du pass\u00e9, en ajoutant des d\u00e9tails contemporains qui apportent une touche d&rsquo;\u00e9l\u00e9gance vintage \u00e0 vos cr\u00e9ations modernes.<\/p>\n<p><strong>Tonalit\u00e9s pop<\/strong><\/p>\n<p>Plongez dans l&rsquo;univers \u00e9lectrisant de notre collection de tissus \u00ab\u00a0Pop Tones\u00a0\u00bb, o\u00f9 les teintes vibrantes, les touches audacieuses, les accents n\u00e9on et les rayures dynamiques s&rsquo;unissent pour cr\u00e9er une collection qui exige de l&rsquo;attention. Nos tissus sont con\u00e7us pour inspirer la cr\u00e9ation de robes et de hauts qui sautent aux yeux et qui exsudent un sentiment d&rsquo;individualit\u00e9 audacieux. Embrassez la vivacit\u00e9 des m\u00e9langes de couleurs et de motifs, qui vous permettront de profiter de l&rsquo;\u00e9nergie br\u00fblante de l&rsquo;\u00e9t\u00e9.<\/p>\n\n\t\t<\/div> \n\t<\/div> <\/div><\/div><\/div><div class=\"wpb_column vc_column_container vc_span6\"><div class=\"vc_column-inner  \"><div class=\"wpb_wrapper\">\n\t<div class=\"wpb_text_column wpb_content_element  \" >\n\t\t<div class=\"wpb_wrapper\" id=\"ct_usr0y3w86d31at76nuot\">\n\t\t\t<p><strong>Terreux<\/strong><\/p>\n<p>Renouez avec les racines de la nature dans notre collection de tissus \u00ab\u00a0Earthy\u00a0\u00bb, o\u00f9 nous revenons \u00e0 l&rsquo;essence de la terre, du soleil et des tons terreux. Plongez dans des tissus ray\u00e9s inspir\u00e9s du d\u00e9sert et des broderies en coton naturel qui vous invitent \u00e0 cr\u00e9er une garde-robe \u00e9tonnante o\u00f9 la simplicit\u00e9 rencontre la sophistication, et o\u00f9 chaque pi\u00e8ce raconte l&rsquo;histoire de notre lien durable avec la terre.<\/p>\n<p><strong>Broderie<\/strong><\/p>\n<p>Laissez-vous s\u00e9duire par l&rsquo;art de notre collection de tissus \u00ab\u00a0Broderie\u00a0\u00bb, o\u00f9 la touche d\u00e9licate de la broderie transforme les tissus en tr\u00e9sors d&rsquo;\u00e9t\u00e9. Explorez une symphonie de motifs g\u00e9om\u00e9triques et floraux dans des tissus qui vous permettent de cr\u00e9er des essentiels d&rsquo;\u00e9t\u00e9 pr\u00e9cieux et intemporels. D\u00e9couvrez de magnifiques tissus \u00e0 base de coton avec des fils tiss\u00e9s de mani\u00e8re complexe qui ajouteront de la profondeur et de la sophistication \u00e0 vos cr\u00e9ations.<\/p>\n<p><strong>F\u00eate du jardin<\/strong><\/p>\n<p>Bienvenue dans le monde enchanteur de notre collection de tissus \u00ab\u00a0Garden Party\u00a0\u00bb, o\u00f9 une vari\u00e9t\u00e9 de fleurs s&rsquo;\u00e9panouissent dans diff\u00e9rentes techniques, y compris les dentelles, les textures 3D et les guipures. Chaque tissu est con\u00e7u pour c\u00e9l\u00e9brer la beaut\u00e9 intemporelle de la nature et insuffler le luxe dans vos c\u00e9l\u00e9brations. La palette de couleurs \u00ab\u00a0garden party\u00a0\u00bb apporte une touche de splendeur naturelle et d&rsquo;opulence, et permet \u00e0 vos styles de s&rsquo;\u00e9panouir avec un charme luxueux.<\/p>\n<p><strong>Or pur<\/strong><\/p>\n<p>Nous vous pr\u00e9sentons notre collection \u00ab\u00a0Pure Gold\u00a0\u00bb, dans laquelle les tissus m\u00e9talliques occupent le devant de la sc\u00e8ne et fournissent les \u00e9l\u00e9ments parfaits pour faire de vous l&rsquo;\u00e9toile brillante de toutes les occasions. Plongez dans l&rsquo;opulence des diff\u00e9rents tons et textures dor\u00e9s, y compris les jacquards, les paillettes, les filets, les pliss\u00e9s et les dentelles qui transformeront vos cr\u00e9ations en chefs-d&rsquo;\u0153uvre rayonnants.<\/p>\n<p><strong>Vivid<\/strong><\/p>\n<p>Bienvenue dans notre collection de tissus \u00ab\u00a0Vivid\u00a0\u00bb, o\u00f9 des motifs exclusifs prennent vie dans une palette de verts et de magentas \u00e9clatants. Plongez dans un monde de cr\u00e9ativit\u00e9 avec des tissus textur\u00e9s, des jacquards complexes, des broderies exquises et des imprim\u00e9s vivants qui c\u00e9l\u00e8brent l&rsquo;essence des couleurs vives. Les verts et les magentas sont \u00e0 l&rsquo;honneur, devenant les teintes essentielles de cette collection, garantissant que chaque pi\u00e8ce rayonne d&rsquo;\u00e9nergie et de vie. Que vous recherchiez des motifs audacieux ou des textures subtiles, \u00ab\u00a0Vivid\u00a0\u00bb offre une gamme vari\u00e9e d&rsquo;options, faisant de chaque tissu une toile pour votre imagination vibrante.<\/p>\n<p><strong>Color Party<\/strong><\/p>\n<p>Bienvenue dans la collection de tissus \u00ab\u00a0Color Party\u00a0\u00bb, o\u00f9 la f\u00eate est \u00e0 l&rsquo;honneur ! Infusez une \u00e9nergie vibrante \u00e0 vos festivit\u00e9s gr\u00e2ce \u00e0 nos tissus exclusifs con\u00e7us pour rehausser chaque moment. D\u00e9couvrez des tissus luxueux orn\u00e9s de d\u00e9tails brillants dans une gamme \u00e9blouissante de tons vifs, transformant vos c\u00e9l\u00e9brations en une \u00e9meute de couleurs et de glamour. Laissez libre cours \u00e0 votre cr\u00e9ativit\u00e9 en explorant cette palette color\u00e9e, pour que vos cr\u00e9ations deviennent l&rsquo;attraction de la f\u00eate.<\/p>\n\n\t\t<\/div> \n\t<\/div> <\/div><\/div><\/div><\/div><style type=\"text\/css\" >#ic_lm4pdx7ka101eoqby1nt {margin:0px auto 0px; }#ic_lm4pdx7ka101eoqby1nt .owl-prev,#ic_lm4pdx7ka101eoqby1nt .owl-next{border-color:#ecf0f1; background:#ffffff; color:#4a4f55; }#ic_lm4pdx7ka101eoqby1nt .owl-prev:hover,#ic_lm4pdx7ka101eoqby1nt .owl-next:hover{background:#f9fafb; color:#000000; }#ic_lm4pdx7ka101eoqby1nt .owl-prev:before,#ic_lm4pdx7ka101eoqby1nt .owl-next:after{border-color:#4a4f55; }#ic_lm4pdx7ka101eoqby1nt .owl-prev:hover::before,#ic_lm4pdx7ka101eoqby1nt .owl-next:hover::after{border-color:#000000; }#ic_lm4pdx7ka101eoqby1nt .owl-dot{ background:#ffffff; border-color:#ecf0f1; }#ic_lm4pdx7ka101eoqby1nt .owl-dot.active{ background:#000000; border-color:#ecf0f1;}<\/style><script type=\"text\/javascript\" charset=\"utf-8\">\r\n\r\n\t\tjQuery.noConflict();\r\n\t\/\/setup up Carousel\r\n\t\tjQuery(document).ready(function($) {\r\n\t\"use strict\";\r\n\t$(window).load(function(){\r\n\t\t$(\"#ic_lm4pdx7ka101eoqby1nt\").owlCarousel({\r\n\t\t\trtl: $(\"body\").hasClass(\"rtl\") ? true : false,\r\n\t\t\tresponsiveClass:true,\r\n\t\t\tcenter:true,\r\n\t\t\tloop:true,\r\n\t\t\tresponsive:{\r\n\t\t\t\t0:{\r\n\t\t\t\t\titems:1,\r\n\t\t\t    },\r\n\t\t\t    780:{\r\n\t\t\t        items:2,\r\n\t\t\t\t},\r\n\t\t\t\t1000:{\r\n\t\t\t\t    items:2,\r\n\t\t\t\t},\r\n\t\t\t},\r\n            scroll: 1,\r\n\t\t\tautoplay:false,\r\n\t   \t \t dots:false,\r\n\t\t\t nav:true,\r\n\t\r\n\t\t});\r\n\t});\r\n});\r\n\r\n<\/script><div class=\"tt_testimonials_ctn rd_ic_center  hover_nav_style \" id=\"ic_lm4pdx7ka101eoqby1nt\" style=\"margin-top:0px; margin-bottom:0px;\"><a href=\"https:\/\/imsatextil.com\/wp-content\/uploads\/2024\/01\/Imsa-10-1024x724.jpg\"  rel=\"prettyPhoto[rel-lm4pdx7ka101eoqby1nt]\" ><img loading=\"lazy\" decoding=\"async\" width=\"2481\" height=\"1754\" src=\"https:\/\/imsatextil.com\/wp-content\/uploads\/2024\/01\/Imsa-10.jpg\" class=\"attachment-full\" alt=\"\" srcset=\"https:\/\/imsatextil.com\/wp-content\/uploads\/2024\/01\/Imsa-10.jpg 2481w, https:\/\/imsatextil.com\/wp-content\/uploads\/2024\/01\/Imsa-10-300x212.jpg 300w, https:\/\/imsatextil.com\/wp-content\/uploads\/2024\/01\/Imsa-10-768x543.jpg 768w, https:\/\/imsatextil.com\/wp-content\/uploads\/2024\/01\/Imsa-10-1024x724.jpg 1024w, https:\/\/imsatextil.com\/wp-content\/uploads\/2024\/01\/Imsa-10-1536x1086.jpg 1536w, https:\/\/imsatextil.com\/wp-content\/uploads\/2024\/01\/Imsa-10-2048x1448.jpg 2048w\" sizes=\"auto, (max-width: 2481px) 100vw, 2481px\" \/><\/a><a href=\"https:\/\/imsatextil.com\/wp-content\/uploads\/2024\/01\/Imsa-09-1024x724.jpg\"  rel=\"prettyPhoto[rel-lm4pdx7ka101eoqby1nt]\" ><img loading=\"lazy\" decoding=\"async\" width=\"2481\" height=\"1754\" src=\"https:\/\/imsatextil.com\/wp-content\/uploads\/2024\/01\/Imsa-09.jpg\" class=\"attachment-full\" alt=\"\" srcset=\"https:\/\/imsatextil.com\/wp-content\/uploads\/2024\/01\/Imsa-09.jpg 2481w, https:\/\/imsatextil.com\/wp-content\/uploads\/2024\/01\/Imsa-09-300x212.jpg 300w, https:\/\/imsatextil.com\/wp-content\/uploads\/2024\/01\/Imsa-09-768x543.jpg 768w, https:\/\/imsatextil.com\/wp-content\/uploads\/2024\/01\/Imsa-09-1024x724.jpg 1024w, https:\/\/imsatextil.com\/wp-content\/uploads\/2024\/01\/Imsa-09-1536x1086.jpg 1536w, https:\/\/imsatextil.com\/wp-content\/uploads\/2024\/01\/Imsa-09-2048x1448.jpg 2048w\" sizes=\"auto, (max-width: 2481px) 100vw, 2481px\" \/><\/a><a href=\"https:\/\/imsatextil.com\/wp-content\/uploads\/2024\/01\/Imsa-08-1024x724.jpg\"  rel=\"prettyPhoto[rel-lm4pdx7ka101eoqby1nt]\" ><img loading=\"lazy\" decoding=\"async\" width=\"2481\" height=\"1754\" src=\"https:\/\/imsatextil.com\/wp-content\/uploads\/2024\/01\/Imsa-08.jpg\" class=\"attachment-full\" alt=\"\" srcset=\"https:\/\/imsatextil.com\/wp-content\/uploads\/2024\/01\/Imsa-08.jpg 2481w, https:\/\/imsatextil.com\/wp-content\/uploads\/2024\/01\/Imsa-08-300x212.jpg 300w, https:\/\/imsatextil.com\/wp-content\/uploads\/2024\/01\/Imsa-08-768x543.jpg 768w, https:\/\/imsatextil.com\/wp-content\/uploads\/2024\/01\/Imsa-08-1024x724.jpg 1024w, https:\/\/imsatextil.com\/wp-content\/uploads\/2024\/01\/Imsa-08-1536x1086.jpg 1536w, https:\/\/imsatextil.com\/wp-content\/uploads\/2024\/01\/Imsa-08-2048x1448.jpg 2048w\" sizes=\"auto, (max-width: 2481px) 100vw, 2481px\" \/><\/a><a href=\"https:\/\/imsatextil.com\/wp-content\/uploads\/2024\/01\/Imsa-07-1024x724.jpg\"  rel=\"prettyPhoto[rel-lm4pdx7ka101eoqby1nt]\" ><img loading=\"lazy\" decoding=\"async\" width=\"2481\" height=\"1754\" src=\"https:\/\/imsatextil.com\/wp-content\/uploads\/2024\/01\/Imsa-07.jpg\" class=\"attachment-full\" alt=\"\" srcset=\"https:\/\/imsatextil.com\/wp-content\/uploads\/2024\/01\/Imsa-07.jpg 2481w, https:\/\/imsatextil.com\/wp-content\/uploads\/2024\/01\/Imsa-07-300x212.jpg 300w, https:\/\/imsatextil.com\/wp-content\/uploads\/2024\/01\/Imsa-07-768x543.jpg 768w, https:\/\/imsatextil.com\/wp-content\/uploads\/2024\/01\/Imsa-07-1024x724.jpg 1024w, https:\/\/imsatextil.com\/wp-content\/uploads\/2024\/01\/Imsa-07-1536x1086.jpg 1536w, https:\/\/imsatextil.com\/wp-content\/uploads\/2024\/01\/Imsa-07-2048x1448.jpg 2048w\" sizes=\"auto, (max-width: 2481px) 100vw, 2481px\" \/><\/a><a href=\"https:\/\/imsatextil.com\/wp-content\/uploads\/2024\/01\/Imsa-06-1024x724.jpg\"  rel=\"prettyPhoto[rel-lm4pdx7ka101eoqby1nt]\" ><img loading=\"lazy\" decoding=\"async\" width=\"2482\" height=\"1755\" src=\"https:\/\/imsatextil.com\/wp-content\/uploads\/2024\/01\/Imsa-06.jpg\" class=\"attachment-full\" alt=\"\" srcset=\"https:\/\/imsatextil.com\/wp-content\/uploads\/2024\/01\/Imsa-06.jpg 2482w, https:\/\/imsatextil.com\/wp-content\/uploads\/2024\/01\/Imsa-06-300x212.jpg 300w, https:\/\/imsatextil.com\/wp-content\/uploads\/2024\/01\/Imsa-06-768x543.jpg 768w, https:\/\/imsatextil.com\/wp-content\/uploads\/2024\/01\/Imsa-06-1024x724.jpg 1024w, https:\/\/imsatextil.com\/wp-content\/uploads\/2024\/01\/Imsa-06-1536x1086.jpg 1536w, https:\/\/imsatextil.com\/wp-content\/uploads\/2024\/01\/Imsa-06-2048x1448.jpg 2048w\" sizes=\"auto, (max-width: 2482px) 100vw, 2482px\" \/><\/a><a href=\"https:\/\/imsatextil.com\/wp-content\/uploads\/2024\/01\/Imsa-05-1024x724.jpg\"  rel=\"prettyPhoto[rel-lm4pdx7ka101eoqby1nt]\" ><img loading=\"lazy\" decoding=\"async\" width=\"2482\" height=\"1755\" src=\"https:\/\/imsatextil.com\/wp-content\/uploads\/2024\/01\/Imsa-05.jpg\" class=\"attachment-full\" alt=\"\" srcset=\"https:\/\/imsatextil.com\/wp-content\/uploads\/2024\/01\/Imsa-05.jpg 2482w, https:\/\/imsatextil.com\/wp-content\/uploads\/2024\/01\/Imsa-05-300x212.jpg 300w, https:\/\/imsatextil.com\/wp-content\/uploads\/2024\/01\/Imsa-05-768x543.jpg 768w, https:\/\/imsatextil.com\/wp-content\/uploads\/2024\/01\/Imsa-05-1024x724.jpg 1024w, https:\/\/imsatextil.com\/wp-content\/uploads\/2024\/01\/Imsa-05-1536x1086.jpg 1536w, https:\/\/imsatextil.com\/wp-content\/uploads\/2024\/01\/Imsa-05-2048x1448.jpg 2048w\" sizes=\"auto, (max-width: 2482px) 100vw, 2482px\" \/><\/a><a href=\"https:\/\/imsatextil.com\/wp-content\/uploads\/2024\/01\/Imsa-04-1024x724.jpg\"  rel=\"prettyPhoto[rel-lm4pdx7ka101eoqby1nt]\" ><img loading=\"lazy\" decoding=\"async\" width=\"2482\" height=\"1755\" src=\"https:\/\/imsatextil.com\/wp-content\/uploads\/2024\/01\/Imsa-04.jpg\" class=\"attachment-full\" alt=\"\" srcset=\"https:\/\/imsatextil.com\/wp-content\/uploads\/2024\/01\/Imsa-04.jpg 2482w, https:\/\/imsatextil.com\/wp-content\/uploads\/2024\/01\/Imsa-04-300x212.jpg 300w, https:\/\/imsatextil.com\/wp-content\/uploads\/2024\/01\/Imsa-04-768x543.jpg 768w, https:\/\/imsatextil.com\/wp-content\/uploads\/2024\/01\/Imsa-04-1024x724.jpg 1024w, https:\/\/imsatextil.com\/wp-content\/uploads\/2024\/01\/Imsa-04-1536x1086.jpg 1536w, https:\/\/imsatextil.com\/wp-content\/uploads\/2024\/01\/Imsa-04-2048x1448.jpg 2048w\" sizes=\"auto, (max-width: 2482px) 100vw, 2482px\" \/><\/a><a href=\"https:\/\/imsatextil.com\/wp-content\/uploads\/2024\/01\/Imsa-03-1024x724.jpg\"  rel=\"prettyPhoto[rel-lm4pdx7ka101eoqby1nt]\" ><img loading=\"lazy\" decoding=\"async\" width=\"2482\" height=\"1755\" src=\"https:\/\/imsatextil.com\/wp-content\/uploads\/2024\/01\/Imsa-03.jpg\" class=\"attachment-full\" alt=\"\" srcset=\"https:\/\/imsatextil.com\/wp-content\/uploads\/2024\/01\/Imsa-03.jpg 2482w, https:\/\/imsatextil.com\/wp-content\/uploads\/2024\/01\/Imsa-03-300x212.jpg 300w, https:\/\/imsatextil.com\/wp-content\/uploads\/2024\/01\/Imsa-03-768x543.jpg 768w, https:\/\/imsatextil.com\/wp-content\/uploads\/2024\/01\/Imsa-03-1024x724.jpg 1024w\" sizes=\"auto, (max-width: 2482px) 100vw, 2482px\" \/><\/a><a href=\"https:\/\/imsatextil.com\/wp-content\/uploads\/2024\/01\/Imsa-02-1024x724.jpg\"  rel=\"prettyPhoto[rel-lm4pdx7ka101eoqby1nt]\" ><img loading=\"lazy\" decoding=\"async\" width=\"2482\" height=\"1755\" src=\"https:\/\/imsatextil.com\/wp-content\/uploads\/2024\/01\/Imsa-02.jpg\" class=\"attachment-full\" alt=\"\" srcset=\"https:\/\/imsatextil.com\/wp-content\/uploads\/2024\/01\/Imsa-02.jpg 2482w, https:\/\/imsatextil.com\/wp-content\/uploads\/2024\/01\/Imsa-02-300x212.jpg 300w, https:\/\/imsatextil.com\/wp-content\/uploads\/2024\/01\/Imsa-02-768x543.jpg 768w, https:\/\/imsatextil.com\/wp-content\/uploads\/2024\/01\/Imsa-02-1024x724.jpg 1024w\" sizes=\"auto, (max-width: 2482px) 100vw, 2482px\" \/><\/a><a href=\"https:\/\/imsatextil.com\/wp-content\/uploads\/2024\/01\/Imsa-01-1024x724.jpg\"  rel=\"prettyPhoto[rel-lm4pdx7ka101eoqby1nt]\" ><img loading=\"lazy\" decoding=\"async\" width=\"2482\" height=\"1755\" src=\"https:\/\/imsatextil.com\/wp-content\/uploads\/2024\/01\/Imsa-01.jpg\" class=\"attachment-full\" alt=\"\" srcset=\"https:\/\/imsatextil.com\/wp-content\/uploads\/2024\/01\/Imsa-01.jpg 2482w, https:\/\/imsatextil.com\/wp-content\/uploads\/2024\/01\/Imsa-01-300x212.jpg 300w, https:\/\/imsatextil.com\/wp-content\/uploads\/2024\/01\/Imsa-01-768x543.jpg 768w, https:\/\/imsatextil.com\/wp-content\/uploads\/2024\/01\/Imsa-01-1024x724.jpg 1024w\" sizes=\"auto, (max-width: 2482px) 100vw, 2482px\" \/><\/a><\/div>\n\t\t<\/div> <\/div>\n\t<\/div> \n<\/div>\n","protected":false},"excerpt":{"rendered":"<p>COLLECTION PRINTEMPS \u00c9T\u00c9 &rsquo;25 Embarquez pour un voyage \u00e0 travers l&rsquo;essence de l&rsquo;\u00e9t\u00e9 avec notre derni\u00e8re collection de tissus. Au fur et \u00e0 mesure que la saison ensoleill\u00e9e se d\u00e9roule, notre s\u00e9lection m\u00e9ticuleuse incarne l&rsquo;esprit de l&rsquo;\u00e9l\u00e9gance sans effort et du confort frais. Des lins l\u00e9gers aux cotons \u00e9clatants, chaque tissu est un t\u00e9moignage de<br \/><a href=\"https:\/\/imsatextil.com\/fr\/colecciones\/colecciones-coleccion-p-v-25\/\" class=\"more\">Read more<\/a><\/p>\n","protected":false},"author":1,"featured_media":0,"parent":307,"menu_order":0,"comment_status":"closed","ping_status":"closed","template":"","meta":{"footnotes":""},"class_list":["post-10571","page","type-page","status-publish","hentry"],"_links":{"self":[{"href":"https:\/\/imsatextil.com\/fr\/wp-json\/wp\/v2\/pages\/10571","targetHints":{"allow":["GET"]}}],"collection":[{"href":"https:\/\/imsatextil.com\/fr\/wp-json\/wp\/v2\/pages"}],"about":[{"href":"https:\/\/imsatextil.com\/fr\/wp-json\/wp\/v2\/types\/page"}],"author":[{"embeddable":true,"href":"https:\/\/imsatextil.com\/fr\/wp-json\/wp\/v2\/users\/1"}],"replies":[{"embeddable":true,"href":"https:\/\/imsatextil.com\/fr\/wp-json\/wp\/v2\/comments?post=10571"}],"version-history":[{"count":3,"href":"https:\/\/imsatextil.com\/fr\/wp-json\/wp\/v2\/pages\/10571\/revisions"}],"predecessor-version":[{"id":10651,"href":"https:\/\/imsatextil.com\/fr\/wp-json\/wp\/v2\/pages\/10571\/revisions\/10651"}],"up":[{"embeddable":true,"href":"https:\/\/imsatextil.com\/fr\/wp-json\/wp\/v2\/pages\/307"}],"wp:attachment":[{"href":"https:\/\/imsatextil.com\/fr\/wp-json\/wp\/v2\/media?parent=10571"}],"curies":[{"name":"wp","href":"https:\/\/api.w.org\/{rel}","templated":true}]}}