{"id":10707,"date":"2024-09-09T11:47:17","date_gmt":"2024-09-09T11:47:17","guid":{"rendered":"https:\/\/imsatextil.com\/colecciones\/coleccion-o-i-25\/"},"modified":"2024-09-09T12:01:03","modified_gmt":"2024-09-09T12:01:03","slug":"coleccion-o-i-25","status":"publish","type":"page","link":"https:\/\/imsatextil.com\/fr\/colecciones\/coleccion-o-i-25\/","title":{"rendered":"Colecci\u00f3n A\/H 25"},"content":{"rendered":"<div  id='first-row'  class=\"vc_row wpb_row vc_row-fluid full-width-content \">\n\t<div class=\"vc_span12 wpb_column vc_column_container \"><div class=\"vc_column-inner \">\n\t\t<div class=\"wpb_wrapper\">\n\t\t\t\r\n\t<div class=\"wpb_single_image wpb_content_element vc_align_center\">\r\n\t\t<div class=\"wpb_wrapper\">\r\n\t\t\t\r\n\t\t\t<div class=\"vc_single_image-wrapper   vc_box_border_grey\"><img loading=\"lazy\" decoding=\"async\" width=\"1920\" height=\"257\" src=\"https:\/\/imsatextil.com\/wp-content\/uploads\/2024\/09\/header_Oton\u0303o-_-Invierno-2025.jpg\" class=\"vc_single_image-img attachment-full\" alt=\"\" srcset=\"https:\/\/imsatextil.com\/wp-content\/uploads\/2024\/09\/header_Oton\u0303o-_-Invierno-2025.jpg 1920w, https:\/\/imsatextil.com\/wp-content\/uploads\/2024\/09\/header_Oton\u0303o-_-Invierno-2025-300x40.jpg 300w, https:\/\/imsatextil.com\/wp-content\/uploads\/2024\/09\/header_Oton\u0303o-_-Invierno-2025-768x103.jpg 768w, https:\/\/imsatextil.com\/wp-content\/uploads\/2024\/09\/header_Oton\u0303o-_-Invierno-2025-1024x137.jpg 1024w, https:\/\/imsatextil.com\/wp-content\/uploads\/2024\/09\/header_Oton\u0303o-_-Invierno-2025-1536x206.jpg 1536w\" sizes=\"auto, (max-width: 1920px) 100vw, 1920px\" \/><\/div>\r\n\t\t<\/div>\r\n\t<\/div>\r\n\n\t\t<\/div> <\/div>\n\t<\/div> \n<\/div><div   class=\"vc_row wpb_row vc_row-fluid  \">\n\t<div class=\"vc_span12 wpb_column vc_column_container \"><div class=\"vc_column-inner \">\n\t\t<div class=\"wpb_wrapper\">\n\t\t\t<h2 style=\"text-align: left\" class=\"vc_custom_heading\" >AUTOMNE \/ HIVER 2025<\/h2>\r\n\t<div class=\"wpb_single_image wpb_content_element vc_align_left\">\r\n\t\t<div class=\"wpb_wrapper\">\r\n\t\t\t\r\n\t\t\t<div class=\"vc_single_image-wrapper   vc_box_border_grey\"><img loading=\"lazy\" decoding=\"async\" width=\"181\" height=\"7\" src=\"https:\/\/imsatextil.com\/wp-content\/uploads\/2017\/11\/separator_black.png\" class=\"vc_single_image-img attachment-full\" alt=\"\" \/><\/div>\r\n\t\t<\/div>\r\n\t<\/div>\r\n<div class=\"vc_row wpb_row vc_inner vc_row-fluid\"><div class=\"wpb_column vc_column_container vc_span6\"><div class=\"vc_column-inner  \"><div class=\"wpb_wrapper\">\n\t<div class=\"wpb_text_column wpb_content_element  \" >\n\t\t<div class=\"wpb_wrapper\" id=\"ct_mrlhr1fu42vjf2t1w9du\">\n\t\t\t<p><strong>Tweed doux<\/strong><\/p>\n<p>Notre collection Soft Tweed marie harmonieusement l&rsquo;\u00e9l\u00e9gance du tweed traditionnel et l&rsquo;effet adoucissant des fils de chenille, offrant une exp\u00e9rience tactile \u00e0 la fois douillette et sophistiqu\u00e9e. Parfaits pour l&rsquo;automne et l&rsquo;hiver, ces tissus conf\u00e8rent un charme intemporel \u00e0 toute garde-robe. Imaginez des vestes, des jupes et des v\u00eatements d&rsquo;ext\u00e9rieur sur mesure qui se drapent magnifiquement tout en apportant chaleur et confort. Les tissus sont con\u00e7us avec des motifs complexes, chaque fil \u00e9tant soigneusement choisi pour cr\u00e9er de la profondeur et de la texture, tandis que la chenille ajoute une douceur moelleuse et velout\u00e9e au toucher. Id\u00e9ale pour cr\u00e9er des pi\u00e8ces raffin\u00e9es et confortables, cette collection est un clin d&rsquo;\u0153il au style classique avec une touche contemporaine.<\/p>\n<p><strong>Fresh Basics<\/strong><\/p>\n<p>La collection Fresh Basics propose un \u00e9ventail de motifs pied-de-poule, de carreaux et de chevrons. Ces tissus apportent une touche de modernit\u00e9 aux motifs traditionnels et sont parfaits pour cr\u00e9er des pi\u00e8ces polyvalentes qui peuvent passer sans probl\u00e8me du bureau \u00e0 une sortie d\u00e9contract\u00e9e. Les motifs pied-de-poule apportent une touche graphique et audacieuse, tandis que les carreaux et les chevrons offrent un look plus discret et sophistiqu\u00e9. Qu&rsquo;il s&rsquo;agisse d&rsquo;un blazer \u00e9l\u00e9gant, d&rsquo;une robe chic ou d&rsquo;une paire de pantalons sur mesure, ces tissus promettent d&rsquo;ajouter un \u00e9l\u00e9ment frais et dynamique \u00e0 vos ensembles d&rsquo;automne et d&rsquo;hiver, en alliant style et fonctionnalit\u00e9.<\/p>\n\n\t\t<\/div> \n\t<\/div> <\/div><\/div><\/div><div class=\"wpb_column vc_column_container vc_span6\"><div class=\"vc_column-inner  \"><div class=\"wpb_wrapper\">\n\t<div class=\"wpb_text_column wpb_content_element  \" >\n\t\t<div class=\"wpb_wrapper\" id=\"ct_hdp3f8kyny09owqy5wvl\">\n\t\t\t<p><strong>Volume matelass\u00e9<\/strong><\/p>\n<p>Les tissus de la collection \u00ab\u00a0Volume rembourr\u00e9\u00a0\u00bb pr\u00e9sentent des teintes chaudes de marron, de vert et de rouille qui donnent de la profondeur et de la chaleur \u00e0 votre garde-robe. Id\u00e9al pour concevoir des \u00e9charpes et des vestes douillettes,<\/p>\n<p>Entrez dans le futur de la mode avec notre collection Padded Volume, o\u00f9 les tissus matelass\u00e9s sont r\u00e9imagin\u00e9s avec des motifs in\u00e9dits tels que des cercles et des bulles. Cette approche innovante de la texture et de la structure cr\u00e9e des v\u00eatements qui sont non seulement visuellement frappants, mais aussi exceptionnellement confortables et chauds. Id\u00e9ales pour les v\u00eatements d&rsquo;ext\u00e9rieur, ces mati\u00e8res ajoutent une touche unique et avant-gardiste aux vestes, manteaux et gilets. Les motifs ludiques et la construction matelass\u00e9e offrent un sentiment de protection et de confort, ce qui les rend parfaits pour braver le froid avec style. Cette collection permet de se d\u00e9marquer tout en gardant le confort comme priorit\u00e9.<\/p>\n<p><strong>Brillance glamour<\/strong><\/p>\n<p>Embrassez l&rsquo;attrait de la saison avec cette luxueuse collection festive, con\u00e7ue pour apporter une touche d&rsquo;\u00e9clat et de sophistication \u00e0 votre garde-robe. Avec des paillettes sur toute la surface, des tissus brod\u00e9s de fa\u00e7on complexe et des finitions m\u00e9talliques glamour, ces cr\u00e9ations sont parfaites pour les tenues de soir\u00e9e et les pi\u00e8ces d&rsquo;apparat. Imaginez des robes chatoyantes, des hauts \u00e9blouissants et des accessoires vibrants qui attirent la lumi\u00e8re et font tourner les t\u00eates o\u00f9 que vous alliez. Cette collection c\u00e9l\u00e8bre l&rsquo;esprit festif de l&rsquo;automne et de l&rsquo;hiver en proposant des tissus parfaits pour les occasions sp\u00e9ciales et les soir\u00e9es.<\/p>\n<p><strong>Tartan terreux<\/strong><\/p>\n<p>Capturez l&rsquo;essence de la saison avec notre collection Earthy Tartan, qui pr\u00e9sente des carreaux dans des tons riches et terreux. Ces tissus \u00e9voquent la beaut\u00e9 des paysages naturels en automne et en hiver, avec des teintes chaudes de bruns, de verts et de rouilles qui ajoutent une touche de couleur \u00e0 votre int\u00e9rieur.<\/p>\n\n\t\t<\/div> \n\t<\/div> <\/div><\/div><\/div><\/div><style type=\"text\/css\" >#ic_nf3ll3333ufy5pg4m3oc {margin:0px auto 0px; }#ic_nf3ll3333ufy5pg4m3oc .owl-prev,#ic_nf3ll3333ufy5pg4m3oc .owl-next{border-color:#ecf0f1; background:#ffffff; color:#4a4f55; }#ic_nf3ll3333ufy5pg4m3oc .owl-prev:hover,#ic_nf3ll3333ufy5pg4m3oc .owl-next:hover{background:#f9fafb; color:#000000; }#ic_nf3ll3333ufy5pg4m3oc .owl-prev:before,#ic_nf3ll3333ufy5pg4m3oc .owl-next:after{border-color:#4a4f55; }#ic_nf3ll3333ufy5pg4m3oc .owl-prev:hover::before,#ic_nf3ll3333ufy5pg4m3oc .owl-next:hover::after{border-color:#000000; }#ic_nf3ll3333ufy5pg4m3oc .owl-dot{ background:#ffffff; border-color:#ecf0f1; }#ic_nf3ll3333ufy5pg4m3oc .owl-dot.active{ background:#000000; border-color:#ecf0f1;}<\/style><script type=\"text\/javascript\" charset=\"utf-8\">\r\n\r\n\t\tjQuery.noConflict();\r\n\t\/\/setup up Carousel\r\n\t\tjQuery(document).ready(function($) {\r\n\t\"use strict\";\r\n\t$(window).load(function(){\r\n\t\t$(\"#ic_nf3ll3333ufy5pg4m3oc\").owlCarousel({\r\n\t\t\trtl: $(\"body\").hasClass(\"rtl\") ? true : false,\r\n\t\t\tresponsiveClass:true,\r\n\t\t\tcenter:true,\r\n\t\t\tloop:true,\r\n\t\t\tresponsive:{\r\n\t\t\t\t0:{\r\n\t\t\t\t\titems:1,\r\n\t\t\t    },\r\n\t\t\t    780:{\r\n\t\t\t        items:2,\r\n\t\t\t\t},\r\n\t\t\t\t1000:{\r\n\t\t\t\t    items:2,\r\n\t\t\t\t},\r\n\t\t\t},\r\n            scroll: 1,\r\n\t\t\tautoplay:false,\r\n\t   \t \t dots:false,\r\n\t\t\t nav:true,\r\n\t\r\n\t\t});\r\n\t});\r\n});\r\n\r\n<\/script><div class=\"tt_testimonials_ctn rd_ic_center  hover_nav_style \" id=\"ic_nf3ll3333ufy5pg4m3oc\" style=\"margin-top:0px; margin-bottom:0px;\"><a href=\"https:\/\/imsatextil.com\/wp-content\/uploads\/2024\/09\/01-05-1.jpg\"  rel=\"prettyPhoto[rel-nf3ll3333ufy5pg4m3oc]\" ><img loading=\"lazy\" decoding=\"async\" width=\"964\" height=\"595\" src=\"https:\/\/imsatextil.com\/wp-content\/uploads\/2024\/09\/01-05-1.jpg\" class=\"attachment-full\" alt=\"\" srcset=\"https:\/\/imsatextil.com\/wp-content\/uploads\/2024\/09\/01-05-1.jpg 964w, https:\/\/imsatextil.com\/wp-content\/uploads\/2024\/09\/01-05-1-300x185.jpg 300w, https:\/\/imsatextil.com\/wp-content\/uploads\/2024\/09\/01-05-1-768x474.jpg 768w\" sizes=\"auto, (max-width: 964px) 100vw, 964px\" \/><\/a><a href=\"https:\/\/imsatextil.com\/wp-content\/uploads\/2024\/09\/01-04-1.jpg\"  rel=\"prettyPhoto[rel-nf3ll3333ufy5pg4m3oc]\" ><img loading=\"lazy\" decoding=\"async\" width=\"964\" height=\"595\" src=\"https:\/\/imsatextil.com\/wp-content\/uploads\/2024\/09\/01-04-1.jpg\" class=\"attachment-full\" alt=\"\" srcset=\"https:\/\/imsatextil.com\/wp-content\/uploads\/2024\/09\/01-04-1.jpg 964w, https:\/\/imsatextil.com\/wp-content\/uploads\/2024\/09\/01-04-1-300x185.jpg 300w, https:\/\/imsatextil.com\/wp-content\/uploads\/2024\/09\/01-04-1-768x474.jpg 768w\" sizes=\"auto, (max-width: 964px) 100vw, 964px\" \/><\/a><a href=\"https:\/\/imsatextil.com\/wp-content\/uploads\/2024\/09\/01-03-1.jpg\"  rel=\"prettyPhoto[rel-nf3ll3333ufy5pg4m3oc]\" ><img loading=\"lazy\" decoding=\"async\" width=\"964\" height=\"595\" src=\"https:\/\/imsatextil.com\/wp-content\/uploads\/2024\/09\/01-03-1.jpg\" class=\"attachment-full\" alt=\"\" srcset=\"https:\/\/imsatextil.com\/wp-content\/uploads\/2024\/09\/01-03-1.jpg 964w, https:\/\/imsatextil.com\/wp-content\/uploads\/2024\/09\/01-03-1-300x185.jpg 300w, https:\/\/imsatextil.com\/wp-content\/uploads\/2024\/09\/01-03-1-768x474.jpg 768w\" sizes=\"auto, (max-width: 964px) 100vw, 964px\" \/><\/a><a href=\"https:\/\/imsatextil.com\/wp-content\/uploads\/2024\/09\/01-02-1.jpg\"  rel=\"prettyPhoto[rel-nf3ll3333ufy5pg4m3oc]\" ><img loading=\"lazy\" decoding=\"async\" width=\"964\" height=\"595\" src=\"https:\/\/imsatextil.com\/wp-content\/uploads\/2024\/09\/01-02-1.jpg\" class=\"attachment-full\" alt=\"\" srcset=\"https:\/\/imsatextil.com\/wp-content\/uploads\/2024\/09\/01-02-1.jpg 964w, https:\/\/imsatextil.com\/wp-content\/uploads\/2024\/09\/01-02-1-300x185.jpg 300w, https:\/\/imsatextil.com\/wp-content\/uploads\/2024\/09\/01-02-1-768x474.jpg 768w\" sizes=\"auto, (max-width: 964px) 100vw, 964px\" \/><\/a><a href=\"https:\/\/imsatextil.com\/wp-content\/uploads\/2024\/09\/01-01-1.jpg\"  rel=\"prettyPhoto[rel-nf3ll3333ufy5pg4m3oc]\" ><img loading=\"lazy\" decoding=\"async\" width=\"964\" height=\"595\" src=\"https:\/\/imsatextil.com\/wp-content\/uploads\/2024\/09\/01-01-1.jpg\" class=\"attachment-full\" alt=\"\" srcset=\"https:\/\/imsatextil.com\/wp-content\/uploads\/2024\/09\/01-01-1.jpg 964w, https:\/\/imsatextil.com\/wp-content\/uploads\/2024\/09\/01-01-1-300x185.jpg 300w, https:\/\/imsatextil.com\/wp-content\/uploads\/2024\/09\/01-01-1-768x474.jpg 768w\" sizes=\"auto, (max-width: 964px) 100vw, 964px\" \/><\/a><\/div>\n\t\t<\/div> <\/div>\n\t<\/div> \n<\/div>\n","protected":false},"excerpt":{"rendered":"<p>AUTOMNE \/ HIVER 2025 Tweed doux Notre collection Soft Tweed marie harmonieusement l&rsquo;\u00e9l\u00e9gance du tweed traditionnel et l&rsquo;effet adoucissant des fils de chenille, offrant une exp\u00e9rience tactile \u00e0 la fois douillette et sophistiqu\u00e9e. Parfaits pour l&rsquo;automne et l&rsquo;hiver, ces tissus conf\u00e8rent un charme intemporel \u00e0 toute garde-robe. Imaginez des vestes, des jupes et des v\u00eatements<br \/><a href=\"https:\/\/imsatextil.com\/fr\/colecciones\/coleccion-o-i-25\/\" class=\"more\">Read more<\/a><\/p>\n","protected":false},"author":1,"featured_media":0,"parent":307,"menu_order":0,"comment_status":"closed","ping_status":"closed","template":"","meta":{"footnotes":""},"class_list":["post-10707","page","type-page","status-publish","hentry"],"_links":{"self":[{"href":"https:\/\/imsatextil.com\/fr\/wp-json\/wp\/v2\/pages\/10707","targetHints":{"allow":["GET"]}}],"collection":[{"href":"https:\/\/imsatextil.com\/fr\/wp-json\/wp\/v2\/pages"}],"about":[{"href":"https:\/\/imsatextil.com\/fr\/wp-json\/wp\/v2\/types\/page"}],"author":[{"embeddable":true,"href":"https:\/\/imsatextil.com\/fr\/wp-json\/wp\/v2\/users\/1"}],"replies":[{"embeddable":true,"href":"https:\/\/imsatextil.com\/fr\/wp-json\/wp\/v2\/comments?post=10707"}],"version-history":[{"count":2,"href":"https:\/\/imsatextil.com\/fr\/wp-json\/wp\/v2\/pages\/10707\/revisions"}],"predecessor-version":[{"id":10714,"href":"https:\/\/imsatextil.com\/fr\/wp-json\/wp\/v2\/pages\/10707\/revisions\/10714"}],"up":[{"embeddable":true,"href":"https:\/\/imsatextil.com\/fr\/wp-json\/wp\/v2\/pages\/307"}],"wp:attachment":[{"href":"https:\/\/imsatextil.com\/fr\/wp-json\/wp\/v2\/media?parent=10707"}],"curies":[{"name":"wp","href":"https:\/\/api.w.org\/{rel}","templated":true}]}}