{"id":10863,"date":"2025-01-21T22:40:00","date_gmt":"2025-01-21T22:40:00","guid":{"rendered":"https:\/\/imsatextil.com\/colecciones\/coleccion-p-v-26\/"},"modified":"2025-01-21T23:07:54","modified_gmt":"2025-01-21T23:07:54","slug":"coleccion-p-v-26","status":"publish","type":"page","link":"https:\/\/imsatextil.com\/fr\/colecciones\/coleccion-p-v-26\/","title":{"rendered":"Collection P\/E 26"},"content":{"rendered":"<div  id='first-row'  class=\"vc_row wpb_row vc_row-fluid full-width-content \">\n\t<div class=\"vc_span12 wpb_column vc_column_container \"><div class=\"vc_column-inner \">\n\t\t<div class=\"wpb_wrapper\">\n\t\t\t\r\n\t<div class=\"wpb_single_image wpb_content_element vc_align_center\">\r\n\t\t<div class=\"wpb_wrapper\">\r\n\t\t\t\r\n\t\t\t<div class=\"vc_single_image-wrapper   vc_box_border_grey\"><img loading=\"lazy\" decoding=\"async\" width=\"1920\" height=\"257\" src=\"https:\/\/imsatextil.com\/wp-content\/uploads\/2025\/01\/header_primavera_verano2023.jpg\" class=\"vc_single_image-img attachment-full\" alt=\"\" srcset=\"https:\/\/imsatextil.com\/wp-content\/uploads\/2025\/01\/header_primavera_verano2023.jpg 1920w, https:\/\/imsatextil.com\/wp-content\/uploads\/2025\/01\/header_primavera_verano2023-300x40.jpg 300w, https:\/\/imsatextil.com\/wp-content\/uploads\/2025\/01\/header_primavera_verano2023-1024x137.jpg 1024w, https:\/\/imsatextil.com\/wp-content\/uploads\/2025\/01\/header_primavera_verano2023-768x103.jpg 768w, https:\/\/imsatextil.com\/wp-content\/uploads\/2025\/01\/header_primavera_verano2023-1536x206.jpg 1536w\" sizes=\"auto, (max-width: 1920px) 100vw, 1920px\" \/><\/div>\r\n\t\t<\/div>\r\n\t<\/div>\r\n\n\t\t<\/div> <\/div>\n\t<\/div> \n<\/div><div   class=\"vc_row wpb_row vc_row-fluid  \">\n\t<div class=\"vc_span12 wpb_column vc_column_container \"><div class=\"vc_column-inner \">\n\t\t<div class=\"wpb_wrapper\">\n\t\t\t<h2 style=\"text-align: left\" class=\"vc_custom_heading\" >COLLECTION PRINTEMPS \u00c9T\u00c9 '26<\/h2>\r\n\t<div class=\"wpb_single_image wpb_content_element vc_align_left\">\r\n\t\t<div class=\"wpb_wrapper\">\r\n\t\t\t\r\n\t\t\t<div class=\"vc_single_image-wrapper   vc_box_border_grey\"><img loading=\"lazy\" decoding=\"async\" width=\"181\" height=\"7\" src=\"https:\/\/imsatextil.com\/wp-content\/uploads\/2017\/11\/separator_black.png\" class=\"vc_single_image-img attachment-full\" alt=\"\" \/><\/div>\r\n\t\t<\/div>\r\n\t<\/div>\r\n<div class=\"vc_row wpb_row vc_inner vc_row-fluid\"><div class=\"wpb_column vc_column_container vc_span6\"><div class=\"vc_column-inner  \"><div class=\"wpb_wrapper\">\n\t<div class=\"wpb_text_column wpb_content_element  \" >\n\t\t<div class=\"wpb_wrapper\" id=\"ct_sf4s5o98uahevccv5eec\">\n\t\t\t<p>La collection <strong>INDIGO<\/strong> capture l&rsquo;essence de la sophistication d\u00e9contract\u00e9e avec une riche palette de tissus denim et de teintes bleues expressives. Parfaites pour la saison SS26, nos \u00e9toffes compliqu\u00e9es ainsi que les broderies, les imprim\u00e9s et les motifs en maille dans diff\u00e9rentes nuances de bleu ajoutent de la profondeur et de l&rsquo;art, tandis que les fonds tonaux cr\u00e9ent une toile pour un style sans effort. Notre collection INDIGO donne le ton d&rsquo;une saison d\u00e9finie par une \u00e9l\u00e9gance fra\u00eeche et d\u00e9contract\u00e9e et le charme durable des tons bleus.<\/p>\n<p>La collection <strong>STRIPES<\/strong> apporte une \u00e9nergie ludique et d\u00e9contract\u00e9e \u00e0 l&rsquo;\u00e9t\u00e9 avec son \u00e9ventail vibrant de tons contrast\u00e9s. Des bandes larges et audacieuses aux lignes fines et d\u00e9licates, en passant par les motifs textur\u00e9s, cette collection offre une polyvalence infinie. Parfaits pour les journ\u00e9es ensoleill\u00e9es et les soir\u00e9es chaudes, ces tissus donnent du caract\u00e8re et du charme \u00e0 n&rsquo;importe quel v\u00eatement.<\/p>\n<p>La collection<strong> NATURAL<\/strong> c\u00e9l\u00e8bre la beaut\u00e9 de la simplicit\u00e9 organique avec des tissus fabriqu\u00e9s \u00e0 partir de mat\u00e9riaux naturels et des teintes inspir\u00e9es de la terre. Les textures douces et les finitions brutes apportent une touche d&rsquo;authenticit\u00e9, tandis que les m\u00e9langes innovants de fibres naturelles ajoutent de la profondeur et de la polyvalence. Des lins l\u00e9gers aux cotons doux et aux tissages textur\u00e9s, cette collection est parfaite pour cr\u00e9er des mod\u00e8les intemporels et sans effort. Qu&rsquo;il s&rsquo;agisse de v\u00eatements d\u00e9contract\u00e9s ou de v\u00eatements de base \u00e9l\u00e9gants, Natural incarne une \u00e9l\u00e9gance discr\u00e8te qui est belle et agr\u00e9able \u00e0 porter, ce qui en fait un choix id\u00e9al pour une saison ancr\u00e9e dans l&rsquo;authenticit\u00e9 et la durabilit\u00e9.<\/p>\n\n\t\t<\/div> \n\t<\/div> <\/div><\/div><\/div><div class=\"wpb_column vc_column_container vc_span6\"><div class=\"vc_column-inner  \"><div class=\"wpb_wrapper\">\n\t<div class=\"wpb_text_column wpb_content_element  \" >\n\t\t<div class=\"wpb_wrapper\" id=\"ct_skm87zg7vyq58iactn2z\">\n\t\t\t<p>La collection <strong>FLORALS<\/strong> c\u00e9l\u00e8bre l&rsquo;\u00e9clat de la collection SS26 avec une gamme luxuriante de tissus con\u00e7us pour donner vie \u00e0 la beaut\u00e9 de la nature. Ce th\u00e8me comprend des broderies d\u00e9licates, des imprim\u00e9s complexes, du tulle a\u00e9rien et des appliqu\u00e9s floraux 3D enchanteurs. Parfaits pour les robes romantiques, les jupes fluides et les chemisiers \u00e9th\u00e9r\u00e9s, ces tissus \u00e9voquent l&rsquo;esprit florissant de la saison. Les fleurs en 3D ajoutent une touche ludique et couture, ce qui rend cette collection id\u00e9ale pour cr\u00e9er des pi\u00e8ces d&rsquo;apparat qui respirent l&rsquo;\u00e9l\u00e9gance et la joie. Que ce soit pour les garden parties ou les soir\u00e9es d&rsquo;\u00e9t\u00e9, Florals est une c\u00e9l\u00e9bration de la f\u00e9minit\u00e9 et du charme de la nature.<\/p>\n<p>Ajoutez une touche ludique \u00e0 votre garde-robe estivale avec notre collection <strong>DOTTY<\/strong>, une exploration joyeuse des pois et des textures \u00e0 pois. Des imprim\u00e9s \u00e0 pois classiques en noir et blanc aux motifs brod\u00e9s fantaisistes et aux effets pointill\u00e9s innovants, cette collection est synonyme de polyvalence et d&rsquo;amusement. Ces tissus sont parfaits pour confectionner des robes d&rsquo;inspiration r\u00e9tro, des chemisiers chics ou m\u00eame des v\u00eatements sur mesure modernes. Les tissus d&rsquo;\u00e9t\u00e9 sont parsem\u00e9s de points de toutes tailles et de toutes formes, offrant des possibilit\u00e9s infinies d&rsquo;expression cr\u00e9ative.<\/p>\n<p>Cet \u00e9t\u00e9, le glamour est \u00e0 son comble avec notre collection <strong>SHINE<\/strong>, une s\u00e9lection \u00e9blouissante de couleurs m\u00e9tallis\u00e9es, de tissus textur\u00e9s, de paillettes et de jacquards. Con\u00e7u pour celles qui aiment se d\u00e9marquer, ce th\u00e8me est parfait pour les tenues de soir\u00e9e et les accessoires glamour. Les tissus r\u00e9fl\u00e9chissants dans les tons or, argent et rose capturent magnifiquement la lumi\u00e8re du soleil, tandis que les jacquards textur\u00e9s ajoutent de la dimension et de la sophistication. Les paillettes cr\u00e9ent un effet chatoyant id\u00e9al pour les robes de soir\u00e9e et les hauts, afin que tous les regards se tournent vers vous. Qu&rsquo;il s&rsquo;agisse d&rsquo;une combinaison m\u00e9tallique audacieuse ou d&rsquo;une robe \u00e9l\u00e9gante aux reflets subtils, la collection Shine apporte une \u00e9nergie lumineuse \u00e0 votre style estival.<\/p>\n\n\t\t<\/div> \n\t<\/div> <\/div><\/div><\/div><\/div><style type=\"text\/css\" >#ic_cgvv9jl74zl2legaq10q {margin:0px auto 0px; }#ic_cgvv9jl74zl2legaq10q .owl-prev,#ic_cgvv9jl74zl2legaq10q .owl-next{border-color:#ecf0f1; background:#ffffff; color:#4a4f55; }#ic_cgvv9jl74zl2legaq10q .owl-prev:hover,#ic_cgvv9jl74zl2legaq10q .owl-next:hover{background:#f9fafb; color:#000000; }#ic_cgvv9jl74zl2legaq10q .owl-prev:before,#ic_cgvv9jl74zl2legaq10q .owl-next:after{border-color:#4a4f55; }#ic_cgvv9jl74zl2legaq10q .owl-prev:hover::before,#ic_cgvv9jl74zl2legaq10q .owl-next:hover::after{border-color:#000000; }#ic_cgvv9jl74zl2legaq10q .owl-dot{ background:#ffffff; border-color:#ecf0f1; }#ic_cgvv9jl74zl2legaq10q .owl-dot.active{ background:#000000; border-color:#ecf0f1;}<\/style><script type=\"text\/javascript\" charset=\"utf-8\">\r\n\r\n\t\tjQuery.noConflict();\r\n\t\/\/setup up Carousel\r\n\t\tjQuery(document).ready(function($) {\r\n\t\"use strict\";\r\n\t$(window).load(function(){\r\n\t\t$(\"#ic_cgvv9jl74zl2legaq10q\").owlCarousel({\r\n\t\t\trtl: $(\"body\").hasClass(\"rtl\") ? true : false,\r\n\t\t\tresponsiveClass:true,\r\n\t\t\tcenter:true,\r\n\t\t\tloop:true,\r\n\t\t\tresponsive:{\r\n\t\t\t\t0:{\r\n\t\t\t\t\titems:1,\r\n\t\t\t    },\r\n\t\t\t    780:{\r\n\t\t\t        items:2,\r\n\t\t\t\t},\r\n\t\t\t\t1000:{\r\n\t\t\t\t    items:2,\r\n\t\t\t\t},\r\n\t\t\t},\r\n            scroll: 1,\r\n\t\t\tautoplay:false,\r\n\t   \t \t dots:false,\r\n\t\t\t nav:true,\r\n\t\r\n\t\t});\r\n\t});\r\n});\r\n\r\n<\/script><div class=\"tt_testimonials_ctn rd_ic_center  hover_nav_style \" id=\"ic_cgvv9jl74zl2legaq10q\" style=\"margin-top:0px; margin-bottom:0px;\"><a href=\"https:\/\/imsatextil.com\/wp-content\/uploads\/2025\/01\/Murtra-Moods-SS26-LR_7-1-1024x724.jpg\"  rel=\"prettyPhoto[rel-cgvv9jl74zl2legaq10q]\" ><img loading=\"lazy\" decoding=\"async\" width=\"1190\" height=\"841\" src=\"https:\/\/imsatextil.com\/wp-content\/uploads\/2025\/01\/Murtra-Moods-SS26-LR_7-1.jpg\" class=\"attachment-full\" alt=\"\" srcset=\"https:\/\/imsatextil.com\/wp-content\/uploads\/2025\/01\/Murtra-Moods-SS26-LR_7-1.jpg 1190w, https:\/\/imsatextil.com\/wp-content\/uploads\/2025\/01\/Murtra-Moods-SS26-LR_7-1-300x212.jpg 300w, https:\/\/imsatextil.com\/wp-content\/uploads\/2025\/01\/Murtra-Moods-SS26-LR_7-1-1024x724.jpg 1024w, https:\/\/imsatextil.com\/wp-content\/uploads\/2025\/01\/Murtra-Moods-SS26-LR_7-1-768x543.jpg 768w\" sizes=\"auto, (max-width: 1190px) 100vw, 1190px\" \/><\/a><a href=\"https:\/\/imsatextil.com\/wp-content\/uploads\/2025\/01\/Murtra-Moods-SS26-LR_6-1-1024x724.jpg\"  rel=\"prettyPhoto[rel-cgvv9jl74zl2legaq10q]\" ><img loading=\"lazy\" decoding=\"async\" width=\"1190\" height=\"841\" src=\"https:\/\/imsatextil.com\/wp-content\/uploads\/2025\/01\/Murtra-Moods-SS26-LR_6-1.jpg\" class=\"attachment-full\" alt=\"\" srcset=\"https:\/\/imsatextil.com\/wp-content\/uploads\/2025\/01\/Murtra-Moods-SS26-LR_6-1.jpg 1190w, https:\/\/imsatextil.com\/wp-content\/uploads\/2025\/01\/Murtra-Moods-SS26-LR_6-1-300x212.jpg 300w, https:\/\/imsatextil.com\/wp-content\/uploads\/2025\/01\/Murtra-Moods-SS26-LR_6-1-1024x724.jpg 1024w, https:\/\/imsatextil.com\/wp-content\/uploads\/2025\/01\/Murtra-Moods-SS26-LR_6-1-768x543.jpg 768w\" sizes=\"auto, (max-width: 1190px) 100vw, 1190px\" \/><\/a><a href=\"https:\/\/imsatextil.com\/wp-content\/uploads\/2025\/01\/Murtra-Moods-SS26-LR_4-1-1024x724.jpg\"  rel=\"prettyPhoto[rel-cgvv9jl74zl2legaq10q]\" ><img loading=\"lazy\" decoding=\"async\" width=\"1190\" height=\"841\" src=\"https:\/\/imsatextil.com\/wp-content\/uploads\/2025\/01\/Murtra-Moods-SS26-LR_4-1.jpg\" class=\"attachment-full\" alt=\"\" srcset=\"https:\/\/imsatextil.com\/wp-content\/uploads\/2025\/01\/Murtra-Moods-SS26-LR_4-1.jpg 1190w, https:\/\/imsatextil.com\/wp-content\/uploads\/2025\/01\/Murtra-Moods-SS26-LR_4-1-300x212.jpg 300w, https:\/\/imsatextil.com\/wp-content\/uploads\/2025\/01\/Murtra-Moods-SS26-LR_4-1-1024x724.jpg 1024w, https:\/\/imsatextil.com\/wp-content\/uploads\/2025\/01\/Murtra-Moods-SS26-LR_4-1-768x543.jpg 768w\" sizes=\"auto, (max-width: 1190px) 100vw, 1190px\" \/><\/a><a href=\"https:\/\/imsatextil.com\/wp-content\/uploads\/2025\/01\/Murtra-Moods-SS26-LR_3-1-1024x724.jpg\"  rel=\"prettyPhoto[rel-cgvv9jl74zl2legaq10q]\" ><img loading=\"lazy\" decoding=\"async\" width=\"1190\" height=\"841\" src=\"https:\/\/imsatextil.com\/wp-content\/uploads\/2025\/01\/Murtra-Moods-SS26-LR_3-1.jpg\" class=\"attachment-full\" alt=\"\" srcset=\"https:\/\/imsatextil.com\/wp-content\/uploads\/2025\/01\/Murtra-Moods-SS26-LR_3-1.jpg 1190w, https:\/\/imsatextil.com\/wp-content\/uploads\/2025\/01\/Murtra-Moods-SS26-LR_3-1-300x212.jpg 300w, https:\/\/imsatextil.com\/wp-content\/uploads\/2025\/01\/Murtra-Moods-SS26-LR_3-1-1024x724.jpg 1024w, https:\/\/imsatextil.com\/wp-content\/uploads\/2025\/01\/Murtra-Moods-SS26-LR_3-1-768x543.jpg 768w\" sizes=\"auto, (max-width: 1190px) 100vw, 1190px\" \/><\/a><a href=\"https:\/\/imsatextil.com\/wp-content\/uploads\/2025\/01\/Murtra-Moods-SS26-LR_2-1-1024x724.jpg\"  rel=\"prettyPhoto[rel-cgvv9jl74zl2legaq10q]\" ><img loading=\"lazy\" decoding=\"async\" width=\"1190\" height=\"841\" src=\"https:\/\/imsatextil.com\/wp-content\/uploads\/2025\/01\/Murtra-Moods-SS26-LR_2-1.jpg\" class=\"attachment-full\" alt=\"\" srcset=\"https:\/\/imsatextil.com\/wp-content\/uploads\/2025\/01\/Murtra-Moods-SS26-LR_2-1.jpg 1190w, https:\/\/imsatextil.com\/wp-content\/uploads\/2025\/01\/Murtra-Moods-SS26-LR_2-1-300x212.jpg 300w, https:\/\/imsatextil.com\/wp-content\/uploads\/2025\/01\/Murtra-Moods-SS26-LR_2-1-1024x724.jpg 1024w, https:\/\/imsatextil.com\/wp-content\/uploads\/2025\/01\/Murtra-Moods-SS26-LR_2-1-768x543.jpg 768w\" sizes=\"auto, (max-width: 1190px) 100vw, 1190px\" \/><\/a><a href=\"https:\/\/imsatextil.com\/wp-content\/uploads\/2025\/01\/Murtra-Moods-SS26-LR_1-1-1024x724.jpg\"  rel=\"prettyPhoto[rel-cgvv9jl74zl2legaq10q]\" ><img loading=\"lazy\" decoding=\"async\" width=\"1190\" height=\"841\" src=\"https:\/\/imsatextil.com\/wp-content\/uploads\/2025\/01\/Murtra-Moods-SS26-LR_1-1.jpg\" class=\"attachment-full\" alt=\"\" srcset=\"https:\/\/imsatextil.com\/wp-content\/uploads\/2025\/01\/Murtra-Moods-SS26-LR_1-1.jpg 1190w, https:\/\/imsatextil.com\/wp-content\/uploads\/2025\/01\/Murtra-Moods-SS26-LR_1-1-300x212.jpg 300w, https:\/\/imsatextil.com\/wp-content\/uploads\/2025\/01\/Murtra-Moods-SS26-LR_1-1-1024x724.jpg 1024w, https:\/\/imsatextil.com\/wp-content\/uploads\/2025\/01\/Murtra-Moods-SS26-LR_1-1-768x543.jpg 768w\" sizes=\"auto, (max-width: 1190px) 100vw, 1190px\" \/><\/a><a href=\"https:\/\/imsatextil.com\/wp-content\/uploads\/2025\/01\/Murtra-Moods-SS26-LR_5-1-1024x724.jpg\"  rel=\"prettyPhoto[rel-cgvv9jl74zl2legaq10q]\" ><img loading=\"lazy\" decoding=\"async\" width=\"1190\" height=\"841\" src=\"https:\/\/imsatextil.com\/wp-content\/uploads\/2025\/01\/Murtra-Moods-SS26-LR_5-1.jpg\" class=\"attachment-full\" alt=\"\" srcset=\"https:\/\/imsatextil.com\/wp-content\/uploads\/2025\/01\/Murtra-Moods-SS26-LR_5-1.jpg 1190w, https:\/\/imsatextil.com\/wp-content\/uploads\/2025\/01\/Murtra-Moods-SS26-LR_5-1-300x212.jpg 300w, https:\/\/imsatextil.com\/wp-content\/uploads\/2025\/01\/Murtra-Moods-SS26-LR_5-1-1024x724.jpg 1024w, https:\/\/imsatextil.com\/wp-content\/uploads\/2025\/01\/Murtra-Moods-SS26-LR_5-1-768x543.jpg 768w\" sizes=\"auto, (max-width: 1190px) 100vw, 1190px\" \/><\/a><\/div>\n\t\t<\/div> <\/div>\n\t<\/div> \n<\/div>\n","protected":false},"excerpt":{"rendered":"<p>COLLECTION PRINTEMPS \u00c9T\u00c9 &rsquo;26 La collection INDIGO capture l&rsquo;essence de la sophistication d\u00e9contract\u00e9e avec une riche palette de tissus denim et de teintes bleues expressives. Parfaites pour la saison SS26, nos \u00e9toffes compliqu\u00e9es ainsi que les broderies, les imprim\u00e9s et les motifs en maille dans diff\u00e9rentes nuances de bleu ajoutent de la profondeur et de<br \/><a href=\"https:\/\/imsatextil.com\/fr\/colecciones\/coleccion-p-v-26\/\" class=\"more\">Read more<\/a><\/p>\n","protected":false},"author":1,"featured_media":0,"parent":307,"menu_order":0,"comment_status":"closed","ping_status":"closed","template":"","meta":{"footnotes":""},"class_list":["post-10863","page","type-page","status-publish","hentry"],"_links":{"self":[{"href":"https:\/\/imsatextil.com\/fr\/wp-json\/wp\/v2\/pages\/10863","targetHints":{"allow":["GET"]}}],"collection":[{"href":"https:\/\/imsatextil.com\/fr\/wp-json\/wp\/v2\/pages"}],"about":[{"href":"https:\/\/imsatextil.com\/fr\/wp-json\/wp\/v2\/types\/page"}],"author":[{"embeddable":true,"href":"https:\/\/imsatextil.com\/fr\/wp-json\/wp\/v2\/users\/1"}],"replies":[{"embeddable":true,"href":"https:\/\/imsatextil.com\/fr\/wp-json\/wp\/v2\/comments?post=10863"}],"version-history":[{"count":3,"href":"https:\/\/imsatextil.com\/fr\/wp-json\/wp\/v2\/pages\/10863\/revisions"}],"predecessor-version":[{"id":10868,"href":"https:\/\/imsatextil.com\/fr\/wp-json\/wp\/v2\/pages\/10863\/revisions\/10868"}],"up":[{"embeddable":true,"href":"https:\/\/imsatextil.com\/fr\/wp-json\/wp\/v2\/pages\/307"}],"wp:attachment":[{"href":"https:\/\/imsatextil.com\/fr\/wp-json\/wp\/v2\/media?parent=10863"}],"curies":[{"name":"wp","href":"https:\/\/api.w.org\/{rel}","templated":true}]}}