{"id":11147,"date":"2025-09-05T12:11:20","date_gmt":"2025-09-05T12:11:20","guid":{"rendered":"https:\/\/imsatextil.com\/colecciones\/coleccion-o-i-26\/"},"modified":"2025-09-08T07:41:46","modified_gmt":"2025-09-08T07:41:46","slug":"coleccion-o-i-26","status":"publish","type":"page","link":"https:\/\/imsatextil.com\/fr\/colecciones\/coleccion-o-i-26\/","title":{"rendered":"Colecci\u00f3n A\/H 26"},"content":{"rendered":"<div  id='first-row'  class=\"vc_row wpb_row vc_row-fluid full-width-content \">\n\t<div class=\"vc_span12 wpb_column vc_column_container \"><div class=\"vc_column-inner \">\n\t\t<div class=\"wpb_wrapper\">\n\t\t\t\r\n\t<div class=\"wpb_single_image wpb_content_element vc_align_center\">\r\n\t\t<div class=\"wpb_wrapper\">\r\n\t\t\t\r\n\t\t\t<div class=\"vc_single_image-wrapper   vc_box_border_grey\"><img loading=\"lazy\" decoding=\"async\" width=\"1920\" height=\"257\" src=\"https:\/\/imsatextil.com\/wp-content\/uploads\/2025\/09\/header_otono_invierno_2026.jpg\" class=\"vc_single_image-img attachment-full\" alt=\"\" srcset=\"https:\/\/imsatextil.com\/wp-content\/uploads\/2025\/09\/header_otono_invierno_2026.jpg 1920w, https:\/\/imsatextil.com\/wp-content\/uploads\/2025\/09\/header_otono_invierno_2026-300x40.jpg 300w, https:\/\/imsatextil.com\/wp-content\/uploads\/2025\/09\/header_otono_invierno_2026-1024x137.jpg 1024w, https:\/\/imsatextil.com\/wp-content\/uploads\/2025\/09\/header_otono_invierno_2026-768x103.jpg 768w, https:\/\/imsatextil.com\/wp-content\/uploads\/2025\/09\/header_otono_invierno_2026-1536x206.jpg 1536w\" sizes=\"auto, (max-width: 1920px) 100vw, 1920px\" \/><\/div>\r\n\t\t<\/div>\r\n\t<\/div>\r\n\n\t\t<\/div> <\/div>\n\t<\/div> \n<\/div><div   class=\"vc_row wpb_row vc_row-fluid  \">\n\t<div class=\"vc_span12 wpb_column vc_column_container \"><div class=\"vc_column-inner \">\n\t\t<div class=\"wpb_wrapper\">\n\t\t\t<h2 style=\"text-align: left\" class=\"vc_custom_heading\" >AUTUMN \/ HIVER 2026<\/h2>\r\n\t<div class=\"wpb_single_image wpb_content_element vc_align_left\">\r\n\t\t<div class=\"wpb_wrapper\">\r\n\t\t\t\r\n\t\t\t<div class=\"vc_single_image-wrapper   vc_box_border_grey\"><img loading=\"lazy\" decoding=\"async\" width=\"181\" height=\"7\" src=\"https:\/\/imsatextil.com\/wp-content\/uploads\/2017\/11\/separator_black.png\" class=\"vc_single_image-img attachment-full\" alt=\"\" \/><\/div>\r\n\t\t<\/div>\r\n\t<\/div>\r\n<div class=\"vc_row wpb_row vc_inner vc_row-fluid\"><div class=\"wpb_column vc_column_container vc_span6\"><div class=\"vc_column-inner  \"><div class=\"wpb_wrapper\">\n\t<div class=\"wpb_text_column wpb_content_element  \" >\n\t\t<div class=\"wpb_wrapper\" id=\"ct_y3hxo23mltd5n4lmk1sq\">\n\t\t\t<p><strong>Volume Matelass\u00e9<\/strong><\/p>\n<p>Audacieux, architectural et irr\u00e9sistiblement douillet \u2014 le th\u00e8me Volume Matelass\u00e9 red\u00e9finit les v\u00eatements d\u2019hiver \u00e0 travers des silhouettes sculpturales et une innovation matelass\u00e9e. Cette collection met en valeur des tissus rembourr\u00e9s con\u00e7us avec des formes exag\u00e9r\u00e9es, des motifs g\u00e9om\u00e9triques et des textures tactiles, offrant \u00e0 la fois protection et design affirm\u00e9. Pense \u00e0 des matelassages inspir\u00e9s des bulles, des motifs gonfl\u00e9s modernes et des formes enveloppantes qui allient fonctionnalit\u00e9 et haute couture. Qu\u2019il s\u2019agisse de manteaux volumineux, de gilets \u00e9pur\u00e9s ou d\u2019accessoires exp\u00e9rimentaux, ces tissus incarnent un sentiment d\u2019abri, de confort et une touche futuriste \u2014 id\u00e9als pour affronter le froid avec confiance et cr\u00e9ativit\u00e9.<\/p>\n<p><strong>Motifs Noir &amp; Blanc<\/strong><\/p>\n<p>L\u2019\u00e9l\u00e9gance monochrome est \u00e0 l\u2019honneur avec Motifs Noir &amp; Blanc, un th\u00e8me intemporel ancr\u00e9 dans les tissages traditionnels et les contrastes marqu\u00e9s. Du pied-de-poule iconique \u00e0 la g\u00e9om\u00e9trie raffin\u00e9e du Prince de Galles en passant par la richesse du tweed classique, ces tissus rendent hommage \u00e0 la sophistication vestimentaire. Ils offrent une palette polyvalente pour des blazers structur\u00e9s, des tenues superpos\u00e9es et une couture moderne. Avec leur rythme visuel net et leur sophistication ind\u00e9niable, ces motifs apportent clart\u00e9 et ordre \u00e0 la mode hivernale \u2014 trouvant l\u2019\u00e9quilibre parfait entre h\u00e9ritage et style contemporain.<\/p>\n<p><strong>Pelleterie<\/strong><\/p>\n<p>Luxueux, sauvage et tactile, le th\u00e8me Pelleterie c\u00e9l\u00e8bre l\u2019attrait primitif des textures inspir\u00e9es des animaux \u2014 des fausses fourrures douces aux peaux emboss\u00e9es et aux finitions reptiliennes brillantes. Ces tissus d\u00e9gagent opulence et chaleur, \u00e9voquant les retraites hivernales et les rues enneig\u00e9es des villes. Des tons riches de brun, de gris et de caramel accentuent leur intensit\u00e9 naturelle, tandis que des techniques modernes et \u00e9coresponsables garantissent une indulgence sans compromis. Id\u00e9als pour les manteaux, les cols, les bordures et les pi\u00e8ces audacieuses, Pelleterie apporte une texture sensuelle et une profondeur au vestiaire hivernal, enveloppant celui qui les porte dans un luxe doux et affirm\u00e9.<\/p>\n\n\t\t<\/div> \n\t<\/div> <\/div><\/div><\/div><div class=\"wpb_column vc_column_container vc_span6\"><div class=\"vc_column-inner  \"><div class=\"wpb_wrapper\">\n\t<div class=\"wpb_text_column wpb_content_element  \" >\n\t\t<div class=\"wpb_wrapper\" id=\"ct_7ttq084jux5yufpz802z\">\n\t\t\t<p><strong>Floraux<\/strong><\/p>\n<p>Un contrepoint d\u00e9licat au froid, les Floraux d\u2019hiver offrent une beaut\u00e9 inattendue avec une touche plus sombre et myst\u00e9rieuse. Les fleurs de cette saison \u00e9mergent \u00e0 travers des motifs brod\u00e9s empreints de m\u00e9lancolie, des jacquards aux tons profonds et des appliqu\u00e9s de velours sur des fonds ombr\u00e9s. Les tissus sont superpos\u00e9s, textur\u00e9s et souvent tridimensionnels, avec des dentelles en surimpression, des floraux en ombre et des motifs d\u2019inspiration baroque qui \u00e9voquent une \u00e9l\u00e9gance d\u2019un autre temps. Parfaits pour les tenues de soir\u00e9e, les pi\u00e8ces romantiques ou m\u00eame les manteaux affirm\u00e9s, ces floraux hivernaux capturent un drame po\u00e9tique \u2014 une nature fig\u00e9e dans le temps, mais toujours en floraison.<\/p>\n<p><strong>Fascinant \/ Bedazzled<\/strong><\/p>\n<p>\u00c0 mesure que la lumi\u00e8re du jour d\u00e9cline, Bedazzled fait scintiller l\u2019hiver. Ce th\u00e8me c\u00e9l\u00e8bre le glamour et l\u2019\u00e9clat, avec des m\u00e9tallis\u00e9s percutants, des tissages infus\u00e9s de paillettes, des sequins, des feuilles brillantes et des jacquards \u00e9tincelants. Des argents glac\u00e9s et gris profonds aux ors patin\u00e9s et teintes de minuit, ces tissus sont con\u00e7us pour briller pendant les mois les plus froids. Qu\u2019ils soient utilis\u00e9s pour des looks festifs complets ou comme accents scintillants sur des couches douillettes, Bedazzled offre une brillance th\u00e9\u00e2trale. C\u2019est une c\u00e9l\u00e9bration des f\u00eates hivernales et de la beaut\u00e9 c\u00e9leste \u2014 o\u00f9 chaque v\u00eatement devient une \u00e9toile<\/p>\n\n\t\t<\/div> \n\t<\/div> <\/div><\/div><\/div><\/div><style type=\"text\/css\" >#ic_0mcicjynkhk4fqd1h24n {margin:0px auto 0px; }#ic_0mcicjynkhk4fqd1h24n .owl-prev,#ic_0mcicjynkhk4fqd1h24n .owl-next{border-color:#ecf0f1; background:#ffffff; color:#4a4f55; }#ic_0mcicjynkhk4fqd1h24n .owl-prev:hover,#ic_0mcicjynkhk4fqd1h24n .owl-next:hover{background:#f9fafb; color:#000000; }#ic_0mcicjynkhk4fqd1h24n .owl-prev:before,#ic_0mcicjynkhk4fqd1h24n .owl-next:after{border-color:#4a4f55; }#ic_0mcicjynkhk4fqd1h24n .owl-prev:hover::before,#ic_0mcicjynkhk4fqd1h24n .owl-next:hover::after{border-color:#000000; }#ic_0mcicjynkhk4fqd1h24n .owl-dot{ background:#ffffff; border-color:#ecf0f1; }#ic_0mcicjynkhk4fqd1h24n .owl-dot.active{ background:#000000; border-color:#ecf0f1;}<\/style><script type=\"text\/javascript\" charset=\"utf-8\">\r\n\r\n\t\tjQuery.noConflict();\r\n\t\/\/setup up Carousel\r\n\t\tjQuery(document).ready(function($) {\r\n\t\"use strict\";\r\n\t$(window).load(function(){\r\n\t\t$(\"#ic_0mcicjynkhk4fqd1h24n\").owlCarousel({\r\n\t\t\trtl: $(\"body\").hasClass(\"rtl\") ? true : false,\r\n\t\t\tresponsiveClass:true,\r\n\t\t\tcenter:true,\r\n\t\t\tloop:true,\r\n\t\t\tresponsive:{\r\n\t\t\t\t0:{\r\n\t\t\t\t\titems:1,\r\n\t\t\t    },\r\n\t\t\t    780:{\r\n\t\t\t        items:2,\r\n\t\t\t\t},\r\n\t\t\t\t1000:{\r\n\t\t\t\t    items:2,\r\n\t\t\t\t},\r\n\t\t\t},\r\n            scroll: 1,\r\n\t\t\tautoplay:false,\r\n\t   \t \t dots:false,\r\n\t\t\t nav:true,\r\n\t\r\n\t\t});\r\n\t});\r\n});\r\n\r\n<\/script><div class=\"tt_testimonials_ctn rd_ic_center  hover_nav_style \" id=\"ic_0mcicjynkhk4fqd1h24n\" style=\"margin-top:0px; margin-bottom:0px;\"><a href=\"https:\/\/imsatextil.com\/wp-content\/uploads\/2025\/09\/05_Murtra-Moods-FW26_LR_page-0005-1024x724.jpg\"  rel=\"prettyPhoto[rel-0mcicjynkhk4fqd1h24n]\" ><img loading=\"lazy\" decoding=\"async\" width=\"1400\" height=\"990\" src=\"https:\/\/imsatextil.com\/wp-content\/uploads\/2025\/09\/05_Murtra-Moods-FW26_LR_page-0005.jpg\" class=\"attachment-full\" alt=\"\" srcset=\"https:\/\/imsatextil.com\/wp-content\/uploads\/2025\/09\/05_Murtra-Moods-FW26_LR_page-0005.jpg 1400w, https:\/\/imsatextil.com\/wp-content\/uploads\/2025\/09\/05_Murtra-Moods-FW26_LR_page-0005-300x212.jpg 300w, https:\/\/imsatextil.com\/wp-content\/uploads\/2025\/09\/05_Murtra-Moods-FW26_LR_page-0005-1024x724.jpg 1024w, https:\/\/imsatextil.com\/wp-content\/uploads\/2025\/09\/05_Murtra-Moods-FW26_LR_page-0005-768x543.jpg 768w\" sizes=\"auto, (max-width: 1400px) 100vw, 1400px\" \/><\/a><a href=\"https:\/\/imsatextil.com\/wp-content\/uploads\/2025\/09\/04_Murtra-Moods-FW26_LR_page-0004-1024x724.jpg\"  rel=\"prettyPhoto[rel-0mcicjynkhk4fqd1h24n]\" ><img loading=\"lazy\" decoding=\"async\" width=\"1400\" height=\"990\" src=\"https:\/\/imsatextil.com\/wp-content\/uploads\/2025\/09\/04_Murtra-Moods-FW26_LR_page-0004.jpg\" class=\"attachment-full\" alt=\"\" srcset=\"https:\/\/imsatextil.com\/wp-content\/uploads\/2025\/09\/04_Murtra-Moods-FW26_LR_page-0004.jpg 1400w, https:\/\/imsatextil.com\/wp-content\/uploads\/2025\/09\/04_Murtra-Moods-FW26_LR_page-0004-300x212.jpg 300w, https:\/\/imsatextil.com\/wp-content\/uploads\/2025\/09\/04_Murtra-Moods-FW26_LR_page-0004-1024x724.jpg 1024w, https:\/\/imsatextil.com\/wp-content\/uploads\/2025\/09\/04_Murtra-Moods-FW26_LR_page-0004-768x543.jpg 768w\" sizes=\"auto, (max-width: 1400px) 100vw, 1400px\" \/><\/a><a href=\"https:\/\/imsatextil.com\/wp-content\/uploads\/2025\/09\/03_Murtra-Moods-FW26_LR_page-0003-1024x724.jpg\"  rel=\"prettyPhoto[rel-0mcicjynkhk4fqd1h24n]\" ><img loading=\"lazy\" decoding=\"async\" width=\"1400\" height=\"990\" src=\"https:\/\/imsatextil.com\/wp-content\/uploads\/2025\/09\/03_Murtra-Moods-FW26_LR_page-0003.jpg\" class=\"attachment-full\" alt=\"\" srcset=\"https:\/\/imsatextil.com\/wp-content\/uploads\/2025\/09\/03_Murtra-Moods-FW26_LR_page-0003.jpg 1400w, https:\/\/imsatextil.com\/wp-content\/uploads\/2025\/09\/03_Murtra-Moods-FW26_LR_page-0003-300x212.jpg 300w, https:\/\/imsatextil.com\/wp-content\/uploads\/2025\/09\/03_Murtra-Moods-FW26_LR_page-0003-1024x724.jpg 1024w, https:\/\/imsatextil.com\/wp-content\/uploads\/2025\/09\/03_Murtra-Moods-FW26_LR_page-0003-768x543.jpg 768w\" sizes=\"auto, (max-width: 1400px) 100vw, 1400px\" \/><\/a><a href=\"https:\/\/imsatextil.com\/wp-content\/uploads\/2025\/09\/02_Murtra-Moods-FW26_LR_page-0002-1024x724.jpg\"  rel=\"prettyPhoto[rel-0mcicjynkhk4fqd1h24n]\" ><img loading=\"lazy\" decoding=\"async\" width=\"1400\" height=\"990\" src=\"https:\/\/imsatextil.com\/wp-content\/uploads\/2025\/09\/02_Murtra-Moods-FW26_LR_page-0002.jpg\" class=\"attachment-full\" alt=\"\" srcset=\"https:\/\/imsatextil.com\/wp-content\/uploads\/2025\/09\/02_Murtra-Moods-FW26_LR_page-0002.jpg 1400w, https:\/\/imsatextil.com\/wp-content\/uploads\/2025\/09\/02_Murtra-Moods-FW26_LR_page-0002-300x212.jpg 300w, https:\/\/imsatextil.com\/wp-content\/uploads\/2025\/09\/02_Murtra-Moods-FW26_LR_page-0002-1024x724.jpg 1024w, https:\/\/imsatextil.com\/wp-content\/uploads\/2025\/09\/02_Murtra-Moods-FW26_LR_page-0002-768x543.jpg 768w\" sizes=\"auto, (max-width: 1400px) 100vw, 1400px\" \/><\/a><a href=\"https:\/\/imsatextil.com\/wp-content\/uploads\/2025\/09\/01_Murtra-Moods-FW26_LR_page-0001-1024x724.jpg\"  rel=\"prettyPhoto[rel-0mcicjynkhk4fqd1h24n]\" ><img loading=\"lazy\" decoding=\"async\" width=\"1400\" height=\"990\" src=\"https:\/\/imsatextil.com\/wp-content\/uploads\/2025\/09\/01_Murtra-Moods-FW26_LR_page-0001.jpg\" class=\"attachment-full\" alt=\"\" srcset=\"https:\/\/imsatextil.com\/wp-content\/uploads\/2025\/09\/01_Murtra-Moods-FW26_LR_page-0001.jpg 1400w, https:\/\/imsatextil.com\/wp-content\/uploads\/2025\/09\/01_Murtra-Moods-FW26_LR_page-0001-300x212.jpg 300w, https:\/\/imsatextil.com\/wp-content\/uploads\/2025\/09\/01_Murtra-Moods-FW26_LR_page-0001-1024x724.jpg 1024w, https:\/\/imsatextil.com\/wp-content\/uploads\/2025\/09\/01_Murtra-Moods-FW26_LR_page-0001-768x543.jpg 768w\" sizes=\"auto, (max-width: 1400px) 100vw, 1400px\" \/><\/a><\/div>\n\t\t<\/div> <\/div>\n\t<\/div> \n<\/div>\n","protected":false},"excerpt":{"rendered":"<p>AUTUMN \/ HIVER 2026 Volume Matelass\u00e9 Audacieux, architectural et irr\u00e9sistiblement douillet \u2014 le th\u00e8me Volume Matelass\u00e9 red\u00e9finit les v\u00eatements d\u2019hiver \u00e0 travers des silhouettes sculpturales et une innovation matelass\u00e9e. Cette collection met en valeur des tissus rembourr\u00e9s con\u00e7us avec des formes exag\u00e9r\u00e9es, des motifs g\u00e9om\u00e9triques et des textures tactiles, offrant \u00e0 la fois protection et<br \/><a href=\"https:\/\/imsatextil.com\/fr\/colecciones\/coleccion-o-i-26\/\" class=\"more\">Read more<\/a><\/p>\n","protected":false},"author":1,"featured_media":0,"parent":307,"menu_order":0,"comment_status":"closed","ping_status":"closed","template":"","meta":{"footnotes":""},"class_list":["post-11147","page","type-page","status-publish","hentry"],"_links":{"self":[{"href":"https:\/\/imsatextil.com\/fr\/wp-json\/wp\/v2\/pages\/11147","targetHints":{"allow":["GET"]}}],"collection":[{"href":"https:\/\/imsatextil.com\/fr\/wp-json\/wp\/v2\/pages"}],"about":[{"href":"https:\/\/imsatextil.com\/fr\/wp-json\/wp\/v2\/types\/page"}],"author":[{"embeddable":true,"href":"https:\/\/imsatextil.com\/fr\/wp-json\/wp\/v2\/users\/1"}],"replies":[{"embeddable":true,"href":"https:\/\/imsatextil.com\/fr\/wp-json\/wp\/v2\/comments?post=11147"}],"version-history":[{"count":3,"href":"https:\/\/imsatextil.com\/fr\/wp-json\/wp\/v2\/pages\/11147\/revisions"}],"predecessor-version":[{"id":11212,"href":"https:\/\/imsatextil.com\/fr\/wp-json\/wp\/v2\/pages\/11147\/revisions\/11212"}],"up":[{"embeddable":true,"href":"https:\/\/imsatextil.com\/fr\/wp-json\/wp\/v2\/pages\/307"}],"wp:attachment":[{"href":"https:\/\/imsatextil.com\/fr\/wp-json\/wp\/v2\/media?parent=11147"}],"curies":[{"name":"wp","href":"https:\/\/api.w.org\/{rel}","templated":true}]}}