{"id":11243,"date":"2026-01-23T12:30:20","date_gmt":"2026-01-23T12:30:20","guid":{"rendered":"https:\/\/imsatextil.com\/colecciones\/coleccion-p-v-27\/"},"modified":"2026-01-23T12:36:35","modified_gmt":"2026-01-23T12:36:35","slug":"coleccion-p-v-27","status":"publish","type":"page","link":"https:\/\/imsatextil.com\/fr\/colecciones\/coleccion-p-v-27\/","title":{"rendered":"Colecci\u00f3n P\/E 27"},"content":{"rendered":"<div  id='first-row'  class=\"vc_row wpb_row vc_row-fluid full-width-content \">\n\t<div class=\"vc_span12 wpb_column vc_column_container \"><div class=\"vc_column-inner \">\n\t\t<div class=\"wpb_wrapper\">\n\t\t\t\r\n\t<div class=\"wpb_single_image wpb_content_element vc_align_center\">\r\n\t\t<div class=\"wpb_wrapper\">\r\n\t\t\t\r\n\t\t\t<div class=\"vc_single_image-wrapper   vc_box_border_grey\"><img loading=\"lazy\" decoding=\"async\" width=\"1920\" height=\"257\" src=\"https:\/\/imsatextil.com\/wp-content\/uploads\/2026\/01\/header_primavera_verano2027.jpg\" class=\"vc_single_image-img attachment-full\" alt=\"\" srcset=\"https:\/\/imsatextil.com\/wp-content\/uploads\/2026\/01\/header_primavera_verano2027.jpg 1920w, https:\/\/imsatextil.com\/wp-content\/uploads\/2026\/01\/header_primavera_verano2027-300x40.jpg 300w, https:\/\/imsatextil.com\/wp-content\/uploads\/2026\/01\/header_primavera_verano2027-1024x137.jpg 1024w, https:\/\/imsatextil.com\/wp-content\/uploads\/2026\/01\/header_primavera_verano2027-768x103.jpg 768w, https:\/\/imsatextil.com\/wp-content\/uploads\/2026\/01\/header_primavera_verano2027-1536x206.jpg 1536w\" sizes=\"auto, (max-width: 1920px) 100vw, 1920px\" \/><\/div>\r\n\t\t<\/div>\r\n\t<\/div>\r\n\n\t\t<\/div> <\/div>\n\t<\/div> \n<\/div><div   class=\"vc_row wpb_row vc_row-fluid  \">\n\t<div class=\"vc_span12 wpb_column vc_column_container \"><div class=\"vc_column-inner \">\n\t\t<div class=\"wpb_wrapper\">\n\t\t\t<h2 style=\"text-align: left\" class=\"vc_custom_heading\" >AUTUMN \/ HIVER 2027<\/h2>\r\n\t<div class=\"wpb_single_image wpb_content_element vc_align_left\">\r\n\t\t<div class=\"wpb_wrapper\">\r\n\t\t\t\r\n\t\t\t<div class=\"vc_single_image-wrapper   vc_box_border_grey\"><img loading=\"lazy\" decoding=\"async\" width=\"181\" height=\"7\" src=\"https:\/\/imsatextil.com\/wp-content\/uploads\/2017\/11\/separator_black.png\" class=\"vc_single_image-img attachment-full\" alt=\"\" \/><\/div>\r\n\t\t<\/div>\r\n\t<\/div>\r\n<div class=\"vc_row wpb_row vc_inner vc_row-fluid\"><div class=\"wpb_column vc_column_container vc_span6\"><div class=\"vc_column-inner  \"><div class=\"wpb_wrapper\">\n\t<div class=\"wpb_text_column wpb_content_element  \" >\n\t\t<div class=\"wpb_wrapper\" id=\"ct_czxygs56ferm1k3xeg55\">\n\t\t\t<p><strong>Glam Brillant<\/strong>, festif et pr\u00eat \u00e0 attirer tous les regards, Glam insuffle une \u00e9nergie lumineuse \u00e0 la saison SS27. Tissages m\u00e9talliques, perles et sequins illuminent des tissus qui scintillent au moindre mouvement. Des foils \u00e0 l\u2019effet liquide aux tulles d\u00e9licatement orn\u00e9s, ce th\u00e8me allie \u00e9l\u00e9gance raffin\u00e9e et expression audacieuse. Parfait pour les tenues de soir\u00e9e, les pi\u00e8ces d\u2019occasion et les silhouettes marquantes, Glam propose une interpr\u00e9tation moderne du luxe.<\/p>\n<p><strong>Texture<\/strong> La collection Texture explore la profondeur, le volume et le savoir-faire artisanal \u00e0 travers des mati\u00e8res qui invitent au toucher. Volumes 3D, surfaces sculpt\u00e9es, crochet a\u00e9rien et autres tissus fantaisie composent cet univers tactile. Inspir\u00e9 par les traditions du tissage comme par des constructions futuristes, chaque tissu r\u00e9v\u00e8le la beaut\u00e9 de la structure et de l\u2019ombre. Id\u00e9als pour robes, tops ou pi\u00e8ces statement, ces mat\u00e9riaux transforment des silhouettes simples en compositions sculpturales. Texture r\u00e9invente l\u2019artisanat pour l\u2019\u00e9t\u00e9 avec une identit\u00e9 visuelle douce mais percutante.<\/p>\n<p><strong>Blue Patterns<\/strong> Frais, lumineux et infiniment polyvalent, Blue Patterns c\u00e9l\u00e8bre la couleur phare de la saison dans toutes ses nuances ensoleill\u00e9es. Du bleu ciel le plus doux aux bleus marins profonds, le th\u00e8me propose carreaux, rayures et floraux dans des tonalit\u00e9s rafra\u00eechissantes. Les rayures classiques de chemiserie rencontrent des carreaux estivaux l\u00e9gers, tandis que les motifs botaniques apportent une touche romantique. Ces tissus, \u00e0 la fois \u00e9pur\u00e9s et faciles \u00e0 porter, sont parfaits pour des looks c\u00f4tiers, des silhouettes d\u00e9contract\u00e9es ou des robes a\u00e9riennes incarnant la l\u00e9g\u00e8ret\u00e9 de l\u2019\u00e9t\u00e9 avec une palette intemporelle et sereine.<\/p>\n\n\t\t<\/div> \n\t<\/div> <\/div><\/div><\/div><div class=\"wpb_column vc_column_container vc_span6\"><div class=\"vc_column-inner  \"><div class=\"wpb_wrapper\">\n\t<div class=\"wpb_text_column wpb_content_element  \" >\n\t\t<div class=\"wpb_wrapper\" id=\"ct_rm6yktkhit170o45c4fr\">\n\t\t\t<p><strong>Smooth Classics<\/strong> Smooth Classics r\u00e9unit les motifs essentiels du vestiaire estival, revisit\u00e9s avec une simplicit\u00e9 contemporaine. Pois, rayures diplomatiques et textures seersucker subtiles composent une base raffin\u00e9e pour une \u00e9l\u00e9gance quotidienne. L\u00e9gers, respirants et tr\u00e8s agr\u00e9ables \u00e0 porter, ces tissus conviennent parfaitement aux robes, chemisiers et silhouettes casual qui privil\u00e9gient le confort sans renoncer au style.<\/p>\n<p><strong>I Fiori<\/strong> C\u00e9l\u00e9bration de la couleur, de l\u2019abondance et de la joie estivale, I Fiori est l\u2019histoire florale la plus expressive de la saison. Grandes fleurs, tropicaux luxuriants, liberty d\u00e9licats et imprim\u00e9s botaniques vibrants se m\u00ealent dans une explosion d\u2019\u00e9nergie visuelle. Qu\u2019ils soient audacieux et oversize ou petits et minutieux, ces motifs capturent l\u2019essence des journ\u00e9es ensoleill\u00e9es et des jardins en fleurs. Parfaits pour des robes fluides, des tenues de plage, des jupes statement ou des tops l\u00e9gers, I Fiori apporte mouvement, romantisme et une touche artistique \u00e0 la collection.<\/p>\n\n\t\t<\/div> \n\t<\/div> <\/div><\/div><\/div><\/div><style type=\"text\/css\" >#ic_izer5ok2t47dwv98i05e {margin:0px auto 0px; }#ic_izer5ok2t47dwv98i05e .owl-prev,#ic_izer5ok2t47dwv98i05e .owl-next{border-color:#ecf0f1; background:#ffffff; color:#4a4f55; }#ic_izer5ok2t47dwv98i05e .owl-prev:hover,#ic_izer5ok2t47dwv98i05e .owl-next:hover{background:#f9fafb; color:#000000; }#ic_izer5ok2t47dwv98i05e .owl-prev:before,#ic_izer5ok2t47dwv98i05e .owl-next:after{border-color:#4a4f55; }#ic_izer5ok2t47dwv98i05e .owl-prev:hover::before,#ic_izer5ok2t47dwv98i05e .owl-next:hover::after{border-color:#000000; }#ic_izer5ok2t47dwv98i05e .owl-dot{ background:#ffffff; border-color:#ecf0f1; }#ic_izer5ok2t47dwv98i05e .owl-dot.active{ background:#000000; border-color:#ecf0f1;}<\/style><script type=\"text\/javascript\" charset=\"utf-8\">\r\n\r\n\t\tjQuery.noConflict();\r\n\t\/\/setup up Carousel\r\n\t\tjQuery(document).ready(function($) {\r\n\t\"use strict\";\r\n\t$(window).load(function(){\r\n\t\t$(\"#ic_izer5ok2t47dwv98i05e\").owlCarousel({\r\n\t\t\trtl: $(\"body\").hasClass(\"rtl\") ? true : false,\r\n\t\t\tresponsiveClass:true,\r\n\t\t\tcenter:true,\r\n\t\t\tloop:true,\r\n\t\t\tresponsive:{\r\n\t\t\t\t0:{\r\n\t\t\t\t\titems:1,\r\n\t\t\t    },\r\n\t\t\t    780:{\r\n\t\t\t        items:2,\r\n\t\t\t\t},\r\n\t\t\t\t1000:{\r\n\t\t\t\t    items:2,\r\n\t\t\t\t},\r\n\t\t\t},\r\n            scroll: 1,\r\n\t\t\tautoplay:false,\r\n\t   \t \t dots:false,\r\n\t\t\t nav:true,\r\n\t\r\n\t\t});\r\n\t});\r\n});\r\n\r\n<\/script><div class=\"tt_testimonials_ctn rd_ic_center  hover_nav_style \" id=\"ic_izer5ok2t47dwv98i05e\" style=\"margin-top:0px; margin-bottom:0px;\"><a href=\"https:\/\/imsatextil.com\/wp-content\/uploads\/2026\/01\/01-01-1024x723.jpg\"  rel=\"prettyPhoto[rel-izer5ok2t47dwv98i05e]\" ><img loading=\"lazy\" decoding=\"async\" width=\"1192\" height=\"842\" src=\"https:\/\/imsatextil.com\/wp-content\/uploads\/2026\/01\/01-01.jpg\" class=\"attachment-full\" alt=\"\" srcset=\"https:\/\/imsatextil.com\/wp-content\/uploads\/2026\/01\/01-01.jpg 1192w, https:\/\/imsatextil.com\/wp-content\/uploads\/2026\/01\/01-01-300x212.jpg 300w, https:\/\/imsatextil.com\/wp-content\/uploads\/2026\/01\/01-01-1024x723.jpg 1024w, https:\/\/imsatextil.com\/wp-content\/uploads\/2026\/01\/01-01-768x542.jpg 768w\" sizes=\"auto, (max-width: 1192px) 100vw, 1192px\" \/><\/a><a href=\"https:\/\/imsatextil.com\/wp-content\/uploads\/2026\/01\/01-02-1024x724.jpg\"  rel=\"prettyPhoto[rel-izer5ok2t47dwv98i05e]\" ><img loading=\"lazy\" decoding=\"async\" width=\"1191\" height=\"842\" src=\"https:\/\/imsatextil.com\/wp-content\/uploads\/2026\/01\/01-02.jpg\" class=\"attachment-full\" alt=\"\" srcset=\"https:\/\/imsatextil.com\/wp-content\/uploads\/2026\/01\/01-02.jpg 1191w, https:\/\/imsatextil.com\/wp-content\/uploads\/2026\/01\/01-02-300x212.jpg 300w, https:\/\/imsatextil.com\/wp-content\/uploads\/2026\/01\/01-02-1024x724.jpg 1024w, https:\/\/imsatextil.com\/wp-content\/uploads\/2026\/01\/01-02-768x543.jpg 768w\" sizes=\"auto, (max-width: 1191px) 100vw, 1191px\" \/><\/a><a href=\"https:\/\/imsatextil.com\/wp-content\/uploads\/2026\/01\/01-03-1024x723.jpg\"  rel=\"prettyPhoto[rel-izer5ok2t47dwv98i05e]\" ><img loading=\"lazy\" decoding=\"async\" width=\"1192\" height=\"842\" src=\"https:\/\/imsatextil.com\/wp-content\/uploads\/2026\/01\/01-03.jpg\" class=\"attachment-full\" alt=\"\" srcset=\"https:\/\/imsatextil.com\/wp-content\/uploads\/2026\/01\/01-03.jpg 1192w, https:\/\/imsatextil.com\/wp-content\/uploads\/2026\/01\/01-03-300x212.jpg 300w, https:\/\/imsatextil.com\/wp-content\/uploads\/2026\/01\/01-03-1024x723.jpg 1024w, https:\/\/imsatextil.com\/wp-content\/uploads\/2026\/01\/01-03-768x542.jpg 768w\" sizes=\"auto, (max-width: 1192px) 100vw, 1192px\" \/><\/a><a href=\"https:\/\/imsatextil.com\/wp-content\/uploads\/2026\/01\/01-04-1024x724.jpg\"  rel=\"prettyPhoto[rel-izer5ok2t47dwv98i05e]\" ><img loading=\"lazy\" decoding=\"async\" width=\"1191\" height=\"842\" src=\"https:\/\/imsatextil.com\/wp-content\/uploads\/2026\/01\/01-04.jpg\" class=\"attachment-full\" alt=\"\" srcset=\"https:\/\/imsatextil.com\/wp-content\/uploads\/2026\/01\/01-04.jpg 1191w, https:\/\/imsatextil.com\/wp-content\/uploads\/2026\/01\/01-04-300x212.jpg 300w, https:\/\/imsatextil.com\/wp-content\/uploads\/2026\/01\/01-04-1024x724.jpg 1024w, https:\/\/imsatextil.com\/wp-content\/uploads\/2026\/01\/01-04-768x543.jpg 768w\" sizes=\"auto, (max-width: 1191px) 100vw, 1191px\" \/><\/a><a href=\"https:\/\/imsatextil.com\/wp-content\/uploads\/2026\/01\/01-05-1024x724.jpg\"  rel=\"prettyPhoto[rel-izer5ok2t47dwv98i05e]\" ><img loading=\"lazy\" decoding=\"async\" width=\"1191\" height=\"842\" src=\"https:\/\/imsatextil.com\/wp-content\/uploads\/2026\/01\/01-05.jpg\" class=\"attachment-full\" alt=\"\" srcset=\"https:\/\/imsatextil.com\/wp-content\/uploads\/2026\/01\/01-05.jpg 1191w, https:\/\/imsatextil.com\/wp-content\/uploads\/2026\/01\/01-05-300x212.jpg 300w, https:\/\/imsatextil.com\/wp-content\/uploads\/2026\/01\/01-05-1024x724.jpg 1024w, https:\/\/imsatextil.com\/wp-content\/uploads\/2026\/01\/01-05-768x543.jpg 768w\" sizes=\"auto, (max-width: 1191px) 100vw, 1191px\" \/><\/a><\/div>\n\t\t<\/div> <\/div>\n\t<\/div> \n<\/div>\n","protected":false},"excerpt":{"rendered":"<p>AUTUMN \/ HIVER 2027 Glam Brillant, festif et pr\u00eat \u00e0 attirer tous les regards, Glam insuffle une \u00e9nergie lumineuse \u00e0 la saison SS27. Tissages m\u00e9talliques, perles et sequins illuminent des tissus qui scintillent au moindre mouvement. Des foils \u00e0 l\u2019effet liquide aux tulles d\u00e9licatement orn\u00e9s, ce th\u00e8me allie \u00e9l\u00e9gance raffin\u00e9e et expression audacieuse. Parfait pour<br \/><a href=\"https:\/\/imsatextil.com\/fr\/colecciones\/coleccion-p-v-27\/\" class=\"more\">Read more<\/a><\/p>\n","protected":false},"author":1,"featured_media":0,"parent":307,"menu_order":0,"comment_status":"closed","ping_status":"closed","template":"","meta":{"footnotes":""},"class_list":["post-11243","page","type-page","status-publish","hentry"],"_links":{"self":[{"href":"https:\/\/imsatextil.com\/fr\/wp-json\/wp\/v2\/pages\/11243","targetHints":{"allow":["GET"]}}],"collection":[{"href":"https:\/\/imsatextil.com\/fr\/wp-json\/wp\/v2\/pages"}],"about":[{"href":"https:\/\/imsatextil.com\/fr\/wp-json\/wp\/v2\/types\/page"}],"author":[{"embeddable":true,"href":"https:\/\/imsatextil.com\/fr\/wp-json\/wp\/v2\/users\/1"}],"replies":[{"embeddable":true,"href":"https:\/\/imsatextil.com\/fr\/wp-json\/wp\/v2\/comments?post=11243"}],"version-history":[{"count":3,"href":"https:\/\/imsatextil.com\/fr\/wp-json\/wp\/v2\/pages\/11243\/revisions"}],"predecessor-version":[{"id":11248,"href":"https:\/\/imsatextil.com\/fr\/wp-json\/wp\/v2\/pages\/11243\/revisions\/11248"}],"up":[{"embeddable":true,"href":"https:\/\/imsatextil.com\/fr\/wp-json\/wp\/v2\/pages\/307"}],"wp:attachment":[{"href":"https:\/\/imsatextil.com\/fr\/wp-json\/wp\/v2\/media?parent=11243"}],"curies":[{"name":"wp","href":"https:\/\/api.w.org\/{rel}","templated":true}]}}