{"id":266,"date":"2017-11-20T10:12:20","date_gmt":"2017-11-20T10:12:20","guid":{"rendered":"http:\/\/imsa.b.wetopi.com\/empresa\/"},"modified":"2018-01-19T13:41:54","modified_gmt":"2018-01-19T13:41:54","slug":"entreprise","status":"publish","type":"page","link":"https:\/\/imsatextil.com\/fr\/entreprise\/","title":{"rendered":"Entreprise"},"content":{"rendered":"<div  id='first-row'  class=\"vc_row wpb_row vc_row-fluid vc_custom_1512384842970 full-width-section \">\n\t<div class=\"vc_span7 wpb_column vc_column_container \"><div class=\"vc_column-inner \">\n\t\t<div class=\"wpb_wrapper\">\n\t\t\t\n\t\t<\/div> <\/div>\n\t<\/div> \n\n\t<div class=\"vc_span5 wpb_column vc_column_container \"><div class=\"vc_column-inner vc_custom_1511173402413\">\n\t\t<div class=\"wpb_wrapper\">\n\t\t\t<h1 style=\"color: #ffffff;text-align: left\" class=\"vc_custom_heading vc_custom_1516369183395\" >QUE POUVONS-NOUS VOUS OFFRIR?<\/h1>\r\n\t<div class=\"wpb_single_image wpb_content_element vc_align_left\">\r\n\t\t<div class=\"wpb_wrapper\">\r\n\t\t\t\r\n\t\t\t<div class=\"vc_single_image-wrapper   vc_box_border_grey\"><img loading=\"lazy\" decoding=\"async\" width=\"181\" height=\"7\" src=\"https:\/\/imsatextil.com\/wp-content\/uploads\/2017\/11\/separator.png\" class=\"vc_single_image-img attachment-full\" alt=\"\" \/><\/div>\r\n\t\t<\/div>\r\n\t<\/div>\r\n<h2 style=\"font-size: 26px;color: #ffffff;line-height: 36px;text-align: left;font-family:PT Sans;font-weight:400;font-style:normal\" class=\"vc_custom_heading vc_custom_1516369200827\" >IMSA offre \u00e0 sa client\u00e8le<br \/>\nune large vari\u00e9t\u00e9 de tissu qui s\u2019adresse aux femmes \u00e9l\u00e9gantes et aux enfants sages.<\/h2>\n\t\t<\/div> <\/div>\n\t<\/div> \n<\/div><div   class=\"vc_row wpb_row vc_row-fluid vc_custom_1512385440465  \">\n\t<div class=\"vc_span12 wpb_column vc_column_container \"><div class=\"vc_column-inner \">\n\t\t<div class=\"wpb_wrapper\">\n\t\t\t<h2 style=\"font-size: 36px;line-height: 41px;text-align: left\" class=\"vc_custom_heading vc_custom_1516369208550\" >GROUPE <strong>MURTRA<\/strong><\/h2>\r\n\t<div class=\"wpb_single_image wpb_content_element vc_align_left   vc_custom_1511178695259\">\r\n\t\t<div class=\"wpb_wrapper\">\r\n\t\t\t\r\n\t\t\t<div class=\"vc_single_image-wrapper   vc_box_border_grey\"><img loading=\"lazy\" decoding=\"async\" width=\"181\" height=\"7\" src=\"https:\/\/imsatextil.com\/wp-content\/uploads\/2017\/11\/separator_black.png\" class=\"vc_single_image-img attachment-full\" alt=\"\" \/><\/div>\r\n\t\t<\/div>\r\n\t<\/div>\r\n<div class=\"vc_row wpb_row vc_inner vc_row-fluid vc_row-o-equal-height vc_row-flex\"><div class=\"wpb_column vc_column_container vc_span6\"><div class=\"vc_column-inner  vc_custom_1511178659780\"><div class=\"wpb_wrapper\">\n\t<div class=\"wpb_text_column wpb_content_element  \" >\n\t\t<div class=\"wpb_wrapper\" id=\"ct_a2pzqwnba2z2s4q68ss5\">\n\t\t\t<p>Pour trouver l\u2019origine de l\u2019entreprise il faut nous remonter jusqu\u2019\u00e0 1892, quand un jeune homme appel\u00e9 Ramon Murtra fonde une petite usine textile \u00e0 Granollers avec quelques machines \u00e0 tisser manuels.<\/p>\n\n\t\t<\/div> \n\t<\/div> <\/div><\/div><\/div><div class=\"wpb_column vc_column_container vc_span6\"><div class=\"vc_column-inner  vc_custom_1512386110708\"><div class=\"wpb_wrapper\">\n\t<div class=\"wpb_text_column wpb_content_element  \" >\n\t\t<div class=\"wpb_wrapper\" id=\"ct_489v48b15lxi2c6pt973\">\n\t\t\t<p>Avec le soutien de sa famille la petite usine d\u00e9collera au d\u00e9but du XX si\u00e8cle, consolidant son activit\u00e9 comme fabricant de rubans industriels et devenant rapidement le leader du secteur.<\/p>\n\n\t\t<\/div> \n\t<\/div> <\/div><\/div><\/div><\/div><div class=\"vc_row wpb_row vc_inner vc_row-fluid\"><div class=\"wpb_column vc_column_container vc_span4\"><div class=\"vc_column-inner  vc_custom_1512385009290\"><div class=\"wpb_wrapper\"><h2 style=\"text-align: left\" class=\"vc_custom_heading vc_custom_1516369231815\" >INNOVATION<\/h2>\n\t<div class=\"wpb_text_column wpb_content_element  \" >\n\t\t<div class=\"wpb_wrapper\" id=\"ct_gjadjmj1cg3jkj73jtq9\">\n\t\t\t<p>Murtra a cherch\u00e9 depuis le d\u00e9but \u00e0 d\u00e9velopper les meilleurs fa\u00e7ons de travailler, chercher la perfection et l\u2019instaurer comme un mod\u00e8le \u00e0 suivre et \u00e0 partir duquel assumer de nouveaux d\u00e9fis. Fait av\u00e9r\u00e9 gr\u00e2ce \u00e0 tous les produits d\u00e9velopp\u00e9es depuis l\u2019ann\u00e9e 1892 et jusqu\u2019\u00e0 nos jours.<\/p>\n<p>L\u2019innovation, appliqu\u00e9e au processus et aux produits, est le moteur qui a guid\u00e9 tout au long de son histoire une production de base textile mais ayant su \u00e9voluer vers le d\u00e9veloppement de nouveaux produits et march\u00e9s. Murtra est tenace dans la recherche de nouvelles gammes, nouvelles opportunit\u00e9s des affaires et dans l\u2019am\u00e9lioration de ses processus. <\/p>\n\n\t\t<\/div> \n\t<\/div> <\/div><\/div><\/div><div class=\"wpb_column vc_column_container vc_span4\"><div class=\"vc_column-inner  vc_custom_1512385012517\"><div class=\"wpb_wrapper\"><h2 style=\"text-align: left\" class=\"vc_custom_heading vc_custom_1516369236949\" >G\u00c9N\u00c9RATIONNEL<\/h2>\n\t<div class=\"wpb_text_column wpb_content_element  \" >\n\t\t<div class=\"wpb_wrapper\" id=\"ct_726xznewkz5bu41853sw\">\n\t\t\t<p>Murtra est plus qu\u2019une entreprise, avec une longue tradition dans le secteur textile et la fabrication des rubans industriels. Depuis plus d\u2019un si\u00e8cle, cinq g\u00e9n\u00e9rations d\u2019entrepreneurs ont su exercer de moteur. Ces m\u00eames g\u00e9n\u00e9rations ont servi de guide \u00e0 l\u2019heure d\u2019entrevoir les grands progr\u00e8s, qui les ont positionn\u00e9 comme mod\u00e8le du secteur textile au niveau mondial.<\/p>\n\n\t\t<\/div> \n\t<\/div> <\/div><\/div><\/div><div class=\"wpb_column vc_column_container vc_span4\"><div class=\"vc_column-inner  vc_custom_1512385015469\"><div class=\"wpb_wrapper\"><h2 style=\"text-align: left\" class=\"vc_custom_heading vc_custom_1516369242628\" >SECTEURS D\u2019ACTIVIT\u00c9<\/h2>\n\t<div class=\"wpb_text_column wpb_content_element  \" >\n\t\t<div class=\"wpb_wrapper\" id=\"ct_y7nux24fwgszttpbokzc\">\n\t\t\t<p>Murtra Group actuellement comprend quatre grands secteurs d\u2019activit\u00e9 sp\u00e9cialis\u00e9s dans le d\u00e9veloppement, fabrication et commercialisation des produits dans le domaine du secteur textile.<\/p>\n<p>Industrias Murtra est le si\u00e8ge international du groupe. Fabricant de sangles et rubans pour des applications industrielles, et de rubans, composants et accessoires d\u00e9coratives pour l\u2019installation et confection de rideaux.<\/p>\n\n\t\t<\/div> \n\t<\/div> <\/div><\/div><\/div><\/div>\n\t\t<\/div> <\/div>\n\t<\/div> \n<\/div><div   class=\"vc_row wpb_row vc_row-fluid vc_custom_1511178586056  \">\n\t<div class=\"vc_span12 wpb_column vc_column_container \"><div class=\"vc_column-inner \">\n\t\t<div class=\"wpb_wrapper\">\n\t\t\t<h2 style=\"font-size: 36px;line-height: 41px;text-align: left\" class=\"vc_custom_heading vc_custom_1512385116547\" ><strong>IMSA<\/strong><\/h2>\r\n\t<div class=\"wpb_single_image wpb_content_element vc_align_left   vc_custom_1511178695259\">\r\n\t\t<div class=\"wpb_wrapper\">\r\n\t\t\t\r\n\t\t\t<div class=\"vc_single_image-wrapper   vc_box_border_grey\"><img loading=\"lazy\" decoding=\"async\" width=\"181\" height=\"7\" src=\"https:\/\/imsatextil.com\/wp-content\/uploads\/2017\/11\/separator_black.png\" class=\"vc_single_image-img attachment-full\" alt=\"\" \/><\/div>\r\n\t\t<\/div>\r\n\t<\/div>\r\n<div class=\"vc_row wpb_row vc_inner vc_row-fluid vc_custom_1511178582124 vc_row-o-equal-height vc_row-flex\"><div class=\"wpb_column vc_column_container vc_span12\"><div class=\"vc_column-inner  vc_custom_1511178659780\"><div class=\"wpb_wrapper\">\r\n\t<div class=\"wpb_single_image wpb_content_element vc_align_center\">\r\n\t\t<div class=\"wpb_wrapper\">\r\n\t\t\t\r\n\t\t\t<div class=\"vc_single_image-wrapper   vc_box_border_grey\"><img loading=\"lazy\" decoding=\"async\" width=\"1170\" height=\"315\" src=\"https:\/\/imsatextil.com\/wp-content\/uploads\/2017\/12\/empresa.jpg\" class=\"vc_single_image-img attachment-full\" alt=\"\" srcset=\"https:\/\/imsatextil.com\/wp-content\/uploads\/2017\/12\/empresa.jpg 1170w, https:\/\/imsatextil.com\/wp-content\/uploads\/2017\/12\/empresa-300x81.jpg 300w, https:\/\/imsatextil.com\/wp-content\/uploads\/2017\/12\/empresa-768x207.jpg 768w, https:\/\/imsatextil.com\/wp-content\/uploads\/2017\/12\/empresa-1024x276.jpg 1024w\" sizes=\"auto, (max-width: 1170px) 100vw, 1170px\" \/><\/div>\r\n\t\t<\/div>\r\n\t<\/div>\r\n<\/div><\/div><\/div><\/div><div class=\"vc_row wpb_row vc_inner vc_row-fluid\"><div class=\"wpb_column vc_column_container vc_span3\"><div class=\"vc_column-inner  vc_custom_1512385009290\"><div class=\"wpb_wrapper\">\n\t<div class=\"wpb_text_column wpb_content_element  \" >\n\t\t<div class=\"wpb_wrapper\" id=\"ct_m81h2d776zzh9f2qdllx\">\n\t\t\t<p>La division IMSA offre \u00e0 ses clients une large vari\u00e9t\u00e9 de textile qui s\u2019adresse \u00e0 une femme \u00e9l\u00e9gante ainsi qu\u2019aux enfants sages.<\/p>\n\n\t\t<\/div> \n\t<\/div> <style type='text\/css'> @font-face{font-family: ''; src:url('https:\/\/imsatextil.com\/wp-content\/themes\/thefox\/includes\/4k-icons\/icons\/fonts\/.eot'); src:url('https:\/\/imsatextil.com\/wp-content\/themes\/thefox\/includes\/4k-icons\/icons\/fonts\/.eot?#iefix') format('embedded-opentype'), url('https:\/\/imsatextil.com\/wp-content\/themes\/thefox\/includes\/4k-icons\/icons\/fonts\/.woff') format('woff'), url('https:\/\/imsatextil.com\/wp-content\/themes\/thefox\/includes\/4k-icons\/icons\/fonts\/.ttf') format('truetype'), url('https:\/\/imsatextil.com\/wp-content\/themes\/thefox\/includes\/4k-icons\/icons\/fonts\/.svg#oi') format('svg'); font-weight: normal; font-style: normal;}#fourk1 .:before{font-family: ''; font-weight: normal; font-style: normal;}#fourk1 .:before{content: \"\";}#fourk1{text-align:center}#fourk1 .fourk-icon{background-color: transparent}#fourk1 .fourk-icon:before{}#fourk1 .fourk-icon:after{}#fourk1 i{font-size:50px;line-height:50px;color:#3498db}#fourk1 .fourk-icon.hovered i{}#fourk1 i{text-align: center;}#fourk1{margin-bottom: 20px;}<\/style>\n<div id='fourk1' class='fourk-icon-container'><div class='fourk-icon none none' data-hover-trigger='icon' ><i class=''><\/i><\/div><\/div><\/div><\/div><\/div><div class=\"wpb_column vc_column_container vc_span3\"><div class=\"vc_column-inner  vc_custom_1512385012517\"><div class=\"wpb_wrapper\">\n\t<div class=\"wpb_text_column wpb_content_element  \" >\n\t\t<div class=\"wpb_wrapper\" id=\"ct_alubz19zzxeih9ksmchw\">\n\t\t\t<p>Nous concevons nos collections pour un consommateur exigeant et les adressons \u00e0 cr\u00e9ateurs qui apportent une valeur \u00e0 ses collections gr\u00e2ce a la qualit\u00e9 et le dessin de ses tissus.<\/p>\n\n\t\t<\/div> \n\t<\/div> <\/div><\/div><\/div><div class=\"wpb_column vc_column_container vc_span3\"><div class=\"vc_column-inner  vc_custom_1512385015469\"><div class=\"wpb_wrapper\">\n\t<div class=\"wpb_text_column wpb_content_element  \" >\n\t\t<div class=\"wpb_wrapper\" id=\"ct_gf11rd0yjp14eymnrcwi\">\n\t\t\t<p>Nos prix comp\u00e9titifs, nos minimums par article raisonnable ainsi qu\u2019un excellent et s\u00e9rieux service font que des centaines de marques europ\u00e9ennes fassent confiance \u00e0 nos collections.<\/p>\n\n\t\t<\/div> \n\t<\/div> <\/div><\/div><\/div><div class=\"wpb_column vc_column_container vc_span3 vc_col-has-fill\"><div class=\"vc_column-inner  vc_custom_1512385355346\"><div class=\"wpb_wrapper\">\n\t<div class=\"wpb_text_column wpb_content_element  \" >\n\t\t<div class=\"wpb_wrapper\" id=\"ct_mlifhncd4aohf2zrnkrp\">\n\t\t\t<p><span style=\"color: #ffffff;\">Plus de 25 ans au service des cr\u00e9ateurs et des confectionneurs dans toute l\u2019Europe nous donnent son aval.<\/span><\/p>\n\n\t\t<\/div> <style type=\"text\/css\" >#ct_mlifhncd4aohf2zrnkrp {font-size:24px;}#ct_mlifhncd4aohf2zrnkrp ,#ct_mlifhncd4aohf2zrnkrp p {line-height:36px;}<\/style>\n\t<\/div> <\/div><\/div><\/div><\/div>\n\t\t<\/div> <\/div>\n\t<\/div> \n<\/div>\n","protected":false},"excerpt":{"rendered":"<p>QUE POUVONS-NOUS VOUS OFFRIR? IMSA offre \u00e0 sa client\u00e8le une large vari\u00e9t\u00e9 de tissu qui s\u2019adresse aux femmes \u00e9l\u00e9gantes et aux enfants sages. GROUPE MURTRA Pour trouver l\u2019origine de l\u2019entreprise il faut nous remonter jusqu\u2019\u00e0 1892, quand un jeune homme appel\u00e9 Ramon Murtra fonde une petite usine textile \u00e0 Granollers avec quelques machines \u00e0 tisser<br \/><a href=\"https:\/\/imsatextil.com\/fr\/entreprise\/\" class=\"more\">Read more<\/a><\/p>\n","protected":false},"author":1,"featured_media":0,"parent":0,"menu_order":0,"comment_status":"closed","ping_status":"closed","template":"","meta":{"footnotes":""},"class_list":["post-266","page","type-page","status-publish","hentry"],"_links":{"self":[{"href":"https:\/\/imsatextil.com\/fr\/wp-json\/wp\/v2\/pages\/266","targetHints":{"allow":["GET"]}}],"collection":[{"href":"https:\/\/imsatextil.com\/fr\/wp-json\/wp\/v2\/pages"}],"about":[{"href":"https:\/\/imsatextil.com\/fr\/wp-json\/wp\/v2\/types\/page"}],"author":[{"embeddable":true,"href":"https:\/\/imsatextil.com\/fr\/wp-json\/wp\/v2\/users\/1"}],"replies":[{"embeddable":true,"href":"https:\/\/imsatextil.com\/fr\/wp-json\/wp\/v2\/comments?post=266"}],"version-history":[{"count":2,"href":"https:\/\/imsatextil.com\/fr\/wp-json\/wp\/v2\/pages\/266\/revisions"}],"predecessor-version":[{"id":268,"href":"https:\/\/imsatextil.com\/fr\/wp-json\/wp\/v2\/pages\/266\/revisions\/268"}],"wp:attachment":[{"href":"https:\/\/imsatextil.com\/fr\/wp-json\/wp\/v2\/media?parent=266"}],"curies":[{"name":"wp","href":"https:\/\/api.w.org\/{rel}","templated":true}]}}