{"id":271,"date":"2017-11-20T10:12:13","date_gmt":"2017-11-20T10:12:13","guid":{"rendered":"http:\/\/imsa.b.wetopi.com\/contacto\/"},"modified":"2021-01-27T09:06:51","modified_gmt":"2021-01-27T09:06:51","slug":"contact","status":"publish","type":"page","link":"https:\/\/imsatextil.com\/fr\/contact\/","title":{"rendered":"Contact"},"content":{"rendered":"<div  id='first-row'  class=\"vc_row wpb_row vc_row-fluid vc_custom_1512386849464 full-width-section \">\n\t<div class=\"vc_span5 wpb_column vc_column_container \"><div class=\"vc_column-inner vc_custom_1511173402413\">\n\t\t<div class=\"wpb_wrapper\">\n\t\t\t<h1 style=\"color: #ffffff;text-align: left\" class=\"vc_custom_heading vc_custom_1513270680607\" >IMSA<\/h1>\r\n\t<div class=\"wpb_single_image wpb_content_element vc_align_left\">\r\n\t\t<div class=\"wpb_wrapper\">\r\n\t\t\t\r\n\t\t\t<div class=\"vc_single_image-wrapper   vc_box_border_grey\"><img loading=\"lazy\" decoding=\"async\" width=\"181\" height=\"7\" src=\"https:\/\/imsatextil.com\/wp-content\/uploads\/2017\/11\/separator.png\" class=\"vc_single_image-img attachment-full\" alt=\"\" \/><\/div>\r\n\t\t<\/div>\r\n\t<\/div>\r\n<h2 style=\"font-size: 26px;color: #ffffff;line-height: 36px;text-align: left;font-family:PT Sans;font-weight:400;font-style:normal\" class=\"vc_custom_heading vc_custom_1516370686113\" >Nous desservons dans toute l\u2019Europe<\/h2>\n\t\t<\/div> <\/div>\n\t<\/div> \n<\/div><div  id='contact'  class=\"vc_row wpb_row vc_row-fluid vc_custom_1512389186081 vc_row-flex vc_row-o-equal-height vc_row-o-content-middle  \">\n\t<div class=\"vc_span4 wpb_column vc_column_container \"><div class=\"vc_column-inner vc_custom_1512386894818\">\n\t\t<div class=\"wpb_wrapper\">\n\t\t\t\r\n\t<div class=\"wpb_single_image wpb_content_element vc_align_center\">\r\n\t\t<div class=\"wpb_wrapper\">\r\n\t\t\t\r\n\t\t\t<div class=\"vc_single_image-wrapper   vc_box_border_grey\"><img loading=\"lazy\" decoding=\"async\" width=\"373\" height=\"340\" src=\"https:\/\/imsatextil.com\/wp-content\/uploads\/2017\/12\/contacto_footer.jpg\" class=\"vc_single_image-img attachment-full\" alt=\"\" srcset=\"https:\/\/imsatextil.com\/wp-content\/uploads\/2017\/12\/contacto_footer.jpg 373w, https:\/\/imsatextil.com\/wp-content\/uploads\/2017\/12\/contacto_footer-300x273.jpg 300w\" sizes=\"auto, (max-width: 373px) 100vw, 373px\" \/><\/div>\r\n\t\t<\/div>\r\n\t<\/div>\r\n\n\t\t<\/div> <\/div>\n\t<\/div> \n\n\t<div class=\"vc_span4 wpb_column vc_column_container \"><div class=\"vc_column-inner vc_custom_1512386897956\">\n\t\t<div class=\"wpb_wrapper\">\n\t\t\t<h2 style=\"font-size: 30px;color: #353535;line-height: 28px;text-align: left\" class=\"vc_custom_heading\" >VOUS VOULEZ CONNA\u00ceTRE NOS COLLECTIONS ?<\/h2>\n<!-- lists --><div class=\"rd_list_1 rd_list_left\"><style type='text\/css'> @font-face{font-family: 'u12'; src:url('https:\/\/imsatextil.com\/wp-content\/themes\/thefox\/includes\/4k-icons\/icons\/4k-icons-pack04\/icons\/fonts\/u12.eot'); src:url('https:\/\/imsatextil.com\/wp-content\/themes\/thefox\/includes\/4k-icons\/icons\/4k-icons-pack04\/icons\/fonts\/u12.eot?#iefix') format('embedded-opentype'), url('https:\/\/imsatextil.com\/wp-content\/themes\/thefox\/includes\/4k-icons\/icons\/4k-icons-pack04\/icons\/fonts\/u12.woff') format('woff'), url('https:\/\/imsatextil.com\/wp-content\/themes\/thefox\/includes\/4k-icons\/icons\/4k-icons-pack04\/icons\/fonts\/u12.ttf') format('truetype'), url('https:\/\/imsatextil.com\/wp-content\/themes\/thefox\/includes\/4k-icons\/icons\/4k-icons-pack04\/icons\/fonts\/u12.svg#oi') format('svg'); font-weight: normal; font-style: normal;}#rand_1rapifdp09llkphj6pm2 .u12-human8:before{font-family: 'u12'; font-weight: normal; font-style: normal;}#rand_1rapifdp09llkphj6pm2 .u12-human8:before{content: \"\\e829\";}<\/style>\n<style type=\"text\/css\" >.rd_list_1 .list_item_ctn { border-color:#ecf0f1}.rd_list_1 #rand_1rapifdp09llkphj6pm2 .list_icn i,.rd_list_1_alt #rand_1rapifdp09llkphj6pm2 .list_icn i{color:#4a4f55;}.rd_list_2 #rand_1rapifdp09llkphj6pm2:after{background:#4a4f55;}.rd_list_2 #rand_1rapifdp09llkphj6pm2 .list_icn i{color:#4a4f55;}.rd_list_3 #rand_1rapifdp09llkphj6pm2 .list_icn,.rd_list_5 #rand_1rapifdp09llkphj6pm2 .list_icn,.rd_list_6 #rand_1rapifdp09llkphj6pm2 .list_icn{background:#4a4f55;}.rd_list_4 #rand_1rapifdp09llkphj6pm2{background:#4a4f55;}#rand_1rapifdp09llkphj6pm2 h3{color:#000000;}#rand_1rapifdp09llkphj6pm2 p{color:#4a4f55;}.rd_list_7 #rand_1rapifdp09llkphj6pm2 .list_icn{color:#4a4f55;}<\/style><div class=\"list_item_ctn\" id=\"rand_1rapifdp09llkphj6pm2\"><div class=\"list_icn\"><i class=\"u12-human8\"><\/i><\/div><div class=\"list_desc\"><p>Adressez-vous \u00e0 <\/p><\/div><\/div><style type='text\/css'> @font-face{font-family: 'dr'; src:url('https:\/\/imsatextil.com\/wp-content\/themes\/thefox\/includes\/4k-icons\/icons\/4k-icons-pack01\/icons\/fonts\/dr.eot'); src:url('https:\/\/imsatextil.com\/wp-content\/themes\/thefox\/includes\/4k-icons\/icons\/4k-icons-pack01\/icons\/fonts\/dr.eot?#iefix') format('embedded-opentype'), url('https:\/\/imsatextil.com\/wp-content\/themes\/thefox\/includes\/4k-icons\/icons\/4k-icons-pack01\/icons\/fonts\/dr.woff') format('woff'), url('https:\/\/imsatextil.com\/wp-content\/themes\/thefox\/includes\/4k-icons\/icons\/4k-icons-pack01\/icons\/fonts\/dr.ttf') format('truetype'), url('https:\/\/imsatextil.com\/wp-content\/themes\/thefox\/includes\/4k-icons\/icons\/4k-icons-pack01\/icons\/fonts\/dr.svg#oi') format('svg'); font-weight: normal; font-style: normal;}#rand_rle5qt71eb27b4kgij3v .dr-mail5:before{font-family: 'dr'; font-weight: normal; font-style: normal;}#rand_rle5qt71eb27b4kgij3v .dr-mail5:before{content: \"\\e82e\";}<\/style>\n<style type=\"text\/css\" >.rd_list_1 .list_item_ctn { border-color:#ecf0f1}.rd_list_1 #rand_rle5qt71eb27b4kgij3v .list_icn i,.rd_list_1_alt #rand_rle5qt71eb27b4kgij3v .list_icn i{color:#4a4f55;}.rd_list_2 #rand_rle5qt71eb27b4kgij3v:after{background:#4a4f55;}.rd_list_2 #rand_rle5qt71eb27b4kgij3v .list_icn i{color:#4a4f55;}.rd_list_3 #rand_rle5qt71eb27b4kgij3v .list_icn,.rd_list_5 #rand_rle5qt71eb27b4kgij3v .list_icn,.rd_list_6 #rand_rle5qt71eb27b4kgij3v .list_icn{background:#4a4f55;}.rd_list_4 #rand_rle5qt71eb27b4kgij3v{background:#4a4f55;}#rand_rle5qt71eb27b4kgij3v h3{color:#000000;}#rand_rle5qt71eb27b4kgij3v p{color:#4a4f55;}.rd_list_7 #rand_rle5qt71eb27b4kgij3v .list_icn{color:#4a4f55;}<\/style><div class=\"list_item_ctn\" id=\"rand_rle5qt71eb27b4kgij3v\"><div class=\"list_icn\"><i class=\"dr-mail5\"><\/i><\/div><a href=\"mailto:imsa.textil@murtra.com\" target=\"_blank\"><div class=\"list_desc\"><p>imsa.textil@murtra.com<\/p><\/a><\/div><\/div><style type='text\/css'> @font-face{font-family: 'imf'; src:url('https:\/\/imsatextil.com\/wp-content\/themes\/thefox\/includes\/4k-icons\/icons\/4k-icons-pack03\/icons\/fonts\/imf.eot'); src:url('https:\/\/imsatextil.com\/wp-content\/themes\/thefox\/includes\/4k-icons\/icons\/4k-icons-pack03\/icons\/fonts\/imf.eot?#iefix') format('embedded-opentype'), url('https:\/\/imsatextil.com\/wp-content\/themes\/thefox\/includes\/4k-icons\/icons\/4k-icons-pack03\/icons\/fonts\/imf.woff') format('woff'), url('https:\/\/imsatextil.com\/wp-content\/themes\/thefox\/includes\/4k-icons\/icons\/4k-icons-pack03\/icons\/fonts\/imf.ttf') format('truetype'), url('https:\/\/imsatextil.com\/wp-content\/themes\/thefox\/includes\/4k-icons\/icons\/4k-icons-pack03\/icons\/fonts\/imf.svg#oi') format('svg'); font-weight: normal; font-style: normal;}#rand_9pst21kg3qsww8t448mk .imf-phone-5:before{font-family: 'imf'; font-weight: normal; font-style: normal;}#rand_9pst21kg3qsww8t448mk .imf-phone-5:before{content: \"\\e0e4\";}<\/style>\n<style type=\"text\/css\" >.rd_list_1 .list_item_ctn { border-color:#ecf0f1}.rd_list_1 #rand_9pst21kg3qsww8t448mk .list_icn i,.rd_list_1_alt #rand_9pst21kg3qsww8t448mk .list_icn i{color:#4a4f55;}.rd_list_2 #rand_9pst21kg3qsww8t448mk:after{background:#4a4f55;}.rd_list_2 #rand_9pst21kg3qsww8t448mk .list_icn i{color:#4a4f55;}.rd_list_3 #rand_9pst21kg3qsww8t448mk .list_icn,.rd_list_5 #rand_9pst21kg3qsww8t448mk .list_icn,.rd_list_6 #rand_9pst21kg3qsww8t448mk .list_icn{background:#4a4f55;}.rd_list_4 #rand_9pst21kg3qsww8t448mk{background:#4a4f55;}#rand_9pst21kg3qsww8t448mk h3{color:#000000;}#rand_9pst21kg3qsww8t448mk p{color:#4a4f55;}.rd_list_7 #rand_9pst21kg3qsww8t448mk .list_icn{color:#4a4f55;}<\/style><div class=\"list_item_ctn\" id=\"rand_9pst21kg3qsww8t448mk\"><div class=\"list_icn\"><i class=\"imf-phone-5\"><\/i><\/div><div class=\"list_desc\"><p>+34 938 464 996<\/p><\/div><\/div><style type='text\/css'> @font-face{font-family: ''; src:url('https:\/\/imsatextil.com\/wp-content\/themes\/thefox\/includes\/4k-icons\/icons\/fonts\/.eot'); src:url('https:\/\/imsatextil.com\/wp-content\/themes\/thefox\/includes\/4k-icons\/icons\/fonts\/.eot?#iefix') format('embedded-opentype'), url('https:\/\/imsatextil.com\/wp-content\/themes\/thefox\/includes\/4k-icons\/icons\/fonts\/.woff') format('woff'), url('https:\/\/imsatextil.com\/wp-content\/themes\/thefox\/includes\/4k-icons\/icons\/fonts\/.ttf') format('truetype'), url('https:\/\/imsatextil.com\/wp-content\/themes\/thefox\/includes\/4k-icons\/icons\/fonts\/.svg#oi') format('svg'); font-weight: normal; font-style: normal;}#rand_lrfv10bjx9g948h8qhxr .:before{font-family: ''; font-weight: normal; font-style: normal;}#rand_lrfv10bjx9g948h8qhxr .:before{content: \"\";}<\/style>\n<style type=\"text\/css\" >.rd_list_1 .list_item_ctn { border-color:#ecf0f1}.rd_list_1 #rand_lrfv10bjx9g948h8qhxr .list_icn i,.rd_list_1_alt #rand_lrfv10bjx9g948h8qhxr .list_icn i{color:#000000;}.rd_list_2 #rand_lrfv10bjx9g948h8qhxr:after{background:#4a4f55;}.rd_list_2 #rand_lrfv10bjx9g948h8qhxr .list_icn i{color:#000000;}.rd_list_3 #rand_lrfv10bjx9g948h8qhxr .list_icn,.rd_list_5 #rand_lrfv10bjx9g948h8qhxr .list_icn,.rd_list_6 #rand_lrfv10bjx9g948h8qhxr .list_icn{background:#000000;}.rd_list_4 #rand_lrfv10bjx9g948h8qhxr{background:#000000;}#rand_lrfv10bjx9g948h8qhxr h3{color:#000000;}#rand_lrfv10bjx9g948h8qhxr p{color:#4a4f55;}.rd_list_7 #rand_lrfv10bjx9g948h8qhxr .list_icn{color:#000000;}<\/style><div class=\"list_item_ctn\" id=\"rand_lrfv10bjx9g948h8qhxr\"><div class=\"list_icn\"><i class=\"\"><\/i><\/div><div class=\"list_desc\"><\/div><\/div><\/div>\r\n\r\n<!-- lists END-->\n\n\t\t<\/div> <\/div>\n\t<\/div> \n\n\t<div class=\"vc_span4 wpb_column vc_column_container \"><div class=\"vc_column-inner vc_custom_1512387731630\">\n\t\t<div class=\"wpb_wrapper\">\n\t\t\t<h3 style=\"font-size: 30px;color: #ffffff;line-height: 24px;text-align: left;font-family:Abel;font-weight:400;font-style:normal\" class=\"vc_custom_heading vc_custom_1516370745092\" >Contactez avec nous<\/h3><style type=\"text\/css\" >#rd_n275kaqe9yxmbc8lld7o .wpcf7,#rd_n275kaqe9yxmbc8lld7o input:not([type=submit]),#rd_n275kaqe9yxmbc8lld7o textarea,#rd_n275kaqe9yxmbc8lld7o .wpcf7 select,#rd_n275kaqe9yxmbc8lld7o .wpcf7 input[type=\"checkbox\"]:checked{color:#000000;}#rd_n275kaqe9yxmbc8lld7o .wpcf7 input[type=\"checkbox\"]{background:rgba(0,0,0,0); color:rgba(0,0,0,0);}#rd_n275kaqe9yxmbc8lld7o ::-webkit-input-placeholder{color:#4a4f55;}#rd_n275kaqe9yxmbc8lld7o :-moz-placeholder{color:#4a4f55;}#rd_n275kaqe9yxmbc8lld7o ::-moz-placeholder{color:#4a4f55;}#rd_n275kaqe9yxmbc8lld7o :-ms-input-placeholder{color:#4a4f55;}#rd_n275kaqe9yxmbc8lld7o .wpcf7 select{color:#4a4f55;}#rd_n275kaqe9yxmbc8lld7o .wpcf7 input[type=submit]{font-size:14px; font-weight:700; border-radius:5px; padding:9px 20px 10px; letter-spacing: 1.5px; border:2px solid; min-width:230px;}#rd_n275kaqe9yxmbc8lld7o .wpcf7 input[type=submit]:hover {background:#ffffff; border-color:#ffffff; color:#ffffff !important;}#rd_n275kaqe9yxmbc8lld7o .wpcf7 textarea{height:110px;}#rd_n275kaqe9yxmbc8lld7o .wpcf7 input:not([type=submit]),#rd_n275kaqe9yxmbc8lld7o textarea,#rd_n275kaqe9yxmbc8lld7o .wpcf7 select{border-radius:0px;}#rd_n275kaqe9yxmbc8lld7o .wpcf7 input:not([type=submit]),#rd_n275kaqe9yxmbc8lld7o textarea,#rd_n275kaqe9yxmbc8lld7o .wpcf7 input[type=submit],#rd_n275kaqe9yxmbc8lld7o .wpcf7 select{margin-top:3px;}#rd_n275kaqe9yxmbc8lld7o p{margin-bottom:23px;}#rd_n275kaqe9yxmbc8lld7o .wpcf7 input:not([type=submit]),#rd_n275kaqe9yxmbc8lld7o .wpcf7  textarea,#rd_n275kaqe9yxmbc8lld7o .wpcf7 select{border:1px solid #ecf0f1; background:#ffffff;}#rd_n275kaqe9yxmbc8lld7o .wpcf7 input[type=submit]{background:#000000; color:#ffffff !important;}<\/style><div id=\"rd_n275kaqe9yxmbc8lld7o\" class=\"\"><div role=\"form\" class=\"wpcf7\" id=\"wpcf7-f280-o1\" lang=\"es-ES\" dir=\"ltr\">\n<div class=\"screen-reader-response\"><\/div>\n<form action=\"\/fr\/wp-json\/wp\/v2\/pages\/271#wpcf7-f280-o1\" method=\"post\" class=\"wpcf7-form\" novalidate=\"novalidate\">\n<div style=\"display: none;\">\n<input type=\"hidden\" name=\"_wpcf7\" value=\"280\" \/>\n<input type=\"hidden\" name=\"_wpcf7_version\" value=\"4.8\" \/>\n<input type=\"hidden\" name=\"_wpcf7_locale\" value=\"es_ES\" \/>\n<input type=\"hidden\" name=\"_wpcf7_unit_tag\" value=\"wpcf7-f280-o1\" \/>\n<input type=\"hidden\" name=\"_wpcf7_container_post\" value=\"0\" \/>\n<input type=\"hidden\" name=\"_wpcf7_nonce\" value=\"1a60cd9a6a\" \/>\n<\/div>\n<p><span class=\"wpcf7-form-control-wrap your-name\"><input type=\"text\" name=\"your-name\" value=\"\" size=\"40\" class=\"wpcf7-form-control wpcf7-text wpcf7-validates-as-required\" aria-required=\"true\" aria-invalid=\"false\" placeholder=\"Pr\u00e9nom\" \/><\/span><span class=\"wpcf7-form-control-wrap your-phone\"><input type=\"tel\" name=\"your-phone\" value=\"\" size=\"40\" class=\"wpcf7-form-control wpcf7-text wpcf7-tel wpcf7-validates-as-required wpcf7-validates-as-tel\" aria-required=\"true\" aria-invalid=\"false\" placeholder=\"T\u00e9l\u00e9phone\" \/><\/span><span class=\"wpcf7-form-control-wrap your-recipient\"><select name=\"your-recipient\" class=\"wpcf7-form-control wpcf7-select wpcf7-validates-as-required\" aria-required=\"true\" aria-invalid=\"false\"><option value=\"\">Choisissez votre r\u00e9gion (pays)<\/option><option value=\"Catalunya\">Catalunya<\/option><option value=\"Madrid\">Madrid<\/option><option value=\"Galicia\">Galicia<\/option><option value=\"Andalucia\">Andalucia<\/option><option value=\"C. Valenciana y Murcia\">C. Valenciana y Murcia<\/option><option value=\"Arag\u00f3n, P. Vasco, Navarra y La Rioja\">Arag\u00f3n, P. Vasco, Navarra y La Rioja<\/option><option value=\"Portugal\">Portugal<\/option><option value=\"South of France\">South of France<\/option><option value=\"Germany\">Germany<\/option><option value=\"Netherlands\">Netherlands<\/option><option value=\"Belgium\">Belgium<\/option><option value=\"Poland\">Poland<\/option><option value=\"Lithuania\">Lithuania<\/option><option value=\"Russia\">Russia<\/option><option value=\"Greece\">Greece<\/option><option value=\"Romania\">Romania<\/option><option value=\"Others\">Others<\/option><\/select><\/span><span class=\"wpcf7-form-control-wrap your-message\"><textarea name=\"your-message\" cols=\"40\" rows=\"10\" class=\"wpcf7-form-control wpcf7-textarea wpcf7-validates-as-required\" aria-required=\"true\" aria-invalid=\"false\" placeholder=\"Message\"><\/textarea><\/span>\n<div class=\"wpcf7-form-control-wrap\"><div data-sitekey=\"6Ld2jD0aAAAAAHYm2W8n5of_rJn0uE7794AH11NM\" data-theme=\"dark\" class=\"wpcf7-form-control g-recaptcha wpcf7-recaptcha\"><\/div>\n<noscript>\n\t<div style=\"width: 302px; height: 422px;\">\n\t\t<div style=\"width: 302px; height: 422px; position: relative;\">\n\t\t\t<div style=\"width: 302px; height: 422px; position: absolute;\">\n\t\t\t\t<iframe src=\"https:\/\/www.google.com\/recaptcha\/api\/fallback?k=6Ld2jD0aAAAAAHYm2W8n5of_rJn0uE7794AH11NM\" frameborder=\"0\" scrolling=\"no\" style=\"width: 302px; height:422px; border-style: none;\">\n\t\t\t\t<\/iframe>\n\t\t\t<\/div>\n\t\t\t<div style=\"width: 300px; height: 60px; border-style: none; bottom: 12px; left: 25px; margin: 0px; padding: 0px; right: 25px; background: #f9f9f9; border: 1px solid #c1c1c1; border-radius: 3px;\">\n\t\t\t\t<textarea id=\"g-recaptcha-response\" name=\"g-recaptcha-response\" class=\"g-recaptcha-response\" style=\"width: 250px; height: 40px; border: 1px solid #c1c1c1; margin: 10px 25px; padding: 0px; resize: none;\">\n\t\t\t\t<\/textarea>\n\t\t\t<\/div>\n\t\t<\/div>\n\t<\/div>\n<\/noscript>\n<\/div>\n<p><input type=\"submit\" value=\"ENVOYER\" class=\"wpcf7-form-control wpcf7-submit\" \/><\/p>\n<div class=\"wpcf7-response-output wpcf7-display-none\"><\/div><\/form><\/div><\/div>\n\t\t<\/div> <\/div>\n\t<\/div> \n<\/div>\n","protected":false},"excerpt":{"rendered":"<p>IMSA Nous desservons dans toute l\u2019Europe VOUS VOULEZ CONNA\u00ceTRE NOS COLLECTIONS ? Adressez-vous \u00e0 imsa.textil@murtra.com +34 938 464 996 Contactez avec nous Choisissez votre r\u00e9gion (pays)CatalunyaMadridGaliciaAndaluciaC. Valenciana y MurciaArag\u00f3n, P. Vasco, Navarra y La RiojaPortugalSouth of FranceGermanyNetherlandsBelgiumPolandLithuaniaRussiaGreeceRomaniaOthers<br \/><a href=\"https:\/\/imsatextil.com\/fr\/contact\/\" class=\"more\">Read more<\/a><\/p>\n","protected":false},"author":1,"featured_media":0,"parent":0,"menu_order":0,"comment_status":"closed","ping_status":"closed","template":"","meta":{"footnotes":""},"class_list":["post-271","page","type-page","status-publish","hentry"],"_links":{"self":[{"href":"https:\/\/imsatextil.com\/fr\/wp-json\/wp\/v2\/pages\/271","targetHints":{"allow":["GET"]}}],"collection":[{"href":"https:\/\/imsatextil.com\/fr\/wp-json\/wp\/v2\/pages"}],"about":[{"href":"https:\/\/imsatextil.com\/fr\/wp-json\/wp\/v2\/types\/page"}],"author":[{"embeddable":true,"href":"https:\/\/imsatextil.com\/fr\/wp-json\/wp\/v2\/users\/1"}],"replies":[{"embeddable":true,"href":"https:\/\/imsatextil.com\/fr\/wp-json\/wp\/v2\/comments?post=271"}],"version-history":[{"count":6,"href":"https:\/\/imsatextil.com\/fr\/wp-json\/wp\/v2\/pages\/271\/revisions"}],"predecessor-version":[{"id":7528,"href":"https:\/\/imsatextil.com\/fr\/wp-json\/wp\/v2\/pages\/271\/revisions\/7528"}],"wp:attachment":[{"href":"https:\/\/imsatextil.com\/fr\/wp-json\/wp\/v2\/media?parent=271"}],"curies":[{"name":"wp","href":"https:\/\/api.w.org\/{rel}","templated":true}]}}