{"id":292,"date":"2017-11-20T09:56:49","date_gmt":"2017-11-20T09:56:49","guid":{"rendered":"http:\/\/imsa.b.wetopi.com\/home\/"},"modified":"2026-01-23T13:06:48","modified_gmt":"2026-01-23T13:06:48","slug":"home","status":"publish","type":"page","link":"https:\/\/imsatextil.com\/fr\/","title":{"rendered":"Home"},"content":{"rendered":"<div  id='first-row'  class=\"vc_row wpb_row vc_row-fluid vc_custom_1726576619499 full-width-section \">\n\t<div class=\"vc_span7 wpb_column vc_column_container \"><div class=\"vc_column-inner \">\n\t\t<div class=\"wpb_wrapper\">\n\t\t\t\n\t\t<\/div> <\/div>\n\t<\/div> \n\n\t<div class=\"vc_span5 wpb_column vc_column_container \"><div class=\"vc_column-inner vc_custom_1511173402413\">\n\t\t<div class=\"wpb_wrapper\">\n\t\t\t<h1 style=\"color: #ffffff;text-align: left\" class=\"vc_custom_heading vc_custom_1516371846521\" >QUE POUVONS-NOUS VOUS OFFRIR ?<\/h1>\r\n\t<div class=\"wpb_single_image wpb_content_element vc_align_left\">\r\n\t\t<div class=\"wpb_wrapper\">\r\n\t\t\t\r\n\t\t\t<div class=\"vc_single_image-wrapper   vc_box_border_grey\"><img loading=\"lazy\" decoding=\"async\" width=\"181\" height=\"7\" src=\"https:\/\/imsatextil.com\/wp-content\/uploads\/2017\/11\/separator.png\" class=\"vc_single_image-img attachment-full\" alt=\"\" \/><\/div>\r\n\t\t<\/div>\r\n\t<\/div>\r\n<h2 style=\"font-size: 26px;color: #ffffff;line-height: 38px;text-align: left;font-family:PT Sans;font-weight:400;font-style:normal\" class=\"vc_custom_heading\" >IMSA offre \u00e0 sa client\u00e8le<br \/>\nune large vari\u00e9t\u00e9 de tissu qui s\u2019adresse aux femmes \u00e9l\u00e9gantes et aux enfants sages.<\/h2>\n\t<div class=\"wpb_text_column wpb_content_element  vc_custom_1516371891882 \" >\n\t\t<div class=\"wpb_wrapper\" id=\"ct_yyffsgfqt9q0kqndw96w\">\n\t\t\t<p><a href=\"\/fr\/entreprise\/\"><span style=\"color: #ffffff;\">Savoir plus sur l\u2019entreprise\u00a0<\/span> <i class=\"fa fa-angle-double-right\" aria-hidden=\"true\"><\/i><\/a><\/p>\n\n\t\t<\/div> <style type=\"text\/css\" >#ct_yyffsgfqt9q0kqndw96w {font-size:17px;}#ct_yyffsgfqt9q0kqndw96w ,#ct_yyffsgfqt9q0kqndw96w p {line-height:36px;}<\/style>\n\t<\/div> \n\t\t<\/div> <\/div>\n\t<\/div> \n<\/div><div   class=\"vc_row wpb_row vc_row-fluid vc_custom_1511178586056  \">\n\t<div class=\"vc_span12 wpb_column vc_column_container \"><div class=\"vc_column-inner \">\n\t\t<div class=\"wpb_wrapper\">\n\t\t\t<h2 style=\"font-size: 36px;line-height: 41px;text-align: left\" class=\"vc_custom_heading vc_custom_1516787951565\" >NOS COLLECTIONS<\/h2>\r\n\t<div class=\"wpb_single_image wpb_content_element vc_align_left   vc_custom_1511178695259\">\r\n\t\t<div class=\"wpb_wrapper\">\r\n\t\t\t\r\n\t\t\t<div class=\"vc_single_image-wrapper   vc_box_border_grey\"><img loading=\"lazy\" decoding=\"async\" width=\"181\" height=\"7\" src=\"https:\/\/imsatextil.com\/wp-content\/uploads\/2017\/11\/separator_black.png\" class=\"vc_single_image-img attachment-full\" alt=\"\" \/><\/div>\r\n\t\t<\/div>\r\n\t<\/div>\r\n<div class=\"vc_row wpb_row vc_inner vc_row-fluid vc_custom_1511178582124 vc_row-o-equal-height vc_row-flex\"><div class=\"wpb_column vc_column_container vc_span3\"><div class=\"vc_column-inner  vc_custom_1511178659780\"><div class=\"wpb_wrapper\"><h2 style=\"text-align: left\" class=\"vc_custom_heading vc_custom_1516371580905\" >CONSOMMATEUR<br \/>\nEXIGEANT<\/h2>\n\t<div class=\"wpb_text_column wpb_content_element  \" >\n\t\t<div class=\"wpb_wrapper\" id=\"ct_5pchrmlplh2697buu34d\">\n\t\t\t<p>Nous choisissons et faisons le design de nos textiles, en tenant compte des grandes attentes de notre client\u00e8le, parce que nos habillements d\u00e9finissent notre personnalit\u00e9.<\/p>\n\n\t\t<\/div> \n\t<\/div> <\/div><\/div><\/div><div class=\"wpb_column vc_column_container vc_span1 vc_hidden-xs\"><div class=\"vc_column-inner  vc_custom_1511178708234\"><div class=\"wpb_wrapper\"><style type=\"text\/css\" >#l_huc95wz2ikxdwtwjnofm.sc_vline {background:#000000; min-height:130px; width:2px;}#l_huc95wz2ikxdwtwjnofm{margin:0px auto 0px auto; padding:0;}<\/style><div class=\"clearfix\"><\/div><div id=\"l_huc95wz2ikxdwtwjnofm\"  class=\"sc_vline\" ><\/div><\/div><\/div><\/div><div class=\"wpb_column vc_column_container vc_span3\"><div class=\"vc_column-inner  vc_custom_1511178665038\"><div class=\"wpb_wrapper\"><h2 style=\"text-align: left\" class=\"vc_custom_heading vc_custom_1516371606683\" >DESIGN<br \/>\nAVEC VALEUR<\/h2>\n\t<div class=\"wpb_text_column wpb_content_element  \" >\n\t\t<div class=\"wpb_wrapper\" id=\"ct_al19df8lzjjbwhvw3kri\">\n\t\t\t<p>Le design c\u2019est la v\u00e9ritable valeur ajout\u00e9e de nos collections, qui refl\u00e8tent les derni\u00e8res tendances du march\u00e9. Des propositions coordon\u00e9es avec des palettes de couleurs attirantes et actuelles.<\/p>\n\n\t\t<\/div> \n\t<\/div> <\/div><\/div><\/div><div class=\"wpb_column vc_column_container vc_span1 vc_hidden-xs\"><div class=\"vc_column-inner  vc_custom_1511178711450\"><div class=\"wpb_wrapper\"><style type=\"text\/css\" >#l_91iwtfsftjskbdsf5vz7.sc_vline {background:#000000; min-height:130px; width:2px;}#l_91iwtfsftjskbdsf5vz7{margin:0px auto 0px auto; padding:0;}<\/style><div class=\"clearfix\"><\/div><div id=\"l_91iwtfsftjskbdsf5vz7\"  class=\"sc_vline\" ><\/div><\/div><\/div><\/div><div class=\"wpb_column vc_column_container vc_span3\"><div class=\"vc_column-inner  vc_custom_1511178668443\"><div class=\"wpb_wrapper\"><h2 style=\"text-align: left\" class=\"vc_custom_heading vc_custom_1516371630220\" >TISSUS DE<br \/>\nQUALIT\u00c9<\/h2>\n\t<div class=\"wpb_text_column wpb_content_element  \" >\n\t\t<div class=\"wpb_wrapper\" id=\"ct_3nv5nff9fcuv4e6j6vcm\">\n\t\t\t<p>Notre client\u00e8le doit seulement choisir parmi nos collections, l\u2019article qui s\u2019ajuste \u00e0 ses besoins, nos contr\u00f4les de qualit\u00e9s stricts s\u2019assureront que les textiles arrivent en excellent \u00e9tat chez eux.<\/p>\n\n\t\t<\/div> \n\t<\/div> <\/div><\/div><\/div><\/div>\n\t\t<\/div> <\/div>\n\t<\/div> \n<\/div><div   class=\"vc_row wpb_row vc_row-fluid vc_custom_1511178534348  \">\n\t<div class=\"vc_span6 wpb_column vc_column_container \"><div class=\"vc_column-inner vc_custom_1511178571852\">\n\t\t<div class=\"wpb_wrapper\">\n\t\t\t\r\n\t<div class=\"wpb_single_image wpb_content_element vc_align_left\">\r\n\t\t<div class=\"wpb_wrapper\">\r\n\t\t\t\r\n\t\t\t<a href=\"\/fr\/colecciones\/coleccion-p-v-27\/\" target=\"_self\"><div class=\"vc_single_image-wrapper   vc_box_border_grey\"><img loading=\"lazy\" decoding=\"async\" width=\"575\" height=\"699\" src=\"https:\/\/imsatextil.com\/wp-content\/uploads\/2026\/01\/banner_colecciones_FR.jpg\" class=\"vc_single_image-img attachment-full\" alt=\"\" srcset=\"https:\/\/imsatextil.com\/wp-content\/uploads\/2026\/01\/banner_colecciones_FR.jpg 575w, https:\/\/imsatextil.com\/wp-content\/uploads\/2026\/01\/banner_colecciones_FR-247x300.jpg 247w\" sizes=\"auto, (max-width: 575px) 100vw, 575px\" \/><\/div><\/a>\r\n\t\t<\/div>\r\n\t<\/div>\r\n\n\t\t<\/div> <\/div>\n\t<\/div> \n\n\t<div class=\"vc_span6 wpb_column vc_column_container \"><div class=\"vc_column-inner vc_custom_1511178575822\">\n\t\t<div class=\"wpb_wrapper\">\n\t\t\t\r\n\t<div class=\"wpb_single_image wpb_content_element vc_align_left\">\r\n\t\t<div class=\"wpb_wrapper\">\r\n\t\t\t\r\n\t\t\t<a href=\"\/fr\/colecciones\/coleccion-o-i-26\/\" target=\"_self\"><div class=\"vc_single_image-wrapper   vc_box_border_grey\"><img loading=\"lazy\" decoding=\"async\" width=\"575\" height=\"699\" src=\"https:\/\/imsatextil.com\/wp-content\/uploads\/2025\/09\/banner_FR.jpg\" class=\"vc_single_image-img attachment-full\" alt=\"\" srcset=\"https:\/\/imsatextil.com\/wp-content\/uploads\/2025\/09\/banner_FR.jpg 575w, https:\/\/imsatextil.com\/wp-content\/uploads\/2025\/09\/banner_FR-247x300.jpg 247w\" sizes=\"auto, (max-width: 575px) 100vw, 575px\" \/><\/div><\/a>\r\n\t\t<\/div>\r\n\t<\/div>\r\n\n\t\t<\/div> <\/div>\n\t<\/div> \n<\/div><div   class=\"vc_row wpb_row vc_row-fluid vc_custom_1511178534348  \">\n\t<div class=\"vc_span6 wpb_column vc_column_container \"><div class=\"vc_column-inner vc_custom_1511178571852\">\n\t\t<div class=\"wpb_wrapper\">\n\t\t\t\r\n\t<div class=\"wpb_single_image wpb_content_element vc_align_left\">\r\n\t\t<div class=\"wpb_wrapper\">\r\n\t\t\t\r\n\t\t\t<a href=\"\/fr\/colecciones\/coleccion-p-v-26\/\" target=\"_self\"><div class=\"vc_single_image-wrapper   vc_box_border_grey\"><img loading=\"lazy\" decoding=\"async\" width=\"575\" height=\"699\" src=\"https:\/\/imsatextil.com\/wp-content\/uploads\/2025\/01\/banner_colecciones_03-4-2-1_FR.jpg\" class=\"vc_single_image-img attachment-full\" alt=\"\" srcset=\"https:\/\/imsatextil.com\/wp-content\/uploads\/2025\/01\/banner_colecciones_03-4-2-1_FR.jpg 575w, https:\/\/imsatextil.com\/wp-content\/uploads\/2025\/01\/banner_colecciones_03-4-2-1_FR-247x300.jpg 247w\" sizes=\"auto, (max-width: 575px) 100vw, 575px\" \/><\/div><\/a>\r\n\t\t<\/div>\r\n\t<\/div>\r\n\n\t\t<\/div> <\/div>\n\t<\/div> \n\n\t<div class=\"vc_span6 wpb_column vc_column_container \"><div class=\"vc_column-inner vc_custom_1511178575822\">\n\t\t<div class=\"wpb_wrapper\">\n\t\t\t\r\n\t<div class=\"wpb_single_image wpb_content_element vc_align_left\">\r\n\t\t<div class=\"wpb_wrapper\">\r\n\t\t\t\r\n\t\t\t<a href=\"\/fr\/colecciones\/coleccion-o-i-25\/\" target=\"_self\"><div class=\"vc_single_image-wrapper   vc_box_border_grey\"><img loading=\"lazy\" decoding=\"async\" width=\"575\" height=\"699\" src=\"https:\/\/imsatextil.com\/wp-content\/uploads\/2024\/09\/banner_colecciones_FR.jpg\" class=\"vc_single_image-img attachment-full\" alt=\"\" srcset=\"https:\/\/imsatextil.com\/wp-content\/uploads\/2024\/09\/banner_colecciones_FR.jpg 575w, https:\/\/imsatextil.com\/wp-content\/uploads\/2024\/09\/banner_colecciones_FR-247x300.jpg 247w\" sizes=\"auto, (max-width: 575px) 100vw, 575px\" \/><\/div><\/a>\r\n\t\t<\/div>\r\n\t<\/div>\r\n\n\t\t<\/div> <\/div>\n\t<\/div> \n<\/div><div   class=\"vc_row wpb_row vc_row-fluid vc_custom_1511178534348  \">\n\t<div class=\"vc_span6 wpb_column vc_column_container \"><div class=\"vc_column-inner vc_custom_1511178571852\">\n\t\t<div class=\"wpb_wrapper\">\n\t\t\t\r\n\t<div class=\"wpb_single_image wpb_content_element vc_align_left\">\r\n\t\t<div class=\"wpb_wrapper\">\r\n\t\t\t\r\n\t\t\t<a href=\"\/fr\/colecciones\/colecciones-coleccion-p-v-25\/\" target=\"_self\"><div class=\"vc_single_image-wrapper   vc_box_border_grey\"><img loading=\"lazy\" decoding=\"async\" width=\"575\" height=\"699\" src=\"https:\/\/imsatextil.com\/wp-content\/uploads\/2024\/01\/printemps-ete-2025.jpg\" class=\"vc_single_image-img attachment-full\" alt=\"\" srcset=\"https:\/\/imsatextil.com\/wp-content\/uploads\/2024\/01\/printemps-ete-2025.jpg 575w, https:\/\/imsatextil.com\/wp-content\/uploads\/2024\/01\/printemps-ete-2025-247x300.jpg 247w\" sizes=\"auto, (max-width: 575px) 100vw, 575px\" \/><\/div><\/a>\r\n\t\t<\/div>\r\n\t<\/div>\r\n\n\t\t<\/div> <\/div>\n\t<\/div> \n\n\t<div class=\"vc_span6 wpb_column vc_column_container \"><div class=\"vc_column-inner vc_custom_1511178575822\">\n\t\t<div class=\"wpb_wrapper\">\n\t\t\t\r\n\t<div class=\"wpb_single_image wpb_content_element vc_align_left\">\r\n\t\t<div class=\"wpb_wrapper\">\r\n\t\t\t\r\n\t\t\t<a href=\"\/fr\/colecciones\/coleccion-p-v-24\/\" target=\"_self\"><div class=\"vc_single_image-wrapper   vc_box_border_grey\"><img loading=\"lazy\" decoding=\"async\" width=\"575\" height=\"699\" src=\"https:\/\/imsatextil.com\/wp-content\/uploads\/2023\/07\/banner_colecciones_24_FR.jpg\" class=\"vc_single_image-img attachment-full\" alt=\"\" srcset=\"https:\/\/imsatextil.com\/wp-content\/uploads\/2023\/07\/banner_colecciones_24_FR.jpg 575w, https:\/\/imsatextil.com\/wp-content\/uploads\/2023\/07\/banner_colecciones_24_FR-247x300.jpg 247w\" sizes=\"auto, (max-width: 575px) 100vw, 575px\" \/><\/div><\/a>\r\n\t\t<\/div>\r\n\t<\/div>\r\n\n\t\t<\/div> <\/div>\n\t<\/div> \n<\/div><div   class=\"vc_row wpb_row vc_row-fluid vc_custom_1511178534348  \">\n\t<div class=\"vc_span6 wpb_column vc_column_container \"><div class=\"vc_column-inner vc_custom_1511178571852\">\n\t\t<div class=\"wpb_wrapper\">\n\t\t\t\r\n\t<div class=\"wpb_single_image wpb_content_element vc_align_left\">\r\n\t\t<div class=\"wpb_wrapper\">\r\n\t\t\t\r\n\t\t\t<a href=\"\/fr\/colecciones\/coleccion-p-v-24\/\" target=\"_self\"><div class=\"vc_single_image-wrapper   vc_box_border_grey\"><img loading=\"lazy\" decoding=\"async\" width=\"575\" height=\"699\" src=\"https:\/\/imsatextil.com\/wp-content\/uploads\/2023\/02\/Banner_FR_2024.jpg\" class=\"vc_single_image-img attachment-full\" alt=\"\" srcset=\"https:\/\/imsatextil.com\/wp-content\/uploads\/2023\/02\/Banner_FR_2024.jpg 575w, https:\/\/imsatextil.com\/wp-content\/uploads\/2023\/02\/Banner_FR_2024-247x300.jpg 247w\" sizes=\"auto, (max-width: 575px) 100vw, 575px\" \/><\/div><\/a>\r\n\t\t<\/div>\r\n\t<\/div>\r\n\n\t\t<\/div> <\/div>\n\t<\/div> \n\n\t<div class=\"vc_span6 wpb_column vc_column_container \"><div class=\"vc_column-inner vc_custom_1511178575822\">\n\t\t<div class=\"wpb_wrapper\">\n\t\t\t\r\n\t<div class=\"wpb_single_image wpb_content_element vc_align_left\">\r\n\t\t<div class=\"wpb_wrapper\">\r\n\t\t\t\r\n\t\t\t<a href=\"\/fr\/colecciones\/coleccion-o-i-23\/\" target=\"_self\"><div class=\"vc_single_image-wrapper   vc_box_border_grey\"><img loading=\"lazy\" decoding=\"async\" width=\"575\" height=\"699\" src=\"https:\/\/imsatextil.com\/wp-content\/uploads\/2022\/08\/banner_colecciones_Invierno_FR.jpg\" class=\"vc_single_image-img attachment-full\" alt=\"\" srcset=\"https:\/\/imsatextil.com\/wp-content\/uploads\/2022\/08\/banner_colecciones_Invierno_FR.jpg 575w, https:\/\/imsatextil.com\/wp-content\/uploads\/2022\/08\/banner_colecciones_Invierno_FR-247x300.jpg 247w\" sizes=\"auto, (max-width: 575px) 100vw, 575px\" \/><\/div><\/a>\r\n\t\t<\/div>\r\n\t<\/div>\r\n\n\t\t<\/div> <\/div>\n\t<\/div> \n<\/div>\n","protected":false},"excerpt":{"rendered":"<p>QUE POUVONS-NOUS VOUS OFFRIR ? IMSA offre \u00e0 sa client\u00e8le une large vari\u00e9t\u00e9 de tissu qui s\u2019adresse aux femmes \u00e9l\u00e9gantes et aux enfants sages. Savoir plus sur l\u2019entreprise\u00a0 NOS COLLECTIONS CONSOMMATEUR EXIGEANT Nous choisissons et faisons le design de nos textiles, en tenant compte des grandes attentes de notre client\u00e8le, parce que nos habillements d\u00e9finissent<br \/><a href=\"https:\/\/imsatextil.com\/fr\/\" class=\"more\">Read more<\/a><\/p>\n","protected":false},"author":1,"featured_media":0,"parent":0,"menu_order":0,"comment_status":"closed","ping_status":"closed","template":"","meta":{"footnotes":""},"class_list":["post-292","page","type-page","status-publish","hentry"],"_links":{"self":[{"href":"https:\/\/imsatextil.com\/fr\/wp-json\/wp\/v2\/pages\/292","targetHints":{"allow":["GET"]}}],"collection":[{"href":"https:\/\/imsatextil.com\/fr\/wp-json\/wp\/v2\/pages"}],"about":[{"href":"https:\/\/imsatextil.com\/fr\/wp-json\/wp\/v2\/types\/page"}],"author":[{"embeddable":true,"href":"https:\/\/imsatextil.com\/fr\/wp-json\/wp\/v2\/users\/1"}],"replies":[{"embeddable":true,"href":"https:\/\/imsatextil.com\/fr\/wp-json\/wp\/v2\/comments?post=292"}],"version-history":[{"count":10,"href":"https:\/\/imsatextil.com\/fr\/wp-json\/wp\/v2\/pages\/292\/revisions"}],"predecessor-version":[{"id":11276,"href":"https:\/\/imsatextil.com\/fr\/wp-json\/wp\/v2\/pages\/292\/revisions\/11276"}],"wp:attachment":[{"href":"https:\/\/imsatextil.com\/fr\/wp-json\/wp\/v2\/media?parent=292"}],"curies":[{"name":"wp","href":"https:\/\/api.w.org\/{rel}","templated":true}]}}