{"id":310,"date":"2017-12-15T09:51:08","date_gmt":"2017-12-15T09:51:08","guid":{"rendered":"http:\/\/imsa.b.wetopi.com\/coleccion-p-v-18\/"},"modified":"2018-01-30T10:36:01","modified_gmt":"2018-01-30T10:36:01","slug":"coleccion-p-v-19","status":"publish","type":"page","link":"https:\/\/imsatextil.com\/fr\/colecciones\/coleccion-p-v-19\/","title":{"rendered":"Collection P\/V 19"},"content":{"rendered":"<div  id='first-row'  class=\"vc_row wpb_row vc_row-fluid full-width-content \">\n\t<div class=\"vc_span12 wpb_column vc_column_container \"><div class=\"vc_column-inner \">\n\t\t<div class=\"wpb_wrapper\">\n\t\t\t\r\n\t<div class=\"wpb_single_image wpb_content_element vc_align_center\">\r\n\t\t<div class=\"wpb_wrapper\">\r\n\t\t\t\r\n\t\t\t<div class=\"vc_single_image-wrapper   vc_box_border_grey\"><img loading=\"lazy\" decoding=\"async\" width=\"1437\" height=\"192\" src=\"https:\/\/imsatextil.com\/wp-content\/uploads\/2017\/12\/header_ss18.jpg\" class=\"vc_single_image-img attachment-full\" alt=\"\" srcset=\"https:\/\/imsatextil.com\/wp-content\/uploads\/2017\/12\/header_ss18.jpg 1437w, https:\/\/imsatextil.com\/wp-content\/uploads\/2017\/12\/header_ss18-300x40.jpg 300w, https:\/\/imsatextil.com\/wp-content\/uploads\/2017\/12\/header_ss18-768x103.jpg 768w, https:\/\/imsatextil.com\/wp-content\/uploads\/2017\/12\/header_ss18-1024x137.jpg 1024w\" sizes=\"auto, (max-width: 1437px) 100vw, 1437px\" \/><\/div>\r\n\t\t<\/div>\r\n\t<\/div>\r\n\n\t\t<\/div> <\/div>\n\t<\/div> \n<\/div><div   class=\"vc_row wpb_row vc_row-fluid  \">\n\t<div class=\"vc_span12 wpb_column vc_column_container \"><div class=\"vc_column-inner \">\n\t\t<div class=\"wpb_wrapper\">\n\t\t\t<h2 style=\"text-align: left\" class=\"vc_custom_heading\" >PRINTEMPS \/ \u00cbT\u00c9 2019<\/h2>\r\n\t<div class=\"wpb_single_image wpb_content_element vc_align_left\">\r\n\t\t<div class=\"wpb_wrapper\">\r\n\t\t\t\r\n\t\t\t<div class=\"vc_single_image-wrapper   vc_box_border_grey\"><img loading=\"lazy\" decoding=\"async\" width=\"181\" height=\"7\" src=\"https:\/\/imsatextil.com\/wp-content\/uploads\/2017\/11\/separator_black.png\" class=\"vc_single_image-img attachment-full\" alt=\"\" \/><\/div>\r\n\t\t<\/div>\r\n\t<\/div>\r\n<div class=\"vc_row wpb_row vc_inner vc_row-fluid\"><div class=\"wpb_column vc_column_container vc_span6\"><div class=\"vc_column-inner  \"><div class=\"wpb_wrapper\">\n\t<div class=\"wpb_text_column wpb_content_element  \" >\n\t\t<div class=\"wpb_wrapper\" id=\"ct_75aj1rgt810n7wxxxc01\">\n\t\t\t<p>Dans cette collection vous trouverez des tissus sophistiqu\u00e9s avec du lurex, foils, paillettes, pliss\u00e9s et une grande vari\u00e9t\u00e9 de broderies sur tulles ou bases de coton. Pour l\u2019\u00e9t\u00e9, on vous propose des fibres naturelles et artificielles pr\u00e9sentant une vaste proposition d\u2019articles avec lin et viscose, id\u00e9al pour des v\u00eatements l\u00e9gers et confortables, ainsi que pour des v\u00eatements pour enfant. Cet \u00e9t\u00e9, nous augmenterons nos collections de broderies avec de nouveaux motifs, ajoutant une touche de couleur aussi bien en imprim\u00e9 ou en brod\u00e9, en outre d\u2019augmenter nos articles dans popeline de coton, un classique de nos collections estivales. <\/p>\n\n\t\t<\/div> \n\t<\/div> <\/div><\/div><\/div><div class=\"wpb_column vc_column_container vc_span6\"><div class=\"vc_column-inner  \"><div class=\"wpb_wrapper\">\n\t<div class=\"wpb_text_column wpb_content_element  \" >\n\t\t<div class=\"wpb_wrapper\" id=\"ct_hiq1gwg26nzzpja474fn\">\n\t\t\t<p>Nos offres incorporent aussi doubles \u00e9toffe et jacquards qui combinent parfaitement avec le reste de notre collection. Pour des v\u00eatements plus colori\u00e9s nous avons d\u2019importantes capsules \u00e0 motifs, avec diff\u00e9rente bases, qui refl\u00e8tent les derni\u00e8res tendances en couleurs et graphisme. Nous vous offrons aussi la possibilit\u00e9 de d\u00e9velopper vos propre graphisme sur nos bases, il vous faut tenir en compte que nous demandons un minimum de 300 \u00e0 1.000 m\u00e8tres par couleur exclusive. Vous trouverez des articles qui s\u2019offrent seulement en coloris blanc, \u00e9cru ou PFD, mais nous vous informons que dans ce cas, vous avez la possibilit\u00e9 d\u2019avoir votre propre coloris, n\u2019h\u00e9sitez pas \u00e0 nous demander de vous faire un devis.<\/p>\n\n\t\t<\/div> \n\t<\/div> <\/div><\/div><\/div><\/div><style type=\"text\/css\" >#ic_fufqhvvl2yizgy57v5is {margin:0px auto 0px; }#ic_fufqhvvl2yizgy57v5is .owl-prev,#ic_fufqhvvl2yizgy57v5is .owl-next{border-color:#ecf0f1; background:#ffffff; color:#4a4f55; }#ic_fufqhvvl2yizgy57v5is .owl-prev:hover,#ic_fufqhvvl2yizgy57v5is .owl-next:hover{background:#f9fafb; color:#000000; }#ic_fufqhvvl2yizgy57v5is .owl-prev:before,#ic_fufqhvvl2yizgy57v5is .owl-next:after{border-color:#4a4f55; }#ic_fufqhvvl2yizgy57v5is .owl-prev:hover::before,#ic_fufqhvvl2yizgy57v5is .owl-next:hover::after{border-color:#000000; }#ic_fufqhvvl2yizgy57v5is .owl-dot{ background:#ffffff; border-color:#ecf0f1; }#ic_fufqhvvl2yizgy57v5is .owl-dot.active{ background:#000000; border-color:#ecf0f1;}<\/style><script type=\"text\/javascript\" charset=\"utf-8\">\r\n\r\n\t\tjQuery.noConflict();\r\n\t\/\/setup up Carousel\r\n\t\tjQuery(document).ready(function($) {\r\n\t\"use strict\";\r\n\t$(window).load(function(){\r\n\t\t$(\"#ic_fufqhvvl2yizgy57v5is\").owlCarousel({\r\n\t\t\trtl: $(\"body\").hasClass(\"rtl\") ? true : false,\r\n\t\t\tresponsiveClass:true,\r\n\t\t\tcenter:true,\r\n\t\t\tloop:true,\r\n\t\t\tresponsive:{\r\n\t\t\t\t0:{\r\n\t\t\t\t\titems:1,\r\n\t\t\t    },\r\n\t\t\t    780:{\r\n\t\t\t        items:2,\r\n\t\t\t\t},\r\n\t\t\t\t1000:{\r\n\t\t\t\t    items:2,\r\n\t\t\t\t},\r\n\t\t\t},\r\n            scroll: 1,\r\n\t\t\tautoplay:false,\r\n\t   \t \t dots:false,\r\n\t\t\t nav:true,\r\n\t\r\n\t\t});\r\n\t});\r\n});\r\n\r\n<\/script><div class=\"tt_testimonials_ctn rd_ic_center  hover_nav_style \" id=\"ic_fufqhvvl2yizgy57v5is\" style=\"margin-top:0px; margin-bottom:0px;\"><a href=\"https:\/\/imsatextil.com\/wp-content\/uploads\/2018\/01\/6-SS-19-FRANCES-1024x769.jpg\"  rel=\"prettyPhoto[rel-fufqhvvl2yizgy57v5is]\" ><img loading=\"lazy\" decoding=\"async\" width=\"3307\" height=\"2483\" src=\"https:\/\/imsatextil.com\/wp-content\/uploads\/2018\/01\/6-SS-19-FRANCES.jpg\" class=\"attachment-full\" alt=\"\" srcset=\"https:\/\/imsatextil.com\/wp-content\/uploads\/2018\/01\/6-SS-19-FRANCES.jpg 3307w, https:\/\/imsatextil.com\/wp-content\/uploads\/2018\/01\/6-SS-19-FRANCES-300x225.jpg 300w, https:\/\/imsatextil.com\/wp-content\/uploads\/2018\/01\/6-SS-19-FRANCES-768x577.jpg 768w, https:\/\/imsatextil.com\/wp-content\/uploads\/2018\/01\/6-SS-19-FRANCES-1024x769.jpg 1024w\" sizes=\"auto, (max-width: 3307px) 100vw, 3307px\" \/><\/a><a href=\"https:\/\/imsatextil.com\/wp-content\/uploads\/2018\/01\/5-SS-19-FRANCES-1024x769.jpg\"  rel=\"prettyPhoto[rel-fufqhvvl2yizgy57v5is]\" ><img loading=\"lazy\" decoding=\"async\" width=\"3307\" height=\"2483\" src=\"https:\/\/imsatextil.com\/wp-content\/uploads\/2018\/01\/5-SS-19-FRANCES.jpg\" class=\"attachment-full\" alt=\"\" srcset=\"https:\/\/imsatextil.com\/wp-content\/uploads\/2018\/01\/5-SS-19-FRANCES.jpg 3307w, https:\/\/imsatextil.com\/wp-content\/uploads\/2018\/01\/5-SS-19-FRANCES-300x225.jpg 300w, https:\/\/imsatextil.com\/wp-content\/uploads\/2018\/01\/5-SS-19-FRANCES-768x577.jpg 768w, https:\/\/imsatextil.com\/wp-content\/uploads\/2018\/01\/5-SS-19-FRANCES-1024x769.jpg 1024w\" sizes=\"auto, (max-width: 3307px) 100vw, 3307px\" \/><\/a><a href=\"https:\/\/imsatextil.com\/wp-content\/uploads\/2018\/01\/4-SS-19-FRANCES-1024x769.jpg\"  rel=\"prettyPhoto[rel-fufqhvvl2yizgy57v5is]\" ><img loading=\"lazy\" decoding=\"async\" width=\"3307\" height=\"2483\" src=\"https:\/\/imsatextil.com\/wp-content\/uploads\/2018\/01\/4-SS-19-FRANCES.jpg\" class=\"attachment-full\" alt=\"\" srcset=\"https:\/\/imsatextil.com\/wp-content\/uploads\/2018\/01\/4-SS-19-FRANCES.jpg 3307w, https:\/\/imsatextil.com\/wp-content\/uploads\/2018\/01\/4-SS-19-FRANCES-300x225.jpg 300w, https:\/\/imsatextil.com\/wp-content\/uploads\/2018\/01\/4-SS-19-FRANCES-768x577.jpg 768w, https:\/\/imsatextil.com\/wp-content\/uploads\/2018\/01\/4-SS-19-FRANCES-1024x769.jpg 1024w\" sizes=\"auto, (max-width: 3307px) 100vw, 3307px\" \/><\/a><a href=\"https:\/\/imsatextil.com\/wp-content\/uploads\/2018\/01\/3-SS-19-FRANCES-1024x769.jpg\"  rel=\"prettyPhoto[rel-fufqhvvl2yizgy57v5is]\" ><img loading=\"lazy\" decoding=\"async\" width=\"3307\" height=\"2483\" src=\"https:\/\/imsatextil.com\/wp-content\/uploads\/2018\/01\/3-SS-19-FRANCES.jpg\" class=\"attachment-full\" alt=\"\" srcset=\"https:\/\/imsatextil.com\/wp-content\/uploads\/2018\/01\/3-SS-19-FRANCES.jpg 3307w, https:\/\/imsatextil.com\/wp-content\/uploads\/2018\/01\/3-SS-19-FRANCES-300x225.jpg 300w, https:\/\/imsatextil.com\/wp-content\/uploads\/2018\/01\/3-SS-19-FRANCES-768x577.jpg 768w, https:\/\/imsatextil.com\/wp-content\/uploads\/2018\/01\/3-SS-19-FRANCES-1024x769.jpg 1024w\" sizes=\"auto, (max-width: 3307px) 100vw, 3307px\" \/><\/a><a href=\"https:\/\/imsatextil.com\/wp-content\/uploads\/2018\/01\/2-SS-19-FRANCES-1024x769.jpg\"  rel=\"prettyPhoto[rel-fufqhvvl2yizgy57v5is]\" ><img loading=\"lazy\" decoding=\"async\" width=\"3307\" height=\"2483\" src=\"https:\/\/imsatextil.com\/wp-content\/uploads\/2018\/01\/2-SS-19-FRANCES.jpg\" class=\"attachment-full\" alt=\"\" srcset=\"https:\/\/imsatextil.com\/wp-content\/uploads\/2018\/01\/2-SS-19-FRANCES.jpg 3307w, https:\/\/imsatextil.com\/wp-content\/uploads\/2018\/01\/2-SS-19-FRANCES-300x225.jpg 300w, https:\/\/imsatextil.com\/wp-content\/uploads\/2018\/01\/2-SS-19-FRANCES-768x577.jpg 768w, https:\/\/imsatextil.com\/wp-content\/uploads\/2018\/01\/2-SS-19-FRANCES-1024x769.jpg 1024w\" sizes=\"auto, (max-width: 3307px) 100vw, 3307px\" \/><\/a><a href=\"https:\/\/imsatextil.com\/wp-content\/uploads\/2018\/01\/1-SS-19-FRANCES-1024x769.jpg\"  rel=\"prettyPhoto[rel-fufqhvvl2yizgy57v5is]\" ><img loading=\"lazy\" decoding=\"async\" width=\"3307\" height=\"2483\" src=\"https:\/\/imsatextil.com\/wp-content\/uploads\/2018\/01\/1-SS-19-FRANCES.jpg\" class=\"attachment-full\" alt=\"\" srcset=\"https:\/\/imsatextil.com\/wp-content\/uploads\/2018\/01\/1-SS-19-FRANCES.jpg 3307w, https:\/\/imsatextil.com\/wp-content\/uploads\/2018\/01\/1-SS-19-FRANCES-300x225.jpg 300w, https:\/\/imsatextil.com\/wp-content\/uploads\/2018\/01\/1-SS-19-FRANCES-768x577.jpg 768w, https:\/\/imsatextil.com\/wp-content\/uploads\/2018\/01\/1-SS-19-FRANCES-1024x769.jpg 1024w\" sizes=\"auto, (max-width: 3307px) 100vw, 3307px\" \/><\/a><\/div>\n\t\t<\/div> <\/div>\n\t<\/div> \n<\/div>\n","protected":false},"excerpt":{"rendered":"<p>PRINTEMPS \/ \u00cbT\u00c9 2019 Dans cette collection vous trouverez des tissus sophistiqu\u00e9s avec du lurex, foils, paillettes, pliss\u00e9s et une grande vari\u00e9t\u00e9 de broderies sur tulles ou bases de coton. Pour l\u2019\u00e9t\u00e9, on vous propose des fibres naturelles et artificielles pr\u00e9sentant une vaste proposition d\u2019articles avec lin et viscose, id\u00e9al pour des v\u00eatements l\u00e9gers et<br \/><a href=\"https:\/\/imsatextil.com\/fr\/colecciones\/coleccion-p-v-19\/\" class=\"more\">Read more<\/a><\/p>\n","protected":false},"author":1,"featured_media":0,"parent":307,"menu_order":0,"comment_status":"closed","ping_status":"closed","template":"","meta":{"footnotes":""},"class_list":["post-310","page","type-page","status-publish","hentry"],"_links":{"self":[{"href":"https:\/\/imsatextil.com\/fr\/wp-json\/wp\/v2\/pages\/310","targetHints":{"allow":["GET"]}}],"collection":[{"href":"https:\/\/imsatextil.com\/fr\/wp-json\/wp\/v2\/pages"}],"about":[{"href":"https:\/\/imsatextil.com\/fr\/wp-json\/wp\/v2\/types\/page"}],"author":[{"embeddable":true,"href":"https:\/\/imsatextil.com\/fr\/wp-json\/wp\/v2\/users\/1"}],"replies":[{"embeddable":true,"href":"https:\/\/imsatextil.com\/fr\/wp-json\/wp\/v2\/comments?post=310"}],"version-history":[{"count":7,"href":"https:\/\/imsatextil.com\/fr\/wp-json\/wp\/v2\/pages\/310\/revisions"}],"predecessor-version":[{"id":324,"href":"https:\/\/imsatextil.com\/fr\/wp-json\/wp\/v2\/pages\/310\/revisions\/324"}],"up":[{"embeddable":true,"href":"https:\/\/imsatextil.com\/fr\/wp-json\/wp\/v2\/pages\/307"}],"wp:attachment":[{"href":"https:\/\/imsatextil.com\/fr\/wp-json\/wp\/v2\/media?parent=310"}],"curies":[{"name":"wp","href":"https:\/\/api.w.org\/{rel}","templated":true}]}}