{"id":336,"date":"2017-12-15T10:27:23","date_gmt":"2017-12-15T10:27:23","guid":{"rendered":"http:\/\/imsa.b.wetopi.com\/coleccion-o-i-19\/"},"modified":"2019-07-25T13:54:43","modified_gmt":"2019-07-25T13:54:43","slug":"coleccion-18","status":"publish","type":"page","link":"https:\/\/imsatextil.com\/fr\/colecciones\/coleccion-18\/","title":{"rendered":"Colection O\/I 18"},"content":{"rendered":"<div  id='first-row'  class=\"vc_row wpb_row vc_row-fluid full-width-content \">\n\t<div class=\"vc_span12 wpb_column vc_column_container \"><div class=\"vc_column-inner \">\n\t\t<div class=\"wpb_wrapper\">\n\t\t\t\r\n\t<div class=\"wpb_single_image wpb_content_element vc_align_center\">\r\n\t\t<div class=\"wpb_wrapper\">\r\n\t\t\t\r\n\t\t\t<div class=\"vc_single_image-wrapper   vc_box_border_grey\"><img loading=\"lazy\" decoding=\"async\" width=\"1437\" height=\"192\" src=\"https:\/\/imsatextil.com\/wp-content\/uploads\/2017\/12\/header_oi18.jpg\" class=\"vc_single_image-img attachment-full\" alt=\"\" srcset=\"https:\/\/imsatextil.com\/wp-content\/uploads\/2017\/12\/header_oi18.jpg 1437w, https:\/\/imsatextil.com\/wp-content\/uploads\/2017\/12\/header_oi18-300x40.jpg 300w, https:\/\/imsatextil.com\/wp-content\/uploads\/2017\/12\/header_oi18-768x103.jpg 768w, https:\/\/imsatextil.com\/wp-content\/uploads\/2017\/12\/header_oi18-1024x137.jpg 1024w\" sizes=\"auto, (max-width: 1437px) 100vw, 1437px\" \/><\/div>\r\n\t\t<\/div>\r\n\t<\/div>\r\n\n\t\t<\/div> <\/div>\n\t<\/div> \n<\/div><div   class=\"vc_row wpb_row vc_row-fluid  \">\n\t<div class=\"vc_span12 wpb_column vc_column_container \"><div class=\"vc_column-inner \">\n\t\t<div class=\"wpb_wrapper\">\n\t\t\t<h2 style=\"text-align: left\" class=\"vc_custom_heading\" >AUTOMNE \/ HIVER 2018<\/h2>\r\n\t<div class=\"wpb_single_image wpb_content_element vc_align_left\">\r\n\t\t<div class=\"wpb_wrapper\">\r\n\t\t\t\r\n\t\t\t<div class=\"vc_single_image-wrapper   vc_box_border_grey\"><img loading=\"lazy\" decoding=\"async\" width=\"181\" height=\"7\" src=\"https:\/\/imsatextil.com\/wp-content\/uploads\/2017\/11\/separator_black.png\" class=\"vc_single_image-img attachment-full\" alt=\"\" \/><\/div>\r\n\t\t<\/div>\r\n\t<\/div>\r\n<div class=\"vc_row wpb_row vc_inner vc_row-fluid\"><div class=\"wpb_column vc_column_container vc_span6\"><div class=\"vc_column-inner  \"><div class=\"wpb_wrapper\">\n\t<div class=\"wpb_text_column wpb_content_element  \" >\n\t\t<div class=\"wpb_wrapper\" id=\"ct_jypipjzo0lc27sb40wtn\">\n\t\t\t<p>Les m\u00e9tallis\u00e9s sont tr\u00e8s pr\u00e9sents dans cette collection, qu\u2019ils soient lamin\u00e9s, foils ou bien lurex, pour v\u00eatements d\u2019int\u00e9rieur ou \u00e9l\u00e9gante deuxi\u00e8me \u00e9toffe. Les dessins classiques, carreau Prince of Wales, herringbone ou bien pied-de-coque sont r\u00e9interpr\u00e9t\u00e9s et se combinent avec des broderies ou flocks pour donner un look plus actuel aux tissus. <\/p>\n\n\t\t<\/div> \n\t<\/div> <\/div><\/div><\/div><div class=\"wpb_column vc_column_container vc_span6\"><div class=\"vc_column-inner  \"><div class=\"wpb_wrapper\">\n\t<div class=\"wpb_text_column wpb_content_element  \" >\n\t\t<div class=\"wpb_wrapper\" id=\"ct_j5ry1kg5qjfkusqyc6kj\">\n\t\t\t<p>Les velours \u00e9voluent et s\u2019offrent avec des dessins imprim\u00e9s ou avec de nouveaux finissages. Vous trouverez \u00e9galement des articles d\u2019aspect laineux, chaleureux et polyvalent, doubles \u00e9toffes ou des fourrures qui vous offrent de grands choix pour des v\u00eatements d\u2019ext\u00e9rieur si n\u00e9cessaires pour cette saison. <\/p>\n\n\t\t<\/div> \n\t<\/div> <\/div><\/div><\/div><\/div><style type=\"text\/css\" >#ic_gi9t2r7zc7g9r2xim067 {margin:0px auto 0px; }#ic_gi9t2r7zc7g9r2xim067 .owl-prev,#ic_gi9t2r7zc7g9r2xim067 .owl-next{border-color:#ecf0f1; background:#ffffff; color:#4a4f55; }#ic_gi9t2r7zc7g9r2xim067 .owl-prev:hover,#ic_gi9t2r7zc7g9r2xim067 .owl-next:hover{background:#f9fafb; color:#000000; }#ic_gi9t2r7zc7g9r2xim067 .owl-prev:before,#ic_gi9t2r7zc7g9r2xim067 .owl-next:after{border-color:#4a4f55; }#ic_gi9t2r7zc7g9r2xim067 .owl-prev:hover::before,#ic_gi9t2r7zc7g9r2xim067 .owl-next:hover::after{border-color:#000000; }#ic_gi9t2r7zc7g9r2xim067 .owl-dot{ background:#ffffff; border-color:#ecf0f1; }#ic_gi9t2r7zc7g9r2xim067 .owl-dot.active{ background:#000000; border-color:#ecf0f1;}<\/style><script type=\"text\/javascript\" charset=\"utf-8\">\r\n\r\n\t\tjQuery.noConflict();\r\n\t\/\/setup up Carousel\r\n\t\tjQuery(document).ready(function($) {\r\n\t\"use strict\";\r\n\t$(window).load(function(){\r\n\t\t$(\"#ic_gi9t2r7zc7g9r2xim067\").owlCarousel({\r\n\t\t\trtl: $(\"body\").hasClass(\"rtl\") ? true : false,\r\n\t\t\tresponsiveClass:true,\r\n\t\t\tcenter:true,\r\n\t\t\tloop:true,\r\n\t\t\tresponsive:{\r\n\t\t\t\t0:{\r\n\t\t\t\t\titems:1,\r\n\t\t\t    },\r\n\t\t\t    780:{\r\n\t\t\t        items:2,\r\n\t\t\t\t},\r\n\t\t\t\t1000:{\r\n\t\t\t\t    items:2,\r\n\t\t\t\t},\r\n\t\t\t},\r\n            scroll: 1,\r\n\t\t\tautoplay:false,\r\n\t   \t \t dots:false,\r\n\t\t\t nav:true,\r\n\t\r\n\t\t});\r\n\t});\r\n});\r\n\r\n<\/script><div class=\"tt_testimonials_ctn rd_ic_center   \" id=\"ic_gi9t2r7zc7g9r2xim067\" style=\"margin-top:0px; margin-bottom:0px;\"><a href=\"https:\/\/imsatextil.com\/wp-content\/uploads\/2018\/01\/8-FW-18-FRANCES-1024x769.jpg\"  rel=\"prettyPhoto[rel-gi9t2r7zc7g9r2xim067]\" ><img loading=\"lazy\" decoding=\"async\" width=\"3307\" height=\"2483\" src=\"https:\/\/imsatextil.com\/wp-content\/uploads\/2018\/01\/8-FW-18-FRANCES.jpg\" class=\"attachment-full\" alt=\"\" srcset=\"https:\/\/imsatextil.com\/wp-content\/uploads\/2018\/01\/8-FW-18-FRANCES.jpg 3307w, https:\/\/imsatextil.com\/wp-content\/uploads\/2018\/01\/8-FW-18-FRANCES-300x225.jpg 300w, https:\/\/imsatextil.com\/wp-content\/uploads\/2018\/01\/8-FW-18-FRANCES-768x577.jpg 768w, https:\/\/imsatextil.com\/wp-content\/uploads\/2018\/01\/8-FW-18-FRANCES-1024x769.jpg 1024w\" sizes=\"auto, (max-width: 3307px) 100vw, 3307px\" \/><\/a><a href=\"https:\/\/imsatextil.com\/wp-content\/uploads\/2018\/01\/7-FW-18-FRANCES-1024x769.jpg\"  rel=\"prettyPhoto[rel-gi9t2r7zc7g9r2xim067]\" ><img loading=\"lazy\" decoding=\"async\" width=\"3307\" height=\"2483\" src=\"https:\/\/imsatextil.com\/wp-content\/uploads\/2018\/01\/7-FW-18-FRANCES.jpg\" class=\"attachment-full\" alt=\"\" srcset=\"https:\/\/imsatextil.com\/wp-content\/uploads\/2018\/01\/7-FW-18-FRANCES.jpg 3307w, https:\/\/imsatextil.com\/wp-content\/uploads\/2018\/01\/7-FW-18-FRANCES-300x225.jpg 300w, https:\/\/imsatextil.com\/wp-content\/uploads\/2018\/01\/7-FW-18-FRANCES-768x577.jpg 768w, https:\/\/imsatextil.com\/wp-content\/uploads\/2018\/01\/7-FW-18-FRANCES-1024x769.jpg 1024w\" sizes=\"auto, (max-width: 3307px) 100vw, 3307px\" \/><\/a><a href=\"https:\/\/imsatextil.com\/wp-content\/uploads\/2018\/01\/6-FW-18-FRANCES-1024x769.jpg\"  rel=\"prettyPhoto[rel-gi9t2r7zc7g9r2xim067]\" ><img loading=\"lazy\" decoding=\"async\" width=\"3307\" height=\"2483\" src=\"https:\/\/imsatextil.com\/wp-content\/uploads\/2018\/01\/6-FW-18-FRANCES.jpg\" class=\"attachment-full\" alt=\"\" srcset=\"https:\/\/imsatextil.com\/wp-content\/uploads\/2018\/01\/6-FW-18-FRANCES.jpg 3307w, https:\/\/imsatextil.com\/wp-content\/uploads\/2018\/01\/6-FW-18-FRANCES-300x225.jpg 300w, https:\/\/imsatextil.com\/wp-content\/uploads\/2018\/01\/6-FW-18-FRANCES-768x577.jpg 768w, https:\/\/imsatextil.com\/wp-content\/uploads\/2018\/01\/6-FW-18-FRANCES-1024x769.jpg 1024w\" sizes=\"auto, (max-width: 3307px) 100vw, 3307px\" \/><\/a><a href=\"https:\/\/imsatextil.com\/wp-content\/uploads\/2018\/01\/5-FW-18-FRANCES-1024x769.jpg\"  rel=\"prettyPhoto[rel-gi9t2r7zc7g9r2xim067]\" ><img loading=\"lazy\" decoding=\"async\" width=\"3307\" height=\"2483\" src=\"https:\/\/imsatextil.com\/wp-content\/uploads\/2018\/01\/5-FW-18-FRANCES.jpg\" class=\"attachment-full\" alt=\"\" srcset=\"https:\/\/imsatextil.com\/wp-content\/uploads\/2018\/01\/5-FW-18-FRANCES.jpg 3307w, https:\/\/imsatextil.com\/wp-content\/uploads\/2018\/01\/5-FW-18-FRANCES-300x225.jpg 300w, https:\/\/imsatextil.com\/wp-content\/uploads\/2018\/01\/5-FW-18-FRANCES-768x577.jpg 768w, https:\/\/imsatextil.com\/wp-content\/uploads\/2018\/01\/5-FW-18-FRANCES-1024x769.jpg 1024w\" sizes=\"auto, (max-width: 3307px) 100vw, 3307px\" \/><\/a><a href=\"https:\/\/imsatextil.com\/wp-content\/uploads\/2018\/01\/4-FW-18-FRANCES-1024x769.jpg\"  rel=\"prettyPhoto[rel-gi9t2r7zc7g9r2xim067]\" ><img loading=\"lazy\" decoding=\"async\" width=\"3307\" height=\"2483\" src=\"https:\/\/imsatextil.com\/wp-content\/uploads\/2018\/01\/4-FW-18-FRANCES.jpg\" class=\"attachment-full\" alt=\"\" srcset=\"https:\/\/imsatextil.com\/wp-content\/uploads\/2018\/01\/4-FW-18-FRANCES.jpg 3307w, https:\/\/imsatextil.com\/wp-content\/uploads\/2018\/01\/4-FW-18-FRANCES-300x225.jpg 300w, https:\/\/imsatextil.com\/wp-content\/uploads\/2018\/01\/4-FW-18-FRANCES-768x577.jpg 768w, https:\/\/imsatextil.com\/wp-content\/uploads\/2018\/01\/4-FW-18-FRANCES-1024x769.jpg 1024w\" sizes=\"auto, (max-width: 3307px) 100vw, 3307px\" \/><\/a><a href=\"https:\/\/imsatextil.com\/wp-content\/uploads\/2018\/01\/3-FW-18-FRANCES-1024x769.jpg\"  rel=\"prettyPhoto[rel-gi9t2r7zc7g9r2xim067]\" ><img loading=\"lazy\" decoding=\"async\" width=\"3307\" height=\"2483\" src=\"https:\/\/imsatextil.com\/wp-content\/uploads\/2018\/01\/3-FW-18-FRANCES.jpg\" class=\"attachment-full\" alt=\"\" srcset=\"https:\/\/imsatextil.com\/wp-content\/uploads\/2018\/01\/3-FW-18-FRANCES.jpg 3307w, https:\/\/imsatextil.com\/wp-content\/uploads\/2018\/01\/3-FW-18-FRANCES-300x225.jpg 300w, https:\/\/imsatextil.com\/wp-content\/uploads\/2018\/01\/3-FW-18-FRANCES-768x577.jpg 768w, https:\/\/imsatextil.com\/wp-content\/uploads\/2018\/01\/3-FW-18-FRANCES-1024x769.jpg 1024w\" sizes=\"auto, (max-width: 3307px) 100vw, 3307px\" \/><\/a><a href=\"https:\/\/imsatextil.com\/wp-content\/uploads\/2018\/01\/2-FW-18-FRANCES-1024x769.jpg\"  rel=\"prettyPhoto[rel-gi9t2r7zc7g9r2xim067]\" ><img loading=\"lazy\" decoding=\"async\" width=\"3307\" height=\"2483\" src=\"https:\/\/imsatextil.com\/wp-content\/uploads\/2018\/01\/2-FW-18-FRANCES.jpg\" class=\"attachment-full\" alt=\"\" srcset=\"https:\/\/imsatextil.com\/wp-content\/uploads\/2018\/01\/2-FW-18-FRANCES.jpg 3307w, https:\/\/imsatextil.com\/wp-content\/uploads\/2018\/01\/2-FW-18-FRANCES-300x225.jpg 300w, https:\/\/imsatextil.com\/wp-content\/uploads\/2018\/01\/2-FW-18-FRANCES-768x577.jpg 768w, https:\/\/imsatextil.com\/wp-content\/uploads\/2018\/01\/2-FW-18-FRANCES-1024x769.jpg 1024w\" sizes=\"auto, (max-width: 3307px) 100vw, 3307px\" \/><\/a><a href=\"https:\/\/imsatextil.com\/wp-content\/uploads\/2018\/01\/1-FW-18-FRANCES-1024x769.jpg\"  rel=\"prettyPhoto[rel-gi9t2r7zc7g9r2xim067]\" ><img loading=\"lazy\" decoding=\"async\" width=\"3307\" height=\"2483\" src=\"https:\/\/imsatextil.com\/wp-content\/uploads\/2018\/01\/1-FW-18-FRANCES.jpg\" class=\"attachment-full\" alt=\"\" srcset=\"https:\/\/imsatextil.com\/wp-content\/uploads\/2018\/01\/1-FW-18-FRANCES.jpg 3307w, https:\/\/imsatextil.com\/wp-content\/uploads\/2018\/01\/1-FW-18-FRANCES-300x225.jpg 300w, https:\/\/imsatextil.com\/wp-content\/uploads\/2018\/01\/1-FW-18-FRANCES-768x577.jpg 768w, https:\/\/imsatextil.com\/wp-content\/uploads\/2018\/01\/1-FW-18-FRANCES-1024x769.jpg 1024w\" sizes=\"auto, (max-width: 3307px) 100vw, 3307px\" \/><\/a><\/div>\n\t\t<\/div> <\/div>\n\t<\/div> \n<\/div>\n","protected":false},"excerpt":{"rendered":"<p>AUTOMNE \/ HIVER 2018 Les m\u00e9tallis\u00e9s sont tr\u00e8s pr\u00e9sents dans cette collection, qu\u2019ils soient lamin\u00e9s, foils ou bien lurex, pour v\u00eatements d\u2019int\u00e9rieur ou \u00e9l\u00e9gante deuxi\u00e8me \u00e9toffe. Les dessins classiques, carreau Prince of Wales, herringbone ou bien pied-de-coque sont r\u00e9interpr\u00e9t\u00e9s et se combinent avec des broderies ou flocks pour donner un look plus actuel aux tissus.<br \/><a href=\"https:\/\/imsatextil.com\/fr\/colecciones\/coleccion-18\/\" class=\"more\">Read more<\/a><\/p>\n","protected":false},"author":1,"featured_media":0,"parent":307,"menu_order":0,"comment_status":"closed","ping_status":"closed","template":"","meta":{"footnotes":""},"class_list":["post-336","page","type-page","status-publish","hentry"],"_links":{"self":[{"href":"https:\/\/imsatextil.com\/fr\/wp-json\/wp\/v2\/pages\/336","targetHints":{"allow":["GET"]}}],"collection":[{"href":"https:\/\/imsatextil.com\/fr\/wp-json\/wp\/v2\/pages"}],"about":[{"href":"https:\/\/imsatextil.com\/fr\/wp-json\/wp\/v2\/types\/page"}],"author":[{"embeddable":true,"href":"https:\/\/imsatextil.com\/fr\/wp-json\/wp\/v2\/users\/1"}],"replies":[{"embeddable":true,"href":"https:\/\/imsatextil.com\/fr\/wp-json\/wp\/v2\/comments?post=336"}],"version-history":[{"count":7,"href":"https:\/\/imsatextil.com\/fr\/wp-json\/wp\/v2\/pages\/336\/revisions"}],"predecessor-version":[{"id":4044,"href":"https:\/\/imsatextil.com\/fr\/wp-json\/wp\/v2\/pages\/336\/revisions\/4044"}],"up":[{"embeddable":true,"href":"https:\/\/imsatextil.com\/fr\/wp-json\/wp\/v2\/pages\/307"}],"wp:attachment":[{"href":"https:\/\/imsatextil.com\/fr\/wp-json\/wp\/v2\/media?parent=336"}],"curies":[{"name":"wp","href":"https:\/\/api.w.org\/{rel}","templated":true}]}}