{"id":3686,"date":"2018-08-02T12:11:02","date_gmt":"2018-08-02T12:11:02","guid":{"rendered":"http:\/\/imsatextil.com\/colecciones\/coleccion-o-i-20\/"},"modified":"2019-07-25T13:51:20","modified_gmt":"2019-07-25T13:51:20","slug":"coleccion-19","status":"publish","type":"page","link":"https:\/\/imsatextil.com\/fr\/colecciones\/coleccion-19\/","title":{"rendered":"Colecci\u00f3n O\/I 19"},"content":{"rendered":"<div  id='first-row'  class=\"vc_row wpb_row vc_row-fluid full-width-content \">\n\t<div class=\"vc_span12 wpb_column vc_column_container \"><div class=\"vc_column-inner \">\n\t\t<div class=\"wpb_wrapper\">\n\t\t\t\r\n\t<div class=\"wpb_single_image wpb_content_element vc_align_center\">\r\n\t\t<div class=\"wpb_wrapper\">\r\n\t\t\t\r\n\t\t\t<div class=\"vc_single_image-wrapper   vc_box_border_grey\"><img loading=\"lazy\" decoding=\"async\" width=\"1437\" height=\"191\" src=\"https:\/\/imsatextil.com\/wp-content\/uploads\/2018\/08\/header.jpg\" class=\"vc_single_image-img attachment-full\" alt=\"\" srcset=\"https:\/\/imsatextil.com\/wp-content\/uploads\/2018\/08\/header.jpg 1437w, https:\/\/imsatextil.com\/wp-content\/uploads\/2018\/08\/header-300x40.jpg 300w, https:\/\/imsatextil.com\/wp-content\/uploads\/2018\/08\/header-768x102.jpg 768w, https:\/\/imsatextil.com\/wp-content\/uploads\/2018\/08\/header-1024x136.jpg 1024w\" sizes=\"auto, (max-width: 1437px) 100vw, 1437px\" \/><\/div>\r\n\t\t<\/div>\r\n\t<\/div>\r\n\n\t\t<\/div> <\/div>\n\t<\/div> \n<\/div><div   class=\"vc_row wpb_row vc_row-fluid  \">\n\t<div class=\"vc_span12 wpb_column vc_column_container \"><div class=\"vc_column-inner \">\n\t\t<div class=\"wpb_wrapper\">\n\t\t\t<h2 style=\"text-align: left\" class=\"vc_custom_heading\" >AUTOMNE \/ HIVER 2019<\/h2>\r\n\t<div class=\"wpb_single_image wpb_content_element vc_align_left\">\r\n\t\t<div class=\"wpb_wrapper\">\r\n\t\t\t\r\n\t\t\t<div class=\"vc_single_image-wrapper   vc_box_border_grey\"><img loading=\"lazy\" decoding=\"async\" width=\"181\" height=\"7\" src=\"https:\/\/imsatextil.com\/wp-content\/uploads\/2017\/11\/separator_black.png\" class=\"vc_single_image-img attachment-full\" alt=\"\" \/><\/div>\r\n\t\t<\/div>\r\n\t<\/div>\r\n<div class=\"vc_row wpb_row vc_inner vc_row-fluid\"><div class=\"wpb_column vc_column_container vc_span6\"><div class=\"vc_column-inner  \"><div class=\"wpb_wrapper\">\n\t<div class=\"wpb_text_column wpb_content_element  \" >\n\t\t<div class=\"wpb_wrapper\" id=\"ct_87u6g7v760mcven9q1vp\">\n\t\t\t<p>Cet hiver 2020 s\u2019affirment les m\u00e9tallis\u00e9es, or, argent et bronze sont pr\u00e9sents dans notre collection dans une grande vari\u00e9t\u00e9 de formats, paillettes, missonis, maille, articles gaufr\u00e9s\u2026 qui apportent une touche de glamour et lumi\u00e8re pour la saison hivernale.<\/p>\n<p>Les carr\u00e9es sont encore en tendance, mais pour cet hiver on les a r\u00e9invent\u00e9 avec diff\u00e9rent textures, pliss\u00e9es, maille lourde, articles aspecte laineuse, plastifi\u00e9es\u2026une nouvelle interpr\u00e9tation des carr\u00e9es classiques.<\/p>\n\n\t\t<\/div> \n\t<\/div> <\/div><\/div><\/div><div class=\"wpb_column vc_column_container vc_span6\"><div class=\"vc_column-inner  \"><div class=\"wpb_wrapper\">\n\t<div class=\"wpb_text_column wpb_content_element  \" >\n\t\t<div class=\"wpb_wrapper\" id=\"ct_jhq0s06atsvnbxbfvgnj\">\n\t\t\t<p>Avec la grand vari\u00e9t\u00e9 de pliss\u00e9es et articles d\u00e9vor\u00e9s dans cet saison on vous propose jour avec les textures, chaudes gr\u00e2ce \u00e0 les fils chenille o bien intr\u00e9pide avec foils au-dessous de mati\u00e8res \u00e9labor\u00e9es. Tout \u00e7a sans oublier les articles gratt\u00e9s et chanels avec des fils innovateurs.<\/p>\n<p>Dans cette collection vous trouveriez aussi des articles laineuses, matelass\u00e9s, poils et mailles lourdes pour les longs jours de l\u2019hiver, mais vous les trouverez dans des articles diff\u00e9rents, \u00e9l\u00e9gants et qualitatives pour donner option de diff\u00e9rentiation \u00e0 notre client\u00e8le.<\/p>\n<p>Et tout \u00e7a avec le service, qualit\u00e9 et flexibilit\u00e9 que nous caract\u00e9rise\u00a0!<\/p>\n\n\t\t<\/div> \n\t<\/div> <\/div><\/div><\/div><\/div><style type=\"text\/css\" >#ic_uqxb026vkefnxxmbomcv {margin:0px auto 0px; }#ic_uqxb026vkefnxxmbomcv .owl-prev,#ic_uqxb026vkefnxxmbomcv .owl-next{border-color:#ecf0f1; background:#ffffff; color:#4a4f55; }#ic_uqxb026vkefnxxmbomcv .owl-prev:hover,#ic_uqxb026vkefnxxmbomcv .owl-next:hover{background:#f9fafb; color:#000000; }#ic_uqxb026vkefnxxmbomcv .owl-prev:before,#ic_uqxb026vkefnxxmbomcv .owl-next:after{border-color:#4a4f55; }#ic_uqxb026vkefnxxmbomcv .owl-prev:hover::before,#ic_uqxb026vkefnxxmbomcv .owl-next:hover::after{border-color:#000000; }#ic_uqxb026vkefnxxmbomcv .owl-dot{ background:#ffffff; border-color:#ecf0f1; }#ic_uqxb026vkefnxxmbomcv .owl-dot.active{ background:#000000; border-color:#ecf0f1;}<\/style><script type=\"text\/javascript\" charset=\"utf-8\">\r\n\r\n\t\tjQuery.noConflict();\r\n\t\/\/setup up Carousel\r\n\t\tjQuery(document).ready(function($) {\r\n\t\"use strict\";\r\n\t$(window).load(function(){\r\n\t\t$(\"#ic_uqxb026vkefnxxmbomcv\").owlCarousel({\r\n\t\t\trtl: $(\"body\").hasClass(\"rtl\") ? true : false,\r\n\t\t\tresponsiveClass:true,\r\n\t\t\tcenter:true,\r\n\t\t\tloop:true,\r\n\t\t\tresponsive:{\r\n\t\t\t\t0:{\r\n\t\t\t\t\titems:1,\r\n\t\t\t    },\r\n\t\t\t    780:{\r\n\t\t\t        items:2,\r\n\t\t\t\t},\r\n\t\t\t\t1000:{\r\n\t\t\t\t    items:2,\r\n\t\t\t\t},\r\n\t\t\t},\r\n            scroll: 1,\r\n\t\t\tautoplay:false,\r\n\t   \t \t dots:false,\r\n\t\t\t nav:true,\r\n\t\r\n\t\t});\r\n\t});\r\n});\r\n\r\n<\/script><div class=\"tt_testimonials_ctn rd_ic_center  hover_nav_style \" id=\"ic_uqxb026vkefnxxmbomcv\" style=\"margin-top:0px; margin-bottom:0px;\"><a href=\"https:\/\/imsatextil.com\/wp-content\/uploads\/2018\/08\/1.jpg\"  rel=\"prettyPhoto[rel-uqxb026vkefnxxmbomcv]\" ><img loading=\"lazy\" decoding=\"async\" width=\"595\" height=\"842\" src=\"https:\/\/imsatextil.com\/wp-content\/uploads\/2018\/08\/1.jpg\" class=\"attachment-full\" alt=\"\" srcset=\"https:\/\/imsatextil.com\/wp-content\/uploads\/2018\/08\/1.jpg 595w, https:\/\/imsatextil.com\/wp-content\/uploads\/2018\/08\/1-212x300.jpg 212w\" sizes=\"auto, (max-width: 595px) 100vw, 595px\" \/><\/a><a href=\"https:\/\/imsatextil.com\/wp-content\/uploads\/2018\/08\/2.jpg\"  rel=\"prettyPhoto[rel-uqxb026vkefnxxmbomcv]\" ><img loading=\"lazy\" decoding=\"async\" width=\"595\" height=\"842\" src=\"https:\/\/imsatextil.com\/wp-content\/uploads\/2018\/08\/2.jpg\" class=\"attachment-full\" alt=\"\" srcset=\"https:\/\/imsatextil.com\/wp-content\/uploads\/2018\/08\/2.jpg 595w, https:\/\/imsatextil.com\/wp-content\/uploads\/2018\/08\/2-212x300.jpg 212w\" sizes=\"auto, (max-width: 595px) 100vw, 595px\" \/><\/a><a href=\"https:\/\/imsatextil.com\/wp-content\/uploads\/2018\/08\/3.jpg\"  rel=\"prettyPhoto[rel-uqxb026vkefnxxmbomcv]\" ><img loading=\"lazy\" decoding=\"async\" width=\"595\" height=\"842\" src=\"https:\/\/imsatextil.com\/wp-content\/uploads\/2018\/08\/3.jpg\" class=\"attachment-full\" alt=\"\" srcset=\"https:\/\/imsatextil.com\/wp-content\/uploads\/2018\/08\/3.jpg 595w, https:\/\/imsatextil.com\/wp-content\/uploads\/2018\/08\/3-212x300.jpg 212w\" sizes=\"auto, (max-width: 595px) 100vw, 595px\" \/><\/a><a href=\"https:\/\/imsatextil.com\/wp-content\/uploads\/2018\/08\/5.jpg\"  rel=\"prettyPhoto[rel-uqxb026vkefnxxmbomcv]\" ><img loading=\"lazy\" decoding=\"async\" width=\"595\" height=\"842\" src=\"https:\/\/imsatextil.com\/wp-content\/uploads\/2018\/08\/5.jpg\" class=\"attachment-full\" alt=\"\" srcset=\"https:\/\/imsatextil.com\/wp-content\/uploads\/2018\/08\/5.jpg 595w, https:\/\/imsatextil.com\/wp-content\/uploads\/2018\/08\/5-212x300.jpg 212w\" sizes=\"auto, (max-width: 595px) 100vw, 595px\" \/><\/a><a href=\"https:\/\/imsatextil.com\/wp-content\/uploads\/2018\/08\/6.jpg\"  rel=\"prettyPhoto[rel-uqxb026vkefnxxmbomcv]\" ><img loading=\"lazy\" decoding=\"async\" width=\"595\" height=\"842\" src=\"https:\/\/imsatextil.com\/wp-content\/uploads\/2018\/08\/6.jpg\" class=\"attachment-full\" alt=\"\" srcset=\"https:\/\/imsatextil.com\/wp-content\/uploads\/2018\/08\/6.jpg 595w, https:\/\/imsatextil.com\/wp-content\/uploads\/2018\/08\/6-212x300.jpg 212w\" sizes=\"auto, (max-width: 595px) 100vw, 595px\" \/><\/a><a href=\"https:\/\/imsatextil.com\/wp-content\/uploads\/2018\/08\/7.jpg\"  rel=\"prettyPhoto[rel-uqxb026vkefnxxmbomcv]\" ><img loading=\"lazy\" decoding=\"async\" width=\"595\" height=\"842\" src=\"https:\/\/imsatextil.com\/wp-content\/uploads\/2018\/08\/7.jpg\" class=\"attachment-full\" alt=\"\" srcset=\"https:\/\/imsatextil.com\/wp-content\/uploads\/2018\/08\/7.jpg 595w, https:\/\/imsatextil.com\/wp-content\/uploads\/2018\/08\/7-212x300.jpg 212w\" sizes=\"auto, (max-width: 595px) 100vw, 595px\" \/><\/a><a href=\"https:\/\/imsatextil.com\/wp-content\/uploads\/2018\/08\/8.jpg\"  rel=\"prettyPhoto[rel-uqxb026vkefnxxmbomcv]\" ><img loading=\"lazy\" decoding=\"async\" width=\"595\" height=\"842\" src=\"https:\/\/imsatextil.com\/wp-content\/uploads\/2018\/08\/8.jpg\" class=\"attachment-full\" alt=\"\" srcset=\"https:\/\/imsatextil.com\/wp-content\/uploads\/2018\/08\/8.jpg 595w, https:\/\/imsatextil.com\/wp-content\/uploads\/2018\/08\/8-212x300.jpg 212w\" sizes=\"auto, (max-width: 595px) 100vw, 595px\" \/><\/a><a href=\"https:\/\/imsatextil.com\/wp-content\/uploads\/2018\/08\/9.jpg\"  rel=\"prettyPhoto[rel-uqxb026vkefnxxmbomcv]\" ><img loading=\"lazy\" decoding=\"async\" width=\"595\" height=\"842\" src=\"https:\/\/imsatextil.com\/wp-content\/uploads\/2018\/08\/9.jpg\" class=\"attachment-full\" alt=\"\" srcset=\"https:\/\/imsatextil.com\/wp-content\/uploads\/2018\/08\/9.jpg 595w, https:\/\/imsatextil.com\/wp-content\/uploads\/2018\/08\/9-212x300.jpg 212w\" sizes=\"auto, (max-width: 595px) 100vw, 595px\" \/><\/a><a href=\"https:\/\/imsatextil.com\/wp-content\/uploads\/2018\/08\/10.jpg\"  rel=\"prettyPhoto[rel-uqxb026vkefnxxmbomcv]\" ><img loading=\"lazy\" decoding=\"async\" width=\"595\" height=\"842\" src=\"https:\/\/imsatextil.com\/wp-content\/uploads\/2018\/08\/10.jpg\" class=\"attachment-full\" alt=\"\" srcset=\"https:\/\/imsatextil.com\/wp-content\/uploads\/2018\/08\/10.jpg 595w, https:\/\/imsatextil.com\/wp-content\/uploads\/2018\/08\/10-212x300.jpg 212w\" sizes=\"auto, (max-width: 595px) 100vw, 595px\" \/><\/a><a href=\"https:\/\/imsatextil.com\/wp-content\/uploads\/2018\/08\/11.jpg\"  rel=\"prettyPhoto[rel-uqxb026vkefnxxmbomcv]\" ><img loading=\"lazy\" decoding=\"async\" width=\"595\" height=\"842\" src=\"https:\/\/imsatextil.com\/wp-content\/uploads\/2018\/08\/11.jpg\" class=\"attachment-full\" alt=\"\" srcset=\"https:\/\/imsatextil.com\/wp-content\/uploads\/2018\/08\/11.jpg 595w, https:\/\/imsatextil.com\/wp-content\/uploads\/2018\/08\/11-212x300.jpg 212w\" sizes=\"auto, (max-width: 595px) 100vw, 595px\" \/><\/a><a href=\"https:\/\/imsatextil.com\/wp-content\/uploads\/2018\/08\/12.jpg\"  rel=\"prettyPhoto[rel-uqxb026vkefnxxmbomcv]\" ><img loading=\"lazy\" decoding=\"async\" width=\"595\" height=\"842\" src=\"https:\/\/imsatextil.com\/wp-content\/uploads\/2018\/08\/12.jpg\" class=\"attachment-full\" alt=\"\" srcset=\"https:\/\/imsatextil.com\/wp-content\/uploads\/2018\/08\/12.jpg 595w, https:\/\/imsatextil.com\/wp-content\/uploads\/2018\/08\/12-212x300.jpg 212w\" sizes=\"auto, (max-width: 595px) 100vw, 595px\" \/><\/a><a href=\"https:\/\/imsatextil.com\/wp-content\/uploads\/2018\/08\/13-1.jpg\"  rel=\"prettyPhoto[rel-uqxb026vkefnxxmbomcv]\" ><img loading=\"lazy\" decoding=\"async\" width=\"595\" height=\"842\" src=\"https:\/\/imsatextil.com\/wp-content\/uploads\/2018\/08\/13-1.jpg\" class=\"attachment-full\" alt=\"\" srcset=\"https:\/\/imsatextil.com\/wp-content\/uploads\/2018\/08\/13-1.jpg 595w, https:\/\/imsatextil.com\/wp-content\/uploads\/2018\/08\/13-1-212x300.jpg 212w\" sizes=\"auto, (max-width: 595px) 100vw, 595px\" \/><\/a><a href=\"https:\/\/imsatextil.com\/wp-content\/uploads\/2018\/08\/14-1.jpg\"  rel=\"prettyPhoto[rel-uqxb026vkefnxxmbomcv]\" ><img loading=\"lazy\" decoding=\"async\" width=\"595\" height=\"842\" src=\"https:\/\/imsatextil.com\/wp-content\/uploads\/2018\/08\/14-1.jpg\" class=\"attachment-full\" alt=\"\" srcset=\"https:\/\/imsatextil.com\/wp-content\/uploads\/2018\/08\/14-1.jpg 595w, https:\/\/imsatextil.com\/wp-content\/uploads\/2018\/08\/14-1-212x300.jpg 212w\" sizes=\"auto, (max-width: 595px) 100vw, 595px\" \/><\/a><a href=\"https:\/\/imsatextil.com\/wp-content\/uploads\/2018\/08\/4-1.jpg\"  rel=\"prettyPhoto[rel-uqxb026vkefnxxmbomcv]\" ><img loading=\"lazy\" decoding=\"async\" width=\"595\" height=\"842\" src=\"https:\/\/imsatextil.com\/wp-content\/uploads\/2018\/08\/4-1.jpg\" class=\"attachment-full\" alt=\"\" srcset=\"https:\/\/imsatextil.com\/wp-content\/uploads\/2018\/08\/4-1.jpg 595w, https:\/\/imsatextil.com\/wp-content\/uploads\/2018\/08\/4-1-212x300.jpg 212w\" sizes=\"auto, (max-width: 595px) 100vw, 595px\" \/><\/a><\/div>\n\t\t<\/div> <\/div>\n\t<\/div> \n<\/div>\n","protected":false},"excerpt":{"rendered":"<p>AUTOMNE \/ HIVER 2019 Cet hiver 2020 s\u2019affirment les m\u00e9tallis\u00e9es, or, argent et bronze sont pr\u00e9sents dans notre collection dans une grande vari\u00e9t\u00e9 de formats, paillettes, missonis, maille, articles gaufr\u00e9s\u2026 qui apportent une touche de glamour et lumi\u00e8re pour la saison hivernale. Les carr\u00e9es sont encore en tendance, mais pour cet hiver on les a<br \/><a href=\"https:\/\/imsatextil.com\/fr\/colecciones\/coleccion-19\/\" class=\"more\">Read more<\/a><\/p>\n","protected":false},"author":1,"featured_media":0,"parent":307,"menu_order":0,"comment_status":"closed","ping_status":"closed","template":"","meta":{"footnotes":""},"class_list":["post-3686","page","type-page","status-publish","hentry"],"_links":{"self":[{"href":"https:\/\/imsatextil.com\/fr\/wp-json\/wp\/v2\/pages\/3686","targetHints":{"allow":["GET"]}}],"collection":[{"href":"https:\/\/imsatextil.com\/fr\/wp-json\/wp\/v2\/pages"}],"about":[{"href":"https:\/\/imsatextil.com\/fr\/wp-json\/wp\/v2\/types\/page"}],"author":[{"embeddable":true,"href":"https:\/\/imsatextil.com\/fr\/wp-json\/wp\/v2\/users\/1"}],"replies":[{"embeddable":true,"href":"https:\/\/imsatextil.com\/fr\/wp-json\/wp\/v2\/comments?post=3686"}],"version-history":[{"count":3,"href":"https:\/\/imsatextil.com\/fr\/wp-json\/wp\/v2\/pages\/3686\/revisions"}],"predecessor-version":[{"id":4041,"href":"https:\/\/imsatextil.com\/fr\/wp-json\/wp\/v2\/pages\/3686\/revisions\/4041"}],"up":[{"embeddable":true,"href":"https:\/\/imsatextil.com\/fr\/wp-json\/wp\/v2\/pages\/307"}],"wp:attachment":[{"href":"https:\/\/imsatextil.com\/fr\/wp-json\/wp\/v2\/media?parent=3686"}],"curies":[{"name":"wp","href":"https:\/\/api.w.org\/{rel}","templated":true}]}}