{"id":4001,"date":"2019-07-25T09:34:08","date_gmt":"2019-07-25T09:34:08","guid":{"rendered":"http:\/\/imsatextil.com\/colecciones\/coleccion-oi-20\/"},"modified":"2019-07-25T13:53:55","modified_gmt":"2019-07-25T13:53:55","slug":"coleccion-oi-20","status":"publish","type":"page","link":"https:\/\/imsatextil.com\/fr\/colecciones\/coleccion-oi-20\/","title":{"rendered":"Colecci\u00f3n O\/I 20"},"content":{"rendered":"<div  id='first-row'  class=\"vc_row wpb_row vc_row-fluid full-width-content \">\n\t<div class=\"vc_span12 wpb_column vc_column_container \"><div class=\"vc_column-inner \">\n\t\t<div class=\"wpb_wrapper\">\n\t\t\t\r\n\t<div class=\"wpb_single_image wpb_content_element vc_align_center\">\r\n\t\t<div class=\"wpb_wrapper\">\r\n\t\t\t\r\n\t\t\t<div class=\"vc_single_image-wrapper   vc_box_border_grey\"><img loading=\"lazy\" decoding=\"async\" width=\"1920\" height=\"257\" src=\"https:\/\/imsatextil.com\/wp-content\/uploads\/2019\/07\/header-oi-20-1.png\" class=\"vc_single_image-img attachment-full\" alt=\"\" srcset=\"https:\/\/imsatextil.com\/wp-content\/uploads\/2019\/07\/header-oi-20-1.png 1920w, https:\/\/imsatextil.com\/wp-content\/uploads\/2019\/07\/header-oi-20-1-300x40.png 300w, https:\/\/imsatextil.com\/wp-content\/uploads\/2019\/07\/header-oi-20-1-768x103.png 768w, https:\/\/imsatextil.com\/wp-content\/uploads\/2019\/07\/header-oi-20-1-1024x137.png 1024w\" sizes=\"auto, (max-width: 1920px) 100vw, 1920px\" \/><\/div>\r\n\t\t<\/div>\r\n\t<\/div>\r\n\n\t\t<\/div> <\/div>\n\t<\/div> \n<\/div><div   class=\"vc_row wpb_row vc_row-fluid  \">\n\t<div class=\"vc_span12 wpb_column vc_column_container \"><div class=\"vc_column-inner \">\n\t\t<div class=\"wpb_wrapper\">\n\t\t\t<h2 style=\"text-align: left\" class=\"vc_custom_heading\" >AUTOMNE \/ HIVER 2020<\/h2>\r\n\t<div class=\"wpb_single_image wpb_content_element vc_align_left\">\r\n\t\t<div class=\"wpb_wrapper\">\r\n\t\t\t\r\n\t\t\t<div class=\"vc_single_image-wrapper   vc_box_border_grey\"><img loading=\"lazy\" decoding=\"async\" width=\"181\" height=\"7\" src=\"https:\/\/imsatextil.com\/wp-content\/uploads\/2017\/11\/separator_black.png\" class=\"vc_single_image-img attachment-full\" alt=\"\" \/><\/div>\r\n\t\t<\/div>\r\n\t<\/div>\r\n<div class=\"vc_row wpb_row vc_inner vc_row-fluid\"><div class=\"wpb_column vc_column_container vc_span6\"><div class=\"vc_column-inner  \"><div class=\"wpb_wrapper\">\n\t<div class=\"wpb_text_column wpb_content_element  \" >\n\t\t<div class=\"wpb_wrapper\" id=\"ct_da6bmprm10z466tmaenc\">\n\t\t\t<p>Ce nouvel hiver, nous vous proposons une plus grande collection de tissus pour vos cr\u00e9ations. Nous avons diversifi\u00e9 les fabrications, le polyester recycl\u00e9, la viscose, la rayonne, le coton, la laine&#8230; Vous trouverez une large s\u00e9lection de tissus qualitatifs pour les chemises et pi\u00e8ces l\u00e9g\u00e8res, avec diff\u00e9rents poids, structures et finitions. Pleats sont \u00e0 la mode; nous allons un peu plus loin en augmentant la vari\u00e9t\u00e9 des tissus pliss\u00e9s, de sorte que nous donnons du volume et de la sophistication aux v\u00eatements. Jetez un coup d&rsquo;\u0153il aussi aux tissus de nos paillettes, un grand pas en avant !<\/p>\n<p>Cette ann\u00e9e, nous avons divis\u00e9 nos tissus en quatre th\u00e8mes principaux ;<\/p>\n<p>Grounded:<\/p>\n<p>Cette collection nous ram\u00e8ne \u00e0 nos racines et \u00e0 notre connexion avec la plan\u00e8te. Textures naturelles, chaudes et confortables dans des couleurs ancr\u00e9es qui c\u00e9l\u00e8brent la nature et l&rsquo;essence de notre \u00eatre ; incorporant \u00e9galement une \u00e9co-capsule de tissus qui sont une option respectueuse de l&rsquo;environnement pour la mode durable.<\/p>\n\n\t\t<\/div> \n\t<\/div> <\/div><\/div><\/div><div class=\"wpb_column vc_column_container vc_span6\"><div class=\"vc_column-inner  \"><div class=\"wpb_wrapper\">\n\t<div class=\"wpb_text_column wpb_content_element  \" >\n\t\t<div class=\"wpb_wrapper\" id=\"ct_reopatsqo08ajwb6laiz\">\n\t\t\t<p>Bio-Inception:<\/p>\n<p>La plus futuriste et innovante des collections, inspir\u00e9e des avanc\u00e9es de la science, des techniques de nouveaut\u00e9 et des visions futuristes. Les tissus sont comme des peaux secondaires, translucides, iris\u00e9s, enduits et stratifi\u00e9s. Art et science fusionn\u00e9s dans une belle collection de tissus pour jour et nuit.<\/p>\n<p>Marveling:<\/p>\n<p>Un luxe pr\u00e9cieux et subtil est transfus\u00e9 \u00e0 travers toutes les fibres de cette collection. Textures riches, paillettes, or et luxe sont les \u00e9l\u00e9ments de d\u00e9claration de ces tissus. Rien n&rsquo;est simple ou simple. Fantaisie, imagination et opulence s&rsquo;approprient de la routine et transforment tout en beaut\u00e9, comme une touche Midas.<\/p>\n<p>Eclectic:<\/p>\n<p>Une collection color\u00e9e, cr\u00e9ative et amusante qui comprend des classiques reconstruits, tweeds et tartans color\u00e9s, jacquards et autres textures m\u00e9lang\u00e9es et des motifs audacieux. Refl\u00e9tant le d\u00e9sir d&rsquo;une vie v\u00e9ritablement lib\u00e9r\u00e9e, se sentir vivant et explorer de nouvelles exp\u00e9riences, sensations et modes de vie autonomes non conformes. La singularit\u00e9 est la cl\u00e9.<\/p>\n\n\t\t<\/div> \n\t<\/div> <\/div><\/div><\/div><\/div><style type=\"text\/css\" >#ic_leo01svt745n6izxss7i {margin:0px auto 0px; }#ic_leo01svt745n6izxss7i .owl-prev,#ic_leo01svt745n6izxss7i .owl-next{border-color:#ecf0f1; background:#ffffff; color:#4a4f55; }#ic_leo01svt745n6izxss7i .owl-prev:hover,#ic_leo01svt745n6izxss7i .owl-next:hover{background:#f9fafb; color:#000000; }#ic_leo01svt745n6izxss7i .owl-prev:before,#ic_leo01svt745n6izxss7i .owl-next:after{border-color:#4a4f55; }#ic_leo01svt745n6izxss7i .owl-prev:hover::before,#ic_leo01svt745n6izxss7i .owl-next:hover::after{border-color:#000000; }#ic_leo01svt745n6izxss7i .owl-dot{ background:#ffffff; border-color:#ecf0f1; }#ic_leo01svt745n6izxss7i .owl-dot.active{ background:#000000; border-color:#ecf0f1;}<\/style><script type=\"text\/javascript\" charset=\"utf-8\">\r\n\r\n\t\tjQuery.noConflict();\r\n\t\/\/setup up Carousel\r\n\t\tjQuery(document).ready(function($) {\r\n\t\"use strict\";\r\n\t$(window).load(function(){\r\n\t\t$(\"#ic_leo01svt745n6izxss7i\").owlCarousel({\r\n\t\t\trtl: $(\"body\").hasClass(\"rtl\") ? true : false,\r\n\t\t\tresponsiveClass:true,\r\n\t\t\tcenter:true,\r\n\t\t\tloop:true,\r\n\t\t\tresponsive:{\r\n\t\t\t\t0:{\r\n\t\t\t\t\titems:1,\r\n\t\t\t    },\r\n\t\t\t    780:{\r\n\t\t\t        items:2,\r\n\t\t\t\t},\r\n\t\t\t\t1000:{\r\n\t\t\t\t    items:2,\r\n\t\t\t\t},\r\n\t\t\t},\r\n            scroll: 1,\r\n\t\t\tautoplay:false,\r\n\t   \t \t dots:false,\r\n\t\t\t nav:true,\r\n\t\r\n\t\t});\r\n\t});\r\n});\r\n\r\n<\/script><div class=\"tt_testimonials_ctn rd_ic_center  hover_nav_style \" id=\"ic_leo01svt745n6izxss7i\" style=\"margin-top:0px; margin-bottom:0px;\"><a href=\"https:\/\/imsatextil.com\/wp-content\/uploads\/2019\/07\/1.png\"  rel=\"prettyPhoto[rel-leo01svt745n6izxss7i]\" ><img loading=\"lazy\" decoding=\"async\" width=\"900\" height=\"636\" src=\"https:\/\/imsatextil.com\/wp-content\/uploads\/2019\/07\/1.png\" class=\"attachment-full\" alt=\"\" srcset=\"https:\/\/imsatextil.com\/wp-content\/uploads\/2019\/07\/1.png 900w, https:\/\/imsatextil.com\/wp-content\/uploads\/2019\/07\/1-300x212.png 300w, https:\/\/imsatextil.com\/wp-content\/uploads\/2019\/07\/1-768x543.png 768w\" sizes=\"auto, (max-width: 900px) 100vw, 900px\" \/><\/a><a href=\"https:\/\/imsatextil.com\/wp-content\/uploads\/2019\/07\/2.png\"  rel=\"prettyPhoto[rel-leo01svt745n6izxss7i]\" ><img loading=\"lazy\" decoding=\"async\" width=\"900\" height=\"636\" src=\"https:\/\/imsatextil.com\/wp-content\/uploads\/2019\/07\/2.png\" class=\"attachment-full\" alt=\"\" srcset=\"https:\/\/imsatextil.com\/wp-content\/uploads\/2019\/07\/2.png 900w, https:\/\/imsatextil.com\/wp-content\/uploads\/2019\/07\/2-300x212.png 300w, https:\/\/imsatextil.com\/wp-content\/uploads\/2019\/07\/2-768x543.png 768w\" sizes=\"auto, (max-width: 900px) 100vw, 900px\" \/><\/a><a href=\"https:\/\/imsatextil.com\/wp-content\/uploads\/2019\/07\/3.png\"  rel=\"prettyPhoto[rel-leo01svt745n6izxss7i]\" ><img loading=\"lazy\" decoding=\"async\" width=\"900\" height=\"636\" src=\"https:\/\/imsatextil.com\/wp-content\/uploads\/2019\/07\/3.png\" class=\"attachment-full\" alt=\"\" srcset=\"https:\/\/imsatextil.com\/wp-content\/uploads\/2019\/07\/3.png 900w, https:\/\/imsatextil.com\/wp-content\/uploads\/2019\/07\/3-300x212.png 300w, https:\/\/imsatextil.com\/wp-content\/uploads\/2019\/07\/3-768x543.png 768w\" sizes=\"auto, (max-width: 900px) 100vw, 900px\" \/><\/a><a href=\"https:\/\/imsatextil.com\/wp-content\/uploads\/2019\/07\/4.png\"  rel=\"prettyPhoto[rel-leo01svt745n6izxss7i]\" ><img loading=\"lazy\" decoding=\"async\" width=\"900\" height=\"636\" src=\"https:\/\/imsatextil.com\/wp-content\/uploads\/2019\/07\/4.png\" class=\"attachment-full\" alt=\"\" srcset=\"https:\/\/imsatextil.com\/wp-content\/uploads\/2019\/07\/4.png 900w, https:\/\/imsatextil.com\/wp-content\/uploads\/2019\/07\/4-300x212.png 300w, https:\/\/imsatextil.com\/wp-content\/uploads\/2019\/07\/4-768x543.png 768w\" sizes=\"auto, (max-width: 900px) 100vw, 900px\" \/><\/a><a href=\"https:\/\/imsatextil.com\/wp-content\/uploads\/2019\/07\/5-1.png\"  rel=\"prettyPhoto[rel-leo01svt745n6izxss7i]\" ><img loading=\"lazy\" decoding=\"async\" width=\"900\" height=\"636\" src=\"https:\/\/imsatextil.com\/wp-content\/uploads\/2019\/07\/5-1.png\" class=\"attachment-full\" alt=\"\" srcset=\"https:\/\/imsatextil.com\/wp-content\/uploads\/2019\/07\/5-1.png 900w, https:\/\/imsatextil.com\/wp-content\/uploads\/2019\/07\/5-1-300x212.png 300w, https:\/\/imsatextil.com\/wp-content\/uploads\/2019\/07\/5-1-768x543.png 768w\" sizes=\"auto, (max-width: 900px) 100vw, 900px\" \/><\/a><a href=\"https:\/\/imsatextil.com\/wp-content\/uploads\/2019\/07\/6-2.png\"  rel=\"prettyPhoto[rel-leo01svt745n6izxss7i]\" ><img loading=\"lazy\" decoding=\"async\" width=\"900\" height=\"636\" src=\"https:\/\/imsatextil.com\/wp-content\/uploads\/2019\/07\/6-2.png\" class=\"attachment-full\" alt=\"\" srcset=\"https:\/\/imsatextil.com\/wp-content\/uploads\/2019\/07\/6-2.png 900w, https:\/\/imsatextil.com\/wp-content\/uploads\/2019\/07\/6-2-300x212.png 300w, https:\/\/imsatextil.com\/wp-content\/uploads\/2019\/07\/6-2-768x543.png 768w\" sizes=\"auto, (max-width: 900px) 100vw, 900px\" \/><\/a><a href=\"https:\/\/imsatextil.com\/wp-content\/uploads\/2019\/07\/7-1.png\"  rel=\"prettyPhoto[rel-leo01svt745n6izxss7i]\" ><img loading=\"lazy\" decoding=\"async\" width=\"900\" height=\"636\" src=\"https:\/\/imsatextil.com\/wp-content\/uploads\/2019\/07\/7-1.png\" class=\"attachment-full\" alt=\"\" srcset=\"https:\/\/imsatextil.com\/wp-content\/uploads\/2019\/07\/7-1.png 900w, https:\/\/imsatextil.com\/wp-content\/uploads\/2019\/07\/7-1-300x212.png 300w, https:\/\/imsatextil.com\/wp-content\/uploads\/2019\/07\/7-1-768x543.png 768w\" sizes=\"auto, (max-width: 900px) 100vw, 900px\" \/><\/a><a href=\"https:\/\/imsatextil.com\/wp-content\/uploads\/2019\/07\/8-1.png\"  rel=\"prettyPhoto[rel-leo01svt745n6izxss7i]\" ><img loading=\"lazy\" decoding=\"async\" width=\"900\" height=\"636\" src=\"https:\/\/imsatextil.com\/wp-content\/uploads\/2019\/07\/8-1.png\" class=\"attachment-full\" alt=\"\" srcset=\"https:\/\/imsatextil.com\/wp-content\/uploads\/2019\/07\/8-1.png 900w, https:\/\/imsatextil.com\/wp-content\/uploads\/2019\/07\/8-1-300x212.png 300w, https:\/\/imsatextil.com\/wp-content\/uploads\/2019\/07\/8-1-768x543.png 768w\" sizes=\"auto, (max-width: 900px) 100vw, 900px\" \/><\/a><a href=\"https:\/\/imsatextil.com\/wp-content\/uploads\/2019\/07\/9-1.png\"  rel=\"prettyPhoto[rel-leo01svt745n6izxss7i]\" ><img loading=\"lazy\" decoding=\"async\" width=\"900\" height=\"636\" src=\"https:\/\/imsatextil.com\/wp-content\/uploads\/2019\/07\/9-1.png\" class=\"attachment-full\" alt=\"\" srcset=\"https:\/\/imsatextil.com\/wp-content\/uploads\/2019\/07\/9-1.png 900w, https:\/\/imsatextil.com\/wp-content\/uploads\/2019\/07\/9-1-300x212.png 300w, https:\/\/imsatextil.com\/wp-content\/uploads\/2019\/07\/9-1-768x543.png 768w\" sizes=\"auto, (max-width: 900px) 100vw, 900px\" \/><\/a><a href=\"https:\/\/imsatextil.com\/wp-content\/uploads\/2019\/07\/10-1.png\"  rel=\"prettyPhoto[rel-leo01svt745n6izxss7i]\" ><img loading=\"lazy\" decoding=\"async\" width=\"900\" height=\"636\" src=\"https:\/\/imsatextil.com\/wp-content\/uploads\/2019\/07\/10-1.png\" class=\"attachment-full\" alt=\"\" srcset=\"https:\/\/imsatextil.com\/wp-content\/uploads\/2019\/07\/10-1.png 900w, https:\/\/imsatextil.com\/wp-content\/uploads\/2019\/07\/10-1-300x212.png 300w, https:\/\/imsatextil.com\/wp-content\/uploads\/2019\/07\/10-1-768x543.png 768w\" sizes=\"auto, (max-width: 900px) 100vw, 900px\" \/><\/a><a href=\"https:\/\/imsatextil.com\/wp-content\/uploads\/2019\/07\/11-1.png\"  rel=\"prettyPhoto[rel-leo01svt745n6izxss7i]\" ><img loading=\"lazy\" decoding=\"async\" width=\"900\" height=\"636\" src=\"https:\/\/imsatextil.com\/wp-content\/uploads\/2019\/07\/11-1.png\" class=\"attachment-full\" alt=\"\" srcset=\"https:\/\/imsatextil.com\/wp-content\/uploads\/2019\/07\/11-1.png 900w, https:\/\/imsatextil.com\/wp-content\/uploads\/2019\/07\/11-1-300x212.png 300w, https:\/\/imsatextil.com\/wp-content\/uploads\/2019\/07\/11-1-768x543.png 768w\" sizes=\"auto, (max-width: 900px) 100vw, 900px\" \/><\/a><a href=\"https:\/\/imsatextil.com\/wp-content\/uploads\/2019\/07\/12-1.png\"  rel=\"prettyPhoto[rel-leo01svt745n6izxss7i]\" ><img loading=\"lazy\" decoding=\"async\" width=\"900\" height=\"636\" src=\"https:\/\/imsatextil.com\/wp-content\/uploads\/2019\/07\/12-1.png\" class=\"attachment-full\" alt=\"\" srcset=\"https:\/\/imsatextil.com\/wp-content\/uploads\/2019\/07\/12-1.png 900w, https:\/\/imsatextil.com\/wp-content\/uploads\/2019\/07\/12-1-300x212.png 300w, https:\/\/imsatextil.com\/wp-content\/uploads\/2019\/07\/12-1-768x543.png 768w\" sizes=\"auto, (max-width: 900px) 100vw, 900px\" \/><\/a><a href=\"https:\/\/imsatextil.com\/wp-content\/uploads\/2019\/07\/13-1.png\"  rel=\"prettyPhoto[rel-leo01svt745n6izxss7i]\" ><img loading=\"lazy\" decoding=\"async\" width=\"900\" height=\"636\" src=\"https:\/\/imsatextil.com\/wp-content\/uploads\/2019\/07\/13-1.png\" class=\"attachment-full\" alt=\"\" srcset=\"https:\/\/imsatextil.com\/wp-content\/uploads\/2019\/07\/13-1.png 900w, https:\/\/imsatextil.com\/wp-content\/uploads\/2019\/07\/13-1-300x212.png 300w, https:\/\/imsatextil.com\/wp-content\/uploads\/2019\/07\/13-1-768x543.png 768w\" sizes=\"auto, (max-width: 900px) 100vw, 900px\" \/><\/a><\/div>\n\t\t<\/div> <\/div>\n\t<\/div> \n<\/div>\n","protected":false},"excerpt":{"rendered":"<p>AUTOMNE \/ HIVER 2020 Ce nouvel hiver, nous vous proposons une plus grande collection de tissus pour vos cr\u00e9ations. Nous avons diversifi\u00e9 les fabrications, le polyester recycl\u00e9, la viscose, la rayonne, le coton, la laine&#8230; Vous trouverez une large s\u00e9lection de tissus qualitatifs pour les chemises et pi\u00e8ces l\u00e9g\u00e8res, avec diff\u00e9rents poids, structures et finitions.<br \/><a href=\"https:\/\/imsatextil.com\/fr\/colecciones\/coleccion-oi-20\/\" class=\"more\">Read more<\/a><\/p>\n","protected":false},"author":1,"featured_media":0,"parent":307,"menu_order":0,"comment_status":"closed","ping_status":"closed","template":"","meta":{"footnotes":""},"class_list":["post-4001","page","type-page","status-publish","hentry"],"_links":{"self":[{"href":"https:\/\/imsatextil.com\/fr\/wp-json\/wp\/v2\/pages\/4001","targetHints":{"allow":["GET"]}}],"collection":[{"href":"https:\/\/imsatextil.com\/fr\/wp-json\/wp\/v2\/pages"}],"about":[{"href":"https:\/\/imsatextil.com\/fr\/wp-json\/wp\/v2\/types\/page"}],"author":[{"embeddable":true,"href":"https:\/\/imsatextil.com\/fr\/wp-json\/wp\/v2\/users\/1"}],"replies":[{"embeddable":true,"href":"https:\/\/imsatextil.com\/fr\/wp-json\/wp\/v2\/comments?post=4001"}],"version-history":[{"count":3,"href":"https:\/\/imsatextil.com\/fr\/wp-json\/wp\/v2\/pages\/4001\/revisions"}],"predecessor-version":[{"id":4043,"href":"https:\/\/imsatextil.com\/fr\/wp-json\/wp\/v2\/pages\/4001\/revisions\/4043"}],"up":[{"embeddable":true,"href":"https:\/\/imsatextil.com\/fr\/wp-json\/wp\/v2\/pages\/307"}],"wp:attachment":[{"href":"https:\/\/imsatextil.com\/fr\/wp-json\/wp\/v2\/media?parent=4001"}],"curies":[{"name":"wp","href":"https:\/\/api.w.org\/{rel}","templated":true}]}}