{"id":4107,"date":"2020-01-16T16:58:03","date_gmt":"2020-01-16T16:58:03","guid":{"rendered":"http:\/\/imsatextil.com\/coleccion-p-v-21\/"},"modified":"2020-02-21T11:55:33","modified_gmt":"2020-02-21T11:55:33","slug":"coleccion-p-v-21","status":"publish","type":"page","link":"https:\/\/imsatextil.com\/fr\/colecciones\/coleccion-p-v-21\/","title":{"rendered":"PRINTEMPS \/ \u00c9T\u00c9 2021"},"content":{"rendered":"<div  id='first-row'  class=\"vc_row wpb_row vc_row-fluid full-width-content \">\n\t<div class=\"vc_span12 wpb_column vc_column_container \"><div class=\"vc_column-inner \">\n\t\t<div class=\"wpb_wrapper\">\n\t\t\t\r\n\t<div class=\"wpb_single_image wpb_content_element vc_align_center\">\r\n\t\t<div class=\"wpb_wrapper\">\r\n\t\t\t\r\n\t\t\t<div class=\"vc_single_image-wrapper   vc_box_border_grey\"><img loading=\"lazy\" decoding=\"async\" width=\"1920\" height=\"257\" src=\"https:\/\/imsatextil.com\/wp-content\/uploads\/2020\/01\/header_primavera-2021.jpg\" class=\"vc_single_image-img attachment-full\" alt=\"\" srcset=\"https:\/\/imsatextil.com\/wp-content\/uploads\/2020\/01\/header_primavera-2021.jpg 1920w, https:\/\/imsatextil.com\/wp-content\/uploads\/2020\/01\/header_primavera-2021-300x40.jpg 300w, https:\/\/imsatextil.com\/wp-content\/uploads\/2020\/01\/header_primavera-2021-768x103.jpg 768w, https:\/\/imsatextil.com\/wp-content\/uploads\/2020\/01\/header_primavera-2021-1024x137.jpg 1024w\" sizes=\"auto, (max-width: 1920px) 100vw, 1920px\" \/><\/div>\r\n\t\t<\/div>\r\n\t<\/div>\r\n\n\t\t<\/div> <\/div>\n\t<\/div> \n<\/div><div   class=\"vc_row wpb_row vc_row-fluid  \">\n\t<div class=\"vc_span12 wpb_column vc_column_container \"><div class=\"vc_column-inner \">\n\t\t<div class=\"wpb_wrapper\">\n\t\t\t<h2 style=\"text-align: left\" class=\"vc_custom_heading\" >PRINTEMPS \/ \u00c9T\u00c9 2021<\/h2>\r\n\t<div class=\"wpb_single_image wpb_content_element vc_align_left\">\r\n\t\t<div class=\"wpb_wrapper\">\r\n\t\t\t\r\n\t\t\t<div class=\"vc_single_image-wrapper   vc_box_border_grey\"><img loading=\"lazy\" decoding=\"async\" width=\"181\" height=\"7\" src=\"https:\/\/imsatextil.com\/wp-content\/uploads\/2017\/11\/separator_black.png\" class=\"vc_single_image-img attachment-full\" alt=\"\" \/><\/div>\r\n\t\t<\/div>\r\n\t<\/div>\r\n<div class=\"vc_row wpb_row vc_inner vc_row-fluid\"><div class=\"wpb_column vc_column_container vc_span6\"><div class=\"vc_column-inner  \"><div class=\"wpb_wrapper\">\n\t<div class=\"wpb_text_column wpb_content_element  \" >\n\t\t<div class=\"wpb_wrapper\" id=\"ct_hx7ljxfq11h5zm3xx4gq\">\n\t\t\t<p><b><span lang=\"FR\">\u00c9th\u00e9r\u00e9e:<\/span><\/b><u><\/u><u><\/u><\/p>\n<p><span lang=\"FR\">Les mat\u00e9riaux l\u00e9gers, translucides, flottants et fluides dominent cette tendance. Finitions m\u00e9talliques, plis et autres traitements m\u00e9caniques des tissus cr\u00e9ent une collection qui se distingue alliant nature et technologie. La nudit\u00e9 de la maille et d&rsquo;autres textures inattendues sont utilis\u00e9es dans les v\u00eatements de jour et de nuit.<\/span><u><\/u><u><\/u><\/p>\n<p><b><span lang=\"FR\">Floral:<\/span><\/b><span lang=\"FR\">\u00a0<\/span><u><\/u><u><\/u><\/p>\n<p><span lang=\"FR\">Tout un jardin de tissus nous attend cette saison : des belles broderies roses aux tissus en maille \u00e0 paillettes translucides en combinaisons color\u00e9es, en passant par les fleurs 3D et les tissus de dentelle florale, l&rsquo;imagination est la limite ! Romantique, doux ou opulent, tous les styles sont couverts.<\/span><u><\/u><u><\/u><\/p>\n<p><b><span lang=\"FR\">\u00c9clectique:<\/span><\/b><u><\/u><u><\/u><\/p>\n<p><span lang=\"FR\">Comme une extension de la tendance Hiver 20\/21, nous continuerons \u00e0 voir des tissus color\u00e9s et amusants qui composent cette collection de tweeds, rayures et autres m\u00e9langes, \u00e0 la fois en tiss\u00e9 et en tricots.<\/span><\/p>\n\n\t\t<\/div> \n\t<\/div> <\/div><\/div><\/div><div class=\"wpb_column vc_column_container vc_span6\"><div class=\"vc_column-inner  \"><div class=\"wpb_wrapper\">\n\t<div class=\"wpb_text_column wpb_content_element  \" >\n\t\t<div class=\"wpb_wrapper\" id=\"ct_4zu0octf7zjzf93qte5b\">\n\t\t\t<p><b><span lang=\"FR\">Pastel:<\/span><\/b><u><\/u><u><\/u><\/p>\n<p><span lang=\"FR\">Les nuances des couleurs pastel doux sont un must cette saison. Nous les trouverons dans tous les types de tissus et d&rsquo;imprim\u00e9s. Citron vert, lilas et rose clair sont des couleurs principales pour les tops, robes et m\u00eame des costumes complets. Un look na\u00eff et ludique qui fonctionne parfaitement pour les collections pour les femmes et les enfants.<\/span><u><\/u><u><\/u><\/p>\n<p><b><span lang=\"FR\">Nouveau marin:<\/span><\/b><u><\/u><u><\/u><\/p>\n<p><span lang=\"FR\">La tendance marin est presque un classique et pour les collections d&rsquo;\u00e9t\u00e9, il est encore plus important. Chaque saison, cette tendance est livr\u00e9 avec une torsion sp\u00e9ciale. Pour l&rsquo;\u00e9t\u00e9 2021, les structures tricot\u00e9es font les rayures de marin ou un tissu ray\u00e9 classique am\u00e9liore avec une broderie. Cette saison, la plupart des tissus sont abondants en d\u00e9tails et c&rsquo;est une excellente occasion pour rafra\u00eechir cette tendance!<\/span><u><\/u><u><\/u><span lang=\"FR\">\u00a0<\/span><u><\/u><u><\/u><\/p>\n<p><b><span lang=\"FR\">Romantique:<\/span><\/b><u><\/u><u><\/u><\/p>\n<p><span lang=\"FR\">Une essence romantique est dans l&rsquo;air pour l&rsquo;\u00e9t\u00e9 2021. Des tissus qui nous rappellent une vie libre et facile dans une prairie, avec un l\u00e9ger sentiment de c\u0153ur et un souvenir vintage. Les broderies et les lacets font de longues robes pleines de fioritures et de couches. Cette tendance nous inspire \u00e0 revenir \u00e0 la romance avec un look d\u00e9tendu et beau.<\/span><\/p>\n\n\t\t<\/div> \n\t<\/div> <\/div><\/div><\/div><\/div><style type=\"text\/css\" >#ic_6w8bf13atiwobrwqdfud {margin:0px auto 0px; }#ic_6w8bf13atiwobrwqdfud .owl-prev,#ic_6w8bf13atiwobrwqdfud .owl-next{border-color:#ecf0f1; background:#ffffff; color:#4a4f55; }#ic_6w8bf13atiwobrwqdfud .owl-prev:hover,#ic_6w8bf13atiwobrwqdfud .owl-next:hover{background:#f9fafb; color:#000000; }#ic_6w8bf13atiwobrwqdfud .owl-prev:before,#ic_6w8bf13atiwobrwqdfud .owl-next:after{border-color:#4a4f55; }#ic_6w8bf13atiwobrwqdfud .owl-prev:hover::before,#ic_6w8bf13atiwobrwqdfud .owl-next:hover::after{border-color:#000000; }#ic_6w8bf13atiwobrwqdfud .owl-dot{ background:#ffffff; border-color:#ecf0f1; }#ic_6w8bf13atiwobrwqdfud .owl-dot.active{ background:#000000; border-color:#ecf0f1;}<\/style><script type=\"text\/javascript\" charset=\"utf-8\">\r\n\r\n\t\tjQuery.noConflict();\r\n\t\/\/setup up Carousel\r\n\t\tjQuery(document).ready(function($) {\r\n\t\"use strict\";\r\n\t$(window).load(function(){\r\n\t\t$(\"#ic_6w8bf13atiwobrwqdfud\").owlCarousel({\r\n\t\t\trtl: $(\"body\").hasClass(\"rtl\") ? true : false,\r\n\t\t\tresponsiveClass:true,\r\n\t\t\tcenter:true,\r\n\t\t\tloop:true,\r\n\t\t\tresponsive:{\r\n\t\t\t\t0:{\r\n\t\t\t\t\titems:1,\r\n\t\t\t    },\r\n\t\t\t    780:{\r\n\t\t\t        items:2,\r\n\t\t\t\t},\r\n\t\t\t\t1000:{\r\n\t\t\t\t    items:2,\r\n\t\t\t\t},\r\n\t\t\t},\r\n            scroll: 1,\r\n\t\t\tautoplay:false,\r\n\t   \t \t dots:false,\r\n\t\t\t nav:true,\r\n\t\r\n\t\t});\r\n\t});\r\n});\r\n\r\n<\/script><div class=\"tt_testimonials_ctn rd_ic_center  hover_nav_style \" id=\"ic_6w8bf13atiwobrwqdfud\" style=\"margin-top:0px; margin-bottom:0px;\"><a href=\"https:\/\/imsatextil.com\/wp-content\/uploads\/2020\/01\/TWEED2-1024x707.jpg\"  rel=\"prettyPhoto[rel-6w8bf13atiwobrwqdfud]\" ><img loading=\"lazy\" decoding=\"async\" width=\"1158\" height=\"799\" src=\"https:\/\/imsatextil.com\/wp-content\/uploads\/2020\/01\/TWEED2.jpg\" class=\"attachment-full\" alt=\"\" srcset=\"https:\/\/imsatextil.com\/wp-content\/uploads\/2020\/01\/TWEED2.jpg 1158w, https:\/\/imsatextil.com\/wp-content\/uploads\/2020\/01\/TWEED2-300x207.jpg 300w, https:\/\/imsatextil.com\/wp-content\/uploads\/2020\/01\/TWEED2-768x530.jpg 768w, https:\/\/imsatextil.com\/wp-content\/uploads\/2020\/01\/TWEED2-1024x707.jpg 1024w\" sizes=\"auto, (max-width: 1158px) 100vw, 1158px\" \/><\/a><a href=\"https:\/\/imsatextil.com\/wp-content\/uploads\/2020\/01\/ROMANTIC-PRAIRIE-1024x703.jpg\"  rel=\"prettyPhoto[rel-6w8bf13atiwobrwqdfud]\" ><img loading=\"lazy\" decoding=\"async\" width=\"1171\" height=\"804\" src=\"https:\/\/imsatextil.com\/wp-content\/uploads\/2020\/01\/ROMANTIC-PRAIRIE.jpg\" class=\"attachment-full\" alt=\"\" srcset=\"https:\/\/imsatextil.com\/wp-content\/uploads\/2020\/01\/ROMANTIC-PRAIRIE.jpg 1171w, https:\/\/imsatextil.com\/wp-content\/uploads\/2020\/01\/ROMANTIC-PRAIRIE-300x206.jpg 300w, https:\/\/imsatextil.com\/wp-content\/uploads\/2020\/01\/ROMANTIC-PRAIRIE-768x527.jpg 768w, https:\/\/imsatextil.com\/wp-content\/uploads\/2020\/01\/ROMANTIC-PRAIRIE-1024x703.jpg 1024w\" sizes=\"auto, (max-width: 1171px) 100vw, 1171px\" \/><\/a><a href=\"https:\/\/imsatextil.com\/wp-content\/uploads\/2020\/01\/PRINTS-1024x709.jpg\"  rel=\"prettyPhoto[rel-6w8bf13atiwobrwqdfud]\" ><img loading=\"lazy\" decoding=\"async\" width=\"1161\" height=\"804\" src=\"https:\/\/imsatextil.com\/wp-content\/uploads\/2020\/01\/PRINTS.jpg\" class=\"attachment-full\" alt=\"\" srcset=\"https:\/\/imsatextil.com\/wp-content\/uploads\/2020\/01\/PRINTS.jpg 1161w, https:\/\/imsatextil.com\/wp-content\/uploads\/2020\/01\/PRINTS-300x208.jpg 300w, https:\/\/imsatextil.com\/wp-content\/uploads\/2020\/01\/PRINTS-768x532.jpg 768w, https:\/\/imsatextil.com\/wp-content\/uploads\/2020\/01\/PRINTS-1024x709.jpg 1024w\" sizes=\"auto, (max-width: 1161px) 100vw, 1161px\" \/><\/a><a href=\"https:\/\/imsatextil.com\/wp-content\/uploads\/2020\/01\/ECLECTIC-1024x729.jpg\"  rel=\"prettyPhoto[rel-6w8bf13atiwobrwqdfud]\" ><img loading=\"lazy\" decoding=\"async\" width=\"1151\" height=\"819\" src=\"https:\/\/imsatextil.com\/wp-content\/uploads\/2020\/01\/ECLECTIC.jpg\" class=\"attachment-full\" alt=\"\" srcset=\"https:\/\/imsatextil.com\/wp-content\/uploads\/2020\/01\/ECLECTIC.jpg 1151w, https:\/\/imsatextil.com\/wp-content\/uploads\/2020\/01\/ECLECTIC-300x213.jpg 300w, https:\/\/imsatextil.com\/wp-content\/uploads\/2020\/01\/ECLECTIC-768x546.jpg 768w, https:\/\/imsatextil.com\/wp-content\/uploads\/2020\/01\/ECLECTIC-1024x729.jpg 1024w\" sizes=\"auto, (max-width: 1151px) 100vw, 1151px\" \/><\/a><a href=\"https:\/\/imsatextil.com\/wp-content\/uploads\/2020\/01\/ETHEREAL-1024x731.jpg\"  rel=\"prettyPhoto[rel-6w8bf13atiwobrwqdfud]\" ><img loading=\"lazy\" decoding=\"async\" width=\"1148\" height=\"819\" src=\"https:\/\/imsatextil.com\/wp-content\/uploads\/2020\/01\/ETHEREAL.jpg\" class=\"attachment-full\" alt=\"\" srcset=\"https:\/\/imsatextil.com\/wp-content\/uploads\/2020\/01\/ETHEREAL.jpg 1148w, https:\/\/imsatextil.com\/wp-content\/uploads\/2020\/01\/ETHEREAL-300x214.jpg 300w, https:\/\/imsatextil.com\/wp-content\/uploads\/2020\/01\/ETHEREAL-768x548.jpg 768w, https:\/\/imsatextil.com\/wp-content\/uploads\/2020\/01\/ETHEREAL-1024x731.jpg 1024w\" sizes=\"auto, (max-width: 1148px) 100vw, 1148px\" \/><\/a><a href=\"https:\/\/imsatextil.com\/wp-content\/uploads\/2020\/01\/FLORAL-1024x721.jpg\"  rel=\"prettyPhoto[rel-6w8bf13atiwobrwqdfud]\" ><img loading=\"lazy\" decoding=\"async\" width=\"1150\" height=\"810\" src=\"https:\/\/imsatextil.com\/wp-content\/uploads\/2020\/01\/FLORAL.jpg\" class=\"attachment-full\" alt=\"\" srcset=\"https:\/\/imsatextil.com\/wp-content\/uploads\/2020\/01\/FLORAL.jpg 1150w, https:\/\/imsatextil.com\/wp-content\/uploads\/2020\/01\/FLORAL-300x211.jpg 300w, https:\/\/imsatextil.com\/wp-content\/uploads\/2020\/01\/FLORAL-768x541.jpg 768w, https:\/\/imsatextil.com\/wp-content\/uploads\/2020\/01\/FLORAL-1024x721.jpg 1024w\" sizes=\"auto, (max-width: 1150px) 100vw, 1150px\" \/><\/a><a href=\"https:\/\/imsatextil.com\/wp-content\/uploads\/2020\/01\/LIQUID-1024x732.jpg\"  rel=\"prettyPhoto[rel-6w8bf13atiwobrwqdfud]\" ><img loading=\"lazy\" decoding=\"async\" width=\"1145\" height=\"818\" src=\"https:\/\/imsatextil.com\/wp-content\/uploads\/2020\/01\/LIQUID.jpg\" class=\"attachment-full\" alt=\"\" srcset=\"https:\/\/imsatextil.com\/wp-content\/uploads\/2020\/01\/LIQUID.jpg 1145w, https:\/\/imsatextil.com\/wp-content\/uploads\/2020\/01\/LIQUID-300x214.jpg 300w, https:\/\/imsatextil.com\/wp-content\/uploads\/2020\/01\/LIQUID-768x549.jpg 768w, https:\/\/imsatextil.com\/wp-content\/uploads\/2020\/01\/LIQUID-1024x732.jpg 1024w\" sizes=\"auto, (max-width: 1145px) 100vw, 1145px\" \/><\/a><a href=\"https:\/\/imsatextil.com\/wp-content\/uploads\/2020\/01\/PASTELS-1024x710.jpg\"  rel=\"prettyPhoto[rel-6w8bf13atiwobrwqdfud]\" ><img loading=\"lazy\" decoding=\"async\" width=\"1157\" height=\"802\" src=\"https:\/\/imsatextil.com\/wp-content\/uploads\/2020\/01\/PASTELS.jpg\" class=\"attachment-full\" alt=\"\" srcset=\"https:\/\/imsatextil.com\/wp-content\/uploads\/2020\/01\/PASTELS.jpg 1157w, https:\/\/imsatextil.com\/wp-content\/uploads\/2020\/01\/PASTELS-300x208.jpg 300w, https:\/\/imsatextil.com\/wp-content\/uploads\/2020\/01\/PASTELS-768x532.jpg 768w, https:\/\/imsatextil.com\/wp-content\/uploads\/2020\/01\/PASTELS-1024x710.jpg 1024w\" sizes=\"auto, (max-width: 1157px) 100vw, 1157px\" \/><\/a><a href=\"https:\/\/imsatextil.com\/wp-content\/uploads\/2020\/01\/NEW-SAILOR-1024x706.jpg\"  rel=\"prettyPhoto[rel-6w8bf13atiwobrwqdfud]\" ><img loading=\"lazy\" decoding=\"async\" width=\"1163\" height=\"802\" src=\"https:\/\/imsatextil.com\/wp-content\/uploads\/2020\/01\/NEW-SAILOR.jpg\" class=\"attachment-full\" alt=\"\" srcset=\"https:\/\/imsatextil.com\/wp-content\/uploads\/2020\/01\/NEW-SAILOR.jpg 1163w, https:\/\/imsatextil.com\/wp-content\/uploads\/2020\/01\/NEW-SAILOR-300x207.jpg 300w, https:\/\/imsatextil.com\/wp-content\/uploads\/2020\/01\/NEW-SAILOR-768x530.jpg 768w, https:\/\/imsatextil.com\/wp-content\/uploads\/2020\/01\/NEW-SAILOR-1024x706.jpg 1024w\" sizes=\"auto, (max-width: 1163px) 100vw, 1163px\" \/><\/a><a href=\"https:\/\/imsatextil.com\/wp-content\/uploads\/2020\/02\/ss20-1024x706.jpg\"  rel=\"prettyPhoto[rel-6w8bf13atiwobrwqdfud]\" ><img loading=\"lazy\" decoding=\"async\" width=\"1163\" height=\"802\" src=\"https:\/\/imsatextil.com\/wp-content\/uploads\/2020\/02\/ss20.jpg\" class=\"attachment-full\" alt=\"\" srcset=\"https:\/\/imsatextil.com\/wp-content\/uploads\/2020\/02\/ss20.jpg 1163w, https:\/\/imsatextil.com\/wp-content\/uploads\/2020\/02\/ss20-300x207.jpg 300w, https:\/\/imsatextil.com\/wp-content\/uploads\/2020\/02\/ss20-768x530.jpg 768w, https:\/\/imsatextil.com\/wp-content\/uploads\/2020\/02\/ss20-1024x706.jpg 1024w\" sizes=\"auto, (max-width: 1163px) 100vw, 1163px\" \/><\/a><\/div>\n\t\t<\/div> <\/div>\n\t<\/div> \n<\/div>\n","protected":false},"excerpt":{"rendered":"<p>PRINTEMPS \/ \u00c9T\u00c9 2021 \u00c9th\u00e9r\u00e9e: Les mat\u00e9riaux l\u00e9gers, translucides, flottants et fluides dominent cette tendance. Finitions m\u00e9talliques, plis et autres traitements m\u00e9caniques des tissus cr\u00e9ent une collection qui se distingue alliant nature et technologie. La nudit\u00e9 de la maille et d&rsquo;autres textures inattendues sont utilis\u00e9es dans les v\u00eatements de jour et de nuit. Floral:\u00a0 Tout<br \/><a href=\"https:\/\/imsatextil.com\/fr\/colecciones\/coleccion-p-v-21\/\" class=\"more\">Read more<\/a><\/p>\n","protected":false},"author":1,"featured_media":0,"parent":307,"menu_order":0,"comment_status":"closed","ping_status":"closed","template":"","meta":{"footnotes":""},"class_list":["post-4107","page","type-page","status-publish","hentry"],"_links":{"self":[{"href":"https:\/\/imsatextil.com\/fr\/wp-json\/wp\/v2\/pages\/4107","targetHints":{"allow":["GET"]}}],"collection":[{"href":"https:\/\/imsatextil.com\/fr\/wp-json\/wp\/v2\/pages"}],"about":[{"href":"https:\/\/imsatextil.com\/fr\/wp-json\/wp\/v2\/types\/page"}],"author":[{"embeddable":true,"href":"https:\/\/imsatextil.com\/fr\/wp-json\/wp\/v2\/users\/1"}],"replies":[{"embeddable":true,"href":"https:\/\/imsatextil.com\/fr\/wp-json\/wp\/v2\/comments?post=4107"}],"version-history":[{"count":3,"href":"https:\/\/imsatextil.com\/fr\/wp-json\/wp\/v2\/pages\/4107\/revisions"}],"predecessor-version":[{"id":5810,"href":"https:\/\/imsatextil.com\/fr\/wp-json\/wp\/v2\/pages\/4107\/revisions\/5810"}],"up":[{"embeddable":true,"href":"https:\/\/imsatextil.com\/fr\/wp-json\/wp\/v2\/pages\/307"}],"wp:attachment":[{"href":"https:\/\/imsatextil.com\/fr\/wp-json\/wp\/v2\/media?parent=4107"}],"curies":[{"name":"wp","href":"https:\/\/api.w.org\/{rel}","templated":true}]}}