{"id":6071,"date":"2020-08-04T09:00:18","date_gmt":"2020-08-04T09:00:18","guid":{"rendered":"http:\/\/imsatextil.com\/coleccion-o-i-21\/"},"modified":"2020-08-04T09:19:50","modified_gmt":"2020-08-04T09:19:50","slug":"coleccion-o-i-21","status":"publish","type":"page","link":"https:\/\/imsatextil.com\/fr\/colecciones\/coleccion-o-i-21\/","title":{"rendered":"Collection A\/H 21"},"content":{"rendered":"<div  id='first-row'  class=\"vc_row wpb_row vc_row-fluid full-width-content \">\n\t<div class=\"vc_span12 wpb_column vc_column_container \"><div class=\"vc_column-inner \">\n\t\t<div class=\"wpb_wrapper\">\n\t\t\t\r\n\t<div class=\"wpb_single_image wpb_content_element vc_align_center\">\r\n\t\t<div class=\"wpb_wrapper\">\r\n\t\t\t\r\n\t\t\t<div class=\"vc_single_image-wrapper   vc_box_border_grey\"><img loading=\"lazy\" decoding=\"async\" width=\"1437\" height=\"192\" src=\"https:\/\/imsatextil.com\/wp-content\/uploads\/2020\/08\/otono-invierno-21.jpg\" class=\"vc_single_image-img attachment-full\" alt=\"\" srcset=\"https:\/\/imsatextil.com\/wp-content\/uploads\/2020\/08\/otono-invierno-21.jpg 1437w, https:\/\/imsatextil.com\/wp-content\/uploads\/2020\/08\/otono-invierno-21-300x40.jpg 300w, https:\/\/imsatextil.com\/wp-content\/uploads\/2020\/08\/otono-invierno-21-768x103.jpg 768w, https:\/\/imsatextil.com\/wp-content\/uploads\/2020\/08\/otono-invierno-21-1024x137.jpg 1024w\" sizes=\"auto, (max-width: 1437px) 100vw, 1437px\" \/><\/div>\r\n\t\t<\/div>\r\n\t<\/div>\r\n\n\t\t<\/div> <\/div>\n\t<\/div> \n<\/div><div   class=\"vc_row wpb_row vc_row-fluid  \">\n\t<div class=\"vc_span12 wpb_column vc_column_container \"><div class=\"vc_column-inner \">\n\t\t<div class=\"wpb_wrapper\">\n\t\t\t<h2 style=\"text-align: left\" class=\"vc_custom_heading\" >COLLECTION AUTOMNE \/ HIVER 2021<\/h2>\r\n\t<div class=\"wpb_single_image wpb_content_element vc_align_left\">\r\n\t\t<div class=\"wpb_wrapper\">\r\n\t\t\t\r\n\t\t\t<div class=\"vc_single_image-wrapper   vc_box_border_grey\"><img loading=\"lazy\" decoding=\"async\" width=\"181\" height=\"7\" src=\"https:\/\/imsatextil.com\/wp-content\/uploads\/2017\/11\/separator_black.png\" class=\"vc_single_image-img attachment-full\" alt=\"\" \/><\/div>\r\n\t\t<\/div>\r\n\t<\/div>\r\n<div class=\"vc_row wpb_row vc_inner vc_row-fluid\"><div class=\"wpb_column vc_column_container vc_span6\"><div class=\"vc_column-inner  \"><div class=\"wpb_wrapper\">\n\t<div class=\"wpb_text_column wpb_content_element  \" >\n\t\t<div class=\"wpb_wrapper\" id=\"ct_596azzdmzm4w3jmrqyua\">\n\t\t\t<p style=\"font-weight: 400;\">Cet hiver 21\/22 nous vous proposons des tissus qui ont \u00e9t\u00e9 d\u00e9velopp\u00e9s suivant les derni\u00e8res tendances de la mode et compte tenu des demandes des consommateurs, qui aujourd\u2019hui non seulement exigent la qualit\u00e9, mais aussi des mat\u00e9riaux \u00e9cologiques et des productions locales. Notre proposition est tr\u00e8s vari\u00e9e, en elle vous trouverez tous les tissus n\u00e9cessaires pour cr\u00e9er vos collections, adapt\u00e9s \u00e0 chaque occasion et le type de client.<\/p>\n<p style=\"font-weight: 400;\">Dans notre ligne de f\u00eate se distinguent les tissus avec glamour et brillance faite de paillettes, fils m\u00e9talliques ou lam\u00e9s. La fantaisie des tissus \u00e9bouriff\u00e9s et \u00e0 franges apportent du mouvement et du plaisir,\u00a0 la broderie florale et g\u00e9om\u00e9trique et la dentelle enrichissent d\u2019un air romantique et sensuel la collection, que n\u2019a besoin que de votre cr\u00e9ativit\u00e9 pour devenir le v\u00eatement parfait.<\/p>\n<p style=\"font-weight: 400;\">Dans notre gamme casual, vous trouverez des tissus qui marquent la derni\u00e8re tendance, comme le rembourrage, qui ne sont plus seulement utilis\u00e9s pour les v\u00eatements de plein air, mais font partie des v\u00eatements quotidiens dans des v\u00eatements plus polyvalents. Jacquards aux motifs g\u00e9om\u00e9triques, pliss\u00e9s d\u2019imprim\u00e9s et de tissus textur\u00e9s compl\u00e8tent la collection d\u2019une saison hivernale o\u00f9 la seule limite est votre imagination.<\/p>\n\n\t\t<\/div> \n\t<\/div> <\/div><\/div><\/div><div class=\"wpb_column vc_column_container vc_span6\"><div class=\"vc_column-inner  \"><div class=\"wpb_wrapper\">\n\t<div class=\"wpb_text_column wpb_content_element  \" >\n\t\t<div class=\"wpb_wrapper\" id=\"ct_5ww82tu2bkgwfdzgss8j\">\n\t\t\t<p style=\"font-weight: 400;\">Pour lutter contre le froid sans perdre le style, nous offrons une s\u00e9lection de faux-cuir de haute qualit\u00e9, moutons et autres tissus de \u00ab fausse fourrure \u00bb ainsi qu\u2019une vari\u00e9t\u00e9 de tissus tricot qui sont id\u00e9ales pour les v\u00eatements ext\u00e9rieurs ou de couche sup\u00e9rieure.<\/p>\n<p style=\"font-weight: 400;\">Sans oublier ceux qui se soucient de la durabilit\u00e9, notre collection de tissus comprend des articles biologiques, recycl\u00e9s, produits localement ou avec des mat\u00e9riaux naturels, vous verrez que beaucoup de nos tissus les plus chauds contiennent diff\u00e9rents pourcentages de laine.<\/p>\n<p style=\"font-weight: 400;\">Enfin, d\u00e9couvrez notre capsule destin\u00e9e aux enfants et aux b\u00e9b\u00e9s : couleurs subtiles, designs amusants et tissus au toucher agr\u00e9able pour faire des collections de vos enfants un succ\u00e8s.<\/p>\n\n\t\t<\/div> \n\t<\/div> <\/div><\/div><\/div><\/div><style type=\"text\/css\" >#ic_28nmo5c86ilor7p108ff {margin:0px auto 0px; }#ic_28nmo5c86ilor7p108ff .owl-prev,#ic_28nmo5c86ilor7p108ff .owl-next{border-color:#ecf0f1; background:#ffffff; color:#4a4f55; }#ic_28nmo5c86ilor7p108ff .owl-prev:hover,#ic_28nmo5c86ilor7p108ff .owl-next:hover{background:#f9fafb; color:#000000; }#ic_28nmo5c86ilor7p108ff .owl-prev:before,#ic_28nmo5c86ilor7p108ff .owl-next:after{border-color:#4a4f55; }#ic_28nmo5c86ilor7p108ff .owl-prev:hover::before,#ic_28nmo5c86ilor7p108ff .owl-next:hover::after{border-color:#000000; }#ic_28nmo5c86ilor7p108ff .owl-dot{ background:#ffffff; border-color:#ecf0f1; }#ic_28nmo5c86ilor7p108ff .owl-dot.active{ background:#000000; border-color:#ecf0f1;}<\/style><script type=\"text\/javascript\" charset=\"utf-8\">\r\n\r\n\t\tjQuery.noConflict();\r\n\t\/\/setup up Carousel\r\n\t\tjQuery(document).ready(function($) {\r\n\t\"use strict\";\r\n\t$(window).load(function(){\r\n\t\t$(\"#ic_28nmo5c86ilor7p108ff\").owlCarousel({\r\n\t\t\trtl: $(\"body\").hasClass(\"rtl\") ? true : false,\r\n\t\t\tresponsiveClass:true,\r\n\t\t\tcenter:true,\r\n\t\t\tloop:true,\r\n\t\t\tresponsive:{\r\n\t\t\t\t0:{\r\n\t\t\t\t\titems:1,\r\n\t\t\t    },\r\n\t\t\t    780:{\r\n\t\t\t        items:2,\r\n\t\t\t\t},\r\n\t\t\t\t1000:{\r\n\t\t\t\t    items:2,\r\n\t\t\t\t},\r\n\t\t\t},\r\n            scroll: 1,\r\n\t\t\tautoplay:false,\r\n\t   \t \t dots:false,\r\n\t\t\t nav:true,\r\n\t\r\n\t\t});\r\n\t});\r\n});\r\n\r\n<\/script><div class=\"tt_testimonials_ctn rd_ic_center  hover_nav_style \" id=\"ic_28nmo5c86ilor7p108ff\" style=\"margin-top:0px; margin-bottom:0px;\"><a href=\"https:\/\/imsatextil.com\/wp-content\/uploads\/2020\/08\/o-i-21_01-1024x756.jpg\"  rel=\"prettyPhoto[rel-28nmo5c86ilor7p108ff]\" ><img loading=\"lazy\" decoding=\"async\" width=\"1191\" height=\"879\" src=\"https:\/\/imsatextil.com\/wp-content\/uploads\/2020\/08\/o-i-21_01.jpg\" class=\"attachment-full\" alt=\"\" srcset=\"https:\/\/imsatextil.com\/wp-content\/uploads\/2020\/08\/o-i-21_01.jpg 1191w, https:\/\/imsatextil.com\/wp-content\/uploads\/2020\/08\/o-i-21_01-300x221.jpg 300w, https:\/\/imsatextil.com\/wp-content\/uploads\/2020\/08\/o-i-21_01-768x567.jpg 768w, https:\/\/imsatextil.com\/wp-content\/uploads\/2020\/08\/o-i-21_01-1024x756.jpg 1024w\" sizes=\"auto, (max-width: 1191px) 100vw, 1191px\" \/><\/a><a href=\"https:\/\/imsatextil.com\/wp-content\/uploads\/2020\/08\/o-i-21_02-1024x756.jpg\"  rel=\"prettyPhoto[rel-28nmo5c86ilor7p108ff]\" ><img loading=\"lazy\" decoding=\"async\" width=\"1191\" height=\"879\" src=\"https:\/\/imsatextil.com\/wp-content\/uploads\/2020\/08\/o-i-21_02.jpg\" class=\"attachment-full\" alt=\"\" srcset=\"https:\/\/imsatextil.com\/wp-content\/uploads\/2020\/08\/o-i-21_02.jpg 1191w, https:\/\/imsatextil.com\/wp-content\/uploads\/2020\/08\/o-i-21_02-300x221.jpg 300w, https:\/\/imsatextil.com\/wp-content\/uploads\/2020\/08\/o-i-21_02-768x567.jpg 768w, https:\/\/imsatextil.com\/wp-content\/uploads\/2020\/08\/o-i-21_02-1024x756.jpg 1024w\" sizes=\"auto, (max-width: 1191px) 100vw, 1191px\" \/><\/a><a href=\"https:\/\/imsatextil.com\/wp-content\/uploads\/2020\/08\/o-i-21_03-1024x756.jpg\"  rel=\"prettyPhoto[rel-28nmo5c86ilor7p108ff]\" ><img loading=\"lazy\" decoding=\"async\" width=\"1191\" height=\"879\" src=\"https:\/\/imsatextil.com\/wp-content\/uploads\/2020\/08\/o-i-21_03.jpg\" class=\"attachment-full\" alt=\"\" srcset=\"https:\/\/imsatextil.com\/wp-content\/uploads\/2020\/08\/o-i-21_03.jpg 1191w, https:\/\/imsatextil.com\/wp-content\/uploads\/2020\/08\/o-i-21_03-300x221.jpg 300w, https:\/\/imsatextil.com\/wp-content\/uploads\/2020\/08\/o-i-21_03-768x567.jpg 768w, https:\/\/imsatextil.com\/wp-content\/uploads\/2020\/08\/o-i-21_03-1024x756.jpg 1024w\" sizes=\"auto, (max-width: 1191px) 100vw, 1191px\" \/><\/a><a href=\"https:\/\/imsatextil.com\/wp-content\/uploads\/2020\/08\/o-i-21_04-1024x756.jpg\"  rel=\"prettyPhoto[rel-28nmo5c86ilor7p108ff]\" ><img loading=\"lazy\" decoding=\"async\" width=\"1191\" height=\"879\" src=\"https:\/\/imsatextil.com\/wp-content\/uploads\/2020\/08\/o-i-21_04.jpg\" class=\"attachment-full\" alt=\"\" srcset=\"https:\/\/imsatextil.com\/wp-content\/uploads\/2020\/08\/o-i-21_04.jpg 1191w, https:\/\/imsatextil.com\/wp-content\/uploads\/2020\/08\/o-i-21_04-300x221.jpg 300w, https:\/\/imsatextil.com\/wp-content\/uploads\/2020\/08\/o-i-21_04-768x567.jpg 768w, https:\/\/imsatextil.com\/wp-content\/uploads\/2020\/08\/o-i-21_04-1024x756.jpg 1024w\" sizes=\"auto, (max-width: 1191px) 100vw, 1191px\" \/><\/a><a href=\"https:\/\/imsatextil.com\/wp-content\/uploads\/2020\/08\/o-i-21_05-1024x756.jpg\"  rel=\"prettyPhoto[rel-28nmo5c86ilor7p108ff]\" ><img loading=\"lazy\" decoding=\"async\" width=\"1191\" height=\"879\" src=\"https:\/\/imsatextil.com\/wp-content\/uploads\/2020\/08\/o-i-21_05.jpg\" class=\"attachment-full\" alt=\"\" srcset=\"https:\/\/imsatextil.com\/wp-content\/uploads\/2020\/08\/o-i-21_05.jpg 1191w, https:\/\/imsatextil.com\/wp-content\/uploads\/2020\/08\/o-i-21_05-300x221.jpg 300w, https:\/\/imsatextil.com\/wp-content\/uploads\/2020\/08\/o-i-21_05-768x567.jpg 768w, https:\/\/imsatextil.com\/wp-content\/uploads\/2020\/08\/o-i-21_05-1024x756.jpg 1024w\" sizes=\"auto, (max-width: 1191px) 100vw, 1191px\" \/><\/a><a href=\"https:\/\/imsatextil.com\/wp-content\/uploads\/2020\/08\/o-i-21_06-1024x756.jpg\"  rel=\"prettyPhoto[rel-28nmo5c86ilor7p108ff]\" ><img loading=\"lazy\" decoding=\"async\" width=\"1191\" height=\"879\" src=\"https:\/\/imsatextil.com\/wp-content\/uploads\/2020\/08\/o-i-21_06.jpg\" class=\"attachment-full\" alt=\"\" srcset=\"https:\/\/imsatextil.com\/wp-content\/uploads\/2020\/08\/o-i-21_06.jpg 1191w, https:\/\/imsatextil.com\/wp-content\/uploads\/2020\/08\/o-i-21_06-300x221.jpg 300w, https:\/\/imsatextil.com\/wp-content\/uploads\/2020\/08\/o-i-21_06-768x567.jpg 768w, https:\/\/imsatextil.com\/wp-content\/uploads\/2020\/08\/o-i-21_06-1024x756.jpg 1024w\" sizes=\"auto, (max-width: 1191px) 100vw, 1191px\" \/><\/a><a href=\"https:\/\/imsatextil.com\/wp-content\/uploads\/2020\/08\/o-i-21_07-1024x756.jpg\"  rel=\"prettyPhoto[rel-28nmo5c86ilor7p108ff]\" ><img loading=\"lazy\" decoding=\"async\" width=\"1191\" height=\"879\" src=\"https:\/\/imsatextil.com\/wp-content\/uploads\/2020\/08\/o-i-21_07.jpg\" class=\"attachment-full\" alt=\"\" srcset=\"https:\/\/imsatextil.com\/wp-content\/uploads\/2020\/08\/o-i-21_07.jpg 1191w, https:\/\/imsatextil.com\/wp-content\/uploads\/2020\/08\/o-i-21_07-300x221.jpg 300w, https:\/\/imsatextil.com\/wp-content\/uploads\/2020\/08\/o-i-21_07-768x567.jpg 768w, https:\/\/imsatextil.com\/wp-content\/uploads\/2020\/08\/o-i-21_07-1024x756.jpg 1024w\" sizes=\"auto, (max-width: 1191px) 100vw, 1191px\" \/><\/a><a href=\"https:\/\/imsatextil.com\/wp-content\/uploads\/2020\/08\/o-i-21_08-1024x756.jpg\"  rel=\"prettyPhoto[rel-28nmo5c86ilor7p108ff]\" ><img loading=\"lazy\" decoding=\"async\" width=\"1191\" height=\"879\" src=\"https:\/\/imsatextil.com\/wp-content\/uploads\/2020\/08\/o-i-21_08.jpg\" class=\"attachment-full\" alt=\"\" srcset=\"https:\/\/imsatextil.com\/wp-content\/uploads\/2020\/08\/o-i-21_08.jpg 1191w, https:\/\/imsatextil.com\/wp-content\/uploads\/2020\/08\/o-i-21_08-300x221.jpg 300w, https:\/\/imsatextil.com\/wp-content\/uploads\/2020\/08\/o-i-21_08-768x567.jpg 768w, https:\/\/imsatextil.com\/wp-content\/uploads\/2020\/08\/o-i-21_08-1024x756.jpg 1024w\" sizes=\"auto, (max-width: 1191px) 100vw, 1191px\" \/><\/a><a href=\"https:\/\/imsatextil.com\/wp-content\/uploads\/2020\/08\/o-i-21_09-1024x756.jpg\"  rel=\"prettyPhoto[rel-28nmo5c86ilor7p108ff]\" ><img loading=\"lazy\" decoding=\"async\" width=\"1191\" height=\"879\" src=\"https:\/\/imsatextil.com\/wp-content\/uploads\/2020\/08\/o-i-21_09.jpg\" class=\"attachment-full\" alt=\"\" srcset=\"https:\/\/imsatextil.com\/wp-content\/uploads\/2020\/08\/o-i-21_09.jpg 1191w, https:\/\/imsatextil.com\/wp-content\/uploads\/2020\/08\/o-i-21_09-300x221.jpg 300w, https:\/\/imsatextil.com\/wp-content\/uploads\/2020\/08\/o-i-21_09-768x567.jpg 768w, https:\/\/imsatextil.com\/wp-content\/uploads\/2020\/08\/o-i-21_09-1024x756.jpg 1024w\" sizes=\"auto, (max-width: 1191px) 100vw, 1191px\" \/><\/a><a href=\"https:\/\/imsatextil.com\/wp-content\/uploads\/2020\/08\/o-i-21_10-1024x756.jpg\"  rel=\"prettyPhoto[rel-28nmo5c86ilor7p108ff]\" ><img loading=\"lazy\" decoding=\"async\" width=\"1191\" height=\"879\" src=\"https:\/\/imsatextil.com\/wp-content\/uploads\/2020\/08\/o-i-21_10.jpg\" class=\"attachment-full\" alt=\"\" srcset=\"https:\/\/imsatextil.com\/wp-content\/uploads\/2020\/08\/o-i-21_10.jpg 1191w, https:\/\/imsatextil.com\/wp-content\/uploads\/2020\/08\/o-i-21_10-300x221.jpg 300w, https:\/\/imsatextil.com\/wp-content\/uploads\/2020\/08\/o-i-21_10-768x567.jpg 768w, https:\/\/imsatextil.com\/wp-content\/uploads\/2020\/08\/o-i-21_10-1024x756.jpg 1024w\" sizes=\"auto, (max-width: 1191px) 100vw, 1191px\" \/><\/a><\/div>\n\t\t<\/div> <\/div>\n\t<\/div> \n<\/div>\n","protected":false},"excerpt":{"rendered":"<p>COLLECTION AUTOMNE \/ HIVER 2021 Cet hiver 21\/22 nous vous proposons des tissus qui ont \u00e9t\u00e9 d\u00e9velopp\u00e9s suivant les derni\u00e8res tendances de la mode et compte tenu des demandes des consommateurs, qui aujourd\u2019hui non seulement exigent la qualit\u00e9, mais aussi des mat\u00e9riaux \u00e9cologiques et des productions locales. Notre proposition est tr\u00e8s vari\u00e9e, en elle vous<br \/><a href=\"https:\/\/imsatextil.com\/fr\/colecciones\/coleccion-o-i-21\/\" class=\"more\">Read more<\/a><\/p>\n","protected":false},"author":1,"featured_media":0,"parent":307,"menu_order":0,"comment_status":"closed","ping_status":"closed","template":"","meta":{"footnotes":""},"class_list":["post-6071","page","type-page","status-publish","hentry"],"_links":{"self":[{"href":"https:\/\/imsatextil.com\/fr\/wp-json\/wp\/v2\/pages\/6071","targetHints":{"allow":["GET"]}}],"collection":[{"href":"https:\/\/imsatextil.com\/fr\/wp-json\/wp\/v2\/pages"}],"about":[{"href":"https:\/\/imsatextil.com\/fr\/wp-json\/wp\/v2\/types\/page"}],"author":[{"embeddable":true,"href":"https:\/\/imsatextil.com\/fr\/wp-json\/wp\/v2\/users\/1"}],"replies":[{"embeddable":true,"href":"https:\/\/imsatextil.com\/fr\/wp-json\/wp\/v2\/comments?post=6071"}],"version-history":[{"count":2,"href":"https:\/\/imsatextil.com\/fr\/wp-json\/wp\/v2\/pages\/6071\/revisions"}],"predecessor-version":[{"id":6077,"href":"https:\/\/imsatextil.com\/fr\/wp-json\/wp\/v2\/pages\/6071\/revisions\/6077"}],"up":[{"embeddable":true,"href":"https:\/\/imsatextil.com\/fr\/wp-json\/wp\/v2\/pages\/307"}],"wp:attachment":[{"href":"https:\/\/imsatextil.com\/fr\/wp-json\/wp\/v2\/media?parent=6071"}],"curies":[{"name":"wp","href":"https:\/\/api.w.org\/{rel}","templated":true}]}}