{"id":7509,"date":"2021-01-26T22:51:05","date_gmt":"2021-01-26T22:51:05","guid":{"rendered":"http:\/\/imsatextil.com\/coleccion-p-v-22\/"},"modified":"2021-01-26T23:05:19","modified_gmt":"2021-01-26T23:05:19","slug":"coleccion-p-v-22","status":"publish","type":"page","link":"https:\/\/imsatextil.com\/fr\/colecciones\/coleccion-p-v-22\/","title":{"rendered":"PRINTEMPS \/ \u00c9T\u00c9 2022"},"content":{"rendered":"<div  id='first-row'  class=\"vc_row wpb_row vc_row-fluid full-width-content \">\n\t<div class=\"vc_span12 wpb_column vc_column_container \"><div class=\"vc_column-inner \">\n\t\t<div class=\"wpb_wrapper\">\n\t\t\t\r\n\t<div class=\"wpb_single_image wpb_content_element vc_align_center\">\r\n\t\t<div class=\"wpb_wrapper\">\r\n\t\t\t\r\n\t\t\t<div class=\"vc_single_image-wrapper   vc_box_border_grey\"><img loading=\"lazy\" decoding=\"async\" width=\"1920\" height=\"257\" src=\"https:\/\/imsatextil.com\/wp-content\/uploads\/2021\/01\/header_primavera-2022.jpg\" class=\"vc_single_image-img attachment-full\" alt=\"\" srcset=\"https:\/\/imsatextil.com\/wp-content\/uploads\/2021\/01\/header_primavera-2022.jpg 1920w, https:\/\/imsatextil.com\/wp-content\/uploads\/2021\/01\/header_primavera-2022-300x40.jpg 300w, https:\/\/imsatextil.com\/wp-content\/uploads\/2021\/01\/header_primavera-2022-768x103.jpg 768w, https:\/\/imsatextil.com\/wp-content\/uploads\/2021\/01\/header_primavera-2022-1024x137.jpg 1024w\" sizes=\"auto, (max-width: 1920px) 100vw, 1920px\" \/><\/div>\r\n\t\t<\/div>\r\n\t<\/div>\r\n\n\t\t<\/div> <\/div>\n\t<\/div> \n<\/div><div   class=\"vc_row wpb_row vc_row-fluid  \">\n\t<div class=\"vc_span12 wpb_column vc_column_container \"><div class=\"vc_column-inner \">\n\t\t<div class=\"wpb_wrapper\">\n\t\t\t<h2 style=\"text-align: left\" class=\"vc_custom_heading\" >PRINTEMPS \/ \u00c9T\u00c9 '22<\/h2>\r\n\t<div class=\"wpb_single_image wpb_content_element vc_align_left\">\r\n\t\t<div class=\"wpb_wrapper\">\r\n\t\t\t\r\n\t\t\t<div class=\"vc_single_image-wrapper   vc_box_border_grey\"><img loading=\"lazy\" decoding=\"async\" width=\"181\" height=\"7\" src=\"https:\/\/imsatextil.com\/wp-content\/uploads\/2017\/11\/separator_black.png\" class=\"vc_single_image-img attachment-full\" alt=\"\" \/><\/div>\r\n\t\t<\/div>\r\n\t<\/div>\r\n<div class=\"vc_row wpb_row vc_inner vc_row-fluid\"><div class=\"wpb_column vc_column_container vc_span6\"><div class=\"vc_column-inner  \"><div class=\"wpb_wrapper\">\n\t<div class=\"wpb_text_column wpb_content_element  \" >\n\t\t<div class=\"wpb_wrapper\" id=\"ct_0mamct7bpvhtv80e2en6\">\n\t\t\t<p style=\"font-weight: 400;\">L&rsquo;\u00e9t\u00e9 2022 est arriv\u00e9 et Murtra pr\u00e9sente sa collection de tissus avec des nouveaut\u00e9s en mati\u00e8re de durabilit\u00e9, y compris des textiles organiques et naturels, ainsi que des cr\u00e9ations exclusives produites localement.<\/p>\n<p style=\"font-weight: 400;\"><strong>Pastels<\/strong><\/p>\n<p style=\"font-weight: 400;\">Des tons pastels sont appliqu\u00e9s aux tissus de toutes les collections, ce qui nous donne l&rsquo;impression que cet \u00e9t\u00e9 sera comme une envol\u00e9e de fantaisie. Ces couleurs subtiles se retrouvent sur des tissus l\u00e9gers, donnant un aspect fluide et translucide, et des tissus structur\u00e9s et textur\u00e9s, qui font briller vos cr\u00e9ations dans les gammes femme et enfant.<\/p>\n<p style=\"font-weight: 400;\"><strong>Floral<\/strong><\/p>\n<p style=\"font-weight: 400;\">Un must pour les collections d&rsquo;\u00e9t\u00e9, les imprim\u00e9s floraux et les tissus brod\u00e9s sont une partie importante de la collection, grands ou petits, minimaux ou \u00e9labor\u00e9s, les fleurs sont un must. Des imprim\u00e9s frais ou des applications sur des tissus fluides, textur\u00e9s ou m\u00eame translucides apportent la touche f\u00e9minine et romantique \u00e0 vos cr\u00e9ations.<\/p>\n<p style=\"font-weight: 400;\"><strong>Nautique<\/strong><\/p>\n<p style=\"font-weight: 400;\">Que serait un \u00e9t\u00e9 sans voile ? Une s\u00e9lection de classiques branch\u00e9s avec une nouvelle touche : des rayures textur\u00e9es, des motifs de tricot in\u00e9dits dans les couleurs classiques de la marine pour un look d\u00e9contract\u00e9 mais \u00e9l\u00e9gant.<\/p>\n<p style=\"font-weight: 400;\"><strong>Tons terreux<\/strong><\/p>\n<p style=\"font-weight: 400;\">Avec cette collection, nous aspirons \u00e0 revenir \u00e0 nos racines, \u00e0 nous connecter avec m\u00e8re nature. Des couleurs allant du beige, aux bruns et aux verts kaki contribuent aux tissus en coton, lin et autres m\u00e9langes qui sont les ingr\u00e9dients parfaits pour vos collections de v\u00eatements de jour, que ce soit pour les loisirs ou le travail.<\/p>\n\n\t\t<\/div> \n\t<\/div> <\/div><\/div><\/div><div class=\"wpb_column vc_column_container vc_span6\"><div class=\"vc_column-inner  \"><div class=\"wpb_wrapper\">\n\t<div class=\"wpb_text_column wpb_content_element  \" >\n\t\t<div class=\"wpb_wrapper\" id=\"ct_qmt8pwlw3eetrv14wnhx\">\n\t\t\t<p style=\"font-weight: 400;\"><strong>Puret\u00e9 et fantaisie<\/strong><\/p>\n<p style=\"font-weight: 400;\">Des tissus translucides, transparents et fluides sont utilis\u00e9s dans des v\u00eatements dont on n&rsquo;avait jamais r\u00eav\u00e9 auparavant. Les tissus transparents et textur\u00e9s font des d\u00e9clarations d\u00e9licates mais audacieuses sur la f\u00e9minit\u00e9. Avec une touche suppl\u00e9mentaire, l&rsquo;imagination est insuffl\u00e9e par des combinaisons surprenantes, des filets, des mailles, de la dentelle et m\u00eame des effets 3D pour cr\u00e9er des tissus uniques avec une myriade d&rsquo;applications.<\/p>\n<p style=\"font-weight: 400;\"><strong>Denim<\/strong><\/p>\n<p style=\"font-weight: 400;\">Mati\u00e8re omnipr\u00e9sente, le denim trouve sa voie dans de nouveaux looks et silhouettes gr\u00e2ce \u00e0 des textures et des drap\u00e9s : Des v\u00eatements de travail aux v\u00eatements de soir\u00e9e, en passant par des motifs sophistiqu\u00e9s et des combinaisons surprenantes.<\/p>\n<p style=\"font-weight: 400;\"><strong>Impression r\u00e9tro<\/strong><\/p>\n<p style=\"font-weight: 400;\">Quand on croyait que c&rsquo;\u00e9tait du pass\u00e9&#8230; les imprim\u00e9s audacieux et color\u00e9s sont de retour ! Cette collection est constitu\u00e9e d&rsquo;imprim\u00e9s inspir\u00e9s des ann\u00e9es 80 : n\u00e9on, tecno, abstrait&#8230; aussi color\u00e9s et \u00e9clectiques que possible !<\/p>\n<p style=\"font-weight: 400;\"><strong>Broderie Anglaise<\/strong><\/p>\n<p style=\"font-weight: 400;\">Un classique de l&rsquo;\u00e9t\u00e9, les tissus de la broderie anglaise sont en plein essor cette saison. Murtra propose une vaste collection de tissus brod\u00e9s estivaux pour les collections femme et fille, du blanc aux pastels en passant par les couleurs tendance de la saison.<\/p>\n<p style=\"font-weight: 400;\"><strong>Enfants<\/strong><\/p>\n<p style=\"font-weight: 400;\">Et enfin, notre collection de tissus exclusifs id\u00e9ale pour les collections enfants : Des imprim\u00e9s amusants mais subtils, des rayures textur\u00e9es dans des tissus naturels, des tricots doux et de jolis cotons brod\u00e9s, le tout dans des tons pastels doux et des neutres terreux.<\/p>\n\n\t\t<\/div> \n\t<\/div> <\/div><\/div><\/div><\/div><style type=\"text\/css\" >#ic_5d7diim7rfajbfrmx08m {margin:0px auto 0px; }#ic_5d7diim7rfajbfrmx08m .owl-prev,#ic_5d7diim7rfajbfrmx08m .owl-next{border-color:#ecf0f1; background:#ffffff; color:#4a4f55; }#ic_5d7diim7rfajbfrmx08m .owl-prev:hover,#ic_5d7diim7rfajbfrmx08m .owl-next:hover{background:#f9fafb; color:#000000; }#ic_5d7diim7rfajbfrmx08m .owl-prev:before,#ic_5d7diim7rfajbfrmx08m .owl-next:after{border-color:#4a4f55; }#ic_5d7diim7rfajbfrmx08m .owl-prev:hover::before,#ic_5d7diim7rfajbfrmx08m .owl-next:hover::after{border-color:#000000; }#ic_5d7diim7rfajbfrmx08m .owl-dot{ background:#ffffff; border-color:#ecf0f1; }#ic_5d7diim7rfajbfrmx08m .owl-dot.active{ background:#000000; border-color:#ecf0f1;}<\/style><script type=\"text\/javascript\" charset=\"utf-8\">\r\n\r\n\t\tjQuery.noConflict();\r\n\t\/\/setup up Carousel\r\n\t\tjQuery(document).ready(function($) {\r\n\t\"use strict\";\r\n\t$(window).load(function(){\r\n\t\t$(\"#ic_5d7diim7rfajbfrmx08m\").owlCarousel({\r\n\t\t\trtl: $(\"body\").hasClass(\"rtl\") ? true : false,\r\n\t\t\tresponsiveClass:true,\r\n\t\t\tcenter:true,\r\n\t\t\tloop:true,\r\n\t\t\tresponsive:{\r\n\t\t\t\t0:{\r\n\t\t\t\t\titems:1,\r\n\t\t\t    },\r\n\t\t\t    780:{\r\n\t\t\t        items:2,\r\n\t\t\t\t},\r\n\t\t\t\t1000:{\r\n\t\t\t\t    items:2,\r\n\t\t\t\t},\r\n\t\t\t},\r\n            scroll: 1,\r\n\t\t\tautoplay:false,\r\n\t   \t \t dots:false,\r\n\t\t\t nav:true,\r\n\t\r\n\t\t});\r\n\t});\r\n});\r\n\r\n<\/script><div class=\"tt_testimonials_ctn rd_ic_center  hover_nav_style \" id=\"ic_5d7diim7rfajbfrmx08m\" style=\"margin-top:0px; margin-bottom:0px;\"><a href=\"https:\/\/imsatextil.com\/wp-content\/uploads\/2021\/01\/primavera-verano2020_01-1024x706.jpg\"  rel=\"prettyPhoto[rel-5d7diim7rfajbfrmx08m]\" ><img loading=\"lazy\" decoding=\"async\" width=\"1163\" height=\"802\" src=\"https:\/\/imsatextil.com\/wp-content\/uploads\/2021\/01\/primavera-verano2020_01.jpg\" class=\"attachment-full\" alt=\"\" srcset=\"https:\/\/imsatextil.com\/wp-content\/uploads\/2021\/01\/primavera-verano2020_01.jpg 1163w, https:\/\/imsatextil.com\/wp-content\/uploads\/2021\/01\/primavera-verano2020_01-300x207.jpg 300w, https:\/\/imsatextil.com\/wp-content\/uploads\/2021\/01\/primavera-verano2020_01-768x530.jpg 768w, https:\/\/imsatextil.com\/wp-content\/uploads\/2021\/01\/primavera-verano2020_01-1024x706.jpg 1024w\" sizes=\"auto, (max-width: 1163px) 100vw, 1163px\" \/><\/a><a href=\"https:\/\/imsatextil.com\/wp-content\/uploads\/2021\/01\/primavera-verano2020_02-1024x706.jpg\"  rel=\"prettyPhoto[rel-5d7diim7rfajbfrmx08m]\" ><img loading=\"lazy\" decoding=\"async\" width=\"1163\" height=\"802\" src=\"https:\/\/imsatextil.com\/wp-content\/uploads\/2021\/01\/primavera-verano2020_02.jpg\" class=\"attachment-full\" alt=\"\" srcset=\"https:\/\/imsatextil.com\/wp-content\/uploads\/2021\/01\/primavera-verano2020_02.jpg 1163w, https:\/\/imsatextil.com\/wp-content\/uploads\/2021\/01\/primavera-verano2020_02-300x207.jpg 300w, https:\/\/imsatextil.com\/wp-content\/uploads\/2021\/01\/primavera-verano2020_02-768x530.jpg 768w, https:\/\/imsatextil.com\/wp-content\/uploads\/2021\/01\/primavera-verano2020_02-1024x706.jpg 1024w\" sizes=\"auto, (max-width: 1163px) 100vw, 1163px\" \/><\/a><a href=\"https:\/\/imsatextil.com\/wp-content\/uploads\/2021\/01\/primavera-verano2020_03-1024x706.jpg\"  rel=\"prettyPhoto[rel-5d7diim7rfajbfrmx08m]\" ><img loading=\"lazy\" decoding=\"async\" width=\"1163\" height=\"802\" src=\"https:\/\/imsatextil.com\/wp-content\/uploads\/2021\/01\/primavera-verano2020_03.jpg\" class=\"attachment-full\" alt=\"\" srcset=\"https:\/\/imsatextil.com\/wp-content\/uploads\/2021\/01\/primavera-verano2020_03.jpg 1163w, https:\/\/imsatextil.com\/wp-content\/uploads\/2021\/01\/primavera-verano2020_03-300x207.jpg 300w, https:\/\/imsatextil.com\/wp-content\/uploads\/2021\/01\/primavera-verano2020_03-768x530.jpg 768w, https:\/\/imsatextil.com\/wp-content\/uploads\/2021\/01\/primavera-verano2020_03-1024x706.jpg 1024w\" sizes=\"auto, (max-width: 1163px) 100vw, 1163px\" \/><\/a><a href=\"https:\/\/imsatextil.com\/wp-content\/uploads\/2021\/01\/primavera-verano2020_04-1024x706.jpg\"  rel=\"prettyPhoto[rel-5d7diim7rfajbfrmx08m]\" ><img loading=\"lazy\" decoding=\"async\" width=\"1163\" height=\"802\" src=\"https:\/\/imsatextil.com\/wp-content\/uploads\/2021\/01\/primavera-verano2020_04.jpg\" class=\"attachment-full\" alt=\"\" srcset=\"https:\/\/imsatextil.com\/wp-content\/uploads\/2021\/01\/primavera-verano2020_04.jpg 1163w, https:\/\/imsatextil.com\/wp-content\/uploads\/2021\/01\/primavera-verano2020_04-300x207.jpg 300w, https:\/\/imsatextil.com\/wp-content\/uploads\/2021\/01\/primavera-verano2020_04-768x530.jpg 768w, https:\/\/imsatextil.com\/wp-content\/uploads\/2021\/01\/primavera-verano2020_04-1024x706.jpg 1024w\" sizes=\"auto, (max-width: 1163px) 100vw, 1163px\" \/><\/a><a href=\"https:\/\/imsatextil.com\/wp-content\/uploads\/2021\/01\/primavera-verano2020_05-1024x706.jpg\"  rel=\"prettyPhoto[rel-5d7diim7rfajbfrmx08m]\" ><img loading=\"lazy\" decoding=\"async\" width=\"1163\" height=\"802\" src=\"https:\/\/imsatextil.com\/wp-content\/uploads\/2021\/01\/primavera-verano2020_05.jpg\" class=\"attachment-full\" alt=\"\" srcset=\"https:\/\/imsatextil.com\/wp-content\/uploads\/2021\/01\/primavera-verano2020_05.jpg 1163w, https:\/\/imsatextil.com\/wp-content\/uploads\/2021\/01\/primavera-verano2020_05-300x207.jpg 300w, https:\/\/imsatextil.com\/wp-content\/uploads\/2021\/01\/primavera-verano2020_05-768x530.jpg 768w, https:\/\/imsatextil.com\/wp-content\/uploads\/2021\/01\/primavera-verano2020_05-1024x706.jpg 1024w\" sizes=\"auto, (max-width: 1163px) 100vw, 1163px\" \/><\/a><a href=\"https:\/\/imsatextil.com\/wp-content\/uploads\/2021\/01\/primavera-verano2020_06-1024x706.jpg\"  rel=\"prettyPhoto[rel-5d7diim7rfajbfrmx08m]\" ><img loading=\"lazy\" decoding=\"async\" width=\"1163\" height=\"802\" src=\"https:\/\/imsatextil.com\/wp-content\/uploads\/2021\/01\/primavera-verano2020_06.jpg\" class=\"attachment-full\" alt=\"\" srcset=\"https:\/\/imsatextil.com\/wp-content\/uploads\/2021\/01\/primavera-verano2020_06.jpg 1163w, https:\/\/imsatextil.com\/wp-content\/uploads\/2021\/01\/primavera-verano2020_06-300x207.jpg 300w, https:\/\/imsatextil.com\/wp-content\/uploads\/2021\/01\/primavera-verano2020_06-768x530.jpg 768w, https:\/\/imsatextil.com\/wp-content\/uploads\/2021\/01\/primavera-verano2020_06-1024x706.jpg 1024w\" sizes=\"auto, (max-width: 1163px) 100vw, 1163px\" \/><\/a><a href=\"https:\/\/imsatextil.com\/wp-content\/uploads\/2021\/01\/primavera-verano2020_07-1024x706.jpg\"  rel=\"prettyPhoto[rel-5d7diim7rfajbfrmx08m]\" ><img loading=\"lazy\" decoding=\"async\" width=\"1163\" height=\"802\" src=\"https:\/\/imsatextil.com\/wp-content\/uploads\/2021\/01\/primavera-verano2020_07.jpg\" class=\"attachment-full\" alt=\"\" srcset=\"https:\/\/imsatextil.com\/wp-content\/uploads\/2021\/01\/primavera-verano2020_07.jpg 1163w, https:\/\/imsatextil.com\/wp-content\/uploads\/2021\/01\/primavera-verano2020_07-300x207.jpg 300w, https:\/\/imsatextil.com\/wp-content\/uploads\/2021\/01\/primavera-verano2020_07-768x530.jpg 768w, https:\/\/imsatextil.com\/wp-content\/uploads\/2021\/01\/primavera-verano2020_07-1024x706.jpg 1024w\" sizes=\"auto, (max-width: 1163px) 100vw, 1163px\" \/><\/a><a href=\"https:\/\/imsatextil.com\/wp-content\/uploads\/2021\/01\/primavera-verano2020_08-1024x706.jpg\"  rel=\"prettyPhoto[rel-5d7diim7rfajbfrmx08m]\" ><img loading=\"lazy\" decoding=\"async\" width=\"1163\" height=\"802\" src=\"https:\/\/imsatextil.com\/wp-content\/uploads\/2021\/01\/primavera-verano2020_08.jpg\" class=\"attachment-full\" alt=\"\" srcset=\"https:\/\/imsatextil.com\/wp-content\/uploads\/2021\/01\/primavera-verano2020_08.jpg 1163w, https:\/\/imsatextil.com\/wp-content\/uploads\/2021\/01\/primavera-verano2020_08-300x207.jpg 300w, https:\/\/imsatextil.com\/wp-content\/uploads\/2021\/01\/primavera-verano2020_08-768x530.jpg 768w, https:\/\/imsatextil.com\/wp-content\/uploads\/2021\/01\/primavera-verano2020_08-1024x706.jpg 1024w\" sizes=\"auto, (max-width: 1163px) 100vw, 1163px\" \/><\/a><a href=\"https:\/\/imsatextil.com\/wp-content\/uploads\/2021\/01\/primavera-verano2020_09-1024x706.jpg\"  rel=\"prettyPhoto[rel-5d7diim7rfajbfrmx08m]\" ><img loading=\"lazy\" decoding=\"async\" width=\"1163\" height=\"802\" src=\"https:\/\/imsatextil.com\/wp-content\/uploads\/2021\/01\/primavera-verano2020_09.jpg\" class=\"attachment-full\" alt=\"\" srcset=\"https:\/\/imsatextil.com\/wp-content\/uploads\/2021\/01\/primavera-verano2020_09.jpg 1163w, https:\/\/imsatextil.com\/wp-content\/uploads\/2021\/01\/primavera-verano2020_09-300x207.jpg 300w, https:\/\/imsatextil.com\/wp-content\/uploads\/2021\/01\/primavera-verano2020_09-768x530.jpg 768w, https:\/\/imsatextil.com\/wp-content\/uploads\/2021\/01\/primavera-verano2020_09-1024x706.jpg 1024w\" sizes=\"auto, (max-width: 1163px) 100vw, 1163px\" \/><\/a><a href=\"https:\/\/imsatextil.com\/wp-content\/uploads\/2021\/01\/primavera-verano2020_10-1024x706.jpg\"  rel=\"prettyPhoto[rel-5d7diim7rfajbfrmx08m]\" ><img loading=\"lazy\" decoding=\"async\" width=\"1163\" height=\"802\" src=\"https:\/\/imsatextil.com\/wp-content\/uploads\/2021\/01\/primavera-verano2020_10.jpg\" class=\"attachment-full\" alt=\"\" srcset=\"https:\/\/imsatextil.com\/wp-content\/uploads\/2021\/01\/primavera-verano2020_10.jpg 1163w, https:\/\/imsatextil.com\/wp-content\/uploads\/2021\/01\/primavera-verano2020_10-300x207.jpg 300w, https:\/\/imsatextil.com\/wp-content\/uploads\/2021\/01\/primavera-verano2020_10-768x530.jpg 768w, https:\/\/imsatextil.com\/wp-content\/uploads\/2021\/01\/primavera-verano2020_10-1024x706.jpg 1024w\" sizes=\"auto, (max-width: 1163px) 100vw, 1163px\" \/><\/a><\/div>\n\t\t<\/div> <\/div>\n\t<\/div> \n<\/div>\n","protected":false},"excerpt":{"rendered":"<p>PRINTEMPS \/ \u00c9T\u00c9 &rsquo;22 L&rsquo;\u00e9t\u00e9 2022 est arriv\u00e9 et Murtra pr\u00e9sente sa collection de tissus avec des nouveaut\u00e9s en mati\u00e8re de durabilit\u00e9, y compris des textiles organiques et naturels, ainsi que des cr\u00e9ations exclusives produites localement. Pastels Des tons pastels sont appliqu\u00e9s aux tissus de toutes les collections, ce qui nous donne l&rsquo;impression que cet<br \/><a href=\"https:\/\/imsatextil.com\/fr\/colecciones\/coleccion-p-v-22\/\" class=\"more\">Read more<\/a><\/p>\n","protected":false},"author":1,"featured_media":0,"parent":307,"menu_order":0,"comment_status":"closed","ping_status":"closed","template":"","meta":{"footnotes":""},"class_list":["post-7509","page","type-page","status-publish","hentry"],"_links":{"self":[{"href":"https:\/\/imsatextil.com\/fr\/wp-json\/wp\/v2\/pages\/7509","targetHints":{"allow":["GET"]}}],"collection":[{"href":"https:\/\/imsatextil.com\/fr\/wp-json\/wp\/v2\/pages"}],"about":[{"href":"https:\/\/imsatextil.com\/fr\/wp-json\/wp\/v2\/types\/page"}],"author":[{"embeddable":true,"href":"https:\/\/imsatextil.com\/fr\/wp-json\/wp\/v2\/users\/1"}],"replies":[{"embeddable":true,"href":"https:\/\/imsatextil.com\/fr\/wp-json\/wp\/v2\/comments?post=7509"}],"version-history":[{"count":2,"href":"https:\/\/imsatextil.com\/fr\/wp-json\/wp\/v2\/pages\/7509\/revisions"}],"predecessor-version":[{"id":7515,"href":"https:\/\/imsatextil.com\/fr\/wp-json\/wp\/v2\/pages\/7509\/revisions\/7515"}],"up":[{"embeddable":true,"href":"https:\/\/imsatextil.com\/fr\/wp-json\/wp\/v2\/pages\/307"}],"wp:attachment":[{"href":"https:\/\/imsatextil.com\/fr\/wp-json\/wp\/v2\/media?parent=7509"}],"curies":[{"name":"wp","href":"https:\/\/api.w.org\/{rel}","templated":true}]}}