{"id":8605,"date":"2022-02-03T14:54:00","date_gmt":"2022-02-03T14:54:00","guid":{"rendered":"http:\/\/imsatextil.com\/colecciones\/coleccion-p-v-23\/"},"modified":"2022-02-03T15:01:45","modified_gmt":"2022-02-03T15:01:45","slug":"coleccion-p-v-23","status":"publish","type":"page","link":"https:\/\/imsatextil.com\/fr\/colecciones\/coleccion-p-v-23\/","title":{"rendered":"Colecci\u00f3n P\/V 23"},"content":{"rendered":"<div  id='first-row'  class=\"vc_row wpb_row vc_row-fluid full-width-content \">\n\t<div class=\"vc_span12 wpb_column vc_column_container \"><div class=\"vc_column-inner \">\n\t\t<div class=\"wpb_wrapper\">\n\t\t\t\r\n\t<div class=\"wpb_single_image wpb_content_element vc_align_center\">\r\n\t\t<div class=\"wpb_wrapper\">\r\n\t\t\t\r\n\t\t\t<div class=\"vc_single_image-wrapper   vc_box_border_grey\"><img loading=\"lazy\" decoding=\"async\" width=\"1920\" height=\"257\" src=\"https:\/\/imsatextil.com\/wp-content\/uploads\/2022\/01\/header_primavera_verano2023.jpg\" class=\"vc_single_image-img attachment-full\" alt=\"\" srcset=\"https:\/\/imsatextil.com\/wp-content\/uploads\/2022\/01\/header_primavera_verano2023.jpg 1920w, https:\/\/imsatextil.com\/wp-content\/uploads\/2022\/01\/header_primavera_verano2023-300x40.jpg 300w, https:\/\/imsatextil.com\/wp-content\/uploads\/2022\/01\/header_primavera_verano2023-768x103.jpg 768w, https:\/\/imsatextil.com\/wp-content\/uploads\/2022\/01\/header_primavera_verano2023-1024x137.jpg 1024w\" sizes=\"auto, (max-width: 1920px) 100vw, 1920px\" \/><\/div>\r\n\t\t<\/div>\r\n\t<\/div>\r\n\n\t\t<\/div> <\/div>\n\t<\/div> \n<\/div><div   class=\"vc_row wpb_row vc_row-fluid  \">\n\t<div class=\"vc_span12 wpb_column vc_column_container \"><div class=\"vc_column-inner \">\n\t\t<div class=\"wpb_wrapper\">\n\t\t\t<h2 style=\"text-align: left\" class=\"vc_custom_heading\" >PRINTEMPS \u00c9T\u00c9 COLLECTION '23<\/h2>\r\n\t<div class=\"wpb_single_image wpb_content_element vc_align_left\">\r\n\t\t<div class=\"wpb_wrapper\">\r\n\t\t\t\r\n\t\t\t<div class=\"vc_single_image-wrapper   vc_box_border_grey\"><img loading=\"lazy\" decoding=\"async\" width=\"181\" height=\"7\" src=\"https:\/\/imsatextil.com\/wp-content\/uploads\/2017\/11\/separator_black.png\" class=\"vc_single_image-img attachment-full\" alt=\"\" \/><\/div>\r\n\t\t<\/div>\r\n\t<\/div>\r\n<div class=\"vc_row wpb_row vc_inner vc_row-fluid\"><div class=\"wpb_column vc_column_container vc_span6\"><div class=\"vc_column-inner  \"><div class=\"wpb_wrapper\">\n\t<div class=\"wpb_text_column wpb_content_element  \" >\n\t\t<div class=\"wpb_wrapper\" id=\"ct_kn3x8fq4ts49dkdil0wl\">\n\t\t\t<p style=\"font-weight: 400;\">L&rsquo;\u00e9t\u00e9 est dans l&rsquo;air ! Murtra vous pr\u00e9sente sa collection exclusive de tissus pour cette saison, avec davantage de tissus fantaisie produits localement, y compris des options organiques, naturelles et durables. D\u00e9couvrez notre palette de couleurs fra\u00eeches, nos textures riches et nos imprim\u00e9s exclusifs et trouvez les tissus parfaits pour tous vos besoins dans les collections de v\u00eatements pour femmes et enfants.<\/p>\n<p style=\"font-weight: 400;\">Noir total<\/p>\n<p style=\"font-weight: 400;\">Pr\u00e9parez-vous pour les soir\u00e9es d&rsquo;\u00e9t\u00e9 o\u00f9 l&rsquo;\u00e9l\u00e9gance et le style se marient parfaitement ! Avec des options allant des dentelles a\u00e9riennes, des tulles perl\u00e9s et des belles paillettes, aux tricots glamour et aux tissus brod\u00e9s, il n&rsquo;y a pas de limite !<\/p>\n<p style=\"font-weight: 400;\">Luxe<\/p>\n<p style=\"font-weight: 400;\">Des tissus a\u00e9r\u00e9s et transparents, aux pliss\u00e9s et brod\u00e9s, nous avons ajout\u00e9 de l&rsquo;\u00e9clat et de la brillance dans les m\u00e9tallis\u00e9s pour une collection de tissus \u00e9tendue et luxueuse. Avec ces tissus, vous cr\u00e9erez l&rsquo;atmosph\u00e8re parfaite o\u00f9 le style s&rsquo;envolera !<\/p>\n<p style=\"font-weight: 400;\">Texture<\/p>\n<p style=\"font-weight: 400;\">Des pi\u00e8ces originales et audacieuses, avec le volume comme personnage principal, qui vous permettront de cr\u00e9er des collections ludiques pour femmes et pour filles. Les jacquards, les tricots et les tissages fluides, dans une belle gamme de couleurs, vous permettront d&rsquo;\u00e9gayer votre humeur !<\/p>\n<p style=\"font-weight: 400;\">Fil Coup\u00e9 &amp; Frange<\/p>\n<p style=\"font-weight: 400;\">Cette technique classique prend de nouvelles dimensions gr\u00e2ce \u00e0 de nouvelles applications, ajoutant une touche d\u00e9contract\u00e9e aux tissus l\u00e9gers et fluides. Vous avez le choix entre des motifs g\u00e9om\u00e9triques, des rayures ou des formes florales al\u00e9atoires.<\/p>\n<p style=\"font-weight: 400;\">Dentelle florale<\/p>\n<p style=\"font-weight: 400;\">Si un jardin de tissus \u00e9tait possible, il ressemblerait \u00e0 ceci ! Des options fra\u00eeches, l\u00e9g\u00e8res et color\u00e9es de broderies, de paillettes et de tissus de tulle remplissent l&rsquo;air d&rsquo;un parfum d&rsquo;\u00e9t\u00e9. Se sentir au paradis est possible !<\/p>\n\n\t\t<\/div> \n\t<\/div> <\/div><\/div><\/div><div class=\"wpb_column vc_column_container vc_span6\"><div class=\"vc_column-inner  \"><div class=\"wpb_wrapper\">\n\t<div class=\"wpb_text_column wpb_content_element  \" >\n\t\t<div class=\"wpb_wrapper\" id=\"ct_gaq0lyhpy8xay614nn0n\">\n\t\t\t<p style=\"font-weight: 400;\">Impression florale<\/p>\n<p style=\"font-weight: 400;\">Pour continuer avec notre jardin d&rsquo;\u00e9t\u00e9, Murtra offre une myriade d&rsquo;options d&rsquo;imprim\u00e9s floraux. Les options comprennent des satins imprim\u00e9s, de la viscose, du jersey et des synth\u00e9tiques fluides. Que ce soit en bouquet, en liberty ou en audacieux, nos motifs exclusifs sont parfaits pour vos styles, qu&rsquo;ils soient d\u00e9contract\u00e9s ou festifs, y compris pour les enfants !<\/p>\n<p style=\"font-weight: 400;\">Embelli<\/p>\n<p style=\"font-weight: 400;\">La fantaisie \u00e0 son meilleur, cette collection spectaculaire de tissus donnera vie \u00e0 vos motifs les plus sp\u00e9ciaux. Les broderies 3D et les paillettes forment de magnifiques motifs floraux avec des applications allant de la tenue de soir\u00e9e \u00e0 la tenue d\u00e9contract\u00e9e, ajoutez une touche f\u00e9minine et romantique \u00e0 vos cr\u00e9ations.<\/p>\n<p style=\"font-weight: 400;\">Couleur bonbon<\/p>\n<p style=\"font-weight: 400;\">Que serait un \u00e9t\u00e9 sans couleurs fra\u00eeches ? Cette collection va des couleurs vives aux couleurs pastel, appliqu\u00e9es aux textiles avec de la texture, des rayures, des carreaux et des unis ! Sp\u00e9cialement con\u00e7ue pour les collections jeunes adultes et enfants.<\/p>\n<p style=\"font-weight: 400;\">Broderie<\/p>\n<p style=\"font-weight: 400;\">Murtra propose une vaste collection de tissus d\u00e9contract\u00e9s brod\u00e9s pour la saison \u00e9t\u00e9 23. L\u00e0 o\u00f9 le blanc est roi et o\u00f9 les motifs originaux sont la cl\u00e9, une large gamme de cotons brod\u00e9s anglais et de fluides forment cette solide collection d&rsquo;options pour profiter de la saison !<\/p>\n<p style=\"font-weight: 400;\">Denim<\/p>\n<p style=\"font-weight: 400;\">Un classique \u00e9ternel qui est la tendance principale d&rsquo;aujourd&rsquo;hui avec une touche de modernit\u00e9 : les tissus denim cr\u00e9\u00e9s exclusivement pour Murtra comprennent des motifs paisley, des jacquards floraux, des motifs abstraits ainsi que des options solides en viscose \u00e9co et fluide.<\/p>\n<p style=\"font-weight: 400;\">Nautisme<\/p>\n<p style=\"font-weight: 400;\">Le th\u00e8me classique de l&rsquo;\u00e9t\u00e9 par excellence, le motif, les textures et les rayures, le tout avec une sensation de bord de mer dans les jerseys, les lins, les cotons et autres fluides apportent un remake frais \u00e0 la table.<\/p>\n\n\t\t<\/div> \n\t<\/div> <\/div><\/div><\/div><\/div><style type=\"text\/css\" >#ic_18lk1rh7t0sl3cly1gxn {margin:0px auto 0px; }#ic_18lk1rh7t0sl3cly1gxn .owl-prev,#ic_18lk1rh7t0sl3cly1gxn .owl-next{border-color:#ecf0f1; background:#ffffff; color:#4a4f55; }#ic_18lk1rh7t0sl3cly1gxn .owl-prev:hover,#ic_18lk1rh7t0sl3cly1gxn .owl-next:hover{background:#f9fafb; color:#000000; }#ic_18lk1rh7t0sl3cly1gxn .owl-prev:before,#ic_18lk1rh7t0sl3cly1gxn .owl-next:after{border-color:#4a4f55; }#ic_18lk1rh7t0sl3cly1gxn .owl-prev:hover::before,#ic_18lk1rh7t0sl3cly1gxn .owl-next:hover::after{border-color:#000000; }#ic_18lk1rh7t0sl3cly1gxn .owl-dot{ background:#ffffff; border-color:#ecf0f1; }#ic_18lk1rh7t0sl3cly1gxn .owl-dot.active{ background:#000000; border-color:#ecf0f1;}<\/style><script type=\"text\/javascript\" charset=\"utf-8\">\r\n\r\n\t\tjQuery.noConflict();\r\n\t\/\/setup up Carousel\r\n\t\tjQuery(document).ready(function($) {\r\n\t\"use strict\";\r\n\t$(window).load(function(){\r\n\t\t$(\"#ic_18lk1rh7t0sl3cly1gxn\").owlCarousel({\r\n\t\t\trtl: $(\"body\").hasClass(\"rtl\") ? true : false,\r\n\t\t\tresponsiveClass:true,\r\n\t\t\tcenter:true,\r\n\t\t\tloop:true,\r\n\t\t\tresponsive:{\r\n\t\t\t\t0:{\r\n\t\t\t\t\titems:1,\r\n\t\t\t    },\r\n\t\t\t    780:{\r\n\t\t\t        items:2,\r\n\t\t\t\t},\r\n\t\t\t\t1000:{\r\n\t\t\t\t    items:2,\r\n\t\t\t\t},\r\n\t\t\t},\r\n            scroll: 1,\r\n\t\t\tautoplay:false,\r\n\t   \t \t dots:false,\r\n\t\t\t nav:true,\r\n\t\r\n\t\t});\r\n\t});\r\n});\r\n\r\n<\/script><div class=\"tt_testimonials_ctn rd_ic_center  hover_nav_style \" id=\"ic_18lk1rh7t0sl3cly1gxn\" style=\"margin-top:0px; margin-bottom:0px;\"><a href=\"https:\/\/imsatextil.com\/wp-content\/uploads\/2022\/02\/SS23-Moodboards-Murtra-edit-1-1-1024x724.jpg\"  rel=\"prettyPhoto[rel-18lk1rh7t0sl3cly1gxn]\" ><img loading=\"lazy\" decoding=\"async\" width=\"1190\" height=\"841\" src=\"https:\/\/imsatextil.com\/wp-content\/uploads\/2022\/02\/SS23-Moodboards-Murtra-edit-1-1.jpg\" class=\"attachment-full\" alt=\"\" srcset=\"https:\/\/imsatextil.com\/wp-content\/uploads\/2022\/02\/SS23-Moodboards-Murtra-edit-1-1.jpg 1190w, https:\/\/imsatextil.com\/wp-content\/uploads\/2022\/02\/SS23-Moodboards-Murtra-edit-1-1-300x212.jpg 300w, https:\/\/imsatextil.com\/wp-content\/uploads\/2022\/02\/SS23-Moodboards-Murtra-edit-1-1-768x543.jpg 768w, https:\/\/imsatextil.com\/wp-content\/uploads\/2022\/02\/SS23-Moodboards-Murtra-edit-1-1-1024x724.jpg 1024w\" sizes=\"auto, (max-width: 1190px) 100vw, 1190px\" \/><\/a><a href=\"https:\/\/imsatextil.com\/wp-content\/uploads\/2022\/02\/SS23-Moodboards-Murtra-edit-1-2-1024x724.jpg\"  rel=\"prettyPhoto[rel-18lk1rh7t0sl3cly1gxn]\" ><img loading=\"lazy\" decoding=\"async\" width=\"1190\" height=\"841\" src=\"https:\/\/imsatextil.com\/wp-content\/uploads\/2022\/02\/SS23-Moodboards-Murtra-edit-1-2.jpg\" class=\"attachment-full\" alt=\"\" srcset=\"https:\/\/imsatextil.com\/wp-content\/uploads\/2022\/02\/SS23-Moodboards-Murtra-edit-1-2.jpg 1190w, https:\/\/imsatextil.com\/wp-content\/uploads\/2022\/02\/SS23-Moodboards-Murtra-edit-1-2-300x212.jpg 300w, https:\/\/imsatextil.com\/wp-content\/uploads\/2022\/02\/SS23-Moodboards-Murtra-edit-1-2-768x543.jpg 768w, https:\/\/imsatextil.com\/wp-content\/uploads\/2022\/02\/SS23-Moodboards-Murtra-edit-1-2-1024x724.jpg 1024w\" sizes=\"auto, (max-width: 1190px) 100vw, 1190px\" \/><\/a><a href=\"https:\/\/imsatextil.com\/wp-content\/uploads\/2022\/02\/SS23-Moodboards-Murtra-edit-1-3-1024x724.jpg\"  rel=\"prettyPhoto[rel-18lk1rh7t0sl3cly1gxn]\" ><img loading=\"lazy\" decoding=\"async\" width=\"1190\" height=\"841\" src=\"https:\/\/imsatextil.com\/wp-content\/uploads\/2022\/02\/SS23-Moodboards-Murtra-edit-1-3.jpg\" class=\"attachment-full\" alt=\"\" srcset=\"https:\/\/imsatextil.com\/wp-content\/uploads\/2022\/02\/SS23-Moodboards-Murtra-edit-1-3.jpg 1190w, https:\/\/imsatextil.com\/wp-content\/uploads\/2022\/02\/SS23-Moodboards-Murtra-edit-1-3-300x212.jpg 300w, https:\/\/imsatextil.com\/wp-content\/uploads\/2022\/02\/SS23-Moodboards-Murtra-edit-1-3-768x543.jpg 768w, https:\/\/imsatextil.com\/wp-content\/uploads\/2022\/02\/SS23-Moodboards-Murtra-edit-1-3-1024x724.jpg 1024w\" sizes=\"auto, (max-width: 1190px) 100vw, 1190px\" \/><\/a><a href=\"https:\/\/imsatextil.com\/wp-content\/uploads\/2022\/02\/SS23-Moodboards-Murtra-edit-1-4-1024x724.jpg\"  rel=\"prettyPhoto[rel-18lk1rh7t0sl3cly1gxn]\" ><img loading=\"lazy\" decoding=\"async\" width=\"1190\" height=\"841\" src=\"https:\/\/imsatextil.com\/wp-content\/uploads\/2022\/02\/SS23-Moodboards-Murtra-edit-1-4.jpg\" class=\"attachment-full\" alt=\"\" srcset=\"https:\/\/imsatextil.com\/wp-content\/uploads\/2022\/02\/SS23-Moodboards-Murtra-edit-1-4.jpg 1190w, https:\/\/imsatextil.com\/wp-content\/uploads\/2022\/02\/SS23-Moodboards-Murtra-edit-1-4-300x212.jpg 300w, https:\/\/imsatextil.com\/wp-content\/uploads\/2022\/02\/SS23-Moodboards-Murtra-edit-1-4-768x543.jpg 768w, https:\/\/imsatextil.com\/wp-content\/uploads\/2022\/02\/SS23-Moodboards-Murtra-edit-1-4-1024x724.jpg 1024w\" sizes=\"auto, (max-width: 1190px) 100vw, 1190px\" \/><\/a><a href=\"https:\/\/imsatextil.com\/wp-content\/uploads\/2022\/02\/SS23-Moodboards-Murtra-edit-1-5-1024x724.jpg\"  rel=\"prettyPhoto[rel-18lk1rh7t0sl3cly1gxn]\" ><img loading=\"lazy\" decoding=\"async\" width=\"1190\" height=\"841\" src=\"https:\/\/imsatextil.com\/wp-content\/uploads\/2022\/02\/SS23-Moodboards-Murtra-edit-1-5.jpg\" class=\"attachment-full\" alt=\"\" srcset=\"https:\/\/imsatextil.com\/wp-content\/uploads\/2022\/02\/SS23-Moodboards-Murtra-edit-1-5.jpg 1190w, https:\/\/imsatextil.com\/wp-content\/uploads\/2022\/02\/SS23-Moodboards-Murtra-edit-1-5-300x212.jpg 300w, https:\/\/imsatextil.com\/wp-content\/uploads\/2022\/02\/SS23-Moodboards-Murtra-edit-1-5-768x543.jpg 768w, https:\/\/imsatextil.com\/wp-content\/uploads\/2022\/02\/SS23-Moodboards-Murtra-edit-1-5-1024x724.jpg 1024w\" sizes=\"auto, (max-width: 1190px) 100vw, 1190px\" \/><\/a><a href=\"https:\/\/imsatextil.com\/wp-content\/uploads\/2022\/02\/SS23-Moodboards-Murtra-edit-1-6-1024x724.jpg\"  rel=\"prettyPhoto[rel-18lk1rh7t0sl3cly1gxn]\" ><img loading=\"lazy\" decoding=\"async\" width=\"1190\" height=\"841\" src=\"https:\/\/imsatextil.com\/wp-content\/uploads\/2022\/02\/SS23-Moodboards-Murtra-edit-1-6.jpg\" class=\"attachment-full\" alt=\"\" srcset=\"https:\/\/imsatextil.com\/wp-content\/uploads\/2022\/02\/SS23-Moodboards-Murtra-edit-1-6.jpg 1190w, https:\/\/imsatextil.com\/wp-content\/uploads\/2022\/02\/SS23-Moodboards-Murtra-edit-1-6-300x212.jpg 300w, https:\/\/imsatextil.com\/wp-content\/uploads\/2022\/02\/SS23-Moodboards-Murtra-edit-1-6-768x543.jpg 768w, https:\/\/imsatextil.com\/wp-content\/uploads\/2022\/02\/SS23-Moodboards-Murtra-edit-1-6-1024x724.jpg 1024w\" sizes=\"auto, (max-width: 1190px) 100vw, 1190px\" \/><\/a><a href=\"https:\/\/imsatextil.com\/wp-content\/uploads\/2022\/02\/SS23-Moodboards-Murtra-edit-1-7-1024x724.jpg\"  rel=\"prettyPhoto[rel-18lk1rh7t0sl3cly1gxn]\" ><img loading=\"lazy\" decoding=\"async\" width=\"1190\" height=\"841\" src=\"https:\/\/imsatextil.com\/wp-content\/uploads\/2022\/02\/SS23-Moodboards-Murtra-edit-1-7.jpg\" class=\"attachment-full\" alt=\"\" srcset=\"https:\/\/imsatextil.com\/wp-content\/uploads\/2022\/02\/SS23-Moodboards-Murtra-edit-1-7.jpg 1190w, https:\/\/imsatextil.com\/wp-content\/uploads\/2022\/02\/SS23-Moodboards-Murtra-edit-1-7-300x212.jpg 300w, https:\/\/imsatextil.com\/wp-content\/uploads\/2022\/02\/SS23-Moodboards-Murtra-edit-1-7-768x543.jpg 768w, https:\/\/imsatextil.com\/wp-content\/uploads\/2022\/02\/SS23-Moodboards-Murtra-edit-1-7-1024x724.jpg 1024w\" sizes=\"auto, (max-width: 1190px) 100vw, 1190px\" \/><\/a><a href=\"https:\/\/imsatextil.com\/wp-content\/uploads\/2022\/02\/SS23-Moodboards-Murtra-edit-1-8-1024x724.jpg\"  rel=\"prettyPhoto[rel-18lk1rh7t0sl3cly1gxn]\" ><img loading=\"lazy\" decoding=\"async\" width=\"1190\" height=\"841\" src=\"https:\/\/imsatextil.com\/wp-content\/uploads\/2022\/02\/SS23-Moodboards-Murtra-edit-1-8.jpg\" class=\"attachment-full\" alt=\"\" srcset=\"https:\/\/imsatextil.com\/wp-content\/uploads\/2022\/02\/SS23-Moodboards-Murtra-edit-1-8.jpg 1190w, https:\/\/imsatextil.com\/wp-content\/uploads\/2022\/02\/SS23-Moodboards-Murtra-edit-1-8-300x212.jpg 300w, https:\/\/imsatextil.com\/wp-content\/uploads\/2022\/02\/SS23-Moodboards-Murtra-edit-1-8-768x543.jpg 768w, https:\/\/imsatextil.com\/wp-content\/uploads\/2022\/02\/SS23-Moodboards-Murtra-edit-1-8-1024x724.jpg 1024w\" sizes=\"auto, (max-width: 1190px) 100vw, 1190px\" \/><\/a><a href=\"https:\/\/imsatextil.com\/wp-content\/uploads\/2022\/02\/SS23-Moodboards-Murtra-edit-1-9-1024x725.jpg\"  rel=\"prettyPhoto[rel-18lk1rh7t0sl3cly1gxn]\" ><img loading=\"lazy\" decoding=\"async\" width=\"1190\" height=\"842\" src=\"https:\/\/imsatextil.com\/wp-content\/uploads\/2022\/02\/SS23-Moodboards-Murtra-edit-1-9.jpg\" class=\"attachment-full\" alt=\"\" srcset=\"https:\/\/imsatextil.com\/wp-content\/uploads\/2022\/02\/SS23-Moodboards-Murtra-edit-1-9.jpg 1190w, https:\/\/imsatextil.com\/wp-content\/uploads\/2022\/02\/SS23-Moodboards-Murtra-edit-1-9-300x212.jpg 300w, https:\/\/imsatextil.com\/wp-content\/uploads\/2022\/02\/SS23-Moodboards-Murtra-edit-1-9-768x543.jpg 768w, https:\/\/imsatextil.com\/wp-content\/uploads\/2022\/02\/SS23-Moodboards-Murtra-edit-1-9-1024x725.jpg 1024w\" sizes=\"auto, (max-width: 1190px) 100vw, 1190px\" \/><\/a><a href=\"https:\/\/imsatextil.com\/wp-content\/uploads\/2022\/02\/SS23-Moodboards-Murtra-edit-1-10-1024x724.jpg\"  rel=\"prettyPhoto[rel-18lk1rh7t0sl3cly1gxn]\" ><img loading=\"lazy\" decoding=\"async\" width=\"1190\" height=\"841\" src=\"https:\/\/imsatextil.com\/wp-content\/uploads\/2022\/02\/SS23-Moodboards-Murtra-edit-1-10.jpg\" class=\"attachment-full\" alt=\"\" srcset=\"https:\/\/imsatextil.com\/wp-content\/uploads\/2022\/02\/SS23-Moodboards-Murtra-edit-1-10.jpg 1190w, https:\/\/imsatextil.com\/wp-content\/uploads\/2022\/02\/SS23-Moodboards-Murtra-edit-1-10-300x212.jpg 300w, https:\/\/imsatextil.com\/wp-content\/uploads\/2022\/02\/SS23-Moodboards-Murtra-edit-1-10-768x543.jpg 768w, https:\/\/imsatextil.com\/wp-content\/uploads\/2022\/02\/SS23-Moodboards-Murtra-edit-1-10-1024x724.jpg 1024w\" sizes=\"auto, (max-width: 1190px) 100vw, 1190px\" \/><\/a><a href=\"https:\/\/imsatextil.com\/wp-content\/uploads\/2022\/02\/SS23-Moodboards-Murtra-edit-1-11-1024x724.jpg\"  rel=\"prettyPhoto[rel-18lk1rh7t0sl3cly1gxn]\" ><img loading=\"lazy\" decoding=\"async\" width=\"1190\" height=\"841\" src=\"https:\/\/imsatextil.com\/wp-content\/uploads\/2022\/02\/SS23-Moodboards-Murtra-edit-1-11.jpg\" class=\"attachment-full\" alt=\"\" srcset=\"https:\/\/imsatextil.com\/wp-content\/uploads\/2022\/02\/SS23-Moodboards-Murtra-edit-1-11.jpg 1190w, https:\/\/imsatextil.com\/wp-content\/uploads\/2022\/02\/SS23-Moodboards-Murtra-edit-1-11-300x212.jpg 300w, https:\/\/imsatextil.com\/wp-content\/uploads\/2022\/02\/SS23-Moodboards-Murtra-edit-1-11-768x543.jpg 768w, https:\/\/imsatextil.com\/wp-content\/uploads\/2022\/02\/SS23-Moodboards-Murtra-edit-1-11-1024x724.jpg 1024w\" sizes=\"auto, (max-width: 1190px) 100vw, 1190px\" \/><\/a><\/div>\n\t\t<\/div> <\/div>\n\t<\/div> \n<\/div>\n","protected":false},"excerpt":{"rendered":"<p>PRINTEMPS \u00c9T\u00c9 COLLECTION &rsquo;23 L&rsquo;\u00e9t\u00e9 est dans l&rsquo;air ! Murtra vous pr\u00e9sente sa collection exclusive de tissus pour cette saison, avec davantage de tissus fantaisie produits localement, y compris des options organiques, naturelles et durables. D\u00e9couvrez notre palette de couleurs fra\u00eeches, nos textures riches et nos imprim\u00e9s exclusifs et trouvez les tissus parfaits pour tous<br \/><a href=\"https:\/\/imsatextil.com\/fr\/colecciones\/coleccion-p-v-23\/\" class=\"more\">Read more<\/a><\/p>\n","protected":false},"author":1,"featured_media":0,"parent":307,"menu_order":0,"comment_status":"closed","ping_status":"closed","template":"","meta":{"footnotes":""},"class_list":["post-8605","page","type-page","status-publish","hentry"],"_links":{"self":[{"href":"https:\/\/imsatextil.com\/fr\/wp-json\/wp\/v2\/pages\/8605","targetHints":{"allow":["GET"]}}],"collection":[{"href":"https:\/\/imsatextil.com\/fr\/wp-json\/wp\/v2\/pages"}],"about":[{"href":"https:\/\/imsatextil.com\/fr\/wp-json\/wp\/v2\/types\/page"}],"author":[{"embeddable":true,"href":"https:\/\/imsatextil.com\/fr\/wp-json\/wp\/v2\/users\/1"}],"replies":[{"embeddable":true,"href":"https:\/\/imsatextil.com\/fr\/wp-json\/wp\/v2\/comments?post=8605"}],"version-history":[{"count":2,"href":"https:\/\/imsatextil.com\/fr\/wp-json\/wp\/v2\/pages\/8605\/revisions"}],"predecessor-version":[{"id":8611,"href":"https:\/\/imsatextil.com\/fr\/wp-json\/wp\/v2\/pages\/8605\/revisions\/8611"}],"up":[{"embeddable":true,"href":"https:\/\/imsatextil.com\/fr\/wp-json\/wp\/v2\/pages\/307"}],"wp:attachment":[{"href":"https:\/\/imsatextil.com\/fr\/wp-json\/wp\/v2\/media?parent=8605"}],"curies":[{"name":"wp","href":"https:\/\/api.w.org\/{rel}","templated":true}]}}