{"id":8711,"date":"2022-08-04T15:34:40","date_gmt":"2022-08-04T15:34:40","guid":{"rendered":"http:\/\/imsatextil.com\/colecciones\/coleccion-o-i-23\/"},"modified":"2022-08-04T15:46:08","modified_gmt":"2022-08-04T15:46:08","slug":"coleccion-o-i-23","status":"publish","type":"page","link":"https:\/\/imsatextil.com\/fr\/colecciones\/coleccion-o-i-23\/","title":{"rendered":"Colecci\u00f3n O\/I 23"},"content":{"rendered":"<div  id='first-row'  class=\"vc_row wpb_row vc_row-fluid full-width-content \">\n\t<div class=\"vc_span12 wpb_column vc_column_container \"><div class=\"vc_column-inner \">\n\t\t<div class=\"wpb_wrapper\">\n\t\t\t\r\n\t<div class=\"wpb_single_image wpb_content_element vc_align_center\">\r\n\t\t<div class=\"wpb_wrapper\">\r\n\t\t\t\r\n\t\t\t<div class=\"vc_single_image-wrapper   vc_box_border_grey\"><img loading=\"lazy\" decoding=\"async\" width=\"1920\" height=\"257\" src=\"https:\/\/imsatextil.com\/wp-content\/uploads\/2022\/08\/header_invierno-2023.jpg\" class=\"vc_single_image-img attachment-full\" alt=\"\" srcset=\"https:\/\/imsatextil.com\/wp-content\/uploads\/2022\/08\/header_invierno-2023.jpg 1920w, https:\/\/imsatextil.com\/wp-content\/uploads\/2022\/08\/header_invierno-2023-300x40.jpg 300w, https:\/\/imsatextil.com\/wp-content\/uploads\/2022\/08\/header_invierno-2023-768x103.jpg 768w, https:\/\/imsatextil.com\/wp-content\/uploads\/2022\/08\/header_invierno-2023-1024x137.jpg 1024w\" sizes=\"auto, (max-width: 1920px) 100vw, 1920px\" \/><\/div>\r\n\t\t<\/div>\r\n\t<\/div>\r\n\n\t\t<\/div> <\/div>\n\t<\/div> \n<\/div><div   class=\"vc_row wpb_row vc_row-fluid  \">\n\t<div class=\"vc_span12 wpb_column vc_column_container \"><div class=\"vc_column-inner \">\n\t\t<div class=\"wpb_wrapper\">\n\t\t\t<h2 style=\"text-align: left\" class=\"vc_custom_heading\" >COLLECTION AUTOMNE \/ HIVER 2023<\/h2>\r\n\t<div class=\"wpb_single_image wpb_content_element vc_align_left\">\r\n\t\t<div class=\"wpb_wrapper\">\r\n\t\t\t\r\n\t\t\t<div class=\"vc_single_image-wrapper   vc_box_border_grey\"><img loading=\"lazy\" decoding=\"async\" width=\"181\" height=\"7\" src=\"https:\/\/imsatextil.com\/wp-content\/uploads\/2017\/11\/separator_black.png\" class=\"vc_single_image-img attachment-full\" alt=\"\" \/><\/div>\r\n\t\t<\/div>\r\n\t<\/div>\r\n<div class=\"vc_row wpb_row vc_inner vc_row-fluid\"><div class=\"wpb_column vc_column_container vc_span6\"><div class=\"vc_column-inner  \"><div class=\"wpb_wrapper\">\n\t<div class=\"wpb_text_column wpb_content_element  \" >\n\t\t<div class=\"wpb_wrapper\" id=\"ct_hf7n8cde8s9ubm4rp6lm\">\n\t\t\t<p>En cette nouvelle saison, notre collection c\u00e9l\u00e8bre la libert\u00e9 !<\/p>\n<p>Pour le luxe comme pour les occasions d\u00e9contract\u00e9es, nos tissus sont con\u00e7us pour faire tourner les t\u00eates. Avec nos mod\u00e8les, vous pourrez cr\u00e9er n&rsquo;importe quelle silhouette, que ce soit pour profiter de grandes f\u00eates ou de r\u00e9unions exclusives. Vous brillerez de mille feux !<\/p>\n<p>Nous cherchons toujours \u00e0 accro\u00eetre notre soutenabilit\u00e9, c&rsquo;est pourquoi vous trouverez dans notre collection des textiles fabriqu\u00e9s localement et des mat\u00e9riaux plus naturels. Nous vous invitons \u00e0 jeter un coup d&rsquo;\u0153il et \u00e0 commencer \u00e0 r\u00eaver \u00e0 vos collections de v\u00eatements !<\/p>\n<p><strong>Jacquard<\/strong><\/p>\n<p>Apr\u00e8s l&rsquo;aust\u00e9rit\u00e9 vient l&rsquo;opulence. Dans le respect de l&rsquo;essence de Murtra, les tissus exclusifs et luxueux aux magnifiques motifs jacquards sont de retour, pour les occasions sp\u00e9ciales comme pour les tenues d\u00e9contract\u00e9es.<\/p>\n<p><strong>F\u00eate l\u00e9g\u00e8re<\/strong><\/p>\n<p>Cette collection de blancs et de cr\u00e8mes comprend des tissus a\u00e9riens tels que des organzas brod\u00e9s, des jacquards volumineux, des plis drap\u00e9s et des tulles fantaisie embellis. Une option brillante pour \u00eatre la lumi\u00e8re dans les jours et les nuits sombres de l&rsquo;hiver.<\/p>\n<p><strong>Nuits sombres<\/strong><\/p>\n<p>Lorsque le noir est le roi des tenues de soir\u00e9e, chez Murtra, nous honorons son r\u00e8gne et pr\u00e9sentons une myriade de tissus dans des options \u00e9l\u00e9gantes : tulle volumineux, paillettes, satins fluides, noirs brillants et cr\u00e9ations originales pour r\u00e9pondre \u00e0 tous vos besoins de conception.<\/p>\n<p><strong>Embelli<\/strong><\/p>\n<p>Des paillettes aux broderies, cette collection propose des motifs allant des fleurs aux g\u00e9om\u00e9tries ! Des motifs magnifiques et riches sur du tulle, de la maille et du velours dans des combinaisons de couleurs d\u00e9licates pour cr\u00e9er des motifs fantastiques. Avec des applications allant de la tenue de soir\u00e9e \u00e0 la tenue d\u00e9contract\u00e9e, l&rsquo;imagination est votre seule limite !<\/p>\n<p><strong>Matelass\u00e9<\/strong><\/p>\n<p>Les collections de tissus d&rsquo;hiver ne seraient pas compl\u00e8tes sans d&rsquo;\u00e9l\u00e9gantes options rembourr\u00e9es. Vous trouverez des combinaisons surprenantes et des motifs de rembourrage qui sortent de l&rsquo;ordinaire, pour cr\u00e9er vos designs exclusifs.<\/p>\n\n\t\t<\/div> \n\t<\/div> <\/div><\/div><\/div><div class=\"wpb_column vc_column_container vc_span6\"><div class=\"vc_column-inner  \"><div class=\"wpb_wrapper\">\n\t<div class=\"wpb_text_column wpb_content_element  \" >\n\t\t<div class=\"wpb_wrapper\" id=\"ct_an7et5cg4ea4kq5jz3t9\">\n\t\t\t<p><strong>Fourrure<\/strong><\/p>\n<p>La collection d&rsquo;options de fausse fourrure \u00e0 son meilleur ! La gamme comprend des options de base l\u00e9g\u00e8res et lourdes de haute qualit\u00e9, ainsi que des fourrures plus courtes ou plus longues, dans diff\u00e9rentes couleurs et imitations. Parfaite pour les v\u00eatements d&rsquo;ext\u00e9rieur, les doublures int\u00e9rieures ou les d\u00e9tails comme les poignets ou les cols, pour les collections de v\u00eatements pour femmes et pour enfants.<\/p>\n<p><strong>Tons camel<\/strong><\/p>\n<p>Des carreaux chaleureux au velours c\u00f4tel\u00e9 uni et aux mailles douillettes, cette collection de tissus est cr\u00e9\u00e9e par des motifs classiques et nouveaux, tels que le pied-de-poule, le prince de Galles et d&rsquo;autres motifs \u00e0 carreaux, ainsi que des classiques unis et des mailles matelass\u00e9es. Bienvenue dans le Sahara !<\/p>\n<p><strong>Teintes de bleu<\/strong><\/p>\n<p>Le bleu est la star de notre palette de couleurs ! Du royal au marine, vous trouverez des motifs, des carreaux et des unis qui se combinent parfaitement avec nos camels et nos tons terreux. Mettez les bleus dans votre collection et donnez un coup de fouet \u00e0 votre collection d&rsquo;hiver.<\/p>\n<p><strong>Le temps des baies<\/strong><\/p>\n<p>Du temps des f\u00eates au temps des baies, cette teinte englobe les tissages, pour des pantalons \u00e9l\u00e9gants, des robes, des blouses, ou tout ce que vous pouvez imaginer, pour des tenues d\u00e9contract\u00e9es de jour avec une touche de modernit\u00e9 ! Apportez des ondes positives \u00e0 votre hiver !<\/p>\n<p><strong>Brume grise<\/strong><\/p>\n<p>Le brouillard et la brume sont toujours une sc\u00e8ne romantique de l&rsquo;hiver, et nous ne pouvions pas le manquer ! Le gris est la reine des basiques, que ce soit pour des costumes pointus ou des pulls douillets, et notre gamme de tissus comprend toutes les options pour vos collections.<\/p>\n<p><strong>Brillants doux<\/strong><\/p>\n<p>Une collection de tricots et de tissages doux et confortables, allant de l&rsquo;\u00e9pais et chaud, au l\u00e9ger et transparent, les couleurs claires sont toujours d\u00e9sir\u00e9es. Un look lumineux illumine toujours votre journ\u00e9e !<\/p>\n<p><strong>Indigos d\u00e9contract\u00e9s<\/strong><\/p>\n<p>Du denim jacquard fleuri \u00e0 la chenille avec des m\u00e9langes m\u00e9talliques, et des tweeds et tissages inspir\u00e9s de Chanel aux tricots textur\u00e9s, cette collection comprend un large \u00e9ventail d&rsquo;options d\u00e9velopp\u00e9es localement et exclusivement par l&rsquo;\u00e9quipe de design Murtra.<\/p>\n\n\t\t<\/div> \n\t<\/div> <\/div><\/div><\/div><\/div><style type=\"text\/css\" >#ic_z194217kdf5mzk2uf0hm {margin:0px auto 0px; }#ic_z194217kdf5mzk2uf0hm .owl-prev,#ic_z194217kdf5mzk2uf0hm .owl-next{border-color:#ecf0f1; background:#ffffff; color:#4a4f55; }#ic_z194217kdf5mzk2uf0hm .owl-prev:hover,#ic_z194217kdf5mzk2uf0hm .owl-next:hover{background:#f9fafb; color:#000000; }#ic_z194217kdf5mzk2uf0hm .owl-prev:before,#ic_z194217kdf5mzk2uf0hm .owl-next:after{border-color:#4a4f55; }#ic_z194217kdf5mzk2uf0hm .owl-prev:hover::before,#ic_z194217kdf5mzk2uf0hm .owl-next:hover::after{border-color:#000000; }#ic_z194217kdf5mzk2uf0hm .owl-dot{ background:#ffffff; border-color:#ecf0f1; }#ic_z194217kdf5mzk2uf0hm .owl-dot.active{ background:#000000; border-color:#ecf0f1;}<\/style><script type=\"text\/javascript\" charset=\"utf-8\">\r\n\r\n\t\tjQuery.noConflict();\r\n\t\/\/setup up Carousel\r\n\t\tjQuery(document).ready(function($) {\r\n\t\"use strict\";\r\n\t$(window).load(function(){\r\n\t\t$(\"#ic_z194217kdf5mzk2uf0hm\").owlCarousel({\r\n\t\t\trtl: $(\"body\").hasClass(\"rtl\") ? true : false,\r\n\t\t\tresponsiveClass:true,\r\n\t\t\tcenter:true,\r\n\t\t\tloop:true,\r\n\t\t\tresponsive:{\r\n\t\t\t\t0:{\r\n\t\t\t\t\titems:1,\r\n\t\t\t    },\r\n\t\t\t    780:{\r\n\t\t\t        items:2,\r\n\t\t\t\t},\r\n\t\t\t\t1000:{\r\n\t\t\t\t    items:2,\r\n\t\t\t\t},\r\n\t\t\t},\r\n            scroll: 1,\r\n\t\t\tautoplay:false,\r\n\t   \t \t dots:false,\r\n\t\t\t nav:true,\r\n\t\r\n\t\t});\r\n\t});\r\n});\r\n\r\n<\/script><div class=\"tt_testimonials_ctn rd_ic_center  hover_nav_style \" id=\"ic_z194217kdf5mzk2uf0hm\" style=\"margin-top:0px; margin-bottom:0px;\"><a href=\"https:\/\/imsatextil.com\/wp-content\/uploads\/2022\/08\/MURTRA-FW23-Paneles-1-01-1024x740.jpg\"  rel=\"prettyPhoto[rel-z194217kdf5mzk2uf0hm]\" ><img loading=\"lazy\" decoding=\"async\" width=\"2618\" height=\"1892\" src=\"https:\/\/imsatextil.com\/wp-content\/uploads\/2022\/08\/MURTRA-FW23-Paneles-1-01.jpg\" class=\"attachment-full\" alt=\"\" srcset=\"https:\/\/imsatextil.com\/wp-content\/uploads\/2022\/08\/MURTRA-FW23-Paneles-1-01.jpg 2618w, https:\/\/imsatextil.com\/wp-content\/uploads\/2022\/08\/MURTRA-FW23-Paneles-1-01-300x217.jpg 300w, https:\/\/imsatextil.com\/wp-content\/uploads\/2022\/08\/MURTRA-FW23-Paneles-1-01-768x555.jpg 768w, https:\/\/imsatextil.com\/wp-content\/uploads\/2022\/08\/MURTRA-FW23-Paneles-1-01-1024x740.jpg 1024w, https:\/\/imsatextil.com\/wp-content\/uploads\/2022\/08\/MURTRA-FW23-Paneles-1-01-553x400.jpg 553w\" sizes=\"auto, (max-width: 2618px) 100vw, 2618px\" \/><\/a><a href=\"https:\/\/imsatextil.com\/wp-content\/uploads\/2022\/08\/MURTRA-FW23-Paneles-2-01-1024x740.jpg\"  rel=\"prettyPhoto[rel-z194217kdf5mzk2uf0hm]\" ><img loading=\"lazy\" decoding=\"async\" width=\"2618\" height=\"1892\" src=\"https:\/\/imsatextil.com\/wp-content\/uploads\/2022\/08\/MURTRA-FW23-Paneles-2-01.jpg\" class=\"attachment-full\" alt=\"\" srcset=\"https:\/\/imsatextil.com\/wp-content\/uploads\/2022\/08\/MURTRA-FW23-Paneles-2-01.jpg 2618w, https:\/\/imsatextil.com\/wp-content\/uploads\/2022\/08\/MURTRA-FW23-Paneles-2-01-300x217.jpg 300w, https:\/\/imsatextil.com\/wp-content\/uploads\/2022\/08\/MURTRA-FW23-Paneles-2-01-768x555.jpg 768w, https:\/\/imsatextil.com\/wp-content\/uploads\/2022\/08\/MURTRA-FW23-Paneles-2-01-1024x740.jpg 1024w, https:\/\/imsatextil.com\/wp-content\/uploads\/2022\/08\/MURTRA-FW23-Paneles-2-01-553x400.jpg 553w\" sizes=\"auto, (max-width: 2618px) 100vw, 2618px\" \/><\/a><a href=\"https:\/\/imsatextil.com\/wp-content\/uploads\/2022\/08\/MURTRA-FW23-Paneles-3-01-1024x740.jpg\"  rel=\"prettyPhoto[rel-z194217kdf5mzk2uf0hm]\" ><img loading=\"lazy\" decoding=\"async\" width=\"2618\" height=\"1892\" src=\"https:\/\/imsatextil.com\/wp-content\/uploads\/2022\/08\/MURTRA-FW23-Paneles-3-01.jpg\" class=\"attachment-full\" alt=\"\" srcset=\"https:\/\/imsatextil.com\/wp-content\/uploads\/2022\/08\/MURTRA-FW23-Paneles-3-01.jpg 2618w, https:\/\/imsatextil.com\/wp-content\/uploads\/2022\/08\/MURTRA-FW23-Paneles-3-01-300x217.jpg 300w, https:\/\/imsatextil.com\/wp-content\/uploads\/2022\/08\/MURTRA-FW23-Paneles-3-01-768x555.jpg 768w, https:\/\/imsatextil.com\/wp-content\/uploads\/2022\/08\/MURTRA-FW23-Paneles-3-01-1024x740.jpg 1024w, https:\/\/imsatextil.com\/wp-content\/uploads\/2022\/08\/MURTRA-FW23-Paneles-3-01-553x400.jpg 553w\" sizes=\"auto, (max-width: 2618px) 100vw, 2618px\" \/><\/a><a href=\"https:\/\/imsatextil.com\/wp-content\/uploads\/2022\/08\/MURTRA-FW23-Paneles-4-01-1024x724.jpg\"  rel=\"prettyPhoto[rel-z194217kdf5mzk2uf0hm]\" ><img loading=\"lazy\" decoding=\"async\" width=\"2481\" height=\"1754\" src=\"https:\/\/imsatextil.com\/wp-content\/uploads\/2022\/08\/MURTRA-FW23-Paneles-4-01.jpg\" class=\"attachment-full\" alt=\"\" srcset=\"https:\/\/imsatextil.com\/wp-content\/uploads\/2022\/08\/MURTRA-FW23-Paneles-4-01.jpg 2481w, https:\/\/imsatextil.com\/wp-content\/uploads\/2022\/08\/MURTRA-FW23-Paneles-4-01-300x212.jpg 300w, https:\/\/imsatextil.com\/wp-content\/uploads\/2022\/08\/MURTRA-FW23-Paneles-4-01-768x543.jpg 768w, https:\/\/imsatextil.com\/wp-content\/uploads\/2022\/08\/MURTRA-FW23-Paneles-4-01-1024x724.jpg 1024w\" sizes=\"auto, (max-width: 2481px) 100vw, 2481px\" \/><\/a><a href=\"https:\/\/imsatextil.com\/wp-content\/uploads\/2022\/08\/MURTRA-FW23-Paneles-5-01-1024x724.jpg\"  rel=\"prettyPhoto[rel-z194217kdf5mzk2uf0hm]\" ><img loading=\"lazy\" decoding=\"async\" width=\"2481\" height=\"1754\" src=\"https:\/\/imsatextil.com\/wp-content\/uploads\/2022\/08\/MURTRA-FW23-Paneles-5-01.jpg\" class=\"attachment-full\" alt=\"\" srcset=\"https:\/\/imsatextil.com\/wp-content\/uploads\/2022\/08\/MURTRA-FW23-Paneles-5-01.jpg 2481w, https:\/\/imsatextil.com\/wp-content\/uploads\/2022\/08\/MURTRA-FW23-Paneles-5-01-300x212.jpg 300w, https:\/\/imsatextil.com\/wp-content\/uploads\/2022\/08\/MURTRA-FW23-Paneles-5-01-768x543.jpg 768w, https:\/\/imsatextil.com\/wp-content\/uploads\/2022\/08\/MURTRA-FW23-Paneles-5-01-1024x724.jpg 1024w\" sizes=\"auto, (max-width: 2481px) 100vw, 2481px\" \/><\/a><a href=\"https:\/\/imsatextil.com\/wp-content\/uploads\/2022\/08\/MURTRA-FW23-Paneles-6-01-1024x724.jpg\"  rel=\"prettyPhoto[rel-z194217kdf5mzk2uf0hm]\" ><img loading=\"lazy\" decoding=\"async\" width=\"2481\" height=\"1754\" src=\"https:\/\/imsatextil.com\/wp-content\/uploads\/2022\/08\/MURTRA-FW23-Paneles-6-01.jpg\" class=\"attachment-full\" alt=\"\" srcset=\"https:\/\/imsatextil.com\/wp-content\/uploads\/2022\/08\/MURTRA-FW23-Paneles-6-01.jpg 2481w, https:\/\/imsatextil.com\/wp-content\/uploads\/2022\/08\/MURTRA-FW23-Paneles-6-01-300x212.jpg 300w, https:\/\/imsatextil.com\/wp-content\/uploads\/2022\/08\/MURTRA-FW23-Paneles-6-01-768x543.jpg 768w, https:\/\/imsatextil.com\/wp-content\/uploads\/2022\/08\/MURTRA-FW23-Paneles-6-01-1024x724.jpg 1024w\" sizes=\"auto, (max-width: 2481px) 100vw, 2481px\" \/><\/a><a href=\"https:\/\/imsatextil.com\/wp-content\/uploads\/2022\/08\/MURTRA-FW23-Paneles-7-01-1024x724.jpg\"  rel=\"prettyPhoto[rel-z194217kdf5mzk2uf0hm]\" ><img loading=\"lazy\" decoding=\"async\" width=\"2481\" height=\"1754\" src=\"https:\/\/imsatextil.com\/wp-content\/uploads\/2022\/08\/MURTRA-FW23-Paneles-7-01.jpg\" class=\"attachment-full\" alt=\"\" srcset=\"https:\/\/imsatextil.com\/wp-content\/uploads\/2022\/08\/MURTRA-FW23-Paneles-7-01.jpg 2481w, https:\/\/imsatextil.com\/wp-content\/uploads\/2022\/08\/MURTRA-FW23-Paneles-7-01-300x212.jpg 300w, https:\/\/imsatextil.com\/wp-content\/uploads\/2022\/08\/MURTRA-FW23-Paneles-7-01-768x543.jpg 768w, https:\/\/imsatextil.com\/wp-content\/uploads\/2022\/08\/MURTRA-FW23-Paneles-7-01-1024x724.jpg 1024w\" sizes=\"auto, (max-width: 2481px) 100vw, 2481px\" \/><\/a><a href=\"https:\/\/imsatextil.com\/wp-content\/uploads\/2022\/08\/MURTRA-FW23-Paneles-8-01-1024x724.jpg\"  rel=\"prettyPhoto[rel-z194217kdf5mzk2uf0hm]\" ><img loading=\"lazy\" decoding=\"async\" width=\"2481\" height=\"1754\" src=\"https:\/\/imsatextil.com\/wp-content\/uploads\/2022\/08\/MURTRA-FW23-Paneles-8-01.jpg\" class=\"attachment-full\" alt=\"\" srcset=\"https:\/\/imsatextil.com\/wp-content\/uploads\/2022\/08\/MURTRA-FW23-Paneles-8-01.jpg 2481w, https:\/\/imsatextil.com\/wp-content\/uploads\/2022\/08\/MURTRA-FW23-Paneles-8-01-300x212.jpg 300w, https:\/\/imsatextil.com\/wp-content\/uploads\/2022\/08\/MURTRA-FW23-Paneles-8-01-768x543.jpg 768w, https:\/\/imsatextil.com\/wp-content\/uploads\/2022\/08\/MURTRA-FW23-Paneles-8-01-1024x724.jpg 1024w\" sizes=\"auto, (max-width: 2481px) 100vw, 2481px\" \/><\/a><a href=\"https:\/\/imsatextil.com\/wp-content\/uploads\/2022\/08\/MURTRA-FW23-Paneles-9-01-01-1024x724.jpg\"  rel=\"prettyPhoto[rel-z194217kdf5mzk2uf0hm]\" ><img loading=\"lazy\" decoding=\"async\" width=\"2481\" height=\"1754\" src=\"https:\/\/imsatextil.com\/wp-content\/uploads\/2022\/08\/MURTRA-FW23-Paneles-9-01-01.jpg\" class=\"attachment-full\" alt=\"\" srcset=\"https:\/\/imsatextil.com\/wp-content\/uploads\/2022\/08\/MURTRA-FW23-Paneles-9-01-01.jpg 2481w, https:\/\/imsatextil.com\/wp-content\/uploads\/2022\/08\/MURTRA-FW23-Paneles-9-01-01-300x212.jpg 300w, https:\/\/imsatextil.com\/wp-content\/uploads\/2022\/08\/MURTRA-FW23-Paneles-9-01-01-768x543.jpg 768w, https:\/\/imsatextil.com\/wp-content\/uploads\/2022\/08\/MURTRA-FW23-Paneles-9-01-01-1024x724.jpg 1024w\" sizes=\"auto, (max-width: 2481px) 100vw, 2481px\" \/><\/a><a href=\"https:\/\/imsatextil.com\/wp-content\/uploads\/2022\/08\/MURTRA-FW23-Paneles-10-01-1024x724.jpg\"  rel=\"prettyPhoto[rel-z194217kdf5mzk2uf0hm]\" ><img loading=\"lazy\" decoding=\"async\" width=\"2481\" height=\"1754\" src=\"https:\/\/imsatextil.com\/wp-content\/uploads\/2022\/08\/MURTRA-FW23-Paneles-10-01.jpg\" class=\"attachment-full\" alt=\"\" srcset=\"https:\/\/imsatextil.com\/wp-content\/uploads\/2022\/08\/MURTRA-FW23-Paneles-10-01.jpg 2481w, https:\/\/imsatextil.com\/wp-content\/uploads\/2022\/08\/MURTRA-FW23-Paneles-10-01-300x212.jpg 300w, https:\/\/imsatextil.com\/wp-content\/uploads\/2022\/08\/MURTRA-FW23-Paneles-10-01-768x543.jpg 768w, https:\/\/imsatextil.com\/wp-content\/uploads\/2022\/08\/MURTRA-FW23-Paneles-10-01-1024x724.jpg 1024w\" sizes=\"auto, (max-width: 2481px) 100vw, 2481px\" \/><\/a><a href=\"https:\/\/imsatextil.com\/wp-content\/uploads\/2022\/08\/MURTRA-FW23-Paneles-11-01-01-1024x724.jpg\"  rel=\"prettyPhoto[rel-z194217kdf5mzk2uf0hm]\" ><img loading=\"lazy\" decoding=\"async\" width=\"2481\" height=\"1754\" src=\"https:\/\/imsatextil.com\/wp-content\/uploads\/2022\/08\/MURTRA-FW23-Paneles-11-01-01.jpg\" class=\"attachment-full\" alt=\"\" srcset=\"https:\/\/imsatextil.com\/wp-content\/uploads\/2022\/08\/MURTRA-FW23-Paneles-11-01-01.jpg 2481w, https:\/\/imsatextil.com\/wp-content\/uploads\/2022\/08\/MURTRA-FW23-Paneles-11-01-01-300x212.jpg 300w, https:\/\/imsatextil.com\/wp-content\/uploads\/2022\/08\/MURTRA-FW23-Paneles-11-01-01-768x543.jpg 768w, https:\/\/imsatextil.com\/wp-content\/uploads\/2022\/08\/MURTRA-FW23-Paneles-11-01-01-1024x724.jpg 1024w\" sizes=\"auto, (max-width: 2481px) 100vw, 2481px\" \/><\/a><\/div>\n\t\t<\/div> <\/div>\n\t<\/div> \n<\/div>\n","protected":false},"excerpt":{"rendered":"<p>COLLECTION AUTOMNE \/ HIVER 2023 En cette nouvelle saison, notre collection c\u00e9l\u00e8bre la libert\u00e9 ! Pour le luxe comme pour les occasions d\u00e9contract\u00e9es, nos tissus sont con\u00e7us pour faire tourner les t\u00eates. Avec nos mod\u00e8les, vous pourrez cr\u00e9er n&rsquo;importe quelle silhouette, que ce soit pour profiter de grandes f\u00eates ou de r\u00e9unions exclusives. Vous brillerez<br \/><a href=\"https:\/\/imsatextil.com\/fr\/colecciones\/coleccion-o-i-23\/\" class=\"more\">Read more<\/a><\/p>\n","protected":false},"author":1,"featured_media":0,"parent":307,"menu_order":0,"comment_status":"closed","ping_status":"closed","template":"","meta":{"footnotes":""},"class_list":["post-8711","page","type-page","status-publish","hentry"],"_links":{"self":[{"href":"https:\/\/imsatextil.com\/fr\/wp-json\/wp\/v2\/pages\/8711","targetHints":{"allow":["GET"]}}],"collection":[{"href":"https:\/\/imsatextil.com\/fr\/wp-json\/wp\/v2\/pages"}],"about":[{"href":"https:\/\/imsatextil.com\/fr\/wp-json\/wp\/v2\/types\/page"}],"author":[{"embeddable":true,"href":"https:\/\/imsatextil.com\/fr\/wp-json\/wp\/v2\/users\/1"}],"replies":[{"embeddable":true,"href":"https:\/\/imsatextil.com\/fr\/wp-json\/wp\/v2\/comments?post=8711"}],"version-history":[{"count":3,"href":"https:\/\/imsatextil.com\/fr\/wp-json\/wp\/v2\/pages\/8711\/revisions"}],"predecessor-version":[{"id":8720,"href":"https:\/\/imsatextil.com\/fr\/wp-json\/wp\/v2\/pages\/8711\/revisions\/8720"}],"up":[{"embeddable":true,"href":"https:\/\/imsatextil.com\/fr\/wp-json\/wp\/v2\/pages\/307"}],"wp:attachment":[{"href":"https:\/\/imsatextil.com\/fr\/wp-json\/wp\/v2\/media?parent=8711"}],"curies":[{"name":"wp","href":"https:\/\/api.w.org\/{rel}","templated":true}]}}