{"id":8810,"date":"2023-02-02T09:54:36","date_gmt":"2023-02-02T09:54:36","guid":{"rendered":"http:\/\/imsatextil.com\/coleccion-p-v-24\/"},"modified":"2023-02-02T10:04:08","modified_gmt":"2023-02-02T10:04:08","slug":"coleccion-p-v-24","status":"publish","type":"page","link":"https:\/\/imsatextil.com\/fr\/colecciones\/coleccion-p-v-24\/","title":{"rendered":"Collection P\/E 24"},"content":{"rendered":"<div  id='first-row'  class=\"vc_row wpb_row vc_row-fluid full-width-content \">\n\t<div class=\"vc_span12 wpb_column vc_column_container \"><div class=\"vc_column-inner \">\n\t\t<div class=\"wpb_wrapper\">\n\t\t\t\r\n\t<div class=\"wpb_single_image wpb_content_element vc_align_center\">\r\n\t\t<div class=\"wpb_wrapper\">\r\n\t\t\t\r\n\t\t\t<div class=\"vc_single_image-wrapper   vc_box_border_grey\"><img loading=\"lazy\" decoding=\"async\" width=\"1920\" height=\"257\" src=\"https:\/\/imsatextil.com\/wp-content\/uploads\/2023\/02\/header_primavera_verano2024.jpg\" class=\"vc_single_image-img attachment-full\" alt=\"\" srcset=\"https:\/\/imsatextil.com\/wp-content\/uploads\/2023\/02\/header_primavera_verano2024.jpg 1920w, https:\/\/imsatextil.com\/wp-content\/uploads\/2023\/02\/header_primavera_verano2024-300x40.jpg 300w, https:\/\/imsatextil.com\/wp-content\/uploads\/2023\/02\/header_primavera_verano2024-768x103.jpg 768w, https:\/\/imsatextil.com\/wp-content\/uploads\/2023\/02\/header_primavera_verano2024-1024x137.jpg 1024w\" sizes=\"auto, (max-width: 1920px) 100vw, 1920px\" \/><\/div>\r\n\t\t<\/div>\r\n\t<\/div>\r\n\n\t\t<\/div> <\/div>\n\t<\/div> \n<\/div><div   class=\"vc_row wpb_row vc_row-fluid  \">\n\t<div class=\"vc_span12 wpb_column vc_column_container \"><div class=\"vc_column-inner \">\n\t\t<div class=\"wpb_wrapper\">\n\t\t\t<h2 style=\"text-align: left\" class=\"vc_custom_heading\" >COLLECTION PRINTEMPS \u00c9T\u00c9 '24<\/h2>\r\n\t<div class=\"wpb_single_image wpb_content_element vc_align_left\">\r\n\t\t<div class=\"wpb_wrapper\">\r\n\t\t\t\r\n\t\t\t<div class=\"vc_single_image-wrapper   vc_box_border_grey\"><img loading=\"lazy\" decoding=\"async\" width=\"181\" height=\"7\" src=\"https:\/\/imsatextil.com\/wp-content\/uploads\/2017\/11\/separator_black.png\" class=\"vc_single_image-img attachment-full\" alt=\"\" \/><\/div>\r\n\t\t<\/div>\r\n\t<\/div>\r\n<div class=\"vc_row wpb_row vc_inner vc_row-fluid\"><div class=\"wpb_column vc_column_container vc_span6\"><div class=\"vc_column-inner  \"><div class=\"wpb_wrapper\">\n\t<div class=\"wpb_text_column wpb_content_element  \" >\n\t\t<div class=\"wpb_wrapper\" id=\"ct_x9c4tdvkbw1ifv3ag4bj\">\n\t\t\t<p>Bonjour \u00e9t\u00e9 2023 !<\/p>\n<p>Nous vous apportons une collection fra\u00eeche, pleine de couleurs et de bonheur ! Des classiques nautiques \u00e0 la f\u00eate des broderies et des tons m\u00e9talliques, Murtra r\u00e9pond \u00e0 tous les besoins de votre collection pour \u00eatre le hit de la saison. Venez vous plonger dans les panneaux d\u2019inspiration !<\/p>\n<p>BRODERIE DOUCE BRODERIE<\/p>\n<p>Retrouvez un \u00e9ventail de motifs g\u00e9om\u00e9triques et floraux brod\u00e9s sur des bases naturelles avec des couleurs qui nous font sentir que cet \u00e9t\u00e9 sera ludique et amusant. Des options douces qui sont parfaites pour les collections femmes et enfants.<\/p>\n<p>IMPRESSIONS FLUIDES<\/p>\n<p>Les imprim\u00e9s, un \u00ab must \u00bb pour les collections d&rsquo;\u00e9t\u00e9, sont le point culminant parfait. Qu&rsquo;ils soient grands ou petits, minimes ou \u00e9labor\u00e9s, floraux, animaux ou g\u00e9om\u00e9triques, les motifs et les combinaisons de couleurs donnent un aspect frais \u00e0 vos collections.<\/p>\n<p>BRODERIE FLORALE<\/p>\n<p>Comme un must have, chaque \u00e9t\u00e9, les tissus de broderie anglaise reviennent en force. Vous pouvez trouver une vaste collection de diff\u00e9rents motifs sur des bases douces et l\u00e9g\u00e8res pour les collections femmes et filles ; du blanc aux couleurs vibrantes pour dynamiser votre collection !<\/p>\n<p>OUTERWEAR<\/p>\n<p>La gamme comprend des options de base l\u00e9g\u00e8re de haute qualit\u00e9, pour r\u00e9pondre aux besoins du printemps. Parfait pour les v\u00eatements d&rsquo;ext\u00e9rieur complets, comme les trenchs et les surchemises. Du tissu m\u00e9moire au faux cuir dans une palette de couleurs terreuses, parfait pour les collections de v\u00eatements pour femmes et enfants.<\/p>\n<p>MARIN<\/p>\n<p>On ne peut imaginer l&rsquo;\u00e9t\u00e9 sans naviguer. Murtra vous propose une collection classique qui, avec un twist, devient unique. Des rayures textur\u00e9es, des pois brod\u00e9s, des tricots et des volumes dans des tons marins sont parfaits pour un look d\u00e9contract\u00e9 mais \u00e9l\u00e9gant.<\/p>\n\n\t\t<\/div> \n\t<\/div> <\/div><\/div><\/div><div class=\"wpb_column vc_column_container vc_span6\"><div class=\"vc_column-inner  \"><div class=\"wpb_wrapper\">\n\t<div class=\"wpb_text_column wpb_content_element  \" >\n\t\t<div class=\"wpb_wrapper\" id=\"ct_8netrd2zsxs3rlnhhyra\">\n\t\t\t<p>MAILLE DOUCE<\/p>\n<p>Amusants mais subtils, douillets mais l\u00e9gers, nos tissus en maille sont parfaits pour se sentir bien au chaud pendant les froides nuits d&rsquo;\u00e9t\u00e9. Les effets chin\u00e9s associ\u00e9s \u00e0 des couleurs pop tr\u00e8s tendance sont parfaits pour les looks d\u00e9contract\u00e9s.<\/p>\n<p>HUMEUR IRIDESCENTE<\/p>\n<p>Qui n&rsquo;a jamais r\u00eav\u00e9 d&rsquo;\u00eatre une sir\u00e8ne ? Notre collection offre le m\u00e9lange id\u00e9al entre paillettes et iridiscent pour vos occasions sp\u00e9ciales afin de para\u00eetre f\u00e9minine et sensuelle. Brillez avec des motifs g\u00e9om\u00e9triques qui imitent des \u00e9cailles aux couleurs iris\u00e9es !<\/p>\n<p>TULLE EMBELLI<\/p>\n<p>Le tulle de base est \u00e9lev\u00e9 au rang de glamour. Les bases translucides et transparentes sont embellies d&rsquo;effets 3D et de broderies pour cr\u00e9er des tissus uniques avec une myriade d&rsquo;applications. Le blanc et les tons doux rendent cette gamme l\u00e9g\u00e8re et r\u00eaveuse.<\/p>\n<p>TRANSLUCID<\/p>\n<p>Nous vous offrons la sensualit\u00e9 de la transparence avec des tissus l\u00e9gers et d\u00e9licats pour des looks \u00e9l\u00e9gants et fluides dont vous n&rsquo;avez jamais r\u00eav\u00e9 auparavant. Soyez la reine des nuits d&rsquo;\u00e9t\u00e9 avec des robes fluides et a\u00e9riennes qui vous invitent \u00e0 faire preuve d&rsquo;imagination.<\/p>\n<p>BAROQUE<\/p>\n<p>Une collection de tissus enti\u00e8rement luxueuse, compos\u00e9e de textures et de volumes dans des gammes m\u00e9talliques qui ajoutent brillance et \u00e9clat \u00e0 vos collections. Cr\u00e9ez l&rsquo;atmosph\u00e8re parfaite pour des nuits baroques o\u00f9 le style s&rsquo;envolera !<\/p>\n<p>NEON<\/p>\n<p>Que serait un \u00e9t\u00e9 sans couleurs pop-up ? Cette collection comprend une gamme de tissus dans des combinaisons de couleurs n\u00e9on appliqu\u00e9es \u00e0 des textiles avec des broderies, des rayures, des imprim\u00e9s et des jacquards, sp\u00e9cialement con\u00e7us pour les collections jeunes adultes et enfants. Amusez-vous bien !<\/p>\n\n\t\t<\/div> \n\t<\/div> <\/div><\/div><\/div><\/div><style type=\"text\/css\" >#ic_zg2bsr9ug6x1j6rhove9 {margin:0px auto 0px; }#ic_zg2bsr9ug6x1j6rhove9 .owl-prev,#ic_zg2bsr9ug6x1j6rhove9 .owl-next{border-color:#ecf0f1; background:#ffffff; color:#4a4f55; }#ic_zg2bsr9ug6x1j6rhove9 .owl-prev:hover,#ic_zg2bsr9ug6x1j6rhove9 .owl-next:hover{background:#f9fafb; color:#000000; }#ic_zg2bsr9ug6x1j6rhove9 .owl-prev:before,#ic_zg2bsr9ug6x1j6rhove9 .owl-next:after{border-color:#4a4f55; }#ic_zg2bsr9ug6x1j6rhove9 .owl-prev:hover::before,#ic_zg2bsr9ug6x1j6rhove9 .owl-next:hover::after{border-color:#000000; }#ic_zg2bsr9ug6x1j6rhove9 .owl-dot{ background:#ffffff; border-color:#ecf0f1; }#ic_zg2bsr9ug6x1j6rhove9 .owl-dot.active{ background:#000000; border-color:#ecf0f1;}<\/style><script type=\"text\/javascript\" charset=\"utf-8\">\r\n\r\n\t\tjQuery.noConflict();\r\n\t\/\/setup up Carousel\r\n\t\tjQuery(document).ready(function($) {\r\n\t\"use strict\";\r\n\t$(window).load(function(){\r\n\t\t$(\"#ic_zg2bsr9ug6x1j6rhove9\").owlCarousel({\r\n\t\t\trtl: $(\"body\").hasClass(\"rtl\") ? true : false,\r\n\t\t\tresponsiveClass:true,\r\n\t\t\tcenter:true,\r\n\t\t\tloop:true,\r\n\t\t\tresponsive:{\r\n\t\t\t\t0:{\r\n\t\t\t\t\titems:1,\r\n\t\t\t    },\r\n\t\t\t    780:{\r\n\t\t\t        items:2,\r\n\t\t\t\t},\r\n\t\t\t\t1000:{\r\n\t\t\t\t    items:2,\r\n\t\t\t\t},\r\n\t\t\t},\r\n            scroll: 1,\r\n\t\t\tautoplay:false,\r\n\t   \t \t dots:false,\r\n\t\t\t nav:true,\r\n\t\r\n\t\t});\r\n\t});\r\n});\r\n\r\n<\/script><div class=\"tt_testimonials_ctn rd_ic_center  hover_nav_style \" id=\"ic_zg2bsr9ug6x1j6rhove9\" style=\"margin-top:0px; margin-bottom:0px;\"><a href=\"https:\/\/imsatextil.com\/wp-content\/uploads\/2023\/02\/Baroque-1024x724.jpg\"  rel=\"prettyPhoto[rel-zg2bsr9ug6x1j6rhove9]\" ><img loading=\"lazy\" decoding=\"async\" width=\"2481\" height=\"1754\" src=\"https:\/\/imsatextil.com\/wp-content\/uploads\/2023\/02\/Baroque.jpg\" class=\"attachment-full\" alt=\"\" srcset=\"https:\/\/imsatextil.com\/wp-content\/uploads\/2023\/02\/Baroque.jpg 2481w, https:\/\/imsatextil.com\/wp-content\/uploads\/2023\/02\/Baroque-300x212.jpg 300w, https:\/\/imsatextil.com\/wp-content\/uploads\/2023\/02\/Baroque-768x543.jpg 768w, https:\/\/imsatextil.com\/wp-content\/uploads\/2023\/02\/Baroque-1024x724.jpg 1024w\" sizes=\"auto, (max-width: 2481px) 100vw, 2481px\" \/><\/a><a href=\"https:\/\/imsatextil.com\/wp-content\/uploads\/2023\/02\/Floral-1024x724.jpg\"  rel=\"prettyPhoto[rel-zg2bsr9ug6x1j6rhove9]\" ><img loading=\"lazy\" decoding=\"async\" width=\"2482\" height=\"1755\" src=\"https:\/\/imsatextil.com\/wp-content\/uploads\/2023\/02\/Floral.jpg\" class=\"attachment-full\" alt=\"\" srcset=\"https:\/\/imsatextil.com\/wp-content\/uploads\/2023\/02\/Floral.jpg 2482w, https:\/\/imsatextil.com\/wp-content\/uploads\/2023\/02\/Floral-300x212.jpg 300w, https:\/\/imsatextil.com\/wp-content\/uploads\/2023\/02\/Floral-768x543.jpg 768w, https:\/\/imsatextil.com\/wp-content\/uploads\/2023\/02\/Floral-1024x724.jpg 1024w\" sizes=\"auto, (max-width: 2482px) 100vw, 2482px\" \/><\/a><a href=\"https:\/\/imsatextil.com\/wp-content\/uploads\/2023\/02\/Fluid-1024x724.jpg\"  rel=\"prettyPhoto[rel-zg2bsr9ug6x1j6rhove9]\" ><img loading=\"lazy\" decoding=\"async\" width=\"2482\" height=\"1755\" src=\"https:\/\/imsatextil.com\/wp-content\/uploads\/2023\/02\/Fluid.jpg\" class=\"attachment-full\" alt=\"\" srcset=\"https:\/\/imsatextil.com\/wp-content\/uploads\/2023\/02\/Fluid.jpg 2482w, https:\/\/imsatextil.com\/wp-content\/uploads\/2023\/02\/Fluid-300x212.jpg 300w, https:\/\/imsatextil.com\/wp-content\/uploads\/2023\/02\/Fluid-768x543.jpg 768w, https:\/\/imsatextil.com\/wp-content\/uploads\/2023\/02\/Fluid-1024x724.jpg 1024w\" sizes=\"auto, (max-width: 2482px) 100vw, 2482px\" \/><\/a><a href=\"https:\/\/imsatextil.com\/wp-content\/uploads\/2023\/02\/Knit-1024x724.jpg\"  rel=\"prettyPhoto[rel-zg2bsr9ug6x1j6rhove9]\" ><img loading=\"lazy\" decoding=\"async\" width=\"2482\" height=\"1755\" src=\"https:\/\/imsatextil.com\/wp-content\/uploads\/2023\/02\/Knit.jpg\" class=\"attachment-full\" alt=\"\" srcset=\"https:\/\/imsatextil.com\/wp-content\/uploads\/2023\/02\/Knit.jpg 2482w, https:\/\/imsatextil.com\/wp-content\/uploads\/2023\/02\/Knit-300x212.jpg 300w, https:\/\/imsatextil.com\/wp-content\/uploads\/2023\/02\/Knit-768x543.jpg 768w, https:\/\/imsatextil.com\/wp-content\/uploads\/2023\/02\/Knit-1024x724.jpg 1024w\" sizes=\"auto, (max-width: 2482px) 100vw, 2482px\" \/><\/a><a href=\"https:\/\/imsatextil.com\/wp-content\/uploads\/2023\/02\/Mood-1024x724.jpg\"  rel=\"prettyPhoto[rel-zg2bsr9ug6x1j6rhove9]\" ><img loading=\"lazy\" decoding=\"async\" width=\"2481\" height=\"1755\" src=\"https:\/\/imsatextil.com\/wp-content\/uploads\/2023\/02\/Mood.jpg\" class=\"attachment-full\" alt=\"\" srcset=\"https:\/\/imsatextil.com\/wp-content\/uploads\/2023\/02\/Mood.jpg 2481w, https:\/\/imsatextil.com\/wp-content\/uploads\/2023\/02\/Mood-300x212.jpg 300w, https:\/\/imsatextil.com\/wp-content\/uploads\/2023\/02\/Mood-768x543.jpg 768w, https:\/\/imsatextil.com\/wp-content\/uploads\/2023\/02\/Mood-1024x724.jpg 1024w\" sizes=\"auto, (max-width: 2481px) 100vw, 2481px\" \/><\/a><a href=\"https:\/\/imsatextil.com\/wp-content\/uploads\/2023\/02\/Neon-1024x724.jpg\"  rel=\"prettyPhoto[rel-zg2bsr9ug6x1j6rhove9]\" ><img loading=\"lazy\" decoding=\"async\" width=\"2481\" height=\"1754\" src=\"https:\/\/imsatextil.com\/wp-content\/uploads\/2023\/02\/Neon.jpg\" class=\"attachment-full\" alt=\"\" srcset=\"https:\/\/imsatextil.com\/wp-content\/uploads\/2023\/02\/Neon.jpg 2481w, https:\/\/imsatextil.com\/wp-content\/uploads\/2023\/02\/Neon-300x212.jpg 300w, https:\/\/imsatextil.com\/wp-content\/uploads\/2023\/02\/Neon-768x543.jpg 768w, https:\/\/imsatextil.com\/wp-content\/uploads\/2023\/02\/Neon-1024x724.jpg 1024w\" sizes=\"auto, (max-width: 2481px) 100vw, 2481px\" \/><\/a><a href=\"https:\/\/imsatextil.com\/wp-content\/uploads\/2023\/02\/Outerwear-1024x724.jpg\"  rel=\"prettyPhoto[rel-zg2bsr9ug6x1j6rhove9]\" ><img loading=\"lazy\" decoding=\"async\" width=\"2482\" height=\"1755\" src=\"https:\/\/imsatextil.com\/wp-content\/uploads\/2023\/02\/Outerwear.jpg\" class=\"attachment-full\" alt=\"\" srcset=\"https:\/\/imsatextil.com\/wp-content\/uploads\/2023\/02\/Outerwear.jpg 2482w, https:\/\/imsatextil.com\/wp-content\/uploads\/2023\/02\/Outerwear-300x212.jpg 300w, https:\/\/imsatextil.com\/wp-content\/uploads\/2023\/02\/Outerwear-768x543.jpg 768w, https:\/\/imsatextil.com\/wp-content\/uploads\/2023\/02\/Outerwear-1024x724.jpg 1024w\" sizes=\"auto, (max-width: 2482px) 100vw, 2482px\" \/><\/a><a href=\"https:\/\/imsatextil.com\/wp-content\/uploads\/2023\/02\/Sailor-1024x724.jpg\"  rel=\"prettyPhoto[rel-zg2bsr9ug6x1j6rhove9]\" ><img loading=\"lazy\" decoding=\"async\" width=\"2482\" height=\"1755\" src=\"https:\/\/imsatextil.com\/wp-content\/uploads\/2023\/02\/Sailor.jpg\" class=\"attachment-full\" alt=\"\" srcset=\"https:\/\/imsatextil.com\/wp-content\/uploads\/2023\/02\/Sailor.jpg 2482w, https:\/\/imsatextil.com\/wp-content\/uploads\/2023\/02\/Sailor-300x212.jpg 300w, https:\/\/imsatextil.com\/wp-content\/uploads\/2023\/02\/Sailor-768x543.jpg 768w, https:\/\/imsatextil.com\/wp-content\/uploads\/2023\/02\/Sailor-1024x724.jpg 1024w\" sizes=\"auto, (max-width: 2482px) 100vw, 2482px\" \/><\/a><a href=\"https:\/\/imsatextil.com\/wp-content\/uploads\/2023\/02\/Sweet-1024x724.jpg\"  rel=\"prettyPhoto[rel-zg2bsr9ug6x1j6rhove9]\" ><img loading=\"lazy\" decoding=\"async\" width=\"2482\" height=\"1755\" src=\"https:\/\/imsatextil.com\/wp-content\/uploads\/2023\/02\/Sweet.jpg\" class=\"attachment-full\" alt=\"\" srcset=\"https:\/\/imsatextil.com\/wp-content\/uploads\/2023\/02\/Sweet.jpg 2482w, https:\/\/imsatextil.com\/wp-content\/uploads\/2023\/02\/Sweet-300x212.jpg 300w, https:\/\/imsatextil.com\/wp-content\/uploads\/2023\/02\/Sweet-768x543.jpg 768w, https:\/\/imsatextil.com\/wp-content\/uploads\/2023\/02\/Sweet-1024x724.jpg 1024w\" sizes=\"auto, (max-width: 2482px) 100vw, 2482px\" \/><\/a><a href=\"https:\/\/imsatextil.com\/wp-content\/uploads\/2023\/02\/Translucid-1024x724.jpg\"  rel=\"prettyPhoto[rel-zg2bsr9ug6x1j6rhove9]\" ><img loading=\"lazy\" decoding=\"async\" width=\"2481\" height=\"1754\" src=\"https:\/\/imsatextil.com\/wp-content\/uploads\/2023\/02\/Translucid.jpg\" class=\"attachment-full\" alt=\"\" srcset=\"https:\/\/imsatextil.com\/wp-content\/uploads\/2023\/02\/Translucid.jpg 2481w, https:\/\/imsatextil.com\/wp-content\/uploads\/2023\/02\/Translucid-300x212.jpg 300w, https:\/\/imsatextil.com\/wp-content\/uploads\/2023\/02\/Translucid-768x543.jpg 768w, https:\/\/imsatextil.com\/wp-content\/uploads\/2023\/02\/Translucid-1024x724.jpg 1024w\" sizes=\"auto, (max-width: 2481px) 100vw, 2481px\" \/><\/a><a href=\"https:\/\/imsatextil.com\/wp-content\/uploads\/2023\/02\/Tulle-1024x724.jpg\"  rel=\"prettyPhoto[rel-zg2bsr9ug6x1j6rhove9]\" ><img loading=\"lazy\" decoding=\"async\" width=\"2481\" height=\"1754\" src=\"https:\/\/imsatextil.com\/wp-content\/uploads\/2023\/02\/Tulle.jpg\" class=\"attachment-full\" alt=\"\" srcset=\"https:\/\/imsatextil.com\/wp-content\/uploads\/2023\/02\/Tulle.jpg 2481w, https:\/\/imsatextil.com\/wp-content\/uploads\/2023\/02\/Tulle-300x212.jpg 300w, https:\/\/imsatextil.com\/wp-content\/uploads\/2023\/02\/Tulle-768x543.jpg 768w, https:\/\/imsatextil.com\/wp-content\/uploads\/2023\/02\/Tulle-1024x724.jpg 1024w\" sizes=\"auto, (max-width: 2481px) 100vw, 2481px\" \/><\/a><\/div>\n\t\t<\/div> <\/div>\n\t<\/div> \n<\/div>\n","protected":false},"excerpt":{"rendered":"<p>COLLECTION PRINTEMPS \u00c9T\u00c9 &rsquo;24 Bonjour \u00e9t\u00e9 2023 ! Nous vous apportons une collection fra\u00eeche, pleine de couleurs et de bonheur ! Des classiques nautiques \u00e0 la f\u00eate des broderies et des tons m\u00e9talliques, Murtra r\u00e9pond \u00e0 tous les besoins de votre collection pour \u00eatre le hit de la saison. Venez vous plonger dans les panneaux<br \/><a href=\"https:\/\/imsatextil.com\/fr\/colecciones\/coleccion-p-v-24\/\" class=\"more\">Read more<\/a><\/p>\n","protected":false},"author":1,"featured_media":0,"parent":307,"menu_order":0,"comment_status":"closed","ping_status":"closed","template":"","meta":{"footnotes":""},"class_list":["post-8810","page","type-page","status-publish","hentry"],"_links":{"self":[{"href":"https:\/\/imsatextil.com\/fr\/wp-json\/wp\/v2\/pages\/8810","targetHints":{"allow":["GET"]}}],"collection":[{"href":"https:\/\/imsatextil.com\/fr\/wp-json\/wp\/v2\/pages"}],"about":[{"href":"https:\/\/imsatextil.com\/fr\/wp-json\/wp\/v2\/types\/page"}],"author":[{"embeddable":true,"href":"https:\/\/imsatextil.com\/fr\/wp-json\/wp\/v2\/users\/1"}],"replies":[{"embeddable":true,"href":"https:\/\/imsatextil.com\/fr\/wp-json\/wp\/v2\/comments?post=8810"}],"version-history":[{"count":3,"href":"https:\/\/imsatextil.com\/fr\/wp-json\/wp\/v2\/pages\/8810\/revisions"}],"predecessor-version":[{"id":8819,"href":"https:\/\/imsatextil.com\/fr\/wp-json\/wp\/v2\/pages\/8810\/revisions\/8819"}],"up":[{"embeddable":true,"href":"https:\/\/imsatextil.com\/fr\/wp-json\/wp\/v2\/pages\/307"}],"wp:attachment":[{"href":"https:\/\/imsatextil.com\/fr\/wp-json\/wp\/v2\/media?parent=8810"}],"curies":[{"name":"wp","href":"https:\/\/api.w.org\/{rel}","templated":true}]}}