{"id":8855,"date":"2023-07-19T13:09:43","date_gmt":"2023-07-19T13:09:43","guid":{"rendered":"http:\/\/imsatextil.com\/coleccion-o-i-24\/"},"modified":"2023-07-19T13:23:08","modified_gmt":"2023-07-19T13:23:08","slug":"coleccion-o-i-24","status":"publish","type":"page","link":"https:\/\/imsatextil.com\/fr\/colecciones\/coleccion-o-i-24\/","title":{"rendered":"Colecci\u00f3n A\/H 24"},"content":{"rendered":"<div  id='first-row'  class=\"vc_row wpb_row vc_row-fluid full-width-content \">\n\t<div class=\"vc_span12 wpb_column vc_column_container \"><div class=\"vc_column-inner \">\n\t\t<div class=\"wpb_wrapper\">\n\t\t\t\r\n\t<div class=\"wpb_single_image wpb_content_element vc_align_center\">\r\n\t\t<div class=\"wpb_wrapper\">\r\n\t\t\t\r\n\t\t\t<div class=\"vc_single_image-wrapper   vc_box_border_grey\"><img loading=\"lazy\" decoding=\"async\" width=\"1920\" height=\"257\" src=\"https:\/\/imsatextil.com\/wp-content\/uploads\/2023\/07\/header.jpg\" class=\"vc_single_image-img attachment-full\" alt=\"\" srcset=\"https:\/\/imsatextil.com\/wp-content\/uploads\/2023\/07\/header.jpg 1920w, https:\/\/imsatextil.com\/wp-content\/uploads\/2023\/07\/header-300x40.jpg 300w, https:\/\/imsatextil.com\/wp-content\/uploads\/2023\/07\/header-768x103.jpg 768w, https:\/\/imsatextil.com\/wp-content\/uploads\/2023\/07\/header-1024x137.jpg 1024w\" sizes=\"auto, (max-width: 1920px) 100vw, 1920px\" \/><\/div>\r\n\t\t<\/div>\r\n\t<\/div>\r\n\n\t\t<\/div> <\/div>\n\t<\/div> \n<\/div><div   class=\"vc_row wpb_row vc_row-fluid  \">\n\t<div class=\"vc_span12 wpb_column vc_column_container \"><div class=\"vc_column-inner \">\n\t\t<div class=\"wpb_wrapper\">\n\t\t\t<h2 style=\"text-align: left\" class=\"vc_custom_heading\" >COLECTION AUTOMNE \/ HIVER 2024<\/h2>\r\n\t<div class=\"wpb_single_image wpb_content_element vc_align_left\">\r\n\t\t<div class=\"wpb_wrapper\">\r\n\t\t\t\r\n\t\t\t<div class=\"vc_single_image-wrapper   vc_box_border_grey\"><img loading=\"lazy\" decoding=\"async\" width=\"181\" height=\"7\" src=\"https:\/\/imsatextil.com\/wp-content\/uploads\/2017\/11\/separator_black.png\" class=\"vc_single_image-img attachment-full\" alt=\"\" \/><\/div>\r\n\t\t<\/div>\r\n\t<\/div>\r\n<div class=\"vc_row wpb_row vc_inner vc_row-fluid\"><div class=\"wpb_column vc_column_container vc_span6\"><div class=\"vc_column-inner  \"><div class=\"wpb_wrapper\">\n\t<div class=\"wpb_text_column wpb_content_element  \" >\n\t\t<div class=\"wpb_wrapper\" id=\"ct_to8em7tshdst8e03u6qp\">\n\t\t\t<p>Entrez dans une saison de lib\u00e9ration avec notre derni\u00e8re collection. Qu&rsquo;ils soient destin\u00e9s \u00e0 des occasions opulentes ou d\u00e9contract\u00e9es, nos tissus sont m\u00e9ticuleusement confectionn\u00e9s pour captiver l&rsquo;attention. D\u00e9couvrez le pouvoir de cr\u00e9er des silhouettes saisissantes, que ce soit pour des soir\u00e9es extravagantes, des tenues de bureau \u00e9l\u00e9gantes ou des rassemblements d\u00e9contract\u00e9s. Brillez de mille feux lorsque nos cr\u00e9ations illuminent votre chemin. Engag\u00e9e dans le d\u00e9veloppement durable, notre collection comprend des textiles fabriqu\u00e9s localement et des mat\u00e9riaux naturels, qui inspirent des choix conscients. Explorez nos offres et laissez votre imagination s&rsquo;envoler, en imaginant vos propres collections de v\u00eatements extraordinaires. Osez r\u00eaver et embrassez la libert\u00e9 de la mode.<\/p>\n<p><strong>Tricot<\/strong><\/p>\n<p>Plongez dans l&rsquo;\u00e9treinte de nos tissus tricot\u00e9s, o\u00f9 confort et style s&rsquo;entrem\u00ealent. MURTRA d\u00e9voile une collection de textures douces, de teintes subtiles et de touches m\u00e9talliques d\u00e9licates, cr\u00e9ant une ambiance d&rsquo;\u00e9l\u00e9gance discr\u00e8te. Des pulls douillets aux robes de soir\u00e9e exquises, ces tissus offrent un m\u00e9lange parfait de confort et de mode. Laissez-vous s\u00e9duire par la chaleur apaisante et le toucher luxueux de ces tissus, con\u00e7us pour vous apporter tranquillit\u00e9 et confort sans effort, m\u00eame dans les occasions les plus glamour.<\/p>\n<p><strong>Brillance transparente<\/strong><\/p>\n<p>La transparence rencontre la brillance dans notre collection de tissus chatoyants et transparents qui incarnent l&rsquo;\u00e9l\u00e9gance et l&rsquo;allure. Avec une touche de mysticisme et un \u00e9clat radieux, cette collection met en valeur juste ce qu&rsquo;il faut de peau, captivant les c\u0153urs et faisant tourner les t\u00eates.<\/p>\n<p><strong>Opulence<\/strong><\/p>\n<p>Plongez dans l&rsquo;allure luxueuse de nos tissus riches et opulents, orn\u00e9s de fils m\u00e9talliques chatoyants. Avec des tissages complexes qui refl\u00e8tent la lumi\u00e8re et exsudent la grandeur, ces tissus cr\u00e9ent une ambiance de glamour raffin\u00e9. Des jacquards \u00e9labor\u00e9s aux d\u00e9vor\u00e9s, ces tissus offrent des possibilit\u00e9s illimit\u00e9es \u00e0 ceux qui cherchent \u00e0 se faire remarquer. Laissez le jeu de l&rsquo;opulence et de la brillance complexe rehausser votre style et votre environnement.<\/p>\n<p><strong>Paillettes<\/strong><\/p>\n<p>Un v\u00e9ritable kal\u00e9idoscope de paillettes et de perles ! Plongez dans un royaume de beaut\u00e9 hypnotique avec notre collection de tissus orn\u00e9s de paillettes \u00e9blouissantes sur du velours somptueux et du tulle perl\u00e9 complexe. Cette collection tisse une tapisserie de fantaisie et de couleurs vibrantes, offrant un voyage captivant \u00e0 travers des designs fantaisistes. Des robes \u00e9th\u00e9r\u00e9es aux costumes luxueux, ces tissus incarnent l&rsquo;essence de la magie et apportent une touche de glamour \u00e0 chaque cr\u00e9ation. Laissez votre imagination s&rsquo;envoler !<\/p>\n\n\t\t<\/div> \n\t<\/div> <\/div><\/div><\/div><div class=\"wpb_column vc_column_container vc_span6\"><div class=\"vc_column-inner  \"><div class=\"wpb_wrapper\">\n\t<div class=\"wpb_text_column wpb_content_element  \" >\n\t\t<div class=\"wpb_wrapper\" id=\"ct_rvdpi8l2kvfbk2b58gwk\">\n\t\t\t<p><strong>Rembourr\u00e9<\/strong><\/p>\n<p>Ne sacrifiez pas le style \u00e0 la chaleur ! Am\u00e9liorez votre confort et votre style gr\u00e2ce \u00e0 notre collection de tissus matelass\u00e9s, o\u00f9 la chaleur devient un \u00e9l\u00e9ment de style. Cette collection va du cuir PU aux tons m\u00e9talliques, en passant par les nylons satin\u00e9s et les textures chouchout\u00e9es, o\u00f9 la fonctionnalit\u00e9 rencontre l&rsquo;\u00e9l\u00e9gance. Des v\u00eatements d&rsquo;ext\u00e9rieur \u00e0 la mode aux accessoires chics, ces tissus offrent une \u00e9treinte luxueuse, vous gardant bien au chaud sans compromettre votre style.<\/p>\n<p><strong>Peau d&rsquo;animal<\/strong><\/p>\n<p>D\u00e9couvrez nos tissus exquis inspir\u00e9s par les animaux pour lib\u00e9rer la beaut\u00e9 de la nature dans vos cr\u00e9ations. Des tissus qui enflamment vos sens et apportent la beaut\u00e9 sauvage du monde naturel dans vos v\u00eatements, et qui vous emm\u00e8neront dans une aventure sauvage sans jamais quitter votre sanctuaire douillet. Qu&rsquo;il s&rsquo;agisse de motifs complexes, d&rsquo;un serpent ou d&rsquo;un alligator hypnotisant ou de l&rsquo;audace et de la gr\u00e2ce des taches du l\u00e9opard, pr\u00e9parez-vous \u00e0 cr\u00e9er une collection \u00e9tonnante et sauvage.<\/p>\n<p><strong>Teintes magenta<\/strong><\/p>\n<p>Cette saison, il s&rsquo;agit d&rsquo;\u00eatre douillet et chaleureux, mais aussi de se d\u00e9marquer ! Avec nos couleurs vives, bas\u00e9es sur les tons magenta, nos tissus sont parfaits pour ceux qui veulent exprimer leur style unique, rayonnant de confiance et de passion. Ces teintes vous donneront un sentiment de puissance et laisseront une impression durable partout o\u00f9 vous irez. Faites de vos cr\u00e9ations un m\u00e9lange de dynamisme et de sophistication !<\/p>\n<p><strong>Sensation de fourrure<\/strong><\/p>\n<p>Faites l&rsquo;exp\u00e9rience de l&rsquo;indulgence ultime avec notre collection de tissus sp\u00e9cialement con\u00e7us pour ajouter une touche de luxe et de confort \u00e0 votre garde-robe. Fabriqu\u00e9s avec une attention m\u00e9ticuleuse aux d\u00e9tails, ces textiles irr\u00e9sistiblement doux et poilus vous envelopperont d&rsquo;une \u00e9treinte chaleureuse, faisant de chaque jour une retraite douillette. Avec nos tissus en fourrure, vous pourrez offrir l&rsquo;\u00e9quilibre parfait entre l&rsquo;\u00e9l\u00e9gance et le confort.<\/p>\n<p><strong>Tout le tweed<\/strong><\/p>\n<p>Adoptez l&rsquo;h\u00e9ritage classique : Le tweed est un tissu impr\u00e9gn\u00e9 de tradition, qui rappelle les ic\u00f4nes de style intemporelles du pass\u00e9. Sa riche histoire et sa popularit\u00e9 durable en font un \u00e9l\u00e9ment essentiel de la garde-robe de ceux qui appr\u00e9cient la mode raffin\u00e9e et l&rsquo;artisanat exquis. Avec nos tissus en tweed, vous pouvez vous rapprocher de l&rsquo;h\u00e9ritage de l&rsquo;\u00e9l\u00e9gance intemporelle et vous l&rsquo;approprier. Soyez pr\u00eat \u00e0 ajouter \u00e0 vos collections une touche d&rsquo;\u00e9l\u00e9gance classique qui rehausse sans effort n&rsquo;importe quelle garde-robe.<\/p>\n<p><strong>Tons de feu<\/strong><\/p>\n<p>Cr\u00e9ez des tendances avec de la chaleur et de l&rsquo;\u00e9nergie : L&rsquo;orange est une couleur polyvalente qui s&rsquo;accorde avec diff\u00e9rents styles de mode. Que vous optiez pour un look boh\u00e8me, \u00e9clectique ou moderne, nos tissus vont de la mandarine ardente \u00e0 la p\u00eache douce et \u00e0 la terre de sienne br\u00fbl\u00e9e, et ajouteront un \u00e9l\u00e9ment dynamique et fougueux \u00e0 vos tenues. D\u00e9couvrez le pouvoir de transformation de la couleur et laissez le feu s&#8217;emparer de vous.<\/p>\n\n\t\t<\/div> \n\t<\/div> <\/div><\/div><\/div><\/div><style type=\"text\/css\" >#ic_ng7ktcyu170luffu3hz6 {margin:0px auto 0px; }#ic_ng7ktcyu170luffu3hz6 .owl-prev,#ic_ng7ktcyu170luffu3hz6 .owl-next{border-color:#ecf0f1; background:#ffffff; color:#4a4f55; }#ic_ng7ktcyu170luffu3hz6 .owl-prev:hover,#ic_ng7ktcyu170luffu3hz6 .owl-next:hover{background:#f9fafb; color:#000000; }#ic_ng7ktcyu170luffu3hz6 .owl-prev:before,#ic_ng7ktcyu170luffu3hz6 .owl-next:after{border-color:#4a4f55; }#ic_ng7ktcyu170luffu3hz6 .owl-prev:hover::before,#ic_ng7ktcyu170luffu3hz6 .owl-next:hover::after{border-color:#000000; }#ic_ng7ktcyu170luffu3hz6 .owl-dot{ background:#ffffff; border-color:#ecf0f1; }#ic_ng7ktcyu170luffu3hz6 .owl-dot.active{ background:#000000; border-color:#ecf0f1;}<\/style><script type=\"text\/javascript\" charset=\"utf-8\">\r\n\r\n\t\tjQuery.noConflict();\r\n\t\/\/setup up Carousel\r\n\t\tjQuery(document).ready(function($) {\r\n\t\"use strict\";\r\n\t$(window).load(function(){\r\n\t\t$(\"#ic_ng7ktcyu170luffu3hz6\").owlCarousel({\r\n\t\t\trtl: $(\"body\").hasClass(\"rtl\") ? true : false,\r\n\t\t\tresponsiveClass:true,\r\n\t\t\tcenter:true,\r\n\t\t\tloop:true,\r\n\t\t\tresponsive:{\r\n\t\t\t\t0:{\r\n\t\t\t\t\titems:1,\r\n\t\t\t    },\r\n\t\t\t    780:{\r\n\t\t\t        items:2,\r\n\t\t\t\t},\r\n\t\t\t\t1000:{\r\n\t\t\t\t    items:2,\r\n\t\t\t\t},\r\n\t\t\t},\r\n            scroll: 1,\r\n\t\t\tautoplay:false,\r\n\t   \t \t dots:false,\r\n\t\t\t nav:true,\r\n\t\r\n\t\t});\r\n\t});\r\n});\r\n\r\n<\/script><div class=\"tt_testimonials_ctn rd_ic_center  hover_nav_style \" id=\"ic_ng7ktcyu170luffu3hz6\" style=\"margin-top:0px; margin-bottom:0px;\"><a href=\"https:\/\/imsatextil.com\/wp-content\/uploads\/2023\/07\/oton\u0303o_invierno_24-10-1024x724.jpg\"  rel=\"prettyPhoto[rel-ng7ktcyu170luffu3hz6]\" ><img loading=\"lazy\" decoding=\"async\" width=\"2481\" height=\"1754\" src=\"https:\/\/imsatextil.com\/wp-content\/uploads\/2023\/07\/oton\u0303o_invierno_24-10.jpg\" class=\"attachment-full\" alt=\"\" srcset=\"https:\/\/imsatextil.com\/wp-content\/uploads\/2023\/07\/oton\u0303o_invierno_24-10.jpg 2481w, https:\/\/imsatextil.com\/wp-content\/uploads\/2023\/07\/oton\u0303o_invierno_24-10-300x212.jpg 300w, https:\/\/imsatextil.com\/wp-content\/uploads\/2023\/07\/oton\u0303o_invierno_24-10-768x543.jpg 768w, https:\/\/imsatextil.com\/wp-content\/uploads\/2023\/07\/oton\u0303o_invierno_24-10-1024x724.jpg 1024w\" sizes=\"auto, (max-width: 2481px) 100vw, 2481px\" \/><\/a><a href=\"https:\/\/imsatextil.com\/wp-content\/uploads\/2023\/07\/oton\u0303o_invierno_24-09-1024x724.jpg\"  rel=\"prettyPhoto[rel-ng7ktcyu170luffu3hz6]\" ><img loading=\"lazy\" decoding=\"async\" width=\"2481\" height=\"1754\" src=\"https:\/\/imsatextil.com\/wp-content\/uploads\/2023\/07\/oton\u0303o_invierno_24-09.jpg\" class=\"attachment-full\" alt=\"\" srcset=\"https:\/\/imsatextil.com\/wp-content\/uploads\/2023\/07\/oton\u0303o_invierno_24-09.jpg 2481w, https:\/\/imsatextil.com\/wp-content\/uploads\/2023\/07\/oton\u0303o_invierno_24-09-300x212.jpg 300w, https:\/\/imsatextil.com\/wp-content\/uploads\/2023\/07\/oton\u0303o_invierno_24-09-768x543.jpg 768w, https:\/\/imsatextil.com\/wp-content\/uploads\/2023\/07\/oton\u0303o_invierno_24-09-1024x724.jpg 1024w\" sizes=\"auto, (max-width: 2481px) 100vw, 2481px\" \/><\/a><a href=\"https:\/\/imsatextil.com\/wp-content\/uploads\/2023\/07\/oton\u0303o_invierno_24-08-1024x724.jpg\"  rel=\"prettyPhoto[rel-ng7ktcyu170luffu3hz6]\" ><img loading=\"lazy\" decoding=\"async\" width=\"2481\" height=\"1754\" src=\"https:\/\/imsatextil.com\/wp-content\/uploads\/2023\/07\/oton\u0303o_invierno_24-08.jpg\" class=\"attachment-full\" alt=\"\" srcset=\"https:\/\/imsatextil.com\/wp-content\/uploads\/2023\/07\/oton\u0303o_invierno_24-08.jpg 2481w, https:\/\/imsatextil.com\/wp-content\/uploads\/2023\/07\/oton\u0303o_invierno_24-08-300x212.jpg 300w, https:\/\/imsatextil.com\/wp-content\/uploads\/2023\/07\/oton\u0303o_invierno_24-08-768x543.jpg 768w, https:\/\/imsatextil.com\/wp-content\/uploads\/2023\/07\/oton\u0303o_invierno_24-08-1024x724.jpg 1024w\" sizes=\"auto, (max-width: 2481px) 100vw, 2481px\" \/><\/a><a href=\"https:\/\/imsatextil.com\/wp-content\/uploads\/2023\/07\/oton\u0303o_invierno_24-07-1024x724.jpg\"  rel=\"prettyPhoto[rel-ng7ktcyu170luffu3hz6]\" ><img loading=\"lazy\" decoding=\"async\" width=\"2482\" height=\"1755\" src=\"https:\/\/imsatextil.com\/wp-content\/uploads\/2023\/07\/oton\u0303o_invierno_24-07.jpg\" class=\"attachment-full\" alt=\"\" srcset=\"https:\/\/imsatextil.com\/wp-content\/uploads\/2023\/07\/oton\u0303o_invierno_24-07.jpg 2482w, https:\/\/imsatextil.com\/wp-content\/uploads\/2023\/07\/oton\u0303o_invierno_24-07-300x212.jpg 300w, https:\/\/imsatextil.com\/wp-content\/uploads\/2023\/07\/oton\u0303o_invierno_24-07-768x543.jpg 768w, https:\/\/imsatextil.com\/wp-content\/uploads\/2023\/07\/oton\u0303o_invierno_24-07-1024x724.jpg 1024w\" sizes=\"auto, (max-width: 2482px) 100vw, 2482px\" \/><\/a><a href=\"https:\/\/imsatextil.com\/wp-content\/uploads\/2023\/07\/oton\u0303o_invierno_24-05-1024x724.jpg\"  rel=\"prettyPhoto[rel-ng7ktcyu170luffu3hz6]\" ><img loading=\"lazy\" decoding=\"async\" width=\"2482\" height=\"1755\" src=\"https:\/\/imsatextil.com\/wp-content\/uploads\/2023\/07\/oton\u0303o_invierno_24-05.jpg\" class=\"attachment-full\" alt=\"\" srcset=\"https:\/\/imsatextil.com\/wp-content\/uploads\/2023\/07\/oton\u0303o_invierno_24-05.jpg 2482w, https:\/\/imsatextil.com\/wp-content\/uploads\/2023\/07\/oton\u0303o_invierno_24-05-300x212.jpg 300w, https:\/\/imsatextil.com\/wp-content\/uploads\/2023\/07\/oton\u0303o_invierno_24-05-768x543.jpg 768w, https:\/\/imsatextil.com\/wp-content\/uploads\/2023\/07\/oton\u0303o_invierno_24-05-1024x724.jpg 1024w\" sizes=\"auto, (max-width: 2482px) 100vw, 2482px\" \/><\/a><a href=\"https:\/\/imsatextil.com\/wp-content\/uploads\/2023\/07\/oton\u0303o_invierno_24-06-1024x724.jpg\"  rel=\"prettyPhoto[rel-ng7ktcyu170luffu3hz6]\" ><img loading=\"lazy\" decoding=\"async\" width=\"2482\" height=\"1755\" src=\"https:\/\/imsatextil.com\/wp-content\/uploads\/2023\/07\/oton\u0303o_invierno_24-06.jpg\" class=\"attachment-full\" alt=\"\" srcset=\"https:\/\/imsatextil.com\/wp-content\/uploads\/2023\/07\/oton\u0303o_invierno_24-06.jpg 2482w, https:\/\/imsatextil.com\/wp-content\/uploads\/2023\/07\/oton\u0303o_invierno_24-06-300x212.jpg 300w, https:\/\/imsatextil.com\/wp-content\/uploads\/2023\/07\/oton\u0303o_invierno_24-06-768x543.jpg 768w, https:\/\/imsatextil.com\/wp-content\/uploads\/2023\/07\/oton\u0303o_invierno_24-06-1024x724.jpg 1024w\" sizes=\"auto, (max-width: 2482px) 100vw, 2482px\" \/><\/a><a href=\"https:\/\/imsatextil.com\/wp-content\/uploads\/2023\/07\/oton\u0303o_invierno_24-04-1024x724.jpg\"  rel=\"prettyPhoto[rel-ng7ktcyu170luffu3hz6]\" ><img loading=\"lazy\" decoding=\"async\" width=\"2482\" height=\"1755\" src=\"https:\/\/imsatextil.com\/wp-content\/uploads\/2023\/07\/oton\u0303o_invierno_24-04.jpg\" class=\"attachment-full\" alt=\"\" srcset=\"https:\/\/imsatextil.com\/wp-content\/uploads\/2023\/07\/oton\u0303o_invierno_24-04.jpg 2482w, https:\/\/imsatextil.com\/wp-content\/uploads\/2023\/07\/oton\u0303o_invierno_24-04-300x212.jpg 300w, https:\/\/imsatextil.com\/wp-content\/uploads\/2023\/07\/oton\u0303o_invierno_24-04-768x543.jpg 768w, https:\/\/imsatextil.com\/wp-content\/uploads\/2023\/07\/oton\u0303o_invierno_24-04-1024x724.jpg 1024w\" sizes=\"auto, (max-width: 2482px) 100vw, 2482px\" \/><\/a><a href=\"https:\/\/imsatextil.com\/wp-content\/uploads\/2023\/07\/oton\u0303o_invierno_24-03-1024x724.jpg\"  rel=\"prettyPhoto[rel-ng7ktcyu170luffu3hz6]\" ><img loading=\"lazy\" decoding=\"async\" width=\"2482\" height=\"1755\" src=\"https:\/\/imsatextil.com\/wp-content\/uploads\/2023\/07\/oton\u0303o_invierno_24-03.jpg\" class=\"attachment-full\" alt=\"\" srcset=\"https:\/\/imsatextil.com\/wp-content\/uploads\/2023\/07\/oton\u0303o_invierno_24-03.jpg 2482w, https:\/\/imsatextil.com\/wp-content\/uploads\/2023\/07\/oton\u0303o_invierno_24-03-300x212.jpg 300w, https:\/\/imsatextil.com\/wp-content\/uploads\/2023\/07\/oton\u0303o_invierno_24-03-768x543.jpg 768w, https:\/\/imsatextil.com\/wp-content\/uploads\/2023\/07\/oton\u0303o_invierno_24-03-1024x724.jpg 1024w\" sizes=\"auto, (max-width: 2482px) 100vw, 2482px\" \/><\/a><a href=\"https:\/\/imsatextil.com\/wp-content\/uploads\/2023\/07\/oton\u0303o_invierno_24-02-1024x724.jpg\"  rel=\"prettyPhoto[rel-ng7ktcyu170luffu3hz6]\" ><img loading=\"lazy\" decoding=\"async\" width=\"2482\" height=\"1755\" src=\"https:\/\/imsatextil.com\/wp-content\/uploads\/2023\/07\/oton\u0303o_invierno_24-02.jpg\" class=\"attachment-full\" alt=\"\" srcset=\"https:\/\/imsatextil.com\/wp-content\/uploads\/2023\/07\/oton\u0303o_invierno_24-02.jpg 2482w, https:\/\/imsatextil.com\/wp-content\/uploads\/2023\/07\/oton\u0303o_invierno_24-02-300x212.jpg 300w, https:\/\/imsatextil.com\/wp-content\/uploads\/2023\/07\/oton\u0303o_invierno_24-02-768x543.jpg 768w, https:\/\/imsatextil.com\/wp-content\/uploads\/2023\/07\/oton\u0303o_invierno_24-02-1024x724.jpg 1024w\" sizes=\"auto, (max-width: 2482px) 100vw, 2482px\" \/><\/a><a href=\"https:\/\/imsatextil.com\/wp-content\/uploads\/2023\/07\/oton\u0303o_invierno_24-01-1024x724.jpg\"  rel=\"prettyPhoto[rel-ng7ktcyu170luffu3hz6]\" ><img loading=\"lazy\" decoding=\"async\" width=\"2482\" height=\"1755\" src=\"https:\/\/imsatextil.com\/wp-content\/uploads\/2023\/07\/oton\u0303o_invierno_24-01.jpg\" class=\"attachment-full\" alt=\"\" srcset=\"https:\/\/imsatextil.com\/wp-content\/uploads\/2023\/07\/oton\u0303o_invierno_24-01.jpg 2482w, https:\/\/imsatextil.com\/wp-content\/uploads\/2023\/07\/oton\u0303o_invierno_24-01-300x212.jpg 300w, https:\/\/imsatextil.com\/wp-content\/uploads\/2023\/07\/oton\u0303o_invierno_24-01-768x543.jpg 768w, https:\/\/imsatextil.com\/wp-content\/uploads\/2023\/07\/oton\u0303o_invierno_24-01-1024x724.jpg 1024w\" sizes=\"auto, (max-width: 2482px) 100vw, 2482px\" \/><\/a><\/div>\n\t\t<\/div> <\/div>\n\t<\/div> \n<\/div>\n","protected":false},"excerpt":{"rendered":"<p>COLECTION AUTOMNE \/ HIVER 2024 Entrez dans une saison de lib\u00e9ration avec notre derni\u00e8re collection. Qu&rsquo;ils soient destin\u00e9s \u00e0 des occasions opulentes ou d\u00e9contract\u00e9es, nos tissus sont m\u00e9ticuleusement confectionn\u00e9s pour captiver l&rsquo;attention. D\u00e9couvrez le pouvoir de cr\u00e9er des silhouettes saisissantes, que ce soit pour des soir\u00e9es extravagantes, des tenues de bureau \u00e9l\u00e9gantes ou des rassemblements<br \/><a href=\"https:\/\/imsatextil.com\/fr\/colecciones\/coleccion-o-i-24\/\" class=\"more\">Read more<\/a><\/p>\n","protected":false},"author":1,"featured_media":0,"parent":307,"menu_order":0,"comment_status":"closed","ping_status":"closed","template":"","meta":{"footnotes":""},"class_list":["post-8855","page","type-page","status-publish","hentry"],"_links":{"self":[{"href":"https:\/\/imsatextil.com\/fr\/wp-json\/wp\/v2\/pages\/8855","targetHints":{"allow":["GET"]}}],"collection":[{"href":"https:\/\/imsatextil.com\/fr\/wp-json\/wp\/v2\/pages"}],"about":[{"href":"https:\/\/imsatextil.com\/fr\/wp-json\/wp\/v2\/types\/page"}],"author":[{"embeddable":true,"href":"https:\/\/imsatextil.com\/fr\/wp-json\/wp\/v2\/users\/1"}],"replies":[{"embeddable":true,"href":"https:\/\/imsatextil.com\/fr\/wp-json\/wp\/v2\/comments?post=8855"}],"version-history":[{"count":4,"href":"https:\/\/imsatextil.com\/fr\/wp-json\/wp\/v2\/pages\/8855\/revisions"}],"predecessor-version":[{"id":8908,"href":"https:\/\/imsatextil.com\/fr\/wp-json\/wp\/v2\/pages\/8855\/revisions\/8908"}],"up":[{"embeddable":true,"href":"https:\/\/imsatextil.com\/fr\/wp-json\/wp\/v2\/pages\/307"}],"wp:attachment":[{"href":"https:\/\/imsatextil.com\/fr\/wp-json\/wp\/v2\/media?parent=8855"}],"curies":[{"name":"wp","href":"https:\/\/api.w.org\/{rel}","templated":true}]}}